{"id":16475,"date":"2025-01-23T13:59:52","date_gmt":"2025-01-23T13:59:52","guid":{"rendered":"https:\/\/ayaneo.co\/product\/ayaneo-protetor-de-ecra-pocket-evo\/"},"modified":"2025-12-09T00:38:50","modified_gmt":"2025-12-09T00:38:50","slug":"ayaneo-protetor-de-ecra-pocket-evo","status":"publish","type":"product","link":"https:\/\/ayaneo.co\/pt-pt\/product\/ayaneo-protetor-de-ecra-pocket-evo\/","title":{"rendered":"Protetor de ecr\u00e3 AYANEO Pocket EVO"},"content":{"rendered":"\n<h2 class=\"wp-block-heading\">Vis\u00e3o geral do produto:<\/h2>\n\n<p>O <strong>protetor de ecr\u00e3AYANEO Pocket EVO<\/strong> foi concebido para proteger o ecr\u00e3 da tua consola, garantindo uma nitidez superior. Fabricado em vidro temperado de alta qualidade, este protetor de ecr\u00e3 oferece uma excelente resist\u00eancia a riscos e manchas, mantendo o ecr\u00e3 do teu dispositivo imaculado e as tuas imagens impec\u00e1veis. <\/p>\n\n<ol class=\"wp-block-list\">\n<li><strong>Adapta-te ao<\/strong> AYANEO Pocket EVO.<\/li>\n\n\n\n<li><strong>Superf\u00edcie<\/strong> dur\u00e1vel e <strong>resistente a riscos<\/strong>.<\/li>\n\n\n\n<li>Material ultra-claro para <strong>imagens de jogo vivas<\/strong>.<\/li>\n\n\n\n<li>Revestimento \u00e0 prova de manchas para um <strong>ecr\u00e3 limpo e n\u00edtido<\/strong>.<\/li>\n\n\n\n<li>Instala\u00e7\u00e3o f\u00e1cil e sem bolhas para uma <strong>aplica\u00e7\u00e3o sem problemas<\/strong>.<\/li>\n<\/ol>\n\n<h2 class=\"wp-block-heading\">Porqu\u00ea escolher o protetor de ecr\u00e3 AYANEO Pocket EVO?<\/h2>\n\n<p>O protetor de ecr\u00e3 AYANEO Pocket EVO combina materiais de primeira qualidade e um design preciso para proporcionar uma prote\u00e7\u00e3o e uma nitidez visual excepcionais. Quer estejas a jogar em casa ou em viagem, este protetor de ecr\u00e3 garante que o teu dispositivo se mant\u00e9m livre de riscos, ao mesmo tempo que mant\u00e9m imagens vivas e cristalinas. <\/p>\n\n<hr class=\"wp-block-separator has-alpha-channel-opacity\"\/>\n\n<h4 class=\"wp-block-heading\">Especifica\u00e7\u00f5es:<\/h4>\n\n<ul class=\"wp-block-list\">\n<li><strong>Material:<\/strong> Vidro temperado<\/li>\n\n\n\n<li><strong>Compatibilidade:<\/strong> Consola AYANEO Pocket EVO<\/li>\n\n\n\n<li><strong>Carater\u00edsticas:<\/strong> Aplica\u00e7\u00e3o resistente a riscos, \u00e0 prova de manchas, ultra-clara e sem bolhas<\/li>\n<\/ul>\n\n<p>Melhora a tua experi\u00eancia de jogo com o protetor de ecr\u00e3 AYANEO Pocket EVO - o melhor escudo para o ecr\u00e3 da tua consola!  <\/p>\n","protected":false},"excerpt":{"rendered":"<ul>\n<li><strong>Adapta-te ao<\/strong> AYANEO Pocket EVO.<\/li>\n<li><strong>Superf\u00edcie<\/strong> dur\u00e1vel e <strong>resistente a riscos<\/strong>.<\/li>\n<li>Material ultra-claro para <strong>imagens de jogo vivas<\/strong>.<\/li>\n<li>Revestimento \u00e0 prova de manchas para um <strong>ecr\u00e3 limpo e n\u00edtido<\/strong>.<\/li>\n<li>Instala\u00e7\u00e3o f\u00e1cil e sem bolhas para uma <strong>aplica\u00e7\u00e3o sem problemas<\/strong>.<\/li>\n<\/ul>\n[cg_accordion title=\"INFORMA\u00c7\u00d5ES DE PAGAMENTO\"]<\/p>\n<p>Utilizamos a tecnologia mais recente no processamento de pagamentos, o que te permite fazer o checkout atrav\u00e9s do Apple Pay, Google Pay, o teu cart\u00e3o de d\u00e9bito\/cr\u00e9dito, PayPal ou m\u00e9todos BNPL, como Klarna, Affirm ou AfterPay, para uma experi\u00eancia r\u00e1pida e segura.[\/cg_accordion]\n[cg_accordion title=\"GARANTIA\"]<\/p>\n<p>1 ano de garantia da <a href=\"https:\/\/droix.net\/\" target=\"_blank\" rel=\"nofollow noopener\">DROIX Global<\/a> para a tua paz de esp\u00edrito[\/cg_accordion]\n[cg_accordion title=\"GARANTIA DE QUALIDADE E ENSAIOS PR\u00c9-EXPEDI\u00c7\u00c3O\"]<\/p>\n<p>Garante a satisfa\u00e7\u00e3o do cliente ao mais alto n\u00edvel: Todos os aparelhos s\u00e3o submetidos a testes rigorosos e a uma verifica\u00e7\u00e3o de garantia de qualidade em v\u00e1rios pontos antes de serem enviados. A nossa equipa dedicada verifica o desempenho, a funcionalidade e a integridade dos componentes para garantir que o teu dispositivo AYANEO est\u00e1 em perfeitas condi\u00e7\u00f5es de funcionamento \u00e0 chegada, proporcionando-te confian\u00e7a e paz de esp\u00edrito. [\/cg_accordion]\n[cg_accordion title=\"PRE\u00c7OS, IMPOSTOS E ENVIO\"]<\/p>\n<p><strong><u>Nota:<\/u><\/strong><\/p>\n<ul>\n<li>Clientes dos Estados Unidos: O pre\u00e7o apresentado N\u00c3O inclui TAXAS nem impostos. O cliente \u00e9 respons\u00e1vel pelo desalfandegamento e pelo pagamento de quaisquer impostos ou taxas associadas. <\/li>\n<li>Clientes da UE: O pre\u00e7o apresentado inclui o IMPOSTO aplic\u00e1vel, que pode ir at\u00e9 25%, dependendo do teu pa\u00eds.<\/li>\n<li>Clientes do Canad\u00e1: O pre\u00e7o apresentado inclui os impostos aplic\u00e1veis, que podem incluir 5% de GST e impostos adicionais sobre vendas provinciais (PST), imposto sobre vendas harmonizado (HST) ou imposto sobre vendas do Quebeque (QST), dependendo da tua prov\u00edncia.<\/li>\n<\/ul>\n<p><strong>APENAS para clientes da UE:<\/strong> Entrega expressa DDP (Delivered Duty Paid). Isto significa que: <\/p>\n<ul>\n<li>Todos os direitos aduaneiros e impostos est\u00e3o inclu\u00eddos no pre\u00e7o apresentado na p\u00e1gina do produto.<\/li>\n<li>N\u00e3o ter\u00e1s de pagar quaisquer encargos adicionais aquando da entrega.<\/li>\n<li>Na rara eventualidade de problemas relacionados com a alf\u00e2ndega, a nossa equipa tratar\u00e1 do processo de desalfandegamento em teu nome para garantir uma experi\u00eancia de entrega sem problemas.<\/li>\n<p>Informa\u00e7\u00f5es importantes sobre devolu\u00e7\u00f5es:<\/p>\n<li>Se decidires devolver a tua encomenda ou pedir um reembolso, tem em aten\u00e7\u00e3o que os impostos e direitos pagos em teu nome ao abrigo das condi\u00e7\u00f5es DDP n\u00e3o podem ser reembolsados.<\/li>\n<p>Consulta os nossos <a href=\"https:\/\/ayaneo.co\/pt-pt\/termos-de-servico\/\" target=\"_blank\" rel=\"nofollow noopener\">Termos e Condi\u00e7\u00f5es<\/a> para obteres informa\u00e7\u00f5es detalhadas.\n<\/ul>\n<p>[\/cg_accordion]\n[cg_accordion title=\"APOIO AO CLIENTE\"]<\/p>\n<p>Tens uma pergunta? Estamos a uma curta mensagem de texto de ter o teu problema resolvido! [\/cg_accordion]\n[cg_accordion title=\"O PACOTE INCLUI\"]<\/p>\n<ul>\n<li>1x Protetor de ecr\u00e3 AYANEO Pocket EVO<\/li>\n<\/ul>\n<p>[\/cg_accordion]\n","protected":false},"featured_media":16477,"template":"","meta":{"_acf_changed":false},"product_brand":[],"product_cat":[1192],"product_tag":[],"class_list":{"0":"post-16475","1":"product","2":"type-product","3":"status-publish","4":"has-post-thumbnail","6":"product_cat-acessorios","7":"product_shipping_class-low-end","8":"pa_accessory-type-screen-protector-pt-pt","9":"pa_brand-ayaneo","11":"first","12":"instock","13":"sale","14":"taxable","15":"shipping-taxable","16":"purchasable","17":"product-type-simple"},"acf":[],"_links":{"self":[{"href":"https:\/\/ayaneo.co\/pt-pt\/wp-json\/wp\/v2\/product\/16475","targetHints":{"allow":["GET"]}}],"collection":[{"href":"https:\/\/ayaneo.co\/pt-pt\/wp-json\/wp\/v2\/product"}],"about":[{"href":"https:\/\/ayaneo.co\/pt-pt\/wp-json\/wp\/v2\/types\/product"}],"wp:featuredmedia":[{"embeddable":true,"href":"https:\/\/ayaneo.co\/pt-pt\/wp-json\/wp\/v2\/media\/16477"}],"wp:attachment":[{"href":"https:\/\/ayaneo.co\/pt-pt\/wp-json\/wp\/v2\/media?parent=16475"}],"wp:term":[{"taxonomy":"product_brand","embeddable":true,"href":"https:\/\/ayaneo.co\/pt-pt\/wp-json\/wp\/v2\/product_brand?post=16475"},{"taxonomy":"product_cat","embeddable":true,"href":"https:\/\/ayaneo.co\/pt-pt\/wp-json\/wp\/v2\/product_cat?post=16475"},{"taxonomy":"product_tag","embeddable":true,"href":"https:\/\/ayaneo.co\/pt-pt\/wp-json\/wp\/v2\/product_tag?post=16475"}],"curies":[{"name":"wp","href":"https:\/\/api.w.org\/{rel}","templated":true}]}}