{"id":16499,"date":"2025-01-23T16:27:44","date_gmt":"2025-01-23T16:27:44","guid":{"rendered":"https:\/\/ayaneo.co\/product\/ayaneo-pocket-s-estojo-de-capa-dura\/"},"modified":"2025-12-09T00:31:04","modified_gmt":"2025-12-09T00:31:04","slug":"ayaneo-pocket-s-estojo-de-capa-dura","status":"publish","type":"product","link":"https:\/\/ayaneo.co\/pt-pt\/product\/ayaneo-pocket-s-estojo-de-capa-dura\/","title":{"rendered":"AYANEO Pocket S Estojo de capa dura"},"content":{"rendered":"\n<h2 class=\"wp-block-heading\" id=\"h-product-overview\">Vis\u00e3o geral do produto:<\/h2>\n\n<p>A <strong>AYANEO Pocket S Hardcover<\/strong> \u00e9 o acess\u00f3rio perfeito para proteger a tua consola com estilo. Concebida com um acabamento elegante e duradouro, esta capa dura proporciona uma excelente prote\u00e7\u00e3o contra riscos, choques e desgaste di\u00e1rio, mantendo ao mesmo tempo um formato leve e port\u00e1til. <\/p>\n\n<hr class=\"wp-block-separator has-alpha-channel-opacity\"\/>\n\n<h2 class=\"wp-block-heading\" id=\"h-key-features\">Carater\u00edsticas principais:<\/h2>\n\n<p><strong>Design elegante de capa dura<\/strong> para maior durabilidade.<\/p>\n\n<p><strong>Adapta\u00e7\u00e3o personalizada<\/strong> para AYANEO Pocket S consola.<\/p>\n\n<p>Leve e port\u00e1til para <strong>jogares em movimento<\/strong>.<\/p>\n\n<p>Constru\u00e7\u00e3o em material de primeira qualidade para uma <strong>utiliza\u00e7\u00e3o duradoura<\/strong>.<\/p>\n\n<p>Est\u00e9tica moderna para <strong>complementar a tua consola<\/strong>.<\/p>\n\n<hr class=\"wp-block-separator has-alpha-channel-opacity\"\/>\n\n<h2 class=\"wp-block-heading\" id=\"h-why-choose-the-ayaneo-pocket-micro-case\">Porqu\u00ea escolher a AYANEO Pocket S Hardcover?<\/h2>\n\n<p>Protege a tua consola AYANEO Pocket S com uma capa dura que combina durabilidade e estilo. O seu design leve e port\u00e1til torna-a perfeita para jogar em viagem, enquanto os materiais de primeira qualidade garantem uma prote\u00e7\u00e3o duradoura. Esta capa dura \u00e9 ideal para os jogadores que pretendem manter a sua consola segura sem comprometer a est\u00e9tica.  <\/p>\n\n<hr class=\"wp-block-separator has-alpha-channel-opacity\"\/>\n\n<h3 class=\"wp-block-heading\" id=\"h-specifications\">Especifica\u00e7\u00f5es:<\/h3>\n\n<ul class=\"wp-block-list\">\n<li><strong>Material:<\/strong> Pl\u00e1stico duro duradouro<\/li>\n\n\n\n<li><strong>Compatibilidade:<\/strong> AYANEO Pocket S Consola<\/li>\n\n\n\n<li><strong>Carater\u00edsticas:<\/strong> Leve, resistente a riscos e port\u00e1til<\/li>\n<\/ul>\n\n<p>Mant\u00e9m a tua consola protegida e com estilo com a capa dura AYANEO Pocket S - o derradeiro acess\u00f3rio para jogadores que se preocupam com o seu equipamento!<\/p>\n\n<p><\/p>\n","protected":false},"excerpt":{"rendered":"<ul>\n<li><strong>Design elegante de capa dura<\/strong> para maior durabilidade.<\/li>\n<li><strong>Adapta\u00e7\u00e3o personalizada<\/strong> para AYANEO Pocket S consola.<\/li>\n<li>Leve e port\u00e1til para <strong>jogares em movimento<\/strong>.<\/li>\n<li>Constru\u00e7\u00e3o em material de primeira qualidade para uma <strong>utiliza\u00e7\u00e3o duradoura<\/strong>.<\/li>\n<li>Est\u00e9tica moderna para <strong>complementar a tua consola<\/strong>.<\/li>\n<\/ul>\n[cg_accordion title=\"INFORMA\u00c7\u00d5ES DE PAGAMENTO\"]<\/p>\n<p>Utilizamos a tecnologia mais recente no processamento de pagamentos, o que te permite fazer o checkout atrav\u00e9s do Apple Pay, Google Pay, o teu cart\u00e3o de d\u00e9bito\/cr\u00e9dito, PayPal ou m\u00e9todos BNPL como Klarna, Affirm ou AfterPay para uma experi\u00eancia r\u00e1pida e segura.[\/cg_accordion]\n[cg_accordion title=\"GARANTIA\"]<\/p>\n<p>1 ano de garantia da <a href=\"https:\/\/droix.net\/\" target=\"_blank\" rel=\"nofollow noopener\">DROIX Global<\/a> para a tua paz de esp\u00edrito[\/cg_accordion]\n[cg_accordion title=\"PRE\u00c7OS, IMPOSTOS E ENVIO\"]<\/p>\n<p><strong><u>Nota:<\/u><\/strong><\/p>\n<ul>\n<li>Clientes dos Estados Unidos: O pre\u00e7o apresentado N\u00c3O inclui TAXAS nem impostos. O cliente \u00e9 respons\u00e1vel pelo desalfandegamento e pelo pagamento de quaisquer impostos ou taxas associadas. <\/li>\n<li>Clientes da UE: O pre\u00e7o apresentado inclui o IMPOSTO aplic\u00e1vel, que pode ir at\u00e9 25%, dependendo do teu pa\u00eds.<\/li>\n<li>Clientes do Canad\u00e1: O pre\u00e7o apresentado inclui os impostos aplic\u00e1veis, que podem incluir 5% de GST e impostos adicionais sobre vendas provinciais (PST), imposto sobre vendas harmonizado (HST) ou imposto sobre vendas do Quebeque (QST), dependendo da tua prov\u00edncia.<\/li>\n<\/ul>\n<p><strong>APENAS para clientes da UE:<\/strong> Entrega expressa DDP (Delivered Duty Paid). Isto significa que: <\/p>\n<ul>\n<li>Todos os direitos aduaneiros e impostos est\u00e3o inclu\u00eddos no pre\u00e7o apresentado na p\u00e1gina do produto.<\/li>\n<li>N\u00e3o ter\u00e1s de pagar quaisquer encargos adicionais aquando da entrega.<\/li>\n<li>Na rara eventualidade de problemas relacionados com a alf\u00e2ndega, a nossa equipa tratar\u00e1 do processo de desalfandegamento em teu nome para garantir uma experi\u00eancia de entrega sem problemas.<\/li>\n<p>Informa\u00e7\u00f5es importantes sobre devolu\u00e7\u00f5es:<\/p>\n<li>Se decidires devolver a tua encomenda ou pedir um reembolso, tem em aten\u00e7\u00e3o que os impostos e direitos pagos em teu nome ao abrigo das condi\u00e7\u00f5es DDP n\u00e3o podem ser reembolsados.<\/li>\n<p>Consulta os nossos <a href=\"https:\/\/ayaneo.co\/terms-of-service-2\/\" target=\"_blank\" rel=\"nofollow noopener\">Termos e Condi\u00e7\u00f5es<\/a> para obteres informa\u00e7\u00f5es detalhadas.\n<\/ul>\n<p>[\/cg_accordion]\n[cg_accordion title=\"APOIO AO CLIENTE\"]<\/p>\n<p>Tens uma pergunta? Estamos a uma curta mensagem de texto de ter o teu problema resolvido!<br \/>\n[\/cg_accordion]\n[cg_accordion title=\"O pacote inclui\"]<\/p>\n<ul>\n<li>1x AYANEO Pocket S Estojo de capa dura<\/li>\n<\/ul>\n<p>[\/cg_accordion]\n","protected":false},"featured_media":16505,"template":"","meta":{"_acf_changed":false},"product_brand":[],"product_cat":[1192],"product_tag":[],"class_list":{"0":"post-16499","1":"product","2":"type-product","3":"status-publish","4":"has-post-thumbnail","6":"product_cat-acessorios","7":"product_shipping_class-low-end","8":"pa_accessory-type-protective-case-pt-pt","9":"pa_brand-ayaneo","11":"first","12":"instock","13":"sale","14":"taxable","15":"shipping-taxable","16":"purchasable","17":"product-type-simple"},"acf":[],"_links":{"self":[{"href":"https:\/\/ayaneo.co\/pt-pt\/wp-json\/wp\/v2\/product\/16499","targetHints":{"allow":["GET"]}}],"collection":[{"href":"https:\/\/ayaneo.co\/pt-pt\/wp-json\/wp\/v2\/product"}],"about":[{"href":"https:\/\/ayaneo.co\/pt-pt\/wp-json\/wp\/v2\/types\/product"}],"wp:featuredmedia":[{"embeddable":true,"href":"https:\/\/ayaneo.co\/pt-pt\/wp-json\/wp\/v2\/media\/16505"}],"wp:attachment":[{"href":"https:\/\/ayaneo.co\/pt-pt\/wp-json\/wp\/v2\/media?parent=16499"}],"wp:term":[{"taxonomy":"product_brand","embeddable":true,"href":"https:\/\/ayaneo.co\/pt-pt\/wp-json\/wp\/v2\/product_brand?post=16499"},{"taxonomy":"product_cat","embeddable":true,"href":"https:\/\/ayaneo.co\/pt-pt\/wp-json\/wp\/v2\/product_cat?post=16499"},{"taxonomy":"product_tag","embeddable":true,"href":"https:\/\/ayaneo.co\/pt-pt\/wp-json\/wp\/v2\/product_tag?post=16499"}],"curies":[{"name":"wp","href":"https:\/\/api.w.org\/{rel}","templated":true}]}}