{"id":16530,"date":"2025-01-28T11:05:14","date_gmt":"2025-01-28T11:05:14","guid":{"rendered":"https:\/\/ayaneo.co\/product\/monitor-portatil-droix-pm14-4k\/"},"modified":"2025-05-30T15:56:57","modified_gmt":"2025-05-30T15:56:57","slug":"monitor-portatil-droix-pm14-4k","status":"publish","type":"product","link":"https:\/\/ayaneo.co\/pt-pt\/product\/monitor-portatil-droix-pm14-4k\/","title":{"rendered":"Monitor Port\u00e1til DroiX PM14 4K"},"content":{"rendered":"\n<div class=\"wp-block-columns is-layout-flex wp-container-core-columns-is-layout-28f84493 wp-block-columns-is-layout-flex\">\n<div class=\"wp-block-column is-layout-flow wp-block-column-is-layout-flow\" style=\"flex-basis:33.33%\">\n<figure class=\"wp-block-image size-large\"><a href=\"https:\/\/droix.net\/wp-content\/uploads\/2024\/05\/DROIX-PM14-LISTING-V2-DONE-01-NON-TOUCH.png\" target=\"_blank\" rel=\"noopener\"><img decoding=\"async\" src=\"https:\/\/droix.net\/wp-content\/uploads\/2024\/05\/DROIX-PM14-LISTING-V2-DONE-01-NON-TOUCH-1024x1024.png\" alt=\"Imagem do Monitor Port&#xE1;til DroiX, 14 polegadas, 4K, Ultra Fino&quot;\" class=\"wp-image-179745\"\/><\/a><\/figure>\n<\/div>\n\n\n\n<div class=\"wp-block-column is-layout-flow wp-block-column-is-layout-flow\" style=\"flex-basis:66.66%\">\n<h3 class=\"wp-block-heading\"><strong>DroiX PM14 - Monitor Port\u00e1til Ultrafino 4K de 14.0 polegadas<\/strong><\/h3>\n\n\n\n<p>Descobre os avan\u00e7os mais recentes na tecnologia de visualiza\u00e7\u00e3o com o DroiX PM14, um monitor port\u00e1til ultrafino de 14,0 polegadas dispon\u00edvel em variantes com e sem ecr\u00e3 t\u00e1til. Este dispositivo inovador estabelece uma nova refer\u00eancia na computa\u00e7\u00e3o m\u00f3vel, combinando um desempenho robusto com uma portabilidade excecional e um design moderno. Quer sejas um profissional ou um entusiasta do entretenimento, o monitor port\u00e1til DroiX PM14 4K foi concebido para se integrar perfeitamente no teu estilo de vida din\u00e2mico, proporcionando uma versatilidade essencial, quer estejas em casa, no escrit\u00f3rio ou em movimento.  <\/p>\n<\/div>\n<\/div>\n\n<h3 class=\"wp-block-heading\"><strong>Vis\u00e3o geral do produto<\/strong><\/h3>\n\n<figure class=\"wp-block-image aligncenter size-large\"><a href=\"https:\/\/droix.net\/wp-content\/uploads\/2024\/04\/1080P-FHD.jpg\" target=\"_blank\" rel=\"noopener\"><img decoding=\"async\" src=\"https:\/\/droix.net\/wp-content\/uploads\/2024\/04\/1080P-FHD-1024x420.jpg\" alt=\"Imagem do Monitor Port&#xE1;til DroiX, 14 polegadas, 4K, Ultra Fino, com uma resolu&#xE7;&#xE3;o UHD n&#xED;tida de 3840x2160 com cores vibrantes e detalhes incr&#xED;veis, gama de cores DCI-P3 a 100% e suporte HDR400\" class=\"wp-image-178360\"\/><\/a><\/figure>\n\n<p>O monitor port\u00e1til DroiX PM14 mostra a engenharia moderna no seu melhor, ostentando uma resolu\u00e7\u00e3o UHD v\u00edvida de 3840&#215;2160 que d\u00e1 vida ao conte\u00fado com cores vibrantes e detalhes excepcionais. Com uma gama de cores DCI-P3 a 100% e suporte HDR400, proporciona imagens deslumbrantes caracterizadas por pretos profundos e brancos brilhantes. O seu perfil fino e design leve garantem a m\u00e1xima portabilidade sem comprometer a qualidade ou o desempenho.  <\/p>\n\n<figure class=\"wp-block-image aligncenter size-large\"><a href=\"https:\/\/droix.net\/wp-content\/uploads\/2024\/04\/Color.jpg\" target=\"_blank\" rel=\"noopener\"><img decoding=\"async\" src=\"https:\/\/droix.net\/wp-content\/uploads\/2024\/04\/Color-1024x406.jpg\" alt=\"Imagem do Monitor Port&#xE1;til DroiX, 14 polegadas, 4K, Ultra Fino, com gama de cores DCI-P3 100% e suporte HDR400 para visuais impressionantes com pretos profundos e brancos brilhantes. Perfil fino e design leve para a m&#xE1;xima portabilidade sem sacrificar a qualidade ou o desempenho. \" class=\"wp-image-178361\"\/><\/a><\/figure>\n\n<p>Concebido com excel\u00eancia ergon\u00f3mica, o DroiX PM14 possui uma roda de controlo f\u00e1cil de usar e op\u00e7\u00f5es de conetividade vers\u00e1teis, como Mini HDMI e v\u00e1rias portas USB-C. Isto torna-o adapt\u00e1vel a todos os teus dispositivos, quer estejas a jogar na PlayStation, a editar v\u00eddeos no Mac ou a fazer apresenta\u00e7\u00f5es a partir do teu port\u00e1til. O PM14 integra-se perfeitamente em qualquer configura\u00e7\u00e3o, oferecendo baixo consumo de energia e desempenho de alta efici\u00eancia para que possas trabalhar mais tempo sem te preocupares com o esgotamento das baterias dos teus dispositivos.  <\/p>\n\n<figure class=\"wp-block-image aligncenter size-large\"><a href=\"https:\/\/droix.net\/wp-content\/uploads\/2024\/04\/Modes.jpg\" target=\"_blank\" rel=\"noopener\"><img decoding=\"async\" src=\"https:\/\/droix.net\/wp-content\/uploads\/2024\/04\/Modes-1024x419.jpg\" alt=\"Imagem do Monitor Port&#xE1;til DroiX, 14 polegadas, 4K, Ultra Fino, compat&#xED;vel com computadores port&#xE1;teis, Mac, smartphones, tablets, PCs, PS3\/4\/5, Xbox e Switc\" class=\"wp-image-178357\"\/><\/a><\/figure>\n\n<h3 class=\"wp-block-heading\"><strong>Carater\u00edsticas pormenorizadas<\/strong><\/h3>\n\n<ul class=\"wp-block-list\">\n<li>Desempenho: O monitor port\u00e1til DroiX PM14 4K se destaca por proporcionar uma experi\u00eancia de visualiza\u00e7\u00e3o responsiva e imersiva com uma taxa de atualiza\u00e7\u00e3o de 60Hz e uma velocidade de resposta de 2,5ms, garantindo movimentos suaves e imagens n\u00edtidas mesmo durante cenas de alta velocidade. Oferece uma lumin\u00e2ncia de 500 cd\/m\u00b2 e um r\u00e1cio de contraste de 1500:1, garantindo uma excelente visibilidade em diversas condi\u00e7\u00f5es de ilumina\u00e7\u00e3o. <\/li>\n\n\n\n<li>Conectividade: O DroiX PM14 oferece op\u00e7\u00f5es de conetividade vers\u00e1teis, com duas portas USB-C para alimenta\u00e7\u00e3o e transfer\u00eancia de dados de v\u00eddeo, uma porta USB-C extra para perif\u00e9ricos como teclados e ratos, uma porta Mini HDMI para liga\u00e7\u00f5es de v\u00eddeo convencionais e uma tomada de \u00e1udio para audi\u00e7\u00e3o privada.<\/li>\n<\/ul>\n\n<figure class=\"wp-block-image aligncenter size-large\"><a href=\"https:\/\/droix.net\/wp-content\/uploads\/2024\/04\/interface.jpg\" target=\"_blank\" rel=\"noopener\"><img decoding=\"async\" src=\"https:\/\/droix.net\/wp-content\/uploads\/2024\/04\/interface-1024x1024.jpg\" alt=\"Imagem do Monitor Port&#xE1;til DroiX PM14, que suporta uma vasta gama de dispositivos HDMI e Type-C, melhorando a compatibilidade entre ecossistemas digitais. Ideal para jogadores, profissionais criativos no Mac e profissionais de neg&#xF3;cios que precisam de um ecr&#xE3; extra. F&#xE1;cil de utilizar para Windows com configura&#xE7;&#xE3;o plug-and-play para uma utiliza&#xE7;&#xE3;o sem complica&#xE7;&#xF5;es  \" class=\"wp-image-178362\"\/><\/a><\/figure>\n\n<h3 class=\"wp-block-heading\"><strong>Experi\u00eancia do utilizador<\/strong><\/h3>\n\n<p>O DroiX PM14 suporta uma extensa gama de dispositivos HDMI e Type-C, garantindo compatibilidade em diversos ecossistemas digitais. Quer sejas um jogador \u00e0 procura de um monitor port\u00e1til, um profissional criativo que usa um Mac ou um executivo que precisa de um ecr\u00e3 extra para apresenta\u00e7\u00f5es, o PM14 adapta-se sem esfor\u00e7o \u00e0s tuas necessidades. Destaca-se em ambientes Windows com a sua configura\u00e7\u00e3o plug-and-play f\u00e1cil de utilizar, permitindo-te fazer uma transi\u00e7\u00e3o perfeita para o trabalho ou para o lazer sem qualquer problema.  <\/p>\n\n<figure class=\"wp-block-image aligncenter size-large\"><a href=\"https:\/\/droix.net\/wp-content\/uploads\/2024\/04\/portable1.jpg\" target=\"_blank\" rel=\"noopener\"><img decoding=\"async\" src=\"https:\/\/droix.net\/wp-content\/uploads\/2024\/04\/portable1-1024x483.jpg\" alt=\"Imagem do Monitor Port&#xE1;til DroiX, 14 polegadas, 4K, Ultra Fino, leve e port&#xE1;til\" class=\"wp-image-178358\"\/><\/a><\/figure>\n\n<h3 class=\"wp-block-heading\"><strong>Conclus\u00e3o<\/strong><\/h3>\n\n<p>O monitor port\u00e1til DroiX PM14 representa uma solu\u00e7\u00e3o de ponta que combina funcionalidade soberba, design excecional e a liberdade da portabilidade. Vai al\u00e9m de ser apenas um monitor; \u00e9 uma porta de entrada para melhorar a tua produtividade e experi\u00eancias de entretenimento onde quer que estejas. <\/p>\n\n<p>Descobre o futuro dos monitores port\u00e1teis para computadores port\u00e1teis com o DroiX PM14. N\u00e3o percas a oportunidade - reserva j\u00e1 a tua unidade e s\u00ea um dos primeiros a elevar a tua experi\u00eancia de visualiza\u00e7\u00e3o em movimento! <\/p>\n","protected":false},"excerpt":{"rendered":"<ul>\n<li>Ecr\u00e3 4K 14&#8243;<strong> HDR400<\/strong> <\/li>\n<li>100% de cobertura<strong> DCI-P3<\/strong> <\/li>\n<li>500 <strong>Nits<\/strong> de brilho<\/li>\n<li>Suporte <strong> incorporado<\/strong><\/li>\n<li>  Altifalantes <strong> incorporados<\/strong> <\/li>\n<\/ul>\n[cg_accordion title=\"INFORMA\u00c7\u00d5ES DE PAGAMENTO\"]<\/p>\n<p>Utilizamos a tecnologia mais recente no processamento de pagamentos, o que te permite fazer o checkout atrav\u00e9s do Apple Pay, Google Pay, o teu cart\u00e3o de d\u00e9bito\/cr\u00e9dito, PayPal ou m\u00e9todos BNPL como Klarna, Affirm ou AfterPay para uma experi\u00eancia r\u00e1pida e segura.[\/cg_accordion]\n[cg_accordion title=\"GARANTIA\"]<\/p>\n<p>1 ano de garantia da <a href=\"https:\/\/droix.net\/\" target=\"_blank\" rel=\"nofollow noopener\">DROIX Global<\/a> para a tua paz de esp\u00edrito[\/cg_accordion]\n[cg_accordion title=\"PRE\u00c7OS, IMPOSTOS E ENVIO\"]<\/p>\n<p><strong><u>Nota:<\/u><\/strong><\/p>\n<ul>\n<li>Clientes dos Estados Unidos: O pre\u00e7o apresentado N\u00c3O inclui TAXAS nem impostos. O cliente \u00e9 respons\u00e1vel pelo desalfandegamento e pelo pagamento de quaisquer impostos ou taxas associadas. <\/li>\n<li>Clientes da UE: O pre\u00e7o apresentado inclui o IMPOSTO aplic\u00e1vel, que pode ir at\u00e9 25%, dependendo do teu pa\u00eds.<\/li>\n<li>Clientes do Canad\u00e1: O pre\u00e7o apresentado inclui os impostos aplic\u00e1veis, que podem incluir 5% de GST e impostos adicionais sobre vendas provinciais (PST), imposto sobre vendas harmonizado (HST) ou imposto sobre vendas do Quebeque (QST), dependendo da tua prov\u00edncia.<\/li>\n<\/ul>\n<p><strong>APENAS para clientes da UE:<\/strong> Entrega expressa DDP (Delivered Duty Paid). Isto significa que: <\/p>\n<ul>\n<li>Todos os direitos aduaneiros e impostos est\u00e3o inclu\u00eddos no pre\u00e7o apresentado na p\u00e1gina do produto.<\/li>\n<li>N\u00e3o ter\u00e1s de pagar quaisquer encargos adicionais aquando da entrega.<\/li>\n<li>Na rara eventualidade de problemas relacionados com a alf\u00e2ndega, a nossa equipa tratar\u00e1 do processo de desalfandegamento em teu nome para garantir uma experi\u00eancia de entrega sem problemas.<\/li>\n<p>Informa\u00e7\u00f5es importantes sobre devolu\u00e7\u00f5es:<\/p>\n<li>Se decidires devolver a tua encomenda ou pedir um reembolso, tem em aten\u00e7\u00e3o que os impostos e direitos pagos em teu nome ao abrigo das condi\u00e7\u00f5es DDP n\u00e3o podem ser reembolsados.<\/li>\n<p>Consulta os nossos <a href=\"https:\/\/ayaneo.co\/pt-pt\/termos-de-servico\/\" target=\"_blank\" rel=\"nofollow noopener\">Termos e Condi\u00e7\u00f5es<\/a> para obteres informa\u00e7\u00f5es detalhadas.\n<\/ul>\n<p>[\/cg_accordion]\n[cg_accordion title=\"APOIO AO CLIENTE\"]<\/p>\n<p>Tens uma pergunta? Estamos a uma curta mensagem de texto de ter o teu problema resolvido!<br \/>\n[\/cg_accordion]\n","protected":false},"featured_media":16539,"template":"","meta":{"_acf_changed":false},"product_brand":[],"product_cat":[1210],"product_tag":[],"class_list":{"0":"post-16530","1":"product","2":"type-product","3":"status-publish","4":"has-post-thumbnail","6":"product_cat-monitores-portateis","7":"product_shipping_class-standard","8":"pa_brand-droix","10":"first","11":"outofstock","12":"sale","13":"taxable","14":"shipping-taxable","15":"purchasable","16":"product-type-variable","17":"has-default-attributes"},"acf":[],"_links":{"self":[{"href":"https:\/\/ayaneo.co\/pt-pt\/wp-json\/wp\/v2\/product\/16530","targetHints":{"allow":["GET"]}}],"collection":[{"href":"https:\/\/ayaneo.co\/pt-pt\/wp-json\/wp\/v2\/product"}],"about":[{"href":"https:\/\/ayaneo.co\/pt-pt\/wp-json\/wp\/v2\/types\/product"}],"wp:featuredmedia":[{"embeddable":true,"href":"https:\/\/ayaneo.co\/pt-pt\/wp-json\/wp\/v2\/media\/16539"}],"wp:attachment":[{"href":"https:\/\/ayaneo.co\/pt-pt\/wp-json\/wp\/v2\/media?parent=16530"}],"wp:term":[{"taxonomy":"product_brand","embeddable":true,"href":"https:\/\/ayaneo.co\/pt-pt\/wp-json\/wp\/v2\/product_brand?post=16530"},{"taxonomy":"product_cat","embeddable":true,"href":"https:\/\/ayaneo.co\/pt-pt\/wp-json\/wp\/v2\/product_cat?post=16530"},{"taxonomy":"product_tag","embeddable":true,"href":"https:\/\/ayaneo.co\/pt-pt\/wp-json\/wp\/v2\/product_tag?post=16530"}],"curies":[{"name":"wp","href":"https:\/\/api.w.org\/{rel}","templated":true}]}}