{"id":16563,"date":"2025-01-28T11:06:31","date_gmt":"2025-01-28T11:06:31","guid":{"rendered":"https:\/\/ayaneo.co\/product\/monitor-portatil-4k-de-156%e2%80%b3-com-adobe-rgb\/"},"modified":"2025-05-30T15:57:03","modified_gmt":"2025-05-30T15:57:03","slug":"monitor-portatil-4k-de-156%e2%80%b3-com-adobe-rgb","status":"publish","type":"product","link":"https:\/\/ayaneo.co\/pt-pt\/product\/monitor-portatil-4k-de-156%e2%80%b3-com-adobe-rgb\/","title":{"rendered":"Monitor port\u00e1til 4K de 15,6\u2033 com Adobe RGB"},"content":{"rendered":"\n<p>Desfruta de imagens e desempenho sem paralelo com o <strong>Monitor Port\u00e1til S23B-5 4K<\/strong>, uma solu\u00e7\u00e3o de ponta concebida para jogadores, profissionais criativos e entusiastas da produtividade em movimento. Com uma nitidez UHD impressionante, funcionalidade de ecr\u00e3 t\u00e1til reativa e conetividade vers\u00e1til, este monitor port\u00e1til de 15,6 polegadas \u00e9 o teu melhor companheiro de trabalho e entretenimento. <\/p>\n\n<hr class=\"wp-block-separator has-alpha-channel-opacity\"\/>\n\n<h4 class=\"wp-block-heading\"><strong>Carater\u00edsticas principais<\/strong><\/h4>\n\n<p><strong>Ecr\u00e3 imersivo 4K UHD<\/strong><br\/>Mergulha em imagens de cortar a respira\u00e7\u00e3o com um ecr\u00e3 4K UHD de 15,6 polegadas (resolu\u00e7\u00e3o 3840 x 2160) que d\u00e1 vida a todos os detalhes. Desfruta de cores vibrantes e nitidez, quer estejas a jogar, a editar fotografias ou a transmitir os teus programas favoritos. <\/p>\n\n<p><strong>Ecr\u00e3 t\u00e1til capacitivo de 10 pontos<\/strong><br\/>Navega sem esfor\u00e7o com o ecr\u00e3 t\u00e1til capacitivo de 10 pontos, que oferece um controlo suave e preciso. Perfeito para fazer zoom, deslocar e desenhar, esta funcionalidade aumenta a criatividade e a produtividade em movimento. <\/p>\n\n<p><strong>Precis\u00e3o de cor de n\u00edvel profissional<\/strong><br\/>Com 100% de cobertura do espa\u00e7o de cor Adobe RGB e profundidade de cor de 10 bits, o S23B-5 garante cores reais, tornando-o ideal para edi\u00e7\u00e3o de fotografias, design gr\u00e1fico e produ\u00e7\u00e3o de v\u00eddeo.<\/p>\n\n<p><strong>Conectividade sem falhas<\/strong><br\/>Liga-te sem esfor\u00e7o a computadores port\u00e1teis, smartphones, consolas de jogos e muito mais utilizando a Mini Porta HD, as Portas Tipo C e a Micro-USB. Expande o teu espa\u00e7o de trabalho ou configura\u00e7\u00e3o de jogos para qualquer lugar com facilidade. <\/p>\n\n<p><strong>Bateria incorporada para mobilidade<\/strong><br\/>A bateria incorporada de 10.000 mAh proporciona horas de utiliza\u00e7\u00e3o ininterrupta, permitindo-te manter a produtividade ou o entretenimento sem necessitares de uma fonte de alimenta\u00e7\u00e3o.<\/p>\n\n<p><strong>Design Premium e Portabilidade<\/strong><br\/>Fabricado em liga de alum\u00ednio de alta qualidade, este monitor leve e fino (apenas 9 mm de espessura) foi concebido para ser dur\u00e1vel e port\u00e1til. Pesando apenas 1,3 kg, cabe perfeitamente na tua mala para uma viagem f\u00e1cil. <\/p>\n\n<p><strong>Experi\u00eancia de \u00e1udio melhorada<\/strong><br\/>Os altifalantes duplos de 1,0 W integrados proporcionam um som n\u00edtido para uma experi\u00eancia multim\u00e9dia envolvente, quer estejas numa videochamada, a jogar ou a ver filmes.<\/p>\n\n<p><strong>\u00c2ngulos de visualiza\u00e7\u00e3o amplos<\/strong><br\/>Desfruta de imagens consistentes e vivas a partir de qualquer \u00e2ngulo com uma gama de visualiza\u00e7\u00e3o de 85 graus, perfeita para partilhar conte\u00fados ou colaborar.<\/p>\n\n<p><strong>Optimizado para jogos<\/strong><br\/>Melhora os teus jogos com um tempo de resposta r\u00e1pido de 25 ms e uma precis\u00e3o de cor precisa. Mergulha em gr\u00e1ficos realistas e ganha uma vantagem competitiva. <\/p>\n\n<hr class=\"wp-block-separator has-alpha-channel-opacity\"\/>\n\n<h4 class=\"wp-block-heading\"><strong>Porqu\u00ea escolher o S23B-5?<\/strong><\/h4>\n\n<ul class=\"wp-block-list\">\n<li><strong>Portabilidade:<\/strong> Fino e leve para maior comodidade.<\/li>\n\n\n\n<li><strong>Versatilidade:<\/strong> Liga-te a v\u00e1rios dispositivos e desfruta de uma experi\u00eancia perfeita.<\/li>\n\n\n\n<li><strong>Durabilidade:<\/strong> Constru\u00eddo em alum\u00ednio de alta qualidade para uma utiliza\u00e7\u00e3o duradoura.<\/li>\n\n\n\n<li><strong>Produtividade em movimento:<\/strong> Perfeito para multitarefas e para expandir o teu espa\u00e7o de trabalho.<\/li>\n<\/ul>\n\n<hr class=\"wp-block-separator has-alpha-channel-opacity\"\/>\n\n<h4 class=\"wp-block-heading\"><strong>Especifica\u00e7\u00f5es<\/strong><\/h4>\n\n<ul class=\"wp-block-list\">\n<li><strong>Tamanho do ecr\u00e3:<\/strong> 15,6 polegadas<\/li>\n\n\n\n<li><strong>Resolu\u00e7\u00e3o:<\/strong> 4K UHD (3840 x 2160)<\/li>\n\n\n\n<li><strong>Ecr\u00e3 t\u00e1til:<\/strong> Capacitivo de 10 pontos G+G laminado<\/li>\n\n\n\n<li><strong>Bateria:<\/strong> 10.000 mAh pol\u00edmero<\/li>\n\n\n\n<li><strong>Portas:<\/strong> HD Mini, Type-C (2), tomada para auscultadores de 3,5 mm, Micro-USB<\/li>\n\n\n\n<li><strong>Peso:<\/strong> 1,3 kg<\/li>\n<\/ul>\n\n<hr class=\"wp-block-separator has-alpha-channel-opacity\"\/>\n\n<h4 class=\"wp-block-heading\"><strong>Pr\u00f3s e contras<\/strong><\/h4>\n\n<p><strong>Pr\u00f3s:<\/strong><br\/>\u2714 Visuais Ultra-HD para detalhes impressionantes<br\/>\u2714 Funcionalidade de ecr\u00e3 t\u00e1til suave<br\/>\u2714 Design leve e port\u00e1til<br\/>\u2714 Bateria incorporada para utiliza\u00e7\u00e3o em movimento<br\/>\u2714 Ampla gama de cores para trabalho profissional<\/p>\n\n<p><strong>Contras:<\/strong><br\/>\u2796 Dispon\u00edvel num \u00fanico tamanho de 15,6 polegadas<br\/>\u2796 Os altifalantes incorporados podem n\u00e3o ter profundidade para os audi\u00f3filos<\/p>\n\n<hr class=\"wp-block-separator has-alpha-channel-opacity\"\/>\n\n<p>Melhora a tua experi\u00eancia de visualiza\u00e7\u00e3o m\u00f3vel com o <strong>Monitor Port\u00e1til S23B-5 4K - a tua<\/strong>porta de entrada para uma qualidade e desempenho sem compromissos, onde quer que a vida te leve.<\/p>\n","protected":false},"excerpt":{"rendered":"<ul>\n<li><strong>100% da<\/strong> gama de <strong>cores Adobe<\/strong> Monitor port\u00e1til <strong>UHD 4K de 15,6 polegadas<\/strong> <\/li>\n<li>Monitor de ecr\u00e3 t\u00e1til capacitivo de 10 pontos<\/li>\n<li>Ecr\u00e3 t\u00e1til compat\u00edvel com <strong>MacOS<\/strong><\/li>\n<li>Bateria incorporada de 10000mAh<\/li>\n<li><strong>Alimentado por USB<\/strong>, suporta mini-HDMI, USB Type-C<\/li>\n<\/ul>\n[cg_accordion title=\"INFORMA\u00c7\u00d5ES DE PAGAMENTO\"]<\/p>\n<p>Utilizamos a tecnologia mais recente no processamento de pagamentos, o que te permite fazer o checkout atrav\u00e9s do Apple Pay, Google Pay, o teu cart\u00e3o de d\u00e9bito\/cr\u00e9dito, PayPal ou m\u00e9todos BNPL como Klarna, Affirm ou AfterPay para uma experi\u00eancia r\u00e1pida e segura.[\/cg_accordion]\n[cg_accordion title=\"GARANTIA\"]<\/p>\n<p>1 ano de garantia da <a href=\"https:\/\/droix.net\/\" target=\"_blank\" rel=\"nofollow noopener\">DROIX Global<\/a> para a tua paz de esp\u00edrito[\/cg_accordion]\n[cg_accordion title=\"PRE\u00c7OS, IMPOSTOS E ENVIO\"]<\/p>\n<p><strong><u>Nota:<\/u><\/strong><\/p>\n<ul>\n<li>Clientes dos Estados Unidos: O pre\u00e7o apresentado N\u00c3O inclui TAXAS nem impostos. O cliente \u00e9 respons\u00e1vel pelo desalfandegamento e pelo pagamento de quaisquer impostos ou taxas associadas. <\/li>\n<li>Clientes da UE: O pre\u00e7o apresentado inclui o IMPOSTO aplic\u00e1vel, que pode ir at\u00e9 25%, dependendo do teu pa\u00eds.<\/li>\n<li>Clientes do Canad\u00e1: O pre\u00e7o apresentado inclui os impostos aplic\u00e1veis, que podem incluir 5% de GST e impostos adicionais sobre vendas provinciais (PST), imposto sobre vendas harmonizado (HST) ou imposto sobre vendas do Quebeque (QST), dependendo da tua prov\u00edncia.<\/li>\n<\/ul>\n<p><strong>APENAS para clientes da UE:<\/strong> Entrega expressa DDP (Delivered Duty Paid). Isto significa que: <\/p>\n<ul>\n<li>Todos os direitos aduaneiros e impostos est\u00e3o inclu\u00eddos no pre\u00e7o apresentado na p\u00e1gina do produto.<\/li>\n<li>N\u00e3o ter\u00e1s de pagar quaisquer encargos adicionais aquando da entrega.<\/li>\n<li>Na rara eventualidade de problemas relacionados com a alf\u00e2ndega, a nossa equipa tratar\u00e1 do processo de desalfandegamento em teu nome para garantir uma experi\u00eancia de entrega sem problemas.<\/li>\n<p>Informa\u00e7\u00f5es importantes sobre devolu\u00e7\u00f5es:<\/p>\n<li>Se decidires devolver a tua encomenda ou pedir um reembolso, tem em aten\u00e7\u00e3o que os impostos e direitos pagos em teu nome ao abrigo das condi\u00e7\u00f5es DDP n\u00e3o podem ser reembolsados.<\/li>\n<p>Consulta os nossos <a href=\"https:\/\/ayaneo.co\/terms-of-service-2\/\" target=\"_blank\" rel=\"nofollow noopener\">Termos e Condi\u00e7\u00f5es<\/a> para obteres informa\u00e7\u00f5es detalhadas.\n<\/ul>\n<p>[\/cg_accordion]\n[cg_accordion title=\"APOIO AO CLIENTE\"]<\/p>\n<p>Tens uma pergunta? Estamos a uma curta mensagem de texto de ter o teu problema resolvido!<br \/>\n[\/cg_accordion]\n","protected":false},"featured_media":16574,"template":"","meta":{"_acf_changed":false},"product_brand":[],"product_cat":[1210],"product_tag":[],"class_list":{"0":"post-16563","1":"product","2":"type-product","3":"status-publish","4":"has-post-thumbnail","6":"product_cat-monitores-portateis","7":"product_shipping_class-standard","8":"pa_brand-droix","10":"first","11":"outofstock","12":"sale","13":"taxable","14":"shipping-taxable","15":"purchasable","16":"product-type-variable","17":"has-default-attributes"},"acf":[],"_links":{"self":[{"href":"https:\/\/ayaneo.co\/pt-pt\/wp-json\/wp\/v2\/product\/16563","targetHints":{"allow":["GET"]}}],"collection":[{"href":"https:\/\/ayaneo.co\/pt-pt\/wp-json\/wp\/v2\/product"}],"about":[{"href":"https:\/\/ayaneo.co\/pt-pt\/wp-json\/wp\/v2\/types\/product"}],"wp:featuredmedia":[{"embeddable":true,"href":"https:\/\/ayaneo.co\/pt-pt\/wp-json\/wp\/v2\/media\/16574"}],"wp:attachment":[{"href":"https:\/\/ayaneo.co\/pt-pt\/wp-json\/wp\/v2\/media?parent=16563"}],"wp:term":[{"taxonomy":"product_brand","embeddable":true,"href":"https:\/\/ayaneo.co\/pt-pt\/wp-json\/wp\/v2\/product_brand?post=16563"},{"taxonomy":"product_cat","embeddable":true,"href":"https:\/\/ayaneo.co\/pt-pt\/wp-json\/wp\/v2\/product_cat?post=16563"},{"taxonomy":"product_tag","embeddable":true,"href":"https:\/\/ayaneo.co\/pt-pt\/wp-json\/wp\/v2\/product_tag?post=16563"}],"curies":[{"name":"wp","href":"https:\/\/api.w.org\/{rel}","templated":true}]}}