{"id":16607,"date":"2025-01-28T11:30:54","date_gmt":"2025-01-28T11:30:54","guid":{"rendered":"https:\/\/ayaneo.co\/product\/monitor-portatil-4k-de-156-com-suporte-para-stylus\/"},"modified":"2025-05-30T15:57:13","modified_gmt":"2025-05-30T15:57:13","slug":"monitor-portatil-4k-de-156-com-suporte-para-stylus","status":"publish","type":"product","link":"https:\/\/ayaneo.co\/pt-pt\/product\/monitor-portatil-4k-de-156-com-suporte-para-stylus\/","title":{"rendered":"Monitor port\u00e1til 4K de 15,6&#8243; com suporte para stylus"},"content":{"rendered":"\n<p>Eleva a tua experi\u00eancia em movimento com o <strong>Monitor Port\u00e1til 4K de 15,6&#8243; - um<\/strong>ecr\u00e3 elegante e avan\u00e7ado que combina imagens de cortar a respira\u00e7\u00e3o, funcionalidades avan\u00e7adas e conetividade vers\u00e1til. Concebido para n\u00f3madas digitais, criativos e profissionais, esta pot\u00eancia port\u00e1til proporciona uma produtividade perfeita e entretenimento envolvente onde quer que estejas. <\/p>\n\n<hr class=\"wp-block-separator has-alpha-channel-opacity\"\/>\n\n<h4 class=\"wp-block-heading\"><strong>Ecr\u00e3 4K UHD imersivo<\/strong><\/h4>\n\n<p>Transforma as tuas imagens com um ecr\u00e3 t\u00e1til 4K UHD de 15,6 polegadas. Com uma <strong>resolu\u00e7\u00e3o de 3840 x 2160<\/strong>, uma <strong>profundidade de cor de 10 bits<\/strong> e <strong>tecnologia de lamina\u00e7\u00e3o total G+G<\/strong>, todas as imagens s\u00e3o repletas de detalhes e vibra\u00e7\u00e3o. Quer estejas a editar multim\u00e9dia, a jogar ou a fazer streaming, o <strong>brilho de 600 cd\/m\u00b2<\/strong> e a <strong>rela\u00e7\u00e3o de contraste de 1500:1<\/strong> garantem imagens n\u00edtidas e cores ricas em qualquer ilumina\u00e7\u00e3o.  <\/p>\n\n<hr class=\"wp-block-separator has-alpha-channel-opacity\"\/>\n\n<h4 class=\"wp-block-heading\"><strong>Design elegante, ecr\u00e3 t\u00e1til intuitivo<\/strong><\/h4>\n\n<p>Envolvido numa <strong>liga de alum\u00ednio de primeira qualidade<\/strong>, o monitor \u00e9 leve e duradouro. O seu <strong>design de margens estreitas<\/strong> maximiza o espa\u00e7o do ecr\u00e3 para uma experi\u00eancia de visualiza\u00e7\u00e3o sem interrup\u00e7\u00f5es. O <strong>ecr\u00e3 t\u00e1til capacitivo de 10 pontos<\/strong> torna a navega\u00e7\u00e3o, a edi\u00e7\u00e3o de fotografias e a tomada de notas f\u00e1ceis e precisas.  <\/p>\n\n<hr class=\"wp-block-separator has-alpha-channel-opacity\"\/>\n\n<h4 class=\"wp-block-heading\"><strong>Op\u00e7\u00f5es de conetividade vers\u00e1teis<\/strong><\/h4>\n\n<p>Liga-te sem esfor\u00e7o aos teus dispositivos com as <strong>portas<\/strong> <strong>HDMI Mini<\/strong> e <strong>Type-C<\/strong> para transfer\u00eancia de v\u00eddeo, dados e energia. Quer utilizes um port\u00e1til, um smartphone ou uma consola de jogos como <strong>a PlayStation 5<\/strong> ou <strong>a Xbox<\/strong>, este monitor adapta-se \u00e0s tuas necessidades. Uma <strong>porta micro-USB<\/strong> permite uma funcionalidade adicional para perif\u00e9ricos como teclados e ratos.  <\/p>\n\n<hr class=\"wp-block-separator has-alpha-channel-opacity\"\/>\n\n<h4 class=\"wp-block-heading\"><strong>Central el\u00e9ctrica port\u00e1til<\/strong><\/h4>\n\n<p>Mant\u00e9m-te produtivo em qualquer lugar com a <strong>bateria<\/strong> incorporada <strong>de 10.000 mAh <\/strong>, que oferece at\u00e9 5 horas de utiliza\u00e7\u00e3o ininterrupta. Leve e compacto, cabe na tua mala, garantindo que o trabalho e o entretenimento com qualidade 4K est\u00e3o sempre ao teu alcance. <\/p>\n\n<hr class=\"wp-block-separator has-alpha-channel-opacity\"\/>\n\n<h4 class=\"wp-block-heading\"><strong>Visualiza\u00e7\u00e3o e \u00e1udio melhorados<\/strong><\/h4>\n\n<p>Desfruta de imagens n\u00edtidas a partir de <strong>\u00e2ngulos de visualiza\u00e7\u00e3o amplos de 85\u00b0<\/strong>, tornando a partilha de ecr\u00e3 perfeita. <strong>As colunas duplas de 1,0 W incorporadas<\/strong> proporcionam um \u00e1udio melhorado, perfeito para jogos casuais, filmes e reuni\u00f5es. Para uma experi\u00eancia de som superior, emparelha-o com auscultadores ou colunas externas. <\/p>\n\n<hr class=\"wp-block-separator has-alpha-channel-opacity\"\/>\n\n<h4 class=\"wp-block-heading\"><strong>Criado para profissionais e criativos<\/strong><\/h4>\n\n<p>Com uma <strong>cobertura 100% sRGB<\/strong> e uma reprodu\u00e7\u00e3o de cores precisa, o monitor satisfaz as exig\u00eancias de <strong>fot\u00f3grafos, editores de v\u00eddeo e designers<\/strong>. O suporte opcional para uma <strong>caneta stylus de n\u00edvel de press\u00e3o 4096<\/strong> abre um mundo de criatividade, desde esbo\u00e7os a designs complexos. <\/p>\n\n<hr class=\"wp-block-separator has-alpha-channel-opacity\"\/>\n\n<h4 class=\"wp-block-heading\"><strong>Resumo das principais carater\u00edsticas<\/strong><\/h4>\n\n<ul class=\"wp-block-list\">\n<li><strong>Ecr\u00e3:<\/strong> 15,6&#8243; 4K UHD (3840 x 2160), profundidade de cor de 10 bits<\/li>\n\n\n\n<li><strong>Ecr\u00e3 t\u00e1til:<\/strong> Capacitivo de 10 pontos G+G laminado<\/li>\n\n\n\n<li><strong>Dura\u00e7\u00e3o da bateria:<\/strong> 10.000 mAh incorporado para 4-5 horas de utiliza\u00e7\u00e3o<\/li>\n\n\n\n<li><strong>Conectividade:<\/strong> Mini HDMI, Tipo C, micro-USB, tomada para auscultadores<\/li>\n\n\n\n<li><strong>Peso:<\/strong> 1,3 kg com um perfil fino e f\u00e1cil de transportar<\/li>\n\n\n\n<li><strong>\u00c1udio:<\/strong> Altifalantes duplos incorporados para um som n\u00edtido<\/li>\n<\/ul>\n\n<hr class=\"wp-block-separator has-alpha-channel-opacity\"\/>\n\n<h4 class=\"wp-block-heading\"><strong>Pr\u00f3s<\/strong><\/h4>\n\n<p><strong>Imagens 4K UHD deslumbrantes<\/strong> com grande precis\u00e3o de cores<br\/>\u2714 <strong>Leve e port\u00e1til<\/strong> para trabalhar e viajar<br\/>\u2714 <strong>Conectividade perfeita<\/strong> para uma utiliza\u00e7\u00e3o vers\u00e1til<br\/>\u2714 <strong>Constru\u00e7\u00e3o em alum\u00ednio dur\u00e1vel<\/strong> para uma fiabilidade duradoura<br\/>\u2714 <strong>Funcionalidade de ecr\u00e3 t\u00e1til<\/strong> para uma intera\u00e7\u00e3o intuitiva<\/p>\n\n<hr class=\"wp-block-separator has-alpha-channel-opacity\"\/>\n\n<h4 class=\"wp-block-heading\"><strong>Contras<\/strong><\/h4>\n\n<p>\u2796 <strong>Caneta Stylus vendida em separado<\/strong> para utilizadores criativos<br\/>\u2796 <strong>Dura\u00e7\u00e3o da bateria limitada<\/strong> para sess\u00f5es prolongadas sem energia<br\/>\u2796 <strong>Os altifalantes incorporados podem n\u00e3o satisfazer os audi\u00f3filos<\/strong><\/p>\n\n<hr class=\"wp-block-separator has-alpha-channel-opacity\"\/>\n\n<h4 class=\"wp-block-heading\"><strong>Conclus\u00e3o: Revoluciona o teu espa\u00e7o de trabalho m\u00f3vel<\/strong><\/h4>\n\n<p>O <strong>Monitor Port\u00e1til 4K de 15,6&#8243;<\/strong> \u00e9 um divisor de \u00e1guas para profissionais, jogadores e criativos que exigem um desempenho excecional num design port\u00e1til. Quer estejas a criar obras-primas, a executar tarefas ou a desfrutar de entretenimento 4K, este monitor proporciona uma nitidez e flexibilidade inigual\u00e1veis. Pronto para redefinir a forma como trabalhas e te divertes? O futuro dos ecr\u00e3s m\u00f3veis est\u00e1 aqui.   <\/p>\n","protected":false},"excerpt":{"rendered":"<ul>\n<li>Ecr\u00e3 t\u00e1til compat\u00edvel com <strong>MacOS<\/strong><\/li>\n<li>Capacidade do ecr\u00e3 t\u00e1til <strong>com caneta inclu\u00edda<\/strong><\/li>\n<li>Caixa dobr\u00e1vel como suporte do monitor<\/li>\n<li>Port\u00e1til e leve<\/li>\n<li><strong>Alimentado por USB<\/strong>, suporta mini-HDMI, USB Type-C<\/li>\n<\/ul>\n[cg_accordion title=\"INFORMA\u00c7\u00d5ES DE PAGAMENTO\"]<\/p>\n<p>Utilizamos a tecnologia mais recente no processamento de pagamentos, o que te permite fazer o checkout atrav\u00e9s do Apple Pay, Google Pay, o teu cart\u00e3o de d\u00e9bito\/cr\u00e9dito, PayPal ou m\u00e9todos BNPL como Klarna, Affirm ou AfterPay para uma experi\u00eancia r\u00e1pida e segura.[\/cg_accordion]\n[cg_accordion title=\"GARANTIA\"]<\/p>\n<p>1 ano de garantia da <a href=\"https:\/\/droix.net\/\" target=\"_blank\" rel=\"nofollow noopener\">DROIX Global<\/a> para a tua paz de esp\u00edrito[\/cg_accordion]\n[cg_accordion title=\"PRE\u00c7OS, IMPOSTOS E ENVIO\"]<\/p>\n<p><strong><u>Nota:<\/u><\/strong><\/p>\n<ul>\n<li>Clientes dos Estados Unidos: O pre\u00e7o apresentado N\u00c3O inclui TAXAS nem impostos. O cliente \u00e9 respons\u00e1vel pelo desalfandegamento e pelo pagamento de quaisquer impostos ou taxas associadas. <\/li>\n<li>Clientes da UE: O pre\u00e7o apresentado inclui o IMPOSTO aplic\u00e1vel, que pode ir at\u00e9 25%, dependendo do teu pa\u00eds.<\/li>\n<li>Clientes do Canad\u00e1: O pre\u00e7o apresentado inclui os impostos aplic\u00e1veis, que podem incluir 5% de GST e impostos adicionais sobre vendas provinciais (PST), imposto sobre vendas harmonizado (HST) ou imposto sobre vendas do Quebeque (QST), dependendo da tua prov\u00edncia.<\/li>\n<\/ul>\n<p><strong>APENAS para clientes da UE:<\/strong> Entrega expressa DDP (Delivered Duty Paid). Isto significa que: <\/p>\n<ul>\n<li>Todos os direitos aduaneiros e impostos est\u00e3o inclu\u00eddos no pre\u00e7o apresentado na p\u00e1gina do produto.<\/li>\n<li>N\u00e3o ter\u00e1s de pagar quaisquer encargos adicionais aquando da entrega.<\/li>\n<li>Na rara eventualidade de problemas relacionados com a alf\u00e2ndega, a nossa equipa tratar\u00e1 do processo de desalfandegamento em teu nome para garantir uma experi\u00eancia de entrega sem problemas.<\/li>\n<p>Informa\u00e7\u00f5es importantes sobre devolu\u00e7\u00f5es:<\/p>\n<li>Se decidires devolver a tua encomenda ou pedir um reembolso, tem em aten\u00e7\u00e3o que os impostos e direitos pagos em teu nome ao abrigo das condi\u00e7\u00f5es DDP n\u00e3o podem ser reembolsados.<\/li>\n<p>Consulta os nossos <a href=\"https:\/\/ayaneo.co\/terms-of-service-2\/\" target=\"_blank\" rel=\"nofollow noopener\">Termos e Condi\u00e7\u00f5es<\/a> para obteres informa\u00e7\u00f5es detalhadas.\n<\/ul>\n<p>[\/cg_accordion]\n[cg_accordion title=\"APOIO AO CLIENTE\"]<\/p>\n<p>Tens uma pergunta? Estamos a uma curta mensagem de texto de ter o teu problema resolvido!<br \/>\n[\/cg_accordion]\n","protected":false},"featured_media":16610,"template":"","meta":{"_acf_changed":false},"product_brand":[],"product_cat":[1210],"product_tag":[],"class_list":{"0":"post-16607","1":"product","2":"type-product","3":"status-publish","4":"has-post-thumbnail","6":"product_cat-monitores-portateis","7":"product_shipping_class-standard","8":"pa_brand-droix","10":"first","11":"outofstock","12":"sale","13":"taxable","14":"shipping-taxable","15":"purchasable","16":"product-type-variable","17":"has-default-attributes"},"acf":[],"_links":{"self":[{"href":"https:\/\/ayaneo.co\/pt-pt\/wp-json\/wp\/v2\/product\/16607","targetHints":{"allow":["GET"]}}],"collection":[{"href":"https:\/\/ayaneo.co\/pt-pt\/wp-json\/wp\/v2\/product"}],"about":[{"href":"https:\/\/ayaneo.co\/pt-pt\/wp-json\/wp\/v2\/types\/product"}],"wp:featuredmedia":[{"embeddable":true,"href":"https:\/\/ayaneo.co\/pt-pt\/wp-json\/wp\/v2\/media\/16610"}],"wp:attachment":[{"href":"https:\/\/ayaneo.co\/pt-pt\/wp-json\/wp\/v2\/media?parent=16607"}],"wp:term":[{"taxonomy":"product_brand","embeddable":true,"href":"https:\/\/ayaneo.co\/pt-pt\/wp-json\/wp\/v2\/product_brand?post=16607"},{"taxonomy":"product_cat","embeddable":true,"href":"https:\/\/ayaneo.co\/pt-pt\/wp-json\/wp\/v2\/product_cat?post=16607"},{"taxonomy":"product_tag","embeddable":true,"href":"https:\/\/ayaneo.co\/pt-pt\/wp-json\/wp\/v2\/product_tag?post=16607"}],"curies":[{"name":"wp","href":"https:\/\/api.w.org\/{rel}","templated":true}]}}