{"id":16675,"date":"2025-01-29T11:19:41","date_gmt":"2025-01-29T11:19:41","guid":{"rendered":"https:\/\/ayaneo.co\/product\/hub-usb-droix-nh8-com-nvme\/"},"modified":"2025-06-16T15:10:37","modified_gmt":"2025-06-16T15:10:37","slug":"hub-usb-droix-nh8-com-nvme","status":"publish","type":"product","link":"https:\/\/ayaneo.co\/pt-pt\/product\/hub-usb-droix-nh8-com-nvme\/","title":{"rendered":"Hub USB DroiX NH8 com NVMe"},"content":{"rendered":"\n<h2 class=\"wp-block-heading\"><strong>Hub DroiX NH8 com slot NVMe - O melhor hub de conetividade tudo-em-um!<\/strong><\/h2>\n\n<h4 class=\"wp-block-heading\"><strong>Ethernet Gigabit extremamente r\u00e1pida<\/strong><\/h4>\n\n<p>Desfruta de uma conetividade perfeita e de alta velocidade com o <strong>Hub DroiX NH8<\/strong>! A sua <strong>porta Gigabit Ethernet 10\/100\/1000M<\/strong> garante uma <strong>liga\u00e7\u00e3o \u00e0 Internet est\u00e1vel e sem atrasos - perfeita<\/strong>para jogos, streaming e tarefas de alta largura de banda. Diz adeus \u00e0s interrup\u00e7\u00f5es de Wi-Fi e experimenta <strong>um desempenho consistente de velocidade com fios<\/strong>. <\/p>\n\n<h4 class=\"wp-block-heading\"><strong>Impressionante sa\u00edda de v\u00eddeo 4K<\/strong><\/h4>\n\n<p>Melhora a tua experi\u00eancia visual com o <strong>suporte HDMI 2.0<\/strong>, que oferece uma <strong>resolu\u00e7\u00e3o<\/strong> at\u00e9 <strong>4096&#215;2160 a 60Hz<\/strong>. Quer estejas <strong>a ver filmes, a apresentar trabalhos ou a jogar em alta defini\u00e7\u00e3o<\/strong>, desfruta de imagens ultra-n\u00edtidas, cores vibrantes e <strong>movimentos suaves<\/strong>. <\/p>\n\n<h4 class=\"wp-block-heading\"><strong>Expande o teu armazenamento com facilidade<\/strong><\/h4>\n\n<p>Est\u00e1s a ficar sem espa\u00e7o? O <strong>DroiX NH8 Hub<\/strong> possui um <strong>slot PCIe NVMe integrado<\/strong>, oferecendo expans\u00e3o de armazenamento extremamente r\u00e1pida. Ideal para <strong>transfer\u00eancias de dados a alta velocidade, ficheiros grandes e aplica\u00e7\u00f5es de alto desempenho<\/strong>, esta funcionalidade mant\u00e9m o teu sistema a funcionar de forma eficiente.  <\/p>\n\n<h4 class=\"wp-block-heading\"><strong>Transfer\u00eancias de dados superalimentadas<\/strong><\/h4>\n\n<p>Transfere ficheiros grandes num instante com a <strong>porta USB Type-A 3.0<\/strong>. Quer estejas a fazer c\u00f3pias de seguran\u00e7a de dados, a sincronizar dispositivos ou <strong>a alimentar perif\u00e9ricos<\/strong>, experimenta <strong>velocidades de transfer\u00eancia de dados r\u00e1pidas<\/strong> que agilizam o teu fluxo de trabalho. <\/p>\n\n<h4 class=\"wp-block-heading\"><strong>Compatibilidade universal com USB tipo C<\/strong><\/h4>\n\n<p>Equipado com uma <strong>liga\u00e7\u00e3o USB Type-C vers\u00e1til<\/strong>, o <strong>Hub NH8<\/strong> garante <strong>uma ampla compatibilidade de dispositivos<\/strong>. Desfruta de <strong>uma transfer\u00eancia de dados r\u00e1pida, fornecimento de energia eficiente e conetividade sem problemas<\/strong> entre <strong>computadores port\u00e1teis, mini PCs, dispositivos de jogos e muito mais - tudo<\/strong>com um \u00fanico cabo. <\/p>\n\n<h4 class=\"wp-block-heading\"><strong>Acesso aos meios de comunica\u00e7\u00e3o sem esfor\u00e7o<\/strong><\/h4>\n\n<p>Com o seu <strong>leitor de cart\u00f5es SD e Micro SD incorporado<\/strong>, o <strong>DroiX NH8 Hub<\/strong> facilita o <strong>acesso, a transfer\u00eancia e o backup dos teus ficheiros<\/strong>. Quer se trate de fotos, v\u00eddeos ou documentos importantes, obt\u00e9m acesso r\u00e1pido aos teus suportes sem adaptadores extra. <\/p>\n\n<h4 class=\"wp-block-heading\"><strong>Versatilidade e desempenho inigual\u00e1veis<\/strong><\/h4>\n\n<p>Projetado para <strong>PCs, laptops, mini PCs e dispositivos port\u00e1teis para jogos<\/strong>, o <strong>Hub DroiX NH8<\/strong> \u00e9 mais do que apenas um acess\u00f3rio - \u00e9 uma <strong>solu\u00e7\u00e3o de conetividade essencial<\/strong>. <strong>Compacto, poderoso e confi\u00e1vel<\/strong>, \u00e9 a <strong>ferramenta definitiva<\/strong> para trabalho, entretenimento e tudo mais.<\/p>\n\n<h3 class=\"wp-block-heading\"><strong>Melhora a tua conetividade com o Hub DroiX NH8!<\/strong><\/h3>\n\n<p>Experimenta um <strong>desempenho e comodidade de n\u00edvel superior<\/strong> com um hub concebido para <strong>velocidade, efici\u00eancia e versatilidade<\/strong>. <strong>Simplifica a tua configura\u00e7\u00e3o e aumenta o teu fluxo de trabalho hoje mesmo!<\/strong><\/p>\n\n<p>Para uma configura\u00e7\u00e3o passo a passo, consulta o nosso <strong>guia de Introdu\u00e7\u00e3o ao Hub USB DroiX NH8<\/strong>.<\/p>\n\n<p><\/p>\n","protected":false},"excerpt":{"rendered":"<ul>\n<li>Hub USB DroiX<strong> NH8 <\/strong>com NVMe<\/li>\n<li>Ethernet Gigabit <strong>10\/100\/1000M<\/strong> <\/li>\n<li><strong>Ranhura PCIe NVMe incorporada<\/strong> para expans\u00e3o do armazenamento<\/li>\n<li><strong>Sa\u00edda de ecr\u00e3 4K<\/strong> atrav\u00e9s de HDMI<\/li>\n<li><strong>Ranhura para cart\u00e3o MicroSD \/ SD<\/strong> - At\u00e9 5 Gbps<\/li>\n<\/ul>\n[cg_accordion title=\"INFORMA\u00c7\u00d5ES DE PAGAMENTO\"]<\/p>\n<p>Utilizamos a tecnologia mais recente no processamento de pagamentos, o que te permite fazer o checkout atrav\u00e9s do Apple Pay, Google Pay, o teu cart\u00e3o de d\u00e9bito\/cr\u00e9dito, PayPal ou m\u00e9todos BNPL como Klarna, Affirm ou AfterPay para uma experi\u00eancia r\u00e1pida e segura.[\/cg_accordion]\n[cg_accordion title=\"GARANTIA\"]<\/p>\n<p>1 ano de garantia da <a href=\"https:\/\/droix.net\/\" target=\"_blank\" rel=\"nofollow noopener\">DROIX Global<\/a> para a tua paz de esp\u00edrito[\/cg_accordion]\n[cg_accordion title=\"PRE\u00c7OS, IMPOSTOS E ENVIO\"]<\/p>\n<p><strong><u>Nota:<\/u><\/strong><\/p>\n<ul>\n<li>Clientes dos Estados Unidos: O pre\u00e7o apresentado N\u00c3O inclui TAXAS nem impostos. O cliente \u00e9 respons\u00e1vel pelo desalfandegamento e pelo pagamento de quaisquer impostos ou taxas associadas. <\/li>\n<li>Clientes da UE: O pre\u00e7o apresentado inclui o IMPOSTO aplic\u00e1vel, que pode ir at\u00e9 25%, dependendo do teu pa\u00eds.<\/li>\n<li>Clientes do Canad\u00e1: O pre\u00e7o apresentado inclui os impostos aplic\u00e1veis, que podem incluir 5% de GST e impostos adicionais sobre vendas provinciais (PST), imposto sobre vendas harmonizado (HST) ou imposto sobre vendas do Quebeque (QST), dependendo da tua prov\u00edncia.<\/li>\n<\/ul>\n<p><strong>APENAS para clientes da UE:<\/strong> Entrega expressa DDP (Delivered Duty Paid). Isto significa que: <\/p>\n<ul>\n<li>Todos os direitos aduaneiros e impostos est\u00e3o inclu\u00eddos no pre\u00e7o apresentado na p\u00e1gina do produto.<\/li>\n<li>N\u00e3o ter\u00e1s de pagar quaisquer encargos adicionais aquando da entrega.<\/li>\n<li>Na rara eventualidade de problemas relacionados com a alf\u00e2ndega, a nossa equipa tratar\u00e1 do processo de desalfandegamento em teu nome para garantir uma experi\u00eancia de entrega sem problemas.<\/li>\n<p>Informa\u00e7\u00f5es importantes sobre devolu\u00e7\u00f5es:<\/p>\n<li>Se decidires devolver a tua encomenda ou pedir um reembolso, tem em aten\u00e7\u00e3o que os impostos e direitos pagos em teu nome ao abrigo das condi\u00e7\u00f5es DDP n\u00e3o podem ser reembolsados.<\/li>\n<p>Consulta os nossos <a href=\"https:\/\/ayaneo.co\/pt-pt\/termos-de-servico\/\" target=\"_blank\" rel=\"nofollow noopener\">Termos e Condi\u00e7\u00f5es<\/a> para obteres informa\u00e7\u00f5es detalhadas.\n<\/ul>\n<p>[\/cg_accordion]\n[cg_accordion title=\"APOIO AO CLIENTE\"]<\/p>\n<p>Tens uma pergunta? Estamos a uma curta mensagem de texto de ter o teu problema resolvido!<br \/>\n[\/cg_accordion]\n","protected":false},"featured_media":16678,"template":"","meta":{"_acf_changed":false},"product_brand":[],"product_cat":[1192],"product_tag":[],"class_list":{"0":"post-16675","1":"product","2":"type-product","3":"status-publish","4":"has-post-thumbnail","6":"product_cat-acessorios","7":"product_shipping_class-low-end","8":"pa_brand-droix","10":"first","11":"outofstock","12":"sale","13":"taxable","14":"shipping-taxable","15":"purchasable","16":"product-type-variable","17":"has-default-attributes"},"acf":[],"_links":{"self":[{"href":"https:\/\/ayaneo.co\/pt-pt\/wp-json\/wp\/v2\/product\/16675","targetHints":{"allow":["GET"]}}],"collection":[{"href":"https:\/\/ayaneo.co\/pt-pt\/wp-json\/wp\/v2\/product"}],"about":[{"href":"https:\/\/ayaneo.co\/pt-pt\/wp-json\/wp\/v2\/types\/product"}],"wp:featuredmedia":[{"embeddable":true,"href":"https:\/\/ayaneo.co\/pt-pt\/wp-json\/wp\/v2\/media\/16678"}],"wp:attachment":[{"href":"https:\/\/ayaneo.co\/pt-pt\/wp-json\/wp\/v2\/media?parent=16675"}],"wp:term":[{"taxonomy":"product_brand","embeddable":true,"href":"https:\/\/ayaneo.co\/pt-pt\/wp-json\/wp\/v2\/product_brand?post=16675"},{"taxonomy":"product_cat","embeddable":true,"href":"https:\/\/ayaneo.co\/pt-pt\/wp-json\/wp\/v2\/product_cat?post=16675"},{"taxonomy":"product_tag","embeddable":true,"href":"https:\/\/ayaneo.co\/pt-pt\/wp-json\/wp\/v2\/product_tag?post=16675"}],"curies":[{"name":"wp","href":"https:\/\/api.w.org\/{rel}","templated":true}]}}