{"id":16714,"date":"2025-01-29T11:23:32","date_gmt":"2025-01-29T11:23:32","guid":{"rendered":"https:\/\/ayaneo.co\/product\/estacao-de-ancoragem-sd1\/"},"modified":"2025-05-30T15:57:33","modified_gmt":"2025-05-30T15:57:33","slug":"estacao-de-ancoragem-sd1","status":"publish","type":"product","link":"https:\/\/ayaneo.co\/pt-pt\/product\/estacao-de-ancoragem-sd1\/","title":{"rendered":"Esta\u00e7\u00e3o de ancoragem SD1"},"content":{"rendered":"\n<h2 class=\"wp-block-heading\"><strong>Esta\u00e7\u00e3o de ancoragem SD1: Desbloqueia o verdadeiro poder dos jogos port\u00e1teis!<\/strong><\/h2>\n\n<h4 class=\"wp-block-heading\"><strong>A tua porta de entrada para um jogo sem falhas<\/strong><\/h4>\n\n<p>Transforma a tua experi\u00eancia de jogo port\u00e1til com a <strong>Esta\u00e7\u00e3o de Ancoragem SD1 - a<\/strong>derradeira companheira para PCs de jogos port\u00e1teis. Concebida a pensar nos jogadores, a SD1 melhora o desempenho, a conetividade e a comodidade, assegurando que cada sess\u00e3o de jogo \u00e9 perfeita. Desde o <strong>Steam Deck<\/strong> ao <strong>AYA NEO Geek 1S<\/strong>, esta esta\u00e7\u00e3o de ancoragem proporciona uma versatilidade inigual\u00e1vel. Basta acoplar, ligar atrav\u00e9s de USB Type-C e deixar que a SD1 eleve os teus jogos a novos patamares.   <\/p>\n\n<h4 class=\"wp-block-heading\"><strong>Desempenho de Internet extremamente r\u00e1pido<\/strong><\/h4>\n\n<p>Mant\u00e9m-te \u00e0 frente em todas as batalhas com a <strong>porta Gigabit Ethernet RJ45<\/strong> do SD1, que oferece velocidades incr\u00edveis at\u00e9 <strong>1000M<\/strong>. Diz adeus ao lag e ol\u00e1 \u00e0 jogabilidade suave e em tempo real. Quer estejas a explorar mundos expansivos ou a competir em partidas multijogador de alto risco, o SD1 garante uma <strong>liga\u00e7\u00e3o est\u00e1vel e sem interrup\u00e7\u00f5es<\/strong> quando mais importa.  <\/p>\n\n<h4 class=\"wp-block-heading\"><strong>Imagens 4K envolventes<\/strong><\/h4>\n\n<p>Mergulha em detalhes espantosos e cores vibrantes com a <strong>sa\u00edda HDMI 2.0<\/strong> da SD1. Com suporte para uma <strong>resolu\u00e7\u00e3o at\u00e9 4096&#215;2160 a 60Hz<\/strong>, esta esta\u00e7\u00e3o de ancoragem transforma os teus jogos em experi\u00eancias visuais de cortar a respira\u00e7\u00e3o. Cada fotograma \u00e9 n\u00edtido, suave e cheio de vida, tornando os teus t\u00edtulos favoritos ainda mais cativantes.  <\/p>\n\n<h4 class=\"wp-block-heading\"><strong>Poder que te mant\u00e9m a jogar<\/strong><\/h4>\n\n<p>Acabaram-se as interrup\u00e7\u00f5es a meio do jogo! Com o seu <strong>carregamento Power Delivery (PD) de 100W<\/strong>, o SD1 garante que o teu dispositivo se mant\u00e9m carregado mesmo durante as maratonas de jogos. Joga com confian\u00e7a, sabendo que o teu PC de jogos port\u00e1til est\u00e1 continuamente carregado e pronto a funcionar.  <\/p>\n\n<h4 class=\"wp-block-heading\"><strong>Expande a tua configura\u00e7\u00e3o com v\u00e1rias portas<\/strong><\/h4>\n\n<p>Liga-te como um profissional! O SD1 est\u00e1 equipado com <strong>tr\u00eas portas USB Type-A 3.0<\/strong>, permitindo-te ligar perif\u00e9ricos como controladores, auscultadores ou armazenamento externo. Desfruta de <strong>transfer\u00eancias de dados extremamente r\u00e1pidas<\/strong> e de multitarefas sem esfor\u00e7o, sem a confus\u00e3o de adaptadores extra.  <\/p>\n\n<h4 class=\"wp-block-heading\"><strong>Conectividade de n\u00edvel superior<\/strong><\/h4>\n\n<p>Experimenta liga\u00e7\u00f5es est\u00e1veis e de alta velocidade com a <strong>interface USB Type-C<\/strong> do SD1, concebida para compatibilidade e efici\u00eancia universais. Quer transfiras dados ou alimentes o teu dispositivo, o SD1 oferece uma solu\u00e7\u00e3o tudo-em-um para os mais recentes dispositivos de jogos port\u00e1teis. <\/p>\n\n<h4 class=\"wp-block-heading\"><strong>Design de alta qualidade feito para durar<\/strong><\/h4>\n\n<p>Fabricada em <strong>alum\u00ednio cinzento duradouro<\/strong>, a esta\u00e7\u00e3o de ancoragem SD1 tem tanto de elegante como de resistente. O seu design elegante combina na perfei\u00e7\u00e3o com qualquer configura\u00e7\u00e3o, enquanto <strong>as almofadas de silicone pretas<\/strong> proporcionam uma prote\u00e7\u00e3o extra, evitando riscos e assegurando que o teu dispositivo se mant\u00e9m firmemente no lugar. <\/p>\n\n<h4 class=\"wp-block-heading\"><strong>Compatibilidade vers\u00e1til<\/strong><\/h4>\n\n<p>A Docking Station SD1 foi concebida para suportar uma vasta gama de PCs de jogos port\u00e1teis, tornando-a no derradeiro acess\u00f3rio para qualquer jogador. Quer estejas a jogar no <strong>Steam Deck<\/strong><strong>GPD WIN 4 2023<\/strong>, ou <strong>ONEXPLAYER 2<\/strong>, a SD1 assegura uma integra\u00e7\u00e3o perfeita e um desempenho melhorado. Foi rigorosamente testado com os melhores dispositivos, incluindo <strong>ROG Ally<\/strong><strong>AYA NEO 2S<\/strong>, entre outros.  <\/p>\n\n<hr class=\"wp-block-separator has-alpha-channel-opacity\"\/>\n\n<h3 class=\"wp-block-heading\"><strong>Porqu\u00ea escolher a esta\u00e7\u00e3o de ancoragem SD1?<\/strong><\/h3>\n\n<ul class=\"wp-block-list\">\n<li><strong>Internet sem interrup\u00e7\u00f5es<\/strong>: Desfruta de liga\u00e7\u00f5es ultra-r\u00e1pidas e est\u00e1veis.<\/li>\n\n\n\n<li><strong>Impressionante sa\u00edda 4K<\/strong>: Mergulha em imagens vibrantes e suaves.<\/li>\n\n\n\n<li><strong>Carregamento eficiente<\/strong>: Joga durante horas com um fornecimento de energia fi\u00e1vel.<\/li>\n\n\n\n<li><strong>Op\u00e7\u00f5es de portas melhoradas<\/strong>: Liga v\u00e1rios perif\u00e9ricos com facilidade.<\/li>\n\n\n\n<li><strong>Compatibilidade universal<\/strong>: Funciona com todos os teus PCs de jogos port\u00e1teis favoritos.<\/li>\n<\/ul>\n\n<hr class=\"wp-block-separator has-alpha-channel-opacity\"\/>\n\n<h3 class=\"wp-block-heading\"><strong>Leva os teus jogos para o pr\u00f3ximo n\u00edvel<\/strong><\/h3>\n\n<p>Com a <strong>esta\u00e7\u00e3o de ancoragem SD1<\/strong>, cada jogo torna-se numa experi\u00eancia inesquec\u00edvel. Quer estejas a competir, a explorar ou a transmitir, esta esta\u00e7\u00e3o de ancoragem d\u00e1-te as ferramentas para dares o teu melhor.   <strong>Melhora a tua configura\u00e7\u00e3o hoje e abra\u00e7a uma nova era de jogos port\u00e1teis.<\/strong><\/p>\n","protected":false},"excerpt":{"rendered":"<ul>\n<li>Esta\u00e7\u00e3o de ancoragem <strong>SD1 <\/strong><\/li>\n<li>Gigabit Ethernet<\/li>\n<li>100W PD USB-C<\/li>\n<li>Sa\u00edda HDMI<\/li>\n<li><strong>Compat\u00edvel com<\/strong> AYANEO Handhelds e muitos mais<\/li>\n<\/ul>\n[cg_accordion title=\"INFORMA\u00c7\u00d5ES DE PAGAMENTO\"]<\/p>\n<p>Utilizamos a tecnologia mais recente no processamento de pagamentos, o que te permite fazer o checkout atrav\u00e9s do Apple Pay, Google Pay, o teu cart\u00e3o de d\u00e9bito\/cr\u00e9dito, PayPal ou m\u00e9todos BNPL como Klarna, Affirm ou AfterPay para uma experi\u00eancia r\u00e1pida e segura.[\/cg_accordion]\n[cg_accordion title=\"GARANTIA\"]<\/p>\n<p>1 ano de garantia da <a href=\"https:\/\/droix.net\/\" target=\"_blank\" rel=\"nofollow noopener\">DROIX Global<\/a> para a tua paz de esp\u00edrito[\/cg_accordion]\n[cg_accordion title=\"PRE\u00c7OS, IMPOSTOS E ENVIO\"]<\/p>\n<p><strong><u>Nota:<\/u><\/strong><\/p>\n<ul>\n<li>Clientes dos Estados Unidos: O pre\u00e7o apresentado N\u00c3O inclui TAXAS nem impostos. O cliente \u00e9 respons\u00e1vel pelo desalfandegamento e pelo pagamento de quaisquer impostos ou taxas associadas. <\/li>\n<li>Clientes da UE: O pre\u00e7o apresentado inclui o IMPOSTO aplic\u00e1vel, que pode ir at\u00e9 25%, dependendo do teu pa\u00eds.<\/li>\n<li>Clientes do Canad\u00e1: O pre\u00e7o apresentado inclui os impostos aplic\u00e1veis, que podem incluir 5% de GST e impostos adicionais sobre vendas provinciais (PST), imposto sobre vendas harmonizado (HST) ou imposto sobre vendas do Quebeque (QST), dependendo da tua prov\u00edncia.<\/li>\n<\/ul>\n<p><strong>APENAS para clientes da UE:<\/strong> Entrega expressa DDP (Delivered Duty Paid). Isto significa que: <\/p>\n<ul>\n<li>Todos os direitos aduaneiros e impostos est\u00e3o inclu\u00eddos no pre\u00e7o apresentado na p\u00e1gina do produto.<\/li>\n<li>N\u00e3o ter\u00e1s de pagar quaisquer encargos adicionais aquando da entrega.<\/li>\n<li>Na rara eventualidade de problemas relacionados com a alf\u00e2ndega, a nossa equipa tratar\u00e1 do processo de desalfandegamento em teu nome para garantir uma experi\u00eancia de entrega sem problemas.<\/li>\n<p>Informa\u00e7\u00f5es importantes sobre devolu\u00e7\u00f5es:<\/p>\n<li>Se decidires devolver a tua encomenda ou pedir um reembolso, tem em aten\u00e7\u00e3o que os impostos e direitos pagos em teu nome ao abrigo das condi\u00e7\u00f5es DDP n\u00e3o podem ser reembolsados.<\/li>\n<p>Consulta os nossos <a href=\"https:\/\/ayaneo.co\/terms-of-service-2\/\" target=\"_blank\" rel=\"nofollow noopener\">Termos e Condi\u00e7\u00f5es<\/a> para obteres informa\u00e7\u00f5es detalhadas.\n<\/ul>\n<p>[\/cg_accordion]\n[cg_accordion title=\"APOIO AO CLIENTE\"]<\/p>\n<p>Tens uma pergunta? Estamos a uma curta mensagem de texto de ter o teu problema resolvido!<br \/>\n[\/cg_accordion]\n","protected":false},"featured_media":16723,"template":"","meta":{"_acf_changed":false},"product_brand":[],"product_cat":[1192],"product_tag":[],"class_list":{"0":"post-16714","1":"product","2":"type-product","3":"status-publish","4":"has-post-thumbnail","6":"product_cat-acessorios","7":"product_shipping_class-low-end","8":"pa_accessory-type-docking-station-pt-pt","9":"pa_brand-droix","11":"first","12":"outofstock","13":"sale","14":"taxable","15":"shipping-taxable","16":"purchasable","17":"product-type-simple"},"acf":[],"_links":{"self":[{"href":"https:\/\/ayaneo.co\/pt-pt\/wp-json\/wp\/v2\/product\/16714","targetHints":{"allow":["GET"]}}],"collection":[{"href":"https:\/\/ayaneo.co\/pt-pt\/wp-json\/wp\/v2\/product"}],"about":[{"href":"https:\/\/ayaneo.co\/pt-pt\/wp-json\/wp\/v2\/types\/product"}],"wp:featuredmedia":[{"embeddable":true,"href":"https:\/\/ayaneo.co\/pt-pt\/wp-json\/wp\/v2\/media\/16723"}],"wp:attachment":[{"href":"https:\/\/ayaneo.co\/pt-pt\/wp-json\/wp\/v2\/media?parent=16714"}],"wp:term":[{"taxonomy":"product_brand","embeddable":true,"href":"https:\/\/ayaneo.co\/pt-pt\/wp-json\/wp\/v2\/product_brand?post=16714"},{"taxonomy":"product_cat","embeddable":true,"href":"https:\/\/ayaneo.co\/pt-pt\/wp-json\/wp\/v2\/product_cat?post=16714"},{"taxonomy":"product_tag","embeddable":true,"href":"https:\/\/ayaneo.co\/pt-pt\/wp-json\/wp\/v2\/product_tag?post=16714"}],"curies":[{"name":"wp","href":"https:\/\/api.w.org\/{rel}","templated":true}]}}