{"id":16884,"date":"2025-02-10T12:11:02","date_gmt":"2025-02-10T12:11:02","guid":{"rendered":"https:\/\/ayaneo.co\/product\/ayaneo-3\/"},"modified":"2025-12-02T18:13:13","modified_gmt":"2025-12-02T18:13:13","slug":"ayaneo-3","status":"publish","type":"product","link":"https:\/\/ayaneo.co\/pt-pt\/product\/ayaneo-3\/","title":{"rendered":"AYANEO 3"},"content":{"rendered":"\n<figure class=\"wp-block-video\"><video height=\"360\" style=\"aspect-ratio: 640 \/ 360;\" width=\"640\" controls=\"\" poster=\"https:\/\/ayaneo.co\/wp-content\/uploads\/2025\/02\/maxresdefault-1.jpg\" src=\"https:\/\/ayaneo.co\/wp-content\/uploads\/2025\/02\/videoplayback-1.mp4\"><\/video><\/figure>\n\n<div class=\"wp-block-columns is-layout-flex wp-container-core-columns-is-layout-28f84493 wp-block-columns-is-layout-flex\">\n<div class=\"wp-block-column is-layout-flow wp-block-column-is-layout-flow\">\n<p>Apresentamos a AYANEO 3, a primeira consola de jogos port\u00e1til modular do mundo que redefine os jogos port\u00e1teis com uma personaliza\u00e7\u00e3o e um desempenho sem paralelo. Concebida para os jogadores que procuram uma experi\u00eancia personalizada, a AYANEO 3 oferece funcionalidades inovadoras e especifica\u00e7\u00f5es de topo para satisfazer os entusiastas de jogos casuais e radicais. <\/p>\n\n\n\n<h2 class=\"wp-block-heading\"><strong>Design modular inovador<\/strong><\/h2>\n\n\n\n<p>O AYANEO 3 \u00e9 pioneiro num sistema de controlador modular inovador, que permite aos utilizadores combinar e personalizar livremente os m\u00f3dulos de controlador de acordo com as suas prefer\u00eancias de jogo. Com bot\u00f5es ABXY amov\u00edveis e intercambi\u00e1veis, os jogadores podem configurar at\u00e9 56 combina\u00e7\u00f5es de disposi\u00e7\u00e3o \u00fanicas, garantindo um conforto e controlo ideais para qualquer g\u00e9nero de jogo. Os m\u00f3dulos incluem configura\u00e7\u00f5es de joystick padr\u00e3o, m\u00f3dulos de touchpad para uma jogabilidade FPS melhorada e m\u00f3dulos de combate com seis bot\u00f5es para um controlo preciso    <\/p>\n<\/div>\n<\/div>\n\n<div class=\"wp-block-columns is-layout-flex wp-container-core-columns-is-layout-28f84493 wp-block-columns-is-layout-flex\">\n<div class=\"wp-block-column is-layout-flow wp-block-column-is-layout-flow\" style=\"flex-basis:33.33%\">\n<figure class=\"wp-block-image size-full\"><a href=\"https:\/\/ayaneo.co\/wp-content\/uploads\/2025\/02\/4-1-1024x1024-1.jpg\"><img fetchpriority=\"high\" decoding=\"async\" width=\"1024\" height=\"1024\" src=\"https:\/\/ayaneo.co\/wp-content\/uploads\/2025\/02\/4-1-1024x1024-1.jpg\" alt=\"Ecr&#xE3; OLED:&#10;O ecr&#xE3; OLED apresenta uma taxa de atualiza&#xE7;&#xE3;o r&#xE1;pida de 144 Hz, garantindo movimentos excecionalmente suaves e fluidos nos jogos, reduzindo a desfocagem. Com 800 nits de brilho, proporciona imagens incrivelmente vivas e n&#xED;tidas, mesmo em ambientes com muita luz. A sua cobertura da gama de cores DCI-P3 de 110% proporciona um vasto espetro de cores ricas e precisas para uma experi&#xEA;ncia verdadeiramente envolvente. Este painel premium &#xE9; ideal para quem procura fidelidade visual e capacidade de resposta de topo.   &#10;&#10;Ecr&#xE3; LCD:&#10;O ecr&#xE3; LCD possui uma taxa de atualiza&#xE7;&#xE3;o suave de 120Hz para uma excelente fluidez nos jogos e menos efeitos fantasma. Oferece 500 nits de brilho e 100% de cobertura sRGB, garantindo imagens n&#xED;tidas e com cores precisas para a maioria dos conte&#xFA;dos. Crucialmente, inclui VRR com AMD FreeSync Premium, sincronizando dinamicamente o ecr&#xE3; com a taxa de fotogramas. Isto elimina o efeito de &quot;screen tearing&quot; e &quot;stuttering&quot;, proporcionando uma experi&#xEA;ncia de jogo consistentemente suave e envolvente.   \" class=\"wp-image-37427\" srcset=\"https:\/\/ayaneo.co\/wp-content\/uploads\/2025\/02\/4-1-1024x1024-1.jpg 1024w, https:\/\/ayaneo.co\/wp-content\/uploads\/2025\/02\/4-1-1024x1024-1-300x300.jpg 300w, https:\/\/ayaneo.co\/wp-content\/uploads\/2025\/02\/4-1-1024x1024-1-150x150.jpg 150w, https:\/\/ayaneo.co\/wp-content\/uploads\/2025\/02\/4-1-1024x1024-1-768x768.jpg 768w, https:\/\/ayaneo.co\/wp-content\/uploads\/2025\/02\/4-1-1024x1024-1-65x65.jpg 65w, https:\/\/ayaneo.co\/wp-content\/uploads\/2025\/02\/4-1-1024x1024-1-990x990.jpg 990w, https:\/\/ayaneo.co\/wp-content\/uploads\/2025\/02\/4-1-1024x1024-1-441x441.jpg 441w, https:\/\/ayaneo.co\/wp-content\/uploads\/2025\/02\/4-1-1024x1024-1-100x100.jpg 100w, https:\/\/ayaneo.co\/wp-content\/uploads\/2025\/02\/4-1-1024x1024-1-600x600.jpg 600w\" sizes=\"(max-width: 1024px) 100vw, 1024px\" \/><\/a><\/figure>\n<\/div>\n\n\n\n<div class=\"wp-block-column is-layout-flow wp-block-column-is-layout-flow\" style=\"flex-basis:66.66%\">\n<h2 class=\"wp-block-heading\"><strong>Imagens espectaculares<\/strong><\/h2>\n\n\n\n<ul class=\"wp-block-list\">\n<li><strong>Ecr\u00e3 OLED<\/strong><br\/><strong><br\/><\/strong>O ecr\u00e3 OLED do AYANEO 3 \u00e9 um ecr\u00e3 t\u00e1til de 7 polegadas com uma resolu\u00e7\u00e3o de 1080P e uma propor\u00e7\u00e3o de 16:9. Inclui uma taxa de atualiza\u00e7\u00e3o personaliz\u00e1vel, permitindo aos utilizadores selecionar entre 144Hz, 120Hz, 90Hz e 60Hz. Este ecr\u00e3 oferece um brilho global m\u00e1ximo de 800 nits e suporta qualidade de cor real HDR para luz e sombra realistas. Cobre 110% da gama de cores DCI-P3 e tem um volume de gama de cores sRGB de 150%, proporcionando imagens vibrantes e n\u00edtidas.   <\/li>\n\n\n\n<li><strong>Ecr\u00e3 LCD<\/strong><br\/><strong><br\/><\/strong>A op\u00e7\u00e3o de ecr\u00e3 LCD \u00e9 tamb\u00e9m um ecr\u00e3 t\u00e1til de 7 polegadas com uma resolu\u00e7\u00e3o de 1080P e uma propor\u00e7\u00e3o de 16:9. Oferece taxas de atualiza\u00e7\u00e3o de 120Hz e 60Hz. Com um brilho global m\u00e1ximo de 500 nits, oferece uma cobertura 100% sRGB. O LCD tem um tempo de resposta r\u00e1pido de 7ms e suporta VRR (Taxa de Atualiza\u00e7\u00e3o Vari\u00e1vel) com AMD FreeSync Premium, garantindo uma experi\u00eancia de jogo n\u00edtida, vibrante e sem rasgos. \u00c9 tamb\u00e9m um ecr\u00e3 de paisagem nativo.    <\/li>\n<\/ul>\n\n\n\n<p><br\/>Os ecr\u00e3s LCD e OLED proporcionam uma experi\u00eancia visual envolvente, permitindo aos jogadores desfrutar de gr\u00e1ficos fant\u00e1sticos com uma nitidez excecional.<\/p>\n<\/div>\n<\/div>\n\n<h2 class=\"wp-block-heading has-text-align-center\"><strong>Desempenho de alta pot\u00eancia<\/strong><\/h2>\n\n<p class=\"has-text-align-center\">Debaixo do cap\u00f4, o AYANEO 3 oferece duas op\u00e7\u00f5es de processadores potentes:<\/p>\n\n<div class=\"wp-block-columns is-layout-flex wp-container-core-columns-is-layout-28f84493 wp-block-columns-is-layout-flex\">\n<div class=\"wp-block-column is-layout-flow wp-block-column-is-layout-flow\">\n<figure class=\"wp-block-image size-full\"><a href=\"https:\/\/ayaneo.co\/wp-content\/uploads\/2025\/02\/3-370-1-1024x1024-1.jpg\"><img decoding=\"async\" width=\"1024\" height=\"1024\" src=\"https:\/\/ayaneo.co\/wp-content\/uploads\/2025\/02\/3-370-1-1024x1024-1.jpg\" alt=\"Um gr&#xE1;fico que detalha o &quot;N&#xFA;cleo poderoso, capacidades vers&#xE1;teis&quot; de um dispositivo equipado com o processador &quot;AMD Ryzen AI 9 HX 370&quot;. A imagem mostra v&#xE1;rios componentes e especifica&#xE7;&#xF5;es: &quot;CPU Zen5 New Zen 5&quot;, &quot;12 n&#xFA;cleos 24 threads&quot;, &quot;frequ&#xEA;ncia m&#xE1;xima de n&#xFA;cleo &#xFA;nico de 5,1 GHz&quot;, &quot;AMD Radeon 890M&quot; (GPU com &quot;RDNA 3.5 16CU 2,9 GHz&quot;) e &quot;AMD XDNA 2 NPU 50TOPS&quot;. Destaca &quot;12MB L2 + 24MB L3 cache de alta velocidade&quot; e observa que as arquiteturas de CPU, GPU e NPU foram atualizadas para maior desempenho e efici&#xEA;ncia, tornando-o adequado para jogos e tarefas de IA. Um pequeno texto na parte inferior compara-o com a gera&#xE7;&#xE3;o anterior de processadores AMD AI, mencionando melhorias na pot&#xEA;ncia de computa&#xE7;&#xE3;o NPU, processamento do n&#xFA;cleo da CPU, efici&#xEA;ncia energ&#xE9;tica NPU, velocidade de resposta AI do modelo de linguagem grande e cache L3.   \" class=\"wp-image-37428\" srcset=\"https:\/\/ayaneo.co\/wp-content\/uploads\/2025\/02\/3-370-1-1024x1024-1.jpg 1024w, https:\/\/ayaneo.co\/wp-content\/uploads\/2025\/02\/3-370-1-1024x1024-1-300x300.jpg 300w, https:\/\/ayaneo.co\/wp-content\/uploads\/2025\/02\/3-370-1-1024x1024-1-150x150.jpg 150w, https:\/\/ayaneo.co\/wp-content\/uploads\/2025\/02\/3-370-1-1024x1024-1-768x768.jpg 768w, https:\/\/ayaneo.co\/wp-content\/uploads\/2025\/02\/3-370-1-1024x1024-1-65x65.jpg 65w, https:\/\/ayaneo.co\/wp-content\/uploads\/2025\/02\/3-370-1-1024x1024-1-990x990.jpg 990w, https:\/\/ayaneo.co\/wp-content\/uploads\/2025\/02\/3-370-1-1024x1024-1-441x441.jpg 441w, https:\/\/ayaneo.co\/wp-content\/uploads\/2025\/02\/3-370-1-1024x1024-1-100x100.jpg 100w, https:\/\/ayaneo.co\/wp-content\/uploads\/2025\/02\/3-370-1-1024x1024-1-600x600.jpg 600w\" sizes=\"(max-width: 1024px) 100vw, 1024px\" \/><\/a><\/figure>\n\n\n\n<p><strong>AMD Ryzen\u2122 AI 9 HX 370<\/strong>: Equipado com 12 n\u00facleos e 24 threads, este processador proporciona um desempenho de topo para t\u00edtulos AAA exigentes e multitarefa.<\/p>\n<\/div>\n\n\n\n<div class=\"wp-block-column is-layout-flow wp-block-column-is-layout-flow\">\n<figure class=\"wp-block-image size-full\"><a href=\"https:\/\/ayaneo.co\/wp-content\/uploads\/2025\/02\/3-8840u-1-1024x1024-1.jpg\"><img decoding=\"async\" width=\"1024\" height=\"1024\" src=\"https:\/\/ayaneo.co\/wp-content\/uploads\/2025\/02\/3-8840u-1-1024x1024-1.jpg\" alt=\"Uma infografia de tema negro que destaca as especifica&#xE7;&#xF5;es do processador &quot;AMD Ryzen&#x2122; 7 8840U&quot;. A sec&#xE7;&#xE3;o superior apresenta detalhes sobre o CPU, GPU e NPU: &quot;CPU Zen4&quot;, processo de &quot;4nm&quot;, &quot;frequ&#xEA;ncia m&#xE1;xima de 5,1GHz&quot;, gr&#xE1;ficos &quot;AMD Radeon&#x2122; 780M&quot; com &quot;RDNA 3 12CU 2,7GHz&quot; e &quot;AMD Ryzen&#x2122; AI NPU 16TOPS&quot;. Um bloco central apresenta o chip &quot;AMD Ryzen&#x2122; 7 8840U&quot;, indicando &quot;38TOPS de desempenho global&quot;. A sec&#xE7;&#xE3;o inferior apresenta detalhes sobre a mem&#xF3;ria e o armazenamento: &quot;Mem&#xF3;ria LPDDR5X 7500MT\/s&quot; (at&#xE9; 64GB dispon&#xED;veis para tarefas pesadas) e &quot;SSD M.2 2280 PCIe 4.0&quot; (ultrarr&#xE1;pido, mainstream e expans&#xED;vel).    \" class=\"wp-image-37429\" srcset=\"https:\/\/ayaneo.co\/wp-content\/uploads\/2025\/02\/3-8840u-1-1024x1024-1.jpg 1024w, https:\/\/ayaneo.co\/wp-content\/uploads\/2025\/02\/3-8840u-1-1024x1024-1-300x300.jpg 300w, https:\/\/ayaneo.co\/wp-content\/uploads\/2025\/02\/3-8840u-1-1024x1024-1-150x150.jpg 150w, https:\/\/ayaneo.co\/wp-content\/uploads\/2025\/02\/3-8840u-1-1024x1024-1-768x768.jpg 768w, https:\/\/ayaneo.co\/wp-content\/uploads\/2025\/02\/3-8840u-1-1024x1024-1-65x65.jpg 65w, https:\/\/ayaneo.co\/wp-content\/uploads\/2025\/02\/3-8840u-1-1024x1024-1-990x990.jpg 990w, https:\/\/ayaneo.co\/wp-content\/uploads\/2025\/02\/3-8840u-1-1024x1024-1-441x441.jpg 441w, https:\/\/ayaneo.co\/wp-content\/uploads\/2025\/02\/3-8840u-1-1024x1024-1-100x100.jpg 100w, https:\/\/ayaneo.co\/wp-content\/uploads\/2025\/02\/3-8840u-1-1024x1024-1-600x600.jpg 600w\" sizes=\"(max-width: 1024px) 100vw, 1024px\" \/><\/a><\/figure>\n\n\n\n<p><strong>AMD Ryzen\u2122 7 8840U<\/strong>: Um processador equilibrado que oferece um desempenho fi\u00e1vel tanto para sess\u00f5es de jogos de alta exig\u00eancia como para sess\u00f5es de jogos casuais.<\/p>\n<\/div>\n<\/div>\n\n<p>Em conjunto com at\u00e9 64GB de RAM LPDDR5X e at\u00e9 4TB de armazenamento PCIe 4.0 SSD, o AYANEO 3 garante tempos de carregamento r\u00e1pidos e um espa\u00e7o amplo para a tua biblioteca de jogos.<\/p>\n\n<h3 class=\"wp-block-heading\"><strong>Controlos melhorados<\/strong><\/h3>\n\n<p>Experimenta um controlo superior com as funcionalidades avan\u00e7adas do AYANEO 3:<\/p>\n\n<div class=\"wp-block-columns is-layout-flex wp-container-core-columns-is-layout-28f84493 wp-block-columns-is-layout-flex\">\n<div class=\"wp-block-column is-layout-flow wp-block-column-is-layout-flow\">\n<figure class=\"wp-block-image size-full\"><a href=\"https:\/\/ayaneo.co\/wp-content\/uploads\/2025\/02\/Dual-Stage-Hall-Effect-Triggers-1024x1024-1.jpg\"><img loading=\"lazy\" decoding=\"async\" width=\"1024\" height=\"1024\" src=\"https:\/\/ayaneo.co\/wp-content\/uploads\/2025\/02\/Dual-Stage-Hall-Effect-Triggers-1024x1024-1.jpg\" alt=\"Um grande plano de uma m&#xE3;o segurando um controlador de jogos ou dispositivo port&#xE1;til de cor escura, destacando especificamente o bot&#xE3;o do gatilho do ombro. A imagem &#xE9; banhada por uma luz azul e o texto branco no topo diz &quot;Agile Hall Triggers&quot;. \" class=\"wp-image-37430\" srcset=\"https:\/\/ayaneo.co\/wp-content\/uploads\/2025\/02\/Dual-Stage-Hall-Effect-Triggers-1024x1024-1.jpg 1024w, https:\/\/ayaneo.co\/wp-content\/uploads\/2025\/02\/Dual-Stage-Hall-Effect-Triggers-1024x1024-1-300x300.jpg 300w, https:\/\/ayaneo.co\/wp-content\/uploads\/2025\/02\/Dual-Stage-Hall-Effect-Triggers-1024x1024-1-150x150.jpg 150w, https:\/\/ayaneo.co\/wp-content\/uploads\/2025\/02\/Dual-Stage-Hall-Effect-Triggers-1024x1024-1-768x768.jpg 768w, https:\/\/ayaneo.co\/wp-content\/uploads\/2025\/02\/Dual-Stage-Hall-Effect-Triggers-1024x1024-1-65x65.jpg 65w, https:\/\/ayaneo.co\/wp-content\/uploads\/2025\/02\/Dual-Stage-Hall-Effect-Triggers-1024x1024-1-990x990.jpg 990w, https:\/\/ayaneo.co\/wp-content\/uploads\/2025\/02\/Dual-Stage-Hall-Effect-Triggers-1024x1024-1-441x441.jpg 441w, https:\/\/ayaneo.co\/wp-content\/uploads\/2025\/02\/Dual-Stage-Hall-Effect-Triggers-1024x1024-1-100x100.jpg 100w, https:\/\/ayaneo.co\/wp-content\/uploads\/2025\/02\/Dual-Stage-Hall-Effect-Triggers-1024x1024-1-600x600.jpg 600w\" sizes=\"(max-width: 1024px) 100vw, 1024px\" \/><\/a><\/figure>\n\n\n\n<h3 class=\"wp-block-heading\"><strong>Disparadores de efeito Hall de duplo est\u00e1gio<\/strong> <\/h3>\n\n\n\n<p>Alterna entre um curso longo de 7,5 mm para um controlo preciso e um curso curto de 3 mm para entradas r\u00e1pidas, adaptando-se a diferentes cen\u00e1rios de jogo.<\/p>\n<\/div>\n\n\n\n<div class=\"wp-block-column is-layout-flow wp-block-column-is-layout-flow\">\n<figure class=\"wp-block-image size-full\"><a href=\"https:\/\/ayaneo.co\/wp-content\/uploads\/2025\/02\/Magnetic-Suspension-Motor.jpg\"><img loading=\"lazy\" decoding=\"async\" width=\"1500\" height=\"1500\" src=\"https:\/\/ayaneo.co\/wp-content\/uploads\/2025\/02\/Magnetic-Suspension-Motor.jpg\" alt=\"Uma vista interna de um dispositivo, mostrando um &quot;Motor de suspens&#xE3;o magn&#xE9;tica&quot;. O motor &#xE9; um componente cil&#xED;ndrico com um brilho azul brilhante no centro, inserido numa placa de circuitos complexa ou numa estrutura interna apresentada em tons escuros. \" class=\"wp-image-37431\" srcset=\"https:\/\/ayaneo.co\/wp-content\/uploads\/2025\/02\/Magnetic-Suspension-Motor.jpg 1500w, https:\/\/ayaneo.co\/wp-content\/uploads\/2025\/02\/Magnetic-Suspension-Motor-300x300.jpg 300w, https:\/\/ayaneo.co\/wp-content\/uploads\/2025\/02\/Magnetic-Suspension-Motor-1024x1024.jpg 1024w, https:\/\/ayaneo.co\/wp-content\/uploads\/2025\/02\/Magnetic-Suspension-Motor-150x150.jpg 150w, https:\/\/ayaneo.co\/wp-content\/uploads\/2025\/02\/Magnetic-Suspension-Motor-768x768.jpg 768w, https:\/\/ayaneo.co\/wp-content\/uploads\/2025\/02\/Magnetic-Suspension-Motor-65x65.jpg 65w, https:\/\/ayaneo.co\/wp-content\/uploads\/2025\/02\/Magnetic-Suspension-Motor-990x990.jpg 990w, https:\/\/ayaneo.co\/wp-content\/uploads\/2025\/02\/Magnetic-Suspension-Motor-441x441.jpg 441w, https:\/\/ayaneo.co\/wp-content\/uploads\/2025\/02\/Magnetic-Suspension-Motor-100x100.jpg 100w, https:\/\/ayaneo.co\/wp-content\/uploads\/2025\/02\/Magnetic-Suspension-Motor-600x600.jpg 600w\" sizes=\"(max-width: 1500px) 100vw, 1500px\" \/><\/a><\/figure>\n\n\n\n<h3 class=\"wp-block-heading\"><strong>Motor de suspens\u00e3o magn\u00e9tica<\/strong> <\/h3>\n\n\n\n<p>Desenvolvida em colabora\u00e7\u00e3o com a GuliKit Technology, esta funcionalidade suporta os modos de vibra\u00e7\u00e3o do motor linear e do rotor, proporcionando um feedback h\u00e1ptico realista e envolvente.<\/p>\n<\/div>\n\n\n\n<div class=\"wp-block-column is-layout-flow wp-block-column-is-layout-flow\">\n<figure class=\"wp-block-image size-full\"><a href=\"https:\/\/ayaneo.co\/wp-content\/uploads\/2025\/02\/Keyboard-and-Mouse-Mode-1024x1024-1.jpg\"><img loading=\"lazy\" decoding=\"async\" width=\"1024\" height=\"1024\" src=\"https:\/\/ayaneo.co\/wp-content\/uploads\/2025\/02\/Keyboard-and-Mouse-Mode-1024x1024-1.jpg\" alt=\"M&#xE3;os segurando um dispositivo de jogo port&#xE1;til preto com um ecr&#xE3; que apresenta uma interface de utilizador para defini&#xE7;&#xF5;es ou configura&#xE7;&#xE3;o. O texto branco na parte superior da imagem diz &quot;Modo teclado-rato ao n&#xED;vel do hardware&quot;, indicando uma carater&#xED;stica do dispositivo. \" class=\"wp-image-37432\" srcset=\"https:\/\/ayaneo.co\/wp-content\/uploads\/2025\/02\/Keyboard-and-Mouse-Mode-1024x1024-1.jpg 1024w, https:\/\/ayaneo.co\/wp-content\/uploads\/2025\/02\/Keyboard-and-Mouse-Mode-1024x1024-1-300x300.jpg 300w, https:\/\/ayaneo.co\/wp-content\/uploads\/2025\/02\/Keyboard-and-Mouse-Mode-1024x1024-1-150x150.jpg 150w, https:\/\/ayaneo.co\/wp-content\/uploads\/2025\/02\/Keyboard-and-Mouse-Mode-1024x1024-1-768x768.jpg 768w, https:\/\/ayaneo.co\/wp-content\/uploads\/2025\/02\/Keyboard-and-Mouse-Mode-1024x1024-1-65x65.jpg 65w, https:\/\/ayaneo.co\/wp-content\/uploads\/2025\/02\/Keyboard-and-Mouse-Mode-1024x1024-1-990x990.jpg 990w, https:\/\/ayaneo.co\/wp-content\/uploads\/2025\/02\/Keyboard-and-Mouse-Mode-1024x1024-1-441x441.jpg 441w, https:\/\/ayaneo.co\/wp-content\/uploads\/2025\/02\/Keyboard-and-Mouse-Mode-1024x1024-1-100x100.jpg 100w, https:\/\/ayaneo.co\/wp-content\/uploads\/2025\/02\/Keyboard-and-Mouse-Mode-1024x1024-1-600x600.jpg 600w\" sizes=\"(max-width: 1024px) 100vw, 1024px\" \/><\/a><\/figure>\n\n\n\n<h3 class=\"wp-block-heading\"><strong>Modo de teclado e rato<\/strong><\/h3>\n\n\n\n<p>Alterna facilmente entre entradas de controlador e de teclado\/rato, aumentando a versatilidade em v\u00e1rias aplica\u00e7\u00f5es de jogos e de produtividade.<\/p>\n<\/div>\n<\/div>\n\n<h3 class=\"wp-block-heading\"><strong>\u00c1udio Imersivo<\/strong><\/h3>\n\n<p>O AYANEO 3 proporciona uma experi\u00eancia de \u00e1udio emocionante com os seus altifalantes duplos sim\u00e9tricos HyperSound 2.0, proporcionando um som n\u00edtido e potente que melhora a imers\u00e3o no jogo.<\/p>\n\n<h3 class=\"wp-block-heading\"><strong>Experi\u00eancia do utilizador<\/strong><\/h3>\n\n<p>Executado em Windows 11, o AYANEO 3 suporta v\u00e1rias aplica\u00e7\u00f5es, desde t\u00edtulos AAA exigentes a ferramentas de produtividade essenciais, tornando-o um companheiro vers\u00e1til tanto para trabalho como para divers\u00e3o. O dispositivo apresenta um design ergon\u00f3mico com controlos personaliz\u00e1veis, garantindo conforto durante sess\u00f5es de jogo prolongadas. As op\u00e7\u00f5es de conetividade robustas, incluindo portas USB4 duplas e uma interface OCuLink para liga\u00e7\u00f5es de alta velocidade, facilitam uma integra\u00e7\u00e3o perfeita em qualquer ambiente.  <\/p>\n\n<h3 class=\"wp-block-heading\"><strong>Conclus\u00e3o<\/strong><\/h3>\n\n<p>O AYANEO 3 estabelece um novo padr\u00e3o em jogos port\u00e1teis, combinando um design modular inovador com hardware de alto desempenho. Os seus controlos personaliz\u00e1veis, visuais deslumbrantes e poderosas capacidades de processamento fazem dele a melhor escolha para os jogadores que procuram uma experi\u00eancia de jogo personalizada e envolvente. Abra\u00e7a o futuro dos jogos port\u00e1teis com o AYANEO 3.  <\/p>\n","protected":false},"excerpt":{"rendered":"<ul>\n<li>AMD <strong>Ryzen\u2122 AI 9 HX 370<\/strong> \/ <strong>Ryzen\u2122 7 8840U<\/strong><\/li>\n<li>AMD Radeon <strong>890M<\/strong> \/ <strong>780M<\/strong> \/ 2900 \/ 2700 Mhz<\/li>\n<li>at\u00e9<strong> 64GB LPDDR5X @ 7500 MT\/s<\/strong><\/li>\n<li>at\u00e9<strong> 4TB<\/strong> PCI-E 4.0 NVMe <strong>de alta velocidade<\/strong> SSD<\/li>\n<li>Suporte para WiFi <strong>6E<\/strong> e Bluetooth <strong>5.3<\/strong> <\/li>\n<\/ul>\n<p><img loading=\"lazy\" decoding=\"async\" class=\"alignnone size-full wp-image-12494\" src=\"https:\/\/ayaneo.co\/wp-content\/uploads\/2025\/02\/AYANEO-3-FREE-GIFTS.jpg\" alt=\"Banner promocional para AYANEO 3 brindes, com imagens de uma capa protetora preta e bege, um protetor de ecr\u00e3 e tampas de punho para o dedo polegar. O texto destaca \u201cBrindes gratuitos\u201d, incluindo uma capa de prote\u00e7\u00e3o, um protetor de ecr\u00e3 e uns thumbsticks, que s\u00e3o automaticamente adicionados ao carrinho. A cor da capa \u00e9 baseada no dispositivo selecionado.\" width=\"550\" height=\"140\" srcset=\"https:\/\/ayaneo.co\/wp-content\/uploads\/2025\/02\/AYANEO-3-FREE-GIFTS.jpg 550w, https:\/\/ayaneo.co\/wp-content\/uploads\/2025\/02\/AYANEO-3-FREE-GIFTS-300x76.jpg 300w, https:\/\/ayaneo.co\/wp-content\/uploads\/2025\/02\/AYANEO-3-FREE-GIFTS-441x112.jpg 441w, https:\/\/ayaneo.co\/wp-content\/uploads\/2025\/02\/AYANEO-3-FREE-GIFTS-150x38.jpg 150w\" sizes=\"(max-width: 550px) 100vw, 550px\" \/>  [cg_accordion title=\"INFORMA\u00c7\u00d5ES DE PAGAMENTO\"] Utilizamos a mais recente tecnologia em processamento de pagamentos, o que te permite fazer o checkout atrav\u00e9s do Apple Pay, Google Pay, o teu cart\u00e3o de d\u00e9bito\/cr\u00e9dito, PayPal ou m\u00e9todos BNPL como Klarna, Affirm ou AfterPay para uma experi\u00eancia r\u00e1pida e segura.[\/cg_accordion] [cg_accordion title=\"GARANTIA\"] 1 ano de garantia da <a href=\"https:\/\/droix.net\/\" target=\"_blank\" rel=\"nofollow noopener\">DROIX Global<\/a> para a tua paz de esp\u00edrito[\/cg_accordion] [cg_accordion title=\"GARANTIA DE QUALIDADE E ENSAIOS PR\u00c9-EXPEDI\u00c7\u00c3O\"]  Garante a satisfa\u00e7\u00e3o do cliente ao mais alto n\u00edvel: Todos os aparelhos s\u00e3o submetidos a testes rigorosos e a uma verifica\u00e7\u00e3o de garantia de qualidade em v\u00e1rios pontos antes de serem enviados. A nossa equipa dedicada verifica o desempenho, a funcionalidade e a integridade dos componentes para garantir que o teu dispositivo AYANEO est\u00e1 em perfeitas condi\u00e7\u00f5es de funcionamento \u00e0 chegada, proporcionando-te confian\u00e7a e paz de esp\u00edrito. [\/cg_accordion] [cg_accordion title=\"PRICING, TAXES AND SHIPPING\"] <strong><u>Nota:<\/u><\/strong><\/p>\n<ul>\n<li>Clientes dos Estados Unidos: O pre\u00e7o apresentado N\u00c3O inclui TAXAS nem impostos. O cliente \u00e9 respons\u00e1vel pelo desalfandegamento e pelo pagamento de quaisquer impostos ou taxas associadas. <\/li>\n<li>Clientes da UE: O pre\u00e7o apresentado inclui o IMPOSTO aplic\u00e1vel, que pode ir at\u00e9 25%, dependendo do teu pa\u00eds.<\/li>\n<li>Clientes do Canad\u00e1: O pre\u00e7o apresentado inclui os impostos aplic\u00e1veis, que podem incluir 5% de GST e impostos adicionais sobre vendas provinciais (PST), imposto sobre vendas harmonizado (HST) ou imposto sobre vendas do Quebeque (QST), dependendo da tua prov\u00edncia.<\/li>\n<\/ul>\n<p><strong>APENAS para clientes da UE:<\/strong> Entrega expressa DDP (Delivered Duty Paid). Isto significa que: <\/p>\n<ul>\n<li style=\"list-style-type: none;\">\n<ul>\n<li>Todos os direitos aduaneiros e impostos est\u00e3o inclu\u00eddos no pre\u00e7o apresentado na p\u00e1gina do produto.<\/li>\n<li>N\u00e3o ter\u00e1s de pagar quaisquer encargos adicionais aquando da entrega.<\/li>\n<li>Na rara eventualidade de problemas relacionados com a alf\u00e2ndega, a nossa equipa tratar\u00e1 do processo de desalfandegamento em teu nome para garantir uma experi\u00eancia de entrega sem problemas.<\/li>\n<p>Informa\u00e7\u00f5es importantes sobre devolu\u00e7\u00f5es:<\/p>\n<li>Se decidires devolver a tua encomenda ou pedir um reembolso, tem em aten\u00e7\u00e3o que os impostos e direitos pagos em teu nome ao abrigo das condi\u00e7\u00f5es DDP n\u00e3o podem ser reembolsados.<\/li>\n<p>Consulta a nossa<\/ul>\n<\/li>\n<\/ul>\n<p><a href=\"https:\/\/ayaneo.co\/pt-pt\/termos-de-servico\/\" target=\"_blank\" rel=\"nofollow noopener\">Termos e condi\u00e7\u00f5es<\/a><\/p>\n<ul>para obteres informa\u00e7\u00f5es pormenorizadas.<\/ul>\n<p>[\/cg_accordion] [cg_accordion title=\"APOIO AO CLIENTE\"]  Tens uma pergunta? Estamos a uma curta mensagem de texto de ter o teu problema resolvido! [\/cg_accordion] [cg_accordion title=\"PACKAGE INCLUDES\"]<\/p>\n<ul>\n<li>1x AYANEO 3<\/li>\n<li>1x Ficha de alimenta\u00e7\u00e3o (UE\/EUA)<\/li>\n<li>1x Cabo USB Tipo C<\/li>\n<li>1x Manual do utilizador<\/li>\n<\/ul>\n<p>[\/cg_accordion]<\/p>\n","protected":false},"featured_media":37594,"template":"","meta":{"_acf_changed":false},"product_brand":[],"product_cat":[1225],"product_tag":[1227],"class_list":{"0":"post-16884","1":"product","2":"type-product","3":"status-publish","4":"has-post-thumbnail","6":"product_cat-pcs-portateis-para-jogos","7":"product_tag-jogos-para-pc-portatil","8":"pa_brand-ayaneo","9":"pa_graphics-gpu-model-ryzen-7-8840u-radeon-780m","10":"pa_graphics-gpu-model-ryzen-ai-9-hx-370-radeon-890m","11":"pa_operating-system-windows-11","12":"pa_processor-cpu-brand-amd","14":"first","15":"instock","16":"taxable","17":"shipping-taxable","18":"purchasable","19":"product-type-variable","20":"has-default-attributes"},"acf":[],"_links":{"self":[{"href":"https:\/\/ayaneo.co\/pt-pt\/wp-json\/wp\/v2\/product\/16884","targetHints":{"allow":["GET"]}}],"collection":[{"href":"https:\/\/ayaneo.co\/pt-pt\/wp-json\/wp\/v2\/product"}],"about":[{"href":"https:\/\/ayaneo.co\/pt-pt\/wp-json\/wp\/v2\/types\/product"}],"wp:featuredmedia":[{"embeddable":true,"href":"https:\/\/ayaneo.co\/pt-pt\/wp-json\/wp\/v2\/media\/37594"}],"wp:attachment":[{"href":"https:\/\/ayaneo.co\/pt-pt\/wp-json\/wp\/v2\/media?parent=16884"}],"wp:term":[{"taxonomy":"product_brand","embeddable":true,"href":"https:\/\/ayaneo.co\/pt-pt\/wp-json\/wp\/v2\/product_brand?post=16884"},{"taxonomy":"product_cat","embeddable":true,"href":"https:\/\/ayaneo.co\/pt-pt\/wp-json\/wp\/v2\/product_cat?post=16884"},{"taxonomy":"product_tag","embeddable":true,"href":"https:\/\/ayaneo.co\/pt-pt\/wp-json\/wp\/v2\/product_tag?post=16884"}],"curies":[{"name":"wp","href":"https:\/\/api.w.org\/{rel}","templated":true}]}}