{"id":16943,"date":"2025-02-27T10:35:12","date_gmt":"2025-02-27T10:35:12","guid":{"rendered":"https:\/\/ayaneo.co\/product\/ayaneo-modulos-magicos\/"},"modified":"2025-12-11T00:10:39","modified_gmt":"2025-12-11T00:10:39","slug":"ayaneo-modulos-magicos","status":"publish","type":"product","link":"https:\/\/ayaneo.co\/pt-pt\/product\/ayaneo-modulos-magicos\/","title":{"rendered":"AYANEO M\u00f3dulos m\u00e1gicos"},"content":{"rendered":"\n<h2 class=\"wp-block-heading\">AYANEO Magic Modules - O futuro dos port\u00e1teis modulares<\/h2>\n\n<p>Os <strong>M\u00f3dulos M\u00e1gicosAYANEO <\/strong> redefinem os jogos port\u00e1teis ao introduzir <strong>um ecossistema verdadeiramente modular<\/strong>, permitindo aos utilizadores <strong>melhorar e personalizar a sua experi\u00eancia AYANEO 3<\/strong> com acess\u00f3rios que podem ser trocados e ligados magneticamente. Concebidos para serem flex\u00edveis, estes m\u00f3dulos <strong>expandem a funcionalidade sem comprometer a portabilidade<\/strong>, tornando-os numa mudan\u00e7a de jogo para os entusiastas da tecnologia e para os jogadores. <\/p>\n\n<h2 class=\"wp-block-heading\"><strong>Modularidade magn\u00e9tica sem falhas<\/strong><\/h2>\n\n<p>Com a <strong>inovadora interface magn\u00e9tica doAYANEO<\/strong>, a troca de m\u00f3dulos \u00e9 f\u00e1cil, proporcionando uma <strong>experi\u00eancia plug-and-play<\/strong> adaptada \u00e0s tuas necessidades. Os M\u00f3dulos Magic de primeira gera\u00e7\u00e3o oferecem uma gama de funcionalidades, desde <strong>op\u00e7\u00f5es de entrada melhoradas<\/strong> a <strong>conetividade alargada<\/strong>. <\/p>\n\n<h2 class=\"wp-block-heading\"><strong>Constru\u00eddo para o futuro<\/strong><\/h2>\n\n<p>AYANEO \u00e9 pioneira na <strong>primeira consola de jogos verdadeiramente modular<\/strong>, assegurando <strong>versatilidade a longo prazo<\/strong> com um ecossistema em evolu\u00e7\u00e3o de M\u00f3dulos M\u00e1gicos. Quer sejas um <strong>jogador hardcore<\/strong>, um <strong>profissional criativo<\/strong> ou um <strong>entusiasta da tecnologia<\/strong>, estes acess\u00f3rios permitem-te <strong>adaptar o teu dispositivo a diferentes cen\u00e1rios sem comprometer o desempenho<\/strong>. <\/p>\n\n<h3 class=\"wp-block-heading\"><strong>Controla a tua experi\u00eancia de jogo port\u00e1til com AYANEO Magic Modules!<\/strong><\/h3>\n\n<p><\/p>\n","protected":false},"excerpt":{"rendered":"<ul>\n<li><strong>Design modular<\/strong> - Troca de acess\u00f3rios sem esfor\u00e7o.<\/li>\n<li><strong>Fixa\u00e7\u00e3o magn\u00e9tica<\/strong> - Troca f\u00e1cil de encaixe.<\/li>\n<li><strong>Funcionalidades melhoradas<\/strong> - Actualiza as entradas e a conetividade.<\/li>\n<li><strong>Preparado para o futuro<\/strong> - Expans\u00edvel com novos m\u00f3dulos.<\/li>\n<li><strong>Port\u00e1til e vers\u00e1til<\/strong> - Personaliza\u00e7\u00e3o sem volume.<\/li>\n<\/ul>\n[cg_accordion title=\"INFORMA\u00c7\u00d5ES DE PAGAMENTO\"]<\/p>\n<p>Utilizamos a tecnologia mais recente no processamento de pagamentos, o que te permite fazer o checkout atrav\u00e9s do Apple Pay, Google Pay, o teu cart\u00e3o de d\u00e9bito\/cr\u00e9dito, PayPal ou m\u00e9todos BNPL, como Klarna, Affirm ou AfterPay, para uma experi\u00eancia r\u00e1pida e segura.[\/cg_accordion]\n[cg_accordion title=\"GARANTIA\"]<\/p>\n<p>1 ano de garantia da <a href=\"https:\/\/droix.net\/\" target=\"_blank\" rel=\"nofollow noopener\">DROIX Global<\/a> para a tua paz de esp\u00edrito[\/cg_accordion]\n[cg_accordion title=\"GARANTIA DE QUALIDADE E ENSAIOS PR\u00c9-EXPEDI\u00c7\u00c3O\"]<\/p>\n<p>Garante a satisfa\u00e7\u00e3o do cliente ao mais alto n\u00edvel: Todos os aparelhos s\u00e3o submetidos a testes rigorosos e a uma verifica\u00e7\u00e3o de garantia de qualidade em v\u00e1rios pontos antes de serem enviados. A nossa equipa dedicada verifica o desempenho, a funcionalidade e a integridade dos componentes para garantir que o teu dispositivo AYANEO est\u00e1 em perfeitas condi\u00e7\u00f5es de funcionamento \u00e0 chegada, proporcionando-te confian\u00e7a e paz de esp\u00edrito. [\/cg_accordion]\n[cg_accordion title=\"PRE\u00c7OS, IMPOSTOS E ENVIO\"]<\/p>\n<p><strong><u>Nota:<\/u><\/strong><\/p>\n<ul>\n<li>Clientes dos Estados Unidos: O pre\u00e7o apresentado N\u00c3O inclui TAXAS nem impostos. O cliente \u00e9 respons\u00e1vel pelo desalfandegamento e pelo pagamento de quaisquer impostos ou taxas associadas. <\/li>\n<li>Clientes da UE: O pre\u00e7o apresentado inclui o IMPOSTO aplic\u00e1vel, que pode ir at\u00e9 25%, dependendo do teu pa\u00eds.<\/li>\n<li>Clientes do Canad\u00e1: O pre\u00e7o apresentado inclui os impostos aplic\u00e1veis, que podem incluir 5% de GST e impostos adicionais sobre vendas provinciais (PST), imposto sobre vendas harmonizado (HST) ou imposto sobre vendas do Quebeque (QST), dependendo da tua prov\u00edncia.<\/li>\n<\/ul>\n<p><strong>APENAS para clientes da UE:<\/strong> Entrega expressa DDP (Delivered Duty Paid). Isto significa que: <\/p>\n<ul>\n<li>Todos os direitos aduaneiros e impostos est\u00e3o inclu\u00eddos no pre\u00e7o apresentado na p\u00e1gina do produto.<\/li>\n<li>N\u00e3o ter\u00e1s de pagar quaisquer encargos adicionais aquando da entrega.<\/li>\n<li>Na rara eventualidade de problemas relacionados com a alf\u00e2ndega, a nossa equipa tratar\u00e1 do processo de desalfandegamento em teu nome para garantir uma experi\u00eancia de entrega sem problemas.<\/li>\n<p>Informa\u00e7\u00f5es importantes sobre devolu\u00e7\u00f5es:<\/p>\n<li>Se decidires devolver a tua encomenda ou pedir um reembolso, tem em aten\u00e7\u00e3o que os impostos e direitos pagos em teu nome ao abrigo das condi\u00e7\u00f5es DDP n\u00e3o podem ser reembolsados.<\/li>\n<p>Consulta os nossos <a href=\"https:\/\/ayaneo.co\/pt-pt\/termos-de-servico\/\" target=\"_blank\" rel=\"nofollow noopener\">Termos e Condi\u00e7\u00f5es<\/a> para obteres informa\u00e7\u00f5es detalhadas.\n<\/ul>\n<p>[\/cg_accordion]\n[cg_accordion title=\"APOIO AO CLIENTE\"]<\/p>\n<p>Tens uma pergunta? Estamos a uma curta mensagem de texto de ter o teu problema resolvido! [\/cg_accordion]\n[cg_accordion title=\"O PACOTE INCLUI\"]\n","protected":false},"featured_media":16976,"template":"","meta":{"_acf_changed":false},"product_brand":[],"product_cat":[1192],"product_tag":[],"class_list":{"0":"post-16943","1":"product","2":"type-product","3":"status-publish","4":"has-post-thumbnail","6":"product_cat-acessorios","7":"product_shipping_class-low-end","8":"pa_brand-ayaneo","9":"pa_compatible-with-ayaneo-3-pt-pt","11":"first","12":"instock","13":"sale","14":"taxable","15":"shipping-taxable","16":"purchasable","17":"product-type-variable","18":"has-default-attributes"},"acf":[],"_links":{"self":[{"href":"https:\/\/ayaneo.co\/pt-pt\/wp-json\/wp\/v2\/product\/16943","targetHints":{"allow":["GET"]}}],"collection":[{"href":"https:\/\/ayaneo.co\/pt-pt\/wp-json\/wp\/v2\/product"}],"about":[{"href":"https:\/\/ayaneo.co\/pt-pt\/wp-json\/wp\/v2\/types\/product"}],"wp:featuredmedia":[{"embeddable":true,"href":"https:\/\/ayaneo.co\/pt-pt\/wp-json\/wp\/v2\/media\/16976"}],"wp:attachment":[{"href":"https:\/\/ayaneo.co\/pt-pt\/wp-json\/wp\/v2\/media?parent=16943"}],"wp:term":[{"taxonomy":"product_brand","embeddable":true,"href":"https:\/\/ayaneo.co\/pt-pt\/wp-json\/wp\/v2\/product_brand?post=16943"},{"taxonomy":"product_cat","embeddable":true,"href":"https:\/\/ayaneo.co\/pt-pt\/wp-json\/wp\/v2\/product_cat?post=16943"},{"taxonomy":"product_tag","embeddable":true,"href":"https:\/\/ayaneo.co\/pt-pt\/wp-json\/wp\/v2\/product_tag?post=16943"}],"curies":[{"name":"wp","href":"https:\/\/api.w.org\/{rel}","templated":true}]}}