{"id":17096,"date":"2025-03-17T09:44:54","date_gmt":"2025-03-17T09:44:54","guid":{"rendered":"https:\/\/ayaneo.co\/product\/ayaneo-multi-station-grafite-preto\/"},"modified":"2026-01-06T00:28:51","modified_gmt":"2026-01-06T00:28:51","slug":"ayaneo-multi-station-grafite-preto","status":"publish","type":"product","link":"https:\/\/ayaneo.co\/pt-pt\/product\/ayaneo-multi-station-grafite-preto\/","title":{"rendered":"AYANEO MULTI STATION - Grafite Preto"},"content":{"rendered":"\n<p><span data-contrast=\"none\">A <strong>AYANEO Multi Docking Station<\/strong> liberta todo o potencial do teu AYA NEO com um sistema de ancoragem f\u00e1cil de utilizar com v\u00e1rias portas de expans\u00e3o.  <\/span><\/p>\n\n<p><span data-contrast=\"none\">A AYANEO Multi <strong>Docking Station est\u00e1 dispon\u00edvel em<\/strong> preto grafite. <strong>Suporta todos os modelos AYANEO <\/strong> com uma ficha de base patenteada que pode ser movida para acomodar as localiza\u00e7\u00f5es ligeiramente diferentes da porta USB Tipo C em cada modelo.   <\/span><\/p>\n\n<p><span data-contrast=\"none\">Medindo cerca de<strong> 5,9 x 2,7 x 1,45 polegadas (15,1 x 7,0 x 3,7 cm) e pesando cerca de 200g,<\/strong> a AYANEO Multi Docking Station ocupa um espa\u00e7o m\u00ednimo na secret\u00e1ria, mantendo-se segura na mesma e suportando oito portas de expans\u00e3o.<\/span><span data-ccp-props=\"{\"> <\/span><\/p>\n\n<p><span data-contrast=\"none\">Na parte de tr\u00e1s da AYANEO Multi Docking Station, da esquerda para a direita, encontra-se uma <\/span><a href=\"https:\/\/en.wikipedia.org\/wiki\/USB-C\" target=\"_blank\" rel=\"noopener\"><span data-contrast=\"none\">USB Tipo C<\/span><\/a><span data-contrast=\"none\">  que pode ser utilizada para perif\u00e9ricos, como um disco r\u00edgido externo. Existem duas   <\/span><a href=\"https:\/\/www.viewsonic.com\/library\/tech\/usb-c-usb-b-and-usb-a-whats-the-difference\/\" target=\"_blank\" rel=\"noopener\"><span data-contrast=\"none\">USB-A<\/span><\/a><span data-contrast=\"none\">  que podem ser utilizadas, por exemplo, para o rato e o teclado. A segunda porta USB Tipo C \u00e9 utilizada para a alimenta\u00e7\u00e3o da esta\u00e7\u00e3o de ancoragem e tamb\u00e9m pode carregar os modelos AYANEO ligados. <\/span><span data-ccp-props=\"{\"> <\/span><\/p>\n\n<p><span data-contrast=\"none\">O teu <\/span><a href=\"https:\/\/en.wikipedia.org\/wiki\/HDMI\" target=\"_blank\" rel=\"noopener\"><span data-contrast=\"none\">HDMI<\/span><\/a><span data-contrast=\"none\">  A porta 2.0b pode ser utilizada para a sa\u00edda de v\u00eddeo do teu AYANEO para o teu televisor ou monitor. <strong>Suporta at\u00e9 4K a 60Hz<\/strong>. A porta Gigabit   <\/span><a href=\"https:\/\/en.wikipedia.org\/wiki\/Ethernet\" target=\"_blank\" rel=\"noopener\"><span data-contrast=\"none\">ethernet<\/span><\/a><span data-contrast=\"none\"> assegura que recebe uma transfer\u00eancia de dados segura e de alta velocidade de e para a AYANEO Multi Docking Station.<\/span><span data-ccp-props=\"{\"> <\/span><\/p>\n\n<p><span data-contrast=\"none\">No lado direito da AYANEO Multi Docking Station encontram-se as ranhuras para cart\u00f5es Micro SD e SD.<\/span><span data-ccp-props=\"{\"> <\/span><\/p>\n\n<p><span data-contrast=\"none\">A AYANEO Multi Docking Station \u00e9 compat\u00edvel com <strong>todos os modelos AYANEO, incluindo <\/strong><\/span><strong><a href=\"https:\/\/droix.co.uk\/product\/ayaneo-2\/\" target=\"_blank\" rel=\"noopener\">AYANEO 2<\/a>, AYANEO Geek, <a href=\"https:\/\/droix.co.uk\/product\/ayaneo-air\/\" target=\"_blank\" rel=\"noopener\">AYANEO Air PRO<\/a>, <a href=\"https:\/\/droix.co.uk\/product\/ayaneo-next\/\" target=\"_blank\" rel=\"noopener\">AYANEO NEXT<\/a>, <a href=\"https:\/\/droix.co.uk\/product\/ayaneo-next-pro\/\" target=\"_blank\" rel=\"noopener\">AYANEO Next PRO<\/a>, <a href=\"https:\/\/droix.co.uk\/product\/ayaneo-next\/\" target=\"_blank\" rel=\"noopener\">AYANEO 2021<\/a> e <a href=\"https:\/\/droix.co.uk\/product\/ayaneo-next-pro\/\" target=\"_blank\" rel=\"noopener\">AYANEO 2021 Pro<\/a>. <\/strong> <\/p>\n\n<p><span data-contrast=\"none\">A <strong>AYANEO Multi Docking Station \u00e9 o acompanhamento perfeito para o teu AYAYNEO<\/strong>, transformando-o de um dispositivo port\u00e1til para jogos numa poderosa solu\u00e7\u00e3o semelhante a um PC de secret\u00e1ria com toda a conetividade de que necessitas.<\/span><span data-ccp-props=\"{\"> <\/span><\/p>\n\n<p>Podes ler a nossa <a href=\"https:\/\/droix.co.uk\/blogs\/ayaneo-docking-station-review\/\" target=\"_blank\" rel=\"noopener\">an\u00e1lise daAYANEO Multi Docking Station aqui<\/a>.<\/p>\n\n<figure class=\"wp-block-image aligncenter\"><img decoding=\"async\" src=\"https:\/\/droix.net\/wp-content\/uploads\/2022\/12\/8fb77202211071909143194ready.jpg\" alt=\"\" class=\"wp-image-88164\"\/><\/figure>\n\n<figure class=\"wp-block-image aligncenter\"><img decoding=\"async\" src=\"https:\/\/droix.net\/wp-content\/uploads\/2022\/12\/ea565202211071908508498ready.jpg\" alt=\"\" class=\"wp-image-88174\"\/><\/figure>\n\n<p><\/p>\n","protected":false},"excerpt":{"rendered":"<ul>\n<li><b>Produto oficial AYANEO <\/b><\/li>\n<li><strong>Compat\u00edvel<\/strong> com <strong>todos os AYANEO Handhelds<\/strong><\/li>\n<li><b>Tampa de base patenteada exclusiva<\/b><\/li>\n<li><strong>At\u00e9 8<\/strong> portas de expans\u00e3o<\/li>\n<li>Ranhura para cart\u00e3o MicroSD<\/li>\n<\/ul>\n[cg_accordion title=\"INFORMA\u00c7\u00d5ES DE PAGAMENTO\"]<\/p>\n<p>Utilizamos a tecnologia mais recente no processamento de pagamentos, o que te permite fazer o checkout atrav\u00e9s do Apple Pay, Google Pay, o teu cart\u00e3o de d\u00e9bito\/cr\u00e9dito, PayPal ou m\u00e9todos BNPL, como Klarna, Affirm ou AfterPay, para uma experi\u00eancia r\u00e1pida e segura.[\/cg_accordion]\n[cg_accordion title=\"GARANTIA\"]<\/p>\n<p>1 ano de garantia da <a href=\"https:\/\/droix.net\/\" target=\"_blank\" rel=\"nofollow noopener\">DROIX Global<\/a> para a tua paz de esp\u00edrito[\/cg_accordion]\n[cg_accordion title=\"GARANTIA DE QUALIDADE E ENSAIOS PR\u00c9-EXPEDI\u00c7\u00c3O\"]<\/p>\n<p>Garante a satisfa\u00e7\u00e3o do cliente ao mais alto n\u00edvel: Todos os aparelhos s\u00e3o submetidos a testes rigorosos e a uma verifica\u00e7\u00e3o de garantia de qualidade em v\u00e1rios pontos antes de serem enviados. A nossa equipa dedicada verifica o desempenho, a funcionalidade e a integridade dos componentes para garantir que o teu dispositivo AYANEO est\u00e1 em perfeitas condi\u00e7\u00f5es de funcionamento \u00e0 chegada, proporcionando-te confian\u00e7a e paz de esp\u00edrito. [\/cg_accordion]\n[cg_accordion title=\"PRE\u00c7OS, IMPOSTOS E ENVIO\"]<\/p>\n<p><strong><u>Nota:<\/u><\/strong><\/p>\n<ul>\n<li>Clientes dos Estados Unidos: O pre\u00e7o apresentado N\u00c3O inclui TAXAS nem impostos. O cliente \u00e9 respons\u00e1vel pelo desalfandegamento e pelo pagamento de quaisquer impostos ou taxas associadas. <\/li>\n<li>Clientes da UE: O pre\u00e7o apresentado inclui o IMPOSTO aplic\u00e1vel, que pode ir at\u00e9 25%, dependendo do teu pa\u00eds.<\/li>\n<li>Clientes do Canad\u00e1: O pre\u00e7o apresentado inclui os impostos aplic\u00e1veis, que podem incluir 5% de GST e impostos adicionais sobre vendas provinciais (PST), imposto sobre vendas harmonizado (HST) ou imposto sobre vendas do Quebeque (QST), dependendo da tua prov\u00edncia.<\/li>\n<\/ul>\n<p><strong>APENAS para clientes da UE:<\/strong> Entrega expressa DDP (Delivered Duty Paid). Isto significa que: <\/p>\n<ul>\n<li>Todos os direitos aduaneiros e impostos est\u00e3o inclu\u00eddos no pre\u00e7o apresentado na p\u00e1gina do produto.<\/li>\n<li>N\u00e3o ter\u00e1s de pagar quaisquer encargos adicionais aquando da entrega.<\/li>\n<li>Na rara eventualidade de problemas relacionados com a alf\u00e2ndega, a nossa equipa tratar\u00e1 do processo de desalfandegamento em teu nome para garantir uma experi\u00eancia de entrega sem problemas.<\/li>\n<p>Informa\u00e7\u00f5es importantes sobre devolu\u00e7\u00f5es:<\/p>\n<li>Se decidires devolver a tua encomenda ou pedir um reembolso, tem em aten\u00e7\u00e3o que os impostos e direitos pagos em teu nome ao abrigo das condi\u00e7\u00f5es DDP n\u00e3o podem ser reembolsados.<\/li>\n<p>Consulta os nossos <a href=\"https:\/\/ayaneo.co\/pt-pt\/termos-de-servico\/\" target=\"_blank\" rel=\"nofollow noopener\">Termos e Condi\u00e7\u00f5es<\/a> para obteres informa\u00e7\u00f5es detalhadas.\n<\/ul>\n<p>[\/cg_accordion]\n[cg_accordion title=\"APOIO AO CLIENTE\"]<\/p>\n<p>Tens uma pergunta? Estamos a uma curta mensagem de texto de ter o teu problema resolvido! [\/cg_accordion]\n[cg_accordion title=\"O PACOTE INCLUI\"]<\/p>\n<ul>\n<li>1x AYANEO Esta\u00e7\u00e3o de ancoragem<\/li>\n<\/ul>\n<p>[\/cg_accordion]\n","protected":false},"featured_media":17098,"template":"","meta":{"_acf_changed":false},"product_brand":[],"product_cat":[1192],"product_tag":[],"class_list":{"0":"post-17096","1":"product","2":"type-product","3":"status-publish","4":"has-post-thumbnail","6":"product_cat-acessorios","7":"product_shipping_class-low-end","8":"pa_accessory-type-docking-station-pt-pt","9":"pa_brand-ayaneo","10":"pa_compatible-with-ayaneo-2-pt-pt","11":"pa_compatible-with-ayaneo-2021-pt-pt","12":"pa_compatible-with-ayaneo-3-pt-pt","13":"pa_compatible-with-ayaneo-air-pt-pt","14":"pa_compatible-with-ayaneo-geek-pt-pt","16":"first","17":"instock","18":"taxable","19":"shipping-taxable","20":"purchasable","21":"product-type-simple"},"acf":[],"_links":{"self":[{"href":"https:\/\/ayaneo.co\/pt-pt\/wp-json\/wp\/v2\/product\/17096","targetHints":{"allow":["GET"]}}],"collection":[{"href":"https:\/\/ayaneo.co\/pt-pt\/wp-json\/wp\/v2\/product"}],"about":[{"href":"https:\/\/ayaneo.co\/pt-pt\/wp-json\/wp\/v2\/types\/product"}],"wp:featuredmedia":[{"embeddable":true,"href":"https:\/\/ayaneo.co\/pt-pt\/wp-json\/wp\/v2\/media\/17098"}],"wp:attachment":[{"href":"https:\/\/ayaneo.co\/pt-pt\/wp-json\/wp\/v2\/media?parent=17096"}],"wp:term":[{"taxonomy":"product_brand","embeddable":true,"href":"https:\/\/ayaneo.co\/pt-pt\/wp-json\/wp\/v2\/product_brand?post=17096"},{"taxonomy":"product_cat","embeddable":true,"href":"https:\/\/ayaneo.co\/pt-pt\/wp-json\/wp\/v2\/product_cat?post=17096"},{"taxonomy":"product_tag","embeddable":true,"href":"https:\/\/ayaneo.co\/pt-pt\/wp-json\/wp\/v2\/product_tag?post=17096"}],"curies":[{"name":"wp","href":"https:\/\/api.w.org\/{rel}","templated":true}]}}