{"id":17105,"date":"2025-03-18T15:51:48","date_gmt":"2025-03-18T15:51:48","guid":{"rendered":"https:\/\/ayaneo.co\/product\/ayaneo-estojo-de-bolso-em-micro-couro\/"},"modified":"2026-04-13T10:36:44","modified_gmt":"2026-04-13T10:36:44","slug":"ayaneo-estojo-de-bolso-em-micro-couro","status":"publish","type":"product","link":"https:\/\/ayaneo.co\/pt-pt\/product\/ayaneo-estojo-de-bolso-em-micro-couro\/","title":{"rendered":"AYANEO Pocket Micro Estojo em pele"},"content":{"rendered":"\n<p>D\u00e1 ao teu <strong>AYANEO Pocket Micro<\/strong> a prote\u00e7\u00e3o que ele merece com esta <strong>luxuosa capa em pele<\/strong>! Concebida para um <strong>ajuste perfeito<\/strong>, esta capa combina <strong>eleg\u00e2ncia, durabilidade e portabilidade<\/strong> para manter o teu dispositivo seguro, ao mesmo tempo que mant\u00e9m um aspeto elegante e profissional.<\/p>\n\n<h2 class=\"wp-block-heading\" id=\"h-key-features\"><strong>Carater\u00edsticas principais:<\/strong><\/h2>\n\n<p><strong>Material em pele de alta<\/strong> qualidade - Fabricada em pele de alta qualidade para um acabamento sofisticado e duradouro.<\/p>\n\n<p><strong>Encaixe perfeito e prote\u00e7\u00e3o segura<\/strong> - Feito \u00e0 medida para o AYANEO Pocket Micro, garante um <strong>encaixe perfeito<\/strong> que mant\u00e9m o teu dispositivo protegido contra riscos, p\u00f3 e pequenos impactos.<\/p>\n\n<p><strong>Forro interior macio<\/strong> - Suave para o ecr\u00e3 e o corpo do teu dispositivo, evitando marcas indesejadas.<\/p>\n\n<p><strong>Leve e port\u00e1til<\/strong> - O design fino torna-o f\u00e1cil de transportar, oferecendo a m\u00e1xima prote\u00e7\u00e3o.<\/p>\n\n<p><strong>Fecho magn\u00e9tico para maior seguran\u00e7a<\/strong> - Garante que o teu dispositivo se mant\u00e9m seguro no lugar, permitindo um acesso r\u00e1pido.<\/p>\n\n<p>Melhora o teu <strong>AYANEO Pocket Micro<\/strong> com esta <strong>bolsa de couro elegante e funcional<\/strong> - <strong>prote\u00e7\u00e3o com um toque de eleg\u00e2ncia!<\/strong> <\/p>\n\n<p><\/p>\n","protected":false},"excerpt":{"rendered":"<ul>\n<li>Capa de couro protetora <strong>oficial<\/strong> AYANEO Pocket Micro<\/li>\n<li><strong>Couro de primeira qualidade<\/strong> - Elegante, resistente e duradouro.<\/li>\n<li><strong>Forro interior macio<\/strong> - Protege contra riscos e p\u00f3.<\/li>\n<li><strong>Leve e port\u00e1til<\/strong> - F\u00e1cil de transportar sem volume.<\/li>\n<li><strong>Fecho magn\u00e9tico<\/strong> - Acesso seguro e c\u00f3modo.<\/li>\n<\/ul>\n[cg_accordion title=\"INFORMA\u00c7\u00d5ES DE PAGAMENTO\"]<\/p>\n<p>Utilizamos a tecnologia mais recente no processamento de pagamentos, o que te permite fazer o checkout atrav\u00e9s do Apple Pay, Google Pay, o teu cart\u00e3o de d\u00e9bito\/cr\u00e9dito, PayPal ou m\u00e9todos BNPL, como Klarna, Affirm ou AfterPay, para uma experi\u00eancia r\u00e1pida e segura.[\/cg_accordion]\n[cg_accordion title=\"GARANTIA\"]<\/p>\n<p>1 ano de garantia da <a href=\"https:\/\/droix.net\/\" target=\"_blank\" rel=\"nofollow noopener\">DROIX Global<\/a> para a tua paz de esp\u00edrito[\/cg_accordion]\n[cg_accordion title=\"GARANTIA DE QUALIDADE E ENSAIOS PR\u00c9-EXPEDI\u00c7\u00c3O\"]<\/p>\n<p>Garante a satisfa\u00e7\u00e3o do cliente ao mais alto n\u00edvel: Todos os aparelhos s\u00e3o submetidos a testes rigorosos e a uma verifica\u00e7\u00e3o de garantia de qualidade em v\u00e1rios pontos antes de serem enviados. A nossa equipa dedicada verifica o desempenho, a funcionalidade e a integridade dos componentes para garantir que o teu dispositivo AYANEO est\u00e1 em perfeitas condi\u00e7\u00f5es de funcionamento \u00e0 chegada, proporcionando-te confian\u00e7a e paz de esp\u00edrito. [\/cg_accordion]\n[cg_accordion title=\"PRE\u00c7OS, IMPOSTOS E ENVIO\"]<\/p>\n<p><strong><u>Nota:<\/u><\/strong><\/p>\n<ul>\n<li>Clientes dos Estados Unidos: O pre\u00e7o apresentado N\u00c3O inclui TAXAS nem impostos. O cliente \u00e9 respons\u00e1vel pelo desalfandegamento e pelo pagamento de quaisquer impostos ou taxas associadas. <\/li>\n<li>Clientes da UE: O pre\u00e7o apresentado inclui o IMPOSTO aplic\u00e1vel, que pode ir at\u00e9 25%, dependendo do teu pa\u00eds.<\/li>\n<li>Clientes do Canad\u00e1: O pre\u00e7o apresentado inclui os impostos aplic\u00e1veis, que podem incluir 5% de GST e impostos adicionais sobre vendas provinciais (PST), imposto sobre vendas harmonizado (HST) ou imposto sobre vendas do Quebeque (QST), dependendo da tua prov\u00edncia.<\/li>\n<\/ul>\n<p><strong>APENAS para clientes da UE:<\/strong> Entrega expressa DDP (Delivered Duty Paid). Isto significa que: <\/p>\n<ul>\n<li>Todos os direitos aduaneiros e impostos est\u00e3o inclu\u00eddos no pre\u00e7o apresentado na p\u00e1gina do produto.<\/li>\n<li>N\u00e3o ter\u00e1s de pagar quaisquer encargos adicionais aquando da entrega.<\/li>\n<li>Na rara eventualidade de problemas relacionados com a alf\u00e2ndega, a nossa equipa tratar\u00e1 do processo de desalfandegamento em teu nome para garantir uma experi\u00eancia de entrega sem problemas.<\/li>\n<p>Informa\u00e7\u00f5es importantes sobre devolu\u00e7\u00f5es:<\/p>\n<li>Se decidires devolver a tua encomenda ou pedir um reembolso, tem em aten\u00e7\u00e3o que os impostos e direitos pagos em teu nome ao abrigo das condi\u00e7\u00f5es DDP n\u00e3o podem ser reembolsados.<\/li>\n<p>Consulta os nossos <a href=\"https:\/\/ayaneo.co\/pt-pt\/termos-de-servico\/\" target=\"_blank\" rel=\"nofollow noopener\">Termos e Condi\u00e7\u00f5es<\/a> para obteres informa\u00e7\u00f5es detalhadas.\n<\/ul>\n<p>[\/cg_accordion]\n[cg_accordion title=\"APOIO AO CLIENTE\"]<\/p>\n<p>Tens uma pergunta? Estamos a uma curta mensagem de texto de ter o teu problema resolvido! [\/cg_accordion]\n[cg_accordion title=\"O PACOTE INCLUI\"]<\/p>\n<ul>\n<li>1x AYANEO Pocket Micro Leather Case<\/li>\n<\/ul>\n<p>[\/cg_accordion]\n","protected":false},"featured_media":17111,"template":"","meta":{"_acf_changed":false},"product_brand":[],"product_cat":[1192],"product_tag":[],"class_list":{"0":"post-17105","1":"product","2":"type-product","3":"status-publish","4":"has-post-thumbnail","6":"product_cat-acessorios","7":"product_shipping_class-low-end","8":"pa_accessory-type-protective-case-pt-pt","9":"pa_brand-ayaneo","11":"first","12":"outofstock","13":"sale","14":"taxable","15":"shipping-taxable","16":"purchasable","17":"product-type-variable","18":"has-default-attributes"},"acf":[],"_links":{"self":[{"href":"https:\/\/ayaneo.co\/pt-pt\/wp-json\/wp\/v2\/product\/17105","targetHints":{"allow":["GET"]}}],"collection":[{"href":"https:\/\/ayaneo.co\/pt-pt\/wp-json\/wp\/v2\/product"}],"about":[{"href":"https:\/\/ayaneo.co\/pt-pt\/wp-json\/wp\/v2\/types\/product"}],"wp:featuredmedia":[{"embeddable":true,"href":"https:\/\/ayaneo.co\/pt-pt\/wp-json\/wp\/v2\/media\/17111"}],"wp:attachment":[{"href":"https:\/\/ayaneo.co\/pt-pt\/wp-json\/wp\/v2\/media?parent=17105"}],"wp:term":[{"taxonomy":"product_brand","embeddable":true,"href":"https:\/\/ayaneo.co\/pt-pt\/wp-json\/wp\/v2\/product_brand?post=17105"},{"taxonomy":"product_cat","embeddable":true,"href":"https:\/\/ayaneo.co\/pt-pt\/wp-json\/wp\/v2\/product_cat?post=17105"},{"taxonomy":"product_tag","embeddable":true,"href":"https:\/\/ayaneo.co\/pt-pt\/wp-json\/wp\/v2\/product_tag?post=17105"}],"curies":[{"name":"wp","href":"https:\/\/api.w.org\/{rel}","templated":true}]}}