{"id":17132,"date":"2025-03-20T10:53:25","date_gmt":"2025-03-20T10:53:25","guid":{"rendered":"https:\/\/ayaneo.co\/product\/ayaneo-3-pocket-evo-thumb-stick-grip-caps-precisao-e-conforto-para-cada-movimento\/"},"modified":"2025-12-09T00:32:45","modified_gmt":"2025-12-09T00:32:45","slug":"ayaneo-3-pocket-evo-thumb-stick-grip-caps-precisao-e-conforto-para-cada-movimento","status":"publish","type":"product","link":"https:\/\/ayaneo.co\/pt-pt\/product\/ayaneo-3-pocket-evo-thumb-stick-grip-caps-precisao-e-conforto-para-cada-movimento\/","title":{"rendered":"AYANEO 3 \/ Pocket EVO Thumb Stick Grip Caps - Precis\u00e3o e conforto para cada movimento!"},"content":{"rendered":"\n<p>Melhora a tua experi\u00eancia de jogo com o <strong>AYANEO 3 e o Pocket EVO<\/strong> com estas <strong>capas de polegar premium<\/strong>! Concebidas para <strong>uma melhor ader\u00eancia, controlo melhorado e durabilidade<\/strong>, estas capas garantem movimentos mais suaves e precisos para a melhor jogabilidade.<\/p>\n\n<h2 class=\"wp-block-heading\"><strong>Carater\u00edsticas principais:<\/strong><\/h2>\n\n<p><strong>Maior ader\u00eancia e controlo<\/strong> - Proporciona <strong>maior precis\u00e3o<\/strong> e uma superf\u00edcie antiderrapante para movimentos precisos.<\/p>\n\n<p><strong>Design ergon\u00f3mico e confort\u00e1vel<\/strong> - Reduz a fadiga do polegar para sess\u00f5es de jogo prolongadas.<\/p>\n\n<p><strong>Material de silicone de alta<\/strong> qualidade - O material dur\u00e1vel e de alta qualidade garante a longevidade e um toque suave.<\/p>\n\n<p><strong>F\u00e1cil de instalar e ajuste seguro<\/strong> - Concebido \u00e0 medida para <strong>AYANEO 3 e Pocket EVO<\/strong>, garantindo uma fixa\u00e7\u00e3o confort\u00e1vel e antiderrapante.<\/p>\n\n<p><strong>Elegante e funcional<\/strong> - Dispon\u00edvel em <strong>preto e branco<\/strong> para combinar com a tua configura\u00e7\u00e3o de jogo, protegendo o joystick do desgaste.<\/p>\n\n<p>Melhora o teu <strong>AYANEO 3 e Pocket EVO<\/strong> com estas <strong>capas de alta qualidade<\/strong> para <strong>o polegar<\/strong>, para uma maior ader\u00eancia, controlo e conforto!<\/p>\n","protected":false},"excerpt":{"rendered":"<ul>\n<li><strong>Oficial<\/strong> AYANEO 3 \/ Pocket EVO Thumb Stick Grip Caps<\/li>\n<li><strong>Maior ader\u00eancia e precis\u00e3o<\/strong> - Melhora a precis\u00e3o e o controlo.<\/li>\n<li><strong>Confort\u00e1vel e ergon\u00f3mico<\/strong> - Reduz o cansa\u00e7o para sess\u00f5es de jogo mais longas.<\/li>\n<li><strong>Material de silicone dur\u00e1vel<\/strong> - Dura muito tempo e \u00e9 resistente ao desgaste.<\/li>\n<li><strong>Ajuste perfeito<\/strong> - Concebido exclusivamente para AYANEO 3 e Pocket EVO.<\/li>\n<\/ul>\n[cg_accordion title=\"INFORMA\u00c7\u00d5ES DE PAGAMENTO\"]<\/p>\n<p>Utilizamos a tecnologia mais recente no processamento de pagamentos, o que te permite fazer o checkout atrav\u00e9s do Apple Pay, Google Pay, o teu cart\u00e3o de d\u00e9bito\/cr\u00e9dito, PayPal ou m\u00e9todos BNPL, como Klarna, Affirm ou AfterPay, para uma experi\u00eancia r\u00e1pida e segura.[\/cg_accordion]\n[cg_accordion title=\"GARANTIA\"]<\/p>\n<p>1 ano de garantia da <a href=\"https:\/\/droix.net\/\" target=\"_blank\" rel=\"nofollow noopener\">DROIX Global<\/a> para a tua paz de esp\u00edrito[\/cg_accordion]\n[cg_accordion title=\"GARANTIA DE QUALIDADE E ENSAIOS PR\u00c9-EXPEDI\u00c7\u00c3O\"]<\/p>\n<p>Garante a satisfa\u00e7\u00e3o do cliente ao mais alto n\u00edvel: Todos os aparelhos s\u00e3o submetidos a testes rigorosos e a uma verifica\u00e7\u00e3o de garantia de qualidade em v\u00e1rios pontos antes de serem enviados. A nossa equipa dedicada verifica o desempenho, a funcionalidade e a integridade dos componentes para garantir que o teu dispositivo AYANEO est\u00e1 em perfeitas condi\u00e7\u00f5es de funcionamento \u00e0 chegada, proporcionando-te confian\u00e7a e paz de esp\u00edrito. [\/cg_accordion]\n[cg_accordion title=\"PRE\u00c7OS, IMPOSTOS E ENVIO\"]<\/p>\n<p><strong><u>Nota:<\/u><\/strong><\/p>\n<ul>\n<li>Clientes dos Estados Unidos: O pre\u00e7o apresentado N\u00c3O inclui TAXAS nem impostos. O cliente \u00e9 respons\u00e1vel pelo desalfandegamento e pelo pagamento de quaisquer impostos ou taxas associadas. <\/li>\n<li>Clientes da UE: O pre\u00e7o apresentado inclui o IMPOSTO aplic\u00e1vel, que pode ir at\u00e9 25%, dependendo do teu pa\u00eds.<\/li>\n<li>Clientes do Canad\u00e1: O pre\u00e7o apresentado inclui os impostos aplic\u00e1veis, que podem incluir 5% de GST e impostos adicionais sobre vendas provinciais (PST), imposto sobre vendas harmonizado (HST) ou imposto sobre vendas do Quebeque (QST), dependendo da tua prov\u00edncia.<\/li>\n<\/ul>\n<p><strong>APENAS para clientes da UE:<\/strong> Entrega expressa DDP (Delivered Duty Paid). Isto significa que: <\/p>\n<ul>\n<li>Todos os direitos aduaneiros e impostos est\u00e3o inclu\u00eddos no pre\u00e7o apresentado na p\u00e1gina do produto.<\/li>\n<li>N\u00e3o ter\u00e1s de pagar quaisquer encargos adicionais aquando da entrega.<\/li>\n<li>Na rara eventualidade de problemas relacionados com a alf\u00e2ndega, a nossa equipa tratar\u00e1 do processo de desalfandegamento em teu nome para garantir uma experi\u00eancia de entrega sem problemas.<\/li>\n<p>Informa\u00e7\u00f5es importantes sobre devolu\u00e7\u00f5es:<\/p>\n<li>Se decidires devolver a tua encomenda ou pedir um reembolso, tem em aten\u00e7\u00e3o que os impostos e direitos pagos em teu nome ao abrigo das condi\u00e7\u00f5es DDP n\u00e3o podem ser reembolsados.<\/li>\n<p>Consulta os nossos <a href=\"https:\/\/ayaneo.co\/pt-pt\/termos-de-servico\/\" target=\"_blank\" rel=\"nofollow noopener\">Termos e Condi\u00e7\u00f5es<\/a> para obteres informa\u00e7\u00f5es detalhadas.\n<\/ul>\n<p>[\/cg_accordion]\n[cg_accordion title=\"APOIO AO CLIENTE\"]<\/p>\n<p>Tens uma pergunta? Estamos a uma curta mensagem de texto de ter o teu problema resolvido! [\/cg_accordion]\n[cg_accordion title=\"O PACOTE INCLUI\"]<\/p>\n<ul>\n<li>1x AYANEO 3 &amp; Pocket EVO Thumb Stick Grip Caps<\/li>\n<\/ul>\n<p>[\/cg_accordion]\n","protected":false},"featured_media":17136,"template":"","meta":{"_acf_changed":false},"product_brand":[],"product_cat":[1192],"product_tag":[],"class_list":{"0":"post-17132","1":"product","2":"type-product","3":"status-publish","4":"has-post-thumbnail","6":"product_cat-acessorios","7":"product_shipping_class-low-end","9":"first","10":"instock","11":"sale","12":"taxable","13":"shipping-taxable","14":"purchasable","15":"product-type-simple"},"acf":[],"_links":{"self":[{"href":"https:\/\/ayaneo.co\/pt-pt\/wp-json\/wp\/v2\/product\/17132","targetHints":{"allow":["GET"]}}],"collection":[{"href":"https:\/\/ayaneo.co\/pt-pt\/wp-json\/wp\/v2\/product"}],"about":[{"href":"https:\/\/ayaneo.co\/pt-pt\/wp-json\/wp\/v2\/types\/product"}],"wp:featuredmedia":[{"embeddable":true,"href":"https:\/\/ayaneo.co\/pt-pt\/wp-json\/wp\/v2\/media\/17136"}],"wp:attachment":[{"href":"https:\/\/ayaneo.co\/pt-pt\/wp-json\/wp\/v2\/media?parent=17132"}],"wp:term":[{"taxonomy":"product_brand","embeddable":true,"href":"https:\/\/ayaneo.co\/pt-pt\/wp-json\/wp\/v2\/product_brand?post=17132"},{"taxonomy":"product_cat","embeddable":true,"href":"https:\/\/ayaneo.co\/pt-pt\/wp-json\/wp\/v2\/product_cat?post=17132"},{"taxonomy":"product_tag","embeddable":true,"href":"https:\/\/ayaneo.co\/pt-pt\/wp-json\/wp\/v2\/product_tag?post=17132"}],"curies":[{"name":"wp","href":"https:\/\/api.w.org\/{rel}","templated":true}]}}