{"id":17150,"date":"2025-03-24T16:59:01","date_gmt":"2025-03-24T16:59:01","guid":{"rendered":"https:\/\/ayaneo.co\/product\/ayaneo-3-bolsa-de-transporte-protecao-de-primeira-qualidade-para-o-teu-computador-de-mao\/"},"modified":"2026-04-13T10:35:53","modified_gmt":"2026-04-13T10:35:53","slug":"ayaneo-3-bolsa-de-transporte-protecao-de-primeira-qualidade-para-o-teu-computador-de-mao","status":"publish","type":"product","link":"https:\/\/ayaneo.co\/pt-pt\/product\/ayaneo-3-bolsa-de-transporte-protecao-de-primeira-qualidade-para-o-teu-computador-de-mao\/","title":{"rendered":"AYANEO 3 Bolsa de transporte - Prote\u00e7\u00e3o de primeira qualidade para o teu computador de m\u00e3o!"},"content":{"rendered":"\n<p>Mant\u00e9m o teu <strong>AYANEO 3<\/strong> seguro e protegido com esta <strong>bolsa de transporte dur\u00e1vel e elegante<\/strong>. Concebida para <strong>m\u00e1xima prote\u00e7\u00e3o e portabilidade<\/strong>, esta bolsa garante que o teu dispositivo est\u00e1 <strong>sempre pronto para a a\u00e7\u00e3o<\/strong>, onde quer que v\u00e1s. <\/p>\n\n<h3 class=\"wp-block-heading\"><strong>Carater\u00edsticas principais:<\/strong><\/h3>\n\n<p><strong>Capa robusta e protetora<\/strong> - Protege o teu dispositivo contra quedas, choques e riscos.<\/p>\n\n<p><strong>Ajuste perfeito e design ergon\u00f3mico<\/strong> - Moldado especificamente para o <strong>AYANEO 3<\/strong>, garantindo um <strong>ajuste confort\u00e1vel e seguro<\/strong>.<\/p>\n\n<p><strong>Forro interior macio<\/strong> - Evita riscos e mant\u00e9m o teu dispositivo em perfeitas condi\u00e7\u00f5es.  <\/p>\n\n<p><strong>Fecho de correr seguro<\/strong> - Oferece <strong>prote\u00e7\u00e3o total<\/strong> e permite um acesso f\u00e1cil.<\/p>\n\n<p><strong>Port\u00e1til e leve<\/strong> - Transporta o teu AYANEO 3 sem esfor\u00e7o com a <strong>correia de pulso amov\u00edvel<\/strong> para maior comodidade.<\/p>\n\n<p>Melhora a tua configura\u00e7\u00e3o de jogo <strong>AYANEO 3<\/strong> com esta <strong>bolsa de transporte essencial<\/strong> - <strong>o equil\u00edbrio perfeito entre estilo e prote\u00e7\u00e3o<\/strong>!<\/p>\n\n<p><\/p>\n","protected":false},"excerpt":{"rendered":"<ul>\n<li>Mala de transporte <strong>oficial<\/strong> AYANEO 3<\/li>\n<li><strong>Dur\u00e1vel e \u00e0 prova de choque<\/strong> - Protege contra quedas e riscos.<\/li>\n<li><strong>Forro interior macio<\/strong> - Mant\u00e9m o teu dispositivo em perfeitas condi\u00e7\u00f5es.<\/li>\n<li><strong>Fecho de correr seguro e correia<\/strong> - Garante um transporte f\u00e1cil e uma arruma\u00e7\u00e3o segura.<\/li>\n<li><strong>Encaixe perfeito<\/strong> - Moldado \u00e0 medida para AYANEO 3.<\/li>\n<\/ul>\n[cg_accordion title=\"INFORMA\u00c7\u00d5ES DE PAGAMENTO\"]<\/p>\n<p>Utilizamos a tecnologia mais recente no processamento de pagamentos, o que te permite fazer o checkout atrav\u00e9s do Apple Pay, Google Pay, o teu cart\u00e3o de d\u00e9bito\/cr\u00e9dito, PayPal ou m\u00e9todos BNPL, como Klarna, Affirm ou AfterPay, para uma experi\u00eancia r\u00e1pida e segura.[\/cg_accordion]\n[cg_accordion title=\"GARANTIA\"]<\/p>\n<p>1 ano de garantia da <a href=\"https:\/\/droix.net\/\" target=\"_blank\" rel=\"nofollow noopener\">DROIX Global<\/a> para a tua paz de esp\u00edrito[\/cg_accordion]\n[cg_accordion title=\"GARANTIA DE QUALIDADE E ENSAIOS PR\u00c9-EXPEDI\u00c7\u00c3O\"]<\/p>\n<p>Garante a satisfa\u00e7\u00e3o do cliente ao mais alto n\u00edvel: Todos os aparelhos s\u00e3o submetidos a testes rigorosos e a uma verifica\u00e7\u00e3o de garantia de qualidade em v\u00e1rios pontos antes de serem enviados. A nossa equipa dedicada verifica o desempenho, a funcionalidade e a integridade dos componentes para garantir que o teu dispositivo AYANEO est\u00e1 em perfeitas condi\u00e7\u00f5es de funcionamento \u00e0 chegada, proporcionando-te confian\u00e7a e paz de esp\u00edrito. [\/cg_accordion]\n[cg_accordion title=\"PRE\u00c7OS, IMPOSTOS E ENVIO\"]<\/p>\n<p><strong><u>Nota:<\/u><\/strong><\/p>\n<ul>\n<li>Clientes dos Estados Unidos: O pre\u00e7o apresentado N\u00c3O inclui TAXAS nem impostos. O cliente \u00e9 respons\u00e1vel pelo desalfandegamento e pelo pagamento de quaisquer impostos ou taxas associadas. <\/li>\n<li>Clientes da UE: O pre\u00e7o apresentado inclui o IMPOSTO aplic\u00e1vel, que pode ir at\u00e9 25%, dependendo do teu pa\u00eds.<\/li>\n<li>Clientes do Canad\u00e1: O pre\u00e7o apresentado inclui os impostos aplic\u00e1veis, que podem incluir 5% de GST e impostos adicionais sobre vendas provinciais (PST), imposto sobre vendas harmonizado (HST) ou imposto sobre vendas do Quebeque (QST), dependendo da tua prov\u00edncia.<\/li>\n<\/ul>\n<p><strong>APENAS para clientes da UE:<\/strong> Entrega expressa DDP (Delivered Duty Paid). Isto significa que: <\/p>\n<ul>\n<li>Todos os direitos aduaneiros e impostos est\u00e3o inclu\u00eddos no pre\u00e7o apresentado na p\u00e1gina do produto.<\/li>\n<li>N\u00e3o ter\u00e1s de pagar quaisquer encargos adicionais aquando da entrega.<\/li>\n<li>Na rara eventualidade de problemas relacionados com a alf\u00e2ndega, a nossa equipa tratar\u00e1 do processo de desalfandegamento em teu nome para garantir uma experi\u00eancia de entrega sem problemas.<\/li>\n<p>Informa\u00e7\u00f5es importantes sobre devolu\u00e7\u00f5es:<\/p>\n<li>Se decidires devolver a tua encomenda ou pedir um reembolso, tem em aten\u00e7\u00e3o que os impostos e direitos pagos em teu nome ao abrigo das condi\u00e7\u00f5es DDP n\u00e3o podem ser reembolsados.<\/li>\n<p>Consulta os nossos <a href=\"https:\/\/ayaneo.co\/pt-pt\/termos-de-servico\/\" target=\"_blank\" rel=\"nofollow noopener\">Termos e Condi\u00e7\u00f5es<\/a> para obteres informa\u00e7\u00f5es detalhadas.\n<\/ul>\n<p>[\/cg_accordion]\n[cg_accordion title=\"APOIO AO CLIENTE\"]<\/p>\n<p>Tens uma pergunta? Estamos a uma curta mensagem de texto de ter o teu problema resolvido! [\/cg_accordion]\n[cg_accordion title=\"O PACOTE INCLUI\"]<\/p>\n<ul>\n<li>1x AYANEO 3 Case<\/li>\n<\/ul>\n<p>[\/cg_accordion]\n","protected":false},"featured_media":17160,"template":"","meta":{"_acf_changed":false},"product_brand":[],"product_cat":[1192],"product_tag":[],"class_list":{"0":"post-17150","1":"product","2":"type-product","3":"status-publish","4":"has-post-thumbnail","6":"product_cat-acessorios","7":"product_shipping_class-low-end","8":"pa_accessory-type-protective-case-pt-pt","9":"pa_brand-ayaneo","11":"first","12":"instock","13":"sale","14":"taxable","15":"shipping-taxable","16":"purchasable","17":"product-type-variable","18":"has-default-attributes"},"acf":[],"_links":{"self":[{"href":"https:\/\/ayaneo.co\/pt-pt\/wp-json\/wp\/v2\/product\/17150","targetHints":{"allow":["GET"]}}],"collection":[{"href":"https:\/\/ayaneo.co\/pt-pt\/wp-json\/wp\/v2\/product"}],"about":[{"href":"https:\/\/ayaneo.co\/pt-pt\/wp-json\/wp\/v2\/types\/product"}],"wp:featuredmedia":[{"embeddable":true,"href":"https:\/\/ayaneo.co\/pt-pt\/wp-json\/wp\/v2\/media\/17160"}],"wp:attachment":[{"href":"https:\/\/ayaneo.co\/pt-pt\/wp-json\/wp\/v2\/media?parent=17150"}],"wp:term":[{"taxonomy":"product_brand","embeddable":true,"href":"https:\/\/ayaneo.co\/pt-pt\/wp-json\/wp\/v2\/product_brand?post=17150"},{"taxonomy":"product_cat","embeddable":true,"href":"https:\/\/ayaneo.co\/pt-pt\/wp-json\/wp\/v2\/product_cat?post=17150"},{"taxonomy":"product_tag","embeddable":true,"href":"https:\/\/ayaneo.co\/pt-pt\/wp-json\/wp\/v2\/product_tag?post=17150"}],"curies":[{"name":"wp","href":"https:\/\/api.w.org\/{rel}","templated":true}]}}