{"id":17178,"date":"2025-03-24T16:59:03","date_gmt":"2025-03-24T16:59:03","guid":{"rendered":"https:\/\/ayaneo.co\/product\/ayaneo-3-screen-protetor-protecao-cristalina-para-o-teu-ecra\/"},"modified":"2025-12-09T00:34:19","modified_gmt":"2025-12-09T00:34:19","slug":"ayaneo-3-screen-protetor-protecao-cristalina-para-o-teu-ecra","status":"publish","type":"product","link":"https:\/\/ayaneo.co\/pt-pt\/product\/ayaneo-3-screen-protetor-protecao-cristalina-para-o-teu-ecra\/","title":{"rendered":"AYANEO 3 Screen Protetor - Prote\u00e7\u00e3o cristalina para o teu ecr\u00e3!"},"content":{"rendered":"\n<p>Mant\u00e9m o ecr\u00e3 do teu <strong>AYANEO 3<\/strong> impec\u00e1vel com este <strong>protetor de ecr\u00e3 de alta qualidade<\/strong>! Concebido para proporcionar <strong>a m\u00e1xima nitidez, resist\u00eancia a riscos e f\u00e1cil aplica\u00e7\u00e3o<\/strong>, este protetor garante que a tua experi\u00eancia de jogo se mant\u00e9m suave e sem interrup\u00e7\u00f5es.<\/p>\n\n<h2 class=\"wp-block-heading\"><strong>Carater\u00edsticas principais:<\/strong><\/h2>\n\n<p><strong>Ecr\u00e3 HD ultra-claro<\/strong> - Mant\u00e9m a <strong>precis\u00e3o das cores reais<\/strong> e imagens n\u00edtidas para uma experi\u00eancia envolvente.<\/p>\n\n<p><strong>Resistente a riscos e impactos<\/strong> - Protege o ecr\u00e3 de riscos, quedas e desgaste di\u00e1rio.  <\/p>\n\n<p><strong>Encaixe preciso e f\u00e1cil instala\u00e7\u00e3o<\/strong> - Concebido especificamente para <strong>AYANEO 3<\/strong>, garantindo uma aplica\u00e7\u00e3o perfeita e sem bolhas.<\/p>\n\n<p><strong>Resistente a impress\u00f5es digitais e manchas<\/strong> - O revestimento oleof\u00f3bico repele as impress\u00f5es digitais e as manchas para um aspeto limpo.<\/p>\n\n<p><strong>Ades\u00e3o sem bolhas<\/strong> - F\u00e1cil de aplicar sem bolhas de ar, garantindo sempre um <strong>acabamento suave<\/strong>.<\/p>\n\n<p>Protege o teu <strong>AYANEO 3<\/strong> com este <strong>protetor de ecr\u00e3 de qualidade superior<\/strong> e <strong>joga com confian\u00e7a!<\/strong><\/p>\n\n<p><\/p>\n","protected":false},"excerpt":{"rendered":"<ul>\n<li>Protetor de ecr\u00e3 <strong>oficial<\/strong> AYANEO 3<\/li>\n<li><strong>Ultra-Clear HD<\/strong> - Preserva a qualidade do ecr\u00e3 e a precis\u00e3o das cores.<\/li>\n<li><strong>Resistente a riscos e impactos<\/strong> - Protege contra danos.<\/li>\n<li><strong>Resistente a manchas e impress\u00f5es digitais<\/strong> - Mant\u00e9m o ecr\u00e3 limpo.<\/li>\n<li><strong>Ajuste perfeito<\/strong> - Concebido exclusivamente para AYANEO 3.<\/li>\n<\/ul>\n[cg_accordion title=\"INFORMA\u00c7\u00d5ES DE PAGAMENTO\"]<\/p>\n<p>Utilizamos a tecnologia mais recente no processamento de pagamentos, o que te permite fazer o checkout atrav\u00e9s do Apple Pay, Google Pay, o teu cart\u00e3o de d\u00e9bito\/cr\u00e9dito, PayPal ou m\u00e9todos BNPL, como Klarna, Affirm ou AfterPay, para uma experi\u00eancia r\u00e1pida e segura.[\/cg_accordion]\n[cg_accordion title=\"GARANTIA\"]<\/p>\n<p>1 ano de garantia da <a href=\"https:\/\/droix.net\/\" target=\"_blank\" rel=\"nofollow noopener\">DROIX Global<\/a> para a tua paz de esp\u00edrito[\/cg_accordion]\n[cg_accordion title=\"GARANTIA DE QUALIDADE E ENSAIOS PR\u00c9-EXPEDI\u00c7\u00c3O\"]<\/p>\n<p>Garante a satisfa\u00e7\u00e3o do cliente ao mais alto n\u00edvel: Todos os aparelhos s\u00e3o submetidos a testes rigorosos e a uma verifica\u00e7\u00e3o de garantia de qualidade em v\u00e1rios pontos antes de serem enviados. A nossa equipa dedicada verifica o desempenho, a funcionalidade e a integridade dos componentes para garantir que o teu dispositivo AYANEO est\u00e1 em perfeitas condi\u00e7\u00f5es de funcionamento \u00e0 chegada, proporcionando-te confian\u00e7a e paz de esp\u00edrito. [\/cg_accordion]\n[cg_accordion title=\"PRE\u00c7OS, IMPOSTOS E ENVIO\"]<\/p>\n<p><strong><u>Nota:<\/u><\/strong><\/p>\n<ul>\n<li>Clientes dos Estados Unidos: O pre\u00e7o apresentado N\u00c3O inclui TAXAS nem impostos. O cliente \u00e9 respons\u00e1vel pelo desalfandegamento e pelo pagamento de quaisquer impostos ou taxas associadas. <\/li>\n<li>Clientes da UE: O pre\u00e7o apresentado inclui o IMPOSTO aplic\u00e1vel, que pode ir at\u00e9 25%, dependendo do teu pa\u00eds.<\/li>\n<li>Clientes do Canad\u00e1: O pre\u00e7o apresentado inclui os impostos aplic\u00e1veis, que podem incluir 5% de GST e impostos adicionais sobre vendas provinciais (PST), imposto sobre vendas harmonizado (HST) ou imposto sobre vendas do Quebeque (QST), dependendo da tua prov\u00edncia.<\/li>\n<\/ul>\n<p><strong>APENAS para clientes da UE:<\/strong> Entrega expressa DDP (Delivered Duty Paid). Isto significa que: <\/p>\n<ul>\n<li>Todos os direitos aduaneiros e impostos est\u00e3o inclu\u00eddos no pre\u00e7o apresentado na p\u00e1gina do produto.<\/li>\n<li>N\u00e3o ter\u00e1s de pagar quaisquer encargos adicionais aquando da entrega.<\/li>\n<li>Na rara eventualidade de problemas relacionados com a alf\u00e2ndega, a nossa equipa tratar\u00e1 do processo de desalfandegamento em teu nome para garantir uma experi\u00eancia de entrega sem problemas.<\/li>\n<p>Informa\u00e7\u00f5es importantes sobre devolu\u00e7\u00f5es:<\/p>\n<li>Se decidires devolver a tua encomenda ou pedir um reembolso, tem em aten\u00e7\u00e3o que os impostos e direitos pagos em teu nome ao abrigo das condi\u00e7\u00f5es DDP n\u00e3o podem ser reembolsados.<\/li>\n<p>Consulta os nossos <a href=\"https:\/\/ayaneo.co\/pt-pt\/termos-de-servico\/\" target=\"_blank\" rel=\"nofollow noopener\">Termos e Condi\u00e7\u00f5es<\/a> para obteres informa\u00e7\u00f5es detalhadas.\n<\/ul>\n<p>[\/cg_accordion]\n[cg_accordion title=\"APOIO AO CLIENTE\"]<\/p>\n<p>Tens uma pergunta? Estamos a uma curta mensagem de texto de ter o teu problema resolvido! [\/cg_accordion]\n[cg_accordion title=\"O PACOTE INCLUI\"]<\/p>\n<ul>\n<li>1x Protetor de ecr\u00e3 AYANEO 3<\/li>\n<\/ul>\n<p>[\/cg_accordion]\n","protected":false},"featured_media":45871,"template":"","meta":{"_acf_changed":false},"product_brand":[],"product_cat":[1192],"product_tag":[],"class_list":{"0":"post-17178","1":"product","2":"type-product","3":"status-publish","4":"has-post-thumbnail","6":"product_cat-acessorios","7":"product_shipping_class-low-end","8":"pa_accessory-type-screen-protector-pt-pt","9":"pa_brand-ayaneo","11":"first","12":"instock","13":"sale","14":"taxable","15":"shipping-taxable","16":"purchasable","17":"product-type-simple"},"acf":[],"_links":{"self":[{"href":"https:\/\/ayaneo.co\/pt-pt\/wp-json\/wp\/v2\/product\/17178","targetHints":{"allow":["GET"]}}],"collection":[{"href":"https:\/\/ayaneo.co\/pt-pt\/wp-json\/wp\/v2\/product"}],"about":[{"href":"https:\/\/ayaneo.co\/pt-pt\/wp-json\/wp\/v2\/types\/product"}],"wp:featuredmedia":[{"embeddable":true,"href":"https:\/\/ayaneo.co\/pt-pt\/wp-json\/wp\/v2\/media\/45871"}],"wp:attachment":[{"href":"https:\/\/ayaneo.co\/pt-pt\/wp-json\/wp\/v2\/media?parent=17178"}],"wp:term":[{"taxonomy":"product_brand","embeddable":true,"href":"https:\/\/ayaneo.co\/pt-pt\/wp-json\/wp\/v2\/product_brand?post=17178"},{"taxonomy":"product_cat","embeddable":true,"href":"https:\/\/ayaneo.co\/pt-pt\/wp-json\/wp\/v2\/product_cat?post=17178"},{"taxonomy":"product_tag","embeddable":true,"href":"https:\/\/ayaneo.co\/pt-pt\/wp-json\/wp\/v2\/product_tag?post=17178"}],"curies":[{"name":"wp","href":"https:\/\/api.w.org\/{rel}","templated":true}]}}