{"id":17217,"date":"2025-03-27T09:55:33","date_gmt":"2025-03-27T09:55:33","guid":{"rendered":"https:\/\/ayaneo.co\/product\/ayaneo-air-pro\/"},"modified":"2025-05-30T16:00:39","modified_gmt":"2025-05-30T16:00:39","slug":"ayaneo-air-pro","status":"publish","type":"product","link":"https:\/\/ayaneo.co\/pt-pt\/product\/ayaneo-air-pro\/","title":{"rendered":"AYANEO AIR PRO"},"content":{"rendered":"\n<h2 class=\"wp-block-heading\">AYANEO Ar<\/h2>\n\n<figure class=\"wp-block-image\"><img decoding=\"async\" src=\"https:\/\/droix.net\/wp-content\/uploads\/2022\/10\/TEXT.png\" alt=\"\" title=\"AYA NEO AIR PRO 1\"\/><\/figure>\n\n<figure class=\"wp-block-image\"><img decoding=\"async\" src=\"https:\/\/droix.net\/wp-content\/uploads\/2022\/10\/cpu-perf.png\" alt=\"\" title=\"AYA NEO AIR PRO 2\"\/><\/figure>\n\n<h2 class=\"wp-block-heading\">CPU potente<\/h2>\n\n<figure class=\"wp-block-image\"><img decoding=\"async\" src=\"https:\/\/droix.net\/wp-content\/uploads\/2022\/10\/oled.png\" alt=\"\" title=\"AYA NEO AIR PRO 3\"\/><\/figure>\n\n<h2 class=\"wp-block-heading\">Crisp OLED Ecr\u00e3<\/h2>\n\n<figure class=\"wp-block-image\"><img decoding=\"async\" src=\"https:\/\/droix.net\/wp-content\/uploads\/2022\/10\/controller.png\" alt=\"\" title=\"AYA NEO AIR PRO 4\"\/><\/figure>\n\n<h2 class=\"wp-block-heading\">Controladores de jogos<\/h2>\n\n<figure class=\"wp-block-image\"><img decoding=\"async\" src=\"https:\/\/droix.net\/wp-content\/uploads\/2022\/10\/hall-joystick.png\" alt=\"\" title=\"AYA NEO AIR PRO 5\"\/><\/figure>\n\n<h2 class=\"wp-block-heading\">Joysticks HALL<\/h2>\n\n<figure class=\"wp-block-image\"><img decoding=\"async\" src=\"https:\/\/droix.net\/wp-content\/uploads\/2022\/10\/light.png\" alt=\"\" title=\"AYA NEO AIR PRO 6\"\/><\/figure>\n\n<h2 class=\"wp-block-heading\">Leve<\/h2>\n\n<figure class=\"wp-block-image\"><img decoding=\"async\" src=\"https:\/\/droix.net\/wp-content\/uploads\/2022\/10\/lightweight.png\" alt=\"\" title=\"AYA NEO AIR PRO 7\"\/><\/figure>\n\n<h2 class=\"wp-block-heading\">Port\u00e1til<\/h2>\n\n<figure class=\"wp-block-image\"><img decoding=\"async\" src=\"https:\/\/droix.net\/wp-content\/uploads\/2022\/10\/ayaspace.png\" alt=\"\" title=\"AYA NEO AIR PRO 8\"\/><\/figure>\n\n<h2 class=\"wp-block-heading\">AYASpace<\/h2>\n\n<figure class=\"wp-block-image\"><img decoding=\"async\" src=\"https:\/\/droix.net\/wp-content\/uploads\/2022\/10\/storage-expansion.png\" alt=\"\" title=\"AYA NEO AIR PRO 9\"\/><\/figure>\n\n<h2 class=\"wp-block-heading\">Armazenamento expans\u00edvel<\/h2>\n\n<h2 class=\"wp-block-heading\">AYANEO Ar<\/h2>\n\n<h2 class=\"wp-block-heading\">18mm<\/h2>\n\n<h2 class=\"wp-block-heading\">AYANEO Air Pro<\/h2>\n\n<h2 class=\"wp-block-heading\">21,6 mm<\/h2>\n\n<figure class=\"wp-block-image\"><img decoding=\"async\" src=\"https:\/\/droix.net\/wp-content\/uploads\/2022\/10\/1.png\" alt=\"\" title=\"AYA NEO AIR PRO 10\"\/><\/figure>\n\n<figure class=\"wp-block-image\"><img decoding=\"async\" src=\"https:\/\/droix.net\/wp-content\/uploads\/2022\/10\/2.png\" alt=\"\" title=\"AYA NEO AIR PRO 11\"\/><\/figure>\n\n<figure class=\"wp-block-image\"><img decoding=\"async\" src=\"https:\/\/droix.net\/wp-content\/uploads\/2022\/10\/6.png\" alt=\"\" title=\"AYA NEO AIR PRO 12\"\/><\/figure>\n\n<figure class=\"wp-block-image\"><img decoding=\"async\" src=\"https:\/\/droix.net\/wp-content\/uploads\/2022\/10\/3.png\" alt=\"\" title=\"AYA NEO AIR PRO 13\"\/><\/figure>\n\n<figure class=\"wp-block-image\"><img decoding=\"async\" src=\"https:\/\/droix.net\/wp-content\/uploads\/2022\/10\/8.png\" alt=\"\" title=\"AYA NEO AIR PRO 14\"\/><\/figure>\n\n<figure class=\"wp-block-image\"><img decoding=\"async\" src=\"https:\/\/droix.net\/wp-content\/uploads\/2022\/10\/4.png\" alt=\"\" title=\"AYA NEO AIR PRO 15\"\/><\/figure>\n\n<figure class=\"wp-block-image\"><img decoding=\"async\" src=\"https:\/\/droix.net\/wp-content\/uploads\/2022\/10\/5.png\" alt=\"\" title=\"AYA NEO AIR PRO 16\"\/><\/figure>\n\n<figure class=\"wp-block-image\"><img decoding=\"async\" src=\"https:\/\/droix.net\/wp-content\/uploads\/elementor\/thumbs\/7-q8z5dcnq498hbirw1mfy0omf1l06qm1syszlslccn4.png\" alt=\"7.png\" title=\"7.png\"\/><\/figure>\n\n<figure class=\"wp-block-image\"><img decoding=\"async\" src=\"https:\/\/droix.net\/wp-content\/uploads\/elementor\/thumbs\/9-q8z5dcnq498hbirw1mfy0omf1l06qm1syszlslccn4.png\" alt=\"9.png\" title=\"9.png\"\/><\/figure>\n\n<h2 class=\"wp-block-heading\">Experimenta os jogos atrav\u00e9s do n\u00edtido ecr\u00e3 OLED <\/h2>\n\n<h2 class=\"wp-block-heading\">Com um ecr\u00e3 de 5,5\u2033 AMOLED de elevada gama de cores.<\/h2>\n\n<h2 class=\"wp-block-heading\">O efeito de ampla gama de cores, NTSC 109%, torna o ecr\u00e3 mais realista.<br\/>Com um r\u00e1cio de contraste at\u00e9 100000:1, as cores s\u00e3o mais ricas e vivas.<br\/>Experimenta pretos puros e imagens de elevado contraste dos teus t\u00edtulos favoritos. O AYANEO Air tem o PPI mais elevado encontrado numa unidade port\u00e1til para jogos Windows, com 404 Pixels por Polegada. <\/h2>\n\n<figure class=\"wp-block-image\"><img decoding=\"async\" src=\"https:\/\/droix.net\/wp-content\/uploads\/2022\/10\/oled-info-1024x309.png\" alt=\"\" title=\"AYA NEO AIR PRO 17\"\/><\/figure>\n\n<h2 class=\"wp-block-heading\">Ultra-fino e leve<\/h2>\n\n<h2 class=\"wp-block-heading\">O AYANEO Air foi desenvolvido com a portabilidade em mente e, para o conseguir, tivemos de combinar e comprimir cerca de 3500 componentes nesta unidade de m\u00e3o para jogos com Windows.<br\/>Nesta unidade de m\u00e3o ultraport\u00e1til para jogos tens hardware considerado digno de um port\u00e1til.<br\/>E para terminar esta bela embalagem, apenas 2 parafusos s\u00e3o vis\u00edveis para o utilizador final.<\/h2>\n\n<h2 class=\"wp-block-heading\">Uma nova vis\u00e3o dos port\u00e1teis<\/h2>\n\n<h2 class=\"wp-block-heading\">Com um peso de apenas 398g*<\/h2>\n\n<figure class=\"wp-block-image\"><img decoding=\"async\" src=\"https:\/\/droix.net\/wp-content\/uploads\/2022\/10\/ayaneo_air-vs-switch.png\" alt=\"\" title=\"AYA NEO AIR PRO 18\"\/><\/figure>\n\n<h2 class=\"wp-block-heading\">AYANEO Air Lite* - 398g<br\/>AYANEO Air Standard - 398g<br\/>AYANEO Air Pro - 440g<\/h2>\n\n<h2 class=\"wp-block-heading\">Consideravelmente mais pequeno do que o Steam Deck<br\/> E ainda mais pequeno do que a Switch<\/h2>\n\n<figure class=\"wp-block-image\"><img decoding=\"async\" src=\"https:\/\/droix.net\/wp-content\/uploads\/2022\/10\/ayaneo-sd-switch.png\" alt=\"\" title=\"AYA NEO AIR PRO 19\"\/><\/figure>\n\n<h2 class=\"wp-block-heading\">398g AYANEO Ar<\/h2>\n\n<h2 class=\"wp-block-heading\">223.9\u00d789.4x18mm<\/h2>\n\n<h2 class=\"wp-block-heading\">420g Nintendo Switch<\/h2>\n\n<h2 class=\"wp-block-heading\">242x102x13,9mm<\/h2>\n\n<h2 class=\"wp-block-heading\">669g Steam Deck<\/h2>\n\n<h2 class=\"wp-block-heading\">298x117x20mm<\/h2>\n\n<h2 class=\"wp-block-heading\">Jogos AAA em movimento?<\/h2>\n\n<h2 class=\"wp-block-heading\">AYANEO O Air vem com a pot\u00eancia do RED, com o AMD Ryzen 5 5560U ou o 5825U (apenas dispon\u00edvel em AYANEO Air Pro).<br\/>Estas APUs n\u00e3o s\u00f3 s\u00e3o \u00f3ptimas para jogos, como tamb\u00e9m consomem menos energia, permitindo-te jogar os teus jogos favoritos durante mais tempo.<\/h2>\n\n<figure class=\"wp-block-image\"><img decoding=\"async\" src=\"https:\/\/droix.net\/wp-content\/uploads\/2022\/10\/cpu-1-1-300x300.png\" alt=\"\" title=\"AYA NEO AIR PRO 20\"\/><\/figure>\n\n<h2 class=\"wp-block-heading\">Gra\u00e7as ao processo 7nn da TSMC, o AYANEO Air poupa energia, mantendo um elevado desempenho nos teus t\u00edtulos favoritos.<\/h2>\n\n<figure class=\"wp-block-image\"><img decoding=\"async\" src=\"https:\/\/droix.net\/wp-content\/uploads\/2022\/10\/cpu-2-1-300x300.png\" alt=\"\" title=\"AYA NEO AIR PRO 21\"\/><\/figure>\n\n<h2 class=\"wp-block-heading\">Dispon\u00edvel apenas no AYANEO Air Pro, a APU AMD Ryzen 7 5825U funciona 100Mhz mais do que a 5800U e \u00e9 perfeita para jogos em movimento.<\/h2>\n\n<h2 class=\"wp-block-heading\">Sabe mais sobre os teus jogos favoritos<\/h2>\n\n<figure class=\"wp-block-image\"><img decoding=\"async\" src=\"https:\/\/droix.net\/wp-content\/uploads\/2022\/08\/games-1.png\" alt=\"jogos-1\" title=\"AYA NEO AIR PRO 22\"\/><\/figure>\n\n<figure class=\"wp-block-image\"><img decoding=\"async\" src=\"https:\/\/droix.net\/wp-content\/uploads\/2022\/08\/games-2.png\" alt=\"jogos-2\" title=\"AYA NEO AIR PRO 23\"\/><\/figure>\n\n<figure class=\"wp-block-image\"><img decoding=\"async\" src=\"https:\/\/droix.net\/wp-content\/uploads\/elementor\/thumbs\/ayaneo-master-q8z5dcnq497mmmrgjif980vegtbvts312kqur5jx8g.png\" alt=\"ayaneo-master.png\" title=\"ayaneo-master.png\"\/><\/figure>\n\n<h2 class=\"wp-block-heading\">S\u00ea um mestre no campo de batalha, com GuliKit.<\/h2>\n\n<h2 class=\"wp-block-heading\">AYANEOA GuliKit, em parceria com a GuliKit, dedicou-se a proporcionar-te a melhor experi\u00eancia de jogo. Este PC Gaming Handheld \u00e9 o primeiro modelo a vir equipado com os joysticks GuliKit de alta qualidade. <\/h2>\n\n<figure class=\"wp-block-image\"><img decoding=\"async\" src=\"https:\/\/droix.net\/wp-content\/uploads\/elementor\/thumbs\/gulikit-logo-q8z5dcnq497ijbaloaorilpee1n1klosjvnack8xkw.png\" alt=\"gulikit-logo.png\" title=\"gulikit-logo.png\"\/><\/figure>\n\n<figure class=\"wp-block-image\"><img decoding=\"async\" src=\"https:\/\/droix.net\/wp-content\/uploads\/2022\/10\/ayaneo-joystick-device.png\" alt=\"\" title=\"AYA NEO AIR PRO 24\"\/><\/figure>\n\n<h2 class=\"wp-block-heading\">Sem zona morta Joysticks<\/h2>\n\n<h2 class=\"wp-block-heading\">Os c\u00edrculos internos e externos est\u00e3o 100% livres de \u201czonas mortas\u201d<br\/>Isto \u00e9 perfeito para jogos FPS.<\/h2>\n\n<h2 class=\"wp-block-heading\">Ajuste da sensibilidade do gatilho<\/h2>\n\n<h2 class=\"wp-block-heading\">Utilizando o AYA Space, podes controlar facilmente o curso de press\u00e3o do gatilho. Isto permite-te pressionar os gatilhos a 50%, para um efeito total. <\/h2>\n\n<h2 class=\"wp-block-heading\">Espera de energia zero<\/h2>\n\n<h2 class=\"wp-block-heading\">Podes desligar os controladores no AYA Space, o que poupar\u00e1 energia.<\/h2>\n\n<h2 class=\"wp-block-heading\">Troca de teclas A-B X-Y<\/h2>\n\n<h2 class=\"wp-block-heading\">Est\u00e1s habituado ao layout japon\u00eas? N\u00e3o te preocupes! Com o AYA Space podes trocar o layout.  <\/h2>\n\n<figure class=\"wp-block-image\"><img decoding=\"async\" src=\"https:\/\/droix.net\/wp-content\/uploads\/2022\/10\/11.png\" alt=\"\" title=\"AYA NEO AIR PRO 25\"\/><\/figure>\n\n<h2 class=\"wp-block-heading\">N\u00e3o te desvies<\/h2>\n\n<h2 class=\"wp-block-heading\">AYANEO Os joysticks da Air utilizam balancins electromagn\u00e9ticos para garantir que n\u00e3o h\u00e1 desvios do joystick.<\/h2>\n\n<figure class=\"wp-block-image\"><img decoding=\"async\" src=\"https:\/\/droix.net\/wp-content\/uploads\/2022\/10\/22.png\" alt=\"\" title=\"AYA NEO AIR PRO 26\"\/><\/figure>\n\n<h2 class=\"wp-block-heading\">N\u00e3o h\u00e1 zona morta<\/h2>\n\n<h2 class=\"wp-block-heading\">Os joysticks do AYANEO Air n\u00e3o t\u00eam zona morta nos an\u00e9is central e exterior dos joysticks.<\/h2>\n\n<figure class=\"wp-block-image\"><img decoding=\"async\" src=\"https:\/\/droix.net\/wp-content\/uploads\/2022\/10\/33.png\" alt=\"\" title=\"AYA NEO AIR PRO 27\"\/><\/figure>\n\n<h2 class=\"wp-block-heading\">Alta precis\u00e3o<\/h2>\n\n<h2 class=\"wp-block-heading\">Permite-te obter aqueles tiros dif\u00edceis de conseguir em FPS e controlar suavemente o teu ve\u00edculo em jogos de condu\u00e7\u00e3o<\/h2>\n\n<figure class=\"wp-block-image\"><img decoding=\"async\" src=\"https:\/\/droix.net\/wp-content\/uploads\/2022\/10\/44.png\" alt=\"\" title=\"AYA NEO AIR PRO 28\"\/><\/figure>\n\n<h2 class=\"wp-block-heading\">Longa vida \u00fatil<\/h2>\n\n<h2 class=\"wp-block-heading\">Os joysticks Hall t\u00eam uma vida \u00fatil de 5 milh\u00f5es de utiliza\u00e7\u00f5es. Isto garante que o teu AYANEO Air se comporta <\/h2>\n\n<h2 class=\"wp-block-heading\">EXCLUSIVO para AYANEO Dispositivos<\/h2>\n\n<h2 class=\"wp-block-heading\">Espa\u00e7o AYA<\/h2>\n\n<h2 class=\"wp-block-heading\">O AYA Space permite-te gerir e lan\u00e7ar os teus jogos favoritos em segundos.<br\/>Com o AYA Space, podes definir perfis de desempenho por jogo e controlar as principais fun\u00e7\u00f5es do teu dispositivo.<br\/>O AYANEO Air vem com um bot\u00e3o dedicado do AYA Space, que pode facilmente abrir a sobreposi\u00e7\u00e3o, permitindo-te ajustar o Brilho, o Volume e TDP - tudo com o toque de um bot\u00e3o.<\/h2>\n\n<figure class=\"wp-block-image\"><img decoding=\"async\" src=\"https:\/\/droix.net\/wp-content\/uploads\/2022\/10\/ayaspace-ui-768x625.png\" alt=\"\" title=\"AYA NEO AIR PRO 29\"\/><\/figure>\n\n<h2 class=\"wp-block-heading\">Armazenamento de alta velocidade, seja interno ou externo<\/h2>\n\n<h2 class=\"wp-block-heading\">Interno SSD<\/h2>\n\n<h2 class=\"wp-block-heading\">NVMe de alta velocidade incorporado SSD com at\u00e9 2TB de capacidade<\/h2>\n\n<figure class=\"wp-block-image\"><img decoding=\"async\" src=\"https:\/\/droix.net\/wp-content\/uploads\/2022\/10\/storage-1.png\" alt=\"\" title=\"AYA NEO AIR PRO 30\"\/><\/figure>\n\n<h2 class=\"wp-block-heading\">Ranhura para cart\u00e3o TF\/Micro SD<\/h2>\n\n<h2 class=\"wp-block-heading\">Permite-te atualizar facilmente a tua mem\u00f3ria interna.<\/h2>\n\n<figure class=\"wp-block-image\"><img decoding=\"async\" src=\"https:\/\/droix.net\/wp-content\/uploads\/2022\/10\/storage-2.png\" alt=\"\" title=\"AYA NEO AIR PRO 31\"\/><\/figure>\n\n<figure class=\"wp-block-image\"><img decoding=\"async\" src=\"https:\/\/droix.net\/wp-content\/uploads\/2022\/10\/multi-use.jpg\" alt=\"\" title=\"AYA NEO AIR PRO 32\"\/><\/figure>\n","protected":false},"excerpt":{"rendered":"<ul>\n<li>AMD <strong>Ryzen 5 5560U<\/strong> \/ AMD <strong>Ryzen 7 5825U<\/strong><\/li>\n<li><strong>16GB<\/strong> LPDDR4x a 4266Mhz<\/li>\n<li><strong>at\u00e9 1TB<\/strong> PCI-E <strong>M.2<\/strong> 2280 de alta velocidade SSD<\/li>\n<li>Ecr\u00e3 t\u00e1til <strong>de 5,5<\/strong> \" <strong> OLED<\/strong> <\/li>\n<li>Suporte para <strong>WiFi 6<\/strong> e <strong>Bluetooth 5.2<\/strong> <\/li>\n<\/ul>\n[cg_accordion title=\"Garantia\"]<\/p>\n<p>O AYANEO AIR PRO \u00e9 suportado por uma garantia de 1 ano da <a href=\"https:\/\/droix.net\/\">DROIX Global<\/a> [\/cg_accordion]\n[cg_accordion title=\"Pre\u00e7os, impostos e envio\"]<\/p>\n<p><strong><u>Nota:<\/u><\/strong><\/p>\n<ul>\n<li>Clientes dos Estados Unidos: O pre\u00e7o apresentado inclui o IMPOSTO aplic\u00e1vel de acordo com o teu estado.<\/li>\n<li>Clientes da UE: O pre\u00e7o apresentado inclui o IMPOSTO aplic\u00e1vel, que pode ir at\u00e9 25%, dependendo do teu pa\u00eds.<\/li>\n<li>Clientes do Canad\u00e1: O pre\u00e7o apresentado inclui os impostos aplic\u00e1veis, que podem incluir 5% de GST e impostos adicionais sobre vendas provinciais (PST), imposto sobre vendas harmonizado (HST) ou imposto sobre vendas do Quebeque (QST), dependendo da tua prov\u00edncia.<\/li>\n<\/ul>\n<p>[\/cg_accordion]\n[cg_accordion title=\"Envios e devolu\u00e7\u00f5es\"]<\/p>\n<p>Organizado pela <a href=\"https:\/\/droix.net\/\" target=\"_blank\" rel=\"nofollow noopener\">DROIX<\/a>, um distribuidor oficial AYANEO, enviamos-te atrav\u00e9s da DHL Express DDP (Delivered Duty Paid). Isto significa que: <\/p>\n<p>Expresso DDP (Delivered Duty Paid). Isto significa que: <\/p>\n<ul>\n<li>Todos os direitos aduaneiros e impostos est\u00e3o inclu\u00eddos no pre\u00e7o apresentado na p\u00e1gina do produto.<\/li>\n<li>N\u00e3o ter\u00e1s de pagar quaisquer encargos adicionais aquando da entrega.<\/li>\n<li>Na rara eventualidade de problemas relacionados com a alf\u00e2ndega, a nossa equipa tratar\u00e1 do processo de desalfandegamento em teu nome para garantir uma experi\u00eancia de entrega sem problemas.<\/li>\n<p>Informa\u00e7\u00f5es importantes sobre devolu\u00e7\u00f5es:<\/p>\n<li>Se decidires devolver a tua encomenda ou pedir um reembolso, tem em aten\u00e7\u00e3o que os impostos e direitos pagos em teu nome ao abrigo das condi\u00e7\u00f5es DDP n\u00e3o podem ser reembolsados.<\/li>\n<p>Consulta os nossos <a href=\"https:\/\/ayaneo.co\/terms-of-service-2\/\" target=\"_blank\" rel=\"nofollow noopener\">Termos e Condi\u00e7\u00f5es<\/a> para obteres informa\u00e7\u00f5es detalhadas.\n<\/ul>\n<p>[\/cg_accordion]\n[cg_accordion title=\"Apoio ao cliente\"]<\/p>\n<p>Tens uma pergunta? Estamos a uma curta mensagem de texto de ter o teu problema resolvido! [\/cg_accordion]\n[cg_accordion title=\"O pacote inclui\"]<\/p>\n<ul>\n<li>1x AYANEO AIR PRO Gaming Handheld<\/li>\n<li>1x Cabo USB Tipo C<\/li>\n<li>1x Adaptador de corrente<\/li>\n<li>1x Manual do utilizador<\/li>\n<\/ul>\n<p>[\/cg_accordion]\n","protected":false},"featured_media":17220,"template":"","meta":{"_acf_changed":false},"product_brand":[],"product_cat":[1225],"product_tag":[],"class_list":{"0":"post-17217","1":"product","2":"type-product","3":"status-publish","4":"has-post-thumbnail","6":"product_cat-pcs-portateis-para-jogos","7":"product_shipping_class-premium","8":"pa_brand-ayaneo","9":"pa_graphics-gpu-model-radeon-graphics","10":"pa_operating-system-windows-11-home","11":"pa_processor-cpu-brand-amd","13":"first","14":"outofstock","15":"taxable","16":"shipping-taxable","17":"purchasable","18":"product-type-variable","19":"has-default-attributes"},"acf":[],"_links":{"self":[{"href":"https:\/\/ayaneo.co\/pt-pt\/wp-json\/wp\/v2\/product\/17217","targetHints":{"allow":["GET"]}}],"collection":[{"href":"https:\/\/ayaneo.co\/pt-pt\/wp-json\/wp\/v2\/product"}],"about":[{"href":"https:\/\/ayaneo.co\/pt-pt\/wp-json\/wp\/v2\/types\/product"}],"wp:featuredmedia":[{"embeddable":true,"href":"https:\/\/ayaneo.co\/pt-pt\/wp-json\/wp\/v2\/media\/17220"}],"wp:attachment":[{"href":"https:\/\/ayaneo.co\/pt-pt\/wp-json\/wp\/v2\/media?parent=17217"}],"wp:term":[{"taxonomy":"product_brand","embeddable":true,"href":"https:\/\/ayaneo.co\/pt-pt\/wp-json\/wp\/v2\/product_brand?post=17217"},{"taxonomy":"product_cat","embeddable":true,"href":"https:\/\/ayaneo.co\/pt-pt\/wp-json\/wp\/v2\/product_cat?post=17217"},{"taxonomy":"product_tag","embeddable":true,"href":"https:\/\/ayaneo.co\/pt-pt\/wp-json\/wp\/v2\/product_tag?post=17217"}],"curies":[{"name":"wp","href":"https:\/\/api.w.org\/{rel}","templated":true}]}}