{"id":17344,"date":"2025-05-08T13:01:34","date_gmt":"2025-05-08T13:01:34","guid":{"rendered":"https:\/\/ayaneo.co\/product\/ayaneo-ag01-base-de-graficos-starship\/"},"modified":"2026-01-06T00:32:03","modified_gmt":"2026-01-06T00:32:03","slug":"ayaneo-ag01","status":"publish","type":"product","link":"https:\/\/ayaneo.co\/pt-pt\/product\/ayaneo-ag01\/","title":{"rendered":"AYANEO AG01 Base de gr\u00e1ficos Starship"},"content":{"rendered":"\n<figure class=\"wp-block-video\"><video height=\"1080\" style=\"aspect-ratio: 1920 \/ 1080;\" width=\"1920\" controls=\"\" poster=\"https:\/\/ayaneo.co\/wp-content\/uploads\/2025\/05\/maxresdefault-4.jpg\" src=\"https:\/\/ayaneo.co\/wp-content\/uploads\/2025\/05\/AYANEO-AG01-Starship-Graphic-Dock_-Salute-to-The-Era-of-Space-Science-Explore-The-Gaming-World.mp4\"><\/video><\/figure>\n\n<h2 class=\"wp-block-heading\" id=\"h-introducing-the-ayaneo-ag01-starship-graphics-dock-power-precision-and-portability-redefined\">Apresentamos-te a AYANEO AG01 Starship Graphics Dock: Pot\u00eancia, precis\u00e3o e portabilidade redefinidas<\/h2>\n\n<p>A <strong>AYANEO AG01 Starship Graphics Dock<\/strong> inaugura uma nova era de solu\u00e7\u00f5es de GPU externas, concebidas para jogadores, criadores e profissionais que exigem um desempenho estelar. Com um design industrial futurista, uma GPU AMD Radeon RX 7600M XT topo de gama e uma compatibilidade robusta com sistemas Windows e Linux, a AG01 n\u00e3o \u00e9 apenas um acess\u00f3rio - \u00e9 uma plataforma de lan\u00e7amento para uma pot\u00eancia de classe de desktop sem compromissos em movimento.   <\/p>\n\n<figure class=\"wp-block-image size-full\"><a href=\"https:\/\/ayaneo.co\/wp-content\/uploads\/2025\/05\/AYANEO-AG01-GRAPHICS_DOCK-MARKETING-IMAGE-DONE-1-1024x576-1.jpg\"><img fetchpriority=\"high\" decoding=\"async\" width=\"1024\" height=\"576\" src=\"https:\/\/ayaneo.co\/wp-content\/uploads\/2025\/05\/AYANEO-AG01-GRAPHICS_DOCK-MARKETING-IMAGE-DONE-1-1024x576-1.jpg\" alt=\"Imagem promocional do AYANEO AG01 com tema de fic&#xE7;&#xE3;o cient&#xED;fica, mostrando o anel superior da ventoinha a brilhar a laranja e a silhueta do dispositivo parcialmente iluminada, sugerindo um visual espacial.\" class=\"wp-image-37414\" srcset=\"https:\/\/ayaneo.co\/wp-content\/uploads\/2025\/05\/AYANEO-AG01-GRAPHICS_DOCK-MARKETING-IMAGE-DONE-1-1024x576-1.jpg 1024w, https:\/\/ayaneo.co\/wp-content\/uploads\/2025\/05\/AYANEO-AG01-GRAPHICS_DOCK-MARKETING-IMAGE-DONE-1-1024x576-1-300x169.jpg 300w, https:\/\/ayaneo.co\/wp-content\/uploads\/2025\/05\/AYANEO-AG01-GRAPHICS_DOCK-MARKETING-IMAGE-DONE-1-1024x576-1-768x432.jpg 768w, https:\/\/ayaneo.co\/wp-content\/uploads\/2025\/05\/AYANEO-AG01-GRAPHICS_DOCK-MARKETING-IMAGE-DONE-1-1024x576-1-990x557.jpg 990w, https:\/\/ayaneo.co\/wp-content\/uploads\/2025\/05\/AYANEO-AG01-GRAPHICS_DOCK-MARKETING-IMAGE-DONE-1-1024x576-1-441x248.jpg 441w, https:\/\/ayaneo.co\/wp-content\/uploads\/2025\/05\/AYANEO-AG01-GRAPHICS_DOCK-MARKETING-IMAGE-DONE-1-1024x576-1-600x338.jpg 600w, https:\/\/ayaneo.co\/wp-content\/uploads\/2025\/05\/AYANEO-AG01-GRAPHICS_DOCK-MARKETING-IMAGE-DONE-1-1024x576-1-150x84.jpg 150w\" sizes=\"(max-width: 1024px) 100vw, 1024px\" \/><\/a><\/figure>\n\n<p>A sua integra\u00e7\u00e3o de vanguarda das interfaces OCuLink e USB4 torna-a uma das bases eGPU mais vers\u00e1teis atualmente dispon\u00edveis. Quer estejas a desbloquear taxas de fotogramas mais elevadas na tua consola port\u00e1til ou a aumentar a produtividade num port\u00e1til compacto, o tamanho compacto da AG01 garante uma pot\u00eancia gr\u00e1fica de topo sem sacrificar a mobilidade. Bem-vindo \u00e0 pr\u00f3xima gera\u00e7\u00e3o de GPUs externas - arrojadas, bonitas e prontas para a batalha.  <\/p>\n\n<hr class=\"wp-block-separator has-alpha-channel-opacity\"\/>\n\n<h2 class=\"wp-block-heading\" id=\"h-ayaneo-ag01-starship-grade-external-gpu-dock\">AYANEO AG01 - Base de liga\u00e7\u00e3o externa de GPU de n\u00edvel estelar<\/h2>\n\n<p>A <strong>base gr\u00e1fica AG01 Starship<\/strong> \u00e9 uma obra-prima da engenharia moderna e do design art\u00edstico. Inspirada na est\u00e9tica futurista das naves espaciais, combina portabilidade e desempenho num chassis com apenas 18 cm de largura e menos de 900 g de peso. O seu design t\u00e9rmico altamente eficiente, refor\u00e7ado com um sistema de arrefecimento tipo turbina e condutas de ar, garante um desempenho duradouro sem estrangulamento, mesmo durante jogos intensos ou sess\u00f5es de renderiza\u00e7\u00e3o.  <\/p>\n\n<figure class=\"wp-block-image size-full\"><a href=\"https:\/\/ayaneo.co\/wp-content\/uploads\/2025\/05\/AYANEO-AG01-GRAPHICS_DOCK-MARKETING-IMAGE-DONE-2-1024x855-1.jpg\"><img decoding=\"async\" width=\"1024\" height=\"855\" src=\"https:\/\/ayaneo.co\/wp-content\/uploads\/2025\/05\/AYANEO-AG01-GRAPHICS_DOCK-MARKETING-IMAGE-DONE-2-1024x855-1.jpg\" alt=\"Destaques da AYANEO AG01 mostrados num layout de grelha futurista, incluindo o chip RX 7600M XT, ilumina&#xE7;&#xE3;o RGB, placa de identifica&#xE7;&#xE3;o personaliz&#xE1;vel, sistema de arrefecimento e capacidades de expans&#xE3;o de E\/S.\" class=\"wp-image-37415\" srcset=\"https:\/\/ayaneo.co\/wp-content\/uploads\/2025\/05\/AYANEO-AG01-GRAPHICS_DOCK-MARKETING-IMAGE-DONE-2-1024x855-1.jpg 1024w, https:\/\/ayaneo.co\/wp-content\/uploads\/2025\/05\/AYANEO-AG01-GRAPHICS_DOCK-MARKETING-IMAGE-DONE-2-1024x855-1-300x250.jpg 300w, https:\/\/ayaneo.co\/wp-content\/uploads\/2025\/05\/AYANEO-AG01-GRAPHICS_DOCK-MARKETING-IMAGE-DONE-2-1024x855-1-768x641.jpg 768w, https:\/\/ayaneo.co\/wp-content\/uploads\/2025\/05\/AYANEO-AG01-GRAPHICS_DOCK-MARKETING-IMAGE-DONE-2-1024x855-1-990x827.jpg 990w, https:\/\/ayaneo.co\/wp-content\/uploads\/2025\/05\/AYANEO-AG01-GRAPHICS_DOCK-MARKETING-IMAGE-DONE-2-1024x855-1-441x368.jpg 441w, https:\/\/ayaneo.co\/wp-content\/uploads\/2025\/05\/AYANEO-AG01-GRAPHICS_DOCK-MARKETING-IMAGE-DONE-2-1024x855-1-600x501.jpg 600w, https:\/\/ayaneo.co\/wp-content\/uploads\/2025\/05\/AYANEO-AG01-GRAPHICS_DOCK-MARKETING-IMAGE-DONE-2-1024x855-1-150x125.jpg 150w\" sizes=\"(max-width: 1024px) 100vw, 1024px\" \/><\/a><\/figure>\n\n<p>Equipado com a GPU <strong>AMD Radeon RX 7600M XT<\/strong> baseada na arquitetura RDNA3, o AG01 suporta jogos AAA topo de gama, edi\u00e7\u00e3o de v\u00eddeo e renderiza\u00e7\u00e3o 3D com uma efici\u00eancia excecional. \u00c9 o companheiro ideal para dispositivos de jogos port\u00e1teis como o AYANEO 2S, KUN, e mesmo dispositivos n\u00e3oAYANEO via OCuLink e USB4, incluindo Steam Deck, ROG Ally, e mais. <\/p>\n\n<hr class=\"wp-block-separator has-alpha-channel-opacity\"\/>\n\n<h2 class=\"wp-block-heading\" id=\"h-performance-that-launches-beyond-limits\">Desempenho que vai para al\u00e9m dos limites<\/h2>\n\n<p><strong>Pot\u00eancia gr\u00e1fica:<\/strong> No cora\u00e7\u00e3o do AG01 est\u00e1 a GPU <strong>AMD Radeon RX 7600M XT<\/strong>, com 32 unidades de computa\u00e7\u00e3o, 8GB de mem\u00f3ria GDDR6 e um boost clock m\u00e1ximo de 2300MHz. Esta pot\u00eancia proporciona jogos fluidos a 1080p e at\u00e9 1440p, destacando-se em aplica\u00e7\u00f5es de elevado desempenho, desde t\u00edtulos AAA a fluxos de trabalho criativos acelerados por GPU. <\/p>\n\n<p><strong>Sistema de arrefecimento avan\u00e7ado:<\/strong> Ao contr\u00e1rio das eGPUs convencionais, a AG01 possui um sistema de arrefecimento concebido de forma \u00fanica com duas entradas de ar e uma ventoinha de alta efici\u00eancia. Este design maximiza o fluxo de ar enquanto mant\u00e9m o baixo ru\u00eddo, permitindo um desempenho sustentado mesmo durante sess\u00f5es prolongadas. <\/p>\n\n<hr class=\"wp-block-separator has-alpha-channel-opacity\"\/>\n\n<h2 class=\"wp-block-heading\" id=\"h-seamless-connectivity\">Conectividade sem falhas<\/h2>\n\n<figure class=\"wp-block-image size-full\"><a href=\"https:\/\/ayaneo.co\/wp-content\/uploads\/2025\/05\/AYANEO-AG01-GRAPHICS_DOCK-MARKETING-IMAGE-DONE-3-1024x576-1.jpg\"><img decoding=\"async\" width=\"1024\" height=\"576\" src=\"https:\/\/ayaneo.co\/wp-content\/uploads\/2025\/05\/AYANEO-AG01-GRAPHICS_DOCK-MARKETING-IMAGE-DONE-3-1024x576-1.jpg\" alt=\"Diagrama que mostra a disposi&#xE7;&#xE3;o das E\/S na parte de tr&#xE1;s da base gr&#xE1;fica AYANEO AG01, identificando portas como DP 2.0, HDMI 2.1, OCuLink, USB4, DC, RJ45 e USB 3.2 Gen 2.\" class=\"wp-image-37416\" srcset=\"https:\/\/ayaneo.co\/wp-content\/uploads\/2025\/05\/AYANEO-AG01-GRAPHICS_DOCK-MARKETING-IMAGE-DONE-3-1024x576-1.jpg 1024w, https:\/\/ayaneo.co\/wp-content\/uploads\/2025\/05\/AYANEO-AG01-GRAPHICS_DOCK-MARKETING-IMAGE-DONE-3-1024x576-1-300x169.jpg 300w, https:\/\/ayaneo.co\/wp-content\/uploads\/2025\/05\/AYANEO-AG01-GRAPHICS_DOCK-MARKETING-IMAGE-DONE-3-1024x576-1-768x432.jpg 768w, https:\/\/ayaneo.co\/wp-content\/uploads\/2025\/05\/AYANEO-AG01-GRAPHICS_DOCK-MARKETING-IMAGE-DONE-3-1024x576-1-990x557.jpg 990w, https:\/\/ayaneo.co\/wp-content\/uploads\/2025\/05\/AYANEO-AG01-GRAPHICS_DOCK-MARKETING-IMAGE-DONE-3-1024x576-1-441x248.jpg 441w, https:\/\/ayaneo.co\/wp-content\/uploads\/2025\/05\/AYANEO-AG01-GRAPHICS_DOCK-MARKETING-IMAGE-DONE-3-1024x576-1-600x338.jpg 600w, https:\/\/ayaneo.co\/wp-content\/uploads\/2025\/05\/AYANEO-AG01-GRAPHICS_DOCK-MARKETING-IMAGE-DONE-3-1024x576-1-150x84.jpg 150w\" sizes=\"(max-width: 1024px) 100vw, 1024px\" \/><\/a><\/figure>\n\n<p><strong>Preparado para OCuLink e USB4:<\/strong> Para liga\u00e7\u00f5es de baixa lat\u00eancia e elevada largura de banda, o AG01 suporta <strong>OCuLink SFF-8612<\/strong> e <strong>USB4<\/strong>, oferecendo uma ampla compatibilidade entre PCs port\u00e1teis e computadores port\u00e1teis. O OCuLink proporciona um desempenho superior da GPU ao contornar os estrangulamentos das liga\u00e7\u00f5es Thunderbolt tradicionais, tornando-o a melhor escolha para jogadores e criadores s\u00e9rios. <\/p>\n\n<p><strong>Suporte vers\u00e1til para dispositivos:<\/strong> Quer estejas a ligar a um dispositivo port\u00e1til AYANEO, Steam Deck, ou a uma m\u00e1quina Windows\/Linux compacta, o AG01 adapta-se facilmente. Suporta a funcionalidade plug-and-play sem necessidade de ajustes na BIOS para a maioria dos sistemas. <\/p>\n\n<hr class=\"wp-block-separator has-alpha-channel-opacity\"\/>\n\n<h2 class=\"wp-block-heading\" id=\"h-built-to-travel-designed-to-impress\">Constru\u00eddo para viajar, concebido para impressionar<\/h2>\n\n<p><strong>Compacta e leve:<\/strong> Medindo apenas 18 cm x 6,3 cm x 3 cm e pesando 869 g, a AG01 \u00e9 uma das bases de liga\u00e7\u00e3o eGPU de elevado desempenho mais pequenas do mundo. O seu design da era espacial funciona como uma pe\u00e7a de destaque na tua secret\u00e1ria ou na tua mala tecnol\u00f3gica. <\/p>\n\n<p><strong>Materiais de alta qualidade:<\/strong> O chassis \u00e9 constru\u00eddo em liga de alum\u00ednio de qualidade aeroespacial, combinando durabilidade com efici\u00eancia t\u00e9rmica e est\u00e9tica elegante.<\/p>\n\n<figure class=\"wp-block-image size-full\"><a href=\"https:\/\/ayaneo.co\/wp-content\/uploads\/2025\/05\/AYANEO-AG01-GRAPHICS_DOCK-MARKETING-IMAGE-DONE-8-1024x576-1.jpg\"><img loading=\"lazy\" decoding=\"async\" width=\"1024\" height=\"576\" src=\"https:\/\/ayaneo.co\/wp-content\/uploads\/2025\/05\/AYANEO-AG01-GRAPHICS_DOCK-MARKETING-IMAGE-DONE-8-1024x576-1.jpg\" alt=\"Imagem dram&#xE1;tica das duas pe&#xE7;as met&#xE1;licas do chassis do AYANEO AG01 a meio da separa&#xE7;&#xE3;o, real&#xE7;ando o seu corpo met&#xE1;lico finamente trabalhado contra um fundo espacial estrelado.\" class=\"wp-image-37417\" srcset=\"https:\/\/ayaneo.co\/wp-content\/uploads\/2025\/05\/AYANEO-AG01-GRAPHICS_DOCK-MARKETING-IMAGE-DONE-8-1024x576-1.jpg 1024w, https:\/\/ayaneo.co\/wp-content\/uploads\/2025\/05\/AYANEO-AG01-GRAPHICS_DOCK-MARKETING-IMAGE-DONE-8-1024x576-1-300x169.jpg 300w, https:\/\/ayaneo.co\/wp-content\/uploads\/2025\/05\/AYANEO-AG01-GRAPHICS_DOCK-MARKETING-IMAGE-DONE-8-1024x576-1-768x432.jpg 768w, https:\/\/ayaneo.co\/wp-content\/uploads\/2025\/05\/AYANEO-AG01-GRAPHICS_DOCK-MARKETING-IMAGE-DONE-8-1024x576-1-990x557.jpg 990w, https:\/\/ayaneo.co\/wp-content\/uploads\/2025\/05\/AYANEO-AG01-GRAPHICS_DOCK-MARKETING-IMAGE-DONE-8-1024x576-1-441x248.jpg 441w, https:\/\/ayaneo.co\/wp-content\/uploads\/2025\/05\/AYANEO-AG01-GRAPHICS_DOCK-MARKETING-IMAGE-DONE-8-1024x576-1-600x338.jpg 600w, https:\/\/ayaneo.co\/wp-content\/uploads\/2025\/05\/AYANEO-AG01-GRAPHICS_DOCK-MARKETING-IMAGE-DONE-8-1024x576-1-150x84.jpg 150w\" sizes=\"(max-width: 1024px) 100vw, 1024px\" \/><\/a><\/figure>\n\n<hr class=\"wp-block-separator has-alpha-channel-opacity\"\/>\n\n<h2 class=\"wp-block-heading\" id=\"h-user-experience\">Experi\u00eancia do utilizador<\/h2>\n\n<p>O AG01 estabelece uma nova fasquia em termos de desempenho f\u00e1cil de utilizar. O seu suporte sem controlador para Windows e Linux, a compatibilidade perfeita com dispositivos e a configura\u00e7\u00e3o plug-and-play tornam-no ideal tanto para os rec\u00e9m-chegados como para os entusiastas da tecnologia. Quer estejas a fazer streaming, a desenhar, a jogar ou a executar v\u00e1rias tarefas em v\u00e1rios ecr\u00e3s, o AG01 proporciona uma experi\u00eancia suave e envolvente.  <\/p>\n\n<hr class=\"wp-block-separator has-alpha-channel-opacity\"\/>\n\n<h2 class=\"wp-block-heading\" id=\"h-conclusion\">Conclus\u00e3o<\/h2>\n\n<p>A <strong>AYANEO AG01 Starship Graphics Dock<\/strong> \u00e9 mais do que apenas uma GPU externa - \u00e9 um salto para um futuro em que a portabilidade se encontra com o verdadeiro desempenho ao n\u00edvel do ambiente de trabalho. Com o seu motor Radeon RX 7600M XT, conetividade de interface dupla e design art\u00edstico, a AG01 redefine o que \u00e9 poss\u00edvel na computa\u00e7\u00e3o port\u00e1til. <\/p>\n\n<p>Encomenda j\u00e1 o teu AG01 e faz parte de uma nova gera\u00e7\u00e3o de jogadores e criadores que abra\u00e7am a pot\u00eancia sem compromissos onde quer que v\u00e3o.  <strong>Com AYANEO, as estrelas s\u00e3o apenas o come\u00e7o.<\/strong><\/p>\n","protected":false},"excerpt":{"rendered":"<ul>\n<li>GPU <strong>Radeon\u2122 RX 7600M XT<\/strong> com arquitetura RDNA 3<\/li>\n<li><strong>Interface dupla:<\/strong> OCuLink e USB 4.0 (Tipo C, 65W PD)<\/li>\n<li><strong>Compacto e leve:<\/strong> Design port\u00e1til inspirado numa nave espacial<\/li>\n<li><strong>Arrefecimento optimizado:<\/strong> Sistema de ventilador de turbina de alta efici\u00eancia<\/li>\n<li><strong>Compat\u00edvel com:<\/strong> AYANEO 2S, KUN, FLIP DS, ROG Ally, Steam Deck<\/li>\n<\/ul>\n[cg_accordion title=\"INFORMA\u00c7\u00d5ES DE PAGAMENTO\"]<\/p>\n<p>Utilizamos a tecnologia mais recente no processamento de pagamentos, o que te permite fazer o checkout atrav\u00e9s do Apple Pay, Google Pay, o teu cart\u00e3o de d\u00e9bito\/cr\u00e9dito, PayPal ou m\u00e9todos BNPL, como Klarna, Affirm ou AfterPay, para uma experi\u00eancia r\u00e1pida e segura.[\/cg_accordion]\n[cg_accordion title=\"GARANTIA\"]<\/p>\n<p>1 ano de garantia da <a href=\"https:\/\/droix.net\/\" target=\"_blank\" rel=\"nofollow noopener\">DROIX Global<\/a> para a tua paz de esp\u00edrito[\/cg_accordion]\n[cg_accordion title=\"GARANTIA DE QUALIDADE E ENSAIOS PR\u00c9-EXPEDI\u00c7\u00c3O\"]<\/p>\n<p>Garante a satisfa\u00e7\u00e3o do cliente ao mais alto n\u00edvel: Todos os aparelhos s\u00e3o submetidos a testes rigorosos e a uma verifica\u00e7\u00e3o de garantia de qualidade em v\u00e1rios pontos antes de serem enviados. A nossa equipa dedicada verifica o desempenho, a funcionalidade e a integridade dos componentes para garantir que o teu dispositivo AYANEO est\u00e1 em perfeitas condi\u00e7\u00f5es de funcionamento \u00e0 chegada, proporcionando-te confian\u00e7a e paz de esp\u00edrito. [\/cg_accordion]\n[cg_accordion title=\"PRE\u00c7OS, IMPOSTOS E ENVIO\"]<\/p>\n<p><strong><u>Nota:<\/u><\/strong><\/p>\n<ul>\n<li>Clientes dos Estados Unidos: O pre\u00e7o apresentado N\u00c3O inclui TAXAS nem impostos. O cliente \u00e9 respons\u00e1vel pelo desalfandegamento e pelo pagamento de quaisquer impostos ou taxas associadas. <\/li>\n<li>Clientes da UE: O pre\u00e7o apresentado inclui o IMPOSTO aplic\u00e1vel, que pode ir at\u00e9 25%, dependendo do teu pa\u00eds.<\/li>\n<li>Clientes do Canad\u00e1: O pre\u00e7o apresentado inclui os impostos aplic\u00e1veis, que podem incluir 5% de GST e impostos adicionais sobre vendas provinciais (PST), imposto sobre vendas harmonizado (HST) ou imposto sobre vendas do Quebeque (QST), dependendo da tua prov\u00edncia.<\/li>\n<\/ul>\n<p><strong>APENAS para clientes da UE:<\/strong> Entrega expressa DDP (Delivered Duty Paid). Isto significa que: <\/p>\n<ul>\n<li>Todos os direitos aduaneiros e impostos est\u00e3o inclu\u00eddos no pre\u00e7o apresentado na p\u00e1gina do produto.<\/li>\n<li>N\u00e3o ter\u00e1s de pagar quaisquer encargos adicionais aquando da entrega.<\/li>\n<li>Na rara eventualidade de problemas relacionados com a alf\u00e2ndega, a nossa equipa tratar\u00e1 do processo de desalfandegamento em teu nome para garantir uma experi\u00eancia de entrega sem problemas.<\/li>\n<p>Informa\u00e7\u00f5es importantes sobre devolu\u00e7\u00f5es:<\/p>\n<li>Se decidires devolver a tua encomenda ou pedir um reembolso, tem em aten\u00e7\u00e3o que os impostos e direitos pagos em teu nome ao abrigo das condi\u00e7\u00f5es DDP n\u00e3o podem ser reembolsados.<\/li>\n<p>Consulta os nossos <a href=\"https:\/\/ayaneo.co\/pt-pt\/termos-de-servico\/\" target=\"_blank\" rel=\"nofollow noopener\">Termos e Condi\u00e7\u00f5es<\/a> para obteres informa\u00e7\u00f5es detalhadas.\n<\/ul>\n<p>[\/cg_accordion]\n[cg_accordion title=\"APOIO AO CLIENTE\"]<\/p>\n<p>Tens uma pergunta? Estamos a uma curta mensagem de texto de ter o teu problema resolvido! [\/cg_accordion]\n[cg_accordion title=\"O PACOTE INCLUI\"]<\/p>\n<ul>\n<li>1x AYANEO AG01 Doca gr\u00e1fica Starship<\/li>\n<li>1x Cabo USB Tipo C<\/li>\n<li>1x Manual do utilizador<\/li>\n<\/ul>\n<p>[\/cg_accordion]\n","protected":false},"featured_media":17350,"template":"","meta":{"_acf_changed":false},"product_brand":[],"product_cat":[1192],"product_tag":[],"class_list":{"0":"post-17344","1":"product","2":"type-product","3":"status-publish","4":"has-post-thumbnail","6":"product_cat-acessorios","7":"product_shipping_class-premium","8":"pa_brand-ayaneo","9":"pa_graphics-gpu-model-radeon-rx-7600m-xt","11":"first","12":"outofstock","13":"sale","14":"taxable","15":"shipping-taxable","16":"purchasable","17":"product-type-variable","18":"has-default-attributes"},"acf":[],"_links":{"self":[{"href":"https:\/\/ayaneo.co\/pt-pt\/wp-json\/wp\/v2\/product\/17344","targetHints":{"allow":["GET"]}}],"collection":[{"href":"https:\/\/ayaneo.co\/pt-pt\/wp-json\/wp\/v2\/product"}],"about":[{"href":"https:\/\/ayaneo.co\/pt-pt\/wp-json\/wp\/v2\/types\/product"}],"wp:featuredmedia":[{"embeddable":true,"href":"https:\/\/ayaneo.co\/pt-pt\/wp-json\/wp\/v2\/media\/17350"}],"wp:attachment":[{"href":"https:\/\/ayaneo.co\/pt-pt\/wp-json\/wp\/v2\/media?parent=17344"}],"wp:term":[{"taxonomy":"product_brand","embeddable":true,"href":"https:\/\/ayaneo.co\/pt-pt\/wp-json\/wp\/v2\/product_brand?post=17344"},{"taxonomy":"product_cat","embeddable":true,"href":"https:\/\/ayaneo.co\/pt-pt\/wp-json\/wp\/v2\/product_cat?post=17344"},{"taxonomy":"product_tag","embeddable":true,"href":"https:\/\/ayaneo.co\/pt-pt\/wp-json\/wp\/v2\/product_tag?post=17344"}],"curies":[{"name":"wp","href":"https:\/\/api.w.org\/{rel}","templated":true}]}}