{"id":18664,"date":"2024-08-15T15:04:41","date_gmt":"2024-08-15T15:04:41","guid":{"rendered":"https:\/\/ayaneo.co\/product\/ayaneo-dmg-de-bolso\/"},"modified":"2025-12-11T00:11:49","modified_gmt":"2025-12-11T00:11:49","slug":"ayaneo-pocket-dmg","status":"publish","type":"product","link":"https:\/\/ayaneo.co\/pt-pt\/product\/ayaneo-pocket-dmg\/","title":{"rendered":"AYANEO Pocket DMG"},"content":{"rendered":"\n<figure class=\"wp-block-video\"><video controls=\"\" src=\"https:\/\/droix.net\/wp-content\/uploads\/2024\/08\/AYANEO-Pocket-DMG&#xFF1A;The-Pinnacle-of-Retro-Vertical-Handhelds.mp4\"><\/video><\/figure>\n\n<div class=\"wp-block-columns is-layout-flex wp-container-core-columns-is-layout-28f84493 wp-block-columns-is-layout-flex\">\n<div class=\"wp-block-column is-layout-flow wp-block-column-is-layout-flow\" style=\"flex-basis:33.33%\">\n<figure class=\"wp-block-image size-large\"><a href=\"https:\/\/droix.net\/wp-content\/uploads\/2024\/08\/AYANEO-POCKET-DMG-ARTIC-BLACK-DONE-01.png\" target=\"_blank\" rel=\"noopener\"><img decoding=\"async\" src=\"https:\/\/droix.net\/wp-content\/uploads\/2024\/08\/AYANEO-POCKET-DMG-ARTIC-BLACK-DONE-01-1024x1024.png\" alt=\"Vista frontal do AYANEO Pocket DMG em Arctic Black, mostrando o seu design de inspira&#xE7;&#xE3;o retro com um ecr&#xE3; OLED de 3,92 polegadas, D-pad, joystick anal&#xF3;gico e bot&#xF5;es.\" class=\"wp-image-184226\"\/><\/a><\/figure>\n<\/div>\n\n\n\n<div class=\"wp-block-column is-layout-flow wp-block-column-is-layout-flow\" style=\"flex-basis:66.66%\">\n<h3 class=\"wp-block-heading\" id=\"h-experience-retro-gaming-like-never-before-with-the-ayaneo-pocket-dmg\">Experimenta os jogos retro como nunca antes com o AYANEO Pocket DMG<\/h3>\n\n\n\n<p><strong>O AYANEO Pocket DMG<\/strong> \u00e9 um dispositivo <strong>de jogo<\/strong> <strong>port\u00e1til<\/strong> inovador que combina magistralmente a nostalgia dos jogos <strong>retro<\/strong> com tecnologia moderna avan\u00e7ada. Prestando homenagem ao ic\u00f3nico Game Boy, este <strong>dispositivo port\u00e1til vertical<\/strong> oferece uma est\u00e9tica familiar e um desempenho poderoso, tornando-o a escolha ideal para os f\u00e3s de <strong>jogos retro<\/strong> e de jogos modernos. <\/p>\n<\/div>\n<\/div>\n\n<p><strong>O AYANEO Pocket DMG<\/strong> \u00e9 um dispositivo <strong>de jogo<\/strong> <strong>port\u00e1til<\/strong> inovador que combina magistralmente a nostalgia dos jogos <strong>retro<\/strong> com tecnologia moderna avan\u00e7ada. Prestando homenagem ao ic\u00f3nico Game Boy, este <strong>dispositivo port\u00e1til vertical<\/strong> oferece uma est\u00e9tica familiar e um desempenho poderoso, tornando-o a escolha ideal para os f\u00e3s de <strong>jogos retro<\/strong> e de jogos modernos. <\/p>\n\n<h3 class=\"wp-block-heading\" id=\"h-design-and-display\">Conce\u00e7\u00e3o e apresenta\u00e7\u00e3o<\/h3>\n\n<p>O <strong>AYANEO Pocket DMG<\/strong> destaca-se pelo seu design compacto e nost\u00e1lgico, que faz lembrar as cl\u00e1ssicas consolas <strong>port\u00e1teis retro<\/strong>. No centro do seu apelo est\u00e1 um <strong>ecr\u00e3OLED <\/strong> de 3,92 polegadas, com uma resolu\u00e7\u00e3o n\u00edtida de 1240&#215;1080 e uma densidade de pixels de 419 PPI. Este <strong>ecr\u00e3OLED <\/strong> garante cores vibrantes e imagens n\u00edtidas, dando vida a jogos retro e modernos com uma nitidez impressionante. O dispositivo est\u00e1 dispon\u00edvel em duas cores distintas:   <\/p>\n\n<ul class=\"wp-block-list\">\n<li>Preto \u00e1rtico<\/li>\n\n\n\n<li>Lua Branca<\/li>\n<\/ul>\n\n<div class=\"wp-block-columns is-layout-flex wp-container-core-columns-is-layout-28f84493 wp-block-columns-is-layout-flex\">\n<div class=\"wp-block-column is-layout-flow wp-block-column-is-layout-flow\">\n<figure class=\"wp-block-image size-large\"><a href=\"https:\/\/droix.net\/wp-content\/uploads\/2024\/08\/AYANEO-POCKET-DMG-MARKETING-DONE-14.jpg\" target=\"_blank\" rel=\"noopener\"><img decoding=\"async\" src=\"https:\/\/droix.net\/wp-content\/uploads\/2024\/08\/AYANEO-POCKET-DMG-MARKETING-DONE-14-1024x1024.jpg\" alt=\"Imagem promocional do AYANEO Pocket DMG com a plataforma de jogos Snapdragon G3x Gen 2. Destaca o facto de ser o primeiro dispositivo port&#xE1;til vertical com este processador, apresentando a sua arquitetura Octa-Core 1+4+3 com n&#xFA;cleos Kryo Prime Ultra a 3,36 GHz, GPU Adreno A32 a 816 Hz e desempenho de 15 W. \" class=\"wp-image-184229\"\/><\/a><\/figure>\n\n\n\n<h3 class=\"wp-block-heading\" id=\"h-performance\">Desempenho<\/h3>\n\n\n\n<p>No cora\u00e7\u00e3o do <strong>Pocket DMG<\/strong> est\u00e1 o processador <strong>Snapdragon G3x Gen 2<\/strong>, um chip potente concebido especificamente para <strong>jogos<\/strong> <strong>port\u00e1teis<\/strong>. Este <strong>processador<\/strong> garante uma emula\u00e7\u00e3o perfeita de t\u00edtulos retro e um desempenho suave em jogos m\u00f3veis modernos. Executado em Android 13, o dispositivo d\u00e1 acesso a um vasto ecossistema de aplica\u00e7\u00f5es e emuladores, tornando-o uma plataforma vers\u00e1til para todas as tuas necessidades de <strong>jogo<\/strong>.  <\/p>\n<\/div>\n\n\n\n<div class=\"wp-block-column is-layout-flow wp-block-column-is-layout-flow\">\n<figure class=\"wp-block-image size-large\"><a href=\"https:\/\/droix.net\/wp-content\/uploads\/2024\/08\/AYANEO-POCKET-DMG-MARKETING-DONE-19.jpg\" target=\"_blank\" rel=\"noopener\"><img decoding=\"async\" src=\"https:\/\/droix.net\/wp-content\/uploads\/2024\/08\/AYANEO-POCKET-DMG-MARKETING-DONE-19-1024x1024.jpg\" alt=\"Infografia que apresenta v&#xE1;rias fun&#xE7;&#xF5;es do AYANEO Pocket DMG compar&#xE1;veis &#xE0;s dos controladores profissionais. As carater&#xED;sticas incluem joystick de alta precis&#xE3;o, sensibilidade ajust&#xE1;vel, espera sem consumo de energia, mira assistida por girosc&#xF3;pio, fun&#xE7;&#xE3;o de explos&#xE3;o de bot&#xF5;es, troca de valores-chave A-B-X-Y e intensidade de vibra&#xE7;&#xE3;o do motor ajust&#xE1;vel. Em baixo, uma m&#xE3;o segura o dispositivo branco, apresentando um ecr&#xE3; de jogo colorido.  \" class=\"wp-image-184232\"\/><\/a><\/figure>\n\n\n\n<h3 class=\"wp-block-heading\" id=\"h-controls-and-inputs\">Controlos e entradas<\/h3>\n\n\n\n<p>O <strong>Pocket DMG<\/strong> oferece uma disposi\u00e7\u00e3o de controlo vers\u00e1til e inovadora que se adapta a uma vasta gama de g\u00e9neros <strong>de jogo<\/strong>. As tuas principais carater\u00edsticas incluem: <\/p>\n\n\n\n<ul class=\"wp-block-list\">\n<li>Um D-pad tradicional para uma entrada direcional precisa<\/li>\n\n\n\n<li>Bot\u00f5es faciais ABXY para <strong>jogos<\/strong> cl\u00e1ssicos<\/li>\n\n\n\n<li>Um \u00fanico <strong>joystick<\/strong> anal\u00f3gico melhorado com tecnologia de efeito Hall para maior precis\u00e3o e durabilidade<\/li>\n\n\n\n<li>Um <strong>touchpad<\/strong> inovador que funciona como uma segunda entrada anal\u00f3gica<\/li>\n\n\n\n<li>Bot\u00f5es de ombro para op\u00e7\u00f5es de controlo adicionais<\/li>\n<\/ul>\n\n\n\n<p>Esta combina\u00e7\u00e3o de controlos garante que o <strong>Pocket DMG<\/strong> pode lidar facilmente com tudo, desde plataformas retro a jogos de a\u00e7\u00e3o modernos.<\/p>\n<\/div>\n\n\n\n<div class=\"wp-block-column is-layout-flow wp-block-column-is-layout-flow\">\n<figure class=\"wp-block-image size-large\"><a href=\"https:\/\/droix.net\/wp-content\/uploads\/2024\/08\/AYANEO-POCKET-DMG-MARKETING-DONE-16.jpg\" target=\"_blank\" rel=\"noopener\"><img decoding=\"async\" src=\"https:\/\/droix.net\/wp-content\/uploads\/2024\/08\/AYANEO-POCKET-DMG-MARKETING-DONE-16-1024x1024.jpg\" alt=\"Infografia que detalha a &#x201C;Combina&#xE7;&#xE3;o de pot&#xEA;ncia perfeita&#x201D; do AYANEO Pocket DMG, destacando a sua mem&#xF3;ria de alta velocidade (LPDDR5X a 8533Mbps), armazenamento r&#xE1;pido (UFS 4.0 com velocidade de leitura de 4000+ MB\/s) e grande capacidade para armazenar jogos e aplica&#xE7;&#xF5;es. Menciona as op&#xE7;&#xF5;es de at&#xE9; 16GB de RAM e 1TB de armazenamento. \" class=\"wp-image-184230\"\/><\/a><\/figure>\n\n\n\n<h3 class=\"wp-block-heading\" id=\"h-storage-and-connectivity\">Armazenamento e conetividade<\/h3>\n\n\n\n<p>O <strong>AYANEO Pocket DMG<\/strong> oferece solu\u00e7\u00f5es de armazenamento flex\u00edveis para satisfazer as necessidades de diferentes entusiastas de <strong>jogos<\/strong> <strong>port\u00e1teis<\/strong>:<\/p>\n\n\n\n<ul class=\"wp-block-list\">\n<li>8 GB de RAM + 128 GB de armazenamento<\/li>\n<\/ul>\n\n\n\n<p>Al\u00e9m disso, uma ranhura para cart\u00f5es microSD permite uma f\u00e1cil expans\u00e3o da capacidade de armazenamento. Em termos de conetividade, o dispositivo inclui: <\/p>\n\n\n\n<ul class=\"wp-block-list\">\n<li>Wi-Fi e Bluetooth 5.3 para comunica\u00e7\u00e3o sem fios<\/li>\n\n\n\n<li>Uma porta USB-C para carregar e ligar acess\u00f3rios<\/li>\n<\/ul>\n<\/div>\n<\/div>\n\n<h3 class=\"wp-block-heading\" id=\"h-battery-and-additional-features\">Bateria e funcionalidades adicionais<\/h3>\n\n<p>O <strong>Pocket DMG<\/strong> \u00e9 alimentado por uma bateria de 6.000 mAh, com suporte de carregamento r\u00e1pido PD de 25W para te manteres a jogar durante mais tempo. Outras carater\u00edsticas dignas de nota incluem: <\/p>\n\n<figure class=\"wp-block-image size-large\"><a href=\"https:\/\/droix.net\/wp-content\/uploads\/2024\/08\/AYANEO-POCKET-DMG-MARKETING-DONE-18.jpg\" target=\"_blank\" rel=\"noopener\"><img decoding=\"async\" src=\"https:\/\/droix.net\/wp-content\/uploads\/2024\/08\/AYANEO-POCKET-DMG-MARKETING-DONE-18-1024x1024.jpg\" alt=\"Imagem de marketing que mostra a bateria de 6000mAh do AYANEO Pocket DMG, real&#xE7;ando a longa dura&#xE7;&#xE3;o da bateria e o suporte de carregamento r&#xE1;pido PD. A parte inferior apresenta o joystick Hall Medium, real&#xE7;ando a sua precis&#xE3;o, durabilidade (5 milh&#xF5;es de utiliza&#xE7;&#xF5;es) e funcionalidades de controlo melhoradas. \" class=\"wp-image-184231\"\/><\/a><\/figure>\n\n<ul class=\"wp-block-list\">\n<li>Um girosc\u00f3pio de seis eixos para controlos de movimento<\/li>\n\n\n\n<li>Um sistema de arrefecimento ativo com uma ventoinha incorporada para manter o desempenho ideal<\/li>\n\n\n\n<li>Uma mala de transporte compacta para f\u00e1cil transporte<\/li>\n<\/ul>\n\n<h3 class=\"wp-block-heading\" id=\"h-user-experience-and-conclusion\">Experi\u00eancia do utilizador e conclus\u00e3o<\/h3>\n\n<p>A <strong>AYANEO Pocket DMG<\/strong> \u00e9 uma escolha excecional para os entusiastas e coleccionadores de <strong>jogos retro<\/strong> que pretendem um dispositivo que capte a ess\u00eancia dos jogos cl\u00e1ssicos <strong>retro port\u00e1teis<\/strong>, ao mesmo tempo que oferece a pot\u00eancia e a versatilidade da tecnologia moderna. Quer estejas a reviver jogos cl\u00e1ssicos ou a explorar novos jogos, esta <strong>unidade port\u00e1til<\/strong> proporciona uma experi\u00eancia <strong>de jogo<\/strong> envolvente e agrad\u00e1vel. <\/p>\n","protected":false},"excerpt":{"rendered":"<ul>\n<li>Processador: Qualcomm <strong>Snapdragon G3x Gen 2<\/strong><\/li>\n<li>Ecr\u00e3: <strong>3,92 polegadas OLED<\/strong>, resolu\u00e7\u00e3o 1240&#215;1080<\/li>\n<li>RAM: <strong>8GB<\/strong> LPDDR5X @ <strong>8533 MT\/s<\/strong><\/li>\n<li>Armazenamento: <strong>128GB<\/strong> UFS 3.1<\/li>\n<li>Conectividade: Wi-Fi <strong>6<\/strong> e Bluetooth <strong>5.3<\/strong><\/li>\n<\/ul>\n<p><img fetchpriority=\"high\" decoding=\"async\" src=\"https:\/\/ayaneo.co\/wp-content\/uploads\/2024\/08\/DMG-FREEBIES1.jpg\" alt=\"Uma imagem promocional com um fundo cinzento claro indica  \" free=\"\" gifts=\"\" in=\"\" large=\"\" dark=\"\" gray=\"\" letters=\"\" at=\"\" the=\"\" top.=\"\" below=\"\" this=\"\" smaller=\"\" text=\"\" it=\"\" lists=\"\" case=\"\" and=\"\" caps=\"\" followed=\"\" by=\"\" added=\"\" to=\"\" cart=\"\" a=\"\" slightly=\"\" larger=\"\" font.=\"\" right=\"\" there=\"\" are=\"\" two=\"\" product=\"\" square=\"\" white=\"\" rainbow-colored=\"\" package=\"\" containing=\"\" four=\"\" black=\"\" thumbstick=\"\" mesh=\"\" protective=\"\" identical=\"\" one=\"\" previous=\"\" image=\"\" with=\"\" logo=\"\" bottom.=\"\" width=\"550\" height=\"140\" class=\"alignnone size-full wp-image-25170\" images:=\"\" srcset=\"https:\/\/ayaneo.co\/wp-content\/uploads\/2024\/08\/DMG-FREEBIES1.jpg 550w, https:\/\/ayaneo.co\/wp-content\/uploads\/2024\/08\/DMG-FREEBIES1-300x76.jpg 300w, https:\/\/ayaneo.co\/wp-content\/uploads\/2024\/08\/DMG-FREEBIES1-441x112.jpg 441w, https:\/\/ayaneo.co\/wp-content\/uploads\/2024\/08\/DMG-FREEBIES1-150x38.jpg 150w\" sizes=\"(max-width: 550px) 100vw, 550px\" \/><\/p>\n[cg_accordion title=\"INFORMA\u00c7\u00d5ES DE PAGAMENTO\"] <\/p>\n<p>Utilizamos a tecnologia mais recente no processamento de pagamentos, o que te permite fazer o checkout atrav\u00e9s do Apple Pay, Google Pay, o teu cart\u00e3o de d\u00e9bito\/cr\u00e9dito, PayPal ou m\u00e9todos BNPL como Klarna, Affirm ou AfterPay para uma experi\u00eancia r\u00e1pida e segura.[\/cg_accordion]\n[cg_accordion title=\"GARANTIA\"] <\/p>\n<p>1 ano de garantia da <a href=\"https:\/\/droix.net\/\" target=\"_blank\" rel=\"nofollow noopener\">DROIX Global<\/a> para a tua paz de esp\u00edrito[\/cg_accordion]\n[cg_accordion title=\"PRE\u00c7OS, IMPOSTOS E ENVIO\"] <\/p>\n<p><strong><u>Nota:<\/u><\/strong><\/p>\n<ul>\n<li>Clientes dos Estados Unidos: O pre\u00e7o apresentado N\u00c3O inclui TAXAS nem impostos. O cliente \u00e9 respons\u00e1vel pelo desalfandegamento e pelo pagamento de quaisquer impostos ou taxas associadas. <\/li>\n<li>Clientes da UE: O pre\u00e7o apresentado inclui o IMPOSTO aplic\u00e1vel, que pode ir at\u00e9 25%, dependendo do teu pa\u00eds.<\/li>\n<li>Clientes do Canad\u00e1: O pre\u00e7o apresentado inclui os impostos aplic\u00e1veis, que podem incluir 5% de GST e impostos adicionais sobre vendas provinciais (PST), imposto sobre vendas harmonizado (HST) ou imposto sobre vendas do Quebeque (QST), dependendo da tua prov\u00edncia.<\/li>\n<\/ul>\n<p><strong>APENAS para clientes da UE:<\/strong> Entrega expressa DDP (Delivered Duty Paid). Isto significa que: <\/p>\n<ul>\n<li>Todos os direitos aduaneiros e impostos est\u00e3o inclu\u00eddos no pre\u00e7o apresentado na p\u00e1gina do produto.<\/li>\n<li>N\u00e3o ter\u00e1s de pagar quaisquer encargos adicionais aquando da entrega.<\/li>\n<li>Na rara eventualidade de problemas relacionados com a alf\u00e2ndega, a nossa equipa tratar\u00e1 do processo de desalfandegamento em teu nome para garantir uma experi\u00eancia de entrega sem problemas.<\/li>\n<p>Informa\u00e7\u00f5es importantes sobre devolu\u00e7\u00f5es:<\/p>\n<li>Se decidires devolver a tua encomenda ou pedir um reembolso, tem em aten\u00e7\u00e3o que os impostos e direitos pagos em teu nome ao abrigo das condi\u00e7\u00f5es DDP n\u00e3o podem ser reembolsados.<\/li>\n<p>Consulta a nossa<\/ul>\n<\/li>\n<\/ul>\n<p><a href=\"https:\/\/ayaneo.co\/pt-pt\/termos-de-servico\/\" target=\"_blank\" rel=\"nofollow noopener\">Termos e condi\u00e7\u00f5es<\/a><\/p>\n<ul>para obteres informa\u00e7\u00f5es pormenorizadas.<\/ul>\n<p>[\/cg_accordion]\n[cg_accordion title=\"APOIO AO CLIENTE\"] <\/p>\n<p>Tens uma pergunta? Estamos a uma curta mensagem de texto de ter o teu problema resolvido!   [\/cg_accordion]\n[cg_accordion title=\"O pacote inclui\"]<\/p>\n<ul>\n<li>1x AYANEO DMG de bolso<\/li>\n<li>1x Cabo USB Tipo C<\/li>\n<li>1x Manual do utilizador<\/li>\n<\/ul>\n<p>[\/cg_accordion]\n","protected":false},"featured_media":18677,"template":"","meta":{"_acf_changed":false},"product_brand":[],"product_cat":[1240],"product_tag":[],"class_list":{"0":"post-18664","1":"product","2":"type-product","3":"status-publish","4":"has-post-thumbnail","6":"product_cat-android-jogos-portateis","7":"product_shipping_class-standard","8":"pa_brand-ayaneo","10":"first","11":"instock","12":"taxable","13":"shipping-taxable","14":"purchasable","15":"product-type-variable","16":"has-default-attributes"},"acf":[],"_links":{"self":[{"href":"https:\/\/ayaneo.co\/pt-pt\/wp-json\/wp\/v2\/product\/18664","targetHints":{"allow":["GET"]}}],"collection":[{"href":"https:\/\/ayaneo.co\/pt-pt\/wp-json\/wp\/v2\/product"}],"about":[{"href":"https:\/\/ayaneo.co\/pt-pt\/wp-json\/wp\/v2\/types\/product"}],"wp:featuredmedia":[{"embeddable":true,"href":"https:\/\/ayaneo.co\/pt-pt\/wp-json\/wp\/v2\/media\/18677"}],"wp:attachment":[{"href":"https:\/\/ayaneo.co\/pt-pt\/wp-json\/wp\/v2\/media?parent=18664"}],"wp:term":[{"taxonomy":"product_brand","embeddable":true,"href":"https:\/\/ayaneo.co\/pt-pt\/wp-json\/wp\/v2\/product_brand?post=18664"},{"taxonomy":"product_cat","embeddable":true,"href":"https:\/\/ayaneo.co\/pt-pt\/wp-json\/wp\/v2\/product_cat?post=18664"},{"taxonomy":"product_tag","embeddable":true,"href":"https:\/\/ayaneo.co\/pt-pt\/wp-json\/wp\/v2\/product_tag?post=18664"}],"curies":[{"name":"wp","href":"https:\/\/api.w.org\/{rel}","templated":true}]}}