{"id":18887,"date":"2024-08-02T09:33:01","date_gmt":"2024-08-02T09:33:01","guid":{"rendered":"https:\/\/ayaneo.co\/product\/ayaneo-pocket-s\/"},"modified":"2026-01-30T00:55:03","modified_gmt":"2026-01-30T00:55:03","slug":"ayaneo-pocket-s","status":"publish","type":"product","link":"https:\/\/ayaneo.co\/pt-pt\/product\/ayaneo-pocket-s\/","title":{"rendered":"AYANEO Pocket S"},"content":{"rendered":"\n<h3 class=\"wp-block-heading\" id=\"h-ayaneo-pocket-s-the-ultimate-retro-gaming-handheld\"><strong>AYANEO Pocket S O que \u00e9: A melhor consola de jogos retro<\/strong><\/h3>\n\n<h3 class=\"wp-block-heading\" id=\"h-introduction\">Introdu\u00e7\u00e3o<\/h3>\n\n<p>A AYANEO Pocket S representa um avan\u00e7o inovador para os f\u00e3s de jogos retro no mundo din\u00e2mico dos jogos. Este dispositivo transcende o facto de ser apenas uma consola de jogos; \u00e9 uma celebra\u00e7\u00e3o da evolu\u00e7\u00e3o da ind\u00fastria, fundindo na perfei\u00e7\u00e3o a nostalgia com tecnologia de ponta. A AYANEO Pocket S destaca-se como uma maravilha da engenharia, oferecendo uma portabilidade excecional, um desempenho poderoso e um design \u00fanico que a distingue de tudo o que existe. Atende aos jogadores que apreciam os t\u00edtulos cl\u00e1ssicos mas anseiam por capacidades modernas, reformulando os limites dos jogos port\u00e1teis.   <\/p>\n\n<h3 class=\"wp-block-heading\" id=\"h-product-overview\">Vis\u00e3o geral do produto<\/h3>\n\n<p>O AYANEO Pocket S brilha como um s\u00edmbolo de inova\u00e7\u00e3o nos jogos port\u00e1teis. Equipado com a plataforma de jogos Snapdragon G3x Gen 2, garante um elevado desempenho com baixo consumo de energia. O seu impressionante ecr\u00e3 espelhado de 6\u2033 1080P ou 1440P IPS touch sem moldura d\u00e1 vida a cl\u00e1ssicos adorados com uma nitidez not\u00e1vel.  <\/p>\n\n<p>Concebido para o conforto, o dispositivo inclui joysticks com sensor Hall RGB, gatilhos Hall lineares e bot\u00f5es de borracha de condu\u00e7\u00e3o para uma experi\u00eancia de jogo mais suave e mais reactiva. Este dispositivo port\u00e1til n\u00e3o se destina apenas a jogos; o seu design vers\u00e1til torna-o perfeito para o consumo de multim\u00e9dia em casa ou em viagem, gra\u00e7as \u00e0 sua constru\u00e7\u00e3o port\u00e1til e duradoura. <\/p>\n\n<h3 class=\"wp-block-heading\" id=\"h-detailed-features\">Carater\u00edsticas pormenorizadas<\/h3>\n\n<p><strong>Desempenho:<\/strong> No cora\u00e7\u00e3o do AYANEO Pocket S est\u00e1 um CPU Kyro de 8 n\u00facleos e um GPU Adreno A32, optimizados para um desempenho superior, mantendo uns modestos 15W TDP. Isto garante sess\u00f5es de jogo prolongadas sem sobreaquecimento ou consumo excessivo da bateria. O hardware est\u00e1 afinado para executar jogos cl\u00e1ssicos sem problemas, assegurando que cada a\u00e7\u00e3o \u00e9 t\u00e3o r\u00e1pida como nas consolas originais.  <\/p>\n\n<p><strong>Mem\u00f3ria e armazenamento:<\/strong> Com at\u00e9 16GB de RAM LPDDR5x, o AYANEO Pocket S oferece uma ampla mem\u00f3ria para multitarefas e um desempenho suave em todos os jogos e aplica\u00e7\u00f5es. O dispositivo oferece at\u00e9 1TB de armazenamento UFS 4.0 (UFS 3.1 para a vers\u00e3o de 128GB), permitindo aos jogadores transportar uma vasta biblioteca de t\u00edtulos cl\u00e1ssicos sem se preocuparem com os tempos de carregamento ou o espa\u00e7o de armazenamento. <\/p>\n\n<h3 class=\"wp-block-heading\" id=\"h-user-experience\">Experi\u00eancia do utilizador<\/h3>\n\n<p>Com um sistema operativo Android personalizado para jogos, o AYANEO Pocket S suporta uma vasta gama de sistemas da era dos 8 e 16 bits, garantindo a compatibilidade com milhares de jogos cl\u00e1ssicos. As suas op\u00e7\u00f5es de conetividade Wi-Fi 7 e Bluetooth 5.3 facilitam os jogos multijogador, permitindo-te ligar-te a amigos e a outros jogadores de todo o mundo. O software AYA SPACE melhora a experi\u00eancia com uma interface intuitiva para a navega\u00e7\u00e3o nos jogos e a gest\u00e3o do sistema.  <\/p>\n\n<h3 class=\"wp-block-heading\" id=\"h-conclusion\">Conclus\u00e3o<\/h3>\n\n<p>O AYANEO Pocket S \u00e9 mais do que apenas mais uma unidade port\u00e1til de jogos retro; \u00e9 um sistema de entretenimento abrangente que une os jogos nost\u00e1lgicos \u00e0 tecnologia moderna. Com o seu desempenho robusto, design inovador e \u00eanfase na experi\u00eancia do utilizador, este dispositivo lidera o mercado dos jogos port\u00e1teis, convidando tanto os jogadores experientes como os rec\u00e9m-chegados a explorar a rica hist\u00f3ria dos jogos de v\u00eddeo sob uma nova luz. <\/p>\n\n<p>N\u00e3o percas a oportunidade de possuir um peda\u00e7o da hist\u00f3ria dos jogos reimaginado para a era moderna. Encomenda hoje a tua AYANEO Pocket S para estares entre os primeiros a experimentar o auge das consolas de jogos retro. Com disponibilidade limitada, esta \u00e9 uma oportunidade a n\u00e3o perder. Abra\u00e7a o futuro do entretenimento com a AYANEO Pocket S .   <\/p>\n\n<figure class=\"wp-block-image\"><a href=\"https:\/\/droix.net\/wp-content\/uploads\/2024\/05\/AYANEO-POCKET-S-MARKETING-DONE-01.jpg\" target=\"_blank\" rel=\"noopener\"><img decoding=\"async\" src=\"https:\/\/droix.net\/wp-content\/uploads\/2024\/05\/AYANEO-POCKET-S-MARKETING-DONE-01.jpg\" alt=\"AYANEO Pocket S Marketing\" class=\"wp-image-178865\"\/><\/a><\/figure>\n\n<figure class=\"wp-block-image\"><a href=\"https:\/\/droix.net\/wp-content\/uploads\/2024\/05\/AYANEO-POCKET-S-MARKETING-DONE-02.jpg\" target=\"_blank\" rel=\"noopener\"><img decoding=\"async\" src=\"https:\/\/droix.net\/wp-content\/uploads\/2024\/05\/AYANEO-POCKET-S-MARKETING-DONE-02.jpg\" alt=\"AYANEO Pocket S Marketing\" class=\"wp-image-178866\"\/><\/a><\/figure>\n\n<figure class=\"wp-block-image\"><a href=\"https:\/\/droix.net\/wp-content\/uploads\/2024\/05\/AYANEO-POCKET-S-MARKETING-DONE-03.jpg\" target=\"_blank\" rel=\"noopener\"><img decoding=\"async\" src=\"https:\/\/droix.net\/wp-content\/uploads\/2024\/05\/AYANEO-POCKET-S-MARKETING-DONE-03.jpg\" alt=\"AYANEO Pocket S Marketing\" class=\"wp-image-178867\"\/><\/a><\/figure>\n\n<figure class=\"wp-block-image\"><a href=\"https:\/\/droix.net\/wp-content\/uploads\/2024\/05\/AYANEO-POCKET-S-MARKETING-DONE-04.jpg\" target=\"_blank\" rel=\"noopener\"><img decoding=\"async\" src=\"https:\/\/droix.net\/wp-content\/uploads\/2024\/05\/AYANEO-POCKET-S-MARKETING-DONE-04.jpg\" alt=\"AYANEO Pocket S Marketing\" class=\"wp-image-178868\"\/><\/a><\/figure>\n\n<figure class=\"wp-block-image\"><a href=\"https:\/\/droix.net\/wp-content\/uploads\/2024\/05\/AYANEO-POCKET-S-MARKETING-DONE-05.jpg\" target=\"_blank\" rel=\"noopener\"><img decoding=\"async\" src=\"https:\/\/droix.net\/wp-content\/uploads\/2024\/05\/AYANEO-POCKET-S-MARKETING-DONE-05.jpg\" alt=\"AYANEO Pocket S Marketing\" class=\"wp-image-178869\"\/><\/a><\/figure>\n\n<figure class=\"wp-block-image\"><a href=\"https:\/\/droix.net\/wp-content\/uploads\/2024\/05\/AYANEO-POCKET-S-MARKETING-DONE-06.jpg\" target=\"_blank\" rel=\"noopener\"><img decoding=\"async\" src=\"https:\/\/droix.net\/wp-content\/uploads\/2024\/05\/AYANEO-POCKET-S-MARKETING-DONE-06.jpg\" alt=\"AYANEO Pocket S Marketing\" class=\"wp-image-178870\"\/><\/a><\/figure>\n\n<figure class=\"wp-block-image\"><a href=\"https:\/\/droix.net\/wp-content\/uploads\/2024\/05\/AYANEO-POCKET-S-MARKETING-DONE-07.jpg\" target=\"_blank\" rel=\"noopener\"><img decoding=\"async\" src=\"https:\/\/droix.net\/wp-content\/uploads\/2024\/05\/AYANEO-POCKET-S-MARKETING-DONE-07.jpg\" alt=\"AYANEO Pocket S Marketing\" class=\"wp-image-178871\"\/><\/a><\/figure>\n\n<figure class=\"wp-block-image\"><a href=\"https:\/\/droix.net\/wp-content\/uploads\/2024\/05\/AYANEO-POCKET-S-MARKETING-DONE-08.jpg\" target=\"_blank\" rel=\"noopener\"><img decoding=\"async\" src=\"https:\/\/droix.net\/wp-content\/uploads\/2024\/05\/AYANEO-POCKET-S-MARKETING-DONE-08.jpg\" alt=\"AYANEO Pocket S Marketing\" class=\"wp-image-178872\"\/><\/a><\/figure>\n\n<figure class=\"wp-block-image\"><a href=\"https:\/\/droix.net\/wp-content\/uploads\/2024\/05\/AYANEO-POCKET-S-MARKETING-DONE-09.jpg\" target=\"_blank\" rel=\"noopener\"><img decoding=\"async\" src=\"https:\/\/droix.net\/wp-content\/uploads\/2024\/05\/AYANEO-POCKET-S-MARKETING-DONE-09.jpg\" alt=\"AYANEO Pocket S Marketing\" class=\"wp-image-178873\"\/><\/a><\/figure>\n\n<figure class=\"wp-block-image\"><a href=\"https:\/\/droix.net\/wp-content\/uploads\/2024\/05\/AYANEO-POCKET-S-MARKETING-DONE-10.jpg\" target=\"_blank\" rel=\"noopener\"><img decoding=\"async\" src=\"https:\/\/droix.net\/wp-content\/uploads\/2024\/05\/AYANEO-POCKET-S-MARKETING-DONE-10.jpg\" alt=\"AYANEO Pocket S Marketing\" class=\"wp-image-178874\"\/><\/a><\/figure>\n\n<figure class=\"wp-block-image\"><a href=\"https:\/\/droix.net\/wp-content\/uploads\/2024\/05\/AYANEO-POCKET-S-MARKETING-DONE-11.jpg\" target=\"_blank\" rel=\"noopener\"><img decoding=\"async\" src=\"https:\/\/droix.net\/wp-content\/uploads\/2024\/05\/AYANEO-POCKET-S-MARKETING-DONE-11.jpg\" alt=\"AYANEO Pocket S Marketing\" class=\"wp-image-178875\"\/><\/a><\/figure>\n\n<figure class=\"wp-block-image\"><a href=\"https:\/\/droix.net\/wp-content\/uploads\/2024\/05\/AYANEO-POCKET-S-MARKETING-DONE-12.jpg\" target=\"_blank\" rel=\"noopener\"><img decoding=\"async\" src=\"https:\/\/droix.net\/wp-content\/uploads\/2024\/05\/AYANEO-POCKET-S-MARKETING-DONE-12.jpg\" alt=\"AYANEO Pocket S Marketing\" class=\"wp-image-178876\"\/><\/a><\/figure>\n","protected":false},"excerpt":{"rendered":"<ul>\n<li>Processador: Qualcomm<strong> G3x Gen 2<\/strong><\/li>\n<li>Ecr\u00e3: 1440P\/1080P 6&#8243;<strong> IPS Ecr\u00e3 t\u00e1til<\/strong><strong> sem margens<\/strong> <\/li>\n<li>RAM: At\u00e9<strong> 16GB<\/strong> LPDDR5X @ <strong>8533 MT\/s<\/strong><\/li>\n<li>Armazenamento: At\u00e9<strong> 1TB<\/strong> UFS 4.0<\/li>\n<li>Conectividade: Wi-Fi<strong> 7<\/strong> e Bluetooth <strong> 5.3<\/strong><\/li>\n<\/ul>\n<p><img fetchpriority=\"high\" decoding=\"async\" src=\"https:\/\/ayaneo.co\/wp-content\/uploads\/2024\/08\/AYANEO-POCKET-S-FREE-GIFTS.jpg\" alt=\"Banner de ofertas gratuitas - AYANEO Capa\/Aperto, Capas para Joystick, Protetor de ecr\u00e3\" width=\"2000\" height=\"500\" class=\"alignnone size-full wp-image-847\" srcset=\"https:\/\/ayaneo.co\/wp-content\/uploads\/2024\/08\/AYANEO-POCKET-S-FREE-GIFTS.jpg 2000w, https:\/\/ayaneo.co\/wp-content\/uploads\/2024\/08\/AYANEO-POCKET-S-FREE-GIFTS-150x38.jpg 150w, https:\/\/ayaneo.co\/wp-content\/uploads\/2024\/08\/AYANEO-POCKET-S-FREE-GIFTS-600x150.jpg 600w, https:\/\/ayaneo.co\/wp-content\/uploads\/2024\/08\/AYANEO-POCKET-S-FREE-GIFTS-300x75.jpg 300w, https:\/\/ayaneo.co\/wp-content\/uploads\/2024\/08\/AYANEO-POCKET-S-FREE-GIFTS-1024x256.jpg 1024w, https:\/\/ayaneo.co\/wp-content\/uploads\/2024\/08\/AYANEO-POCKET-S-FREE-GIFTS-768x192.jpg 768w, https:\/\/ayaneo.co\/wp-content\/uploads\/2024\/08\/AYANEO-POCKET-S-FREE-GIFTS-1536x384.jpg 1536w, https:\/\/ayaneo.co\/wp-content\/uploads\/2024\/08\/AYANEO-POCKET-S-FREE-GIFTS-990x248.jpg 990w, https:\/\/ayaneo.co\/wp-content\/uploads\/2024\/08\/AYANEO-POCKET-S-FREE-GIFTS-441x110.jpg 441w\" sizes=\"(max-width: 2000px) 100vw, 2000px\" \/><\/p>\n[cg_accordion title=\"INFORMA\u00c7\u00d5ES DE PAGAMENTO\"]<\/p>\n<p>Utilizamos a tecnologia mais recente no processamento de pagamentos, o que te permite fazer o checkout atrav\u00e9s do Apple Pay, Google Pay, o teu cart\u00e3o de d\u00e9bito\/cr\u00e9dito, PayPal ou m\u00e9todos BNPL como Klarna, Affirm ou AfterPay para uma experi\u00eancia r\u00e1pida e segura.[\/cg_accordion]\n[cg_accordion title=\"GARANTIA\"]<\/p>\n<p>1 ano de garantia da <a href=\"https:\/\/droix.net\/\" target=\"_blank\" rel=\"nofollow noopener\">DROIX Global<\/a> para a tua paz de esp\u00edrito[\/cg_accordion]\n[cg_accordion title=\"PRE\u00c7OS, IMPOSTOS E ENVIO\"]<\/p>\n<p><strong><u>Nota:<\/u><\/strong><\/p>\n<ul>\n<li>Clientes dos Estados Unidos: O pre\u00e7o apresentado N\u00c3O inclui TAXAS nem impostos. O cliente \u00e9 respons\u00e1vel pelo desalfandegamento e pelo pagamento de quaisquer impostos ou taxas associadas. <\/li>\n<li>Clientes da UE: O pre\u00e7o apresentado inclui o IMPOSTO aplic\u00e1vel, que pode ir at\u00e9 25%, dependendo do teu pa\u00eds.<\/li>\n<li>Clientes do Canad\u00e1: O pre\u00e7o apresentado inclui os impostos aplic\u00e1veis, que podem incluir 5% de GST e impostos adicionais sobre vendas provinciais (PST), imposto sobre vendas harmonizado (HST) ou imposto sobre vendas do Quebeque (QST), dependendo da tua prov\u00edncia.<\/li>\n<\/ul>\n<p><strong>APENAS para clientes da UE:<\/strong> Entrega expressa DDP (Delivered Duty Paid). Isto significa que: <\/p>\n<ul>\n<li>Todos os direitos aduaneiros e impostos est\u00e3o inclu\u00eddos no pre\u00e7o apresentado na p\u00e1gina do produto.<\/li>\n<li>N\u00e3o ter\u00e1s de pagar quaisquer encargos adicionais aquando da entrega.<\/li>\n<li>Na rara eventualidade de problemas relacionados com a alf\u00e2ndega, a nossa equipa tratar\u00e1 do processo de desalfandegamento em teu nome para garantir uma experi\u00eancia de entrega sem problemas.<\/li>\n<p>Informa\u00e7\u00f5es importantes sobre devolu\u00e7\u00f5es:<\/p>\n<li>Se decidires devolver a tua encomenda ou pedir um reembolso, tem em aten\u00e7\u00e3o que os impostos e direitos pagos em teu nome ao abrigo das condi\u00e7\u00f5es DDP n\u00e3o podem ser reembolsados.<\/li>\n<p>Consulta os nossos <a href=\"https:\/\/ayaneo.co\/pt-pt\/termos-de-servico\/\" target=\"_blank\" rel=\"nofollow noopener\">Termos e Condi\u00e7\u00f5es<\/a> para obteres informa\u00e7\u00f5es detalhadas.\n<\/ul>\n<p>[\/cg_accordion]\n[cg_accordion title=\"APOIO AO CLIENTE\"]<\/p>\n<p>Tens uma pergunta? Estamos a uma curta mensagem de texto de ter o teu problema resolvido!<br \/>\n[\/cg_accordion]\n[cg_accordion title=\"O pacote inclui\"]<\/p>\n<ul>\n<li>1x AYANEO Pocket S<\/li>\n<li>1x Cabo USB Tipo C<\/li>\n<li>1x Manual do utilizador<\/li>\n<li>1x AYANEO Pocket S Case<\/li>\n<li>1x Capas para JoyStick<\/li>\n<li>1x Protetor de ecr\u00e3<\/li>\n<\/ul>\n<p>[\/cg_accordion]\n","protected":false},"featured_media":30413,"template":"","meta":{"_acf_changed":false},"product_brand":[],"product_cat":[1240],"product_tag":[],"class_list":{"0":"post-18887","1":"product","2":"type-product","3":"status-publish","4":"has-post-thumbnail","6":"product_cat-android-jogos-portateis","7":"product_shipping_class-premium","8":"pa_brand-ayaneo","9":"pa_graphics-gpu-model-adreno-a32","10":"pa_operating-system-android-13","11":"pa_processor-cpu-brand-qualcomm","13":"first","14":"instock","15":"sale","16":"taxable","17":"shipping-taxable","18":"purchasable","19":"product-type-variable","20":"has-default-attributes"},"acf":[],"_links":{"self":[{"href":"https:\/\/ayaneo.co\/pt-pt\/wp-json\/wp\/v2\/product\/18887","targetHints":{"allow":["GET"]}}],"collection":[{"href":"https:\/\/ayaneo.co\/pt-pt\/wp-json\/wp\/v2\/product"}],"about":[{"href":"https:\/\/ayaneo.co\/pt-pt\/wp-json\/wp\/v2\/types\/product"}],"wp:featuredmedia":[{"embeddable":true,"href":"https:\/\/ayaneo.co\/pt-pt\/wp-json\/wp\/v2\/media\/30413"}],"wp:attachment":[{"href":"https:\/\/ayaneo.co\/pt-pt\/wp-json\/wp\/v2\/media?parent=18887"}],"wp:term":[{"taxonomy":"product_brand","embeddable":true,"href":"https:\/\/ayaneo.co\/pt-pt\/wp-json\/wp\/v2\/product_brand?post=18887"},{"taxonomy":"product_cat","embeddable":true,"href":"https:\/\/ayaneo.co\/pt-pt\/wp-json\/wp\/v2\/product_cat?post=18887"},{"taxonomy":"product_tag","embeddable":true,"href":"https:\/\/ayaneo.co\/pt-pt\/wp-json\/wp\/v2\/product_tag?post=18887"}],"curies":[{"name":"wp","href":"https:\/\/api.w.org\/{rel}","templated":true}]}}