{"id":19082,"date":"2023-03-11T18:05:35","date_gmt":"2023-03-11T18:05:35","guid":{"rendered":"https:\/\/ayaneo.co\/product\/ayaneo-estacao-multipla\/"},"modified":"2026-04-13T10:42:06","modified_gmt":"2026-04-13T10:42:06","slug":"ayaneo-estacao-multipla","status":"publish","type":"product","link":"https:\/\/ayaneo.co\/pt-pt\/product\/ayaneo-estacao-multipla\/","title":{"rendered":"AYANEO ESTA\u00c7\u00c3O M\u00daLTIPLA"},"content":{"rendered":"\n<p>Desbloqueia todo o potencial do teu AYANEO com a Multi Docking Station! Com oito portas de expans\u00e3o, liga v\u00e1rios perif\u00e9ricos para elevares a tua experi\u00eancia de jogo. Dispon\u00edvel em Cinzento Am\u00eandoa e Preto Grafite. Compat\u00edvel com todos os modelos AYANEO, ocupa um espa\u00e7o m\u00ednimo na secret\u00e1ria, proporcionando uma conetividade segura. Desfruta de transfer\u00eancia de dados de alta velocidade, sa\u00edda de v\u00eddeo HDMI 2.0b at\u00e9 4K a 60Hz e ranhuras para cart\u00f5es Micro SD e SD. Transforma a tua consola de jogos numa poderosa solu\u00e7\u00e3o semelhante a um PC de secret\u00e1ria com a AYANEO Multi Docking Station!     <\/p>\n","protected":false},"excerpt":{"rendered":"<ul>\n<li><b>Produto oficial AYANEO <\/b><\/li>\n<li><strong>Compat\u00edvel<\/strong> com <strong>todos os AYANEO Handhelds<\/strong><\/li>\n<li><b>Tampa de base patenteada exclusiva<\/b><\/li>\n<li><strong>At\u00e9 8<\/strong> portas de expans\u00e3o<\/li>\n<li>Ranhura para cart\u00e3o MicroSD<\/li>\n<\/ul>\n[cg_accordion title=\"INFORMA\u00c7\u00d5ES DE PAGAMENTO\"]<\/p>\n<p>Utilizamos a tecnologia mais recente no processamento de pagamentos, o que te permite fazer o checkout atrav\u00e9s do Apple Pay, Google Pay, o teu cart\u00e3o de d\u00e9bito\/cr\u00e9dito, PayPal ou m\u00e9todos BNPL como Klarna, Affirm ou AfterPay para uma experi\u00eancia r\u00e1pida e segura.[\/cg_accordion]\n[cg_accordion title=\"GARANTIA\"]<\/p>\n<p>1 ano de garantia da <a href=\"https:\/\/droix.net\/\" target=\"_blank\" rel=\"nofollow noopener\">DROIX Global<\/a> para a tua paz de esp\u00edrito[\/cg_accordion]\n[cg_accordion title=\"PRE\u00c7OS, IMPOSTOS E ENVIO\"]<\/p>\n<p><strong><u>Nota:<\/u><\/strong><\/p>\n<ul>\n<li>Clientes dos Estados Unidos: O pre\u00e7o apresentado N\u00c3O inclui TAXAS nem impostos. O cliente \u00e9 respons\u00e1vel pelo desalfandegamento e pelo pagamento de quaisquer impostos ou taxas associadas. <\/li>\n<li>Clientes da UE: O pre\u00e7o apresentado inclui o IMPOSTO aplic\u00e1vel, que pode ir at\u00e9 25%, dependendo do teu pa\u00eds.<\/li>\n<li>Clientes do Canad\u00e1: O pre\u00e7o apresentado inclui os impostos aplic\u00e1veis, que podem incluir 5% de GST e impostos adicionais sobre vendas provinciais (PST), imposto sobre vendas harmonizado (HST) ou imposto sobre vendas do Quebeque (QST), dependendo da tua prov\u00edncia.<\/li>\n<\/ul>\n<p><strong>APENAS para clientes da UE:<\/strong> Entrega expressa DDP (Delivered Duty Paid). Isto significa que: <\/p>\n<ul>\n<li>Todos os direitos aduaneiros e impostos est\u00e3o inclu\u00eddos no pre\u00e7o apresentado na p\u00e1gina do produto.<\/li>\n<li>N\u00e3o ter\u00e1s de pagar quaisquer encargos adicionais aquando da entrega.<\/li>\n<li>Na rara eventualidade de problemas relacionados com a alf\u00e2ndega, a nossa equipa tratar\u00e1 do processo de desalfandegamento em teu nome para garantir uma experi\u00eancia de entrega sem problemas.<\/li>\n<p>Informa\u00e7\u00f5es importantes sobre devolu\u00e7\u00f5es:<\/p>\n<li>Se decidires devolver a tua encomenda ou pedir um reembolso, tem em aten\u00e7\u00e3o que os impostos e direitos pagos em teu nome ao abrigo das condi\u00e7\u00f5es DDP n\u00e3o podem ser reembolsados.<\/li>\n<p>Consulta os nossos <a href=\"https:\/\/ayaneo.co\/terms-of-service-2\/\" target=\"_blank\" rel=\"nofollow noopener\">Termos e Condi\u00e7\u00f5es<\/a> para obteres informa\u00e7\u00f5es detalhadas.\n<\/ul>\n<p>[\/cg_accordion]\n[cg_accordion title=\"APOIO AO CLIENTE\"]<\/p>\n<p>Tens uma pergunta? Estamos a uma curta mensagem de texto de ter o teu problema resolvido!<br \/>\n[\/cg_accordion]\n","protected":false},"featured_media":19085,"template":"","meta":{"_acf_changed":false},"product_brand":[],"product_cat":[1192],"product_tag":[],"class_list":{"0":"post-19082","1":"product","2":"type-product","3":"status-publish","4":"has-post-thumbnail","6":"product_cat-acessorios","7":"product_shipping_class-low-end","8":"pa_accessory-type-docking-station-pt-pt","9":"pa_brand-ayaneo","10":"pa_compatible-with-ayaneo-2-pt-pt","11":"pa_compatible-with-ayaneo-2021-pt-pt","12":"pa_compatible-with-ayaneo-air-pt-pt","13":"pa_compatible-with-ayaneo-geek-pt-pt","15":"first","16":"instock","17":"sale","18":"taxable","19":"shipping-taxable","20":"purchasable","21":"product-type-variable"},"acf":[],"_links":{"self":[{"href":"https:\/\/ayaneo.co\/pt-pt\/wp-json\/wp\/v2\/product\/19082","targetHints":{"allow":["GET"]}}],"collection":[{"href":"https:\/\/ayaneo.co\/pt-pt\/wp-json\/wp\/v2\/product"}],"about":[{"href":"https:\/\/ayaneo.co\/pt-pt\/wp-json\/wp\/v2\/types\/product"}],"wp:featuredmedia":[{"embeddable":true,"href":"https:\/\/ayaneo.co\/pt-pt\/wp-json\/wp\/v2\/media\/19085"}],"wp:attachment":[{"href":"https:\/\/ayaneo.co\/pt-pt\/wp-json\/wp\/v2\/media?parent=19082"}],"wp:term":[{"taxonomy":"product_brand","embeddable":true,"href":"https:\/\/ayaneo.co\/pt-pt\/wp-json\/wp\/v2\/product_brand?post=19082"},{"taxonomy":"product_cat","embeddable":true,"href":"https:\/\/ayaneo.co\/pt-pt\/wp-json\/wp\/v2\/product_cat?post=19082"},{"taxonomy":"product_tag","embeddable":true,"href":"https:\/\/ayaneo.co\/pt-pt\/wp-json\/wp\/v2\/product_tag?post=19082"}],"curies":[{"name":"wp","href":"https:\/\/api.w.org\/{rel}","templated":true}]}}