{"id":19425,"date":"2024-09-20T09:49:52","date_gmt":"2024-09-20T09:49:52","guid":{"rendered":"https:\/\/ayaneo.co\/product\/ayaneo-pocket-s-acessorios\/"},"modified":"2025-12-09T00:26:07","modified_gmt":"2025-12-09T00:26:07","slug":"ayaneo-pocket-s-acessorios","status":"publish","type":"product","link":"https:\/\/ayaneo.co\/pt-pt\/product\/ayaneo-pocket-s-acessorios\/","title":{"rendered":"AYANEO Pocket S Acess\u00f3rios"},"content":{"rendered":"\n<p>Melhora a tua experi\u00eancia de jogo em AYANEO Pocket S com este pacote de acess\u00f3rios indispens\u00e1vel, concebido para prote\u00e7\u00e3o, conforto e melhor jogabilidade.<\/p>\n\n<ul class=\"wp-block-list\">\n<li><strong>Capa de prote\u00e7\u00e3o magn\u00e9tica 2 em 1<\/strong>: Criada com um design ergon\u00f3mico inovador, esta capa combina estilo e funcionalidade. A capa de prote\u00e7\u00e3o inclui uma tampa magn\u00e9tica que protege o teu dispositivo e proporciona um acesso f\u00e1cil. A textura antiderrapante garante uma ader\u00eancia firme e a pega de grandes dimens\u00f5es oferece uma fixa\u00e7\u00e3o confort\u00e1vel para longas sess\u00f5es de jogo. Quer estejas em casa ou em viagem, esta capa de prote\u00e7\u00e3o \u00e9 a companhia perfeita para proteger o teu AYANEO Pocket S do desgaste di\u00e1rio.   <\/li>\n\n\n\n<li><strong>Protetor de ecr\u00e3<\/strong>: Protege o teu ecr\u00e3 com um protetor de ecr\u00e3 ultra claro e de alta qualidade. Concebido para resistir a riscos, manchas e impress\u00f5es digitais, garante que o teu ecr\u00e3 permanece t\u00e3o vibrante e reativo como sempre. O seu design f\u00e1cil de aplicar garante uma instala\u00e7\u00e3o sem bolhas, mantendo o teu ecr\u00e3 intacto e a sensibilidade ao toque para uma jogabilidade suave e ininterrupta.  <\/li>\n\n\n\n<li><strong>Punhos de polegar<\/strong>: Melhora o teu controlo com as pegas de polegar de qualidade superior. Estas capas de silicone para os man\u00edpulos anal\u00f3gicos oferecem uma ader\u00eancia e precis\u00e3o superiores, ajudando-te a manter o controlo mesmo nos momentos de jogo mais intensos. Concebidos para reduzir a fadiga e melhorar o conforto, estes apoios para o polegar permitem movimentos mais precisos, dando-te a vantagem competitiva de que precisas.  <\/li>\n<\/ul>\n\n<p>Este kit de acess\u00f3rios garante que o teu AYANEO Pocket S se mant\u00e9m protegido e pronto para a a\u00e7\u00e3o, ao mesmo tempo que melhora a experi\u00eancia de jogo com melhorias ergon\u00f3micas.<\/p>\n","protected":false},"excerpt":{"rendered":"[cg_accordion title=\"INFORMA\u00c7\u00d5ES DE PAGAMENTO\"]<\/p>\n<p>Utilizamos a tecnologia mais recente no processamento de pagamentos, o que te permite fazer o checkout atrav\u00e9s do Apple Pay, Google Pay, o teu cart\u00e3o de d\u00e9bito\/cr\u00e9dito, PayPal ou m\u00e9todos BNPL como Klarna, Affirm ou AfterPay para uma experi\u00eancia r\u00e1pida e segura.[\/cg_accordion]\n[cg_accordion title=\"GARANTIA\"]<\/p>\n<p>1 ano de garantia da <a href=\"https:\/\/droix.net\/\" target=\"_blank\" rel=\"nofollow noopener\">DROIX Global<\/a> para a tua paz de esp\u00edrito[\/cg_accordion]\n[cg_accordion title=\"PRE\u00c7OS, IMPOSTOS E ENVIO\"]<\/p>\n<p><strong><u>Nota:<\/u><\/strong><\/p>\n<ul>\n<li>Clientes dos Estados Unidos: O pre\u00e7o apresentado N\u00c3O inclui TAXAS nem impostos. O cliente \u00e9 respons\u00e1vel pelo desalfandegamento e pelo pagamento de quaisquer impostos ou taxas associadas. <\/li>\n<li>Clientes da UE: O pre\u00e7o apresentado inclui o IMPOSTO aplic\u00e1vel, que pode ir at\u00e9 25%, dependendo do teu pa\u00eds.<\/li>\n<li>Clientes do Canad\u00e1: O pre\u00e7o apresentado inclui os impostos aplic\u00e1veis, que podem incluir 5% de GST e impostos adicionais sobre vendas provinciais (PST), imposto sobre vendas harmonizado (HST) ou imposto sobre vendas do Quebeque (QST), dependendo da tua prov\u00edncia.<\/li>\n<\/ul>\n<p><strong>APENAS para clientes da UE:<\/strong> Entrega expressa DDP (Delivered Duty Paid). Isto significa que: <\/p>\n<ul>\n<li>Todos os direitos aduaneiros e impostos est\u00e3o inclu\u00eddos no pre\u00e7o apresentado na p\u00e1gina do produto.<\/li>\n<li>N\u00e3o ter\u00e1s de pagar quaisquer encargos adicionais aquando da entrega.<\/li>\n<li>Na rara eventualidade de problemas relacionados com a alf\u00e2ndega, a nossa equipa tratar\u00e1 do processo de desalfandegamento em teu nome para garantir uma experi\u00eancia de entrega sem problemas.<\/li>\n<p>Informa\u00e7\u00f5es importantes sobre devolu\u00e7\u00f5es:<\/p>\n<li>Se decidires devolver a tua encomenda ou pedir um reembolso, tem em aten\u00e7\u00e3o que os impostos e direitos pagos em teu nome ao abrigo das condi\u00e7\u00f5es DDP n\u00e3o podem ser reembolsados.<\/li>\n<p>Consulta os nossos <a href=\"https:\/\/ayaneo.co\/terms-of-service-2\/\" target=\"_blank\" rel=\"nofollow noopener\">Termos e Condi\u00e7\u00f5es<\/a> para obteres informa\u00e7\u00f5es detalhadas.\n<\/ul>\n<p>[\/cg_accordion]\n[cg_accordion title=\"APOIO AO CLIENTE\"]<\/p>\n<p>Tens uma pergunta? Estamos a uma curta mensagem de texto de ter o teu problema resolvido!<br \/>\n[\/cg_accordion]\n","protected":false},"featured_media":19427,"template":"","meta":{"_acf_changed":false},"product_brand":[],"product_cat":[1192],"product_tag":[],"class_list":{"0":"post-19425","1":"product","2":"type-product","3":"status-publish","4":"has-post-thumbnail","6":"product_cat-acessorios","7":"product_shipping_class-low-end","8":"pa_accessory-type-grip-pt-pt","9":"pa_accessory-type-protective-case-pt-pt","10":"pa_accessory-type-screen-protector-pt-pt","11":"pa_brand-ayaneo","13":"first","14":"instock","15":"sale","16":"taxable","17":"shipping-taxable","18":"purchasable","19":"product-type-simple"},"acf":[],"_links":{"self":[{"href":"https:\/\/ayaneo.co\/pt-pt\/wp-json\/wp\/v2\/product\/19425","targetHints":{"allow":["GET"]}}],"collection":[{"href":"https:\/\/ayaneo.co\/pt-pt\/wp-json\/wp\/v2\/product"}],"about":[{"href":"https:\/\/ayaneo.co\/pt-pt\/wp-json\/wp\/v2\/types\/product"}],"wp:featuredmedia":[{"embeddable":true,"href":"https:\/\/ayaneo.co\/pt-pt\/wp-json\/wp\/v2\/media\/19427"}],"wp:attachment":[{"href":"https:\/\/ayaneo.co\/pt-pt\/wp-json\/wp\/v2\/media?parent=19425"}],"wp:term":[{"taxonomy":"product_brand","embeddable":true,"href":"https:\/\/ayaneo.co\/pt-pt\/wp-json\/wp\/v2\/product_brand?post=19425"},{"taxonomy":"product_cat","embeddable":true,"href":"https:\/\/ayaneo.co\/pt-pt\/wp-json\/wp\/v2\/product_cat?post=19425"},{"taxonomy":"product_tag","embeddable":true,"href":"https:\/\/ayaneo.co\/pt-pt\/wp-json\/wp\/v2\/product_tag?post=19425"}],"curies":[{"name":"wp","href":"https:\/\/api.w.org\/{rel}","templated":true}]}}