{"id":19457,"date":"2024-08-16T09:46:32","date_gmt":"2024-08-16T09:46:32","guid":{"rendered":"https:\/\/ayaneo.co\/product\/ayaneo-micro-de-bolso\/"},"modified":"2025-09-25T08:47:58","modified_gmt":"2025-09-25T08:47:58","slug":"ayaneo-micro-de-bolso","status":"publish","type":"product","link":"https:\/\/ayaneo.co\/pt-pt\/product\/ayaneo-micro-de-bolso\/","title":{"rendered":"AYANEO Pocket Micro"},"content":{"rendered":"\n<figure class=\"wp-block-video\"><video controls=\"\" poster=\"https:\/\/droix.net\/wp-content\/uploads\/2024\/08\/AYANEO-Pocket-MICRO-announced-1.webp\" src=\"https:\/\/droix.net\/wp-content\/uploads\/2024\/08\/AYANEO-Pocket-MICRO-Gaming-Experience-&#x2014;&#x2014;-Dungreed.mp4\"><\/video><\/figure>\n\n<div class=\"wp-block-columns is-layout-flex wp-container-core-columns-is-layout-28f84493 wp-block-columns-is-layout-flex\">\n<div class=\"wp-block-column is-layout-flow wp-block-column-is-layout-flow\" style=\"flex-basis:33.33%\">\n<figure class=\"wp-block-image size-large\"><a href=\"https:\/\/droix.net\/wp-content\/uploads\/2024\/08\/AYANEO-POCKET-MICRO-MARKETING-DONE-01.jpg\" target=\"_blank\" rel=\"noopener\"><img decoding=\"async\" src=\"https:\/\/droix.net\/wp-content\/uploads\/2024\/08\/AYANEO-POCKET-MICRO-MARKETING-DONE-01-1024x1024.jpg\" alt=\"Vista lateral do AYANEO Pocket Micro em preto, mostrando o seu perfil fino com bot&#xF5;es e aberturas vis&#xED;veis. O ecr&#xE3; apresenta linhas coloridas. O texto &#xE0; direita diz &#x201C;AYANEO POCKET MICRO: Consola port&#xE1;til horizontal retro de qualidade superior. Um brinquedo delicado que n&#xE3;o vais querer largar&#x201D;.  \" class=\"wp-image-184281\"\/><\/a><\/figure>\n<\/div>\n\n\n\n<div class=\"wp-block-column is-layout-flow wp-block-column-is-layout-flow\" style=\"flex-basis:66.66%\">\n<h3 class=\"wp-block-heading\" id=\"h-ayaneo-pocket-micro-a-premium-handheld-gaming-experience\"><strong>AYANEO Pocket Micro: Uma experi\u00eancia de jogo port\u00e1til de topo<\/strong><\/h3>\n\n\n\n<p>O AYANEO Pocket Micro representa uma mistura de est\u00e9tica retro com tecnologia de ponta, oferecendo uma experi\u00eancia de jogo port\u00e1til \u00fanica. Combinando uma forma compacta com funcionalidades avan\u00e7adas, este dispositivo destina-se tanto aos jogadores nost\u00e1lgicos como aos entusiastas da tecnologia moderna. Com a sua estrutura em liga de alum\u00ednio CNC, ecr\u00e3 IPS sem margens e componentes internos de elevado desempenho, o Pocket Micro proporciona uma experi\u00eancia de jogo excecional numa embalagem elegante e duradoura.  <\/p>\n<\/div>\n<\/div>\n\n<div class=\"wp-block-columns is-layout-flex wp-container-core-columns-is-layout-28f84493 wp-block-columns-is-layout-flex\">\n<div class=\"wp-block-column is-layout-flow wp-block-column-is-layout-flow\">\n<figure class=\"wp-block-image size-large\"><a href=\"https:\/\/droix.net\/wp-content\/uploads\/2024\/08\/AYANEO-POCKET-MICRO-MARKETING-DONE-08.jpg\" target=\"_blank\" rel=\"noopener\"><img decoding=\"async\" src=\"https:\/\/droix.net\/wp-content\/uploads\/2024\/08\/AYANEO-POCKET-MICRO-MARKETING-DONE-08-1024x1024.jpg\" alt=\"Vista lateral do AYANEO Pocket Micro, mostrando a sua estrutura em liga de alum&#xED;nio CNC com os bot&#xF5;es L1 e L2 e as ranhuras de ventila&#xE7;&#xE3;o vis&#xED;veis. O texto real&#xE7;a a textura topo de gama e o toque superior do dispositivo, mencionando a textura met&#xE1;lica &#xFA;nica, o processo de oxida&#xE7;&#xE3;o an&#xF3;dica e o corpo de alta resist&#xEA;ncia. \" class=\"wp-image-184277\"\/><\/a><\/figure>\n\n\n\n<h3 class=\"wp-block-heading\" id=\"h-design-and-build\"><strong>Conce\u00e7\u00e3o e constru\u00e7\u00e3o<\/strong><\/h3>\n\n\n\n<p>O Pocket Micro possui uma estrutura em liga de alum\u00ednio CNC para maior durabilidade e uma sensa\u00e7\u00e3o de qualidade superior. O seu design elegante de ecr\u00e3 completo sem margens proporciona uma experi\u00eancia de visualiza\u00e7\u00e3o envolvente. Dispon\u00edvel em Obsidian Black, Charm Red e Vintage Grey, o dispositivo apresenta pain\u00e9is de vidro brilhante e uma estrutura de alum\u00ednio anodizado, o que contribui para o seu aspeto sofisticado e topo de gama.  <\/p>\n<\/div>\n\n\n\n<div class=\"wp-block-column is-layout-flow wp-block-column-is-layout-flow\">\n<figure class=\"wp-block-image size-large\"><a href=\"https:\/\/droix.net\/wp-content\/uploads\/2024\/08\/AYANEO-POCKET-MICRO-MARKETING-DONE-02.jpg\" target=\"_blank\" rel=\"noopener\"><img decoding=\"async\" src=\"https:\/\/droix.net\/wp-content\/uploads\/2024\/08\/AYANEO-POCKET-MICRO-MARKETING-DONE-02-1024x1024.jpg\" alt=\"Grande plano do AYANEO Pocket Micro em preto, mostrando o D-pad, os bot&#xF5;es de a&#xE7;&#xE3;o e o ecr&#xE3; com linhas coloridas. O texto na parte inferior descreve a inova&#xE7;&#xE3;o do conceito AYANEO REMAKE, destacando carater&#xED;sticas como o ecr&#xE3; 640P de 3,5&quot;, a estrutura em liga de alum&#xED;nio CNC e a qualidade superior. O log&#xF3;tipo &quot;REMAKE&quot; &#xE9; vis&#xED;vel no canto superior esquerdo. \" class=\"wp-image-184278\"\/><\/a><\/figure>\n\n\n\n<h3 class=\"wp-block-heading\" id=\"h-display\"><strong>Mostra<\/strong><\/h3>\n\n\n\n<p>O dispositivo est\u00e1 equipado com um ecr\u00e3 IPS de 3,5 polegadas sem margens, com uma resolu\u00e7\u00e3o de 960 x 640 e um r\u00e1cio de aspeto 3:2. Com uma densidade de p\u00edxeis de 330 PPI e uma cobertura 100% sRGB, o ecr\u00e3 proporciona imagens vibrantes e de alta defini\u00e7\u00e3o. A resolu\u00e7\u00e3o 4X nativa do GBA garante que os jogos cl\u00e1ssicos mant\u00eam a nitidez e a cor sem distor\u00e7\u00e3o.  <\/p>\n<\/div>\n\n\n\n<div class=\"wp-block-column is-layout-flow wp-block-column-is-layout-flow\">\n<figure class=\"wp-block-image size-large\"><a href=\"https:\/\/droix.net\/wp-content\/uploads\/2024\/08\/AYANEO-POCKET-MICRO-MARKETING-DONE-13.jpg\" target=\"_blank\" rel=\"noopener\"><img decoding=\"async\" src=\"https:\/\/droix.net\/wp-content\/uploads\/2024\/08\/AYANEO-POCKET-MICRO-MARKETING-DONE-13-1024x1024.jpg\" alt=\"Um gr&#xE1;fico que mostra o processador MediaTek Helio G99 no AYANEO Pocket Micro. As caixas de texto destacam o seu processador de oito n&#xFA;cleos capaz de executar jogos PS2, arrefecimento ativo para longas sess&#xF5;es de jogo e at&#xE9; 6 horas de dura&#xE7;&#xE3;o da bateria. O log&#xF3;tipo Helio G99 &#xE9; apresentado de forma proeminente num fundo colorido.  \" class=\"wp-image-184267\"\/><\/a><\/figure>\n\n\n\n<h3 class=\"wp-block-heading\" id=\"h-performance\"><strong>Desempenho<\/strong><\/h3>\n\n\n\n<p>Equipado com o processador MediaTek Helio G99, o Pocket Micro garante uma jogabilidade suave para jogos PS2. Inclui mem\u00f3ria LPDDR4X 4266Mbps e oferece duas op\u00e7\u00f5es de armazenamento: 6GB+128GB ou 8GB+256GB. Esta configura\u00e7\u00e3o oferece um espa\u00e7o amplo para uma biblioteca de jogos diversificada, mantendo um elevado desempenho.  <\/p>\n<\/div>\n<\/div>\n\n<div class=\"wp-block-columns is-layout-flex wp-container-core-columns-is-layout-28f84493 wp-block-columns-is-layout-flex\">\n<div class=\"wp-block-column is-layout-flow wp-block-column-is-layout-flow\">\n<figure class=\"wp-block-image size-large\"><a href=\"https:\/\/droix.net\/wp-content\/uploads\/2024\/08\/AYANEO-POCKET-MICRO-MARKETING-DONE-15.jpg\" target=\"_blank\" rel=\"noopener\"><img decoding=\"async\" src=\"https:\/\/droix.net\/wp-content\/uploads\/2024\/08\/AYANEO-POCKET-MICRO-MARKETING-DONE-15-1024x1024.jpg\" alt=\"M&#xE3;os a segurar o AYANEO Pocket Micro, mostrando a parte de tr&#xE1;s do dispositivo com bot&#xF5;es de ombro e aberturas de ventila&#xE7;&#xE3;o. Em baixo, um diagrama da parte da frente do dispositivo mostra a disposi&#xE7;&#xE3;o dos bot&#xF5;es e o ecr&#xE3;. O texto descreve o design &#xFA;nico dos bot&#xF5;es e a experi&#xEA;ncia t&#xE1;til criativa, incluindo pormenores sobre as teclas de ombro L1, L2, R1, R2 e as principais carater&#xED;sticas cruzadas.  \" class=\"wp-image-184279\"\/><\/a><\/figure>\n\n\n\n<h3 class=\"wp-block-heading\" id=\"h-controls-and-features\"><strong>Controlos e carater\u00edsticas<\/strong><\/h3>\n\n\n\n<p>O dispositivo possui uma disposi\u00e7\u00e3o de controlo inovadora para conforto e capacidade de resposta. Inclui joysticks Hall, teclas de ombro L1\/L2\/R1\/R2 com alturas vari\u00e1veis e um bot\u00e3o de toque. Os controlos adicionais incluem um man\u00edpulo principal, um motor linear de eixo X para feedback de vibra\u00e7\u00e3o e um girosc\u00f3pio de seis eixos para um controlo de jogo melhorado.  <\/p>\n<\/div>\n\n\n\n<div class=\"wp-block-column is-layout-flow wp-block-column-is-layout-flow\">\n<figure class=\"wp-block-image size-large\"><a href=\"https:\/\/droix.net\/wp-content\/uploads\/2024\/08\/AYANEO-POCKET-MICRO-MARKETING-DONE-16.jpg\" target=\"_blank\" rel=\"noopener\"><img decoding=\"async\" src=\"https:\/\/droix.net\/wp-content\/uploads\/2024\/08\/AYANEO-POCKET-MICRO-MARKETING-DONE-16-1024x1024.jpg\" alt=\"Grande plano das m&#xE3;os que seguram o AYANEO Pocket Micro, apresentando o jogo &#x201C;Balatro&#x201D; no ecr&#xE3;. Em cima, os &#xED;cones representam as funcionalidades de conetividade: WiFi 5 de banda dupla e BT 5.2, interface USB Tipo C e ranhura para cart&#xF5;es Micro SD, com breves descri&#xE7;&#xF5;es das vantagens de cada funcionalidade. \" class=\"wp-image-184269\"\/><\/a><\/figure>\n\n\n\n<h3 class=\"wp-block-heading\" id=\"h-connectivity-and-software\"><strong>Conectividade e software<\/strong><\/h3>\n\n\n\n<p>Executado em Android 13, o Pocket Micro suporta WiFi 5 de banda dupla e Bluetooth 5.2 para uma conetividade sem fios fi\u00e1vel. Inclui uma porta USB Type-C com suporte para USB 2.0 OTG e uma ranhura para cart\u00f5es Micro SD (SD 3.0) para armazenamento expandido. O dispositivo \u00e9 gerido atrav\u00e9s do AYASpace Management Front-end e do AYAHome Desktop Launcher, garantindo uma experi\u00eancia f\u00e1cil de utilizar.  <\/p>\n<\/div>\n\n\n\n<div class=\"wp-block-column is-layout-flow wp-block-column-is-layout-flow\">\n<figure class=\"wp-block-image size-large\"><a href=\"https:\/\/droix.net\/wp-content\/uploads\/2024\/08\/AYANEO-POCKET-MICRO-MARKETING-DONE-14.jpg\" target=\"_blank\" rel=\"noopener\"><img decoding=\"async\" src=\"https:\/\/droix.net\/wp-content\/uploads\/2024\/08\/AYANEO-POCKET-MICRO-MARKETING-DONE-14-1024x1024.jpg\" alt=\"Um elegante dispositivo de jogo port&#xE1;til preto chamado AYANEO Pocket Micro mostrado num &#xE2;ngulo, real&#xE7;ando o seu perfil fino e a disposi&#xE7;&#xE3;o dos bot&#xF5;es. Abaixo est&#xE3;o &#xED;cones que representam v&#xE1;rias funcionalidades, como a mira por girosc&#xF3;pio, joysticks de alta precis&#xE3;o e op&#xE7;&#xF5;es de personaliza&#xE7;&#xE3;o de bot&#xF5;es. \" class=\"wp-image-184268\"\/><\/a><\/figure>\n\n\n\n<h3 class=\"wp-block-heading\" id=\"h-innovative-button-design\"><strong>Design inovador dos bot\u00f5es<\/strong><\/h3>\n\n\n\n<p>O Pocket Micro apresenta uma disposi\u00e7\u00e3o de bot\u00f5es \u00fanica com teclas cruzadas e bot\u00f5es ABXY que utilizam tecnologia adesiva condutora para uma resposta t\u00e1til suave. As teclas de ombro foram concebidas para utiliza\u00e7\u00e3o de alta frequ\u00eancia, com troca de valores de teclas personaliz\u00e1vel dispon\u00edvel atrav\u00e9s do AYASpace. <\/p>\n<\/div>\n<\/div>\n\n<h3 class=\"wp-block-heading\" id=\"h-battery-and-cooling\"><strong>Bateria e arrefecimento<\/strong><\/h3>\n\n<p>O Pocket Micro inclui uma bateria de 2600mAh, que proporciona at\u00e9 6 horas de jogo cont\u00ednuo. Um sistema avan\u00e7ado de dissipa\u00e7\u00e3o de calor ativo, arrefecido a ar, ajuda a evitar a diminui\u00e7\u00e3o do desempenho durante sess\u00f5es de jogo prolongadas, garantindo um desempenho consistente. <\/p>\n\n<h3 class=\"wp-block-heading\" id=\"h-additional-features\"><strong>Carater\u00edsticas adicionais<\/strong><\/h3>\n\n<p>O dispositivo integra a autentica\u00e7\u00e3o biom\u00e9trica atrav\u00e9s de uma chave de alimenta\u00e7\u00e3o com reconhecimento de impress\u00f5es digitais de \u00e1udio. Oferece tamb\u00e9m SoundTAP Magic Sound Vibration, Xinput Vibration, modos de desempenho multi-cena e mapeamento de teclas personaliz\u00e1vel para uma experi\u00eancia de jogo personalizada. <\/p>\n\n<h3 class=\"wp-block-heading\" id=\"h-visual-appeal\"><strong>Apelo visual<\/strong><\/h3>\n\n<p>Concebido para ser visualmente impressionante, o Pocket Micro apresenta um perfil fino e uma est\u00e9tica de inspira\u00e7\u00e3o retro. O seu ecr\u00e3 vibrante e a textura met\u00e1lica de alta qualidade melhoram o seu aspeto, tornando-o uma escolha atractiva tanto para coleccionadores como para jogadores. <\/p>\n\n<h3 class=\"wp-block-heading\" id=\"h-conclusion\">Conclus\u00e3o<\/h3>\n\n<p>A AYANEO Pocket Micro \u00e9 uma consola port\u00e1til meticulosamente trabalhada que combina o charme retro com a funcionalidade moderna. O seu design cuidadoso e a sua constru\u00e7\u00e3o de alta qualidade garantem uma experi\u00eancia de jogo extraordin\u00e1ria numa embalagem compacta e elegante. Quer estejas a revisitar jogos cl\u00e1ssicos ou a explorar novos jogos, a Pocket Micro \u00e9 uma adi\u00e7\u00e3o agrad\u00e1vel a qualquer configura\u00e7\u00e3o de jogo.  <\/p>\n","protected":false},"excerpt":{"rendered":"<ul>\n<li>Processador: MediaTek <strong>Helio G99<\/strong><\/li>\n<li>Ecr\u00e3: 3,5&#8243; <strong>sem margens<\/strong> <strong> IPS<\/strong><\/li>\n<li>RAM: At\u00e9 <strong>8GB<\/strong> LPDDR4X a <strong>4266 MT\/s<\/strong><\/li>\n<li>Armazenamento: At\u00e9 <strong>256GB<\/strong> UFS 2.2<\/li>\n<li>Conectividade: Suporte para Wi-Fi <strong>5<\/strong> e Bluetooth <strong>5.2<\/strong> <\/li>\n<\/ul>\n<p><img fetchpriority=\"high\" decoding=\"async\" src=\"https:\/\/ayaneo.co\/wp-content\/uploads\/2024\/08\/MICRO-GIFTS-NEW-NOGRIPS.jpg\" alt=\"Uma capa protetora preta e uma pequena caixa retangular (provavelmente um protetor de ecr\u00e3) s\u00e3o mostradas ao lado de um texto que diz  \" free=\"\" gifts=\"\" protective=\"\" case=\"\" screen=\"\" protector=\"\" automatically=\"\" added=\"\" to=\"\" cart.=\"\" the=\"\" box=\"\" has=\"\" pocket=\"\" micro=\"\" visible=\"\" on=\"\" it.=\"\" width=\"550\" height=\"140\" class=\"alignnone size-full wp-image-24520\" srcset=\"https:\/\/ayaneo.co\/wp-content\/uploads\/2024\/08\/MICRO-GIFTS-NEW-NOGRIPS.jpg 550w, https:\/\/ayaneo.co\/wp-content\/uploads\/2024\/08\/MICRO-GIFTS-NEW-NOGRIPS-300x76.jpg 300w, https:\/\/ayaneo.co\/wp-content\/uploads\/2024\/08\/MICRO-GIFTS-NEW-NOGRIPS-441x112.jpg 441w, https:\/\/ayaneo.co\/wp-content\/uploads\/2024\/08\/MICRO-GIFTS-NEW-NOGRIPS-150x38.jpg 150w\" sizes=\"(max-width: 550px) 100vw, 550px\" \/><\/p>\n[cg_accordion title=\"INFORMA\u00c7\u00d5ES DE PAGAMENTO\"]<\/p>\n<p>Utilizamos a tecnologia mais recente no processamento de pagamentos, o que te permite fazer o checkout atrav\u00e9s do Apple Pay, Google Pay, o teu cart\u00e3o de d\u00e9bito\/cr\u00e9dito, PayPal ou m\u00e9todos BNPL como Klarna, Affirm ou AfterPay para uma experi\u00eancia r\u00e1pida e segura.[\/cg_accordion]\n[cg_accordion title=\"GARANTIA\"]<\/p>\n<p>1 ano de garantia da <a href=\"https:\/\/droix.net\/\" target=\"_blank\" rel=\"nofollow noopener\">DROIX Global<\/a> para a tua paz de esp\u00edrito[\/cg_accordion]\n[cg_accordion title=\"PRE\u00c7OS, IMPOSTOS E ENVIO\"]<\/p>\n<p><strong><u>Nota:<\/u><\/strong><\/p>\n<ul>\n<li>Clientes dos Estados Unidos: O pre\u00e7o apresentado N\u00c3O inclui TAXAS nem impostos. O cliente \u00e9 respons\u00e1vel pelo desalfandegamento e pelo pagamento de quaisquer impostos ou taxas associadas. <\/li>\n<li>Clientes da UE: O pre\u00e7o apresentado inclui o IMPOSTO aplic\u00e1vel, que pode ir at\u00e9 25%, dependendo do teu pa\u00eds.<\/li>\n<li>Clientes do Canad\u00e1: O pre\u00e7o apresentado inclui os impostos aplic\u00e1veis, que podem incluir 5% de GST e impostos adicionais sobre vendas provinciais (PST), imposto sobre vendas harmonizado (HST) ou imposto sobre vendas do Quebeque (QST), dependendo da tua prov\u00edncia.<\/li>\n<\/ul>\n<p><strong>APENAS para clientes da UE:<\/strong> Entrega expressa DDP (Delivered Duty Paid). Isto significa que: <\/p>\n<ul>\n<li>Todos os direitos aduaneiros e impostos est\u00e3o inclu\u00eddos no pre\u00e7o apresentado na p\u00e1gina do produto.<\/li>\n<li>N\u00e3o ter\u00e1s de pagar quaisquer encargos adicionais aquando da entrega.<\/li>\n<li>Na rara eventualidade de problemas relacionados com a alf\u00e2ndega, a nossa equipa tratar\u00e1 do processo de desalfandegamento em teu nome para garantir uma experi\u00eancia de entrega sem problemas.<\/li>\n<p>Informa\u00e7\u00f5es importantes sobre devolu\u00e7\u00f5es:<\/p>\n<li>Se decidires devolver a tua encomenda ou pedir um reembolso, tem em aten\u00e7\u00e3o que os impostos e direitos pagos em teu nome ao abrigo das condi\u00e7\u00f5es DDP n\u00e3o podem ser reembolsados.<\/li>\n<p>Consulta os nossos <a href=\"https:\/\/ayaneo.co\/pt-pt\/termos-de-servico\/\" target=\"_blank\" rel=\"nofollow noopener\">Termos e Condi\u00e7\u00f5es<\/a> para obteres informa\u00e7\u00f5es detalhadas.\n<\/ul>\n<p>[\/cg_accordion]\n[cg_accordion title=\"APOIO AO CLIENTE\"]<\/p>\n<p>Tens uma pergunta? Estamos a uma curta mensagem de texto de ter o teu problema resolvido!<br \/>\n[\/cg_accordion]\n[cg_accordion title=\"O pacote inclui\"]<\/p>\n<ul>\n<li>1x AYANEO Pocket Micro<\/li>\n<li>1x Cabo USB Tipo C<\/li>\n<li>1x Manual do utilizador<\/li>\n<\/ul>\n<p>[\/cg_accordion]\n","protected":false},"featured_media":19461,"template":"","meta":{"_acf_changed":false},"product_brand":[],"product_cat":[1240],"product_tag":[],"class_list":{"0":"post-19457","1":"product","2":"type-product","3":"status-publish","4":"has-post-thumbnail","6":"product_cat-android-jogos-portateis","7":"product_shipping_class-standard","8":"pa_brand-ayaneo","10":"first","11":"outofstock","12":"taxable","13":"shipping-taxable","14":"purchasable","15":"product-type-variable","16":"has-default-attributes"},"acf":[],"_links":{"self":[{"href":"https:\/\/ayaneo.co\/pt-pt\/wp-json\/wp\/v2\/product\/19457","targetHints":{"allow":["GET"]}}],"collection":[{"href":"https:\/\/ayaneo.co\/pt-pt\/wp-json\/wp\/v2\/product"}],"about":[{"href":"https:\/\/ayaneo.co\/pt-pt\/wp-json\/wp\/v2\/types\/product"}],"wp:featuredmedia":[{"embeddable":true,"href":"https:\/\/ayaneo.co\/pt-pt\/wp-json\/wp\/v2\/media\/19461"}],"wp:attachment":[{"href":"https:\/\/ayaneo.co\/pt-pt\/wp-json\/wp\/v2\/media?parent=19457"}],"wp:term":[{"taxonomy":"product_brand","embeddable":true,"href":"https:\/\/ayaneo.co\/pt-pt\/wp-json\/wp\/v2\/product_brand?post=19457"},{"taxonomy":"product_cat","embeddable":true,"href":"https:\/\/ayaneo.co\/pt-pt\/wp-json\/wp\/v2\/product_cat?post=19457"},{"taxonomy":"product_tag","embeddable":true,"href":"https:\/\/ayaneo.co\/pt-pt\/wp-json\/wp\/v2\/product_tag?post=19457"}],"curies":[{"name":"wp","href":"https:\/\/api.w.org\/{rel}","templated":true}]}}