{"id":25140,"date":"2025-06-27T08:57:04","date_gmt":"2025-06-27T08:57:04","guid":{"rendered":"https:\/\/ayaneo.co\/?post_type=product&#038;p=25140"},"modified":"2025-12-09T00:30:10","modified_gmt":"2025-12-09T00:30:10","slug":"ayaneo-mala-micro-de-bolso-copy","status":"publish","type":"product","link":"https:\/\/ayaneo.co\/pt-pt\/product\/ayaneo-mala-micro-de-bolso-copy\/","title":{"rendered":"AYANEO Pocket DMG Case"},"content":{"rendered":"\n<h2 class=\"wp-block-heading\" id=\"h-product-overview\">Vis\u00e3o geral do produto:<\/h2>\n\n<p>A <strong>capa AYANEO Pocket DMG<\/strong> \u00e9 o acess\u00f3rio perfeito para os jogadores que valorizam o estilo e a prote\u00e7\u00e3o. Concebida para se adaptar confortavelmente \u00e0 consola AYANEO Pocket DMG, esta capa combina materiais de primeira qualidade com um formato compacto, garantindo que o teu dispositivo de jogo se mant\u00e9m seguro onde quer que v\u00e1s. <\/p>\n\n<hr class=\"wp-block-separator has-alpha-channel-opacity\"\/>\n\n<h2 class=\"wp-block-heading\" id=\"h-key-features\">Carater\u00edsticas principais:<\/h2>\n\n<p><strong>Design compacto<\/strong> adaptado ao AYANEO Pocket DMG.<\/p>\n\n<p>Materiais dur\u00e1veis para <strong>uma maior prote\u00e7\u00e3o<\/strong>.<\/p>\n\n<p>Leve e port\u00e1til para te poderes <strong>deslocar<\/strong>.<\/p>\n\n<p>Forro interior macio para <strong>evitar riscos<\/strong>.<\/p>\n\n<p>Exterior elegante e moderno para uma <strong>est\u00e9tica moderna<\/strong>.<\/p>\n\n<hr class=\"wp-block-separator has-alpha-channel-opacity\"\/>\n\n<h2 class=\"wp-block-heading\" id=\"h-why-choose-the-ayaneo-pocket-micro-case\">Porqu\u00ea escolher a mala AYANEO Pocket DMG?<\/h2>\n\n<p>Protege o teu investimento com a mala AYANEO Pocket DMG, concebida para manter a tua consola protegida contra riscos, p\u00f3 e pequenos impactos. O seu design leve e compacto torna-a a companheira de viagem ideal, quer v\u00e1s para uma sess\u00e3o de jogos com amigos ou leves a tua consola em viagem. <\/p>\n\n<hr class=\"wp-block-separator has-alpha-channel-opacity\"\/>\n\n<h3 class=\"wp-block-heading\" id=\"h-specifications\">Especifica\u00e7\u00f5es:<\/h3>\n\n<ul class=\"wp-block-list\">\n<li><strong>Material:<\/strong> Tecido dur\u00e1vel ou couro sint\u00e9tico<\/li>\n\n\n\n<li><strong>Compatibilidade:<\/strong> Consola AYANEO Pocket DMG<\/li>\n\n\n\n<li><strong>Carater\u00edsticas:<\/strong> Resistente a riscos, leve e port\u00e1til<\/li>\n<\/ul>\n\n<p>Melhora a tua experi\u00eancia de jogo com a AYANEO Pocket DMG Case - a combina\u00e7\u00e3o perfeita de prote\u00e7\u00e3o e portabilidade!<\/p>\n\n<p><\/p>\n","protected":false},"excerpt":{"rendered":"<ul>\n<li><strong>Design compacto<\/strong> adaptado ao AYANEO Pocket DMG.<\/li>\n<li>Materiais dur\u00e1veis para <strong>uma maior prote\u00e7\u00e3o<\/strong>.<\/li>\n<li>Leve e port\u00e1til para te poderes <strong>deslocar<\/strong>.<\/li>\n<li>Forro interior macio para <strong>evitar riscos<\/strong>.<\/li>\n<li>Exterior elegante e moderno para uma <strong>est\u00e9tica moderna<\/strong>.<\/li>\n<\/ul>\n[cg_accordion title=\"INFORMA\u00c7\u00d5ES DE PAGAMENTO\"]<\/p>\n<p>Utilizamos a tecnologia mais recente no processamento de pagamentos, o que te permite fazer o checkout atrav\u00e9s do Apple Pay, Google Pay, o teu cart\u00e3o de d\u00e9bito\/cr\u00e9dito, PayPal ou m\u00e9todos BNPL, como Klarna, Affirm ou AfterPay, para uma experi\u00eancia r\u00e1pida e segura.[\/cg_accordion]\n[cg_accordion title=\"GARANTIA\"]<\/p>\n<p>1 ano de garantia da <a href=\"https:\/\/droix.net\/\" target=\"_blank\" rel=\"nofollow noopener\">DROIX Global<\/a> para a tua paz de esp\u00edrito[\/cg_accordion]\n[cg_accordion title=\"PRE\u00c7OS, IMPOSTOS E ENVIO\"]<\/p>\n<p><strong><u>Nota:<\/u><\/strong><\/p>\n<ul>\n<li>Clientes dos Estados Unidos: O pre\u00e7o apresentado N\u00c3O inclui TAXAS nem impostos. O cliente \u00e9 respons\u00e1vel pelo desalfandegamento e pelo pagamento de quaisquer impostos ou taxas associadas. <\/li>\n<li>Clientes da UE: O pre\u00e7o apresentado inclui o IMPOSTO aplic\u00e1vel, que pode ir at\u00e9 25%, dependendo do teu pa\u00eds.<\/li>\n<li>Clientes do Canad\u00e1: O pre\u00e7o apresentado inclui os impostos aplic\u00e1veis, que podem incluir 5% de GST e impostos adicionais sobre vendas provinciais (PST), imposto sobre vendas harmonizado (HST) ou imposto sobre vendas do Quebeque (QST), dependendo da tua prov\u00edncia.<\/li>\n<\/ul>\n<p><strong>APENAS para clientes da UE:<\/strong> Entrega expressa DDP (Delivered Duty Paid). Isto significa que: <\/p>\n<ul>\n<li>Todos os direitos aduaneiros e impostos est\u00e3o inclu\u00eddos no pre\u00e7o apresentado na p\u00e1gina do produto.<\/li>\n<li>N\u00e3o ter\u00e1s de pagar quaisquer encargos adicionais aquando da entrega.<\/li>\n<li>Na rara eventualidade de problemas relacionados com a alf\u00e2ndega, a nossa equipa tratar\u00e1 do processo de desalfandegamento em teu nome para garantir uma experi\u00eancia de entrega sem problemas.<\/li>\n<p>Informa\u00e7\u00f5es importantes sobre devolu\u00e7\u00f5es:<\/p>\n<li>Se decidires devolver a tua encomenda ou pedir um reembolso, tem em aten\u00e7\u00e3o que os impostos e direitos pagos em teu nome ao abrigo das condi\u00e7\u00f5es DDP n\u00e3o podem ser reembolsados.<\/li>\n<p>Consulta os nossos <a href=\"https:\/\/ayaneo.co\/pt-pt\/termos-de-servico\/\" target=\"_blank\" rel=\"nofollow noopener\">Termos e Condi\u00e7\u00f5es<\/a> para obteres informa\u00e7\u00f5es detalhadas.\n<\/ul>\n<p>[\/cg_accordion]\n[cg_accordion title=\"APOIO AO CLIENTE\"]<\/p>\n<p>Tens uma pergunta? Estamos a uma curta mensagem de texto de ter o teu problema resolvido!<br \/>\n[\/cg_accordion]\n[cg_accordion title=\"O pacote inclui\"]<\/p>\n<ul>\n<li>1x Estojo AYANEO Pocket DMG<\/li>\n<\/ul>\n<p>[\/cg_accordion]\n","protected":false},"featured_media":25164,"template":"","meta":{"_acf_changed":false},"product_brand":[],"product_cat":[1192],"product_tag":[],"class_list":{"0":"post-25140","1":"product","2":"type-product","3":"status-publish","4":"has-post-thumbnail","6":"product_cat-acessorios","7":"product_shipping_class-low-end","8":"pa_accessory-type-protective-case-pt-pt","9":"pa_brand-ayaneo","11":"first","12":"instock","13":"sale","14":"taxable","15":"shipping-taxable","16":"purchasable","17":"product-type-simple"},"acf":[],"_links":{"self":[{"href":"https:\/\/ayaneo.co\/pt-pt\/wp-json\/wp\/v2\/product\/25140","targetHints":{"allow":["GET"]}}],"collection":[{"href":"https:\/\/ayaneo.co\/pt-pt\/wp-json\/wp\/v2\/product"}],"about":[{"href":"https:\/\/ayaneo.co\/pt-pt\/wp-json\/wp\/v2\/types\/product"}],"wp:featuredmedia":[{"embeddable":true,"href":"https:\/\/ayaneo.co\/pt-pt\/wp-json\/wp\/v2\/media\/25164"}],"wp:attachment":[{"href":"https:\/\/ayaneo.co\/pt-pt\/wp-json\/wp\/v2\/media?parent=25140"}],"wp:term":[{"taxonomy":"product_brand","embeddable":true,"href":"https:\/\/ayaneo.co\/pt-pt\/wp-json\/wp\/v2\/product_brand?post=25140"},{"taxonomy":"product_cat","embeddable":true,"href":"https:\/\/ayaneo.co\/pt-pt\/wp-json\/wp\/v2\/product_cat?post=25140"},{"taxonomy":"product_tag","embeddable":true,"href":"https:\/\/ayaneo.co\/pt-pt\/wp-json\/wp\/v2\/product_tag?post=25140"}],"curies":[{"name":"wp","href":"https:\/\/api.w.org\/{rel}","templated":true}]}}