{"id":29390,"date":"2025-01-20T12:04:53","date_gmt":"2025-01-20T12:04:53","guid":{"rendered":"https:\/\/ayaneo.co\/product\/ayaneo-next\/"},"modified":"2025-08-01T10:43:50","modified_gmt":"2025-08-01T10:43:50","slug":"ayaneo-next","status":"publish","type":"product","link":"https:\/\/ayaneo.co\/pt-pt\/product\/ayaneo-next\/","title":{"rendered":"AYANEO NEXT"},"content":{"rendered":"\n<figure class=\"wp-block-image\"><img decoding=\"async\" src=\"https:\/\/droix.net\/wp-content\/uploads\/2022\/01\/product-overview-1024x584.png\" alt=\"\" title=\"AYA NEO NEXT 1\"\/><\/figure>\n\n<h2 class=\"wp-block-heading\">Consola AMD Ryzen Zen 3<\/h2>\n\n<p>At\u00e9 4,5 Ghz de pot\u00eancia bruta<\/p>\n\n<p>Quando se trata de poder de processamento, o AYANEO Next PC Gaming Handheld n\u00e3o \u00e9 de se desleixar no sof\u00e1.<\/p>\n\n<p>A &#8220;pot\u00eancia\" \u00e9 fornecida por um processador AMD Ryzen 7 5825U, baseado na mais recente arquitetura ZEN 3. Isto proporciona uma experi\u00eancia suave nos jogos, mantendo o consumo da bateria no m\u00ednimo. A APU Ryzen 7 encontrada no AYANEO Next \u00e9 baseada na litografia FinFET de 7nm da TSMC  <\/p>\n\n<p>O processador 5825U Ryzen 7 \u00e9 um processador octa-core com 16 threads de execu\u00e7\u00e3o. Pode ficar inativo a 2.0Ghz e aumentar at\u00e9 4.5Ghz quando sob carga pesada. Em conjunto com o software AYA Space, podes configurar o TDP do AYANEO Next Handheld at\u00e9 32W para obteres ainda mais desempenho.  <\/p>\n\n<p>Os teus jogos ser\u00e3o consideravelmente mais r\u00e1pidos do que os das consolas de jogos para PC de \u00faltima gera\u00e7\u00e3o.  <\/p>\n\n<p>Para ajudar com o poder de processamento, tamb\u00e9m encontrar\u00e1s 16 GB de RAM LPDDR4x de canal duplo a bordo, o que ir\u00e1 acompanhar as crescentes exig\u00eancias do sistema. Por falar em exig\u00eancias do sistema, tens duas op\u00e7\u00f5es de armazenamento: 1TB e 2TB - Isto ir\u00e1 garantir que tens espa\u00e7o suficiente para os jogos de PC mais recentes. (Olhando para ti, Call of Duty) j  <\/p>\n\n<figure class=\"wp-block-image\"><img decoding=\"async\" src=\"https:\/\/droix.net\/wp-content\/uploads\/elementor\/thumbs\/processor-q8z5das1ql6n9ve6zhwvyxoict8wyvevo2ttgvwkqo.png\" alt=\"processador\" title=\"processador\"\/><\/figure>\n\n<h2 class=\"wp-block-heading\">Pr\u00f3xima GPU AMD AYANEO<\/h2>\n\n<p>Joga os \u00faltimos jogos AAA<\/p>\n\n<p>Os gr\u00e1ficos AMD presentes no AYANEO Next s\u00e3o perfeitos para jogos em movimento. \u00c9 bem conhecido na comunidade de jogos que a AMD faz um esfor\u00e7o extra na sua integra\u00e7\u00e3o e compatibilidade com os jogos mais recentes no mercado. <\/p>\n\n<p>O chipset gr\u00e1fico encontrado no AYANEO Next \u00e9 17% mais r\u00e1pido em benchmarks em compara\u00e7\u00e3o com a antiga gera\u00e7\u00e3o de gr\u00e1ficos AMD. Juntamente com o software AYA Space, que te permite controlar o TDP da tua consola, e a excelente solu\u00e7\u00e3o de arrefecimento, o AYANEO Next \u00e9 um monstro dos jogos. <\/p>\n\n<h2 class=\"wp-block-heading\">Ousado e brilhante<\/h2>\n\n<p>Ecr\u00e3 H-IPS de 7<\/p>\n\n<p>Quando est\u00e1s a jogar, a velocidade e os FPS n\u00e3o s\u00e3o tudo (ok, s\u00e3o cerca de 90% da experi\u00eancia), mas o meio atrav\u00e9s do qual absorves a experi\u00eancia \u00e9 muito importante.<\/p>\n\n<p>\u00c9 por isso que o AYANEO Next vem com um belo ecr\u00e3 t\u00e1til H-IPS de 1280*800.<\/p>\n\n<figure class=\"wp-block-image\"><img decoding=\"async\" src=\"https:\/\/droix.net\/wp-content\/uploads\/2022\/01\/AYANEO-NEXT-BRIGHT-WHITE-MARKETING-PICTURE-2-scaled.jpg\" alt=\"AYANEO-NEXT-BRIGHT-WHITE-MARKETING-PICTURE-2\" title=\"AYA NEO NEXT 2\"\/><\/figure>\n\n<figure class=\"wp-block-image\"><img decoding=\"async\" src=\"https:\/\/droix.net\/wp-content\/uploads\/2022\/01\/AYANEO-NEXT-JET-BLACK-MARKETING-PICTURE-2-scaled.jpg\" alt=\"AYANEO-NEXT-JET-BLACK-MARKETING-PICTURE-2\" title=\"AYA NEO NEXT 3\"\/><\/figure>\n\n<figure class=\"wp-block-image\"><img decoding=\"async\" src=\"https:\/\/droix.net\/wp-content\/uploads\/2022\/01\/AYANEO-NEXT-MIDNIGHT-BLUE-MARKETING-PICTURE-4-scaled.jpg\" alt=\"AYANEO-NEXT-MIDNIGHT-BLUE-MARKETING-PICTURE-4\" title=\"AYA NEO NEXT 4\"\/><\/figure>\n\n<figure class=\"wp-block-image\"><img decoding=\"async\" src=\"https:\/\/droix.net\/wp-content\/uploads\/2022\/01\/AYANEO-NEXT-PASTEL-BLUE-MARKETING-PICTURE-7-scaled.jpg\" alt=\"AYANEO-NEXT-PASTEL-BLUE-MARKETING-PICTURE-7\" title=\"AYA NEO NEXT 5\"\/><\/figure>\n\n<h2 class=\"wp-block-heading\">Jogos de A a Z<\/h2>\n\n<p>A AYANEO Next PC Gaming Handheld preenche todos os requisitos - vem com o melhor hardware para tornar as tuas sess\u00f5es de jogo mais confort\u00e1veis.<\/p>\n\n<figure class=\"wp-block-image\"><img decoding=\"async\" src=\"https:\/\/droix.net\/wp-content\/uploads\/2022\/01\/high-quality-build.png\" alt=\"\" title=\"AYA NEO NEXT 6\"\/><\/figure>\n\n<figure class=\"wp-block-image\"><img decoding=\"async\" src=\"https:\/\/droix.net\/wp-content\/uploads\/2022\/01\/shoulder-buttons.png\" alt=\"\" title=\"AYA NEO NEXT 7\"\/><\/figure>\n\n<figure class=\"wp-block-image\"><img decoding=\"async\" src=\"https:\/\/droix.net\/wp-content\/uploads\/2022\/01\/fingerprint.png\" alt=\"\" title=\"AYA NEO NEXT 8\"\/><\/figure>\n","protected":false},"excerpt":{"rendered":"<ul>\n<li>AMD\u00ae <strong>Ryzen\u2122 7 5825U<\/strong> com placa gr\u00e1fica AMD Radeon\u2122 Vega 8<\/li>\n<li><strong>16GB<\/strong> LPDDR4x de canal duplo a 4266Mhz<\/li>\n<li>SSD PCI-E NVMe de alta velocidade de <strong>2<\/strong> <strong>TB\/2 TB<\/strong><\/li>\n<li>Ecr\u00e3 t\u00e1til H-IPS <strong>de 7\u2033<\/strong>.<\/li>\n<li>Suporta <strong>WiFi 6<\/strong> IEEE e <strong>Bluetooth 5.2<\/strong> <\/li>\n<\/ul>\n[cg_accordion title=\"INFORMA\u00c7\u00d5ES DE PAGAMENTO\"]<\/p>\n<p>Utilizamos a tecnologia mais recente no processamento de pagamentos, o que te permite fazer o checkout atrav\u00e9s do Apple Pay, Google Pay, o teu cart\u00e3o de d\u00e9bito\/cr\u00e9dito, PayPal ou m\u00e9todos BNPL como Klarna, Affirm ou AfterPay para uma experi\u00eancia r\u00e1pida e segura.[\/cg_accordion]\n[cg_accordion title=\"GARANTIA\"]<\/p>\n<p>1 ano de garantia da <a href=\"https:\/\/droix.net\/\" target=\"_blank\" rel=\"nofollow noopener\">DROIX Global<\/a> para a tua paz de esp\u00edrito[\/cg_accordion]\n[cg_accordion title=\"PRE\u00c7OS, IMPOSTOS E ENVIO\"]<\/p>\n<p><strong><u>Nota:<\/u><\/strong><\/p>\n<ul>\n<li>Clientes dos Estados Unidos: O pre\u00e7o apresentado N\u00c3O inclui TAXAS nem impostos. O cliente \u00e9 respons\u00e1vel pelo desalfandegamento e pelo pagamento de quaisquer impostos ou taxas associadas. <\/li>\n<li>Clientes da UE: O pre\u00e7o apresentado inclui o IMPOSTO aplic\u00e1vel, que pode ir at\u00e9 25%, dependendo do teu pa\u00eds.<\/li>\n<li>Clientes do Canad\u00e1: O pre\u00e7o apresentado inclui os impostos aplic\u00e1veis, que podem incluir 5% de GST e impostos adicionais sobre vendas provinciais (PST), imposto sobre vendas harmonizado (HST) ou imposto sobre vendas do Quebeque (QST), dependendo da tua prov\u00edncia.<\/li>\n<\/ul>\n<p><strong>APENAS para clientes da UE:<\/strong> Entrega expressa DDP (Delivered Duty Paid). Isto significa que: <\/p>\n<ul>\n<li>Todos os direitos aduaneiros e impostos est\u00e3o inclu\u00eddos no pre\u00e7o apresentado na p\u00e1gina do produto.<\/li>\n<li>N\u00e3o ter\u00e1s de pagar quaisquer encargos adicionais aquando da entrega.<\/li>\n<li>Na rara eventualidade de problemas relacionados com a alf\u00e2ndega, a nossa equipa tratar\u00e1 do processo de desalfandegamento em teu nome para garantir uma experi\u00eancia de entrega sem problemas.<\/li>\n<p>Informa\u00e7\u00f5es importantes sobre devolu\u00e7\u00f5es:<\/p>\n<li>Se decidires devolver a tua encomenda ou pedir um reembolso, tem em aten\u00e7\u00e3o que os impostos e direitos pagos em teu nome ao abrigo das condi\u00e7\u00f5es DDP n\u00e3o podem ser reembolsados.<\/li>\n<p>Consulta os nossos <a href=\"https:\/\/ayaneo.co\/terms-of-service-2\/\" target=\"_blank\" rel=\"nofollow noopener\">Termos e Condi\u00e7\u00f5es<\/a> para obteres informa\u00e7\u00f5es detalhadas.\n<\/ul>\n<p>[\/cg_accordion]\n[cg_accordion title=\"APOIO AO CLIENTE\"]<\/p>\n<p>Tens uma pergunta? Estamos a uma curta mensagem de texto de ter o teu problema resolvido!<br \/>\n[\/cg_accordion]\n[cg_accordion title=\"O pacote inclui\"]<\/p>\n<ul>\n<li>1x AYANEO NEXT<\/li>\n<li>1x Cabo USB Tipo C<\/li>\n<li>1x Manual do utilizador<\/li>\n<\/ul>\n<p>[\/cg_accordion]\n","protected":false},"featured_media":29391,"template":"","meta":{"_acf_changed":false},"product_brand":[],"product_cat":[1225],"product_tag":[],"class_list":{"0":"post-29390","1":"product","2":"type-product","3":"status-publish","4":"has-post-thumbnail","6":"product_cat-pcs-portateis-para-jogos","7":"product_shipping_class-premium","8":"pa_brand-ayaneo","9":"pa_graphics-gpu-model-radeon-graphics","10":"pa_operating-system-windows-11-home","11":"pa_processor-cpu-brand-amd","13":"first","14":"outofstock","15":"sale","16":"taxable","17":"shipping-taxable","18":"purchasable","19":"product-type-variable","20":"has-default-attributes"},"acf":[],"_links":{"self":[{"href":"https:\/\/ayaneo.co\/pt-pt\/wp-json\/wp\/v2\/product\/29390","targetHints":{"allow":["GET"]}}],"collection":[{"href":"https:\/\/ayaneo.co\/pt-pt\/wp-json\/wp\/v2\/product"}],"about":[{"href":"https:\/\/ayaneo.co\/pt-pt\/wp-json\/wp\/v2\/types\/product"}],"wp:featuredmedia":[{"embeddable":true,"href":"https:\/\/ayaneo.co\/pt-pt\/wp-json\/wp\/v2\/media\/29391"}],"wp:attachment":[{"href":"https:\/\/ayaneo.co\/pt-pt\/wp-json\/wp\/v2\/media?parent=29390"}],"wp:term":[{"taxonomy":"product_brand","embeddable":true,"href":"https:\/\/ayaneo.co\/pt-pt\/wp-json\/wp\/v2\/product_brand?post=29390"},{"taxonomy":"product_cat","embeddable":true,"href":"https:\/\/ayaneo.co\/pt-pt\/wp-json\/wp\/v2\/product_cat?post=29390"},{"taxonomy":"product_tag","embeddable":true,"href":"https:\/\/ayaneo.co\/pt-pt\/wp-json\/wp\/v2\/product_tag?post=29390"}],"curies":[{"name":"wp","href":"https:\/\/api.w.org\/{rel}","templated":true}]}}