{"id":32349,"date":"2025-08-20T13:35:38","date_gmt":"2025-08-20T13:35:38","guid":{"rendered":"https:\/\/ayaneo.co\/product\/protetor-de-ecra-ayaneo-pocket-s2\/"},"modified":"2026-01-06T00:30:44","modified_gmt":"2026-01-06T00:30:44","slug":"protetor-de-ecra-ayaneo-pocket-s2","status":"publish","type":"product","link":"https:\/\/ayaneo.co\/pt-pt\/product\/protetor-de-ecra-ayaneo-pocket-s2\/","title":{"rendered":"Protetor de ecr\u00e3 AYANEO Pocket S2"},"content":{"rendered":"\n<h2 class=\"wp-block-heading\">Vis\u00e3o geral do produto:<\/h2>\n\n<p>O <strong>protetor de ecr\u00e3 AYANEO Pocket S2<\/strong> \u00e9 um acess\u00f3rio indispens\u00e1vel para manter o ecr\u00e3 da tua consola Pocket S2 em perfeitas condi\u00e7\u00f5es. Concebido para uma clareza e precis\u00e3o perfeitas, este protetor de ecr\u00e3 garante uma experi\u00eancia de jogo ininterrupta, protegendo o teu dispositivo do desgaste di\u00e1rio. <\/p>\n\n<h2 class=\"wp-block-heading\">Porqu\u00ea escolher o protetor de ecr\u00e3 AYANEO Pocket S2?<\/h2>\n\n<p>Quer sejas um jogador casual ou um entusiasta incondicional, o protetor de ecr\u00e3 AYANEO S2 proporciona uma nitidez e prote\u00e7\u00e3o inigual\u00e1veis ao ecr\u00e3 da tua consola. Com o seu ajuste preciso, superf\u00edcie resistente a riscos e revestimento \u00e0 prova de manchas, os teus jogos permanecem n\u00edtidos enquanto o teu dispositivo permanece protegido. <\/p>\n\n<hr class=\"wp-block-separator has-alpha-channel-opacity\"\/>\n\n<h2 class=\"wp-block-heading\">Especifica\u00e7\u00f5es:<\/h2>\n\n<ul class=\"wp-block-list\">\n<li><strong>Material:<\/strong> Vidro temperado ou pel\u00edcula de qualidade superior<\/li>\n\n\n\n<li><strong>Compatibilidade:<\/strong> Consola AYANEO Pocket S2<\/li>\n\n\n\n<li><strong>Carater\u00edsticas:<\/strong> Instala\u00e7\u00e3o anti-riscos, \u00e0 prova de manchas e sem bolhas<\/li>\n<\/ul>\n\n<p>Melhora o teu AYANEO Pocket S2 com um protetor de ecr\u00e3 concebido para manter a tua consola com o melhor aspeto e desempenho!<\/p>\n\n<p><\/p>\n","protected":false},"excerpt":{"rendered":"<ul>\n<li><strong>Adapta-se perfeitamente<\/strong> \u00e0s dimens\u00f5es do ecr\u00e3 do AYANEO Pocket S2.<\/li>\n<li>Superf\u00edcie <strong>resistente aos riscos<\/strong> para uma prote\u00e7\u00e3o duradoura.<\/li>\n<li>Material ultra-claro para uma imagem <strong>de jogo perfeita<\/strong>.<\/li>\n<li>Instala\u00e7\u00e3o f\u00e1cil com uma <strong>aplica\u00e7\u00e3o sem bolhas<\/strong>.<\/li>\n<li><strong>Revestimento \u00e0 prova de manchas<\/strong> para manter o teu ecr\u00e3 limpo e n\u00edtido.<\/li>\n<\/ul>\n[cg_accordion title=\"INFORMA\u00c7\u00d5ES DE PAGAMENTO\"]<\/p>\n<p>Utilizamos a tecnologia mais recente no processamento de pagamentos, o que te permite fazer o checkout atrav\u00e9s do Apple Pay, Google Pay, o teu cart\u00e3o de d\u00e9bito\/cr\u00e9dito, PayPal ou m\u00e9todos BNPL, como Klarna, Affirm ou AfterPay, para uma experi\u00eancia r\u00e1pida e segura.[\/cg_accordion]\n[cg_accordion title=\"GARANTIA\"]<\/p>\n<p>1 ano de garantia da <a href=\"https:\/\/droix.net\/\" target=\"_blank\" rel=\"nofollow noopener\">DROIX Global<\/a> para a tua paz de esp\u00edrito[\/cg_accordion]\n[cg_accordion title=\"GARANTIA DE QUALIDADE E ENSAIOS PR\u00c9-EXPEDI\u00c7\u00c3O\"]<\/p>\n<p>Garante a satisfa\u00e7\u00e3o do cliente ao mais alto n\u00edvel: Todos os aparelhos s\u00e3o submetidos a testes rigorosos e a uma verifica\u00e7\u00e3o de garantia de qualidade em v\u00e1rios pontos antes de serem enviados. A nossa equipa dedicada verifica o desempenho, a funcionalidade e a integridade dos componentes para garantir que o teu dispositivo AYANEO est\u00e1 em perfeitas condi\u00e7\u00f5es de funcionamento \u00e0 chegada, proporcionando-te confian\u00e7a e paz de esp\u00edrito. [\/cg_accordion]\n[cg_accordion title=\"PRE\u00c7OS, IMPOSTOS E ENVIO\"]<\/p>\n<p><strong><u>Nota:<\/u><\/strong><\/p>\n<ul>\n<li>Clientes dos Estados Unidos: O pre\u00e7o apresentado N\u00c3O inclui TAXAS nem impostos. O cliente \u00e9 respons\u00e1vel pelo desalfandegamento e pelo pagamento de quaisquer impostos ou taxas associadas. <\/li>\n<li>Clientes da UE: O pre\u00e7o apresentado inclui o IMPOSTO aplic\u00e1vel, que pode ir at\u00e9 25%, dependendo do teu pa\u00eds.<\/li>\n<li>Clientes do Canad\u00e1: O pre\u00e7o apresentado inclui os impostos aplic\u00e1veis, que podem incluir 5% de GST e impostos adicionais sobre vendas provinciais (PST), imposto sobre vendas harmonizado (HST) ou imposto sobre vendas do Quebeque (QST), dependendo da tua prov\u00edncia.<\/li>\n<\/ul>\n<p><strong>APENAS para clientes da UE:<\/strong> Entrega expressa DDP (Delivered Duty Paid). Isto significa que: <\/p>\n<ul>\n<li>Todos os direitos aduaneiros e impostos est\u00e3o inclu\u00eddos no pre\u00e7o apresentado na p\u00e1gina do produto.<\/li>\n<li>N\u00e3o ter\u00e1s de pagar quaisquer encargos adicionais aquando da entrega.<\/li>\n<li>Na rara eventualidade de problemas relacionados com a alf\u00e2ndega, a nossa equipa tratar\u00e1 do processo de desalfandegamento em teu nome para garantir uma experi\u00eancia de entrega sem problemas.<\/li>\n<p>Informa\u00e7\u00f5es importantes sobre devolu\u00e7\u00f5es:<\/p>\n<li>Se decidires devolver a tua encomenda ou pedir um reembolso, tem em aten\u00e7\u00e3o que os impostos e direitos pagos em teu nome ao abrigo das condi\u00e7\u00f5es DDP n\u00e3o podem ser reembolsados.<\/li>\n<p>Consulta os nossos <a href=\"https:\/\/ayaneo.co\/pt-pt\/termos-de-servico\/\" target=\"_blank\" rel=\"nofollow noopener\">Termos e Condi\u00e7\u00f5es<\/a> para obteres informa\u00e7\u00f5es detalhadas.\n<\/ul>\n<p>[\/cg_accordion]\n[cg_accordion title=\"APOIO AO CLIENTE\"]<\/p>\n<p>Tens uma pergunta? Estamos a uma curta mensagem de texto de ter o teu problema resolvido! [\/cg_accordion]\n[cg_accordion title=\"O PACOTE INCLUI\"]<\/p>\n<ul>\n<li>1x Protetor de ecr\u00e3 AYANEO Pocket S2<\/li>\n<\/ul>\n<p>[\/cg_accordion]\n","protected":false},"featured_media":30525,"template":"","meta":{"_acf_changed":false},"product_brand":[],"product_cat":[1192],"product_tag":[],"class_list":{"0":"post-32349","1":"product","2":"type-product","3":"status-publish","4":"has-post-thumbnail","6":"product_cat-acessorios","7":"product_shipping_class-low-end","9":"first","10":"instock","11":"sale","12":"taxable","13":"shipping-taxable","14":"purchasable","15":"product-type-simple"},"acf":[],"_links":{"self":[{"href":"https:\/\/ayaneo.co\/pt-pt\/wp-json\/wp\/v2\/product\/32349","targetHints":{"allow":["GET"]}}],"collection":[{"href":"https:\/\/ayaneo.co\/pt-pt\/wp-json\/wp\/v2\/product"}],"about":[{"href":"https:\/\/ayaneo.co\/pt-pt\/wp-json\/wp\/v2\/types\/product"}],"wp:featuredmedia":[{"embeddable":true,"href":"https:\/\/ayaneo.co\/pt-pt\/wp-json\/wp\/v2\/media\/30525"}],"wp:attachment":[{"href":"https:\/\/ayaneo.co\/pt-pt\/wp-json\/wp\/v2\/media?parent=32349"}],"wp:term":[{"taxonomy":"product_brand","embeddable":true,"href":"https:\/\/ayaneo.co\/pt-pt\/wp-json\/wp\/v2\/product_brand?post=32349"},{"taxonomy":"product_cat","embeddable":true,"href":"https:\/\/ayaneo.co\/pt-pt\/wp-json\/wp\/v2\/product_cat?post=32349"},{"taxonomy":"product_tag","embeddable":true,"href":"https:\/\/ayaneo.co\/pt-pt\/wp-json\/wp\/v2\/product_tag?post=32349"}],"curies":[{"name":"wp","href":"https:\/\/api.w.org\/{rel}","templated":true}]}}