{"id":44851,"date":"2026-02-03T13:07:54","date_gmt":"2026-02-03T13:07:54","guid":{"rendered":"https:\/\/ayaneo.co\/product\/biwin-mini-ssd\/"},"modified":"2026-02-12T09:57:37","modified_gmt":"2026-02-12T09:57:37","slug":"biwin-mini-ssd","status":"publish","type":"product","link":"https:\/\/ayaneo.co\/pt-pt\/product\/biwin-mini-ssd\/","title":{"rendered":"BIWIN Mini SSD"},"content":{"rendered":"\n<h2 class=\"wp-block-heading\">BIWIN Mini SSD: Uma nova era de desempenho de armazenamento<\/h2>\n\n<p>No mundo altamente competitivo do armazenamento port\u00e1til, o <strong>BIWIN Mini SSD<\/strong> surge como uma verdadeira pot\u00eancia, oferecendo um desempenho de elite e uma durabilidade robusta para satisfazer todos os utilizadores exigentes. Este dispositivo \u00e9 uma afirma\u00e7\u00e3o de velocidade sem compromissos, representando um salto em frente na tecnologia de armazenamento ultra-compacto. O BIWIN Mini SSD \u00e9 uma maravilha de design e pot\u00eancia, oferecendo uma experi\u00eancia de dados de n\u00edvel emblem\u00e1tico, portabilidade sem paralelo e um conjunto de carater\u00edsticas inovadoras que o colocam no \u00e1pice do mercado. Concebida para profissionais e entusiastas que exigem velocidade de elite e uma solu\u00e7\u00e3o premium e rica em funcionalidades, esta unidade ultrapassa os limites do manuseamento de dados em movimento.   <\/p>\n\n<p>O BIWIN Mini SSD \u00e9 um tit\u00e3 de inova\u00e7\u00e3o no dom\u00ednio dos dispositivos de armazenamento compactos e de alta qualidade. Alimentado pela tecnologia de ponta <strong>PCIe Gen4x2<\/strong> e <strong>NVMe 1.4<\/strong>, o Mini SSD oferece um desempenho de tirar o f\u00f4lego com velocidades de leitura sequencial de at\u00e9 <strong>3.700 MB\/s<\/strong> e velocidades de escrita de at\u00e9 <strong>3.400 MB\/s<\/strong>. Esta velocidade esmaga o limite de desempenho dos cart\u00f5es microSD tradicionais, posicionando o Mini SSD como um substituto superior e de alta velocidade. Esta pot\u00eancia est\u00e1 alojada num corpo ultra-compacto - mede apenas <strong>15,0 mm \u00d7 17,0 mm \u00d7 1,4 mm -<\/strong>o que \u00e9 poss\u00edvel gra\u00e7as ao avan\u00e7ado acondicionamento <a href=\"https:\/\/en.wikipedia.org\/wiki\/Land_grid_array\" target=\"_blank\" rel=\"noopener nofollow\" title=\"\">LGA (Land Grid Array)<\/a>.   <\/p>\n\n<p>Dispon\u00edvel em op\u00e7\u00f5es de elevada capacidade, incluindo <strong>512 GB, 1 TB e 2 TB<\/strong>, o Mini SSD proporciona um espa\u00e7o de armazenamento excecional para cargas de trabalho exigentes, como a colabora\u00e7\u00e3o na nuvem e o processamento de dados em tempo real.<\/p>\n\n<h2 class=\"wp-block-heading\"><strong>Nota sobre o desempenho do computador de m\u00e3o<\/strong><\/h2>\n\n<p>\u00c9 importante que os utilizadores de dispositivos anfitri\u00f5es espec\u00edficos tenham em conta que, embora o Mini SSD ofere\u00e7a velocidades te\u00f3ricas m\u00e1ximas de 3.700 MB\/s, o seu desempenho no mundo real ser\u00e1 limitado pelas especifica\u00e7\u00f5es da ranhura do dispositivo anfitri\u00e3o. Por exemplo, quando instalada em dispositivos port\u00e1teis de jogos compat\u00edveis, a velocidade da unidade \u00e9 normalmente limitada porque o dispositivo utiliza uma configura\u00e7\u00e3o <strong>mini PCIe 4&#215;1<\/strong> (em vez da especifica\u00e7\u00e3o 4&#215;2 completa). Com base nos testes CrystalDiskMark, os utilizadores podem esperar velocidades m\u00e9dias de leitura e escrita de cerca de <strong>1.700 MB\/s<\/strong>. Isto continua a garantir um desempenho fi\u00e1vel e de alta velocidade muito superior \u00e0s alternativas microSD, embora possa n\u00e3o refletir o potencial te\u00f3rico m\u00e1ximo absoluto da unidade.   <\/p>\n\n<p>Concebido para uma fiabilidade sem compromissos, o dispositivo possui uma estrutura robusta com uma <strong>classifica\u00e7\u00e3o IP68<\/strong> para uma prote\u00e7\u00e3o abrangente contra poeiras e \u00e1gua, o que o torna capaz de suportar as condi\u00e7\u00f5es mais adversas. A fiabilidade imersiva dos dados \u00e9 fornecida por firmware avan\u00e7ado, incluindo caching SLC din\u00e2mico e nivelamento de desgaste, enquanto a sua durabilidade \u00e9 refor\u00e7ada pela embalagem LGA que lhe permite sobreviver a quedas at\u00e9 <strong>3 metros<\/strong>. Com o seu vers\u00e1til design de ranhura modular, este \u00e9 um companheiro duradouro e preparado para o futuro para aplica\u00e7\u00f5es em dispositivos m\u00f3veis, dispositivos port\u00e1teis de jogos (como o GPD WIN 5 e o ONEXPLAYER Super X) e computa\u00e7\u00e3o perif\u00e9rica.  <\/p>\n","protected":false},"excerpt":{"rendered":"\n<ul>\n<li>Interface: <strong>PCIe Gen4x2<\/strong> com protocolo **NVMe 1.4<\/li>\n<li>Formato: <strong>Pacote LGA ultra-compacto<\/strong> (15,0 mm \u00d7 17,0 mm \u00d7 1,4 mm)<\/li>\n<li>Desempenho: At\u00e9 **3.700 MB\/s de leitura** \/ At\u00e9 **3.400 MB\/s de grava\u00e7\u00e3o**<\/li>\n<li>Capacidade: 512GB, 1TB ou 2TB 3D TLC NAND<\/li>\n<li>Durabilidade: <strong>IP68<\/strong> Resist\u00eancia \u00e0 poeira e \u00e0 \u00e1gua \/ **Resist\u00eancia a 3 metros de queda**<\/li>\n<li>Tecnologia: Cache **SLC din\u00e2mico** e **nivelamento de desgaste**<\/li>\n<\/ul>\n[cg_accordion title=\"INFORMA\u00c7\u00d5ES DE PAGAMENTO\"]<\/p>\n<p>Utilizamos a tecnologia mais recente no processamento de pagamentos, o que te permite fazer o checkout atrav\u00e9s do Apple Pay, Google Pay, o teu cart\u00e3o de d\u00e9bito\/cr\u00e9dito, PayPal ou m\u00e9todos BNPL, como Klarna, Affirm ou AfterPay, para uma experi\u00eancia r\u00e1pida e segura.[\/cg_accordion]\n[cg_accordion title=\"GARANTIA\"]<\/p>\n<p>1 ano de garantia da <a href=\"https:\/\/droix.net\/\" target=\"_blank\" rel=\"nofollow noopener\">DROIX Global<\/a> para a tua paz de esp\u00edrito[\/cg_accordion]\n[cg_accordion title=\"GARANTIA DE QUALIDADE E ENSAIOS PR\u00c9-EXPEDI\u00c7\u00c3O\"]<\/p>\n<p>Garante a satisfa\u00e7\u00e3o do cliente ao mais alto n\u00edvel: Todos os aparelhos s\u00e3o submetidos a testes rigorosos e a uma verifica\u00e7\u00e3o de garantia de qualidade em v\u00e1rios pontos antes de serem enviados. A nossa equipa dedicada verifica o desempenho, a funcionalidade e a integridade dos componentes para garantir que o teu dispositivo AYANEO est\u00e1 em perfeitas condi\u00e7\u00f5es de funcionamento \u00e0 chegada, proporcionando-te confian\u00e7a e paz de esp\u00edrito. [\/cg_accordion]\n[cg_accordion title=\"PRE\u00c7OS, IMPOSTOS E ENVIO\"]<\/p>\n<p><strong><u>Nota:<\/u><\/strong><\/p>\n<ul>\n<li>Clientes dos Estados Unidos: O pre\u00e7o apresentado N\u00c3O inclui TAXAS nem impostos. O cliente \u00e9 respons\u00e1vel pelo desalfandegamento e pelo pagamento de quaisquer impostos ou taxas associadas. <\/li>\n<li>Clientes da UE: O pre\u00e7o apresentado inclui o IMPOSTO aplic\u00e1vel, que pode ir at\u00e9 25%, dependendo do teu pa\u00eds.<\/li>\n<li>Clientes do Canad\u00e1: O pre\u00e7o apresentado inclui os impostos aplic\u00e1veis, que podem incluir 5% de GST e impostos adicionais sobre vendas provinciais (PST), imposto sobre vendas harmonizado (HST) ou imposto sobre vendas do Quebeque (QST), dependendo da tua prov\u00edncia.<\/li>\n<\/ul>\n<p>Para os nossos clientes dos EUA: As encomendas s\u00e3o expedidas DAP (Delivered At Place). Embora os clientes sejam respons\u00e1veis pelo pagamento de quaisquer tarifas aplic\u00e1veis, baseamo-nos na nossa vasta experi\u00eancia de envio a partir do Reino Unido para garantir que pagas o m\u00ednimo poss\u00edvel. Com base nos nossos registos, estes encargos n\u00e3o excedem normalmente 10% do valor do artigo.  <\/p>\n<p><strong>APENAS para clientes da UE:<\/strong> Entrega expressa DDP (Delivered Duty Paid). Isto significa que: <\/p>\n<ul>\n<li>Todos os direitos aduaneiros e impostos est\u00e3o inclu\u00eddos no pre\u00e7o apresentado na p\u00e1gina do produto.<\/li>\n<li>N\u00e3o ter\u00e1s de pagar quaisquer encargos adicionais aquando da entrega.<\/li>\n<li>Na rara eventualidade de problemas relacionados com a alf\u00e2ndega, a nossa equipa tratar\u00e1 do processo de desalfandegamento em teu nome para garantir uma experi\u00eancia de entrega sem problemas.<\/li>\n<p>Informa\u00e7\u00f5es importantes sobre devolu\u00e7\u00f5es:<\/p>\n<li>Se decidires devolver a tua encomenda ou pedir um reembolso, tem em aten\u00e7\u00e3o que os impostos e direitos pagos em teu nome ao abrigo das condi\u00e7\u00f5es DDP n\u00e3o podem ser reembolsados.<\/li>\n<p>Consulta os nossos <a href=\"https:\/\/ayaneo.co\/pt-pt\/termos-de-servico\/\" target=\"_blank\" rel=\"nofollow noopener\">Termos e Condi\u00e7\u00f5es<\/a> para obteres informa\u00e7\u00f5es detalhadas.\n<\/ul>\n<p>[\/cg_accordion]\n[cg_accordion title=\"APOIO AO CLIENTE\"]<\/p>\n<p>Tens uma pergunta? Estamos a uma curta mensagem de texto de ter o teu problema resolvido! [\/cg_accordion]\n[cg_accordion title=\"O PACOTE INCLUI\"]<\/p>\n<ul>\n<li>1x BIWIN Mini SSD<\/li>\n<\/ul>\n<p>[\/cg_accordion]\n","protected":false},"featured_media":44148,"template":"","meta":{"_acf_changed":false},"product_brand":[],"product_cat":[1192],"product_tag":[],"class_list":{"0":"post-44851","1":"product","2":"type-product","3":"status-publish","4":"has-post-thumbnail","6":"product_cat-acessorios","7":"product_shipping_class-low-end","8":"pa_brand-biwin","10":"first","11":"instock","12":"taxable","13":"shipping-taxable","14":"purchasable","15":"product-type-variable","16":"has-default-attributes"},"acf":[],"_links":{"self":[{"href":"https:\/\/ayaneo.co\/pt-pt\/wp-json\/wp\/v2\/product\/44851","targetHints":{"allow":["GET"]}}],"collection":[{"href":"https:\/\/ayaneo.co\/pt-pt\/wp-json\/wp\/v2\/product"}],"about":[{"href":"https:\/\/ayaneo.co\/pt-pt\/wp-json\/wp\/v2\/types\/product"}],"wp:featuredmedia":[{"embeddable":true,"href":"https:\/\/ayaneo.co\/pt-pt\/wp-json\/wp\/v2\/media\/44148"}],"wp:attachment":[{"href":"https:\/\/ayaneo.co\/pt-pt\/wp-json\/wp\/v2\/media?parent=44851"}],"wp:term":[{"taxonomy":"product_brand","embeddable":true,"href":"https:\/\/ayaneo.co\/pt-pt\/wp-json\/wp\/v2\/product_brand?post=44851"},{"taxonomy":"product_cat","embeddable":true,"href":"https:\/\/ayaneo.co\/pt-pt\/wp-json\/wp\/v2\/product_cat?post=44851"},{"taxonomy":"product_tag","embeddable":true,"href":"https:\/\/ayaneo.co\/pt-pt\/wp-json\/wp\/v2\/product_tag?post=44851"}],"curies":[{"name":"wp","href":"https:\/\/api.w.org\/{rel}","templated":true}]}}