{"id":44896,"date":"2026-01-08T12:04:55","date_gmt":"2026-01-08T12:04:55","guid":{"rendered":"https:\/\/ayaneo.co\/product\/ayaneo-pocket-ds-protetor-de-ecra-so-no-ecra-inferior\/"},"modified":"2026-04-08T09:15:02","modified_gmt":"2026-04-08T09:15:02","slug":"ayaneo-pocket-ds-protetor-de-ecra-so-no-ecra-inferior","status":"publish","type":"product","link":"https:\/\/ayaneo.co\/pt-pt\/product\/ayaneo-pocket-ds-protetor-de-ecra-so-no-ecra-inferior\/","title":{"rendered":"AYANEO Pocket DS Protetor de ecr\u00e3 (s\u00f3 no ecr\u00e3 inferior)"},"content":{"rendered":"\n<p>O <strong>protetor de ecr\u00e3 AYANEO Pocket DS<\/strong> \u00e9 um acess\u00f3rio essencial concebido para manter o ecr\u00e3 secund\u00e1rio da tua consola em perfeitas condi\u00e7\u00f5es. Concebido para uma clareza e precis\u00e3o de alta defini\u00e7\u00e3o, este protetor protege o teu dispositivo do desgaste di\u00e1rio sem comprometer a sensibilidade ao toque. <\/p>\n\n<h2 class=\"wp-block-heading\"><strong>&#x26a0;&#xfe0f; Nota importante sobre a compatibilidade<\/strong><\/h2>\n\n<p>Este protetor de ecr\u00e3 foi concebido <strong>APENAS para o segundo ecr\u00e3 (inferior).<\/strong> &gt; <strong>Para o primeiro ecr\u00e3 (superior):<\/strong> N\u00e3o est\u00e1 dispon\u00edvel nem \u00e9 recomendado nenhum protetor, uma vez que a espessura adicional impediria que o dispositivo fechasse corretamente.<\/p>\n\n<h2 class=\"wp-block-heading\">Porqu\u00ea escolher o protetor de ecr\u00e3 AYANEO Pocket DS?<\/h2>\n\n<p>Quer estejas a navegar nos menus ou a utilizar controlos de toque intensivo no ecr\u00e3 secund\u00e1rio, este protetor proporciona uma durabilidade inigual\u00e1vel. Com um ajuste preciso e um revestimento especializado, as tuas imagens de jogo permanecem n\u00edtidas enquanto o hardware permanece protegido contra riscos e \u00f3leos. <\/p>\n\n<h2 class=\"wp-block-heading\">Especifica\u00e7\u00f5es<\/h2>\n\n<ul class=\"wp-block-list\">\n<li><strong>Compatibilidade:<\/strong> Consola DS AYANEO Pocket (ecr\u00e3 inferior)<\/li>\n\n\n\n<li><strong>Material:<\/strong> Vidro temperado de alta qualidade ou pel\u00edcula de alta qualidade<\/li>\n\n\n\n<li><strong>Superf\u00edcie:<\/strong> Resistente a riscos, \u00e0 prova de manchas e ultra-clara<\/li>\n\n\n\n<li><strong>Instala\u00e7\u00e3o:<\/strong> Adesivo sem bolhas para uma aplica\u00e7\u00e3o perfeita<\/li>\n<\/ul>\n","protected":false},"excerpt":{"rendered":"<ul>\n<li><strong>Apenas o segundo ecr\u00e3:<\/strong> Adaptado especificamente ao ecr\u00e3 inferior para permitir o fecho correto do dispositivo.<\/li>\n<li><strong>Prote\u00e7\u00e3o contra riscos:<\/strong> A superf\u00edcie duradoura protege contra a utiliza\u00e7\u00e3o da caneta e o desgaste di\u00e1rio.<\/li>\n<li><strong>Cristalino:<\/strong> O material ultra-transparente garante imagens de jogo vivas e ininterruptas.<\/li>\n<li><strong>Resistente a manchas:<\/strong> O revestimento oleof\u00f3bico mant\u00e9m o ecr\u00e3 t\u00e1til livre de impress\u00f5es digitais e \u00f3leos.<\/li>\n<li><strong>Aplica\u00e7\u00e3o f\u00e1cil:<\/strong> Instala\u00e7\u00e3o r\u00e1pida e sem bolhas para um ajuste perfeito e profissional.<\/li>\n<\/ul>\n[cg_accordion title=\"INFORMA\u00c7\u00d5ES DE PAGAMENTO\"]<\/p>\n<p>Utilizamos a tecnologia mais recente no processamento de pagamentos, o que te permite fazer o checkout atrav\u00e9s do Apple Pay, Google Pay, o teu cart\u00e3o de d\u00e9bito\/cr\u00e9dito, PayPal ou m\u00e9todos BNPL, como Klarna, Affirm ou AfterPay, para uma experi\u00eancia r\u00e1pida e segura.[\/cg_accordion]\n[cg_accordion title=\"GARANTIA\"]<\/p>\n<p>1 ano de garantia da <a href=\"https:\/\/droix.net\/\" target=\"_blank\" rel=\"nofollow noopener\">DROIX Global<\/a> para a tua paz de esp\u00edrito[\/cg_accordion]\n[cg_accordion title=\"GARANTIA DE QUALIDADE E ENSAIOS PR\u00c9-EXPEDI\u00c7\u00c3O\"]<\/p>\n<p>Garante a satisfa\u00e7\u00e3o do cliente ao mais alto n\u00edvel: Todos os aparelhos s\u00e3o submetidos a testes rigorosos e a uma verifica\u00e7\u00e3o de garantia de qualidade em v\u00e1rios pontos antes de serem enviados. A nossa equipa dedicada verifica o desempenho, a funcionalidade e a integridade dos componentes para garantir que o teu dispositivo AYANEO est\u00e1 em perfeitas condi\u00e7\u00f5es de funcionamento \u00e0 chegada, proporcionando-te confian\u00e7a e paz de esp\u00edrito. [\/cg_accordion]\n[cg_accordion title=\"PRE\u00c7OS, IMPOSTOS E ENVIO\"]<\/p>\n<p><strong><u>Nota:<\/u><\/strong><\/p>\n<ul>\n<li>Clientes dos Estados Unidos: O pre\u00e7o apresentado N\u00c3O inclui TAXAS nem impostos. O cliente \u00e9 respons\u00e1vel pelo desalfandegamento e pelo pagamento de quaisquer impostos ou taxas associadas. <\/li>\n<li>Clientes da UE: O pre\u00e7o apresentado inclui o IMPOSTO aplic\u00e1vel, que pode ir at\u00e9 25%, dependendo do teu pa\u00eds.<\/li>\n<li>Clientes do Canad\u00e1: O pre\u00e7o apresentado inclui os impostos aplic\u00e1veis, que podem incluir 5% de GST e impostos adicionais sobre vendas provinciais (PST), imposto sobre vendas harmonizado (HST) ou imposto sobre vendas do Quebeque (QST), dependendo da tua prov\u00edncia.<\/li>\n<\/ul>\n<p>Para os nossos clientes dos EUA: As encomendas s\u00e3o expedidas DAP (Delivered At Place). Embora os clientes sejam respons\u00e1veis pelo pagamento de quaisquer tarifas aplic\u00e1veis, baseamo-nos na nossa vasta experi\u00eancia de envio a partir do Reino Unido para garantir que pagas o m\u00ednimo poss\u00edvel. Com base nos nossos registos, estes encargos n\u00e3o excedem normalmente 10% do valor do artigo.  <\/p>\n<p><strong>APENAS para clientes da UE:<\/strong> Entrega expressa DDP (Delivered Duty Paid). Isto significa que: <\/p>\n<ul>\n<li>Todos os direitos aduaneiros e impostos est\u00e3o inclu\u00eddos no pre\u00e7o apresentado na p\u00e1gina do produto.<\/li>\n<li>N\u00e3o ter\u00e1s de pagar quaisquer encargos adicionais aquando da entrega.<\/li>\n<li>Na rara eventualidade de problemas relacionados com a alf\u00e2ndega, a nossa equipa tratar\u00e1 do processo de desalfandegamento em teu nome para garantir uma experi\u00eancia de entrega sem problemas.<\/li>\n<p>Informa\u00e7\u00f5es importantes sobre devolu\u00e7\u00f5es:<\/p>\n<li>Se decidires devolver a tua encomenda ou pedir um reembolso, tem em aten\u00e7\u00e3o que os impostos e direitos pagos em teu nome ao abrigo das condi\u00e7\u00f5es DDP n\u00e3o podem ser reembolsados.<\/li>\n<p>Consulta os nossos <a href=\"https:\/\/ayaneo.co\/pt-pt\/termos-de-servico\/\" target=\"_blank\" rel=\"nofollow noopener\">Termos e Condi\u00e7\u00f5es<\/a> para obteres informa\u00e7\u00f5es detalhadas.\n<\/ul>\n<p>[\/cg_accordion]\n[cg_accordion title=\"APOIO AO CLIENTE\"]<\/p>\n<p>Tens uma pergunta? Estamos a uma curta mensagem de texto de ter o teu problema resolvido! [\/cg_accordion]\n[cg_accordion title=\"O PACOTE INCLUI\"]<\/p>\n<ul>\n<li>1x Protetor de ecr\u00e3 AYANEO Pocket DS<\/li>\n<\/ul>\n<p>[\/cg_accordion]\n","protected":false},"featured_media":43484,"template":"","meta":{"_acf_changed":false},"product_brand":[],"product_cat":[1192],"product_tag":[],"class_list":{"0":"post-44896","1":"product","2":"type-product","3":"status-publish","4":"has-post-thumbnail","6":"product_cat-acessorios","7":"product_shipping_class-low-end","8":"pa_accessory-type-screen-protector-pt-pt","9":"pa_brand-ayaneo","11":"first","12":"instock","13":"sale","14":"taxable","15":"shipping-taxable","16":"purchasable","17":"product-type-simple"},"acf":[],"_links":{"self":[{"href":"https:\/\/ayaneo.co\/pt-pt\/wp-json\/wp\/v2\/product\/44896","targetHints":{"allow":["GET"]}}],"collection":[{"href":"https:\/\/ayaneo.co\/pt-pt\/wp-json\/wp\/v2\/product"}],"about":[{"href":"https:\/\/ayaneo.co\/pt-pt\/wp-json\/wp\/v2\/types\/product"}],"wp:featuredmedia":[{"embeddable":true,"href":"https:\/\/ayaneo.co\/pt-pt\/wp-json\/wp\/v2\/media\/43484"}],"wp:attachment":[{"href":"https:\/\/ayaneo.co\/pt-pt\/wp-json\/wp\/v2\/media?parent=44896"}],"wp:term":[{"taxonomy":"product_brand","embeddable":true,"href":"https:\/\/ayaneo.co\/pt-pt\/wp-json\/wp\/v2\/product_brand?post=44896"},{"taxonomy":"product_cat","embeddable":true,"href":"https:\/\/ayaneo.co\/pt-pt\/wp-json\/wp\/v2\/product_cat?post=44896"},{"taxonomy":"product_tag","embeddable":true,"href":"https:\/\/ayaneo.co\/pt-pt\/wp-json\/wp\/v2\/product_tag?post=44896"}],"curies":[{"name":"wp","href":"https:\/\/api.w.org\/{rel}","templated":true}]}}