{"id":47520,"date":"2026-03-23T10:44:43","date_gmt":"2026-03-23T10:44:43","guid":{"rendered":"https:\/\/ayaneo.co\/product\/cabo-usb5-80gbps-240w-8k-60hz-compativel-com-thunderbolt-5\/"},"modified":"2026-04-24T10:31:42","modified_gmt":"2026-04-24T10:31:42","slug":"cabo-usb5-80gbps-240w-8k-60hz-compativel-com-thunderbolt-5","status":"publish","type":"product","link":"https:\/\/ayaneo.co\/pt-pt\/product\/cabo-usb5-80gbps-240w-8k-60hz-compativel-com-thunderbolt-5\/","title":{"rendered":"Cabo USB5 80Gbps 240W | 8K 60Hz compat\u00edvel com Thunderbolt 5"},"content":{"rendered":"\n<h2 class=\"wp-block-heading\">Cabo USB5 80Gbps 240W: A melhor solu\u00e7\u00e3o Thunderbolt 5 para fluxos de trabalho profissionais<\/h2>\n\n<p id=\"p-rc_98f34dcd8f33ef71-24\">O <strong>Cabo USB5 80Gbps 240W<\/strong> representa um salto monumental na tecnologia de conetividade para utilizadores avan\u00e7ados. Como o hardware moderno exige velocidades sem precedentes, este cabo foi concebido para cumprir as mais recentes normas Thunderbolt 5 e USB4 2.0. Proporciona uma enorme largura de banda bidirecional de 80 Gbps, o que duplica efetivamente o desempenho das gera\u00e7\u00f5es anteriores.  <sup><\/sup>  Consequentemente, podes agora transferir ficheiros de v\u00eddeo 8K maci\u00e7os ou bibliotecas de projectos numa fra\u00e7\u00e3o do tempo anteriormente necess\u00e1rio.<\/p>\n\n<h2 class=\"wp-block-heading\">Como \u00e9 que o cabo USB5 80Gbps 240W optimiza a configura\u00e7\u00e3o do teu monitor?<\/h2>\n\n<p id=\"p-rc_98f34dcd8f33ef71-25\">Os profissionais da \u00e1rea visual v\u00e3o achar que o <strong>Cabo USB5 80Gbps 240W<\/strong> \u00e9 uma ferramenta essencial para multitarefas de alta resolu\u00e7\u00e3o. Este cabo suporta o protocolo DisplayPort 2.1 avan\u00e7ado, permitindo uma sa\u00edda \u00fanica de 8K 60Hz ou mesmo configura\u00e7\u00f5es duplas de 8K. <sup><\/sup>  Al\u00e9m disso, a inovadora tecnologia &#8220;Bandwidth Boost\" pode reconfigurar as faixas de dados.<sup><\/sup>  Isto permite que o cabo forne\u00e7a at\u00e9 120 Gbps para tarefas de visualiza\u00e7\u00e3o pesada, mantendo um robusto 40 Gbps para retorno de dados.<sup><\/sup><\/p>\n\n<p>Os fluxos de trabalho profissionais s\u00e3o significativamente melhorados por esta flexibilidade. Enquanto um monitor de alta taxa de atualiza\u00e7\u00e3o est\u00e1 a ser conduzido, o <strong>Cabo USB5 80Gbps 240W<\/strong> assegura que o armazenamento externo continua a responder. Devido \u00e0 inclus\u00e3o da codifica\u00e7\u00e3o de sinal PAM3, a integridade dos dados \u00e9 mantida mesmo a estas velocidades impressionantes. Assim, os ecr\u00e3s intermitentes e a corrup\u00e7\u00e3o de dados tornam-se problemas do passado.   <\/p>\n\n<h2 class=\"wp-block-heading\">Fornecimento de energia de 240 W e qualidade de constru\u00e7\u00e3o incompar\u00e1veis<\/h2>\n\n<p id=\"p-rc_98f34dcd8f33ef71-26\">As capacidades de carregamento foram radicalmente melhoradas com esta nova norma. O <strong>Cabo USB5 80Gbps 240W<\/strong> suporta as mais recentes especifica\u00e7\u00f5es PD 3.1 Extended Power Range (EPR).<sup><\/sup> Isto significa que at\u00e9 240 W de pot\u00eancia s\u00e3o canalizados em seguran\u00e7a atrav\u00e9s do cabo para o teu dispositivo. Como resultado, at\u00e9 os port\u00e1teis para jogos mais exigentes em termos de energia podem ser carregados \u00e0 velocidade m\u00e1xima sem necessitarem de um conetor &#8220;tijolo\" propriet\u00e1rio.  <\/p>\n\n<p id=\"p-rc_98f34dcd8f33ef71-27\">A durabilidade foi claramente uma prioridade durante a conce\u00e7\u00e3o do <strong>Cabo USB5 80Gbps 240W<\/strong>. A cablagem interna est\u00e1 protegida por um escudo de liga tran\u00e7ada de alta densidade para minimizar a interfer\u00eancia electromagn\u00e9tica. <sup><\/sup>  Al\u00e9m disso, o revestimento exterior \u00e9 constru\u00eddo em TPE flex\u00edvel, que foi testado para suportar mais de 2.000 ciclos de flex\u00e3o.<sup><\/sup>  Uma vez que os conectores s\u00e3o niquelados, est\u00e3o classificados para mais de 10.000 inser\u00e7\u00f5es, garantindo uma liga\u00e7\u00e3o fi\u00e1vel durante anos.<\/p>\n\n<h2 class=\"wp-block-heading\">Prepara o teu equipamento para o futuro com o cabo USB5 80Gbps 240W<\/h2>\n\n<p id=\"p-rc_98f34dcd8f33ef71-28\">A compatibilidade nunca \u00e9 um problema com este acess\u00f3rio vers\u00e1til. Embora tenha sido concebido para o futuro, o <strong>Cabo USB5 80Gbps 240W<\/strong> \u00e9 totalmente compat\u00edvel com dispositivos <a href=\"https:\/\/www.intel.com\/content\/www\/us\/en\/gaming\/resources\/upgrade-gaming-accessories-thunderbolt-4.html\" target=\"_blank\" rel=\"noopener nofollow\" title=\"\">Thunderbolt 4<\/a> e<a href=\"https:\/\/www.thunderbolttechnology.net\/blog\/thunderbolt-3-usb-c-does-it-all\" target=\"_blank\" rel=\"noopener nofollow\" title=\"\"> Thunderbolt 3<\/a>. Tamb\u00e9m funciona perfeitamente com portas USB4, USB 3.2 e USB-C padr\u00e3o. Quer estejas a ligar uma eGPU de \u00faltima gera\u00e7\u00e3o atrav\u00e9s de PCIe 4.0 ou simplesmente a sincronizar um telem\u00f3vel, o desempenho \u00e9 sempre optimizado.   <\/p>\n\n<p>N\u00e3o deixes que uma cablagem de qualidade inferior bloqueie o teu hardware topo de gama e atrase o teu processo criativo. Deves assegurar o teu <strong>Cabo USB5 80Gbps 240W<\/strong> hoje mesmo para garantir que te mant\u00e9ns \u00e0 frente da curva. Os stocks desta tecnologia de \u00faltima gera\u00e7\u00e3o est\u00e3o a aumentar rapidamente, por isso age agora para garantir que a tua esta\u00e7\u00e3o de trabalho est\u00e1 pronta para a revolu\u00e7\u00e3o dos 80Gbps. Experimenta o auge da velocidade e da pot\u00eancia, encomendando hoje na nossa loja!   <\/p>\n\n<p><\/p>\n","protected":false},"excerpt":{"rendered":"<ul>\n<li><strong>80Gbps Pro Data<\/strong> - Transfer\u00eancias bidireccionais extremamente r\u00e1pidas para ficheiros enormes.<\/li>\n<li><strong>Carregamento EPR de 240 W<\/strong> - Suporte PD 3.1 completo para computadores port\u00e1teis de elevado desempenho.<\/li>\n<li><strong>Visuais 8K@60Hz<\/strong> - Ecr\u00e3 imersivo de 8K ou duplo 4K atrav\u00e9s de DisplayPort 2.1.<\/li>\n<li><strong>E-Mark Safety IC<\/strong> - O chipset inteligente garante uma alimenta\u00e7\u00e3o est\u00e1vel e com regula\u00e7\u00e3o t\u00e9rmica.<\/li>\n<li><strong>Liga de zinco e constru\u00e7\u00e3o entran\u00e7ada<\/strong> - Design refor\u00e7ado de alta qualidade para m\u00e1xima durabilidade.<\/li>\n<\/ul>\n[cg_accordion title=\"INFORMA\u00c7\u00d5ES DE PAGAMENTO\"]<\/p>\n<p>Utilizamos a tecnologia mais recente no processamento de pagamentos, o que te permite fazer o checkout atrav\u00e9s do Apple Pay, Google Pay, o teu cart\u00e3o de d\u00e9bito\/cr\u00e9dito, PayPal ou m\u00e9todos BNPL, como Klarna, Affirm ou AfterPay, para uma experi\u00eancia r\u00e1pida e segura.[\/cg_accordion]\n[cg_accordion title=\"GARANTIA\"]<\/p>\n<p>1 ano de garantia da <a href=\"https:\/\/droix.net\/\" target=\"_blank\" rel=\"nofollow noopener\">DROIX Global<\/a> para a tua paz de esp\u00edrito[\/cg_accordion]\n[cg_accordion title=\"GARANTIA DE QUALIDADE E ENSAIOS PR\u00c9-EXPEDI\u00c7\u00c3O\"]<\/p>\n<p>Garante a satisfa\u00e7\u00e3o do cliente ao mais alto n\u00edvel: Todos os aparelhos s\u00e3o submetidos a testes rigorosos e a uma verifica\u00e7\u00e3o de garantia de qualidade em v\u00e1rios pontos antes de serem enviados. A nossa equipa dedicada verifica o desempenho, a funcionalidade e a integridade dos componentes para garantir que o teu dispositivo AYANEO est\u00e1 em perfeitas condi\u00e7\u00f5es de funcionamento \u00e0 chegada, proporcionando-te confian\u00e7a e paz de esp\u00edrito. [\/cg_accordion]\n[cg_accordion title=\"PRE\u00c7OS, IMPOSTOS E ENVIO\"]<\/p>\n<p><strong><u>Nota:<\/u><\/strong><\/p>\n<ul>\n<li>Clientes dos Estados Unidos: O pre\u00e7o apresentado N\u00c3O inclui TAXAS nem impostos. O cliente \u00e9 respons\u00e1vel pelo desalfandegamento e pelo pagamento de quaisquer impostos ou taxas associadas. <\/li>\n<li>Clientes da UE: O pre\u00e7o apresentado inclui o IMPOSTO aplic\u00e1vel, que pode ir at\u00e9 25%, dependendo do teu pa\u00eds.<\/li>\n<li>Clientes do Canad\u00e1: O pre\u00e7o apresentado inclui os impostos aplic\u00e1veis, que podem incluir 5% de GST e impostos adicionais sobre vendas provinciais (PST), imposto sobre vendas harmonizado (HST) ou imposto sobre vendas do Quebeque (QST), dependendo da tua prov\u00edncia.<\/li>\n<\/ul>\n<p>Para os nossos clientes dos EUA: As encomendas s\u00e3o expedidas DAP (Delivered At Place). Embora os clientes sejam respons\u00e1veis pelo pagamento de quaisquer tarifas aplic\u00e1veis, baseamo-nos na nossa vasta experi\u00eancia de envio a partir do Reino Unido para garantir que pagas o m\u00ednimo poss\u00edvel. Com base nos nossos registos, estes encargos n\u00e3o excedem normalmente 10% do valor do artigo.  <\/p>\n<p><strong>APENAS para clientes da UE:<\/strong> Entrega expressa DDP (Delivered Duty Paid). Isto significa que: <\/p>\n<ul>\n<li>Todos os direitos aduaneiros e impostos est\u00e3o inclu\u00eddos no pre\u00e7o apresentado na p\u00e1gina do produto.<\/li>\n<li>N\u00e3o ter\u00e1s de pagar quaisquer encargos adicionais aquando da entrega.<\/li>\n<li>Na rara eventualidade de problemas relacionados com a alf\u00e2ndega, a nossa equipa tratar\u00e1 do processo de desalfandegamento em teu nome para garantir uma experi\u00eancia de entrega sem problemas.<\/li>\n<p>Informa\u00e7\u00f5es importantes sobre devolu\u00e7\u00f5es:<\/p>\n<li>Se decidires devolver a tua encomenda ou pedir um reembolso, tem em aten\u00e7\u00e3o que os impostos e direitos pagos em teu nome ao abrigo das condi\u00e7\u00f5es DDP n\u00e3o podem ser reembolsados.<\/li>\n<p>Consulta os nossos <a href=\"https:\/\/ayaneo.co\/pt-pt\/termos-de-servico\/\" target=\"_blank\" rel=\"nofollow noopener\">Termos e Condi\u00e7\u00f5es<\/a> para obteres informa\u00e7\u00f5es detalhadas.\n<\/ul>\n<p>[\/cg_accordion]\n[cg_accordion title=\"APOIO AO CLIENTE\"]<\/p>\n<p>Tens uma pergunta? Estamos a uma curta mensagem de texto de ter o teu problema resolvido! [\/cg_accordion]\n[cg_accordion title=\"O PACOTE INCLUI\"]<\/p>\n<ul>\n<li>1x Cabo USB5 Tipo C | 80Gbps 240W (1m)<\/li>\n<\/ul>\n<p>[\/cg_accordion]\n","protected":false},"featured_media":45911,"template":"","meta":{"_acf_changed":false},"product_brand":[],"product_cat":[1192],"product_tag":[],"class_list":{"0":"post-47520","1":"product","2":"type-product","3":"status-publish","4":"has-post-thumbnail","6":"product_cat-acessorios","7":"product_shipping_class-low-end","9":"first","10":"instock","11":"sale","12":"taxable","13":"shipping-taxable","14":"purchasable","15":"product-type-simple"},"acf":[],"_links":{"self":[{"href":"https:\/\/ayaneo.co\/pt-pt\/wp-json\/wp\/v2\/product\/47520","targetHints":{"allow":["GET"]}}],"collection":[{"href":"https:\/\/ayaneo.co\/pt-pt\/wp-json\/wp\/v2\/product"}],"about":[{"href":"https:\/\/ayaneo.co\/pt-pt\/wp-json\/wp\/v2\/types\/product"}],"wp:featuredmedia":[{"embeddable":true,"href":"https:\/\/ayaneo.co\/pt-pt\/wp-json\/wp\/v2\/media\/45911"}],"wp:attachment":[{"href":"https:\/\/ayaneo.co\/pt-pt\/wp-json\/wp\/v2\/media?parent=47520"}],"wp:term":[{"taxonomy":"product_brand","embeddable":true,"href":"https:\/\/ayaneo.co\/pt-pt\/wp-json\/wp\/v2\/product_brand?post=47520"},{"taxonomy":"product_cat","embeddable":true,"href":"https:\/\/ayaneo.co\/pt-pt\/wp-json\/wp\/v2\/product_cat?post=47520"},{"taxonomy":"product_tag","embeddable":true,"href":"https:\/\/ayaneo.co\/pt-pt\/wp-json\/wp\/v2\/product_tag?post=47520"}],"curies":[{"name":"wp","href":"https:\/\/api.w.org\/{rel}","templated":true}]}}