{"id":16429,"date":"2025-01-23T10:39:56","date_gmt":"2025-01-23T10:39:56","guid":{"rendered":"https:\/\/ayaneo.co\/product\/ayaneo-protector-de-ecran-pocket-micro\/"},"modified":"2025-12-04T11:27:59","modified_gmt":"2025-12-04T11:27:59","slug":"ayaneo-protector-de-ecran-pocket-micro","status":"publish","type":"product","link":"https:\/\/ayaneo.co\/ro\/product\/ayaneo-protector-de-ecran-pocket-micro\/","title":{"rendered":"AYANEO Pocket Micro Protector de ecran"},"content":{"rendered":"\n<h2 class=\"wp-block-heading\">Prezentare general\u0103 a produsului:<\/h2>\n\n<p><strong>Protectorul de ecran AYANEO Pocket Micro<\/strong> este conceput pentru a proteja ecranul consolei dvs. p\u0103str\u00e2nd \u00een acela\u0219i timp calitatea cristalin\u0103 a afi\u0219ajului. Cu propriet\u0103\u021bi rezistente la zg\u00e2rieturi \u0219i la murd\u0103rie, asigur\u0103 imagini de joc ne\u00eentrerupte, p\u0103str\u00e2nd \u00een acela\u0219i timp ecranul protejat de uzura zilnic\u0103. <\/p>\n\n<ol class=\"wp-block-list\">\n<li><strong>Tailored Fit<\/strong> pentru AYANEO Pocket Micro.<\/li>\n\n\n\n<li><strong>Suprafa\u021b\u0103<\/strong> durabil\u0103 \u0219i <strong>rezistent\u0103 la zg\u00e2rieturi<\/strong>.<\/li>\n\n\n\n<li>Material ultra clar pentru <strong>imagini de joc vii<\/strong>.<\/li>\n\n\n\n<li>\u00cenveli\u0219 rezistent la pete pentru un <strong>afi\u0219aj curat \u0219i clar<\/strong>.<\/li>\n\n\n\n<li>Instalare u\u0219oar\u0103, f\u0103r\u0103 bule, pentru <strong>o aplicare f\u0103r\u0103 complica\u021bii<\/strong>.<\/li>\n<\/ol>\n\n<h2 class=\"wp-block-heading\">De ce s\u0103 alege\u021bi AYANEO Pocket Micro Screen Protector?<\/h2>\n\n<p>Proteja\u021bi ecranul consolei dvs. de jocuri cu o protec\u021bie care ofer\u0103 claritate \u0219i durabilitate. Protectorul de ecran AYANEO Pocket Micro este perfect pentru juc\u0103torii care doresc s\u0103 se bucure de imagini vii \u00een timp ce \u00ee\u0219i protejeaz\u0103 consola de zg\u00e2rieturi, pete \u0219i amprente. <\/p>\n\n<hr class=\"wp-block-separator has-alpha-channel-opacity\"\/>\n\n<h4 class=\"wp-block-heading\">Specifica\u021bii:<\/h4>\n\n<ul class=\"wp-block-list\">\n<li><strong>Material:<\/strong> Sticl\u0103 c\u0103lit\u0103 sau film premium<\/li>\n\n\n\n<li><strong>Compatibilitate:<\/strong> AYANEO Pocket Micro Console<\/li>\n\n\n\n<li><strong>Caracteristici:<\/strong> Aplicare anti-zg\u00e2rieturi, anti-stropire, f\u0103r\u0103 bule<\/li>\n<\/ul>\n\n<p>\u00cembun\u0103t\u0103\u021be\u0219te-\u021bi experien\u021ba de joc cu AYANEO Pocket Micro Screen Protector - pentru c\u0103 consola ta merit\u0103 ce e mai bun!<\/p>\n","protected":false},"excerpt":{"rendered":"<ul>\n<li><strong>Tailored Fit<\/strong> pentru AYANEO Pocket Micro.<\/li>\n<li><strong>Suprafa\u021b\u0103<\/strong> durabil\u0103 \u0219i <strong>rezistent\u0103 la zg\u00e2rieturi<\/strong>.<\/li>\n<li>Material ultra clar pentru <strong>imagini de joc vii<\/strong>.<\/li>\n<li>\u00cenveli\u0219 rezistent la pete pentru un <strong>afi\u0219aj curat \u0219i clar<\/strong>.<\/li>\n<li>Instalare u\u0219oar\u0103, f\u0103r\u0103 bule, pentru <strong>o aplicare f\u0103r\u0103 complica\u021bii<\/strong>.<\/li>\n<\/ul>\n[cg_accordion title=\"INFORMA\u021aII PRIVIND PLATA\"]<\/p>\n<p>Utiliz\u0103m cea mai recent\u0103 tehnologie de procesare a pl\u0103\u021bilor, care v\u0103 permite s\u0103 efectua\u021bi plata prin Apple Pay, Google Pay, cardul dvs. de debit\/credit, PayPal sau metode BNPL precum Klarna, Affirm sau AfterPay pentru o experien\u021b\u0103 rapid\u0103 \u0219i sigur\u0103.[\/cg_accordion]\n[cg_accordion title=\"GARAN\u021aIE\"]<\/p>\n<p>Garan\u021bie de 1 an de la <a href=\"https:\/\/droix.net\/\" target=\"_blank\" rel=\"nofollow noopener\">DROIX Global<\/a> pentru lini\u0219tea dumneavoastr\u0103[\/cg_accordion]\n[cg_accordion title=\"ASIGURAREA CALIT\u0102\u021aII \u0218I TESTAREA \u00ceNAINTE DE EXPEDIERE\"]<\/p>\n<p>Asigurarea satisfac\u021biei clien\u021bilor la cel mai \u00eenalt standard: Fiecare dispozitiv este supus unor teste riguroase \u0219i unei verific\u0103ri de asigurare a calit\u0103\u021bii \u00een mai multe puncte \u00eenainte de a fi expediat. Echipa noastr\u0103 dedicat\u0103 verific\u0103 performan\u021ba, func\u021bionalitatea \u0219i integritatea componentelor pentru a v\u0103 garanta c\u0103 dispozitivul AYANEO este \u00een stare perfect\u0103 de func\u021bionare la sosire, oferindu-v\u0103 \u00eencredere \u0219i lini\u0219te sufleteasc\u0103. [\/cg_accordion]\n[cg_accordion title=\"PRE\u021aURI, TAXE \u0218I TRANSPORT\"]<\/p>\n<p><strong><u>Not\u0103:<\/u><\/strong><\/p>\n<ul>\n<li>Clien\u021bii din Statele Unite ale Americii: Pre\u021bul afi\u0219at NU include TAXE sau taxe vamale. Responsabilitatea de a v\u0103mui \u0219i de a pl\u0103ti orice tax\u0103\/tax\u0103 asociat\u0103 revine clientului. <\/li>\n<li>Clien\u021bii din UE: Pre\u021bul afi\u0219at include TAXA aplicabil\u0103, care poate fi de p\u00e2n\u0103 la 25% \u00een func\u021bie de \u021bara dumneavoastr\u0103.<\/li>\n<li>Clien\u021bii din Canada: Pre\u021bul afi\u0219at include taxele aplicabile, care pot include 5% GST \u0219i taxe de v\u00e2nzare provinciale suplimentare (PST), taxa de v\u00e2nzare armonizat\u0103 (HST) sau taxa de v\u00e2nzare din Quebec (QST), \u00een func\u021bie de provincia dumneavoastr\u0103.<\/li>\n<\/ul>\n<p><strong>Doar pentru clien\u021bii din UE:<\/strong> Express DDP (Delivered Duty Paid). Aceasta \u00eenseamn\u0103 c\u0103: <\/p>\n<ul>\n<li>Toate taxele vamale \u0219i impozitele sunt incluse \u00een pre\u021bul afi\u0219at pe pagina produsului.<\/li>\n<li>Nu va trebui s\u0103 pl\u0103ti\u021bi nicio tax\u0103 suplimentar\u0103 la livrare.<\/li>\n<li>\u00cen cazul rar al unor probleme legate de vam\u0103, echipa noastr\u0103 se va ocupa de procesul de v\u0103muire \u00een numele dvs. pentru a asigura o livrare f\u0103r\u0103 probleme.<\/li>\n<p>Informa\u021bii importante despre retururi:<\/p>\n<li>Dac\u0103 decide\u021bi s\u0103 returna\u021bi comanda sau s\u0103 solicita\u021bi o rambursare, v\u0103 rug\u0103m s\u0103 re\u021bine\u021bi c\u0103 taxele \u0219i impozitele pl\u0103tite \u00een numele dvs. \u00een conformitate cu termenii DDP nu pot fi rambursate.<\/li>\n<p>V\u0103 rug\u0103m s\u0103 consulta\u021bi <a href=\"https:\/\/ayaneo.co\/ro\/termeni-de-serviciu\/\" target=\"_blank\" rel=\"nofollow noopener\">Termenii \u0219i condi\u021biile<\/a> noastre pentru informa\u021bii detaliate.\n<\/ul>\n<p>[\/cg_accordion]\n[cg_accordion title=\"ASISTEN\u021a\u0102 PENTRU CLIEN\u021aI\"]<\/p>\n<p>Ave\u021bi o \u00eentrebare? Suntem la un scurt mesaj distan\u021b\u0103 de rezolvarea problemei tale! [\/cg_accordion]\n[cg_accordion title=\"PACHETUL INCLUDE\"]<\/p>\n<ul>\n<li>1x AYANEO Pocket Micro Protector de ecran<\/li>\n<\/ul>\n<p>[\/cg_accordion]\n","protected":false},"featured_media":16432,"template":"","meta":{"_acf_changed":false},"product_brand":[],"product_cat":[1201],"product_tag":[],"class_list":{"0":"post-16429","1":"product","2":"type-product","3":"status-publish","4":"has-post-thumbnail","6":"product_cat-fara-categorie","7":"product_shipping_class-low-end","8":"pa_accessory-type-screen-protector-ro","9":"pa_brand-ayaneo","11":"first","12":"outofstock","13":"sale","14":"taxable","15":"shipping-taxable","16":"purchasable","17":"product-type-variable","18":"has-default-attributes"},"acf":[],"_links":{"self":[{"href":"https:\/\/ayaneo.co\/ro\/wp-json\/wp\/v2\/product\/16429","targetHints":{"allow":["GET"]}}],"collection":[{"href":"https:\/\/ayaneo.co\/ro\/wp-json\/wp\/v2\/product"}],"about":[{"href":"https:\/\/ayaneo.co\/ro\/wp-json\/wp\/v2\/types\/product"}],"wp:featuredmedia":[{"embeddable":true,"href":"https:\/\/ayaneo.co\/ro\/wp-json\/wp\/v2\/media\/16432"}],"wp:attachment":[{"href":"https:\/\/ayaneo.co\/ro\/wp-json\/wp\/v2\/media?parent=16429"}],"wp:term":[{"taxonomy":"product_brand","embeddable":true,"href":"https:\/\/ayaneo.co\/ro\/wp-json\/wp\/v2\/product_brand?post=16429"},{"taxonomy":"product_cat","embeddable":true,"href":"https:\/\/ayaneo.co\/ro\/wp-json\/wp\/v2\/product_cat?post=16429"},{"taxonomy":"product_tag","embeddable":true,"href":"https:\/\/ayaneo.co\/ro\/wp-json\/wp\/v2\/product_tag?post=16429"}],"curies":[{"name":"wp","href":"https:\/\/api.w.org\/{rel}","templated":true}]}}