{"id":16531,"date":"2025-01-28T11:05:14","date_gmt":"2025-01-28T11:05:14","guid":{"rendered":"https:\/\/ayaneo.co\/product\/monitor-portabil-droix-pm14-4k\/"},"modified":"2025-05-30T15:56:57","modified_gmt":"2025-05-30T15:56:57","slug":"monitor-portabil-droix-pm14-4k","status":"publish","type":"product","link":"https:\/\/ayaneo.co\/ro\/product\/monitor-portabil-droix-pm14-4k\/","title":{"rendered":"Monitor portabil DroiX PM14 4K"},"content":{"rendered":"\n<div class=\"wp-block-columns is-layout-flex wp-container-core-columns-is-layout-28f84493 wp-block-columns-is-layout-flex\">\n<div class=\"wp-block-column is-layout-flow wp-block-column-is-layout-flow\" style=\"flex-basis:33.33%\">\n<figure class=\"wp-block-image size-large\"><a href=\"https:\/\/droix.net\/wp-content\/uploads\/2024\/05\/DROIX-PM14-LISTING-V2-DONE-01-NON-TOUCH.png\" target=\"_blank\" rel=\"noopener\"><img decoding=\"async\" src=\"https:\/\/droix.net\/wp-content\/uploads\/2024\/05\/DROIX-PM14-LISTING-V2-DONE-01-NON-TOUCH-1024x1024.png\" alt=\"Imagine a modelului DroiX Monitor portabil, 14 inch, 4K, Ultra Thin&quot;\" class=\"wp-image-179745\"\/><\/a><\/figure>\n<\/div>\n\n\n\n<div class=\"wp-block-column is-layout-flow wp-block-column-is-layout-flow\" style=\"flex-basis:66.66%\">\n<h3 class=\"wp-block-heading\"><strong>DroiX PM14 - Monitor portabil ultra-sub\u021bire 4K de 14,0 inch<\/strong><\/h3>\n\n\n\n<p>Descoperi\u021bi progresele de ultim\u0103 or\u0103 \u00een tehnologia de afi\u0219are cu DroiX PM14, un monitor portabil ultra-sub\u021bire de 14,0 inchi, disponibil \u00een variante cu ecran tactil \u0219i f\u0103r\u0103 ecran tactil. Acest dispozitiv inovator stabile\u0219te un nou punct de referin\u021b\u0103 \u00een calculul mobil, combin\u00e2nd performan\u021bele robuste cu portabilitatea excep\u021bional\u0103 \u0219i un design modern. Fie c\u0103 sunte\u021bi un profesionist sau un entuziast al divertismentului, monitorul portabil DroiX PM14 4K este creat pentru a se integra perfect \u00een stilul dvs. de via\u021b\u0103 dinamic, oferind versatilitate esen\u021bial\u0103 indiferent dac\u0103 sunte\u021bi acas\u0103, la birou sau \u00een mi\u0219care.  <\/p>\n<\/div>\n<\/div>\n\n<h3 class=\"wp-block-heading\"><strong>Prezentare general\u0103 a produsului<\/strong><\/h3>\n\n<figure class=\"wp-block-image aligncenter size-large\"><a href=\"https:\/\/droix.net\/wp-content\/uploads\/2024\/04\/1080P-FHD.jpg\" target=\"_blank\" rel=\"noopener\"><img decoding=\"async\" src=\"https:\/\/droix.net\/wp-content\/uploads\/2024\/04\/1080P-FHD-1024x420.jpg\" alt=\"Imagine monitor portabil DroiX, 14 inch, 4K, Ultra Thin, cu o rezolu&#x21B;ie UHD de 3840x2160 cu culori vibrante &#x219;i detalii incredibile, gam&#x103; de culori DCI-P3 100% &#x219;i suport HDR400\" class=\"wp-image-178360\"\/><\/a><\/figure>\n\n<p>Monitorul portabil DroiX PM14 prezint\u0103 ingineria modern\u0103 la cel mai \u00eenalt nivel, oferind o rezolu\u021bie UHD vie de 3840&#215;2160 care aduce con\u021binutul la via\u021b\u0103 cu culori vibrante \u0219i detalii excep\u021bionale. Dispun\u00e2nd de o gam\u0103 de culori DCI-P3 de 100% \u0219i suport HDR400, acesta ofer\u0103 imagini uimitoare caracterizate prin negri profunzi \u0219i alb str\u0103lucitor. Profilul s\u0103u sub\u021bire \u0219i designul u\u0219or asigur\u0103 portabilitatea maxim\u0103, f\u0103r\u0103 a compromite calitatea sau performan\u021ba.  <\/p>\n\n<figure class=\"wp-block-image aligncenter size-large\"><a href=\"https:\/\/droix.net\/wp-content\/uploads\/2024\/04\/Color.jpg\" target=\"_blank\" rel=\"noopener\"><img decoding=\"async\" src=\"https:\/\/droix.net\/wp-content\/uploads\/2024\/04\/Color-1024x406.jpg\" alt=\"Imaginea monitorului portabil DroiX, 14 inch, 4K, Ultra Thin, cu gam&#x103; de culori DCI-P3 100% &#x219;i suport HDR400 pentru imagini uimitoare cu negru profund &#x219;i alb str&#x103;lucitor. Profil sub&#x21B;ire &#x219;i design u&#x219;or pentru portabilitate maxim&#x103;, f&#x103;r&#x103; a sacrifica calitatea sau performan&#x21B;a. \" class=\"wp-image-178361\"\/><\/a><\/figure>\n\n<p>Proiectat cu excelen\u021b\u0103 ergonomic\u0103, DroiX PM14 se m\u00e2ndre\u0219te cu o roti\u021b\u0103 de control u\u0219or de utilizat \u0219i op\u021biuni de conectivitate versatile precum Mini HDMI \u0219i mai multe porturi USB-C. Acest lucru \u00eel face adaptabil pentru toate dispozitivele dvs., fie c\u0103 juca\u021bi pe PlayStation, edita\u021bi videoclipuri pe Mac sau prezenta\u021bi de pe laptop. PM14 se integreaz\u0103 perfect \u00een orice configura\u021bie, oferind un consum redus de energie \u0219i performan\u021be de \u00eenalt\u0103 eficien\u021b\u0103, astfel \u00eenc\u00e2t s\u0103 pute\u021bi lucra mai mult timp f\u0103r\u0103 s\u0103 v\u0103 \u00eengrijora\u021bi de desc\u0103rcarea bateriilor dispozitivelor dvs.  <\/p>\n\n<figure class=\"wp-block-image aligncenter size-large\"><a href=\"https:\/\/droix.net\/wp-content\/uploads\/2024\/04\/Modes.jpg\" target=\"_blank\" rel=\"noopener\"><img decoding=\"async\" src=\"https:\/\/droix.net\/wp-content\/uploads\/2024\/04\/Modes-1024x419.jpg\" alt=\"Image of DroiX Monitor portabil, 14 inch, 4K, Ultra Thin, compatibil cu laptopuri, Mac, smartphone-uri, tablete, PC-uri, PS3\/4\/5, Xbox &#x219;i Switc\" class=\"wp-image-178357\"\/><\/a><\/figure>\n\n<h3 class=\"wp-block-heading\"><strong>Caracteristici detaliate<\/strong><\/h3>\n\n<ul class=\"wp-block-list\">\n<li>Performan\u021b\u0103: Monitorul portabil DroiX PM14 4K exceleaz\u0103 \u00een furnizarea unei experien\u021be de vizionare receptive \u0219i imersive cu o rat\u0103 de re\u00eemprosp\u0103tare de 60 Hz \u0219i o vitez\u0103 de r\u0103spuns de 2,5 ms, asigur\u00e2nd o mi\u0219care lin\u0103 \u0219i imagini clare chiar \u0219i \u00een timpul scenelor de mare vitez\u0103. Acesta ofer\u0103 o luminan\u021b\u0103 de 500 cd\/m\u00b2 \u0219i un raport de contrast de 1500:1, asigur\u00e2nd o vizibilitate excelent\u0103 \u00een diverse condi\u021bii de iluminare. <\/li>\n\n\n\n<li>Conectivitate: DroiX PM14 ofer\u0103 op\u021biuni de conectivitate versatile, cu dou\u0103 porturi USB-C pentru alimentare \u0219i transfer de date video, un port USB-C suplimentar pentru periferice precum tastaturi \u0219i \u0219oareci, un port Mini HDMI pentru conexiuni video conven\u021bionale \u0219i o muf\u0103 audio pentru ascultare privat\u0103.<\/li>\n<\/ul>\n\n<figure class=\"wp-block-image aligncenter size-large\"><a href=\"https:\/\/droix.net\/wp-content\/uploads\/2024\/04\/interface.jpg\" target=\"_blank\" rel=\"noopener\"><img decoding=\"async\" src=\"https:\/\/droix.net\/wp-content\/uploads\/2024\/04\/interface-1024x1024.jpg\" alt=\"Imagine a monitorului portabil DroiX PM14, care accept&#x103; o gam&#x103; larg&#x103; de dispozitive HDMI &#x219;i Type-C, &#xEE;mbun&#x103;t&#x103;&#x21B;ind compatibilitatea &#xEE;n ecosistemele digitale. Ideal pentru gameri, profesioni&#x219;ti creativi pe Mac &#x219;i profesioni&#x219;ti de afaceri care au nevoie de un ecran suplimentar. U&#x219;or de utilizat pentru Windows, cu configurare plug-and-play pentru o utilizare f&#x103;r&#x103; probleme  \" class=\"wp-image-178362\"\/><\/a><\/figure>\n\n<h3 class=\"wp-block-heading\"><strong>Experien\u021ba utilizatorului<\/strong><\/h3>\n\n<p>DroiX PM14 suport\u0103 o gam\u0103 extins\u0103 de dispozitive HDMI \u0219i Type-C, asigur\u00e2nd compatibilitatea \u00een diverse ecosisteme digitale. Fie c\u0103 sunte\u021bi un gamer care caut\u0103 un monitor portabil, un profesionist creativ care utilizeaz\u0103 un Mac sau un director de afaceri care are nevoie de un ecran suplimentar pentru prezent\u0103ri, PM14 se adapteaz\u0103 f\u0103r\u0103 efort pentru a v\u0103 satisface nevoile. Acesta exceleaz\u0103 \u00een mediile Windows cu configura\u021bia sa plug-and-play u\u0219or de utilizat, permi\u021b\u00e2ndu-v\u0103 s\u0103 trece\u021bi f\u0103r\u0103 probleme la munc\u0103 sau joac\u0103.  <\/p>\n\n<figure class=\"wp-block-image aligncenter size-large\"><a href=\"https:\/\/droix.net\/wp-content\/uploads\/2024\/04\/portable1.jpg\" target=\"_blank\" rel=\"noopener\"><img decoding=\"async\" src=\"https:\/\/droix.net\/wp-content\/uploads\/2024\/04\/portable1-1024x483.jpg\" alt=\"Imagine a monitorului portabil DroiX, 14 inch, 4K, ultra sub&#x21B;ire, u&#x219;or &#x219;i portabil\" class=\"wp-image-178358\"\/><\/a><\/figure>\n\n<h3 class=\"wp-block-heading\"><strong>Concluzie<\/strong><\/h3>\n\n<p>Monitorul portabil DroiX PM14 reprezint\u0103 o solu\u021bie de ultim\u0103 or\u0103 care \u00eembin\u0103 func\u021bionalitatea superb\u0103, designul excep\u021bional \u0219i libertatea portabilit\u0103\u021bii. Merge dincolo de a fi doar un monitor; este o poart\u0103 de acces c\u0103tre \u00eembun\u0103t\u0103\u021birea productivit\u0103\u021bii \u0219i a experien\u021belor de divertisment oriunde v-a\u021bi afla. <\/p>\n\n<p>Descoperi\u021bi viitorul monitoarelor portabile pentru laptopuri cu DroiX PM14. Nu rata\u021bi acest eveniment - rezerva\u021bi-l acum pentru a v\u0103 asigura unitatea \u0219i pentru a fi printre primii care v\u0103 \u00eembun\u0103t\u0103\u021besc experien\u021ba de vizionare \u00een mi\u0219care! <\/p>\n","protected":false},"excerpt":{"rendered":"<ul>\n<li>Ecran 4K 14&#8243;<strong> HDR400<\/strong> <\/li>\n<li>100%<strong> DCI-P3<\/strong> acoperire<\/li>\n<li>500 <strong>Nits<\/strong> luminozitate<\/li>\n<li>Kickstand <strong> \u00eencorporat<\/strong><\/li>\n<li>  Difuzoare <strong> \u00eencorporate<\/strong> <\/li>\n<\/ul>\n[cg_accordion title=\"INFORMA\u021aII PRIVIND PLATA\"]<\/p>\n<p>Utiliz\u0103m cea mai recent\u0103 tehnologie de procesare a pl\u0103\u021bilor, care v\u0103 permite s\u0103 efectua\u021bi plata prin Apple Pay, Google Pay, cardul dvs. de debit\/credit, PayPal sau metode BNPL precum Klarna, Affirm sau AfterPay pentru o experien\u021b\u0103 rapid\u0103 \u0219i sigur\u0103.[\/cg_accordion]\n[cg_accordion title=\"GARAN\u021aIE\"]<\/p>\n<p>Garan\u021bie de 1 an de la <a href=\"https:\/\/droix.net\/\" target=\"_blank\" rel=\"nofollow noopener\">DROIX Global<\/a> pentru lini\u0219tea dumneavoastr\u0103[\/cg_accordion]\n[cg_accordion title=\"PRE\u021aURI, TAXE \u0218I TRANSPORT\"]<\/p>\n<p><strong><u>Not\u0103:<\/u><\/strong><\/p>\n<ul>\n<li>Clien\u021bii din Statele Unite ale Americii: Pre\u021bul afi\u0219at NU include TAXE sau taxe vamale. Responsabilitatea de a v\u0103mui \u0219i de a pl\u0103ti orice tax\u0103\/tax\u0103 asociat\u0103 revine clientului. <\/li>\n<li>Clien\u021bii din UE: Pre\u021bul afi\u0219at include TAXA aplicabil\u0103, care poate fi de p\u00e2n\u0103 la 25% \u00een func\u021bie de \u021bara dumneavoastr\u0103.<\/li>\n<li>Clien\u021bii din Canada: Pre\u021bul afi\u0219at include taxele aplicabile, care pot include 5% GST \u0219i taxe de v\u00e2nzare provinciale suplimentare (PST), taxa de v\u00e2nzare armonizat\u0103 (HST) sau taxa de v\u00e2nzare din Quebec (QST), \u00een func\u021bie de provincia dumneavoastr\u0103.<\/li>\n<\/ul>\n<p><strong>Doar pentru clien\u021bii din UE:<\/strong> Express DDP (Delivered Duty Paid). Aceasta \u00eenseamn\u0103 c\u0103: <\/p>\n<ul>\n<li>Toate taxele vamale \u0219i impozitele sunt incluse \u00een pre\u021bul afi\u0219at pe pagina produsului.<\/li>\n<li>Nu va trebui s\u0103 pl\u0103ti\u021bi nicio tax\u0103 suplimentar\u0103 la livrare.<\/li>\n<li>\u00cen cazul rar al unor probleme legate de vam\u0103, echipa noastr\u0103 se va ocupa de procesul de v\u0103muire \u00een numele dvs. pentru a asigura o livrare f\u0103r\u0103 probleme.<\/li>\n<p>Informa\u021bii importante despre retururi:<\/p>\n<li>Dac\u0103 decide\u021bi s\u0103 returna\u021bi comanda sau s\u0103 solicita\u021bi o rambursare, v\u0103 rug\u0103m s\u0103 re\u021bine\u021bi c\u0103 taxele \u0219i impozitele pl\u0103tite \u00een numele dvs. \u00een conformitate cu termenii DDP nu pot fi rambursate.<\/li>\n<p>V\u0103 rug\u0103m s\u0103 consulta\u021bi <a href=\"https:\/\/ayaneo.co\/ro\/termeni-de-serviciu\/\" target=\"_blank\" rel=\"nofollow noopener\">Termenii \u0219i condi\u021biile<\/a> noastre pentru informa\u021bii detaliate.\n<\/ul>\n<p>[\/cg_accordion]\n[cg_accordion title=\"ASISTEN\u021a\u0102 PENTRU CLIEN\u021aI\"]<\/p>\n<p>Ave\u021bi o \u00eentrebare? Suntem la un scurt mesaj distan\u021b\u0103 de rezolvarea problemei tale!<br \/>\n[\/cg_accordion]\n","protected":false},"featured_media":16546,"template":"","meta":{"_acf_changed":false},"product_brand":[],"product_cat":[1212],"product_tag":[],"class_list":{"0":"post-16531","1":"product","2":"type-product","3":"status-publish","4":"has-post-thumbnail","6":"product_cat-monitoare-portabile","7":"product_shipping_class-standard","8":"pa_brand-droix","10":"first","11":"outofstock","12":"sale","13":"taxable","14":"shipping-taxable","15":"purchasable","16":"product-type-variable","17":"has-default-attributes"},"acf":[],"_links":{"self":[{"href":"https:\/\/ayaneo.co\/ro\/wp-json\/wp\/v2\/product\/16531","targetHints":{"allow":["GET"]}}],"collection":[{"href":"https:\/\/ayaneo.co\/ro\/wp-json\/wp\/v2\/product"}],"about":[{"href":"https:\/\/ayaneo.co\/ro\/wp-json\/wp\/v2\/types\/product"}],"wp:featuredmedia":[{"embeddable":true,"href":"https:\/\/ayaneo.co\/ro\/wp-json\/wp\/v2\/media\/16546"}],"wp:attachment":[{"href":"https:\/\/ayaneo.co\/ro\/wp-json\/wp\/v2\/media?parent=16531"}],"wp:term":[{"taxonomy":"product_brand","embeddable":true,"href":"https:\/\/ayaneo.co\/ro\/wp-json\/wp\/v2\/product_brand?post=16531"},{"taxonomy":"product_cat","embeddable":true,"href":"https:\/\/ayaneo.co\/ro\/wp-json\/wp\/v2\/product_cat?post=16531"},{"taxonomy":"product_tag","embeddable":true,"href":"https:\/\/ayaneo.co\/ro\/wp-json\/wp\/v2\/product_tag?post=16531"}],"curies":[{"name":"wp","href":"https:\/\/api.w.org\/{rel}","templated":true}]}}