{"id":16713,"date":"2025-01-29T11:23:32","date_gmt":"2025-01-29T11:23:32","guid":{"rendered":"https:\/\/ayaneo.co\/product\/statie-de-andocare-sd1\/"},"modified":"2025-05-30T15:57:33","modified_gmt":"2025-05-30T15:57:33","slug":"statie-de-andocare-sd1","status":"publish","type":"product","link":"https:\/\/ayaneo.co\/ro\/product\/statie-de-andocare-sd1\/","title":{"rendered":"Sta\u021bie de andocare SD1"},"content":{"rendered":"\n<h2 class=\"wp-block-heading\"><strong>SD1 Docking Station: Descoperi\u021bi adev\u0103rata putere a jocurilor portabile!<\/strong><\/h2>\n\n<h4 class=\"wp-block-heading\"><strong>Poarta dvs. c\u0103tre jocuri f\u0103r\u0103 \u00eentreruperi<\/strong><\/h4>\n\n<p>Transforma\u021bi-v\u0103 experien\u021ba jocurilor portabile cu <strong>sta\u021bia de andocare SD1 - cel<\/strong>mai bun companion pentru PC-urile portabile pentru jocuri. Conceput cu g\u00e2ndul la juc\u0103tori, SD1 \u00eembun\u0103t\u0103\u021be\u0219te performan\u021ba, conectivitatea \u0219i confortul, asigur\u00e2nd c\u0103 fiecare sesiune de joc este perfect\u0103. De la <strong>Steam Deck<\/strong> la <strong>AYA NEO Geek 1S<\/strong>, aceast\u0103 sta\u021bie de andocare ofer\u0103 o versatilitate de neegalat. Doar andoca\u021bi, conecta\u021bi prin USB Type-C \u0219i l\u0103sa\u021bi SD1 s\u0103 v\u0103 ridice jocurile la noi \u00een\u0103l\u021bimi.   <\/p>\n\n<h4 class=\"wp-block-heading\"><strong>Performan\u021b\u0103 Internet rapid\u0103 ca fulgerul<\/strong><\/h4>\n\n<p>R\u0103m\u00e2i \u00een fa\u021b\u0103 \u00een fiecare b\u0103t\u0103lie cu <strong>portul Gigabit Ethernet RJ45<\/strong> al SD1, care ofer\u0103 viteze ame\u021bitoare de p\u00e2n\u0103 la <strong>1000M<\/strong>. Ia-\u021bi adio de la lag \u0219i salut\u0103 un gameplay fluid, \u00een timp real. Fie c\u0103 explora\u021bi lumi expansive sau concura\u021bi \u00een meciuri multiplayer cu mize mari, SD1 garanteaz\u0103 o <strong>conexiune stabil\u0103, f\u0103r\u0103 \u00eentreruperi,<\/strong> atunci c\u00e2nd conteaz\u0103 cel mai mult.  <\/p>\n\n<h4 class=\"wp-block-heading\"><strong>Imagini imersive 4K<\/strong><\/h4>\n\n<p>Scufunda\u021bi-v\u0103 \u00een detalii uimitoare \u0219i culori vibrante cu <strong>ie\u0219irea HDMI 2.0<\/strong> a SD1. Suport\u00e2nd o <strong>rezolu\u021bie de<\/strong> p\u00e2n\u0103 la <strong>4096&#215;2160 la 60Hz<\/strong>, aceast\u0103 sta\u021bie de andocare v\u0103 transform\u0103 jocurile \u00een experien\u021be vizuale uluitoare. Fiecare cadru este clar, neted \u0219i plin de via\u021b\u0103, f\u0103c\u00e2nd titlurile tale preferate \u0219i mai captivante.  <\/p>\n\n<h4 class=\"wp-block-heading\"><strong>Puterea care te men\u021bine \u00een joc<\/strong><\/h4>\n\n<p>Gata cu \u00eentreruperile \u00een mijlocul jocului! Cu <strong>\u00eenc\u0103rcarea<\/strong> sa <strong>Power Delivery (PD) de 100 W<\/strong>, SD1 asigur\u0103 c\u0103 dispozitivul dvs. r\u0103m\u00e2ne alimentat chiar \u0219i \u00een timpul sesiunilor maraton de jocuri. Juca\u021bi cu \u00eencredere, \u0219tiind c\u0103 PC-ul dvs. portabil pentru jocuri este \u00eenc\u0103rcat continuu \u0219i gata de performan\u021b\u0103.  <\/p>\n\n<h4 class=\"wp-block-heading\"><strong>Extinde\u021bi-v\u0103 configura\u021bia cu porturi multiple<\/strong><\/h4>\n\n<p>Conecta\u021bi-v\u0103 ca un profesionist! SD1 este echipat cu <strong>trei porturi USB Type-A 3.0<\/strong>, permi\u021b\u00e2ndu-v\u0103 s\u0103 conecta\u021bi periferice precum controlere, c\u0103\u0219ti sau stocare extern\u0103. Bucura\u021bi-v\u0103 de <strong>transferuri de date rapide ca fulgerul<\/strong> \u0219i de multitasking f\u0103r\u0103 efort, f\u0103r\u0103 aglomera\u021bia de adaptoare suplimentare.  <\/p>\n\n<h4 class=\"wp-block-heading\"><strong>Conectivitate de nivel urm\u0103tor<\/strong><\/h4>\n\n<p>Experimenta\u021bi conexiuni stabile \u0219i de mare vitez\u0103 cu <strong>interfa\u021ba USB Type-C<\/strong> a SD1, proiectat\u0103 pentru compatibilitate \u0219i eficien\u021b\u0103 universal\u0103. Fie c\u0103 transfera\u021bi date sau v\u0103 alimenta\u021bi dispozitivul, SD1 ofer\u0103 o solu\u021bie all-in-one pentru cele mai recente dispozitive portabile de jocuri. <\/p>\n\n<h4 class=\"wp-block-heading\"><strong>Design premium construit pentru a dura<\/strong><\/h4>\n\n<p>Fabricat\u0103 din <strong>aluminiu gri durabil<\/strong>, sta\u021bia de andocare SD1 este la fel de elegant\u0103 pe c\u00e2t este de robust\u0103. Designul s\u0103u elegant se integreaz\u0103 perfect \u00een orice configura\u021bie, \u00een timp ce <strong>pl\u0103cu\u021bele din silicon negru<\/strong> ofer\u0103 protec\u021bie suplimentar\u0103, prevenind zg\u00e2rieturile \u0219i asigur\u00e2ndu-se c\u0103 dispozitivul dvs. r\u0103m\u00e2ne bine fixat \u00een pozi\u021bie. <\/p>\n\n<h4 class=\"wp-block-heading\"><strong>Compatibilitate versatil\u0103<\/strong><\/h4>\n\n<p>Sta\u021bia de andocare SD1 este construit\u0103 pentru a suporta o gam\u0103 larg\u0103 de PC-uri portabile pentru jocuri, ceea ce o face accesoriul suprem pentru orice juc\u0103tor. Fie c\u0103 juca\u021bi pe <strong>Steam Deck<\/strong>, <strong>GPD WIN 4 2023<\/strong>, sau <strong>ONEXPLAYER 2<\/strong>, SD1 asigur\u0103 o integrare perfect\u0103 \u0219i o performan\u021b\u0103 sporit\u0103. Acesta a fost testat riguros cu dispozitive de top, inclusiv <strong>ROG Ally<\/strong>, <strong>AYA NEO 2S<\/strong> \u0219i multe altele.  <\/p>\n\n<hr class=\"wp-block-separator has-alpha-channel-opacity\"\/>\n\n<h3 class=\"wp-block-heading\"><strong>De ce s\u0103 alege\u021bi sta\u021bia de andocare SD1?<\/strong><\/h3>\n\n<ul class=\"wp-block-list\">\n<li><strong>Internet ne\u00eentrerupt<\/strong>: Bucura\u021bi-v\u0103 de conexiuni ultra-rapide \u0219i stabile.<\/li>\n\n\n\n<li><strong>Rezolu\u021bie 4K uimitoare<\/strong>: Cufunda\u021bi-v\u0103 \u00een imagini vibrante \u0219i fluide.<\/li>\n\n\n\n<li><strong>\u00cenc\u0103rcare eficient\u0103<\/strong>: Juca\u021bi ore \u00eentregi cu o alimentare fiabil\u0103.<\/li>\n\n\n\n<li><strong>Op\u021biuni de port \u00eembun\u0103t\u0103\u021bite<\/strong>: Conecta\u021bi mai multe periferice cu u\u0219urin\u021b\u0103.<\/li>\n\n\n\n<li><strong>Compatibilitate universal\u0103<\/strong>: Func\u021bioneaz\u0103 cu toate PC-urile dvs. preferate pentru jocuri portabile.<\/li>\n<\/ul>\n\n<hr class=\"wp-block-separator has-alpha-channel-opacity\"\/>\n\n<h3 class=\"wp-block-heading\"><strong>Du-\u021bi jocurile la nivelul urm\u0103tor<\/strong><\/h3>\n\n<p>Cu <strong>sta\u021bia de andocare SD1<\/strong>, fiecare joc devine o experien\u021b\u0103 de neuitat. Fie c\u0103 concurezi, explorezi sau faci streaming, aceast\u0103 sta\u021bie de andocare \u00ee\u021bi ofer\u0103 instrumentele necesare pentru a da tot ce ai mai bun.   <strong>Actualiza\u021bi-v\u0103 ast\u0103zi configura\u021bia \u0219i \u00eembr\u0103\u021bi\u0219a\u021bi o nou\u0103 er\u0103 a jocurilor portabile.<\/strong><\/p>\n","protected":false},"excerpt":{"rendered":"<ul>\n<li>Sta\u021bie de andocare <strong>SD1 <\/strong><\/li>\n<li>Gigabit Ethernet<\/li>\n<li>100W PD USB-C<\/li>\n<li>Ie\u0219ire HDMI<\/li>\n<li><strong>Compatibil cu<\/strong> AYANEO Handhelds \u0219i multe altele<\/li>\n<\/ul>\n[cg_accordion title=\"INFORMA\u021aII PRIVIND PLATA\"]<\/p>\n<p>Utiliz\u0103m cea mai recent\u0103 tehnologie de procesare a pl\u0103\u021bilor, care v\u0103 permite s\u0103 efectua\u021bi plata prin Apple Pay, Google Pay, cardul dvs. de debit\/credit, PayPal sau metode BNPL precum Klarna, Affirm sau AfterPay pentru o experien\u021b\u0103 rapid\u0103 \u0219i sigur\u0103.[\/cg_accordion]\n[cg_accordion title=\"GARAN\u021aIE\"]<\/p>\n<p>Garan\u021bie de 1 an de la <a href=\"https:\/\/droix.net\/\" target=\"_blank\" rel=\"nofollow noopener\">DROIX Global<\/a> pentru lini\u0219tea dumneavoastr\u0103[\/cg_accordion]\n[cg_accordion title=\"PRE\u021aURI, TAXE \u0218I TRANSPORT\"]<\/p>\n<p><strong><u>Not\u0103:<\/u><\/strong><\/p>\n<ul>\n<li>Clien\u021bii din Statele Unite ale Americii: Pre\u021bul afi\u0219at NU include TAXE sau taxe vamale. Responsabilitatea de a v\u0103mui \u0219i de a pl\u0103ti orice tax\u0103\/tax\u0103 asociat\u0103 revine clientului. <\/li>\n<li>Clien\u021bii din UE: Pre\u021bul afi\u0219at include TAXA aplicabil\u0103, care poate fi de p\u00e2n\u0103 la 25% \u00een func\u021bie de \u021bara dumneavoastr\u0103.<\/li>\n<li>Clien\u021bii din Canada: Pre\u021bul afi\u0219at include taxele aplicabile, care pot include 5% GST \u0219i taxe de v\u00e2nzare provinciale suplimentare (PST), taxa de v\u00e2nzare armonizat\u0103 (HST) sau taxa de v\u00e2nzare din Quebec (QST), \u00een func\u021bie de provincia dumneavoastr\u0103.<\/li>\n<\/ul>\n<p><strong>Doar pentru clien\u021bii din UE:<\/strong> Express DDP (Delivered Duty Paid). Aceasta \u00eenseamn\u0103 c\u0103: <\/p>\n<ul>\n<li>Toate taxele vamale \u0219i impozitele sunt incluse \u00een pre\u021bul afi\u0219at pe pagina produsului.<\/li>\n<li>Nu va trebui s\u0103 pl\u0103ti\u021bi nicio tax\u0103 suplimentar\u0103 la livrare.<\/li>\n<li>\u00cen cazul rar al unor probleme legate de vam\u0103, echipa noastr\u0103 se va ocupa de procesul de v\u0103muire \u00een numele dvs. pentru a asigura o livrare f\u0103r\u0103 probleme.<\/li>\n<p>Informa\u021bii importante despre retururi:<\/p>\n<li>Dac\u0103 decide\u021bi s\u0103 returna\u021bi comanda sau s\u0103 solicita\u021bi o rambursare, v\u0103 rug\u0103m s\u0103 re\u021bine\u021bi c\u0103 taxele \u0219i impozitele pl\u0103tite \u00een numele dvs. \u00een conformitate cu termenii DDP nu pot fi rambursate.<\/li>\n<p>V\u0103 rug\u0103m s\u0103 consulta\u021bi <a href=\"https:\/\/ayaneo.co\/terms-of-service-2\/\" target=\"_blank\" rel=\"nofollow noopener\">Termenii \u0219i condi\u021biile<\/a> noastre pentru informa\u021bii detaliate.\n<\/ul>\n<p>[\/cg_accordion]\n[cg_accordion title=\"ASISTEN\u021a\u0102 PENTRU CLIEN\u021aI\"]<\/p>\n<p>Ave\u021bi o \u00eentrebare? Suntem la un scurt mesaj distan\u021b\u0103 de rezolvarea problemei tale!<br \/>\n[\/cg_accordion]\n","protected":false},"featured_media":16718,"template":"","meta":{"_acf_changed":false},"product_brand":[],"product_cat":[1188],"product_tag":[],"class_list":{"0":"post-16713","1":"product","2":"type-product","3":"status-publish","4":"has-post-thumbnail","6":"product_cat-accesorii","7":"product_shipping_class-low-end","8":"pa_accessory-type-docking-station-ro","9":"pa_brand-droix","11":"first","12":"outofstock","13":"sale","14":"taxable","15":"shipping-taxable","16":"purchasable","17":"product-type-simple"},"acf":[],"_links":{"self":[{"href":"https:\/\/ayaneo.co\/ro\/wp-json\/wp\/v2\/product\/16713","targetHints":{"allow":["GET"]}}],"collection":[{"href":"https:\/\/ayaneo.co\/ro\/wp-json\/wp\/v2\/product"}],"about":[{"href":"https:\/\/ayaneo.co\/ro\/wp-json\/wp\/v2\/types\/product"}],"wp:featuredmedia":[{"embeddable":true,"href":"https:\/\/ayaneo.co\/ro\/wp-json\/wp\/v2\/media\/16718"}],"wp:attachment":[{"href":"https:\/\/ayaneo.co\/ro\/wp-json\/wp\/v2\/media?parent=16713"}],"wp:term":[{"taxonomy":"product_brand","embeddable":true,"href":"https:\/\/ayaneo.co\/ro\/wp-json\/wp\/v2\/product_brand?post=16713"},{"taxonomy":"product_cat","embeddable":true,"href":"https:\/\/ayaneo.co\/ro\/wp-json\/wp\/v2\/product_cat?post=16713"},{"taxonomy":"product_tag","embeddable":true,"href":"https:\/\/ayaneo.co\/ro\/wp-json\/wp\/v2\/product_tag?post=16713"}],"curies":[{"name":"wp","href":"https:\/\/api.w.org\/{rel}","templated":true}]}}