{"id":16918,"date":"2025-02-10T12:11:02","date_gmt":"2025-02-10T12:11:02","guid":{"rendered":"https:\/\/ayaneo.co\/product\/ayaneo-3\/"},"modified":"2025-12-02T18:13:19","modified_gmt":"2025-12-02T18:13:19","slug":"ayaneo-3","status":"publish","type":"product","link":"https:\/\/ayaneo.co\/ro\/product\/ayaneo-3\/","title":{"rendered":"AYANEO 3"},"content":{"rendered":"\n<figure class=\"wp-block-video\"><video height=\"360\" style=\"aspect-ratio: 640 \/ 360;\" width=\"640\" controls=\"\" poster=\"https:\/\/ayaneo.co\/wp-content\/uploads\/2025\/02\/maxresdefault-1.jpg\" src=\"https:\/\/ayaneo.co\/wp-content\/uploads\/2025\/02\/videoplayback-1.mp4\"><\/video><\/figure>\n\n<div class=\"wp-block-columns is-layout-flex wp-container-core-columns-is-layout-28f84493 wp-block-columns-is-layout-flex\">\n<div class=\"wp-block-column is-layout-flow wp-block-column-is-layout-flow\">\n<p>V\u0103 prezent\u0103m AYANEO 3, prima consol\u0103 de jocuri portabil\u0103 modular\u0103 din lume care redefine\u0219te jocurile portabile prin personalizare \u0219i performan\u021b\u0103 de neegalat. Conceput\u0103 pentru juc\u0103torii care caut\u0103 o experien\u021b\u0103 personalizat\u0103, AYANEO 3 ofer\u0103 caracteristici inovatoare \u0219i specifica\u021bii de top pentru a satisface at\u00e2t pasiona\u021bii de jocuri casual, c\u00e2t \u0219i pe cei hardcore. <\/p>\n\n\n\n<h2 class=\"wp-block-heading\"><strong>Design modular inovator<\/strong><\/h2>\n\n\n\n<p>AYANEO 3 este pionierul unui sistem inovator de controler modular, permi\u021b\u00e2nd utilizatorilor s\u0103 combine \u0219i s\u0103 personalizeze liber modulele controlerului pentru a se potrivi preferin\u021belor lor de joc. Cu butoanele ABXY deta\u0219abile \u0219i interschimbabile, juc\u0103torii pot configura p\u00e2n\u0103 la 56 de combina\u021bii unice de layout, asigur\u00e2nd confort \u0219i control optim pentru orice gen de joc. Modulele includ configura\u021bii standard de joystick, module touchpad pentru un joc FPS \u00eembun\u0103t\u0103\u021bit \u0219i module de lupt\u0103 cu \u0219ase butoane pentru o precizie    <\/p>\n<\/div>\n<\/div>\n\n<div class=\"wp-block-columns is-layout-flex wp-container-core-columns-is-layout-28f84493 wp-block-columns-is-layout-flex\">\n<div class=\"wp-block-column is-layout-flow wp-block-column-is-layout-flow\" style=\"flex-basis:33.33%\">\n<figure class=\"wp-block-image size-full\"><a href=\"https:\/\/ayaneo.co\/wp-content\/uploads\/2025\/02\/4-1-1024x1024-1.jpg\"><img fetchpriority=\"high\" decoding=\"async\" width=\"1024\" height=\"1024\" src=\"https:\/\/ayaneo.co\/wp-content\/uploads\/2025\/02\/4-1-1024x1024-1.jpg\" alt=\"Afi&#x219;aj OLED:&#10;Afi&#x219;ajul OLED se m&#xE2;ndre&#x219;te cu o rat&#x103; de re&#xEE;mprosp&#x103;tare rapid&#x103; de 144 Hz, asigur&#xE2;nd o mi&#x219;care extrem de lin&#x103; &#x219;i fluid&#x103; &#xEE;n jocuri, reduc&#xE2;nd blur-ul. Cu o luminozitate de 800 nits, acesta ofer&#x103; imagini incredibil de vii &#x219;i clare, chiar &#x219;i &#xEE;n medii luminoase. Acoperirea gamei de culori DCI-P3 de 110% asigur&#x103; un spectru vast de culori bogate &#x219;i precise, pentru o experien&#x21B;&#x103; cu adev&#x103;rat captivant&#x103;. Acest panou premium este ideal pentru cei care caut&#x103; fidelitate vizual&#x103; &#x219;i capacitate de reac&#x21B;ie de nivel superior.   &#10;&#10;Afi&#x219;aj LCD:&#10;Afi&#x219;ajul LCD are o rat&#x103; de re&#xEE;mprosp&#x103;tare de 120 Hz pentru o fluiditate excelent&#x103; &#xEE;n jocuri &#x219;i ghosting redus. Acesta ofer&#x103; o luminozitate de 500 nits &#x219;i o acoperire 100% sRGB, asigur&#xE2;nd imagini clare &#x219;i cu culori precise pentru majoritatea con&#x21B;inutului. &#xCE;n mod crucial, acesta include VRR cu AMD FreeSync Premium, sincroniz&#xE2;nd dinamic afi&#x219;ajul cu rata cadrelor. Acest lucru elimin&#x103; ruperea ecranului &#x219;i b&#xE2;lb&#xE2;iala, oferind o experien&#x21B;&#x103; de joc constant lin&#x103; &#x219;i captivant&#x103;.   \" class=\"wp-image-37427\" srcset=\"https:\/\/ayaneo.co\/wp-content\/uploads\/2025\/02\/4-1-1024x1024-1.jpg 1024w, https:\/\/ayaneo.co\/wp-content\/uploads\/2025\/02\/4-1-1024x1024-1-300x300.jpg 300w, https:\/\/ayaneo.co\/wp-content\/uploads\/2025\/02\/4-1-1024x1024-1-150x150.jpg 150w, https:\/\/ayaneo.co\/wp-content\/uploads\/2025\/02\/4-1-1024x1024-1-768x768.jpg 768w, https:\/\/ayaneo.co\/wp-content\/uploads\/2025\/02\/4-1-1024x1024-1-65x65.jpg 65w, https:\/\/ayaneo.co\/wp-content\/uploads\/2025\/02\/4-1-1024x1024-1-990x990.jpg 990w, https:\/\/ayaneo.co\/wp-content\/uploads\/2025\/02\/4-1-1024x1024-1-441x441.jpg 441w, https:\/\/ayaneo.co\/wp-content\/uploads\/2025\/02\/4-1-1024x1024-1-100x100.jpg 100w, https:\/\/ayaneo.co\/wp-content\/uploads\/2025\/02\/4-1-1024x1024-1-600x600.jpg 600w\" sizes=\"(max-width: 1024px) 100vw, 1024px\" \/><\/a><\/figure>\n<\/div>\n\n\n\n<div class=\"wp-block-column is-layout-flow wp-block-column-is-layout-flow\" style=\"flex-basis:66.66%\">\n<h2 class=\"wp-block-heading\"><strong>Imagini uimitoare<\/strong><\/h2>\n\n\n\n<ul class=\"wp-block-list\">\n<li><strong>Afi\u0219aj OLED<\/strong><br\/><strong><br\/><\/strong>Ecranul OLED de pe AYANEO 3 este un ecran tactil de 7 inch cu o rezolu\u021bie 1080P \u0219i un raport de aspect 16:9. Acesta are o rat\u0103 de re\u00eemprosp\u0103tare personalizabil\u0103, permi\u021b\u00e2nd utilizatorilor s\u0103 selecteze \u00eentre 144Hz, 120Hz, 90Hz \u0219i 60Hz. Acest ecran ofer\u0103 o luminozitate global\u0103 maxim\u0103 de 800 nits \u0219i suport\u0103 calitatea HDR true color pentru lumini \u0219i umbre realiste. Acesta acoper\u0103 110% din gama de culori DCI-P3 \u0219i are un volum al gamei de culori sRGB de 150%, oferind imagini vibrante \u0219i clare.   <\/li>\n\n\n\n<li><strong>Afi\u0219aj LCD<\/strong><br\/><strong><br\/><\/strong>Op\u021biunea de afi\u0219are LCD este, de asemenea, un ecran tactil de 7 inchi cu o rezolu\u021bie 1080P \u0219i un raport de aspect 16:9. Acesta ofer\u0103 rate de re\u00eemprosp\u0103tare de 120Hz \u0219i 60Hz. Cu o luminozitate global\u0103 maxim\u0103 de 500 nits, acesta ofer\u0103 o acoperire sRGB de 100%. LCD-ul are un timp de r\u0103spuns rapid de 7ms \u0219i suport\u0103 VRR (Variable Refresh Rate) cu AMD FreeSync Premium, asigur\u00e2nd o experien\u021b\u0103 de joc clar\u0103, vibrant\u0103 \u0219i f\u0103r\u0103 lacrimi. Este, de asemenea, un ecran landscape nativ.    <\/li>\n<\/ul>\n\n\n\n<p><br\/>Ambele ecrane LCD \u0219i OLED ofer\u0103 o experien\u021b\u0103 vizual\u0103 captivant\u0103, permi\u021b\u00e2nd juc\u0103torilor s\u0103 se bucure de grafic\u0103 uimitoare cu o claritate excep\u021bional\u0103.<\/p>\n<\/div>\n<\/div>\n\n<h2 class=\"wp-block-heading has-text-align-center\"><strong>Performan\u021b\u0103 de \u00eenalt\u0103 putere<\/strong><\/h2>\n\n<p class=\"has-text-align-center\">Sub capot\u0103, AYANEO 3 ofer\u0103 dou\u0103 op\u021biuni puternice de procesor:<\/p>\n\n<div class=\"wp-block-columns is-layout-flex wp-container-core-columns-is-layout-28f84493 wp-block-columns-is-layout-flex\">\n<div class=\"wp-block-column is-layout-flow wp-block-column-is-layout-flow\">\n<figure class=\"wp-block-image size-full\"><a href=\"https:\/\/ayaneo.co\/wp-content\/uploads\/2025\/02\/3-370-1-1024x1024-1.jpg\"><img decoding=\"async\" width=\"1024\" height=\"1024\" src=\"https:\/\/ayaneo.co\/wp-content\/uploads\/2025\/02\/3-370-1-1024x1024-1.jpg\" alt=\"Un grafic care detaliaz&#x103; &quot;nucleul puternic, capacit&#x103;&#x21B;ile versatile&quot; ale unui dispozitiv alimentat de procesorul &quot;AMD Ryzen AI 9 HX 370&quot;. Imaginea prezint&#x103; diverse componente &#x219;i specifica&#x21B;ii: &quot;Procesor Zen5 New Zen 5&quot;, &quot;12 nuclee 24 de fire de execu&#x21B;ie&quot;, &quot;frecven&#x21B;&#x103; maxim&#x103; a unui singur nucleu de 5,1GHz&quot;, &quot;AMD Radeon 890M&quot; (GPU cu &quot;RDNA 3.5 16CU 2,9GHz&quot;) &#x219;i &quot;AMD XDNA 2 NPU 50TOPS&quot;. Acesta eviden&#x21B;iaz&#x103; &quot;12MB L2 + 24MB L3 cache de mare vitez&#x103;&quot; &#x219;i noteaz&#x103; c&#x103; arhitecturile CPU, GPU &#x219;i NPU au fost actualizate pentru a cre&#x219;te performan&#x21B;a &#x219;i eficien&#x21B;a, f&#x103;c&#xE2;ndu-l potrivit pentru jocuri &#x219;i sarcini AI. Textul mic din partea de jos &#xEE;l compar&#x103; cu genera&#x21B;ia anterioar&#x103; de procesoare AMD AI, men&#x21B;ion&#xE2;nd &#xEE;mbun&#x103;t&#x103;&#x21B;iri ale puterii de calcul NPU, ale proces&#x103;rii nucleului CPU, ale eficien&#x21B;ei energetice NPU, ale vitezei de r&#x103;spuns AI a modelului de limbaj mare &#x219;i ale cache-ului L3.   \" class=\"wp-image-37428\" srcset=\"https:\/\/ayaneo.co\/wp-content\/uploads\/2025\/02\/3-370-1-1024x1024-1.jpg 1024w, https:\/\/ayaneo.co\/wp-content\/uploads\/2025\/02\/3-370-1-1024x1024-1-300x300.jpg 300w, https:\/\/ayaneo.co\/wp-content\/uploads\/2025\/02\/3-370-1-1024x1024-1-150x150.jpg 150w, https:\/\/ayaneo.co\/wp-content\/uploads\/2025\/02\/3-370-1-1024x1024-1-768x768.jpg 768w, https:\/\/ayaneo.co\/wp-content\/uploads\/2025\/02\/3-370-1-1024x1024-1-65x65.jpg 65w, https:\/\/ayaneo.co\/wp-content\/uploads\/2025\/02\/3-370-1-1024x1024-1-990x990.jpg 990w, https:\/\/ayaneo.co\/wp-content\/uploads\/2025\/02\/3-370-1-1024x1024-1-441x441.jpg 441w, https:\/\/ayaneo.co\/wp-content\/uploads\/2025\/02\/3-370-1-1024x1024-1-100x100.jpg 100w, https:\/\/ayaneo.co\/wp-content\/uploads\/2025\/02\/3-370-1-1024x1024-1-600x600.jpg 600w\" sizes=\"(max-width: 1024px) 100vw, 1024px\" \/><\/a><\/figure>\n\n\n\n<p><strong>AMD Ryzen\u2122 AI 9 HX 370<\/strong>: Echipat cu 12 nuclee \u0219i 24 de thread-uri, acest procesor ofer\u0103 performan\u021be de top pentru titluri AAA solicitante \u0219i multitasking.<\/p>\n<\/div>\n\n\n\n<div class=\"wp-block-column is-layout-flow wp-block-column-is-layout-flow\">\n<figure class=\"wp-block-image size-full\"><a href=\"https:\/\/ayaneo.co\/wp-content\/uploads\/2025\/02\/3-8840u-1-1024x1024-1.jpg\"><img decoding=\"async\" width=\"1024\" height=\"1024\" src=\"https:\/\/ayaneo.co\/wp-content\/uploads\/2025\/02\/3-8840u-1-1024x1024-1.jpg\" alt=\"Un infografic cu tematic&#x103; &#xEE;ntunecat&#x103; care eviden&#x21B;iaz&#x103; specifica&#x21B;iile procesorului &quot;AMD Ryzen&#x2122; 7 8840U&quot;. Sec&#x21B;iunea de sus prezint&#x103; detalii despre CPU, GPU &#x219;i NPU: &quot;CPU Zen4&quot;, procesare &quot;4nm&quot;, &quot;frecven&#x21B;&#x103; maxim&#x103; de 5,1GHz&quot;, grafic&#x103; &quot;AMD Radeon&#x2122; 780M&quot; cu &quot;RDNA 3 12CU 2,7GHz&quot; &#x219;i &quot;AMD Ryzen&#x2122; AI NPU 16TOPS&quot;. Un bloc central afi&#x219;eaz&#x103; cipul &quot;AMD Ryzen&#x2122; 7 8840U&quot;, men&#x21B;ion&#xE2;nd &quot;38TOPS Performan&#x21B;&#x103; general&#x103;&quot;. Sec&#x21B;iunea de jos detaliaz&#x103; memoria &#x219;i stocarea: &quot;Memorie LPDDR5X 7500MT\/s&quot; (p&#xE2;n&#x103; la 64 GB disponibili pentru sarcini grele) &#x219;i &quot;SSD M.2 2280 PCIe 4.0&quot; (ultra-rapid, mainstream &#x219;i extensibil).    \" class=\"wp-image-37429\" srcset=\"https:\/\/ayaneo.co\/wp-content\/uploads\/2025\/02\/3-8840u-1-1024x1024-1.jpg 1024w, https:\/\/ayaneo.co\/wp-content\/uploads\/2025\/02\/3-8840u-1-1024x1024-1-300x300.jpg 300w, https:\/\/ayaneo.co\/wp-content\/uploads\/2025\/02\/3-8840u-1-1024x1024-1-150x150.jpg 150w, https:\/\/ayaneo.co\/wp-content\/uploads\/2025\/02\/3-8840u-1-1024x1024-1-768x768.jpg 768w, https:\/\/ayaneo.co\/wp-content\/uploads\/2025\/02\/3-8840u-1-1024x1024-1-65x65.jpg 65w, https:\/\/ayaneo.co\/wp-content\/uploads\/2025\/02\/3-8840u-1-1024x1024-1-990x990.jpg 990w, https:\/\/ayaneo.co\/wp-content\/uploads\/2025\/02\/3-8840u-1-1024x1024-1-441x441.jpg 441w, https:\/\/ayaneo.co\/wp-content\/uploads\/2025\/02\/3-8840u-1-1024x1024-1-100x100.jpg 100w, https:\/\/ayaneo.co\/wp-content\/uploads\/2025\/02\/3-8840u-1-1024x1024-1-600x600.jpg 600w\" sizes=\"(max-width: 1024px) 100vw, 1024px\" \/><\/a><\/figure>\n\n\n\n<p><strong>AMD Ryzen\u2122 7 8840U<\/strong>: Un procesor echilibrat care ofer\u0103 performan\u021b\u0103 fiabil\u0103 at\u00e2t pentru sesiunile de jocuri la cerere ridicat\u0103, c\u00e2t \u0219i pentru cele ocazionale.<\/p>\n<\/div>\n<\/div>\n\n<p>\u00cemperecheat cu p\u00e2n\u0103 la 64 GB de memorie RAM LPDDR5X \u0219i p\u00e2n\u0103 la 4 TB de stocare PCIe 4.0 SSD, AYANEO 3 asigur\u0103 timpi de \u00eenc\u0103rcare rapizi \u0219i spa\u021biu amplu pentru biblioteca dvs. de jocuri.<\/p>\n\n<h3 class=\"wp-block-heading\"><strong>Controale \u00eembun\u0103t\u0103\u021bite<\/strong><\/h3>\n\n<p>Experimenta\u021bi un control superior cu func\u021biile avansate ale AYANEO 3:<\/p>\n\n<div class=\"wp-block-columns is-layout-flex wp-container-core-columns-is-layout-28f84493 wp-block-columns-is-layout-flex\">\n<div class=\"wp-block-column is-layout-flow wp-block-column-is-layout-flow\">\n<figure class=\"wp-block-image size-full\"><a href=\"https:\/\/ayaneo.co\/wp-content\/uploads\/2025\/02\/Dual-Stage-Hall-Effect-Triggers-1024x1024-1.jpg\"><img loading=\"lazy\" decoding=\"async\" width=\"1024\" height=\"1024\" src=\"https:\/\/ayaneo.co\/wp-content\/uploads\/2025\/02\/Dual-Stage-Hall-Effect-Triggers-1024x1024-1.jpg\" alt=\"Un prim plan al unei m&#xE2;ini care &#x21B;ine un controler de jocuri de culoare &#xEE;nchis&#x103; sau un dispozitiv portabil, eviden&#x21B;iind &#xEE;n special butonul de declan&#x219;are de pe um&#x103;r. Imaginea este sc&#x103;ldat&#x103; &#xEE;ntr-o lumin&#x103; albastr&#x103;, iar textul alb din partea de sus spune &quot;Agile Hall Triggers&quot;. \" class=\"wp-image-37430\" srcset=\"https:\/\/ayaneo.co\/wp-content\/uploads\/2025\/02\/Dual-Stage-Hall-Effect-Triggers-1024x1024-1.jpg 1024w, https:\/\/ayaneo.co\/wp-content\/uploads\/2025\/02\/Dual-Stage-Hall-Effect-Triggers-1024x1024-1-300x300.jpg 300w, https:\/\/ayaneo.co\/wp-content\/uploads\/2025\/02\/Dual-Stage-Hall-Effect-Triggers-1024x1024-1-150x150.jpg 150w, https:\/\/ayaneo.co\/wp-content\/uploads\/2025\/02\/Dual-Stage-Hall-Effect-Triggers-1024x1024-1-768x768.jpg 768w, https:\/\/ayaneo.co\/wp-content\/uploads\/2025\/02\/Dual-Stage-Hall-Effect-Triggers-1024x1024-1-65x65.jpg 65w, https:\/\/ayaneo.co\/wp-content\/uploads\/2025\/02\/Dual-Stage-Hall-Effect-Triggers-1024x1024-1-990x990.jpg 990w, https:\/\/ayaneo.co\/wp-content\/uploads\/2025\/02\/Dual-Stage-Hall-Effect-Triggers-1024x1024-1-441x441.jpg 441w, https:\/\/ayaneo.co\/wp-content\/uploads\/2025\/02\/Dual-Stage-Hall-Effect-Triggers-1024x1024-1-100x100.jpg 100w, https:\/\/ayaneo.co\/wp-content\/uploads\/2025\/02\/Dual-Stage-Hall-Effect-Triggers-1024x1024-1-600x600.jpg 600w\" sizes=\"(max-width: 1024px) 100vw, 1024px\" \/><\/a><\/figure>\n\n\n\n<h3 class=\"wp-block-heading\"><strong>Declan\u0219atoare cu efect Hall cu dou\u0103 trepte<\/strong> <\/h3>\n\n\n\n<p>Comuta\u021bi \u00eentre o curs\u0103 lung\u0103 de 7,5 mm pentru control precis \u0219i o curs\u0103 scurt\u0103 de 3 mm pentru intr\u0103ri rapide, pentru a r\u0103spunde diferitelor scenarii de joc.<\/p>\n<\/div>\n\n\n\n<div class=\"wp-block-column is-layout-flow wp-block-column-is-layout-flow\">\n<figure class=\"wp-block-image size-full\"><a href=\"https:\/\/ayaneo.co\/wp-content\/uploads\/2025\/02\/Magnetic-Suspension-Motor.jpg\"><img loading=\"lazy\" decoding=\"async\" width=\"1500\" height=\"1500\" src=\"https:\/\/ayaneo.co\/wp-content\/uploads\/2025\/02\/Magnetic-Suspension-Motor.jpg\" alt=\"Vedere intern&#x103; a unui dispozitiv care prezint&#x103; un &quot;motor cu suspensie magnetic&#x103;&quot;. Motorul este o component&#x103; cilindric&#x103; cu o str&#x103;lucire albastr&#x103; aprins&#x103; &#xEE;n centrul s&#x103;u, amplasat&#x103; &#xEE;ntr-o plac&#x103; de circuite complex&#x103; sau &#xEE;ntr-o structur&#x103; intern&#x103; redat&#x103; &#xEE;n tonuri &#xEE;ntunecate. \" class=\"wp-image-37431\" srcset=\"https:\/\/ayaneo.co\/wp-content\/uploads\/2025\/02\/Magnetic-Suspension-Motor.jpg 1500w, https:\/\/ayaneo.co\/wp-content\/uploads\/2025\/02\/Magnetic-Suspension-Motor-300x300.jpg 300w, https:\/\/ayaneo.co\/wp-content\/uploads\/2025\/02\/Magnetic-Suspension-Motor-1024x1024.jpg 1024w, https:\/\/ayaneo.co\/wp-content\/uploads\/2025\/02\/Magnetic-Suspension-Motor-150x150.jpg 150w, https:\/\/ayaneo.co\/wp-content\/uploads\/2025\/02\/Magnetic-Suspension-Motor-768x768.jpg 768w, https:\/\/ayaneo.co\/wp-content\/uploads\/2025\/02\/Magnetic-Suspension-Motor-65x65.jpg 65w, https:\/\/ayaneo.co\/wp-content\/uploads\/2025\/02\/Magnetic-Suspension-Motor-990x990.jpg 990w, https:\/\/ayaneo.co\/wp-content\/uploads\/2025\/02\/Magnetic-Suspension-Motor-441x441.jpg 441w, https:\/\/ayaneo.co\/wp-content\/uploads\/2025\/02\/Magnetic-Suspension-Motor-100x100.jpg 100w, https:\/\/ayaneo.co\/wp-content\/uploads\/2025\/02\/Magnetic-Suspension-Motor-600x600.jpg 600w\" sizes=\"(max-width: 1500px) 100vw, 1500px\" \/><\/a><\/figure>\n\n\n\n<h3 class=\"wp-block-heading\"><strong>Motor cu suspensie magnetic\u0103<\/strong> <\/h3>\n\n\n\n<p>Dezvoltat\u0103 \u00een colaborare cu GuliKit Technology, aceast\u0103 caracteristic\u0103 suport\u0103 at\u00e2t moduri de vibra\u021bii liniare, c\u00e2t \u0219i cu motor rotoric, oferind un feedback haptic realist \u0219i captivant.<\/p>\n<\/div>\n\n\n\n<div class=\"wp-block-column is-layout-flow wp-block-column-is-layout-flow\">\n<figure class=\"wp-block-image size-full\"><a href=\"https:\/\/ayaneo.co\/wp-content\/uploads\/2025\/02\/Keyboard-and-Mouse-Mode-1024x1024-1.jpg\"><img loading=\"lazy\" decoding=\"async\" width=\"1024\" height=\"1024\" src=\"https:\/\/ayaneo.co\/wp-content\/uploads\/2025\/02\/Keyboard-and-Mouse-Mode-1024x1024-1.jpg\" alt=\"M&#xE2;ini care &#x21B;in un dispozitiv de joc portabil negru cu un ecran care afi&#x219;eaz&#x103; o interfa&#x21B;&#x103; utilizator pentru set&#x103;ri sau configurare. Textul alb din partea de sus a imaginii spune &quot;Hardware-Level Keyboard-Mouse Mode&quot;, indic&#xE2;nd o caracteristic&#x103; a dispozitivului. \" class=\"wp-image-37432\" srcset=\"https:\/\/ayaneo.co\/wp-content\/uploads\/2025\/02\/Keyboard-and-Mouse-Mode-1024x1024-1.jpg 1024w, https:\/\/ayaneo.co\/wp-content\/uploads\/2025\/02\/Keyboard-and-Mouse-Mode-1024x1024-1-300x300.jpg 300w, https:\/\/ayaneo.co\/wp-content\/uploads\/2025\/02\/Keyboard-and-Mouse-Mode-1024x1024-1-150x150.jpg 150w, https:\/\/ayaneo.co\/wp-content\/uploads\/2025\/02\/Keyboard-and-Mouse-Mode-1024x1024-1-768x768.jpg 768w, https:\/\/ayaneo.co\/wp-content\/uploads\/2025\/02\/Keyboard-and-Mouse-Mode-1024x1024-1-65x65.jpg 65w, https:\/\/ayaneo.co\/wp-content\/uploads\/2025\/02\/Keyboard-and-Mouse-Mode-1024x1024-1-990x990.jpg 990w, https:\/\/ayaneo.co\/wp-content\/uploads\/2025\/02\/Keyboard-and-Mouse-Mode-1024x1024-1-441x441.jpg 441w, https:\/\/ayaneo.co\/wp-content\/uploads\/2025\/02\/Keyboard-and-Mouse-Mode-1024x1024-1-100x100.jpg 100w, https:\/\/ayaneo.co\/wp-content\/uploads\/2025\/02\/Keyboard-and-Mouse-Mode-1024x1024-1-600x600.jpg 600w\" sizes=\"(max-width: 1024px) 100vw, 1024px\" \/><\/a><\/figure>\n\n\n\n<h3 class=\"wp-block-heading\"><strong>Mod tastatur\u0103 \u0219i mouse<\/strong><\/h3>\n\n\n\n<p>Comuta\u021bi f\u0103r\u0103 probleme \u00eentre controler \u0219i tastatur\u0103\/mouse, sporind versatilitatea \u00een diverse aplica\u021bii de jocuri \u0219i productivitate.<\/p>\n<\/div>\n<\/div>\n\n<h3 class=\"wp-block-heading\"><strong>Audio imersiv<\/strong><\/h3>\n\n<p>AYANEO 3 ofer\u0103 o experien\u021b\u0103 audio captivant\u0103 cu difuzoarele sale duble simetrice HyperSound 2.0, oferind un sunet clar \u0219i puternic care spore\u0219te imersiunea \u00een joc.<\/p>\n\n<h3 class=\"wp-block-heading\"><strong>Experien\u021ba utilizatorului<\/strong><\/h3>\n\n<p>Rul\u00e2nd pe Windows 11, AYANEO 3 suport\u0103 diverse aplica\u021bii, de la titluri AAA exigente la instrumente esen\u021biale de productivitate, devenind un companion versatil at\u00e2t pentru munc\u0103, c\u00e2t \u0219i pentru joac\u0103. Dispozitivul are un design ergonomic cu comenzi personalizabile, asigur\u00e2nd confortul \u00een timpul sesiunilor prelungite de jocuri. Op\u021biunile robuste de conectivitate, inclusiv dou\u0103 porturi USB4 \u0219i o interfa\u021b\u0103 OCuLink pentru conexiuni de mare vitez\u0103, faciliteaz\u0103 integrarea f\u0103r\u0103 probleme \u00een orice mediu.  <\/p>\n\n<h3 class=\"wp-block-heading\"><strong>Concluzie<\/strong><\/h3>\n\n<p>AYANEO 3 stabile\u0219te un nou standard \u00een domeniul jocurilor portabile prin combinarea designului modular inovator cu hardware-ul de \u00eenalt\u0103 performan\u021b\u0103. Comenzile sale personalizabile, imaginile uimitoare \u0219i capacit\u0103\u021bile puternice de procesare \u00eel fac alegerea suprem\u0103 pentru juc\u0103torii care caut\u0103 o experien\u021b\u0103 de joc personalizat\u0103 \u0219i captivant\u0103. \u00cembr\u0103\u021bi\u0219a\u021bi viitorul jocurilor portabile cu AYANEO 3.  <\/p>\n","protected":false},"excerpt":{"rendered":"<ul>\n<li>AMD <strong>Ryzen\u2122 AI 9 HX 370<\/strong> \/ <strong>Ryzen\u2122 7 8840U<\/strong><\/li>\n<li>AMD Radeon <strong>890M<\/strong> \/ <strong>780M<\/strong> \/ 2900 \/ 2700 Mhz<\/li>\n<li>p\u00e2n\u0103 la<strong> 64GB LPDDR5X @ 7500 MT\/s<\/strong><\/li>\n<li>p\u00e2n\u0103 la<strong> 4TB<\/strong> PCI-E 4.0 NVMe <strong>de mare vitez\u0103<\/strong> SSD<\/li>\n<li>Suport WiFi <strong>6E<\/strong> \u0219i Bluetooth <strong>5.3<\/strong> <\/li>\n<\/ul>\n<p><img loading=\"lazy\" decoding=\"async\" class=\"alignnone size-full wp-image-12494\" src=\"https:\/\/ayaneo.co\/wp-content\/uploads\/2025\/02\/AYANEO-3-FREE-GIFTS.jpg\" alt=\"Banner promo\u021bional pentru AYANEO 3 cadouri gratuite, cu imagini ale unei carcase de protec\u021bie de culoare neagr\u0103 \u0219i bej, ale unui protector de ecran \u0219i ale unor capace de prindere pentru be\u021bi\u0219oare. Textul eviden\u021biaz\u0103 \u201eCadouri gratuite\u201d, inclusiv o carcas\u0103 de protec\u021bie, o protec\u021bie pentru ecran \u0219i bastoane pentru degetele mari, care sunt ad\u0103ugate automat \u00een co\u0219. Culoarea carcasei se bazeaz\u0103 pe dispozitivul selectat.\" width=\"550\" height=\"140\" srcset=\"https:\/\/ayaneo.co\/wp-content\/uploads\/2025\/02\/AYANEO-3-FREE-GIFTS.jpg 550w, https:\/\/ayaneo.co\/wp-content\/uploads\/2025\/02\/AYANEO-3-FREE-GIFTS-300x76.jpg 300w, https:\/\/ayaneo.co\/wp-content\/uploads\/2025\/02\/AYANEO-3-FREE-GIFTS-441x112.jpg 441w, https:\/\/ayaneo.co\/wp-content\/uploads\/2025\/02\/AYANEO-3-FREE-GIFTS-150x38.jpg 150w\" sizes=\"(max-width: 550px) 100vw, 550px\" \/>  [cg_accordion title=\"INFORMA\u021aII PRIVIND PLATA\"] Utiliz\u0103m cea mai recent\u0103 tehnologie \u00een procesarea pl\u0103\u021bilor, care v\u0103 permite s\u0103 efectua\u021bi plata prin Apple Pay, Google Pay, cardul de debit\/credit, PayPal sau metode BNPL precum Klarna, Affirm sau AfterPay pentru o experien\u021b\u0103 rapid\u0103 \u0219i sigur\u0103.[\/cg_accordion] [cg_accordion title=\"GARAN\u021aIE\"] Garan\u021bie de 1 an de la <a href=\"https:\/\/droix.net\/\" target=\"_blank\" rel=\"nofollow noopener\">DROIX Global<\/a> pentru lini\u0219tea dvs.[\/cg_accordion] [cg_accordion title=\"ASIGURAREA CALIT\u0102\u021aII \u0218I TESTAREA \u00ceNAINTE DE EXPEDIERE\"]  Asigurarea satisfac\u021biei clien\u021bilor la cel mai \u00eenalt standard: Fiecare dispozitiv este supus unor teste riguroase \u0219i unei verific\u0103ri de asigurare a calit\u0103\u021bii \u00een mai multe puncte \u00eenainte de a fi expediat. Echipa noastr\u0103 dedicat\u0103 verific\u0103 performan\u021ba, func\u021bionalitatea \u0219i integritatea componentelor pentru a v\u0103 garanta c\u0103 dispozitivul AYANEO este \u00een stare perfect\u0103 de func\u021bionare la sosire, oferindu-v\u0103 \u00eencredere \u0219i lini\u0219te sufleteasc\u0103. [\/cg_accordion] [cg_accordion title=\"PRICING, TAXES AND SHIPPING\"] <strong><u>Not\u0103:<\/u><\/strong><\/p>\n<ul>\n<li>Clien\u021bii din Statele Unite ale Americii: Pre\u021bul afi\u0219at NU include TAXE sau taxe vamale. Responsabilitatea de a v\u0103mui \u0219i de a pl\u0103ti orice tax\u0103\/tax\u0103 asociat\u0103 revine clientului. <\/li>\n<li>Clien\u021bii din UE: Pre\u021bul afi\u0219at include TAXA aplicabil\u0103, care poate fi de p\u00e2n\u0103 la 25% \u00een func\u021bie de \u021bara dumneavoastr\u0103.<\/li>\n<li>Clien\u021bii din Canada: Pre\u021bul afi\u0219at include taxele aplicabile, care pot include 5% GST \u0219i taxe de v\u00e2nzare provinciale suplimentare (PST), taxa de v\u00e2nzare armonizat\u0103 (HST) sau taxa de v\u00e2nzare din Quebec (QST), \u00een func\u021bie de provincia dumneavoastr\u0103.<\/li>\n<\/ul>\n<p><strong>Doar pentru clien\u021bii din UE:<\/strong> Express DDP (Delivered Duty Paid). Aceasta \u00eenseamn\u0103 c\u0103: <\/p>\n<ul>\n<li style=\"list-style-type: none;\">\n<ul>\n<li>Toate taxele vamale \u0219i impozitele sunt incluse \u00een pre\u021bul afi\u0219at pe pagina produsului.<\/li>\n<li>Nu va trebui s\u0103 pl\u0103ti\u021bi nicio tax\u0103 suplimentar\u0103 la livrare.<\/li>\n<li>\u00cen cazul rar al unor probleme legate de vam\u0103, echipa noastr\u0103 se va ocupa de procesul de v\u0103muire \u00een numele dvs. pentru a asigura o livrare f\u0103r\u0103 probleme.<\/li>\n<p>Informa\u021bii importante despre retururi:<\/p>\n<li>Dac\u0103 decide\u021bi s\u0103 returna\u021bi comanda sau s\u0103 solicita\u021bi o rambursare, v\u0103 rug\u0103m s\u0103 re\u021bine\u021bi c\u0103 taxele \u0219i impozitele pl\u0103tite \u00een numele dvs. \u00een conformitate cu termenii DDP nu pot fi rambursate.<\/li>\n<p>V\u0103 rug\u0103m s\u0103 consulta\u021bi site-ul nostru<\/ul>\n<\/li>\n<\/ul>\n<p><a href=\"https:\/\/ayaneo.co\/ro\/termeni-de-serviciu\/\" target=\"_blank\" rel=\"nofollow noopener\">Termeni \u0219i condi\u021bii<\/a><\/p>\n<ul>pentru informa\u021bii detaliate.<\/ul>\n<p>[\/cg_accordion] [cg_accordion title=\"ASISTEN\u021a\u0102 PENTRU CLIEN\u021aI\"]  Ave\u021bi o \u00eentrebare? Suntem la un scurt mesaj distan\u021b\u0103 de rezolvarea problemei tale! [\/cg_accordion] [cg_accordion title=\"PACKAGE INCLUDES\"]<\/p>\n<ul>\n<li>1x AYANEO 3<\/li>\n<li>1x fi\u0219\u0103 de alimentare (UE \/ SUA)<\/li>\n<li>1x cablu USB tip C<\/li>\n<li>1x Manual de utilizare<\/li>\n<\/ul>\n<p>[\/cg_accordion]<\/p>\n","protected":false},"featured_media":37595,"template":"","meta":{"_acf_changed":false},"product_brand":[],"product_cat":[1228],"product_tag":[1230],"class_list":{"0":"post-16918","1":"product","2":"type-product","3":"status-publish","4":"has-post-thumbnail","6":"product_cat-pc-uri-portabile-pentru-jocuri","7":"product_tag-pc-gaming-handheld-ro","8":"product_shipping_class-premium","9":"pa_brand-ayaneo","10":"pa_graphics-gpu-model-ryzen-7-8840u-radeon-780m","11":"pa_graphics-gpu-model-ryzen-ai-9-hx-370-radeon-890m","12":"pa_operating-system-windows-11","13":"pa_processor-cpu-brand-amd","15":"first","16":"instock","17":"taxable","18":"shipping-taxable","19":"purchasable","20":"product-type-variable","21":"has-default-attributes"},"acf":[],"_links":{"self":[{"href":"https:\/\/ayaneo.co\/ro\/wp-json\/wp\/v2\/product\/16918","targetHints":{"allow":["GET"]}}],"collection":[{"href":"https:\/\/ayaneo.co\/ro\/wp-json\/wp\/v2\/product"}],"about":[{"href":"https:\/\/ayaneo.co\/ro\/wp-json\/wp\/v2\/types\/product"}],"wp:featuredmedia":[{"embeddable":true,"href":"https:\/\/ayaneo.co\/ro\/wp-json\/wp\/v2\/media\/37595"}],"wp:attachment":[{"href":"https:\/\/ayaneo.co\/ro\/wp-json\/wp\/v2\/media?parent=16918"}],"wp:term":[{"taxonomy":"product_brand","embeddable":true,"href":"https:\/\/ayaneo.co\/ro\/wp-json\/wp\/v2\/product_brand?post=16918"},{"taxonomy":"product_cat","embeddable":true,"href":"https:\/\/ayaneo.co\/ro\/wp-json\/wp\/v2\/product_cat?post=16918"},{"taxonomy":"product_tag","embeddable":true,"href":"https:\/\/ayaneo.co\/ro\/wp-json\/wp\/v2\/product_tag?post=16918"}],"curies":[{"name":"wp","href":"https:\/\/api.w.org\/{rel}","templated":true}]}}