{"id":17054,"date":"2025-02-27T10:35:12","date_gmt":"2025-02-27T10:35:12","guid":{"rendered":"https:\/\/ayaneo.co\/product\/ayaneo-module-magice\/"},"modified":"2025-12-11T00:10:38","modified_gmt":"2025-12-11T00:10:38","slug":"ayaneo-module-magice","status":"publish","type":"product","link":"https:\/\/ayaneo.co\/ro\/product\/ayaneo-module-magice\/","title":{"rendered":"AYANEO Module magice"},"content":{"rendered":"\n<h2 class=\"wp-block-heading\">AYANEO Magic Modules - Viitorul portabilelor modulare<\/h2>\n\n<p><strong>ModuleleAYANEO Magic<\/strong> redefinesc jocurile portabile prin introducerea <strong>unui ecosistem cu adev\u0103rat modular<\/strong>, permi\u021b\u00e2nd utilizatorilor s\u0103 <strong>\u00ee\u0219i \u00eembun\u0103t\u0103\u021beasc\u0103 \u0219i s\u0103 \u00ee\u0219i personalizeze experien\u021ba AYANEO 3<\/strong> cu ajutorul accesoriilor interschimbabile, ata\u0219ate magnetic. Proiectate pentru flexibilitate, aceste module <strong>extind func\u021bionalitatea f\u0103r\u0103 a compromite portabilitatea<\/strong>, ceea ce le transform\u0103 \u00eentr-un joc pentru pasiona\u021bii de tehnologie \u0219i juc\u0103tori deopotriv\u0103. <\/p>\n\n<h2 class=\"wp-block-heading\"><strong>Modularitate magnetic\u0103 f\u0103r\u0103 sudur\u0103<\/strong><\/h2>\n\n<p>Cu <strong>interfa\u021ba magnetic\u0103 inovatoare aAYANEO<\/strong>, schimbarea modulelor se face f\u0103r\u0103 efort, oferind o <strong>experien\u021b\u0103 plug-and-play<\/strong> adaptat\u0103 nevoilor dumneavoastr\u0103. Prima genera\u021bie Magic Modules ofer\u0103 o gam\u0103 larg\u0103 de func\u021bionalit\u0103\u021bi, de la <strong>op\u021biuni de intrare \u00eembun\u0103t\u0103\u021bite<\/strong> la <strong>conectivitate extins\u0103<\/strong>. <\/p>\n\n<h2 class=\"wp-block-heading\"><strong>Construit pentru viitor<\/strong><\/h2>\n\n<p>AYANEO este pionierul <strong>primului dispozitiv portabil de gaming cu adev\u0103rat modular<\/strong>, asigur\u00e2nd <strong>versatilitatea pe termen lung<\/strong> cu un ecosistem evolutiv de Magic Modules. Fie c\u0103 sunte\u021bi un <strong>juc\u0103tor \u00eenr\u0103it<\/strong>, un <strong>profesionist creativ<\/strong> sau <strong>un pasionat de tehnologie<\/strong>, aceste accesorii v\u0103 permit s\u0103 <strong>v\u0103 adapta\u021bi dispozitivul la diferite scenarii f\u0103r\u0103 a compromite performan\u021ba<\/strong>. <\/p>\n\n<h3 class=\"wp-block-heading\"><strong>Preia controlul asupra experien\u021bei tale de joc portabile cu AYANEO Magic Modules!<\/strong><\/h3>\n\n<p><\/p>\n","protected":false},"excerpt":{"rendered":"<ul>\n<li><strong>Design modular<\/strong> - Schimba\u021bi accesoriile f\u0103r\u0103 efort.<\/li>\n<li><strong>Ata\u0219ament magnetic<\/strong> - Schimbare u\u0219oar\u0103 plug-and-play.<\/li>\n<li><strong>Caracteristici \u00eembun\u0103t\u0103\u021bite<\/strong> - Upgrade intr\u0103ri \u0219i conectivitate.<\/li>\n<li><strong>Proasp\u0103t pentru viitor<\/strong> - Extensibil cu noi module.<\/li>\n<li><strong>Portabil \u0219i versatil<\/strong> - Personalizare f\u0103r\u0103 volum.<\/li>\n<\/ul>\n[cg_accordion title=\"INFORMA\u021aII PRIVIND PLATA\"]<\/p>\n<p>Utiliz\u0103m cea mai recent\u0103 tehnologie de procesare a pl\u0103\u021bilor, care v\u0103 permite s\u0103 efectua\u021bi plata prin Apple Pay, Google Pay, cardul dvs. de debit\/credit, PayPal sau metode BNPL precum Klarna, Affirm sau AfterPay pentru o experien\u021b\u0103 rapid\u0103 \u0219i sigur\u0103.[\/cg_accordion]\n[cg_accordion title=\"GARAN\u021aIE\"]<\/p>\n<p>Garan\u021bie de 1 an de la <a href=\"https:\/\/droix.net\/\" target=\"_blank\" rel=\"nofollow noopener\">DROIX Global<\/a> pentru lini\u0219tea dumneavoastr\u0103[\/cg_accordion]\n[cg_accordion title=\"ASIGURAREA CALIT\u0102\u021aII \u0218I TESTAREA \u00ceNAINTE DE EXPEDIERE\"]<\/p>\n<p>Asigurarea satisfac\u021biei clien\u021bilor la cel mai \u00eenalt standard: Fiecare dispozitiv este supus unor teste riguroase \u0219i unei verific\u0103ri de asigurare a calit\u0103\u021bii \u00een mai multe puncte \u00eenainte de a fi expediat. Echipa noastr\u0103 dedicat\u0103 verific\u0103 performan\u021ba, func\u021bionalitatea \u0219i integritatea componentelor pentru a v\u0103 garanta c\u0103 dispozitivul AYANEO este \u00een stare perfect\u0103 de func\u021bionare la sosire, oferindu-v\u0103 \u00eencredere \u0219i lini\u0219te sufleteasc\u0103. [\/cg_accordion]\n[cg_accordion title=\"PRE\u021aURI, TAXE \u0218I TRANSPORT\"]<\/p>\n<p><strong><u>Not\u0103:<\/u><\/strong><\/p>\n<ul>\n<li>Clien\u021bii din Statele Unite ale Americii: Pre\u021bul afi\u0219at NU include TAXE sau taxe vamale. Responsabilitatea de a v\u0103mui \u0219i de a pl\u0103ti orice tax\u0103\/tax\u0103 asociat\u0103 revine clientului. <\/li>\n<li>Clien\u021bii din UE: Pre\u021bul afi\u0219at include TAXA aplicabil\u0103, care poate fi de p\u00e2n\u0103 la 25% \u00een func\u021bie de \u021bara dumneavoastr\u0103.<\/li>\n<li>Clien\u021bii din Canada: Pre\u021bul afi\u0219at include taxele aplicabile, care pot include 5% GST \u0219i taxe de v\u00e2nzare provinciale suplimentare (PST), taxa de v\u00e2nzare armonizat\u0103 (HST) sau taxa de v\u00e2nzare din Quebec (QST), \u00een func\u021bie de provincia dumneavoastr\u0103.<\/li>\n<\/ul>\n<p><strong>Doar pentru clien\u021bii din UE:<\/strong> Express DDP (Delivered Duty Paid). Aceasta \u00eenseamn\u0103 c\u0103: <\/p>\n<ul>\n<li>Toate taxele vamale \u0219i impozitele sunt incluse \u00een pre\u021bul afi\u0219at pe pagina produsului.<\/li>\n<li>Nu va trebui s\u0103 pl\u0103ti\u021bi nicio tax\u0103 suplimentar\u0103 la livrare.<\/li>\n<li>\u00cen cazul rar al unor probleme legate de vam\u0103, echipa noastr\u0103 se va ocupa de procesul de v\u0103muire \u00een numele dvs. pentru a asigura o livrare f\u0103r\u0103 probleme.<\/li>\n<p>Informa\u021bii importante despre retururi:<\/p>\n<li>Dac\u0103 decide\u021bi s\u0103 returna\u021bi comanda sau s\u0103 solicita\u021bi o rambursare, v\u0103 rug\u0103m s\u0103 re\u021bine\u021bi c\u0103 taxele \u0219i impozitele pl\u0103tite \u00een numele dvs. \u00een conformitate cu termenii DDP nu pot fi rambursate.<\/li>\n<p>V\u0103 rug\u0103m s\u0103 consulta\u021bi <a href=\"https:\/\/ayaneo.co\/ro\/termeni-de-serviciu\/\" target=\"_blank\" rel=\"nofollow noopener\">Termenii \u0219i condi\u021biile<\/a> noastre pentru informa\u021bii detaliate.\n<\/ul>\n<p>[\/cg_accordion]\n[cg_accordion title=\"ASISTEN\u021a\u0102 PENTRU CLIEN\u021aI\"]<\/p>\n<p>Ave\u021bi o \u00eentrebare? Suntem la un scurt mesaj distan\u021b\u0103 de rezolvarea problemei tale! [\/cg_accordion]\n[cg_accordion title=\"PACHETUL INCLUDE\"]\n","protected":false},"featured_media":17055,"template":"","meta":{"_acf_changed":false},"product_brand":[],"product_cat":[1188],"product_tag":[],"class_list":{"0":"post-17054","1":"product","2":"type-product","3":"status-publish","4":"has-post-thumbnail","6":"product_cat-accesorii","7":"product_shipping_class-low-end","8":"pa_brand-ayaneo","9":"pa_compatible-with-ayaneo-3-ro","11":"first","12":"instock","13":"sale","14":"taxable","15":"shipping-taxable","16":"purchasable","17":"product-type-variable","18":"has-default-attributes"},"acf":[],"_links":{"self":[{"href":"https:\/\/ayaneo.co\/ro\/wp-json\/wp\/v2\/product\/17054","targetHints":{"allow":["GET"]}}],"collection":[{"href":"https:\/\/ayaneo.co\/ro\/wp-json\/wp\/v2\/product"}],"about":[{"href":"https:\/\/ayaneo.co\/ro\/wp-json\/wp\/v2\/types\/product"}],"wp:featuredmedia":[{"embeddable":true,"href":"https:\/\/ayaneo.co\/ro\/wp-json\/wp\/v2\/media\/17055"}],"wp:attachment":[{"href":"https:\/\/ayaneo.co\/ro\/wp-json\/wp\/v2\/media?parent=17054"}],"wp:term":[{"taxonomy":"product_brand","embeddable":true,"href":"https:\/\/ayaneo.co\/ro\/wp-json\/wp\/v2\/product_brand?post=17054"},{"taxonomy":"product_cat","embeddable":true,"href":"https:\/\/ayaneo.co\/ro\/wp-json\/wp\/v2\/product_cat?post=17054"},{"taxonomy":"product_tag","embeddable":true,"href":"https:\/\/ayaneo.co\/ro\/wp-json\/wp\/v2\/product_tag?post=17054"}],"curies":[{"name":"wp","href":"https:\/\/api.w.org\/{rel}","templated":true}]}}