{"id":17218,"date":"2025-05-02T12:08:14","date_gmt":"2025-05-02T12:08:14","guid":{"rendered":"https:\/\/ayaneo.co\/product\/ayaneo-ace-de-buzunar\/"},"modified":"2025-12-11T00:14:08","modified_gmt":"2025-12-11T00:14:08","slug":"ayaneo-pocket-ace","status":"publish","type":"product","link":"https:\/\/ayaneo.co\/ro\/product\/ayaneo-pocket-ace\/","title":{"rendered":"AYANEO Pocket ACE"},"content":{"rendered":"\n<figure class=\"wp-block-video\"><video height=\"720\" style=\"aspect-ratio: 1280 \/ 720;\" width=\"1280\" controls=\"\" poster=\"https:\/\/ayaneo.co\/wp-content\/uploads\/2025\/05\/maxresdefault-5.jpg\" src=\"https:\/\/ayaneo.co\/wp-content\/uploads\/2025\/05\/ace.mp4\"><\/video><\/figure>\n\n<div class=\"wp-block-columns is-layout-flex wp-container-core-columns-is-layout-28f84493 wp-block-columns-is-layout-flex\">\n<div class=\"wp-block-column is-layout-flow wp-block-column-is-layout-flow\" style=\"flex-basis:33.33%\">\n<figure class=\"wp-block-image size-full\"><a href=\"https:\/\/ayaneo.co\/wp-content\/uploads\/2025\/05\/AYANEO-POCKET-ACE-MARKETING-DONE-01-1024x837-1.jpg\"><img fetchpriority=\"high\" decoding=\"async\" width=\"1024\" height=\"837\" src=\"https:\/\/ayaneo.co\/wp-content\/uploads\/2025\/05\/AYANEO-POCKET-ACE-MARKETING-DONE-01-1024x837-1.jpg\" alt=\"O consol&#x103; de jocuri portabil&#x103;, AYANEO Pocket ACE, afi&#x219;at&#x103; pe o mas&#x103;, cu un logo colorat &#xEE;n gradient pe ecran. Dispozitivul are un D-pad, stick-uri analogice &#x219;i butoane de ac&#x21B;iune, toate iluminate &#xEE;ntr-un cadru ambiental cald, cu un fundal portocaliu neclar. \" class=\"wp-image-37460\" srcset=\"https:\/\/ayaneo.co\/wp-content\/uploads\/2025\/05\/AYANEO-POCKET-ACE-MARKETING-DONE-01-1024x837-1.jpg 1024w, https:\/\/ayaneo.co\/wp-content\/uploads\/2025\/05\/AYANEO-POCKET-ACE-MARKETING-DONE-01-1024x837-1-300x245.jpg 300w, https:\/\/ayaneo.co\/wp-content\/uploads\/2025\/05\/AYANEO-POCKET-ACE-MARKETING-DONE-01-1024x837-1-768x628.jpg 768w, https:\/\/ayaneo.co\/wp-content\/uploads\/2025\/05\/AYANEO-POCKET-ACE-MARKETING-DONE-01-1024x837-1-990x809.jpg 990w, https:\/\/ayaneo.co\/wp-content\/uploads\/2025\/05\/AYANEO-POCKET-ACE-MARKETING-DONE-01-1024x837-1-441x360.jpg 441w, https:\/\/ayaneo.co\/wp-content\/uploads\/2025\/05\/AYANEO-POCKET-ACE-MARKETING-DONE-01-1024x837-1-600x490.jpg 600w, https:\/\/ayaneo.co\/wp-content\/uploads\/2025\/05\/AYANEO-POCKET-ACE-MARKETING-DONE-01-1024x837-1-150x123.jpg 150w\" sizes=\"(max-width: 1024px) 100vw, 1024px\" \/><\/a><\/figure>\n<\/div>\n\n\n\n<div class=\"wp-block-column is-layout-flow wp-block-column-is-layout-flow\" style=\"flex-basis:66.66%\">\n<h3 class=\"wp-block-heading\">Experimenta\u021bi jocurile retro ca niciodat\u0103 \u00eenainte cu AYANEO Pocket ACE<\/h3>\n\n\n\n<p>AYANEO Pocket ACE este un dispozitiv revolu\u021bionar de jocuri portabile care \u00eembin\u0103 perfect farmecul jocurilor retro cu tehnologia modern\u0103 de ultim\u0103 or\u0103. Inspir\u00e2ndu-se din consolele clasice orizontale portabile, acest dispozitiv ofer\u0103 o estetic\u0103 nostalgic\u0103 cuplat\u0103 cu performan\u021be puternice, ceea ce \u00eel face o alegere excelent\u0103 at\u00e2t pentru entuzia\u0219tii jocurilor retro, c\u00e2t \u0219i pentru juc\u0103torii moderni. <\/p>\n<\/div>\n<\/div>\n\n<hr class=\"wp-block-separator has-alpha-channel-opacity\"\/>\n\n<div class=\"wp-block-columns is-layout-flex wp-container-core-columns-is-layout-28f84493 wp-block-columns-is-layout-flex\">\n<div class=\"wp-block-column is-layout-flow wp-block-column-is-layout-flow\">\n<figure class=\"wp-block-image size-full\"><a href=\"https:\/\/ayaneo.co\/wp-content\/uploads\/2025\/05\/snapdragon_g3x_gen2_rounded-1024x837-1.png\"><img decoding=\"async\" width=\"1024\" height=\"837\" src=\"https:\/\/ayaneo.co\/wp-content\/uploads\/2025\/05\/snapdragon_g3x_gen2_rounded-1024x837-1.png\" alt=\"Insigna procesorului Snapdragon G3x Gen 2 &#xEE;ntr-un p&#x103;trat auriu rotunjit cu emblema cu flac&#x103;r&#x103; ro&#x219;ie &#xEE;n dreapta &#x219;i textul ro&#x219;u &#xEE;ndr&#x103;zne&#x21B; &quot;Snapdragon G3x Gen 2&quot; &#xEE;n st&#xE2;nga.\" class=\"wp-image-37462\" srcset=\"https:\/\/ayaneo.co\/wp-content\/uploads\/2025\/05\/snapdragon_g3x_gen2_rounded-1024x837-1.png 1024w, https:\/\/ayaneo.co\/wp-content\/uploads\/2025\/05\/snapdragon_g3x_gen2_rounded-1024x837-1-300x245.png 300w, https:\/\/ayaneo.co\/wp-content\/uploads\/2025\/05\/snapdragon_g3x_gen2_rounded-1024x837-1-768x628.png 768w, https:\/\/ayaneo.co\/wp-content\/uploads\/2025\/05\/snapdragon_g3x_gen2_rounded-1024x837-1-990x809.png 990w, https:\/\/ayaneo.co\/wp-content\/uploads\/2025\/05\/snapdragon_g3x_gen2_rounded-1024x837-1-441x360.png 441w, https:\/\/ayaneo.co\/wp-content\/uploads\/2025\/05\/snapdragon_g3x_gen2_rounded-1024x837-1-600x490.png 600w, https:\/\/ayaneo.co\/wp-content\/uploads\/2025\/05\/snapdragon_g3x_gen2_rounded-1024x837-1-150x123.png 150w\" sizes=\"(max-width: 1024px) 100vw, 1024px\" \/><\/a><\/figure>\n\n\n\n<h3 class=\"wp-block-heading\">Performan\u021b\u0103<\/h3>\n\n\n\n<p>La baza Pocket ACE se afl\u0103 platforma de jocuri Snapdragon G3x Gen 2, care ofer\u0103 p\u00e2n\u0103 la 15W de performan\u021b\u0103 sus\u021binut\u0103. Acest procesor puternic asigur\u0103 emularea f\u0103r\u0103 probleme a titlurilor retro \u0219i gestionarea eficient\u0103 a jocurilor Android moderne. Dispozitivul ofer\u0103 mai multe moduri de performan\u021b\u0103 - Economisire, Echilibru, Joc \u0219i Max - permi\u021b\u00e2nd utilizatorilor s\u0103 optimizeze performan\u021ba \u00een func\u021bie de nevoile lor de joc.  <\/p>\n<\/div>\n\n\n\n<div class=\"wp-block-column is-layout-flow wp-block-column-is-layout-flow\">\n<figure class=\"wp-block-image size-full\"><a href=\"https:\/\/ayaneo.co\/wp-content\/uploads\/2025\/05\/AYANEO-POCKET-ACE-MARKETING-DONE-02-1024x837-1.jpg\"><img decoding=\"async\" width=\"1024\" height=\"837\" src=\"https:\/\/ayaneo.co\/wp-content\/uploads\/2025\/05\/AYANEO-POCKET-ACE-MARKETING-DONE-02-1024x837-1.jpg\" alt=\"Dou&#x103; console de jocuri AYANEO Pocket ACE una l&#xE2;ng&#x103; alta - una alb&#x103; cu butoane ro&#x219;ii etichetate &quot;Retro Power&quot; &#x219;i una neagr&#x103; cu controale &#xEE;ntunecate. Ambele afi&#x219;eaz&#x103; grafica ecranului cu dungi colorate, prezent&#xE2;nd scheme de culori diferite. Iluminate cu tonuri calde &#x219;i reci pentru a eviden&#x21B;ia designul hardware &#x219;i butoanele de pe um&#x103;r.  \" class=\"wp-image-37463\" srcset=\"https:\/\/ayaneo.co\/wp-content\/uploads\/2025\/05\/AYANEO-POCKET-ACE-MARKETING-DONE-02-1024x837-1.jpg 1024w, https:\/\/ayaneo.co\/wp-content\/uploads\/2025\/05\/AYANEO-POCKET-ACE-MARKETING-DONE-02-1024x837-1-300x245.jpg 300w, https:\/\/ayaneo.co\/wp-content\/uploads\/2025\/05\/AYANEO-POCKET-ACE-MARKETING-DONE-02-1024x837-1-768x628.jpg 768w, https:\/\/ayaneo.co\/wp-content\/uploads\/2025\/05\/AYANEO-POCKET-ACE-MARKETING-DONE-02-1024x837-1-990x809.jpg 990w, https:\/\/ayaneo.co\/wp-content\/uploads\/2025\/05\/AYANEO-POCKET-ACE-MARKETING-DONE-02-1024x837-1-441x360.jpg 441w, https:\/\/ayaneo.co\/wp-content\/uploads\/2025\/05\/AYANEO-POCKET-ACE-MARKETING-DONE-02-1024x837-1-600x490.jpg 600w, https:\/\/ayaneo.co\/wp-content\/uploads\/2025\/05\/AYANEO-POCKET-ACE-MARKETING-DONE-02-1024x837-1-150x123.jpg 150w\" sizes=\"(max-width: 1024px) 100vw, 1024px\" \/><\/a><\/figure>\n\n\n\n<h3 class=\"wp-block-heading\">Comenzi \u0219i intr\u0103ri<\/h3>\n\n\n\n<p>Pocket ACE este echipat cu un layout de control versatil conceput pentru a se potrivi diferitelor genuri de jocuri. Caracteristicile cheie includ. <\/p>\n\n\n\n<ul class=\"wp-block-list\">\n<li>Joystick-uri analogice duble cu efect Hall mediu pentru intrare precis\u0103<\/li>\n\n\n\n<li>Declan\u0219atoare lineare cu efect Hall pentru control receptiv<\/li>\n\n\n\n<li>Un D-pad \u00een stil retro pozi\u021bionat \u00een partea de sus pentru o senza\u021bie clasic\u0103 de joc<\/li>\n\n\n\n<li>Butoane ABXY cu aspect personalizabil<\/li>\n\n\n\n<li>Butoane suplimentare, inclusiv Home, Turbo \u0219i comenzi rapide pentru emulator<\/li>\n<\/ul>\n<\/div>\n\n\n\n<div class=\"wp-block-column is-layout-flow wp-block-column-is-layout-flow\">\n<figure class=\"wp-block-image size-full\"><a href=\"https:\/\/ayaneo.co\/wp-content\/uploads\/2025\/05\/seamless_power_combination_rounded-1024x837-1.png\"><img loading=\"lazy\" decoding=\"async\" width=\"1024\" height=\"837\" src=\"https:\/\/ayaneo.co\/wp-content\/uploads\/2025\/05\/seamless_power_combination_rounded-1024x837-1.png\" alt=\"Infografic care promoveaz&#x103; caracteristicile de performan&#x21B;&#x103; ale unei console de jocuri portabile. Printre cele mai importante se num&#x103;r&#x103; memoria LPDDR5X la 8533 Mbps, stocarea UFS 4.0 cu o vitez&#x103; de citire de peste 4000 MB\/s &#x219;i suport pentru o capacitate mare de stocare pentru a p&#x103;stra numeroase jocuri. Trei panouri ilustreaz&#x103; memoria, stocarea &#x219;i biblioteca de jocuri cu grafic&#x103; pixelat&#x103; &#x219;i miniaturi ale coper&#x21B;ilor jocurilor.  \" class=\"wp-image-37464\" srcset=\"https:\/\/ayaneo.co\/wp-content\/uploads\/2025\/05\/seamless_power_combination_rounded-1024x837-1.png 1024w, https:\/\/ayaneo.co\/wp-content\/uploads\/2025\/05\/seamless_power_combination_rounded-1024x837-1-300x245.png 300w, https:\/\/ayaneo.co\/wp-content\/uploads\/2025\/05\/seamless_power_combination_rounded-1024x837-1-768x628.png 768w, https:\/\/ayaneo.co\/wp-content\/uploads\/2025\/05\/seamless_power_combination_rounded-1024x837-1-990x809.png 990w, https:\/\/ayaneo.co\/wp-content\/uploads\/2025\/05\/seamless_power_combination_rounded-1024x837-1-441x360.png 441w, https:\/\/ayaneo.co\/wp-content\/uploads\/2025\/05\/seamless_power_combination_rounded-1024x837-1-600x490.png 600w, https:\/\/ayaneo.co\/wp-content\/uploads\/2025\/05\/seamless_power_combination_rounded-1024x837-1-150x123.png 150w\" sizes=\"(max-width: 1024px) 100vw, 1024px\" \/><\/a><\/figure>\n\n\n\n<h3 class=\"wp-block-heading\">Stocare \u0219i conectivitate<\/h3>\n\n\n\n<p>AYANEO Pocket ACE ofer\u0103 op\u021biuni flexibile de stocare pentru a r\u0103spunde diferitelor nevoi ale utilizatorilor.<\/p>\n\n\n\n<ul class=\"wp-block-list\">\n<li>8 GB RAM + 128 GB spa\u021biu de stocare<\/li>\n\n\n\n<li>12 GB RAM + 256 GB spa\u021biu de stocare<\/li>\n\n\n\n<li>16 GB RAM + 512 GB spa\u021biu de stocare<\/li>\n\n\n\n<li>16 GB RAM + 1 TB spa\u021biu de stocare<\/li>\n<\/ul>\n\n\n\n<p>Un slot pentru card microSD este, de asemenea, disponibil pentru extinderea u\u0219oar\u0103 a capacit\u0103\u021bii de stocare. \u00cen ceea ce prive\u0219te conectivitatea, dispozitivul include Wi-Fi de mare vitez\u0103, Bluetooth 5.3 \u0219i un port USB 3.2 Gen 2 Type-C care accept\u0103 transfer de date la 10Gbps \u0219i ie\u0219ire video DP 1.4. <\/p>\n<\/div>\n<\/div>\n\n<hr class=\"wp-block-separator has-alpha-channel-opacity\"\/>\n\n<div class=\"wp-block-columns is-layout-flex wp-container-core-columns-is-layout-28f84493 wp-block-columns-is-layout-flex\">\n<div class=\"wp-block-column is-layout-flow wp-block-column-is-layout-flow\">\n<figure class=\"wp-block-image size-full\"><a href=\"https:\/\/ayaneo.co\/wp-content\/uploads\/2025\/05\/ips_screen_rounded-1-1024x837-1.png\"><img loading=\"lazy\" decoding=\"async\" width=\"1024\" height=\"837\" src=\"https:\/\/ayaneo.co\/wp-content\/uploads\/2025\/05\/ips_screen_rounded-1-1024x837-1.png\" alt=\"Un grafic promo&#x21B;ional pentru o consol&#x103; de jocuri portabil&#x103; alb&#x103; (AYNNO Pocket ACE). Imaginea prezint&#x103; dou&#x103; console plutind pe un fundal luminos cu un gradient de la albastru la galben. Ecranul consolei afi&#x219;eaz&#x103; un design retro colorat cu dungi curcubeu cu textul &quot;AYNNO Pocket ACE&quot;. Textul alb din partea de sus red&#x103;: &quot;Ecran original color IPS de 4,5&quot;, cu imagini rafinate care prind via&#x21B;&#x103;&quot;.   \" class=\"wp-image-37465\" style=\"object-fit:cover\" srcset=\"https:\/\/ayaneo.co\/wp-content\/uploads\/2025\/05\/ips_screen_rounded-1-1024x837-1.png 1024w, https:\/\/ayaneo.co\/wp-content\/uploads\/2025\/05\/ips_screen_rounded-1-1024x837-1-300x245.png 300w, https:\/\/ayaneo.co\/wp-content\/uploads\/2025\/05\/ips_screen_rounded-1-1024x837-1-768x628.png 768w, https:\/\/ayaneo.co\/wp-content\/uploads\/2025\/05\/ips_screen_rounded-1-1024x837-1-990x809.png 990w, https:\/\/ayaneo.co\/wp-content\/uploads\/2025\/05\/ips_screen_rounded-1-1024x837-1-441x360.png 441w, https:\/\/ayaneo.co\/wp-content\/uploads\/2025\/05\/ips_screen_rounded-1-1024x837-1-600x490.png 600w, https:\/\/ayaneo.co\/wp-content\/uploads\/2025\/05\/ips_screen_rounded-1-1024x837-1-150x123.png 150w\" sizes=\"(max-width: 1024px) 100vw, 1024px\" \/><\/a><\/figure>\n\n\n\n<h3 class=\"wp-block-heading\">Design \u0219i afi\u0219are<\/h3>\n\n\n\n<p>AYANEO Pocket ACE are un design elegant \u0219i compact, care aminte\u0219te de consolele portabile orizontale tradi\u021bionale. Ecranul s\u0103u IPS de 4,5 inchi are o rezolu\u021bie de 1620\u00d71080 pixeli cu un raport de aspect 3:2, oferind culori vibrante \u0219i imagini clare care dau via\u021b\u0103 at\u00e2t jocurilor retro, c\u00e2t \u0219i celor moderne. Dispozitivul este disponibil \u00een trei op\u021biuni de culoare distincte.  <\/p>\n\n\n\n<ul class=\"wp-block-list\">\n<li>Shadow Dance Negru<\/li>\n\n\n\n<li>Lam\u0103 de lumin\u0103 alb\u0103<\/li>\n\n\n\n<li>Retro Power (edi\u021bie limitat\u0103)<\/li>\n<\/ul>\n\n\n\n<p>Marginile cu patru curbe \u0219i acoperirea UV avansat\u0103 ofer\u0103 o aderen\u021b\u0103 confortabil\u0103 \u0219i o senza\u021bie premium, asigur\u00e2nd c\u0103 sesiunile de joc prelungite r\u0103m\u00e2n pl\u0103cute.<\/p>\n<\/div>\n\n\n\n<div class=\"wp-block-column is-layout-flow wp-block-column-is-layout-flow\">\n<figure class=\"wp-block-image size-full\"><a href=\"https:\/\/ayaneo.co\/wp-content\/uploads\/2025\/05\/battery_6000mah_rounded-1024x837-1.png\"><img loading=\"lazy\" decoding=\"async\" width=\"1024\" height=\"837\" src=\"https:\/\/ayaneo.co\/wp-content\/uploads\/2025\/05\/battery_6000mah_rounded-1024x837-1.png\" alt=\"Un grafic promo&#x21B;ional care eviden&#x21B;iaz&#x103; capacitatea bateriei. Pe un fundal &#xEE;ntunecat, negru &#x219;i verde &#xEE;n gradient, este afi&#x219;at&#x103; o pictogram&#x103; mare, stilizat&#x103;, cu o umplutur&#x103; &#xEE;n gradient albastru spre verde. Num&#x103;rul &quot;6000mAh&quot; este afi&#x219;at &#xEE;n mod vizibil sub pictogram&#x103;. Textul alb din partea de sus spune: &quot;Baterie mare de 6000 mAh, pentru jocuri de durat&#x103; oric&#xE2;nd, oriunde&quot;.   \" class=\"wp-image-37466\" srcset=\"https:\/\/ayaneo.co\/wp-content\/uploads\/2025\/05\/battery_6000mah_rounded-1024x837-1.png 1024w, https:\/\/ayaneo.co\/wp-content\/uploads\/2025\/05\/battery_6000mah_rounded-1024x837-1-300x245.png 300w, https:\/\/ayaneo.co\/wp-content\/uploads\/2025\/05\/battery_6000mah_rounded-1024x837-1-768x628.png 768w, https:\/\/ayaneo.co\/wp-content\/uploads\/2025\/05\/battery_6000mah_rounded-1024x837-1-990x809.png 990w, https:\/\/ayaneo.co\/wp-content\/uploads\/2025\/05\/battery_6000mah_rounded-1024x837-1-441x360.png 441w, https:\/\/ayaneo.co\/wp-content\/uploads\/2025\/05\/battery_6000mah_rounded-1024x837-1-600x490.png 600w, https:\/\/ayaneo.co\/wp-content\/uploads\/2025\/05\/battery_6000mah_rounded-1024x837-1-150x123.png 150w\" sizes=\"(max-width: 1024px) 100vw, 1024px\" \/><\/a><\/figure>\n\n\n\n<h3 class=\"wp-block-heading\">Baterie \u0219i caracteristici suplimentare<\/h3>\n\n\n\n<p>Pocket ACE este alimentat de o baterie de 6.000 mAh, care suport\u0103 \u00eenc\u0103rcare rapid\u0103 PD de 40W pentru a v\u0103 men\u021bine \u00een joc mai mult timp. Alte caracteristici notabile includ. <\/p>\n\n\n\n<ul class=\"wp-block-list\">\n<li>0916B Surge Motor liniar pentru feedback haptic imersiv<\/li>\n\n\n\n<li>Giroscop cu \u0219ase axe pentru controlul mi\u0219c\u0103rii<\/li>\n\n\n\n<li>Sistem de r\u0103cire avansat cu ventilator ultra-sub\u021bire, aripioare de disipare a c\u0103ldurii \u0219i plac\u0103 de cupru<\/li>\n\n\n\n<li>Recunoa\u0219terea amprentelor digitale integrat\u0103 \u00een butonul de pornire<\/li>\n<\/ul>\n\n\n\n<p>Aceste caracteristici asigur\u0103 o performan\u021b\u0103 optim\u0103 \u0219i o experien\u021b\u0103 de joc \u00eembun\u0103t\u0103\u021bit\u0103<\/p>\n<\/div>\n<\/div>\n\n<hr class=\"wp-block-separator has-alpha-channel-opacity\"\/>\n\n<h3 class=\"wp-block-heading\">Experien\u021ba utilizatorului \u0219i concluzie<\/h3>\n\n<p>AYANEO Pocket ACE iese \u00een eviden\u021b\u0103 ca un dispozitiv de gaming portabil de top care capteaz\u0103 esen\u021ba jocurilor retro clasice, oferind \u00een acela\u0219i timp puterea \u0219i versatilitatea tehnologiei moderne. Designul s\u0103u compact, performan\u021ba puternic\u0103 \u0219i comenzile personalizabile \u00eel fac o alegere excep\u021bional\u0103 pentru juc\u0103torii care caut\u0103 o experien\u021b\u0103 de joc portabil\u0103 \u0219i captivant\u0103. <\/p>\n\n<p>Consulta\u021bi recenzia noastr\u0103 <a href=\"https:\/\/droix.net\/blogs\/ayaneo-pocket-ace-review\/\" target=\"_blank\" rel=\"noreferrer noopener nofollow\">aici<\/a>.<\/p>\n\n<p><\/p>\n","protected":false},"excerpt":{"rendered":"<ul>\n<li>Procesor: Qualcomm<strong> G3x Gen 2<\/strong><\/li>\n<li>Afi\u0219aj: Ecran tactil de 4,5&#8243;<strong> IPS f\u0103r\u0103 margini<\/strong> <\/li>\n<li>RAM: P\u00e2n\u0103 la<strong> 16GB<\/strong> LPDDR5X @ <strong>8533 MT\/s<\/strong><\/li>\n<li>Stocare: P\u00e2n\u0103 la<strong> 1TB<\/strong> UFS 4.0<\/li>\n<li>Conectivitate: Wi-Fi<strong> 7<\/strong> \u0219i Bluetooth <strong> 5.3<\/strong><\/li>\n<\/ul>\n<p><img loading=\"lazy\" decoding=\"async\" src=\"https:\/\/ayaneo.co\/wp-content\/uploads\/2025\/05\/acegifts2.jpg\" alt=\"Un banner promo\u021bional pentru  \" free=\"\" gifts=\"\" that=\"\" are=\"\" added=\"\" to=\"\" cart=\"\" for=\"\" a=\"\" handheld=\"\" gaming=\"\" console.=\"\" the=\"\" text=\"\" is=\"\" in=\"\" large=\"\" dark=\"\" grey=\"\" font=\"\" on=\"\" light=\"\" background.=\"\" image=\"\" displays=\"\" grid=\"\" of=\"\" product=\"\" accessories=\"\" with=\"\" case=\"\" protector=\"\" and=\"\" caps=\"\" width=\"1000\" height=\"140\" class=\"alignnone size-full wp-image-30151\" labels:=\"\" srcset=\"https:\/\/ayaneo.co\/wp-content\/uploads\/2025\/05\/acegifts2.jpg 1000w, https:\/\/ayaneo.co\/wp-content\/uploads\/2025\/05\/acegifts2-300x42.jpg 300w, https:\/\/ayaneo.co\/wp-content\/uploads\/2025\/05\/acegifts2-768x108.jpg 768w, https:\/\/ayaneo.co\/wp-content\/uploads\/2025\/05\/acegifts2-990x139.jpg 990w, https:\/\/ayaneo.co\/wp-content\/uploads\/2025\/05\/acegifts2-441x62.jpg 441w, https:\/\/ayaneo.co\/wp-content\/uploads\/2025\/05\/acegifts2-600x84.jpg 600w, https:\/\/ayaneo.co\/wp-content\/uploads\/2025\/05\/acegifts2-150x21.jpg 150w\" sizes=\"(max-width: 1000px) 100vw, 1000px\" \/><\/p>\n[cg_accordion title=\"INFORMA\u021aII PRIVIND PLATA\"]<\/p>\n<p>Utiliz\u0103m cea mai recent\u0103 tehnologie de procesare a pl\u0103\u021bilor, care v\u0103 permite s\u0103 efectua\u021bi plata prin Apple Pay, Google Pay, cardul dvs. de debit\/credit, PayPal sau metode BNPL precum Klarna, Affirm sau AfterPay pentru o experien\u021b\u0103 rapid\u0103 \u0219i sigur\u0103.[\/cg_accordion]\n[cg_accordion title=\"GARAN\u021aIE\"]<\/p>\n<p>Garan\u021bie de 1 an de la <a href=\"https:\/\/droix.net\/\" target=\"_blank\" rel=\"nofollow noopener\">DROIX Global<\/a> pentru lini\u0219tea dumneavoastr\u0103[\/cg_accordion]\n[cg_accordion title=\"ASIGURAREA CALIT\u0102\u021aII \u0218I TESTAREA \u00ceNAINTE DE EXPEDIERE\"]<\/p>\n<p>Asigurarea satisfac\u021biei clien\u021bilor la cel mai \u00eenalt standard: Fiecare dispozitiv este supus unor teste riguroase \u0219i unei verific\u0103ri de asigurare a calit\u0103\u021bii \u00een mai multe puncte \u00eenainte de a fi expediat. Echipa noastr\u0103 dedicat\u0103 verific\u0103 performan\u021ba, func\u021bionalitatea \u0219i integritatea componentelor pentru a v\u0103 garanta c\u0103 dispozitivul AYANEO este \u00een stare perfect\u0103 de func\u021bionare la sosire, oferindu-v\u0103 \u00eencredere \u0219i lini\u0219te sufleteasc\u0103. [\/cg_accordion]\n[cg_accordion title=\"PRE\u021aURI, TAXE \u0218I TRANSPORT\"]<\/p>\n<p><strong><u>Not\u0103:<\/u><\/strong><\/p>\n<ul>\n<li>Clien\u021bii din Statele Unite ale Americii: Pre\u021bul afi\u0219at NU include TAXE sau taxe vamale. Responsabilitatea de a v\u0103mui \u0219i de a pl\u0103ti orice tax\u0103\/tax\u0103 asociat\u0103 revine clientului. <\/li>\n<li>Clien\u021bii din UE: Pre\u021bul afi\u0219at include TAXA aplicabil\u0103, care poate fi de p\u00e2n\u0103 la 25% \u00een func\u021bie de \u021bara dumneavoastr\u0103.<\/li>\n<li>Clien\u021bii din Canada: Pre\u021bul afi\u0219at include taxele aplicabile, care pot include 5% GST \u0219i taxe de v\u00e2nzare provinciale suplimentare (PST), taxa de v\u00e2nzare armonizat\u0103 (HST) sau taxa de v\u00e2nzare din Quebec (QST), \u00een func\u021bie de provincia dumneavoastr\u0103.<\/li>\n<\/ul>\n<p><strong>Doar pentru clien\u021bii din UE:<\/strong> Express DDP (Delivered Duty Paid). Aceasta \u00eenseamn\u0103 c\u0103: <\/p>\n<ul>\n<li>Toate taxele vamale \u0219i impozitele sunt incluse \u00een pre\u021bul afi\u0219at pe pagina produsului.<\/li>\n<li>Nu va trebui s\u0103 pl\u0103ti\u021bi nicio tax\u0103 suplimentar\u0103 la livrare.<\/li>\n<li>\u00cen cazul rar al unor probleme legate de vam\u0103, echipa noastr\u0103 se va ocupa de procesul de v\u0103muire \u00een numele dvs. pentru a asigura o livrare f\u0103r\u0103 probleme.<\/li>\n<p>Informa\u021bii importante despre retururi:<\/p>\n<li>Dac\u0103 decide\u021bi s\u0103 returna\u021bi comanda sau s\u0103 solicita\u021bi o rambursare, v\u0103 rug\u0103m s\u0103 re\u021bine\u021bi c\u0103 taxele \u0219i impozitele pl\u0103tite \u00een numele dvs. \u00een conformitate cu termenii DDP nu pot fi rambursate.<\/li>\n<p>V\u0103 rug\u0103m s\u0103 consulta\u021bi <a href=\"https:\/\/ayaneo.co\/ro\/termeni-de-serviciu\/\" target=\"_blank\" rel=\"nofollow noopener\">Termenii \u0219i condi\u021biile<\/a> noastre pentru informa\u021bii detaliate.\n<\/ul>\n<p>[\/cg_accordion]\n[cg_accordion title=\"ASISTEN\u021a\u0102 PENTRU CLIEN\u021aI\"]<\/p>\n<p>Ave\u021bi o \u00eentrebare? Suntem la un scurt mesaj distan\u021b\u0103 de rezolvarea problemei tale! [\/cg_accordion]\n[cg_accordion title=\"PACHETUL INCLUDE\"]<\/p>\n<ul>\n<li>1x AYANEO Pocket ACE<\/li>\n<li>1x cablu USB tip C<\/li>\n<li>1x Manual de utilizare<\/li>\n<\/ul>\n<p>[\/cg_accordion]\n","protected":false},"featured_media":17227,"template":"","meta":{"_acf_changed":false},"product_brand":[],"product_cat":[1235],"product_tag":[],"class_list":{"0":"post-17218","1":"product","2":"type-product","3":"status-publish","4":"has-post-thumbnail","6":"product_cat-android-jocuri-portabile","7":"product_shipping_class-premium","8":"pa_brand-ayaneo","9":"pa_graphics-gpu-model-adreno-a32","10":"pa_operating-system-android-13","11":"pa_processor-cpu-brand-qualcomm","13":"first","14":"instock","15":"taxable","16":"shipping-taxable","17":"purchasable","18":"product-type-variable","19":"has-default-attributes"},"acf":[],"_links":{"self":[{"href":"https:\/\/ayaneo.co\/ro\/wp-json\/wp\/v2\/product\/17218","targetHints":{"allow":["GET"]}}],"collection":[{"href":"https:\/\/ayaneo.co\/ro\/wp-json\/wp\/v2\/product"}],"about":[{"href":"https:\/\/ayaneo.co\/ro\/wp-json\/wp\/v2\/types\/product"}],"wp:featuredmedia":[{"embeddable":true,"href":"https:\/\/ayaneo.co\/ro\/wp-json\/wp\/v2\/media\/17227"}],"wp:attachment":[{"href":"https:\/\/ayaneo.co\/ro\/wp-json\/wp\/v2\/media?parent=17218"}],"wp:term":[{"taxonomy":"product_brand","embeddable":true,"href":"https:\/\/ayaneo.co\/ro\/wp-json\/wp\/v2\/product_brand?post=17218"},{"taxonomy":"product_cat","embeddable":true,"href":"https:\/\/ayaneo.co\/ro\/wp-json\/wp\/v2\/product_cat?post=17218"},{"taxonomy":"product_tag","embeddable":true,"href":"https:\/\/ayaneo.co\/ro\/wp-json\/wp\/v2\/product_tag?post=17218"}],"curies":[{"name":"wp","href":"https:\/\/api.w.org\/{rel}","templated":true}]}}