{"id":17219,"date":"2025-03-27T09:55:33","date_gmt":"2025-03-27T09:55:33","guid":{"rendered":"https:\/\/ayaneo.co\/product\/ayaneo-air-pro\/"},"modified":"2025-05-30T16:00:40","modified_gmt":"2025-05-30T16:00:40","slug":"ayaneo-air-pro","status":"publish","type":"product","link":"https:\/\/ayaneo.co\/ro\/product\/ayaneo-air-pro\/","title":{"rendered":"AYANEO AIR PRO"},"content":{"rendered":"\n<h2 class=\"wp-block-heading\">AYANEO Aer<\/h2>\n\n<figure class=\"wp-block-image\"><img decoding=\"async\" src=\"https:\/\/droix.net\/wp-content\/uploads\/2022\/10\/TEXT.png\" alt=\"\" title=\"AYA NEO AIR PRO 1\"\/><\/figure>\n\n<figure class=\"wp-block-image\"><img decoding=\"async\" src=\"https:\/\/droix.net\/wp-content\/uploads\/2022\/10\/cpu-perf.png\" alt=\"\" title=\"AYA NEO AIR PRO 2\"\/><\/figure>\n\n<h2 class=\"wp-block-heading\">Procesor puternic<\/h2>\n\n<figure class=\"wp-block-image\"><img decoding=\"async\" src=\"https:\/\/droix.net\/wp-content\/uploads\/2022\/10\/oled.png\" alt=\"\" title=\"AYA NEO AIR PRO 3\"\/><\/figure>\n\n<h2 class=\"wp-block-heading\">Crisp OLED Ecran<\/h2>\n\n<figure class=\"wp-block-image\"><img decoding=\"async\" src=\"https:\/\/droix.net\/wp-content\/uploads\/2022\/10\/controller.png\" alt=\"\" title=\"AYA NEO AIR PRO 4\"\/><\/figure>\n\n<h2 class=\"wp-block-heading\">Controlere de jocuri<\/h2>\n\n<figure class=\"wp-block-image\"><img decoding=\"async\" src=\"https:\/\/droix.net\/wp-content\/uploads\/2022\/10\/hall-joystick.png\" alt=\"\" title=\"AYA NEO AIR PRO 5\"\/><\/figure>\n\n<h2 class=\"wp-block-heading\">HALL Joystick-uri<\/h2>\n\n<figure class=\"wp-block-image\"><img decoding=\"async\" src=\"https:\/\/droix.net\/wp-content\/uploads\/2022\/10\/light.png\" alt=\"\" title=\"AYA NEO AIR PRO 6\"\/><\/figure>\n\n<h2 class=\"wp-block-heading\">Greutate redus\u0103<\/h2>\n\n<figure class=\"wp-block-image\"><img decoding=\"async\" src=\"https:\/\/droix.net\/wp-content\/uploads\/2022\/10\/lightweight.png\" alt=\"\" title=\"AYA NEO AIR PRO 7\"\/><\/figure>\n\n<h2 class=\"wp-block-heading\">Portabil<\/h2>\n\n<figure class=\"wp-block-image\"><img decoding=\"async\" src=\"https:\/\/droix.net\/wp-content\/uploads\/2022\/10\/ayaspace.png\" alt=\"\" title=\"AYA NEO AIR PRO 8\"\/><\/figure>\n\n<h2 class=\"wp-block-heading\">AYASpace<\/h2>\n\n<figure class=\"wp-block-image\"><img decoding=\"async\" src=\"https:\/\/droix.net\/wp-content\/uploads\/2022\/10\/storage-expansion.png\" alt=\"\" title=\"AYA NEO AIR PRO 9\"\/><\/figure>\n\n<h2 class=\"wp-block-heading\">Stocare extensibil\u0103<\/h2>\n\n<h2 class=\"wp-block-heading\">AYANEO Aer<\/h2>\n\n<h2 class=\"wp-block-heading\">18mm<\/h2>\n\n<h2 class=\"wp-block-heading\">AYANEO Air Pro<\/h2>\n\n<h2 class=\"wp-block-heading\">21,6 mm<\/h2>\n\n<figure class=\"wp-block-image\"><img decoding=\"async\" src=\"https:\/\/droix.net\/wp-content\/uploads\/2022\/10\/1.png\" alt=\"\" title=\"AYA NEO AIR PRO 10\"\/><\/figure>\n\n<figure class=\"wp-block-image\"><img decoding=\"async\" src=\"https:\/\/droix.net\/wp-content\/uploads\/2022\/10\/2.png\" alt=\"\" title=\"AYA NEO AIR PRO 11\"\/><\/figure>\n\n<figure class=\"wp-block-image\"><img decoding=\"async\" src=\"https:\/\/droix.net\/wp-content\/uploads\/2022\/10\/6.png\" alt=\"\" title=\"AYA NEO AIR PRO 12\"\/><\/figure>\n\n<figure class=\"wp-block-image\"><img decoding=\"async\" src=\"https:\/\/droix.net\/wp-content\/uploads\/2022\/10\/3.png\" alt=\"\" title=\"AYA NEO AIR PRO 13\"\/><\/figure>\n\n<figure class=\"wp-block-image\"><img decoding=\"async\" src=\"https:\/\/droix.net\/wp-content\/uploads\/2022\/10\/8.png\" alt=\"\" title=\"AYA NEO AIR PRO 14\"\/><\/figure>\n\n<figure class=\"wp-block-image\"><img decoding=\"async\" src=\"https:\/\/droix.net\/wp-content\/uploads\/2022\/10\/4.png\" alt=\"\" title=\"AYA NEO AIR PRO 15\"\/><\/figure>\n\n<figure class=\"wp-block-image\"><img decoding=\"async\" src=\"https:\/\/droix.net\/wp-content\/uploads\/2022\/10\/5.png\" alt=\"\" title=\"AYA NEO AIR PRO 16\"\/><\/figure>\n\n<figure class=\"wp-block-image\"><img decoding=\"async\" src=\"https:\/\/droix.net\/wp-content\/uploads\/elementor\/thumbs\/7-q8z5dcnq498hbirw1mfy0omf1l06qm1syszlslccn4.png\" alt=\"7.png\" title=\"7.png\"\/><\/figure>\n\n<figure class=\"wp-block-image\"><img decoding=\"async\" src=\"https:\/\/droix.net\/wp-content\/uploads\/elementor\/thumbs\/9-q8z5dcnq498hbirw1mfy0omf1l06qm1syszlslccn4.png\" alt=\"9.png\" title=\"9.png\"\/><\/figure>\n\n<h2 class=\"wp-block-heading\">Experimenta\u021bi jocurile prin intermediul ecranului clar OLED <\/h2>\n\n<h2 class=\"wp-block-heading\">Cu un ecran de 5,5\u2033 AMOLED cu gam\u0103 larg\u0103 de culori.<\/h2>\n\n<h2 class=\"wp-block-heading\">Efectul de gam\u0103 larg\u0103 de culori, NTSC 109%, face afi\u0219ajul mai realist.<br\/>Cu un raport de contrast de p\u00e2n\u0103 la 100000:1, culorile sunt mai bogate \u0219i mai vii.<br\/>Experimenta\u021bi negrul pur \u0219i imaginile cu contrast ridicat din titlurile dvs. preferate. Modelul AYANEO Air are cel mai mare PPI g\u0103sit pe un dispozitiv portabil pentru jocuri Windows, cu 404 pixeli pe inch. <\/h2>\n\n<figure class=\"wp-block-image\"><img decoding=\"async\" src=\"https:\/\/droix.net\/wp-content\/uploads\/2022\/10\/oled-info-1024x309.png\" alt=\"\" title=\"AYA NEO AIR PRO 17\"\/><\/figure>\n\n<h2 class=\"wp-block-heading\">Ultra-sub\u021bire \u0219i u\u0219or<\/h2>\n\n<h2 class=\"wp-block-heading\">AYANEO Air a fost dezvoltat \u021bin\u00e2nd cont de portabilitate \u0219i, pentru a realiza acest lucru, a trebuit s\u0103 combin\u0103m \u0219i s\u0103 comprim\u0103m aproximativ 3500 de componente \u00een acest dispozitiv portabil pentru jocuri cu Windows.<br\/>\u00cen acest dispozitiv portabil ultraportabil pentru jocuri ave\u021bi hardware considerat demn de un laptop.<br\/>\u0218i pentru a \u00eencheia acest pachet frumos, doar 2 \u0219uruburi sunt vizibile pentru utilizatorul final.<\/h2>\n\n<h2 class=\"wp-block-heading\">O nou\u0103 abordare a terminalelor portabile<\/h2>\n\n<h2 class=\"wp-block-heading\">Cu o greutate de numai 398 g*<\/h2>\n\n<figure class=\"wp-block-image\"><img decoding=\"async\" src=\"https:\/\/droix.net\/wp-content\/uploads\/2022\/10\/ayaneo_air-vs-switch.png\" alt=\"\" title=\"AYA NEO AIR PRO 18\"\/><\/figure>\n\n<h2 class=\"wp-block-heading\">AYANEO Air Lite* - 398g<br\/>AYANEO Air Standard - 398g<br\/>AYANEO Air Pro - 440g<\/h2>\n\n<h2 class=\"wp-block-heading\">Considerabil mai mic dec\u00e2t Steam Deck<br\/> \u0218i chiar mai mic dec\u00e2t Switch<\/h2>\n\n<figure class=\"wp-block-image\"><img decoding=\"async\" src=\"https:\/\/droix.net\/wp-content\/uploads\/2022\/10\/ayaneo-sd-switch.png\" alt=\"\" title=\"AYA NEO AIR PRO 19\"\/><\/figure>\n\n<h2 class=\"wp-block-heading\">398g AYANEO Aer<\/h2>\n\n<h2 class=\"wp-block-heading\">223.9\u00d789.4x18mm<\/h2>\n\n<h2 class=\"wp-block-heading\">420g Nintendo Switch<\/h2>\n\n<h2 class=\"wp-block-heading\">242x102x13.9mm<\/h2>\n\n<h2 class=\"wp-block-heading\">669g Steam Deck<\/h2>\n\n<h2 class=\"wp-block-heading\">298x117x20mm<\/h2>\n\n<h2 class=\"wp-block-heading\">Jocuri AAA \u00een mi\u0219care?<\/h2>\n\n<h2 class=\"wp-block-heading\">AYANEO Air vine cu puterea RED, echipat\u0103 fie cu AMD Ryzen 5 5560U, fie cu 5825U (disponibil doar pe AYANEO Air Pro).<br\/>Aceste APU-uri nu sunt numai excelente pentru jocuri, ci \u0219i consum\u0103 mai pu\u021bin\u0103 energie - permi\u021b\u00e2ndu-v\u0103 s\u0103 v\u0103 juca\u021bi jocurile preferate, pentru mai mult timp.<\/h2>\n\n<figure class=\"wp-block-image\"><img decoding=\"async\" src=\"https:\/\/droix.net\/wp-content\/uploads\/2022\/10\/cpu-1-1-300x300.png\" alt=\"\" title=\"AYA NEO AIR PRO 20\"\/><\/figure>\n\n<h2 class=\"wp-block-heading\">Datorit\u0103 procesului 7nn de la TSMC, AYANEO Air consum\u0103 pu\u021bin\u0103 energie, men\u021bin\u00e2nd \u00een acela\u0219i timp performan\u021be ridicate \u00een titlurile tale preferate.<\/h2>\n\n<figure class=\"wp-block-image\"><img decoding=\"async\" src=\"https:\/\/droix.net\/wp-content\/uploads\/2022\/10\/cpu-2-1-300x300.png\" alt=\"\" title=\"AYA NEO AIR PRO 21\"\/><\/figure>\n\n<h2 class=\"wp-block-heading\">Disponibil\u0103 numai pe AYANEO Air Pro, APU AMD Ryzen 7 5825U func\u021bioneaz\u0103 cu 100Mhz mai mult dec\u00e2t cea 5800U \u0219i este perfect\u0103 pentru jocuri \u00een mi\u0219care.<\/h2>\n\n<h2 class=\"wp-block-heading\">Afl\u0103 mai multe despre jocurile tale preferate<\/h2>\n\n<figure class=\"wp-block-image\"><img decoding=\"async\" src=\"https:\/\/droix.net\/wp-content\/uploads\/2022\/08\/games-1.png\" alt=\"jocuri-1\" title=\"AYA NEO AIR PRO 22\"\/><\/figure>\n\n<figure class=\"wp-block-image\"><img decoding=\"async\" src=\"https:\/\/droix.net\/wp-content\/uploads\/2022\/08\/games-2.png\" alt=\"jocuri-2\" title=\"AYA NEO AIR PRO 23\"\/><\/figure>\n\n<figure class=\"wp-block-image\"><img decoding=\"async\" src=\"https:\/\/droix.net\/wp-content\/uploads\/elementor\/thumbs\/ayaneo-master-q8z5dcnq497mmmrgjif980vegtbvts312kqur5jx8g.png\" alt=\"ayaneo-master.png\" title=\"ayaneo-master.png\"\/><\/figure>\n\n<h2 class=\"wp-block-heading\">Fii un maestru pe c\u00e2mpul de lupt\u0103, cu GuliKit.<\/h2>\n\n<h2 class=\"wp-block-heading\">AYANEO, \u00een parteneriat cu GuliKit s-au dedicat pentru a v\u0103 oferi cea mai bun\u0103 experien\u021b\u0103 \u00een Gaming. Acest PC Gaming Handheld este primul model care vine echipat cu joystick-urile GuliKit de \u00eenalt\u0103 calitate. <\/h2>\n\n<figure class=\"wp-block-image\"><img decoding=\"async\" src=\"https:\/\/droix.net\/wp-content\/uploads\/elementor\/thumbs\/gulikit-logo-q8z5dcnq497ijbaloaorilpee1n1klosjvnack8xkw.png\" alt=\"gulikit-logo.png\" title=\"gulikit-logo.png\"\/><\/figure>\n\n<figure class=\"wp-block-image\"><img decoding=\"async\" src=\"https:\/\/droix.net\/wp-content\/uploads\/2022\/10\/ayaneo-joystick-device.png\" alt=\"\" title=\"AYA NEO AIR PRO 24\"\/><\/figure>\n\n<h2 class=\"wp-block-heading\">F\u0103r\u0103 zon\u0103 moart\u0103 Joystick-uri<\/h2>\n\n<h2 class=\"wp-block-heading\">Cercurile interioare \u0219i exterioare sunt 100% lipsite de \u201ezone moarte\u201d<br\/>Acest lucru este perfect pentru jocurile FPS.<\/h2>\n\n<h2 class=\"wp-block-heading\">Reglarea sensibilit\u0103\u021bii declan\u0219atorului<\/h2>\n\n<h2 class=\"wp-block-heading\">Folosind AYA Space, pute\u021bi controla cu u\u0219urin\u021b\u0103 cursa de ap\u0103sare a declan\u0219atorului. Acest lucru v\u0103 va permite s\u0103 ap\u0103sa\u021bi declan\u0219atoarele cu 50%, pentru un efect deplin. <\/h2>\n\n<h2 class=\"wp-block-heading\">Standby f\u0103r\u0103 consum de energie<\/h2>\n\n<h2 class=\"wp-block-heading\">Pute\u021bi dezactiva controlerele \u00een cadrul AYA Space, ceea ce va economisi energie.<\/h2>\n\n<h2 class=\"wp-block-heading\">Schimb de taste A-B X-Y<\/h2>\n\n<h2 class=\"wp-block-heading\">Obi\u0219nuit cu aspectul japonez? Nicio problem\u0103! Cu AYA Space pute\u021bi schimba aspectul.  <\/h2>\n\n<figure class=\"wp-block-image\"><img decoding=\"async\" src=\"https:\/\/droix.net\/wp-content\/uploads\/2022\/10\/11.png\" alt=\"\" title=\"AYA NEO AIR PRO 25\"\/><\/figure>\n\n<h2 class=\"wp-block-heading\">F\u0103r\u0103 deriv\u0103<\/h2>\n\n<h2 class=\"wp-block-heading\">AYANEO Joystick-urile Air folosesc balansiere electromagnetice pentru a se asigura c\u0103 nu exist\u0103 nicio deviere a joystick-ului.<\/h2>\n\n<figure class=\"wp-block-image\"><img decoding=\"async\" src=\"https:\/\/droix.net\/wp-content\/uploads\/2022\/10\/22.png\" alt=\"\" title=\"AYA NEO AIR PRO 26\"\/><\/figure>\n\n<h2 class=\"wp-block-heading\">F\u0103r\u0103 zon\u0103 moart\u0103<\/h2>\n\n<h2 class=\"wp-block-heading\">Joystick-urile lui AYANEO Air nu au zon\u0103 moart\u0103 \u00een inelele centrale \u0219i exterioare ale joystick-urilor.<\/h2>\n\n<figure class=\"wp-block-image\"><img decoding=\"async\" src=\"https:\/\/droix.net\/wp-content\/uploads\/2022\/10\/33.png\" alt=\"\" title=\"AYA NEO AIR PRO 27\"\/><\/figure>\n\n<h2 class=\"wp-block-heading\">Precizie ridicat\u0103<\/h2>\n\n<h2 class=\"wp-block-heading\">V\u0103 permite s\u0103 ob\u021bine\u021bi acele fotografii greu de ob\u021binut \u00een FPS \u0219i s\u0103 v\u0103 controla\u021bi f\u0103r\u0103 probleme vehiculul \u00een jocurile de condus<\/h2>\n\n<figure class=\"wp-block-image\"><img decoding=\"async\" src=\"https:\/\/droix.net\/wp-content\/uploads\/2022\/10\/44.png\" alt=\"\" title=\"AYA NEO AIR PRO 28\"\/><\/figure>\n\n<h2 class=\"wp-block-heading\">Durat\u0103 lung\u0103 de via\u021b\u0103<\/h2>\n\n<h2 class=\"wp-block-heading\">Joystick-urile Hall au o durat\u0103 de via\u021b\u0103 de 5 milioane de utiliz\u0103ri. Acest lucru v\u0103 va asigura c\u0103 AYANEO Air se comport\u0103 <\/h2>\n\n<h2 class=\"wp-block-heading\">EXCLUSIV pentru AYANEO Devices<\/h2>\n\n<h2 class=\"wp-block-heading\">Spa\u021biul AYA<\/h2>\n\n<h2 class=\"wp-block-heading\">AYA Space v\u0103 permite s\u0103 gestiona\u021bi \u0219i s\u0103 lansa\u021bi jocurile dvs. preferate \u00een c\u00e2teva secunde.<br\/>Cu AYA Space pute\u021bi seta profiluri de performan\u021b\u0103 pentru fiecare joc \u0219i pute\u021bi controla func\u021biile principale ale dispozitivului dvs.<br\/> AYANEO Air vine cu un buton dedicat AYA Space, care poate aduce cu u\u0219urin\u021b\u0103 suprapunerea, permi\u021b\u00e2ndu-v\u0103 s\u0103 regla\u021bi luminozitatea, volumul \u0219i TDP - toate prin simpla atingere a unui buton.<\/h2>\n\n<figure class=\"wp-block-image\"><img decoding=\"async\" src=\"https:\/\/droix.net\/wp-content\/uploads\/2022\/10\/ayaspace-ui-768x625.png\" alt=\"\" title=\"AYA NEO AIR PRO 29\"\/><\/figure>\n\n<h2 class=\"wp-block-heading\">Stocare de mare vitez\u0103, intern\u0103 sau extern\u0103<\/h2>\n\n<h2 class=\"wp-block-heading\">Interne SSD<\/h2>\n\n<h2 class=\"wp-block-heading\">NVMe de mare vitez\u0103 \u00eencorporat SSD cu o capacitate de p\u00e2n\u0103 la 2TB<\/h2>\n\n<figure class=\"wp-block-image\"><img decoding=\"async\" src=\"https:\/\/droix.net\/wp-content\/uploads\/2022\/10\/storage-1.png\" alt=\"\" title=\"AYA NEO AIR PRO 30\"\/><\/figure>\n\n<h2 class=\"wp-block-heading\">Fant\u0103 pentru card TF\/Micro SD<\/h2>\n\n<h2 class=\"wp-block-heading\">V\u0103 permite s\u0103 v\u0103 actualiza\u021bi cu u\u0219urin\u021b\u0103 memoria intern\u0103.<\/h2>\n\n<figure class=\"wp-block-image\"><img decoding=\"async\" src=\"https:\/\/droix.net\/wp-content\/uploads\/2022\/10\/storage-2.png\" alt=\"\" title=\"AYA NEO AIR PRO 31\"\/><\/figure>\n\n<figure class=\"wp-block-image\"><img decoding=\"async\" src=\"https:\/\/droix.net\/wp-content\/uploads\/2022\/10\/multi-use.jpg\" alt=\"\" title=\"AYA NEO AIR PRO 32\"\/><\/figure>\n","protected":false},"excerpt":{"rendered":"<ul>\n<li>AMD <strong>Ryzen 5 5560U<\/strong> \/ AMD <strong>Ryzen 7 5825U<\/strong><\/li>\n<li><strong>16GB<\/strong> LPDDR4x @ 4266Mhz<\/li>\n<li><strong>p\u00e2n\u0103 la 1TB<\/strong> High-Speed PCI-E <strong>M.2<\/strong> 2280 SSD<\/li>\n<li>Ecran tactil de <strong>5,5<\/strong> \" <strong> OLED<\/strong> <\/li>\n<li>Suport <strong>WiFi 6<\/strong> \u0219i <strong>Bluetooth 5.2<\/strong> <\/li>\n<\/ul>\n[cg_accordion title=\"Garan\u021bie\"]<\/p>\n<p>AYANEO AIR PRO beneficiaz\u0103 de o garan\u021bie de 1 an din partea <a href=\"https:\/\/droix.net\/\">DROIX Global<\/a> [\/cg_accordion]\n[cg_accordion title=\"Pre\u021buri, taxe \u0219i transport\"]<\/p>\n<p><strong><u>Not\u0103:<\/u><\/strong><\/p>\n<ul>\n<li>Clien\u021bii din Statele Unite: Pre\u021bul afi\u0219at include TAXA aplicabil\u0103 \u00een func\u021bie de statul dumneavoastr\u0103.<\/li>\n<li>Clien\u021bii din UE: Pre\u021bul afi\u0219at include TAXA aplicabil\u0103, care poate fi de p\u00e2n\u0103 la 25% \u00een func\u021bie de \u021bara dumneavoastr\u0103.<\/li>\n<li>Clien\u021bii din Canada: Pre\u021bul afi\u0219at include taxele aplicabile, care pot include 5% GST \u0219i taxe de v\u00e2nzare provinciale suplimentare (PST), taxa de v\u00e2nzare armonizat\u0103 (HST) sau taxa de v\u00e2nzare din Quebec (QST), \u00een func\u021bie de provincia dumneavoastr\u0103.<\/li>\n<\/ul>\n<p>[\/cg_accordion]\n[cg_accordion title=\"Transport \u0219i retururi\"]<\/p>\n<p>Organizat de <a href=\"https:\/\/droix.net\/\" target=\"_blank\" rel=\"nofollow noopener\">DROIX<\/a>, un distribuitor oficial AYANEO, livr\u0103m folosind DHL Express DDP (Delivered Duty Paid). Acest lucru \u00eenseamn\u0103 c\u0103: <\/p>\n<p>Express DDP (Delivered Duty Paid). Aceasta \u00eenseamn\u0103: <\/p>\n<ul>\n<li>Toate taxele vamale \u0219i impozitele sunt incluse \u00een pre\u021bul afi\u0219at pe pagina produsului.<\/li>\n<li>Nu va trebui s\u0103 pl\u0103ti\u021bi nicio tax\u0103 suplimentar\u0103 la livrare.<\/li>\n<li>\u00cen cazul rar al unor probleme legate de vam\u0103, echipa noastr\u0103 se va ocupa de procesul de v\u0103muire \u00een numele dvs. pentru a asigura o livrare f\u0103r\u0103 probleme.<\/li>\n<p>Informa\u021bii importante despre retururi:<\/p>\n<li>Dac\u0103 decide\u021bi s\u0103 returna\u021bi comanda sau s\u0103 solicita\u021bi o rambursare, v\u0103 rug\u0103m s\u0103 re\u021bine\u021bi c\u0103 taxele \u0219i impozitele pl\u0103tite \u00een numele dvs. \u00een conformitate cu termenii DDP nu pot fi rambursate.<\/li>\n<p>V\u0103 rug\u0103m s\u0103 consulta\u021bi <a href=\"https:\/\/ayaneo.co\/terms-of-service-2\/\" target=\"_blank\" rel=\"nofollow noopener\">Termenii \u0219i condi\u021biile<\/a> noastre pentru informa\u021bii detaliate.\n<\/ul>\n<p>[\/cg_accordion]\n[cg_accordion title=\"Asisten\u021b\u0103 pentru clien\u021bi\"]<\/p>\n<p>Ave\u021bi o \u00eentrebare? Suntem la un scurt mesaj distan\u021b\u0103 de rezolvarea problemei tale! [\/cg_accordion]\n[cg_accordion title=\"Pachetul include\"]<\/p>\n<ul>\n<li>1x AYANEO AIR PRO Gaming Handheld<\/li>\n<li>1x cablu USB tip C<\/li>\n<li>1x adaptor de alimentare<\/li>\n<li>1x Manual de utilizare<\/li>\n<\/ul>\n<p>[\/cg_accordion]\n","protected":false},"featured_media":17247,"template":"","meta":{"_acf_changed":false},"product_brand":[],"product_cat":[1228],"product_tag":[],"class_list":{"0":"post-17219","1":"product","2":"type-product","3":"status-publish","4":"has-post-thumbnail","6":"product_cat-pc-uri-portabile-pentru-jocuri","7":"product_shipping_class-premium","8":"pa_brand-ayaneo","9":"pa_graphics-gpu-model-radeon-graphics","10":"pa_operating-system-windows-11-home","11":"pa_processor-cpu-brand-amd","13":"first","14":"outofstock","15":"taxable","16":"shipping-taxable","17":"purchasable","18":"product-type-variable","19":"has-default-attributes"},"acf":[],"_links":{"self":[{"href":"https:\/\/ayaneo.co\/ro\/wp-json\/wp\/v2\/product\/17219","targetHints":{"allow":["GET"]}}],"collection":[{"href":"https:\/\/ayaneo.co\/ro\/wp-json\/wp\/v2\/product"}],"about":[{"href":"https:\/\/ayaneo.co\/ro\/wp-json\/wp\/v2\/types\/product"}],"wp:featuredmedia":[{"embeddable":true,"href":"https:\/\/ayaneo.co\/ro\/wp-json\/wp\/v2\/media\/17247"}],"wp:attachment":[{"href":"https:\/\/ayaneo.co\/ro\/wp-json\/wp\/v2\/media?parent=17219"}],"wp:term":[{"taxonomy":"product_brand","embeddable":true,"href":"https:\/\/ayaneo.co\/ro\/wp-json\/wp\/v2\/product_brand?post=17219"},{"taxonomy":"product_cat","embeddable":true,"href":"https:\/\/ayaneo.co\/ro\/wp-json\/wp\/v2\/product_cat?post=17219"},{"taxonomy":"product_tag","embeddable":true,"href":"https:\/\/ayaneo.co\/ro\/wp-json\/wp\/v2\/product_tag?post=17219"}],"curies":[{"name":"wp","href":"https:\/\/api.w.org\/{rel}","templated":true}]}}