{"id":17425,"date":"2025-05-08T13:01:34","date_gmt":"2025-05-08T13:01:34","guid":{"rendered":"https:\/\/ayaneo.co\/product\/ayaneo-ag01-dock-grafic-starship\/"},"modified":"2026-01-06T00:32:07","modified_gmt":"2026-01-06T00:32:07","slug":"ayaneo-ag01","status":"publish","type":"product","link":"https:\/\/ayaneo.co\/ro\/product\/ayaneo-ag01\/","title":{"rendered":"AYANEO AG01 Dock grafic Starship"},"content":{"rendered":"\n<figure class=\"wp-block-video\"><video height=\"1080\" style=\"aspect-ratio: 1920 \/ 1080;\" width=\"1920\" controls=\"\" poster=\"https:\/\/ayaneo.co\/wp-content\/uploads\/2025\/05\/maxresdefault-4.jpg\" src=\"https:\/\/ayaneo.co\/wp-content\/uploads\/2025\/05\/AYANEO-AG01-Starship-Graphic-Dock_-Salute-to-The-Era-of-Space-Science-Explore-The-Gaming-World.mp4\"><\/video><\/figure>\n\n<h2 class=\"wp-block-heading\" id=\"h-introducing-the-ayaneo-ag01-starship-graphics-dock-power-precision-and-portability-redefined\">V\u0103 prezent\u0103m AYANEO AG01 Starship Graphics Dock: Putere, precizie \u0219i portabilitate redefinite<\/h2>\n\n<p><strong>AYANEO AG01 Starship Graphics Dock<\/strong> deschide o nou\u0103 er\u0103 pentru solu\u021biile GPU externe, adaptate pentru gameri, creatori \u0219i profesioni\u0219ti care nu cer altceva dec\u00e2t performan\u021be extraordinare. Cu un design industrial futurist, un GPU high-end AMD Radeon RX 7600M XT \u0219i o compatibilitate robust\u0103 \u00eentre sistemele Windows \u0219i Linux, AG01 nu este doar un accesoriu, ci o ramp\u0103 de lansare pentru o putere de clas\u0103 desktop f\u0103r\u0103 compromisuri \u00een mi\u0219care.   <\/p>\n\n<figure class=\"wp-block-image size-full\"><a href=\"https:\/\/ayaneo.co\/wp-content\/uploads\/2025\/05\/AYANEO-AG01-GRAPHICS_DOCK-MARKETING-IMAGE-DONE-1-1024x576-1.jpg\"><img fetchpriority=\"high\" decoding=\"async\" width=\"1024\" height=\"576\" src=\"https:\/\/ayaneo.co\/wp-content\/uploads\/2025\/05\/AYANEO-AG01-GRAPHICS_DOCK-MARKETING-IMAGE-DONE-1-1024x576-1.jpg\" alt=\"Imagine promo&#x21B;ional&#x103; &#xEE;ntunecat&#x103; cu tematic&#x103; SF a AYANEO AG01, care prezint&#x103; inelul ventilatorului de sus str&#x103;lucind portocaliu &#x219;i silueta dispozitivului par&#x21B;ial luminat&#x103;, suger&#xE2;nd o imagine spa&#x21B;ial&#x103;.\" class=\"wp-image-37414\" srcset=\"https:\/\/ayaneo.co\/wp-content\/uploads\/2025\/05\/AYANEO-AG01-GRAPHICS_DOCK-MARKETING-IMAGE-DONE-1-1024x576-1.jpg 1024w, https:\/\/ayaneo.co\/wp-content\/uploads\/2025\/05\/AYANEO-AG01-GRAPHICS_DOCK-MARKETING-IMAGE-DONE-1-1024x576-1-300x169.jpg 300w, https:\/\/ayaneo.co\/wp-content\/uploads\/2025\/05\/AYANEO-AG01-GRAPHICS_DOCK-MARKETING-IMAGE-DONE-1-1024x576-1-768x432.jpg 768w, https:\/\/ayaneo.co\/wp-content\/uploads\/2025\/05\/AYANEO-AG01-GRAPHICS_DOCK-MARKETING-IMAGE-DONE-1-1024x576-1-990x557.jpg 990w, https:\/\/ayaneo.co\/wp-content\/uploads\/2025\/05\/AYANEO-AG01-GRAPHICS_DOCK-MARKETING-IMAGE-DONE-1-1024x576-1-441x248.jpg 441w, https:\/\/ayaneo.co\/wp-content\/uploads\/2025\/05\/AYANEO-AG01-GRAPHICS_DOCK-MARKETING-IMAGE-DONE-1-1024x576-1-600x338.jpg 600w, https:\/\/ayaneo.co\/wp-content\/uploads\/2025\/05\/AYANEO-AG01-GRAPHICS_DOCK-MARKETING-IMAGE-DONE-1-1024x576-1-150x84.jpg 150w\" sizes=\"(max-width: 1024px) 100vw, 1024px\" \/><\/a><\/figure>\n\n<p>Integrarea de ultim\u0103 or\u0103 a interfe\u021belor OCuLink \u0219i USB4 \u00eel face unul dintre cele mai versatile dock-uri eGPU disponibile ast\u0103zi. Fie c\u0103 debloca\u021bi frame rate-uri mai mari pe consola dvs. portabil\u0103 sau stimula\u021bi productivitatea pe un laptop compact, amprenta compact\u0103 a AG01 asigur\u0103 putere grafic\u0103 premium f\u0103r\u0103 a sacrifica mobilitatea. Bine a\u021bi venit la noua genera\u021bie de GPU-uri externe - puternice, frumoase \u0219i gata de lupt\u0103.  <\/p>\n\n<hr class=\"wp-block-separator has-alpha-channel-opacity\"\/>\n\n<h2 class=\"wp-block-heading\" id=\"h-ayaneo-ag01-starship-grade-external-gpu-dock\">AYANEO AG01 - Dock extern pentru GPU de nivel de nav\u0103 stelar\u0103<\/h2>\n\n<p><strong>Dock-ul grafic AG01 Starship<\/strong> este o capodoper\u0103 a ingineriei moderne \u0219i a designului artistic. Inspirat de estetica navelor spa\u021biale futuriste, acesta combin\u0103 portabilitatea \u0219i performan\u021ba \u00eentr-un \u0219asiu lat de doar 18 cm \u0219i c\u00e2nt\u0103rind sub 900 g. Designul s\u0103u termic extrem de eficient, \u00eent\u0103rit cu un sistem de r\u0103cire de tip turbin\u0103 \u0219i conducte de aer, asigur\u0103 performan\u021be de lung\u0103 durat\u0103 f\u0103r\u0103 strangulare, chiar \u0219i \u00een timpul sesiunilor intense de gaming sau randare.  <\/p>\n\n<figure class=\"wp-block-image size-full\"><a href=\"https:\/\/ayaneo.co\/wp-content\/uploads\/2025\/05\/AYANEO-AG01-GRAPHICS_DOCK-MARKETING-IMAGE-DONE-2-1024x855-1.jpg\"><img decoding=\"async\" width=\"1024\" height=\"855\" src=\"https:\/\/ayaneo.co\/wp-content\/uploads\/2025\/05\/AYANEO-AG01-GRAPHICS_DOCK-MARKETING-IMAGE-DONE-2-1024x855-1.jpg\" alt=\"Cele mai importante caracteristici ale AYANEO AG01 prezentate &#xEE;ntr-un aspect de gril&#x103; futurist, inclusiv cipul RX 7600M XT, iluminarea RGB, placa de identificare personalizabil&#x103;, sistemul de r&#x103;cire &#x219;i capacit&#x103;&#x21B;ile de extindere I\/O.\" class=\"wp-image-37415\" srcset=\"https:\/\/ayaneo.co\/wp-content\/uploads\/2025\/05\/AYANEO-AG01-GRAPHICS_DOCK-MARKETING-IMAGE-DONE-2-1024x855-1.jpg 1024w, https:\/\/ayaneo.co\/wp-content\/uploads\/2025\/05\/AYANEO-AG01-GRAPHICS_DOCK-MARKETING-IMAGE-DONE-2-1024x855-1-300x250.jpg 300w, https:\/\/ayaneo.co\/wp-content\/uploads\/2025\/05\/AYANEO-AG01-GRAPHICS_DOCK-MARKETING-IMAGE-DONE-2-1024x855-1-768x641.jpg 768w, https:\/\/ayaneo.co\/wp-content\/uploads\/2025\/05\/AYANEO-AG01-GRAPHICS_DOCK-MARKETING-IMAGE-DONE-2-1024x855-1-990x827.jpg 990w, https:\/\/ayaneo.co\/wp-content\/uploads\/2025\/05\/AYANEO-AG01-GRAPHICS_DOCK-MARKETING-IMAGE-DONE-2-1024x855-1-441x368.jpg 441w, https:\/\/ayaneo.co\/wp-content\/uploads\/2025\/05\/AYANEO-AG01-GRAPHICS_DOCK-MARKETING-IMAGE-DONE-2-1024x855-1-600x501.jpg 600w, https:\/\/ayaneo.co\/wp-content\/uploads\/2025\/05\/AYANEO-AG01-GRAPHICS_DOCK-MARKETING-IMAGE-DONE-2-1024x855-1-150x125.jpg 150w\" sizes=\"(max-width: 1024px) 100vw, 1024px\" \/><\/a><\/figure>\n\n<p>Echipat cu GPU-ul <strong>AMD Radeon RX 7600M XT<\/strong> bazat pe arhitectura RDNA3, AG01 suport\u0103 jocuri AAA high-end, editare video \u0219i randare 3D cu o eficien\u021b\u0103 excep\u021bional\u0103. Este partenerul ideal pentru dispozitivele de jocuri portabile, cum ar fi AYANEO 2S, KUN, \u0219i chiar dispozitive non-AYANEO prin OCuLink \u0219i USB4, inclusiv Steam Deck, ROG Ally \u0219i multe altele. <\/p>\n\n<hr class=\"wp-block-separator has-alpha-channel-opacity\"\/>\n\n<h2 class=\"wp-block-heading\" id=\"h-performance-that-launches-beyond-limits\">Performan\u021b\u0103 care lanseaz\u0103 dincolo de limite<\/h2>\n\n<p><strong>Putere grafic\u0103:<\/strong> \u00cen inima AG01 se afl\u0103 GPU-ul <strong>AMD Radeon RX 7600M XT<\/strong>, cu 32 de unit\u0103\u021bi de calcul, 8 GB de memorie GDDR6 \u0219i un ceas de boost maxim de 2300 MHz. Aceast\u0103 putere ofer\u0103 jocuri fluide la 1080p \u0219i chiar 1440p, excel\u00e2nd \u00een aplica\u021bii de \u00eenalt\u0103 performan\u021b\u0103, de la titluri AAA la fluxuri de lucru creative accelerate de GPU. <\/p>\n\n<p><strong>Sistem de r\u0103cire avansat:<\/strong> Spre deosebire de eGPU-urile conven\u021bionale, AG01 dispune de un sistem de r\u0103cire proiectat \u00een mod unic, cu intr\u0103ri de aer duble \u0219i un ventilator de \u00eenalt\u0103 eficien\u021b\u0103. Acest design maximizeaz\u0103 fluxul de aer, men\u021bin\u00e2nd \u00een acela\u0219i timp un zgomot redus, permi\u021b\u00e2nd o performan\u021b\u0103 sus\u021binut\u0103 chiar \u0219i \u00een timpul sesiunilor prelungite. <\/p>\n\n<hr class=\"wp-block-separator has-alpha-channel-opacity\"\/>\n\n<h2 class=\"wp-block-heading\" id=\"h-seamless-connectivity\">Conectivitate f\u0103r\u0103 \u00eentreruperi<\/h2>\n\n<figure class=\"wp-block-image size-full\"><a href=\"https:\/\/ayaneo.co\/wp-content\/uploads\/2025\/05\/AYANEO-AG01-GRAPHICS_DOCK-MARKETING-IMAGE-DONE-3-1024x576-1.jpg\"><img decoding=\"async\" width=\"1024\" height=\"576\" src=\"https:\/\/ayaneo.co\/wp-content\/uploads\/2025\/05\/AYANEO-AG01-GRAPHICS_DOCK-MARKETING-IMAGE-DONE-3-1024x576-1.jpg\" alt=\"Diagrama prezint&#x103; aspectul I\/O din spate al AYANEO AG01 Graphics Dock, etichet&#xE2;nd porturile, inclusiv DP 2.0, HDMI 2.1, OCuLink, USB4, DC, RJ45 &#x219;i USB 3.2 Gen 2.\" class=\"wp-image-37416\" srcset=\"https:\/\/ayaneo.co\/wp-content\/uploads\/2025\/05\/AYANEO-AG01-GRAPHICS_DOCK-MARKETING-IMAGE-DONE-3-1024x576-1.jpg 1024w, https:\/\/ayaneo.co\/wp-content\/uploads\/2025\/05\/AYANEO-AG01-GRAPHICS_DOCK-MARKETING-IMAGE-DONE-3-1024x576-1-300x169.jpg 300w, https:\/\/ayaneo.co\/wp-content\/uploads\/2025\/05\/AYANEO-AG01-GRAPHICS_DOCK-MARKETING-IMAGE-DONE-3-1024x576-1-768x432.jpg 768w, https:\/\/ayaneo.co\/wp-content\/uploads\/2025\/05\/AYANEO-AG01-GRAPHICS_DOCK-MARKETING-IMAGE-DONE-3-1024x576-1-990x557.jpg 990w, https:\/\/ayaneo.co\/wp-content\/uploads\/2025\/05\/AYANEO-AG01-GRAPHICS_DOCK-MARKETING-IMAGE-DONE-3-1024x576-1-441x248.jpg 441w, https:\/\/ayaneo.co\/wp-content\/uploads\/2025\/05\/AYANEO-AG01-GRAPHICS_DOCK-MARKETING-IMAGE-DONE-3-1024x576-1-600x338.jpg 600w, https:\/\/ayaneo.co\/wp-content\/uploads\/2025\/05\/AYANEO-AG01-GRAPHICS_DOCK-MARKETING-IMAGE-DONE-3-1024x576-1-150x84.jpg 150w\" sizes=\"(max-width: 1024px) 100vw, 1024px\" \/><\/a><\/figure>\n\n<p><strong>Preg\u0103tit pentru OCuLink \u0219i USB4:<\/strong> Pentru conexiuni cu laten\u021b\u0103 redus\u0103 \u0219i l\u0103\u021bime de band\u0103 mare, AG01 suport\u0103 <strong>OCuLink SFF-8612<\/strong> \u0219i <strong>USB4<\/strong>, oferind o compatibilitate larg\u0103 \u00eentre PC-urile portabile \u0219i laptopuri. OCuLink ofer\u0103 performan\u021be GPU superioare, ocolind blocajele conexiunilor Thunderbolt tradi\u021bionale, ceea ce \u00eel face alegerea de top pentru juc\u0103torii \u0219i creatorii serio\u0219i. <\/p>\n\n<p><strong>Suport versatil pentru dispozitive:<\/strong> Fie c\u0103 v\u0103 conecta\u021bi la un dispozitiv portabil AYANEO, Steam Deck sau la un computer compact Windows\/Linux, AG01 se adapteaz\u0103 cu u\u0219urin\u021b\u0103. Acesta suport\u0103 func\u021bionalitatea plug-and-play, f\u0103r\u0103 a fi necesare modific\u0103ri ale BIOS-ului pentru majoritatea sistemelor. <\/p>\n\n<hr class=\"wp-block-separator has-alpha-channel-opacity\"\/>\n\n<h2 class=\"wp-block-heading\" id=\"h-built-to-travel-designed-to-impress\">Construit pentru a c\u0103l\u0103tori, proiectat pentru a impresiona<\/h2>\n\n<p><strong>Compact \u0219i u\u0219or:<\/strong> M\u0103sur\u00e2nd doar 18 cm x 6,3 cm x 3 cm \u0219i c\u00e2nt\u0103rind 869 g, AG01 este unul dintre cele mai mici dock-uri eGPU de \u00eenalt\u0103 performan\u021b\u0103 din lume. Designul s\u0103u space-age se dubleaz\u0103 ca o pies\u0103 statement pe birou sau \u00een geanta tehnic\u0103. <\/p>\n\n<p><strong>Materiale premium:<\/strong> \u0218asiul este construit din aliaj de aluminiu de calitate aerospa\u021bial\u0103, combin\u00e2nd durabilitatea cu eficien\u021ba termic\u0103 \u0219i estetica elegant\u0103.<\/p>\n\n<figure class=\"wp-block-image size-full\"><a href=\"https:\/\/ayaneo.co\/wp-content\/uploads\/2025\/05\/AYANEO-AG01-GRAPHICS_DOCK-MARKETING-IMAGE-DONE-8-1024x576-1.jpg\"><img loading=\"lazy\" decoding=\"async\" width=\"1024\" height=\"576\" src=\"https:\/\/ayaneo.co\/wp-content\/uploads\/2025\/05\/AYANEO-AG01-GRAPHICS_DOCK-MARKETING-IMAGE-DONE-8-1024x576-1.jpg\" alt=\"Imagine dramatic&#x103; a buc&#x103;&#x21B;ilor metalice duble ale &#x219;asiului AYANEO AG01 la jum&#x103;tatea separ&#x103;rii, subliniind corpul metalic fin lucrat pe un fundal spa&#x21B;ial &#xEE;nstelat.\" class=\"wp-image-37417\" srcset=\"https:\/\/ayaneo.co\/wp-content\/uploads\/2025\/05\/AYANEO-AG01-GRAPHICS_DOCK-MARKETING-IMAGE-DONE-8-1024x576-1.jpg 1024w, https:\/\/ayaneo.co\/wp-content\/uploads\/2025\/05\/AYANEO-AG01-GRAPHICS_DOCK-MARKETING-IMAGE-DONE-8-1024x576-1-300x169.jpg 300w, https:\/\/ayaneo.co\/wp-content\/uploads\/2025\/05\/AYANEO-AG01-GRAPHICS_DOCK-MARKETING-IMAGE-DONE-8-1024x576-1-768x432.jpg 768w, https:\/\/ayaneo.co\/wp-content\/uploads\/2025\/05\/AYANEO-AG01-GRAPHICS_DOCK-MARKETING-IMAGE-DONE-8-1024x576-1-990x557.jpg 990w, https:\/\/ayaneo.co\/wp-content\/uploads\/2025\/05\/AYANEO-AG01-GRAPHICS_DOCK-MARKETING-IMAGE-DONE-8-1024x576-1-441x248.jpg 441w, https:\/\/ayaneo.co\/wp-content\/uploads\/2025\/05\/AYANEO-AG01-GRAPHICS_DOCK-MARKETING-IMAGE-DONE-8-1024x576-1-600x338.jpg 600w, https:\/\/ayaneo.co\/wp-content\/uploads\/2025\/05\/AYANEO-AG01-GRAPHICS_DOCK-MARKETING-IMAGE-DONE-8-1024x576-1-150x84.jpg 150w\" sizes=\"(max-width: 1024px) 100vw, 1024px\" \/><\/a><\/figure>\n\n<hr class=\"wp-block-separator has-alpha-channel-opacity\"\/>\n\n<h2 class=\"wp-block-heading\" id=\"h-user-experience\">Experien\u021ba utilizatorului<\/h2>\n\n<p>AG01 stabile\u0219te un nou standard de performan\u021b\u0103 u\u0219or de utilizat. Suportul s\u0103u f\u0103r\u0103 driver pentru Windows \u0219i Linux, compatibilitatea perfect\u0103 a dispozitivelor \u0219i configurarea plug-and-play \u00eel fac ideal at\u00e2t pentru \u00eencep\u0103tori, c\u00e2t \u0219i pentru entuzia\u0219tii pasiona\u021bi de tehnologie. Indiferent dac\u0103 efectua\u021bi streaming, design, jocuri sau multitasking pe mai multe ecrane, AG01 ofer\u0103 o experien\u021b\u0103 lin\u0103 \u0219i captivant\u0103.  <\/p>\n\n<hr class=\"wp-block-separator has-alpha-channel-opacity\"\/>\n\n<h2 class=\"wp-block-heading\" id=\"h-conclusion\">Concluzie<\/h2>\n\n<p><strong>Dock-ul graficAYANEO AG01 Starship<\/strong> este mai mult dec\u00e2t un simplu GPU extern - este un salt \u00eentr-un viitor \u00een care portabilitatea \u00eent\u00e2lne\u0219te adev\u0103rata performan\u021b\u0103 la nivel de desktop. Cu motorul s\u0103u Radeon RX 7600M XT, conectivitatea cu interfa\u021b\u0103 dubl\u0103 \u0219i designul artistic, AG01 redefine\u0219te ceea ce este posibil \u00een informatica portabil\u0103. <\/p>\n\n<p>Precomand\u0103 acum AG01 \u0219i f\u0103 parte dintr-o nou\u0103 genera\u021bie de gameri \u0219i creatori care adopt\u0103 puterea f\u0103r\u0103 compromisuri oriunde ar merge.  <strong>Cu AYANEO, stelele sunt doar \u00eenceputul.<\/strong><\/p>\n","protected":false},"excerpt":{"rendered":"<ul>\n<li>GPU <strong>Radeon\u2122 RX 7600M XT<\/strong> cu arhitectur\u0103 RDNA 3<\/li>\n<li><strong>Interfa\u021b\u0103 dubl\u0103:<\/strong> OCuLink \u0219i USB 4.0 (Tip-C, 65W PD)<\/li>\n<li><strong>Compact \u0219i u\u0219or:<\/strong> Design portabil inspirat de nava stelar\u0103<\/li>\n<li><strong>R\u0103cire optimizat\u0103:<\/strong> Sistem de ventilator cu turbin\u0103 de \u00eenalt\u0103 eficien\u021b\u0103<\/li>\n<li><strong>Compatibil cu:<\/strong> AYANEO 2S, KUN, FLIP DS, ROG Ally, Steam Deck<\/li>\n<\/ul>\n[cg_accordion title=\"INFORMA\u021aII PRIVIND PLATA\"]<\/p>\n<p>Utiliz\u0103m cea mai recent\u0103 tehnologie de procesare a pl\u0103\u021bilor, care v\u0103 permite s\u0103 efectua\u021bi plata prin Apple Pay, Google Pay, cardul dvs. de debit\/credit, PayPal sau metode BNPL precum Klarna, Affirm sau AfterPay pentru o experien\u021b\u0103 rapid\u0103 \u0219i sigur\u0103.[\/cg_accordion]\n[cg_accordion title=\"GARAN\u021aIE\"]<\/p>\n<p>Garan\u021bie de 1 an de la <a href=\"https:\/\/droix.net\/\" target=\"_blank\" rel=\"nofollow noopener\">DROIX Global<\/a> pentru lini\u0219tea dumneavoastr\u0103[\/cg_accordion]\n[cg_accordion title=\"ASIGURAREA CALIT\u0102\u021aII \u0218I TESTAREA \u00ceNAINTE DE EXPEDIERE\"]<\/p>\n<p>Asigurarea satisfac\u021biei clien\u021bilor la cel mai \u00eenalt standard: Fiecare dispozitiv este supus unor teste riguroase \u0219i unei verific\u0103ri de asigurare a calit\u0103\u021bii \u00een mai multe puncte \u00eenainte de a fi expediat. Echipa noastr\u0103 dedicat\u0103 verific\u0103 performan\u021ba, func\u021bionalitatea \u0219i integritatea componentelor pentru a v\u0103 garanta c\u0103 dispozitivul AYANEO este \u00een stare perfect\u0103 de func\u021bionare la sosire, oferindu-v\u0103 \u00eencredere \u0219i lini\u0219te sufleteasc\u0103. [\/cg_accordion]\n[cg_accordion title=\"PRE\u021aURI, TAXE \u0218I TRANSPORT\"]<\/p>\n<p><strong><u>Not\u0103:<\/u><\/strong><\/p>\n<ul>\n<li>Clien\u021bii din Statele Unite ale Americii: Pre\u021bul afi\u0219at NU include TAXE sau taxe vamale. Responsabilitatea de a v\u0103mui \u0219i de a pl\u0103ti orice tax\u0103\/tax\u0103 asociat\u0103 revine clientului. <\/li>\n<li>Clien\u021bii din UE: Pre\u021bul afi\u0219at include TAXA aplicabil\u0103, care poate fi de p\u00e2n\u0103 la 25% \u00een func\u021bie de \u021bara dumneavoastr\u0103.<\/li>\n<li>Clien\u021bii din Canada: Pre\u021bul afi\u0219at include taxele aplicabile, care pot include 5% GST \u0219i taxe de v\u00e2nzare provinciale suplimentare (PST), taxa de v\u00e2nzare armonizat\u0103 (HST) sau taxa de v\u00e2nzare din Quebec (QST), \u00een func\u021bie de provincia dumneavoastr\u0103.<\/li>\n<\/ul>\n<p><strong>Doar pentru clien\u021bii din UE:<\/strong> Express DDP (Delivered Duty Paid). Aceasta \u00eenseamn\u0103 c\u0103: <\/p>\n<ul>\n<li>Toate taxele vamale \u0219i impozitele sunt incluse \u00een pre\u021bul afi\u0219at pe pagina produsului.<\/li>\n<li>Nu va trebui s\u0103 pl\u0103ti\u021bi nicio tax\u0103 suplimentar\u0103 la livrare.<\/li>\n<li>\u00cen cazul rar al unor probleme legate de vam\u0103, echipa noastr\u0103 se va ocupa de procesul de v\u0103muire \u00een numele dvs. pentru a asigura o livrare f\u0103r\u0103 probleme.<\/li>\n<p>Informa\u021bii importante despre retururi:<\/p>\n<li>Dac\u0103 decide\u021bi s\u0103 returna\u021bi comanda sau s\u0103 solicita\u021bi o rambursare, v\u0103 rug\u0103m s\u0103 re\u021bine\u021bi c\u0103 taxele \u0219i impozitele pl\u0103tite \u00een numele dvs. \u00een conformitate cu termenii DDP nu pot fi rambursate.<\/li>\n<p>V\u0103 rug\u0103m s\u0103 consulta\u021bi <a href=\"https:\/\/ayaneo.co\/ro\/termeni-de-serviciu\/\" target=\"_blank\" rel=\"nofollow noopener\">Termenii \u0219i condi\u021biile<\/a> noastre pentru informa\u021bii detaliate.\n<\/ul>\n<p>[\/cg_accordion]\n[cg_accordion title=\"ASISTEN\u021a\u0102 PENTRU CLIEN\u021aI\"]<\/p>\n<p>Ave\u021bi o \u00eentrebare? Suntem la un scurt mesaj distan\u021b\u0103 de rezolvarea problemei tale! [\/cg_accordion]\n[cg_accordion title=\"PACHETUL INCLUDE\"]<\/p>\n<ul>\n<li>1x AYANEO AG01 Starship Graphics Dock<\/li>\n<li>1x cablu USB tip C<\/li>\n<li>1x Manual de utilizare<\/li>\n<\/ul>\n<p>[\/cg_accordion]\n","protected":false},"featured_media":17426,"template":"","meta":{"_acf_changed":false},"product_brand":[],"product_cat":[1188],"product_tag":[],"class_list":{"0":"post-17425","1":"product","2":"type-product","3":"status-publish","4":"has-post-thumbnail","6":"product_cat-accesorii","7":"product_shipping_class-premium","8":"pa_brand-ayaneo","9":"pa_graphics-gpu-model-radeon-rx-7600m-xt","11":"first","12":"outofstock","13":"sale","14":"taxable","15":"shipping-taxable","16":"purchasable","17":"product-type-variable","18":"has-default-attributes"},"acf":[],"_links":{"self":[{"href":"https:\/\/ayaneo.co\/ro\/wp-json\/wp\/v2\/product\/17425","targetHints":{"allow":["GET"]}}],"collection":[{"href":"https:\/\/ayaneo.co\/ro\/wp-json\/wp\/v2\/product"}],"about":[{"href":"https:\/\/ayaneo.co\/ro\/wp-json\/wp\/v2\/types\/product"}],"wp:featuredmedia":[{"embeddable":true,"href":"https:\/\/ayaneo.co\/ro\/wp-json\/wp\/v2\/media\/17426"}],"wp:attachment":[{"href":"https:\/\/ayaneo.co\/ro\/wp-json\/wp\/v2\/media?parent=17425"}],"wp:term":[{"taxonomy":"product_brand","embeddable":true,"href":"https:\/\/ayaneo.co\/ro\/wp-json\/wp\/v2\/product_brand?post=17425"},{"taxonomy":"product_cat","embeddable":true,"href":"https:\/\/ayaneo.co\/ro\/wp-json\/wp\/v2\/product_cat?post=17425"},{"taxonomy":"product_tag","embeddable":true,"href":"https:\/\/ayaneo.co\/ro\/wp-json\/wp\/v2\/product_tag?post=17425"}],"curies":[{"name":"wp","href":"https:\/\/api.w.org\/{rel}","templated":true}]}}