{"id":18698,"date":"2024-08-15T15:04:41","date_gmt":"2024-08-15T15:04:41","guid":{"rendered":"https:\/\/ayaneo.co\/product\/ayaneo-dmg-de-buzunar\/"},"modified":"2025-12-11T00:11:52","modified_gmt":"2025-12-11T00:11:52","slug":"ayaneo-pocket-dmg","status":"publish","type":"product","link":"https:\/\/ayaneo.co\/ro\/product\/ayaneo-pocket-dmg\/","title":{"rendered":"AYANEO Pocket DMG"},"content":{"rendered":"\n<figure class=\"wp-block-video\"><video controls=\"\" src=\"https:\/\/droix.net\/wp-content\/uploads\/2024\/08\/AYANEO-Pocket-DMG&#xFF1A;The-Pinnacle-of-Retro-Vertical-Handhelds.mp4\"><\/video><\/figure>\n\n<div class=\"wp-block-columns is-layout-flex wp-container-core-columns-is-layout-28f84493 wp-block-columns-is-layout-flex\">\n<div class=\"wp-block-column is-layout-flow wp-block-column-is-layout-flow\" style=\"flex-basis:33.33%\">\n<figure class=\"wp-block-image size-large\"><a href=\"https:\/\/droix.net\/wp-content\/uploads\/2024\/08\/AYANEO-POCKET-DMG-ARTIC-BLACK-DONE-01.png\" target=\"_blank\" rel=\"noopener\"><img decoding=\"async\" src=\"https:\/\/droix.net\/wp-content\/uploads\/2024\/08\/AYANEO-POCKET-DMG-ARTIC-BLACK-DONE-01-1024x1024.png\" alt=\"Vedere frontal&#x103; a AYANEO Pocket DMG &#xEE;n Arctic Black, care prezint&#x103; designul s&#x103;u de inspira&#x21B;ie retro cu un ecran OLED de 3,92 inchi, D-pad, joystick analogic &#x219;i butoane.\" class=\"wp-image-184226\"\/><\/a><\/figure>\n<\/div>\n\n\n\n<div class=\"wp-block-column is-layout-flow wp-block-column-is-layout-flow\" style=\"flex-basis:66.66%\">\n<h3 class=\"wp-block-heading\" id=\"h-experience-retro-gaming-like-never-before-with-the-ayaneo-pocket-dmg\">Experimenta\u021bi jocurile retro ca niciodat\u0103 \u00eenainte cu AYANEO Pocket DMG<\/h3>\n\n\n\n<p><strong> AYANEO Pocket DMG<\/strong> este un dispozitiv de <strong>joc<\/strong> <strong>portabil<\/strong> revolu\u021bionar care combin\u0103 magistral nostalgia jocurilor <strong>retro<\/strong> cu tehnologia modern\u0103 avansat\u0103. Omagiind emblematicul Game Boy, acest <strong>dispozitiv portabil vertical<\/strong> ofer\u0103 at\u00e2t o estetic\u0103 familiar\u0103, c\u00e2t \u0219i performan\u021be puternice, fiind alegerea ideal\u0103 at\u00e2t pentru fanii <strong>jocurilor retro<\/strong>, c\u00e2t \u0219i pentru cei ai jocurilor moderne. <\/p>\n<\/div>\n<\/div>\n\n<p><strong> AYANEO Pocket DMG<\/strong> este un dispozitiv de <strong>joc<\/strong> <strong>portabil<\/strong> revolu\u021bionar care combin\u0103 magistral nostalgia jocurilor <strong>retro<\/strong> cu tehnologia modern\u0103 avansat\u0103. Omagiind emblematicul Game Boy, acest <strong>dispozitiv portabil vertical<\/strong> ofer\u0103 at\u00e2t o estetic\u0103 familiar\u0103, c\u00e2t \u0219i performan\u021be puternice, fiind alegerea ideal\u0103 at\u00e2t pentru fanii <strong>jocurilor retro<\/strong>, c\u00e2t \u0219i pentru cei ai jocurilor moderne. <\/p>\n\n<h3 class=\"wp-block-heading\" id=\"h-design-and-display\">Design \u0219i afi\u0219are<\/h3>\n\n<p><strong>AYANEO Pocket DMG<\/strong> iese \u00een eviden\u021b\u0103 prin designul s\u0103u compact \u0219i nostalgic, care aminte\u0219te de consolele clasice <strong>retro portabile<\/strong>. \u00cen centrul atractivit\u0103\u021bii sale se afl\u0103 un <strong>ecranOLED de<\/strong> 3,92 inchi, care ofer\u0103 o rezolu\u021bie clar\u0103 de 1240&#215;1080 \u0219i o densitate a pixelilor de 419 PPI. Acest <strong>ecranOLED <\/strong> asigur\u0103 culori vibrante \u0219i imagini clare, aduc\u00e2nd la via\u021b\u0103 jocuri retro \u0219i moderne cu o claritate uimitoare. Dispozitivul este disponibil \u00een dou\u0103 culori distincte:   <\/p>\n\n<ul class=\"wp-block-list\">\n<li>Negru arctic<\/li>\n\n\n\n<li>Lun\u0103 alb\u0103<\/li>\n<\/ul>\n\n<div class=\"wp-block-columns is-layout-flex wp-container-core-columns-is-layout-28f84493 wp-block-columns-is-layout-flex\">\n<div class=\"wp-block-column is-layout-flow wp-block-column-is-layout-flow\">\n<figure class=\"wp-block-image size-large\"><a href=\"https:\/\/droix.net\/wp-content\/uploads\/2024\/08\/AYANEO-POCKET-DMG-MARKETING-DONE-14.jpg\" target=\"_blank\" rel=\"noopener\"><img decoding=\"async\" src=\"https:\/\/droix.net\/wp-content\/uploads\/2024\/08\/AYANEO-POCKET-DMG-MARKETING-DONE-14-1024x1024.jpg\" alt=\"Imagine promo&#x21B;ional&#x103; pentru AYANEO Pocket DMG cu platforma de gaming Snapdragon G3x Gen 2. Acesta subliniaz&#x103; faptul c&#x103; este primul dispozitiv portabil vertical cu acest procesor, prezent&#xE2;nd arhitectura sa 1+4+3 Octa-Core cu nuclee Kryo Prime Ultra la 3,36GHz, GPU Adreno A32 la 816Hz &#x219;i eliberarea performan&#x21B;ei la 15W. \" class=\"wp-image-184229\"\/><\/a><\/figure>\n\n\n\n<h3 class=\"wp-block-heading\" id=\"h-performance\">Performan\u021b\u0103<\/h3>\n\n\n\n<p>\u00cen centrul <strong>Pocket DMG<\/strong> se afl\u0103 procesorul <strong>Snapdragon G3x Gen 2<\/strong>, un cip puternic adaptat special pentru <strong>jocurile<\/strong> <strong>portabile<\/strong>. Acest <strong>procesor<\/strong> asigur\u0103 emularea f\u0103r\u0103 probleme a titlurilor retro \u0219i performan\u021be fluide \u00een jocurile mobile moderne. Rul\u00e2nd pe Android 13, dispozitivul ofer\u0103 acces la un ecosistem vast de aplica\u021bii \u0219i emulatoare, devenind o platform\u0103 versatil\u0103 pentru toate nevoile dvs. de <strong>jocuri<\/strong>.  <\/p>\n<\/div>\n\n\n\n<div class=\"wp-block-column is-layout-flow wp-block-column-is-layout-flow\">\n<figure class=\"wp-block-image size-large\"><a href=\"https:\/\/droix.net\/wp-content\/uploads\/2024\/08\/AYANEO-POCKET-DMG-MARKETING-DONE-19.jpg\" target=\"_blank\" rel=\"noopener\"><img decoding=\"async\" src=\"https:\/\/droix.net\/wp-content\/uploads\/2024\/08\/AYANEO-POCKET-DMG-MARKETING-DONE-19-1024x1024.jpg\" alt=\"Infografic care prezint&#x103; multiplele func&#x21B;ii ale AYANEO Pocket DMG comparabile cu controllerele profesionale. Caracteristicile includ joystick de &#xEE;nalt&#x103; precizie, sensibilitate reglabil&#x103;, standby cu consum zero de energie, &#x21B;intire asistat&#x103; de giroscop, func&#x21B;ie de explozie a butoanelor, schimb de valori &#xEE;ntre taste A-B-X-Y &#x219;i intensitate reglabil&#x103; a vibra&#x21B;iilor motorului. Mai jos, o m&#xE2;n&#x103; &#x21B;ine dispozitivul alb, afi&#x219;&#xE2;nd un ecran de joc colorat.  \" class=\"wp-image-184232\"\/><\/a><\/figure>\n\n\n\n<h3 class=\"wp-block-heading\" id=\"h-controls-and-inputs\">Comenzi \u0219i intr\u0103ri<\/h3>\n\n\n\n<p><strong>Pocket DMG<\/strong> ofer\u0103 un aspect de control versatil \u0219i inovator care se adreseaz\u0103 unei game largi de genuri de <strong>joc<\/strong>. Caracteristicile cheie includ: <\/p>\n\n\n\n<ul class=\"wp-block-list\">\n<li>Un D-pad tradi\u021bional pentru intrare direc\u021bional\u0103 precis\u0103<\/li>\n\n\n\n<li>Butoane frontale ABXY pentru <strong>jocuri<\/strong> clasice<\/li>\n\n\n\n<li>Un singur <strong>joystick<\/strong> analogic \u00eembun\u0103t\u0103\u021bit cu tehnologia Hall Effect pentru precizie \u0219i durabilitate<\/li>\n\n\n\n<li>Un <strong>touchpad<\/strong> inovator care se dubleaz\u0103 ca o a doua intrare analogic\u0103<\/li>\n\n\n\n<li>Butoane de um\u0103r pentru op\u021biuni de control suplimentare<\/li>\n<\/ul>\n\n\n\n<p>Aceast\u0103 combina\u021bie de controale asigur\u0103 faptul c\u0103 <strong>Pocket DMG<\/strong> poate gestiona cu u\u0219urin\u021b\u0103 orice, de la platforme retro la jocuri de ac\u021biune moderne.<\/p>\n<\/div>\n\n\n\n<div class=\"wp-block-column is-layout-flow wp-block-column-is-layout-flow\">\n<figure class=\"wp-block-image size-large\"><a href=\"https:\/\/droix.net\/wp-content\/uploads\/2024\/08\/AYANEO-POCKET-DMG-MARKETING-DONE-16.jpg\" target=\"_blank\" rel=\"noopener\"><img decoding=\"async\" src=\"https:\/\/droix.net\/wp-content\/uploads\/2024\/08\/AYANEO-POCKET-DMG-MARKETING-DONE-16-1024x1024.jpg\" alt=\"Infografic care detaliaz&#x103; &#x201E;Combina&#x21B;ia perfect&#x103; de putere&#x201D; a AYANEO Pocket DMG, subliniind memoria sa de mare vitez&#x103; (LPDDR5X la 8533Mbps), stocarea rapid&#x103; (UFS 4.0 cu vitez&#x103; de citire de 4000+ MB\/s) &#x219;i capacitatea mare de stocare a jocurilor &#x219;i aplica&#x21B;iilor. Se men&#x21B;ioneaz&#x103; op&#x21B;iuni de stocare de p&#xE2;n&#x103; la 16 GB RAM &#x219;i 1 TB. \" class=\"wp-image-184230\"\/><\/a><\/figure>\n\n\n\n<h3 class=\"wp-block-heading\" id=\"h-storage-and-connectivity\">Stocare \u0219i conectivitate<\/h3>\n\n\n\n<p><strong>AYANEO Pocket DMG<\/strong> ofer\u0103 solu\u021bii flexibile de stocare pentru a satisface nevoile diferi\u021bilor entuzia\u0219ti ai <strong>jocurilor<\/strong> <strong>portabile<\/strong>:<\/p>\n\n\n\n<ul class=\"wp-block-list\">\n<li>8 GB RAM + 128 GB spa\u021biu de stocare<\/li>\n<\/ul>\n\n\n\n<p>\u00cen plus, un slot pentru card microSD permite extinderea u\u0219oar\u0103 a capacit\u0103\u021bii de stocare. \u00cen ceea ce prive\u0219te conectivitatea, dispozitivul include: <\/p>\n\n\n\n<ul class=\"wp-block-list\">\n<li>Wi-Fi \u0219i Bluetooth 5.3 pentru comunicare f\u0103r\u0103 fir<\/li>\n\n\n\n<li>Un port USB-C pentru \u00eenc\u0103rcarea \u0219i conectarea accesoriilor<\/li>\n<\/ul>\n<\/div>\n<\/div>\n\n<h3 class=\"wp-block-heading\" id=\"h-battery-and-additional-features\">Baterie \u0219i caracteristici suplimentare<\/h3>\n\n<p><strong>Pocket DMG<\/strong> este alimentat de o baterie de 6.000 mAh, care suport\u0103 \u00eenc\u0103rcare rapid\u0103 PD de 25W pentru a v\u0103 men\u021bine \u00een joc mai mult timp. Alte caracteristici notabile includ: <\/p>\n\n<figure class=\"wp-block-image size-large\"><a href=\"https:\/\/droix.net\/wp-content\/uploads\/2024\/08\/AYANEO-POCKET-DMG-MARKETING-DONE-18.jpg\" target=\"_blank\" rel=\"noopener\"><img decoding=\"async\" src=\"https:\/\/droix.net\/wp-content\/uploads\/2024\/08\/AYANEO-POCKET-DMG-MARKETING-DONE-18-1024x1024.jpg\" alt=\"Imagine de marketing care prezint&#x103; bateria de 6000mAh a AYANEO Pocket DMG, subliniind durata lung&#x103; de via&#x21B;&#x103; a bateriei &#x219;i suportul de &#xEE;nc&#x103;rcare rapid&#x103; PD. Partea inferioar&#x103; prezint&#x103; joystick-ul Hall Medium, subliniind precizia, durabilitatea (5 milioane de utiliz&#x103;ri) &#x219;i caracteristicile de control &#xEE;mbun&#x103;t&#x103;&#x21B;ite. \" class=\"wp-image-184231\"\/><\/a><\/figure>\n\n<ul class=\"wp-block-list\">\n<li>Un giroscop cu \u0219ase axe pentru controlul mi\u0219c\u0103rii<\/li>\n\n\n\n<li>Un sistem activ de r\u0103cire cu un ventilator \u00eencorporat pentru a men\u021bine performan\u021ba optim\u0103<\/li>\n\n\n\n<li>O cutie de transport compact\u0103 pentru o portabilitate u\u0219oar\u0103<\/li>\n<\/ul>\n\n<h3 class=\"wp-block-heading\" id=\"h-user-experience-and-conclusion\">Experien\u021ba utilizatorului \u0219i concluzie<\/h3>\n\n<p><strong>AYANEO Pocket DMG<\/strong> este o alegere excep\u021bional\u0103 pentru pasiona\u021bii de <strong>jocuri retro<\/strong> \u0219i colec\u021bionarii care doresc un dispozitiv care capteaz\u0103 esen\u021ba jocurilor <strong>retro<\/strong> clasice, oferind \u00een acela\u0219i timp puterea \u0219i versatilitatea tehnologiei moderne. Fie c\u0103 retr\u0103i\u021bi jocurile clasice sau explora\u021bi altele noi, acest <strong>dispozitiv portabil<\/strong> ofer\u0103 o experien\u021b\u0103 de <strong>joc<\/strong> captivant\u0103 \u0219i pl\u0103cut\u0103. <\/p>\n","protected":false},"excerpt":{"rendered":"<ul>\n<li>Procesor: Qualcomm <strong>Snapdragon G3x Gen 2<\/strong><\/li>\n<li>Ecran: <strong>3.92-inch OLED<\/strong>, rezolu\u021bie 1240&#215;1080<\/li>\n<li>RAM: <strong>8GB<\/strong> LPDDR5X @ <strong>8533 MT\/s<\/strong><\/li>\n<li>Spa\u021biu de stocare: <strong>128GB<\/strong> UFS 3.1<\/li>\n<li>Conectivitate: Wi-Fi <strong>6<\/strong> \u0219i Bluetooth <strong>5.3<\/strong><\/li>\n<\/ul>\n<p><img fetchpriority=\"high\" decoding=\"async\" src=\"https:\/\/ayaneo.co\/wp-content\/uploads\/2024\/08\/DMG-FREEBIES1.jpg\" alt=\"O imagine promo\u021bional\u0103 cu un fundal gri deschis afirm\u0103  \" free=\"\" gifts=\"\" in=\"\" large=\"\" dark=\"\" gray=\"\" letters=\"\" at=\"\" the=\"\" top.=\"\" below=\"\" this=\"\" smaller=\"\" text=\"\" it=\"\" lists=\"\" case=\"\" and=\"\" caps=\"\" followed=\"\" by=\"\" added=\"\" to=\"\" cart=\"\" a=\"\" slightly=\"\" larger=\"\" font.=\"\" right=\"\" there=\"\" are=\"\" two=\"\" product=\"\" square=\"\" white=\"\" rainbow-colored=\"\" package=\"\" containing=\"\" four=\"\" black=\"\" thumbstick=\"\" mesh=\"\" protective=\"\" identical=\"\" one=\"\" previous=\"\" image=\"\" with=\"\" logo=\"\" bottom.=\"\" width=\"550\" height=\"140\" class=\"alignnone size-full wp-image-25170\" images:=\"\" srcset=\"https:\/\/ayaneo.co\/wp-content\/uploads\/2024\/08\/DMG-FREEBIES1.jpg 550w, https:\/\/ayaneo.co\/wp-content\/uploads\/2024\/08\/DMG-FREEBIES1-300x76.jpg 300w, https:\/\/ayaneo.co\/wp-content\/uploads\/2024\/08\/DMG-FREEBIES1-441x112.jpg 441w, https:\/\/ayaneo.co\/wp-content\/uploads\/2024\/08\/DMG-FREEBIES1-150x38.jpg 150w\" sizes=\"(max-width: 550px) 100vw, 550px\" \/><\/p>\n[cg_accordion title=\"INFORMA\u021aII PRIVIND PLATA\"] <\/p>\n<p>Utiliz\u0103m cea mai recent\u0103 tehnologie de procesare a pl\u0103\u021bilor, care v\u0103 permite s\u0103 efectua\u021bi plata prin Apple Pay, Google Pay, cardul dvs. de debit\/credit, PayPal sau metode BNPL precum Klarna, Affirm sau AfterPay pentru o experien\u021b\u0103 rapid\u0103 \u0219i sigur\u0103.[\/cg_accordion]\n[cg_accordion title=\"GARAN\u021aIE\"] <\/p>\n<p>1 an garan\u021bie de la <a href=\"https:\/\/droix.net\/\" target=\"_blank\" rel=\"nofollow noopener\">DROIX Global<\/a> pentru lini\u0219tea dumneavoastr\u0103[\/cg_accordion]\n[cg_accordion title=\"PRE\u021aURI, TAXE \u0218I TRANSPORT\"] <\/p>\n<p><strong><u>Not\u0103:<\/u><\/strong><\/p>\n<ul>\n<li>Clien\u021bii din Statele Unite ale Americii: Pre\u021bul afi\u0219at NU include TAXE sau taxe vamale. Responsabilitatea de a v\u0103mui \u0219i de a pl\u0103ti orice tax\u0103\/tax\u0103 asociat\u0103 revine clientului. <\/li>\n<li>Clien\u021bii din UE: Pre\u021bul afi\u0219at include TAXA aplicabil\u0103, care poate fi de p\u00e2n\u0103 la 25% \u00een func\u021bie de \u021bara dumneavoastr\u0103.<\/li>\n<li>Clien\u021bii din Canada: Pre\u021bul afi\u0219at include taxele aplicabile, care pot include 5% GST \u0219i taxe de v\u00e2nzare provinciale suplimentare (PST), taxa de v\u00e2nzare armonizat\u0103 (HST) sau taxa de v\u00e2nzare din Quebec (QST), \u00een func\u021bie de provincia dumneavoastr\u0103.<\/li>\n<\/ul>\n<p><strong>Doar pentru clien\u021bii din UE:<\/strong> Express DDP (Delivered Duty Paid). Aceasta \u00eenseamn\u0103 c\u0103: <\/p>\n<ul>\n<li>Toate taxele vamale \u0219i impozitele sunt incluse \u00een pre\u021bul afi\u0219at pe pagina produsului.<\/li>\n<li>Nu va trebui s\u0103 pl\u0103ti\u021bi nicio tax\u0103 suplimentar\u0103 la livrare.<\/li>\n<li>\u00cen cazul rar al unor probleme legate de vam\u0103, echipa noastr\u0103 se va ocupa de procesul de v\u0103muire \u00een numele dvs. pentru a asigura o livrare f\u0103r\u0103 probleme.<\/li>\n<p>Informa\u021bii importante despre retururi:<\/p>\n<li>Dac\u0103 decide\u021bi s\u0103 returna\u021bi comanda sau s\u0103 solicita\u021bi o rambursare, v\u0103 rug\u0103m s\u0103 re\u021bine\u021bi c\u0103 taxele \u0219i impozitele pl\u0103tite \u00een numele dvs. \u00een conformitate cu termenii DDP nu pot fi rambursate.<\/li>\n<p>V\u0103 rug\u0103m s\u0103 consulta\u021bi site-ul nostru<\/ul>\n<\/li>\n<\/ul>\n<p><a href=\"https:\/\/ayaneo.co\/ro\/termeni-de-serviciu\/\" target=\"_blank\" rel=\"nofollow noopener\">Termeni \u0219i condi\u021bii<\/a><\/p>\n<ul>pentru informa\u021bii detaliate.<\/ul>\n<p>[\/cg_accordion]\n[cg_accordion title=\"ASISTEN\u021a\u0102 PENTRU CLIEN\u021aI\"] <\/p>\n<p>Ave\u021bi o \u00eentrebare? Suntem la un scurt mesaj distan\u021b\u0103 de rezolvarea problemei tale!   [\/cg_accordion]\n[cg_accordion title=\"Pachetul include\"]<\/p>\n<ul>\n<li>1x AYANEO DMG de buzunar<\/li>\n<li>1x cablu USB tip C<\/li>\n<li>1x Manual de utilizare<\/li>\n<\/ul>\n<p>[\/cg_accordion]\n","protected":false},"featured_media":18725,"template":"","meta":{"_acf_changed":false},"product_brand":[],"product_cat":[1235],"product_tag":[],"class_list":{"0":"post-18698","1":"product","2":"type-product","3":"status-publish","4":"has-post-thumbnail","6":"product_cat-android-jocuri-portabile","7":"product_shipping_class-standard","8":"pa_brand-ayaneo","10":"first","11":"instock","12":"taxable","13":"shipping-taxable","14":"purchasable","15":"product-type-variable","16":"has-default-attributes"},"acf":[],"_links":{"self":[{"href":"https:\/\/ayaneo.co\/ro\/wp-json\/wp\/v2\/product\/18698","targetHints":{"allow":["GET"]}}],"collection":[{"href":"https:\/\/ayaneo.co\/ro\/wp-json\/wp\/v2\/product"}],"about":[{"href":"https:\/\/ayaneo.co\/ro\/wp-json\/wp\/v2\/types\/product"}],"wp:featuredmedia":[{"embeddable":true,"href":"https:\/\/ayaneo.co\/ro\/wp-json\/wp\/v2\/media\/18725"}],"wp:attachment":[{"href":"https:\/\/ayaneo.co\/ro\/wp-json\/wp\/v2\/media?parent=18698"}],"wp:term":[{"taxonomy":"product_brand","embeddable":true,"href":"https:\/\/ayaneo.co\/ro\/wp-json\/wp\/v2\/product_brand?post=18698"},{"taxonomy":"product_cat","embeddable":true,"href":"https:\/\/ayaneo.co\/ro\/wp-json\/wp\/v2\/product_cat?post=18698"},{"taxonomy":"product_tag","embeddable":true,"href":"https:\/\/ayaneo.co\/ro\/wp-json\/wp\/v2\/product_tag?post=18698"}],"curies":[{"name":"wp","href":"https:\/\/api.w.org\/{rel}","templated":true}]}}