{"id":19456,"date":"2024-09-20T09:49:52","date_gmt":"2024-09-20T09:49:52","guid":{"rendered":"https:\/\/ayaneo.co\/product\/ayaneo-pocket-s-accesorii\/"},"modified":"2025-12-09T00:26:07","modified_gmt":"2025-12-09T00:26:07","slug":"ayaneo-pocket-s-accesorii","status":"publish","type":"product","link":"https:\/\/ayaneo.co\/ro\/product\/ayaneo-pocket-s-accesorii\/","title":{"rendered":"AYANEO Pocket S Accesorii"},"content":{"rendered":"\n<p>\u00cembun\u0103t\u0103\u021be\u0219te-\u021bi experien\u021ba de joc AYANEO Pocket S cu acest pachet de accesorii indispensabile, conceput pentru protec\u021bie, confort \u0219i un joc \u00eembun\u0103t\u0103\u021bit.<\/p>\n\n<ul class=\"wp-block-list\">\n<li><strong>Carcas\u0103 de protec\u021bie magnetic\u0103 2 \u00een 1<\/strong>: Realizat\u0103 cu un design ergonomic inovator, aceast\u0103 hus\u0103 combin\u0103 stilul \u0219i func\u021bionalitatea. Carcasa de protec\u021bie are un capac magnetic flip care fixeaz\u0103 dispozitivul, oferind \u00een acela\u0219i timp acces u\u0219or. Textura anti-alunecare asigur\u0103 o prindere ferm\u0103, iar m\u00e2nerul de dimensiuni mari ofer\u0103 o prindere confortabil\u0103 pentru sesiunile lungi de jocuri. Fie c\u0103 sunte\u021bi acas\u0103 sau \u00een deplasare, aceast\u0103 carcas\u0103 de protec\u021bie este partenerul perfect pentru a proteja AYANEO Pocket S de uzura zilnic\u0103.   <\/li>\n\n\n\n<li><strong>Protector de ecran<\/strong>: Proteja\u021bi-v\u0103 ecranul cu un protector de ecran ultra clar, de \u00eenalt\u0103 calitate. Conceput\u0103 pentru a rezista zg\u00e2rieturilor, petelor \u0219i amprentelor, aceasta asigur\u0103 c\u0103 ecranul dvs. r\u0103m\u00e2ne la fel de vibrant \u0219i receptiv ca \u00eentotdeauna. Designul s\u0103u u\u0219or de aplicat garanteaz\u0103 o instalare f\u0103r\u0103 bule, p\u0103str\u00e2nd ecranul impecabil \u0219i men\u021bin\u00e2nd \u00een acela\u0219i timp sensibilitatea la atingere pentru un joc fluid \u0219i ne\u00eentrerupt.  <\/li>\n\n\n\n<li><strong>M\u00e2nere pentru degetul mare<\/strong>: \u00cembun\u0103t\u0103\u021bi\u021bi-v\u0103 controlul cu ajutorul grip-urilor premium pentru degetul mare. Aceste capace din silicon pentru stick-urile analogice ofer\u0103 aderen\u021b\u0103 \u0219i precizie superioare, ajut\u00e2ndu-v\u0103 s\u0103 men\u021bine\u021bi controlul chiar \u0219i \u00een cele mai intense momente de joc. Proiectate pentru a reduce oboseala \u0219i a \u00eembun\u0103t\u0103\u021bi confortul, aceste grip-uri pentru degetul mare permit mi\u0219c\u0103ri mai precise, oferindu-v\u0103 avantajul competitiv de care ave\u021bi nevoie.  <\/li>\n<\/ul>\n\n<p>Acest kit de accesorii v\u0103 asigur\u0103 c\u0103 AYANEO Pocket S r\u0103m\u00e2ne protejat \u0219i gata de ac\u021biune, \u00eembun\u0103t\u0103\u021bind \u00een acela\u0219i timp experien\u021ba de joc cu \u00eembun\u0103t\u0103\u021biri ergonomice.<\/p>\n","protected":false},"excerpt":{"rendered":"[cg_accordion title=\"INFORMA\u021aII PRIVIND PLATA\"]<\/p>\n<p>Utiliz\u0103m cea mai recent\u0103 tehnologie de procesare a pl\u0103\u021bilor, care v\u0103 permite s\u0103 efectua\u021bi plata prin Apple Pay, Google Pay, cardul dvs. de debit\/credit, PayPal sau metode BNPL precum Klarna, Affirm sau AfterPay pentru o experien\u021b\u0103 rapid\u0103 \u0219i sigur\u0103.[\/cg_accordion]\n[cg_accordion title=\"GARAN\u021aIE\"]<\/p>\n<p>Garan\u021bie de 1 an de la <a href=\"https:\/\/droix.net\/\" target=\"_blank\" rel=\"nofollow noopener\">DROIX Global<\/a> pentru lini\u0219tea dumneavoastr\u0103[\/cg_accordion]\n[cg_accordion title=\"PRE\u021aURI, TAXE \u0218I TRANSPORT\"]<\/p>\n<p><strong><u>Not\u0103:<\/u><\/strong><\/p>\n<ul>\n<li>Clien\u021bii din Statele Unite ale Americii: Pre\u021bul afi\u0219at NU include TAXE sau taxe vamale. Responsabilitatea de a v\u0103mui \u0219i de a pl\u0103ti orice tax\u0103\/tax\u0103 asociat\u0103 revine clientului. <\/li>\n<li>Clien\u021bii din UE: Pre\u021bul afi\u0219at include TAXA aplicabil\u0103, care poate fi de p\u00e2n\u0103 la 25% \u00een func\u021bie de \u021bara dumneavoastr\u0103.<\/li>\n<li>Clien\u021bii din Canada: Pre\u021bul afi\u0219at include taxele aplicabile, care pot include 5% GST \u0219i taxe de v\u00e2nzare provinciale suplimentare (PST), taxa de v\u00e2nzare armonizat\u0103 (HST) sau taxa de v\u00e2nzare din Quebec (QST), \u00een func\u021bie de provincia dumneavoastr\u0103.<\/li>\n<\/ul>\n<p><strong>Doar pentru clien\u021bii din UE:<\/strong> Express DDP (Delivered Duty Paid). Aceasta \u00eenseamn\u0103 c\u0103: <\/p>\n<ul>\n<li>Toate taxele vamale \u0219i impozitele sunt incluse \u00een pre\u021bul afi\u0219at pe pagina produsului.<\/li>\n<li>Nu va trebui s\u0103 pl\u0103ti\u021bi nicio tax\u0103 suplimentar\u0103 la livrare.<\/li>\n<li>\u00cen cazul rar al unor probleme legate de vam\u0103, echipa noastr\u0103 se va ocupa de procesul de v\u0103muire \u00een numele dvs. pentru a asigura o livrare f\u0103r\u0103 probleme.<\/li>\n<p>Informa\u021bii importante despre retururi:<\/p>\n<li>Dac\u0103 decide\u021bi s\u0103 returna\u021bi comanda sau s\u0103 solicita\u021bi o rambursare, v\u0103 rug\u0103m s\u0103 re\u021bine\u021bi c\u0103 taxele \u0219i impozitele pl\u0103tite \u00een numele dvs. \u00een conformitate cu termenii DDP nu pot fi rambursate.<\/li>\n<p>V\u0103 rug\u0103m s\u0103 consulta\u021bi <a href=\"https:\/\/ayaneo.co\/terms-of-service-2\/\" target=\"_blank\" rel=\"nofollow noopener\">Termenii \u0219i condi\u021biile<\/a> noastre pentru informa\u021bii detaliate.\n<\/ul>\n<p>[\/cg_accordion]\n[cg_accordion title=\"ASISTEN\u021a\u0102 PENTRU CLIEN\u021aI\"]<\/p>\n<p>Ave\u021bi o \u00eentrebare? Suntem la un scurt mesaj distan\u021b\u0103 de rezolvarea problemei tale!<br \/>\n[\/cg_accordion]\n","protected":false},"featured_media":19458,"template":"","meta":{"_acf_changed":false},"product_brand":[],"product_cat":[1188],"product_tag":[],"class_list":{"0":"post-19456","1":"product","2":"type-product","3":"status-publish","4":"has-post-thumbnail","6":"product_cat-accesorii","7":"product_shipping_class-low-end","8":"pa_accessory-type-grip-ro","9":"pa_accessory-type-protective-case-ro","10":"pa_accessory-type-screen-protector-ro","11":"pa_brand-ayaneo","13":"first","14":"instock","15":"sale","16":"taxable","17":"shipping-taxable","18":"purchasable","19":"product-type-simple"},"acf":[],"_links":{"self":[{"href":"https:\/\/ayaneo.co\/ro\/wp-json\/wp\/v2\/product\/19456","targetHints":{"allow":["GET"]}}],"collection":[{"href":"https:\/\/ayaneo.co\/ro\/wp-json\/wp\/v2\/product"}],"about":[{"href":"https:\/\/ayaneo.co\/ro\/wp-json\/wp\/v2\/types\/product"}],"wp:featuredmedia":[{"embeddable":true,"href":"https:\/\/ayaneo.co\/ro\/wp-json\/wp\/v2\/media\/19458"}],"wp:attachment":[{"href":"https:\/\/ayaneo.co\/ro\/wp-json\/wp\/v2\/media?parent=19456"}],"wp:term":[{"taxonomy":"product_brand","embeddable":true,"href":"https:\/\/ayaneo.co\/ro\/wp-json\/wp\/v2\/product_brand?post=19456"},{"taxonomy":"product_cat","embeddable":true,"href":"https:\/\/ayaneo.co\/ro\/wp-json\/wp\/v2\/product_cat?post=19456"},{"taxonomy":"product_tag","embeddable":true,"href":"https:\/\/ayaneo.co\/ro\/wp-json\/wp\/v2\/product_tag?post=19456"}],"curies":[{"name":"wp","href":"https:\/\/api.w.org\/{rel}","templated":true}]}}