{"id":29367,"date":"2025-01-20T12:04:53","date_gmt":"2025-01-20T12:04:53","guid":{"rendered":"https:\/\/ayaneo.co\/product\/ayaneo-next\/"},"modified":"2025-08-01T10:41:55","modified_gmt":"2025-08-01T10:41:55","slug":"ayaneo-next","status":"publish","type":"product","link":"https:\/\/ayaneo.co\/ro\/product\/ayaneo-next\/","title":{"rendered":"AYANEO NEXT"},"content":{"rendered":"\n<figure class=\"wp-block-image\"><img decoding=\"async\" src=\"https:\/\/droix.net\/wp-content\/uploads\/2022\/01\/product-overview-1024x584.png\" alt=\"\" title=\"AYA NEO NEXT 1\"\/><\/figure>\n\n<h2 class=\"wp-block-heading\">Consola AMD Ryzen Zen 3<\/h2>\n\n<p>Putere brut\u0103 de p\u00e2n\u0103 la 4,5Ghz<\/p>\n\n<p>C\u00e2nd vine vorba de putere de procesare, AYANEO Next PC Gaming Handheld nu se las\u0103 mai prejos pe canapea.<\/p>\n\n<p>&#8222;Caii putere\" sunt furniza\u021bi de un procesor AMD Ryzen 7 5825U, bazat pe cea mai recent\u0103 arhitectur\u0103 ZEN 3. Acest lucru ofer\u0103 o experien\u021b\u0103 fluent\u0103 \u00een jocuri, men\u021bin\u00e2nd \u00een acela\u0219i timp consumul de baterie la un nivel minim. APU Ryzen 7 g\u0103sit \u00een AYANEO Next se bazeaz\u0103 pe litografia FinFET pe 7nm de la TSMC  <\/p>\n\n<p>Procesorul Ryzen 7 5825U este un procesor octa-core cu 16 fire de execu\u021bie. Acesta poate func\u021biona \u00een regim idle la 2,0Ghz \u0219i poate cre\u0219te p\u00e2n\u0103 la 4,5Ghz atunci c\u00e2nd este supus unei sarcini mari. \u00cemperecheat cu software-ul AYA Space, pute\u021bi configura TDP-ul AYANEO Next Handheld p\u00e2n\u0103 la 32W pentru \u0219i mai mult\u0103 performan\u021b\u0103.  <\/p>\n\n<p>Jocurile dvs. vor fi considerabil mai rapide \u00een compara\u021bie cu consolele de jocuri PC de ultim\u0103 genera\u021bie.  <\/p>\n\n<p>Pentru a ajuta la puterea de procesare, ve\u021bi g\u0103si, de asemenea, 16 GB de memorie RAM LPDDR4x Dual-Channel la bord, acest lucru va \u021bine pasul cu cerin\u021bele sistemului \u00een continu\u0103 cre\u0219tere. Vorbind despre cerin\u021bele sistemului, exist\u0103 dou\u0103 op\u021biuni de stocare: 1TB \u0219i 2TB - Acest lucru v\u0103 va asigura c\u0103 ave\u021bi suficient spa\u021biu la \u00eendem\u00e2n\u0103 pentru cele mai recente jocuri PC. (M\u0103 uit la tine, Call of Duty) j  <\/p>\n\n<figure class=\"wp-block-image\"><img decoding=\"async\" src=\"https:\/\/droix.net\/wp-content\/uploads\/elementor\/thumbs\/processor-q8z5das1ql6n9ve6zhwvyxoict8wyvevo2ttgvwkqo.png\" alt=\"procesor\" title=\"procesor\"\/><\/figure>\n\n<h2 class=\"wp-block-heading\">AYANEO Urm\u0103torul GPU AMD<\/h2>\n\n<p>Joac\u0103 cele mai recente jocuri AAA<\/p>\n\n<p>Grafica AMD din AYANEO Next este perfect\u0103 pentru jocurile \u00een mi\u0219care. Este bine cunoscut \u00een comunitatea de gaming faptul c\u0103 AMD depune eforturi suplimentare pentru integrarea \u0219i compatibilitatea cu cele mai recente jocuri de pe pia\u021b\u0103. <\/p>\n\n<p>Chipset-ul grafic g\u0103sit \u00een AYANEO Next este cu 17% mai rapid \u00een benchmark-uri comparativ cu vechea genera\u021bie AMD Graphics. \u00cempreun\u0103 cu software-ul AYA Space, care v\u0103 permite s\u0103 controla\u021bi TDP-ul consolei dvs. \u0219i cu solu\u021bia de r\u0103cire excelent\u0103, AYANEO Next este o bestie a jocurilor. <\/p>\n\n<h2 class=\"wp-block-heading\">\u00cendr\u0103zne\u021b \u0219i luminos<\/h2>\n\n<p>Ecran H-IPS de 7\u2033<\/p>\n\n<p>Atunci c\u00e2nd joci, viteza \u0219i FPS nu sunt totul (bine, reprezint\u0103 aproximativ 90% din experien\u021b\u0103), dar mediul prin care absorbi experien\u021ba este foarte important.<\/p>\n\n<p>Acesta este motivul pentru care AYANEO Next vine cu un frumos ecran tactil H-IPS de 1280*800.<\/p>\n\n<figure class=\"wp-block-image\"><img decoding=\"async\" src=\"https:\/\/droix.net\/wp-content\/uploads\/2022\/01\/AYANEO-NEXT-BRIGHT-WHITE-MARKETING-PICTURE-2-scaled.jpg\" alt=\"AYANEO-NEXT-BRIGHT-WHITE-MARKETING-PICTURE-2\" title=\"AYA NEO NEXT 2\"\/><\/figure>\n\n<figure class=\"wp-block-image\"><img decoding=\"async\" src=\"https:\/\/droix.net\/wp-content\/uploads\/2022\/01\/AYANEO-NEXT-JET-BLACK-MARKETING-PICTURE-2-scaled.jpg\" alt=\"AYANEO- URM&#x102;TORUL-JET-NEGRU-MARKETING-PICTURA-2\" title=\"AYA NEO NEXT 3\"\/><\/figure>\n\n<figure class=\"wp-block-image\"><img decoding=\"async\" src=\"https:\/\/droix.net\/wp-content\/uploads\/2022\/01\/AYANEO-NEXT-MIDNIGHT-BLUE-MARKETING-PICTURE-4-scaled.jpg\" alt=\"AYANEO-NEXT-MIDNIGHT-BLUE-MARKETING-PICTURE-4\" title=\"AYA NEO NEXT 4\"\/><\/figure>\n\n<figure class=\"wp-block-image\"><img decoding=\"async\" src=\"https:\/\/droix.net\/wp-content\/uploads\/2022\/01\/AYANEO-NEXT-PASTEL-BLUE-MARKETING-PICTURE-7-scaled.jpg\" alt=\"AYANEO-NEXT-PASTEL-BLUE-MARKETING-PICTURE-7\" title=\"AYA NEO NEXT 5\"\/><\/figure>\n\n<h2 class=\"wp-block-heading\">Jocuri A-Z<\/h2>\n\n<p>AYANEO Next PC Gaming Handheld \u00eendepline\u0219te toate condi\u021biile - vine cu cel mai bun hardware pentru a v\u0103 face sesiunile de jocuri c\u00e2t mai confortabile.<\/p>\n\n<figure class=\"wp-block-image\"><img decoding=\"async\" src=\"https:\/\/droix.net\/wp-content\/uploads\/2022\/01\/high-quality-build.png\" alt=\"\" title=\"AYA NEO NEXT 6\"\/><\/figure>\n\n<figure class=\"wp-block-image\"><img decoding=\"async\" src=\"https:\/\/droix.net\/wp-content\/uploads\/2022\/01\/shoulder-buttons.png\" alt=\"\" title=\"AYA NEO NEXT 7\"\/><\/figure>\n\n<figure class=\"wp-block-image\"><img decoding=\"async\" src=\"https:\/\/droix.net\/wp-content\/uploads\/2022\/01\/fingerprint.png\" alt=\"\" title=\"AYA NEO NEXT 8\"\/><\/figure>\n","protected":false},"excerpt":{"rendered":"<ul>\n<li>AMD\u00ae <strong>Ryzen\u2122 7 5825U<\/strong> cu grafic\u0103 AMD Radeon\u2122 Vega 8<\/li>\n<li><strong>16GB<\/strong> LPDDR4x Dual-Channel @ 4266Mhz<\/li>\n<li><strong>2TB\/2TB<\/strong> SSD PCI-E NVMe de mare vitez\u0103<\/li>\n<li>Ecran tactil H-IPS de <strong>7\u2033<\/strong> <\/li>\n<li>Suport <strong>WiFi 6<\/strong> IEEE \u0219i <strong>Bluetooth 5.2<\/strong> <\/li>\n<\/ul>\n[cg_accordion title=\"INFORMA\u021aII PRIVIND PLATA\"]<\/p>\n<p>Utiliz\u0103m cea mai recent\u0103 tehnologie de procesare a pl\u0103\u021bilor, care v\u0103 permite s\u0103 efectua\u021bi plata prin Apple Pay, Google Pay, cardul dvs. de debit\/credit, PayPal sau metode BNPL precum Klarna, Affirm sau AfterPay pentru o experien\u021b\u0103 rapid\u0103 \u0219i sigur\u0103.[\/cg_accordion]\n[cg_accordion title=\"GARAN\u021aIE\"]<\/p>\n<p>Garan\u021bie de 1 an de la <a href=\"https:\/\/droix.net\/\" target=\"_blank\" rel=\"nofollow noopener\">DROIX Global<\/a> pentru lini\u0219tea dumneavoastr\u0103[\/cg_accordion]\n[cg_accordion title=\"PRE\u021aURI, TAXE \u0218I TRANSPORT\"]<\/p>\n<p><strong><u>Not\u0103:<\/u><\/strong><\/p>\n<ul>\n<li>Clien\u021bii din Statele Unite ale Americii: Pre\u021bul afi\u0219at NU include TAXE sau taxe vamale. Responsabilitatea de a v\u0103mui \u0219i de a pl\u0103ti orice tax\u0103\/tax\u0103 asociat\u0103 revine clientului. <\/li>\n<li>Clien\u021bii din UE: Pre\u021bul afi\u0219at include TAXA aplicabil\u0103, care poate fi de p\u00e2n\u0103 la 25% \u00een func\u021bie de \u021bara dumneavoastr\u0103.<\/li>\n<li>Clien\u021bii din Canada: Pre\u021bul afi\u0219at include taxele aplicabile, care pot include 5% GST \u0219i taxe de v\u00e2nzare provinciale suplimentare (PST), taxa de v\u00e2nzare armonizat\u0103 (HST) sau taxa de v\u00e2nzare din Quebec (QST), \u00een func\u021bie de provincia dumneavoastr\u0103.<\/li>\n<\/ul>\n<p><strong>Doar pentru clien\u021bii din UE:<\/strong> Express DDP (Delivered Duty Paid). Aceasta \u00eenseamn\u0103 c\u0103: <\/p>\n<ul>\n<li>Toate taxele vamale \u0219i impozitele sunt incluse \u00een pre\u021bul afi\u0219at pe pagina produsului.<\/li>\n<li>Nu va trebui s\u0103 pl\u0103ti\u021bi nicio tax\u0103 suplimentar\u0103 la livrare.<\/li>\n<li>\u00cen cazul rar al unor probleme legate de vam\u0103, echipa noastr\u0103 se va ocupa de procesul de v\u0103muire \u00een numele dvs. pentru a asigura o livrare f\u0103r\u0103 probleme.<\/li>\n<p>Informa\u021bii importante despre retururi:<\/p>\n<li>Dac\u0103 decide\u021bi s\u0103 returna\u021bi comanda sau s\u0103 solicita\u021bi o rambursare, v\u0103 rug\u0103m s\u0103 re\u021bine\u021bi c\u0103 taxele \u0219i impozitele pl\u0103tite \u00een numele dvs. \u00een conformitate cu termenii DDP nu pot fi rambursate.<\/li>\n<p>V\u0103 rug\u0103m s\u0103 consulta\u021bi <a href=\"https:\/\/ayaneo.co\/terms-of-service-2\/\" target=\"_blank\" rel=\"nofollow noopener\">Termenii \u0219i condi\u021biile<\/a> noastre pentru informa\u021bii detaliate.\n<\/ul>\n<p>[\/cg_accordion]\n[cg_accordion title=\"ASISTEN\u021a\u0102 PENTRU CLIEN\u021aI\"]<\/p>\n<p>Ave\u021bi o \u00eentrebare? Suntem la un scurt mesaj distan\u021b\u0103 de rezolvarea problemei tale!<br \/>\n[\/cg_accordion]\n[cg_accordion title=\"Pachetul include\"]<\/p>\n<ul>\n<li>1x AYANEO NEXT<\/li>\n<li>1x cablu USB tip C<\/li>\n<li>1x Manual de utilizare<\/li>\n<\/ul>\n<p>[\/cg_accordion]\n","protected":false},"featured_media":29368,"template":"","meta":{"_acf_changed":false},"product_brand":[],"product_cat":[1228],"product_tag":[],"class_list":{"0":"post-29367","1":"product","2":"type-product","3":"status-publish","4":"has-post-thumbnail","6":"product_cat-pc-uri-portabile-pentru-jocuri","7":"product_shipping_class-premium","8":"pa_brand-ayaneo","9":"pa_graphics-gpu-model-radeon-graphics","10":"pa_operating-system-windows-11-home","11":"pa_processor-cpu-brand-amd","13":"first","14":"outofstock","15":"sale","16":"taxable","17":"shipping-taxable","18":"purchasable","19":"product-type-variable","20":"has-default-attributes"},"acf":[],"_links":{"self":[{"href":"https:\/\/ayaneo.co\/ro\/wp-json\/wp\/v2\/product\/29367","targetHints":{"allow":["GET"]}}],"collection":[{"href":"https:\/\/ayaneo.co\/ro\/wp-json\/wp\/v2\/product"}],"about":[{"href":"https:\/\/ayaneo.co\/ro\/wp-json\/wp\/v2\/types\/product"}],"wp:featuredmedia":[{"embeddable":true,"href":"https:\/\/ayaneo.co\/ro\/wp-json\/wp\/v2\/media\/29368"}],"wp:attachment":[{"href":"https:\/\/ayaneo.co\/ro\/wp-json\/wp\/v2\/media?parent=29367"}],"wp:term":[{"taxonomy":"product_brand","embeddable":true,"href":"https:\/\/ayaneo.co\/ro\/wp-json\/wp\/v2\/product_brand?post=29367"},{"taxonomy":"product_cat","embeddable":true,"href":"https:\/\/ayaneo.co\/ro\/wp-json\/wp\/v2\/product_cat?post=29367"},{"taxonomy":"product_tag","embeddable":true,"href":"https:\/\/ayaneo.co\/ro\/wp-json\/wp\/v2\/product_tag?post=29367"}],"curies":[{"name":"wp","href":"https:\/\/api.w.org\/{rel}","templated":true}]}}