{"id":44856,"date":"2026-02-03T13:07:54","date_gmt":"2026-02-03T13:07:54","guid":{"rendered":"https:\/\/ayaneo.co\/product\/biwin-mini-ssd\/"},"modified":"2026-02-12T09:57:38","modified_gmt":"2026-02-12T09:57:38","slug":"biwin-mini-ssd","status":"publish","type":"product","link":"https:\/\/ayaneo.co\/ro\/product\/biwin-mini-ssd\/","title":{"rendered":"BIWIN Mini SSD"},"content":{"rendered":"\n<h2 class=\"wp-block-heading\">BIWIN Mini SSD: O nou\u0103 er\u0103 a performan\u021bei de stocare<\/h2>\n\n<p>\u00cen lumea extrem de competitiv\u0103 a stoc\u0103rii portabile, <strong>BIWIN Mini SSD<\/strong> apare ca o adev\u0103rat\u0103 putere, oferind performan\u021b\u0103 de elit\u0103 \u0219i durabilitate robust\u0103 pentru a satisface orice utilizator exigent. Acest dispozitiv este o declara\u021bie de vitez\u0103 f\u0103r\u0103 compromisuri, reprezent\u00e2nd un salt \u00eenainte \u00een tehnologia de stocare ultra-compact\u0103. BIWIN Mini SSD este o minune de design \u0219i putere, oferind o experien\u021b\u0103 de date la nivel de flagship, portabilitate de neegalat \u0219i o serie de caracteristici inovatoare care \u00eel plaseaz\u0103 la v\u00e2rful pie\u021bei. Creat\u0103 pentru profesioni\u0219tii \u0219i entuzia\u0219tii care cer vitez\u0103 de elit\u0103 \u0219i o solu\u021bie premium, bogat\u0103 \u00een caracteristici, aceast\u0103 unitate sparge grani\u021bele manipul\u0103rii datelor \u00een mi\u0219care.   <\/p>\n\n<p>BIWIN Mini SSD reprezint\u0103 un titan al inova\u021biei \u00een domeniul dispozitivelor de stocare compacte high-end. Alimentat de tehnologia de v\u00e2rf <strong>PCIe Gen4x2<\/strong> \u0219i <strong>NVMe 1.4<\/strong>, Mini SSD ofer\u0103 performan\u021be uluitoare, cu viteze de citire secven\u021bial\u0103 de p\u00e2n\u0103 la <strong>3.700 MB\/s<\/strong> \u0219i viteze de scriere de p\u00e2n\u0103 la <strong>3.400 MB\/s<\/strong>. Aceast\u0103 vitez\u0103 zdrobe\u0219te plafonul de performan\u021b\u0103 al cardurilor microSD tradi\u021bionale, pozi\u021bion\u00e2nd Mini SSD ca un \u00eenlocuitor superior, de mare vitez\u0103. Aceast\u0103 putere este ad\u0103postit\u0103 \u00eentr-un corp ultra-compact - m\u0103sur\u00e2nd doar <strong>15,0 mm \u00d7 17,0 mm \u00d7 1,4 mm - ceea ce<\/strong>este posibil datorit\u0103 ambal\u0103rii avansate <a href=\"https:\/\/en.wikipedia.org\/wiki\/Land_grid_array\" target=\"_blank\" rel=\"noopener nofollow\" title=\"\">LGA (Land Grid Array)<\/a>.   <\/p>\n\n<p>Disponibil \u00een op\u021biuni de mare capacitate, inclusiv <strong>512GB, 1TB \u0219i 2TB<\/strong>, Mini SSD ofer\u0103 spa\u021biu de stocare excep\u021bional pentru sarcini de lucru solicitante, precum colaborarea \u00een cloud \u0219i procesarea datelor \u00een timp real.<\/p>\n\n<h2 class=\"wp-block-heading\"><strong>Not\u0103 privind performan\u021bele dispozitivelor portabile<\/strong><\/h2>\n\n<p>Este important ca utilizatorii de dispozitive gazd\u0103 specifice s\u0103 re\u021bin\u0103 c\u0103, de\u0219i Mini SSD ofer\u0103 viteze teoretice maxime de 3 700 MB\/s, performan\u021ba sa real\u0103 va fi limitat\u0103 de specifica\u021biile slotului dispozitivului gazd\u0103. De exemplu, atunci c\u00e2nd este instalat\u0103 \u00een dispozitive portabile de jocuri compatibile, viteza unit\u0103\u021bii este de obicei limitat\u0103 deoarece dispozitivul utilizeaz\u0103 o configura\u021bie <strong>mini PCIe 4&#215;1<\/strong> (\u00een loc de specifica\u021bia complet\u0103 4&#215;2). Pe baza testelor CrystalDiskMark, utilizatorii se pot a\u0219tepta la viteze medii de citire \u0219i scriere de aproximativ <strong>1.700 MB\/s<\/strong>. Aceasta asigur\u0103 \u00een continuare o performan\u021b\u0103 fiabil\u0103, de mare vitez\u0103, care dep\u0103\u0219e\u0219te cu mult alternativele microSD, de\u0219i este posibil s\u0103 nu reflecte poten\u021bialul teoretic maxim absolut al unit\u0103\u021bii.   <\/p>\n\n<p>Proiectat pentru o fiabilitate f\u0103r\u0103 compromisuri, dispozitivul are o structur\u0103 robust\u0103 cu un <strong>rating IP68<\/strong> pentru protec\u021bie complet\u0103 \u00eempotriva prafului \u0219i a apei, fiind construit pentru a rezista \u00een cele mai dificile condi\u021bii. Fiabilitatea imersiv\u0103 a datelor este asigurat\u0103 de firmware-ul avansat, inclusiv caching SLC dinamic \u0219i nivelarea uzurii, \u00een timp ce durabilitatea sa este consolidat\u0103 de ambalajul LGA care \u00eei permite s\u0103 supravie\u021buiasc\u0103 la c\u0103deri de p\u00e2n\u0103 la <strong>3 metri<\/strong>. Datorit\u0103 designului s\u0103u versatil cu sloturi modulare, acesta este un companion durabil \u0219i preg\u0103tit pentru viitor pentru aplica\u021bii \u00een dispozitive mobile, dispozitive portabile de jocuri (cum ar fi GPD WIN 5 \u0219i ONEXPLAYER Super X) \u0219i calculatoare periferice.  <\/p>\n","protected":false},"excerpt":{"rendered":"\n<ul>\n<li>Interfa\u021b\u0103: <strong>PCIe Gen4x2<\/strong> cu protocol **NVMe 1.4**<\/li>\n<li>Factor de form\u0103: <strong>Pachet LGA ultra-compact<\/strong> (15,0 mm \u00d7 17,0 mm \u00d7 1,4 mm)<\/li>\n<li>Performan\u021b\u0103: P\u00e2n\u0103 la **3,700 MB\/s la citire** \/ P\u00e2n\u0103 la **3,400 MB\/s la scriere**<\/li>\n<li>Capacitate: 512GB, 1TB sau 2TB 3D TLC NAND<\/li>\n<li>Durabilitate: <strong>IP68<\/strong> Rezisten\u021b\u0103 la praf \u0219i ap\u0103 \/ **C\u0103dere de 3 metri** Supravie\u021buire<\/li>\n<li>Tehnologie: **SLC Caching** dinamic \u0219i **Wear Leveling**<\/li>\n<\/ul>\n[cg_accordion title=\"INFORMA\u021aII PRIVIND PLATA\"]<\/p>\n<p>Utiliz\u0103m cea mai recent\u0103 tehnologie de procesare a pl\u0103\u021bilor, care v\u0103 permite s\u0103 efectua\u021bi plata prin Apple Pay, Google Pay, cardul dvs. de debit\/credit, PayPal sau metode BNPL precum Klarna, Affirm sau AfterPay pentru o experien\u021b\u0103 rapid\u0103 \u0219i sigur\u0103.[\/cg_accordion]\n[cg_accordion title=\"GARAN\u021aIE\"]<\/p>\n<p>Garan\u021bie de 1 an de la <a href=\"https:\/\/droix.net\/\" target=\"_blank\" rel=\"nofollow noopener\">DROIX Global<\/a> pentru lini\u0219tea dumneavoastr\u0103[\/cg_accordion]\n[cg_accordion title=\"ASIGURAREA CALIT\u0102\u021aII \u0218I TESTAREA \u00ceNAINTE DE EXPEDIERE\"]<\/p>\n<p>Asigurarea satisfac\u021biei clien\u021bilor la cel mai \u00eenalt standard: Fiecare dispozitiv este supus unor teste riguroase \u0219i unei verific\u0103ri de asigurare a calit\u0103\u021bii \u00een mai multe puncte \u00eenainte de a fi expediat. Echipa noastr\u0103 dedicat\u0103 verific\u0103 performan\u021ba, func\u021bionalitatea \u0219i integritatea componentelor pentru a v\u0103 garanta c\u0103 dispozitivul AYANEO este \u00een stare perfect\u0103 de func\u021bionare la sosire, oferindu-v\u0103 \u00eencredere \u0219i lini\u0219te sufleteasc\u0103. [\/cg_accordion]\n[cg_accordion title=\"PRE\u021aURI, TAXE \u0218I TRANSPORT\"]<\/p>\n<p><strong><u>Not\u0103:<\/u><\/strong><\/p>\n<ul>\n<li>Clien\u021bii din Statele Unite ale Americii: Pre\u021bul afi\u0219at NU include TAXE sau taxe vamale. Responsabilitatea de a v\u0103mui \u0219i de a pl\u0103ti orice tax\u0103\/tax\u0103 asociat\u0103 revine clientului. <\/li>\n<li>Clien\u021bii din UE: Pre\u021bul afi\u0219at include TAXA aplicabil\u0103, care poate fi de p\u00e2n\u0103 la 25% \u00een func\u021bie de \u021bara dumneavoastr\u0103.<\/li>\n<li>Clien\u021bii din Canada: Pre\u021bul afi\u0219at include taxele aplicabile, care pot include 5% GST \u0219i taxe de v\u00e2nzare provinciale suplimentare (PST), taxa de v\u00e2nzare armonizat\u0103 (HST) sau taxa de v\u00e2nzare din Quebec (QST), \u00een func\u021bie de provincia dumneavoastr\u0103.<\/li>\n<\/ul>\n<p>Pentru clien\u021bii no\u0219tri din SUA: Comenzile sunt expediate DAP (Delivered At Place). \u00cen timp ce clien\u021bii sunt responsabili pentru plata oric\u0103ror tarife aplicabile, ne baz\u0103m pe vasta noastr\u0103 experien\u021b\u0103 \u00een expedierea din Regatul Unit pentru a ne asigura c\u0103 pl\u0103ti\u021bi cele mai mici taxe posibile. Pe baza \u00eenregistr\u0103rilor noastre, aceste taxe nu dep\u0103\u0219esc de obicei 10% din valoarea articolului.  <\/p>\n<p><strong>Doar pentru clien\u021bii din UE:<\/strong> Express DDP (Delivered Duty Paid). Aceasta \u00eenseamn\u0103 c\u0103: <\/p>\n<ul>\n<li>Toate taxele vamale \u0219i impozitele sunt incluse \u00een pre\u021bul afi\u0219at pe pagina produsului.<\/li>\n<li>Nu va trebui s\u0103 pl\u0103ti\u021bi nicio tax\u0103 suplimentar\u0103 la livrare.<\/li>\n<li>\u00cen cazul rar al unor probleme legate de vam\u0103, echipa noastr\u0103 se va ocupa de procesul de v\u0103muire \u00een numele dvs. pentru a asigura o livrare f\u0103r\u0103 probleme.<\/li>\n<p>Informa\u021bii importante despre retururi:<\/p>\n<li>Dac\u0103 decide\u021bi s\u0103 returna\u021bi comanda sau s\u0103 solicita\u021bi o rambursare, v\u0103 rug\u0103m s\u0103 re\u021bine\u021bi c\u0103 taxele \u0219i impozitele pl\u0103tite \u00een numele dvs. \u00een conformitate cu termenii DDP nu pot fi rambursate.<\/li>\n<p>V\u0103 rug\u0103m s\u0103 consulta\u021bi <a href=\"https:\/\/ayaneo.co\/ro\/termeni-de-serviciu\/\" target=\"_blank\" rel=\"nofollow noopener\">Termenii \u0219i condi\u021biile<\/a> noastre pentru informa\u021bii detaliate.\n<\/ul>\n<p>[\/cg_accordion]\n[cg_accordion title=\"ASISTEN\u021a\u0102 PENTRU CLIEN\u021aI\"]<\/p>\n<p>Ave\u021bi o \u00eentrebare? Suntem la un scurt mesaj distan\u021b\u0103 de rezolvarea problemei tale! [\/cg_accordion]\n[cg_accordion title=\"PACHETUL INCLUDE\"]<\/p>\n<ul>\n<li>1x BIWIN Mini SSD<\/li>\n<\/ul>\n<p>[\/cg_accordion]\n","protected":false},"featured_media":44149,"template":"","meta":{"_acf_changed":false},"product_brand":[],"product_cat":[1188],"product_tag":[],"class_list":{"0":"post-44856","1":"product","2":"type-product","3":"status-publish","4":"has-post-thumbnail","6":"product_cat-accesorii","7":"product_shipping_class-low-end","8":"pa_brand-biwin","10":"first","11":"instock","12":"taxable","13":"shipping-taxable","14":"purchasable","15":"product-type-variable","16":"has-default-attributes"},"acf":[],"_links":{"self":[{"href":"https:\/\/ayaneo.co\/ro\/wp-json\/wp\/v2\/product\/44856","targetHints":{"allow":["GET"]}}],"collection":[{"href":"https:\/\/ayaneo.co\/ro\/wp-json\/wp\/v2\/product"}],"about":[{"href":"https:\/\/ayaneo.co\/ro\/wp-json\/wp\/v2\/types\/product"}],"wp:featuredmedia":[{"embeddable":true,"href":"https:\/\/ayaneo.co\/ro\/wp-json\/wp\/v2\/media\/44149"}],"wp:attachment":[{"href":"https:\/\/ayaneo.co\/ro\/wp-json\/wp\/v2\/media?parent=44856"}],"wp:term":[{"taxonomy":"product_brand","embeddable":true,"href":"https:\/\/ayaneo.co\/ro\/wp-json\/wp\/v2\/product_brand?post=44856"},{"taxonomy":"product_cat","embeddable":true,"href":"https:\/\/ayaneo.co\/ro\/wp-json\/wp\/v2\/product_cat?post=44856"},{"taxonomy":"product_tag","embeddable":true,"href":"https:\/\/ayaneo.co\/ro\/wp-json\/wp\/v2\/product_tag?post=44856"}],"curies":[{"name":"wp","href":"https:\/\/api.w.org\/{rel}","templated":true}]}}