{"id":47559,"date":"2026-03-23T10:44:43","date_gmt":"2026-03-23T10:44:43","guid":{"rendered":"https:\/\/ayaneo.co\/product\/cablu-usb5-80gbps-240w-8k-60hz-compatibil-cu-thunderbolt-5\/"},"modified":"2026-04-24T10:33:07","modified_gmt":"2026-04-24T10:33:07","slug":"cablu-usb5-80gbps-240w-8k-60hz-compatibil-cu-thunderbolt-5","status":"publish","type":"product","link":"https:\/\/ayaneo.co\/ro\/product\/cablu-usb5-80gbps-240w-8k-60hz-compatibil-cu-thunderbolt-5\/","title":{"rendered":"Cablu USB5 80Gbps 240W | 8K 60Hz Compatibil cu Thunderbolt 5"},"content":{"rendered":"\n<h2 class=\"wp-block-heading\">Cablu USB5 80Gbps 240W: Cea mai bun\u0103 solu\u021bie Thunderbolt 5 pentru fluxurile de lucru profesionale<\/h2>\n\n<p id=\"p-rc_98f34dcd8f33ef71-24\"><strong>Cablul USB5 80Gbps 240W<\/strong> reprezint\u0103 un salt monumental \u00een tehnologia de conectivitate pentru utilizatorii puternici. Deoarece hardware-ul modern necesit\u0103 viteze f\u0103r\u0103 precedent, acest cablu a fost proiectat pentru a respecta cele mai recente standarde Thunderbolt 5 \u0219i USB4 2.0. Acesta ofer\u0103 o l\u0103\u021bime de band\u0103 bidirec\u021bional\u0103 masiv\u0103 de 80Gbps, care dubleaz\u0103 efectiv performan\u021ba genera\u021biilor anterioare.  <sup><\/sup>  \u00cen consecin\u021b\u0103, pute\u021bi transfera acum fi\u0219iere video masive 8K sau biblioteci de proiecte \u00eentr-o frac\u021biune din timpul necesar anterior.<\/p>\n\n<h2 class=\"wp-block-heading\">Cum optimizeaz\u0103 cablul USB5 80Gbps 240W configura\u021bia ecranului dvs.?<\/h2>\n\n<p id=\"p-rc_98f34dcd8f33ef71-25\">Profesioni\u0219tii din domeniul vizual vor descoperi c\u0103 <strong>Cablul USB5 80Gbps 240W<\/strong> este un instrument esen\u021bial pentru multitasking de \u00eenalt\u0103 rezolu\u021bie. Acest cablu suport\u0103 protocolul avansat DisplayPort 2.1, permi\u021b\u00e2nd o singur\u0103 ie\u0219ire 8K 60Hz sau chiar configura\u021bii duble 8K. <sup><\/sup>  \u00cen plus, tehnologia inovatoare &#8222;Bandwidth Boost\" poate reconfigura benzile de date.<sup><\/sup>  Acest lucru permite cablului s\u0103 ofere p\u00e2n\u0103 la 120Gbps pentru sarcini de afi\u0219are intense, men\u021bin\u00e2nd \u00een acela\u0219i timp o vitez\u0103 robust\u0103 de 40Gbps pentru returnarea datelor.<sup><\/sup><\/p>\n\n<p>Fluxurile de lucru profesionale sunt \u00eembun\u0103t\u0103\u021bite semnificativ de aceast\u0103 flexibilitate. \u00cen timp ce un monitor cu rat\u0103 mare de re\u00eemprosp\u0103tare este ac\u021bionat, <strong>cablul USB5 Cable 80Gbps 240W<\/strong> asigur\u0103 c\u0103 stocarea extern\u0103 r\u0103m\u00e2ne receptiv\u0103. Datorit\u0103 includerii cod\u0103rii semnalului PAM3, integritatea datelor este men\u021binut\u0103 chiar \u0219i la aceste viteze ame\u021bitoare. Prin urmare, ecranele p\u00e2lp\u00e2itoare \u0219i corup\u021bia datelor devin probleme ale trecutului.   <\/p>\n\n<h2 class=\"wp-block-heading\">Livrare de putere de 240W \u0219i calitate a construc\u021biei de neegalat<\/h2>\n\n<p id=\"p-rc_98f34dcd8f33ef71-26\">Capacit\u0103\u021bile de \u00eenc\u0103rcare au fost \u00eembun\u0103t\u0103\u021bite radical cu acest nou standard. <strong>Cablul USB5 80Gbps 240W<\/strong> suport\u0103 cele mai recente specifica\u021bii PD 3.1 Extended Power Range (EPR).<sup><\/sup> Acest lucru \u00eenseamn\u0103 c\u0103 p\u00e2n\u0103 la 240W de putere este canalizat\u0103 \u00een siguran\u021b\u0103 prin cablu c\u0103tre dispozitivul dvs. Ca urmare, chiar \u0219i cele mai consumatoare de energie laptopuri de jocuri pot fi \u00eenc\u0103rcate la vitez\u0103 maxim\u0103, f\u0103r\u0103 a avea nevoie de un conector proprietar &#8222;brick\".  <\/p>\n\n<p id=\"p-rc_98f34dcd8f33ef71-27\">Durabilitatea a fost \u00een mod clar o prioritate \u00een timpul proiect\u0103rii <strong>cablului USB5 Cable 80Gbps 240W<\/strong>. Cablajul intern este protejat de un ecran din aliaj \u00eempletit de \u00eenalt\u0103 densitate pentru a minimiza interferen\u021bele electromagnetice. <sup><\/sup>  \u00cen plus, \u00eenveli\u0219ul exterior este construit din TPE flexibil, care a fost testat s\u0103 reziste la peste 2.000 de cicluri de \u00eendoire.<sup><\/sup>  Deoarece conectorii sunt placa\u021bi cu nichel, ace\u0219tia sunt evalua\u021bi pentru peste 10.000 de inser\u021bii, asigur\u00e2nd o conexiune fiabil\u0103 pentru anii urm\u0103tori.<\/p>\n\n<h2 class=\"wp-block-heading\">Asigura\u021bi-v\u0103 viitorul cu cablul USB5 80Gbps 240W<\/h2>\n\n<p id=\"p-rc_98f34dcd8f33ef71-28\">Compatibilitatea nu este niciodat\u0103 o problem\u0103 cu acest accesoriu versatil. De\u0219i este construit pentru viitor, <strong>cablul USB5 80Gbps 240W<\/strong> este complet compatibil cu dispozitivele <a href=\"https:\/\/www.intel.com\/content\/www\/us\/en\/gaming\/resources\/upgrade-gaming-accessories-thunderbolt-4.html\" target=\"_blank\" rel=\"noopener nofollow\" title=\"\">Thunderbolt 4<\/a> \u0219i<a href=\"https:\/\/www.thunderbolttechnology.net\/blog\/thunderbolt-3-usb-c-does-it-all\" target=\"_blank\" rel=\"noopener nofollow\" title=\"\"> Thunderbolt 3<\/a>. De asemenea, func\u021bioneaz\u0103 perfect cu porturile USB4, USB 3.2 \u0219i USB-C standard. Fie c\u0103 conecta\u021bi un eGPU de ultim\u0103 genera\u021bie prin PCIe 4.0 sau pur \u0219i simplu sincroniza\u021bi un telefon mobil, performan\u021ba este \u00eentotdeauna optimizat\u0103.   <\/p>\n\n<p>Nu l\u0103sa\u021bi cablurile inferioare s\u0103 v\u0103 blocheze hardware-ul high-end \u0219i s\u0103 v\u0103 \u00eencetineasc\u0103 procesul creativ. Ar trebui s\u0103 v\u0103 asigura\u021bi ast\u0103zi <strong>cablul USB5 Cable 80Gbps 240W<\/strong> pentru a garanta c\u0103 r\u0103m\u00e2ne\u021bi \u00een fa\u021ba curbei. Stocurile pentru aceast\u0103 tehnologie de ultim\u0103 genera\u021bie se mi\u0219c\u0103 rapid, a\u0219a c\u0103 ac\u021biona\u021bi acum pentru a v\u0103 asigura c\u0103 sta\u021bia dvs. de lucru este preg\u0103tit\u0103 pentru revolu\u021bia 80Gbps. Experimenta\u021bi v\u00e2rful de vitez\u0103 \u0219i putere comand\u00e2nd din magazinul nostru ast\u0103zi!   <\/p>\n\n<p><\/p>\n","protected":false},"excerpt":{"rendered":"<ul>\n<li><strong>80Gbps Pro Data<\/strong> - Transferuri bidirec\u021bionale extrem de rapide pentru fi\u0219iere masive.<\/li>\n<li><strong>\u00cenc\u0103rcare 240W EPR<\/strong> - Suport PD 3.1 complet pentru laptopuri de \u00eenalt\u0103 performan\u021b\u0103.<\/li>\n<li><strong>Imagini 8K@60Hz<\/strong> - Afi\u0219aj imersiv 8K sau 4K dual prin DisplayPort 2.1.<\/li>\n<li><strong>E-Mark Safety IC<\/strong> - Chipset inteligent asigur\u0103 o putere stabil\u0103, reglat\u0103 termic.<\/li>\n<li><strong>Zinc Alloy &amp; Braided Build<\/strong> - Design premium armat pentru durabilitate maxim\u0103.<\/li>\n<\/ul>\n[cg_accordion title=\"INFORMA\u021aII PRIVIND PLATA\"]<\/p>\n<p>Utiliz\u0103m cea mai recent\u0103 tehnologie de procesare a pl\u0103\u021bilor, care v\u0103 permite s\u0103 efectua\u021bi plata prin Apple Pay, Google Pay, cardul dvs. de debit\/credit, PayPal sau metode BNPL precum Klarna, Affirm sau AfterPay pentru o experien\u021b\u0103 rapid\u0103 \u0219i sigur\u0103.[\/cg_accordion]\n[cg_accordion title=\"GARAN\u021aIE\"]<\/p>\n<p>Garan\u021bie de 1 an de la <a href=\"https:\/\/droix.net\/\" target=\"_blank\" rel=\"nofollow noopener\">DROIX Global<\/a> pentru lini\u0219tea dumneavoastr\u0103[\/cg_accordion]\n[cg_accordion title=\"ASIGURAREA CALIT\u0102\u021aII \u0218I TESTAREA \u00ceNAINTE DE EXPEDIERE\"]<\/p>\n<p>Asigurarea satisfac\u021biei clien\u021bilor la cel mai \u00eenalt standard: Fiecare dispozitiv este supus unor teste riguroase \u0219i unei verific\u0103ri de asigurare a calit\u0103\u021bii \u00een mai multe puncte \u00eenainte de a fi expediat. Echipa noastr\u0103 dedicat\u0103 verific\u0103 performan\u021ba, func\u021bionalitatea \u0219i integritatea componentelor pentru a v\u0103 garanta c\u0103 dispozitivul AYANEO este \u00een stare perfect\u0103 de func\u021bionare la sosire, oferindu-v\u0103 \u00eencredere \u0219i lini\u0219te sufleteasc\u0103. [\/cg_accordion]\n[cg_accordion title=\"PRE\u021aURI, TAXE \u0218I TRANSPORT\"]<\/p>\n<p><strong><u>Not\u0103:<\/u><\/strong><\/p>\n<ul>\n<li>Clien\u021bii din Statele Unite ale Americii: Pre\u021bul afi\u0219at NU include TAXE sau taxe vamale. Responsabilitatea de a v\u0103mui \u0219i de a pl\u0103ti orice tax\u0103\/tax\u0103 asociat\u0103 revine clientului. <\/li>\n<li>Clien\u021bii din UE: Pre\u021bul afi\u0219at include TAXA aplicabil\u0103, care poate fi de p\u00e2n\u0103 la 25% \u00een func\u021bie de \u021bara dumneavoastr\u0103.<\/li>\n<li>Clien\u021bii din Canada: Pre\u021bul afi\u0219at include taxele aplicabile, care pot include 5% GST \u0219i taxe de v\u00e2nzare provinciale suplimentare (PST), taxa de v\u00e2nzare armonizat\u0103 (HST) sau taxa de v\u00e2nzare din Quebec (QST), \u00een func\u021bie de provincia dumneavoastr\u0103.<\/li>\n<\/ul>\n<p>Pentru clien\u021bii no\u0219tri din SUA: Comenzile sunt expediate DAP (Delivered At Place). \u00cen timp ce clien\u021bii sunt responsabili pentru plata oric\u0103ror tarife aplicabile, ne baz\u0103m pe vasta noastr\u0103 experien\u021b\u0103 \u00een expedierea din Regatul Unit pentru a ne asigura c\u0103 pl\u0103ti\u021bi cele mai mici taxe posibile. Pe baza \u00eenregistr\u0103rilor noastre, aceste taxe nu dep\u0103\u0219esc de obicei 10% din valoarea articolului.  <\/p>\n<p><strong>Doar pentru clien\u021bii din UE:<\/strong> Express DDP (Delivered Duty Paid). Aceasta \u00eenseamn\u0103 c\u0103: <\/p>\n<ul>\n<li>Toate taxele vamale \u0219i impozitele sunt incluse \u00een pre\u021bul afi\u0219at pe pagina produsului.<\/li>\n<li>Nu va trebui s\u0103 pl\u0103ti\u021bi nicio tax\u0103 suplimentar\u0103 la livrare.<\/li>\n<li>\u00cen cazul rar al unor probleme legate de vam\u0103, echipa noastr\u0103 se va ocupa de procesul de v\u0103muire \u00een numele dvs. pentru a asigura o livrare f\u0103r\u0103 probleme.<\/li>\n<p>Informa\u021bii importante despre retururi:<\/p>\n<li>Dac\u0103 decide\u021bi s\u0103 returna\u021bi comanda sau s\u0103 solicita\u021bi o rambursare, v\u0103 rug\u0103m s\u0103 re\u021bine\u021bi c\u0103 taxele \u0219i impozitele pl\u0103tite \u00een numele dvs. \u00een conformitate cu termenii DDP nu pot fi rambursate.<\/li>\n<p>V\u0103 rug\u0103m s\u0103 consulta\u021bi <a href=\"https:\/\/ayaneo.co\/ro\/termeni-de-serviciu\/\" target=\"_blank\" rel=\"nofollow noopener\">Termenii \u0219i condi\u021biile<\/a> noastre pentru informa\u021bii detaliate.\n<\/ul>\n<p>[\/cg_accordion]\n[cg_accordion title=\"ASISTEN\u021a\u0102 PENTRU CLIEN\u021aI\"]<\/p>\n<p>Ave\u021bi o \u00eentrebare? Suntem la un scurt mesaj distan\u021b\u0103 de rezolvarea problemei tale! [\/cg_accordion]\n[cg_accordion title=\"PACHETUL INCLUDE\"]<\/p>\n<ul>\n<li>1x cablu USB5 Type-C | 80Gbps 240W (1m)<\/li>\n<\/ul>\n<p>[\/cg_accordion]\n","protected":false},"featured_media":45912,"template":"","meta":{"_acf_changed":false},"product_brand":[],"product_cat":[1188],"product_tag":[],"class_list":{"0":"post-47559","1":"product","2":"type-product","3":"status-publish","4":"has-post-thumbnail","6":"product_cat-accesorii","7":"product_shipping_class-low-end","9":"first","10":"instock","11":"sale","12":"taxable","13":"shipping-taxable","14":"purchasable","15":"product-type-simple"},"acf":[],"_links":{"self":[{"href":"https:\/\/ayaneo.co\/ro\/wp-json\/wp\/v2\/product\/47559","targetHints":{"allow":["GET"]}}],"collection":[{"href":"https:\/\/ayaneo.co\/ro\/wp-json\/wp\/v2\/product"}],"about":[{"href":"https:\/\/ayaneo.co\/ro\/wp-json\/wp\/v2\/types\/product"}],"wp:featuredmedia":[{"embeddable":true,"href":"https:\/\/ayaneo.co\/ro\/wp-json\/wp\/v2\/media\/45912"}],"wp:attachment":[{"href":"https:\/\/ayaneo.co\/ro\/wp-json\/wp\/v2\/media?parent=47559"}],"wp:term":[{"taxonomy":"product_brand","embeddable":true,"href":"https:\/\/ayaneo.co\/ro\/wp-json\/wp\/v2\/product_brand?post=47559"},{"taxonomy":"product_cat","embeddable":true,"href":"https:\/\/ayaneo.co\/ro\/wp-json\/wp\/v2\/product_cat?post=47559"},{"taxonomy":"product_tag","embeddable":true,"href":"https:\/\/ayaneo.co\/ro\/wp-json\/wp\/v2\/product_tag?post=47559"}],"curies":[{"name":"wp","href":"https:\/\/api.w.org\/{rel}","templated":true}]}}