{"id":47575,"date":"2026-02-16T12:19:52","date_gmt":"2026-02-16T12:19:52","guid":{"rendered":"https:\/\/ayaneo.co\/product\/cablu-usb-4-0-tip-c-2\/"},"modified":"2026-04-24T10:33:32","modified_gmt":"2026-04-24T10:33:32","slug":"cablu-usb-4-0-tip-c-2","status":"publish","type":"product","link":"https:\/\/ayaneo.co\/ro\/product\/cablu-usb-4-0-tip-c-2\/","title":{"rendered":"Cablu USB 4.0 tip C"},"content":{"rendered":"\n<h2 class=\"wp-block-heading\"><strong>Cablu USB4 USB C: Cea mai bun\u0103 solu\u021bie de alimentare \u0219i date Thunderbolt 4<\/strong><\/h2>\n\n<p>Cablul USB4 USB C este o solu\u021bie de conectivitate de \u00eenalt\u0103 performan\u021b\u0103 conceput\u0103 pentru a satisface cerin\u021bele riguroase ale configura\u021biilor moderne profesionale \u0219i de jocuri. Fie c\u0103 conecta\u021bi un MacBook high-end, o unitate eGPU sau un SSD de mare vitez\u0103, acest cablu asigur\u0103 func\u021bionarea hardware-ului dvs. la v\u00e2rful s\u0103u absolut. Prin integrarea celor mai recente standarde Thunderbolt 4, acesta ofer\u0103 o punte universal\u0103 pentru toate dispozitivele dvs. Type-C, oferind o versatilitate de neegalat \u00eentr-un singur pachet elegant.  <\/p>\n\n<hr class=\"wp-block-separator has-alpha-channel-opacity\"\/>\n\n<h2 class=\"wp-block-heading\"><strong>Experimenta\u021bi viteze ame\u021bitoare cu cablul USB4 40Gbps USB C<\/strong><\/h2>\n\n<p>Transferul de date atinge noi \u00een\u0103l\u021bimi cu acest cablu, oferind viteze de p\u00e2n\u0103 la 40Gbps. Acest lucru este semnificativ mai rapid dec\u00e2t alternativele USB-C standard, permi\u021b\u00e2ndu-v\u0103 s\u0103 transfera\u021bi fi\u0219iere masive \u00een c\u00e2teva secunde \u00een loc de minute. Deoarece este complet compatibil cu Thunderbolt 3 \u0219i USB 3.2, \u00eel pute\u021bi utiliza pe o gam\u0103 larg\u0103 de hardware vechi \u0219i moderne, f\u0103r\u0103 a sacrifica performan\u021ba.  <\/p>\n\n<h2 class=\"wp-block-heading\"><strong>Rapid 240W Power Delivery pentru laptopuri de \u00eenalt\u0103 performan\u021b\u0103<\/strong><\/h2>\n\n<p>Alimentarea dispozitivelor dvs. este la fel de eficient\u0103 ca \u0219i transferul de date. Cablul USB4 USB C suport\u0103 PD 3.1 EPR, care permite o capacitate masiv\u0103 de \u00eenc\u0103rcare rapid\u0103 de 240W (48V\/5A). Acest lucru \u00eenseamn\u0103 c\u0103 poate face fa\u021b\u0103 cu u\u0219urin\u021b\u0103 cerin\u021belor de alimentare ale unui MacBook Pro de 16 inchi sau ale celor mai recente laptopuri de jocuri. Pentru a asigura siguran\u021ba \u00een timpul acestor transferuri de \u00eenalt\u0103 tensiune, cablul are un cip E-Marker \u00eencorporat, care gestioneaz\u0103 inteligent fluxul de energie \u0219i previne supra\u00eenc\u0103lzirea.   <\/p>\n\n<hr class=\"wp-block-separator has-alpha-channel-opacity\"\/>\n\n<h2 class=\"wp-block-heading\"><strong>Excelen\u021b\u0103 vizual\u0103 cu suport 8K60Hz \u0219i Dual 4K<\/strong><\/h2>\n\n<p>Dac\u0103 sunte\u021bi un profesionist creativ sau un pasionat de jocuri, capacit\u0103\u021bile video ale acestui cablu USB4 USB C v\u0103 vor impresiona. Acesta suport\u0103 un singur ecran 8K Ultra HD la o rat\u0103 de re\u00eemprosp\u0103tare lin\u0103 de 60 Hz, asigur\u00e2ndu-se c\u0103 fiecare detaliu este redat cu o claritate clar\u0103. Alternativ, cablul poate gestiona dou\u0103 monitoare 4K, ceea ce \u00eel face un instrument esen\u021bial pentru multi-tasking \u0219i sta\u021bii de lucru imersive.  <\/p>\n\n<h2 class=\"wp-block-heading\"><strong>Calitate robust\u0103 a construc\u021biei \u0219i compatibilitate universal\u0103<\/strong><\/h2>\n\n<p>Durabilitatea se afl\u0103 \u00een centrul designului. Cablul este construit cu un exterior \u00eempletit din PVC \u0219i nailon cu 48 de fire, care este proiectat special pentru a rezista la peste 10.000 de \u00eendoituri. \u00cen plus, carcasa din aliaj de aluminiu ofer\u0103 o senza\u021bie premium, protej\u00e2nd \u00een acela\u0219i timp miezul intern din cupru f\u0103r\u0103 oxigen. Aceast\u0103 construc\u021bie robust\u0103 asigur\u0103 faptul c\u0103 Cablul USB4 USB C r\u0103m\u00e2ne o parte fiabil\u0103 a kitului dvs. pentru anii urm\u0103tori.   <\/p>\n\n<hr class=\"wp-block-separator has-alpha-channel-opacity\"\/>\n\n<h2 class=\"wp-block-heading\"><strong>Asigura\u021bi-v\u0103 ast\u0103zi cablul USB4 USB C<\/strong><\/h2>\n\n<p>Nu mai l\u0103sa\u021bi vitezele de date sc\u0103zute sau \u00eenc\u0103rcarea slab\u0103 s\u0103 v\u0103 \u00eempiedice configurarea. Acest cablu premium este actualizarea definitiv\u0103 pentru oricine utilizeaz\u0103 un iPhone seria 15, un iPad Pro sau un PC de \u00eenalt\u0103 performan\u021b\u0103. Cererea este mare pentru aceast\u0103 specifica\u021bie specific\u0103 240W Thunderbolt 4, a\u0219a c\u0103 ac\u021biona\u021bi acum pentru a garanta c\u0103 o ve\u021bi primi pe a dvs. la timp. Vizita\u021bi magazinul nostru ast\u0103zi pentru a experimenta viitorul conectivit\u0103\u021bii \u0219i pentru a v\u0103 asigura c\u0103 dispozitivele dvs. func\u021bioneaz\u0103 \u00eentotdeauna la tura\u021bie maxim\u0103!   <\/p>\n","protected":false},"excerpt":{"rendered":"<ul>\n<li><strong>Date 40Gbps<\/strong> - Transfer extrem de rapid pentru fi\u0219iere masive.<\/li>\n<li><strong>\u00cenc\u0103rcare 240W<\/strong> - PD 3.1 pentru laptopuri de \u00eenalt\u0103 performan\u021b\u0103.<\/li>\n<li><strong>Video 8K60Hz<\/strong> - Suport pentru afi\u0219aj Sharp 8K sau 4K dual.<\/li>\n<li><strong>E-Marker Chip<\/strong> - Siguran\u021b\u0103 inteligent\u0103 pentru furnizarea stabil\u0103 a energiei.<\/li>\n<li><strong>Construc\u021bie \u00eempletit\u0103<\/strong> - Nailon ranforsat \u0219i carcas\u0103 din aluminiu.<\/li>\n<\/ul>\n[cg_accordion title=\"INFORMA\u021aII PRIVIND PLATA\"]<\/p>\n<p>Utiliz\u0103m cea mai recent\u0103 tehnologie de procesare a pl\u0103\u021bilor, care v\u0103 permite s\u0103 efectua\u021bi plata prin Apple Pay, Google Pay, cardul dvs. de debit\/credit, PayPal sau metode BNPL precum Klarna, Affirm sau AfterPay pentru o experien\u021b\u0103 rapid\u0103 \u0219i sigur\u0103.[\/cg_accordion]\n[cg_accordion title=\"GARAN\u021aIE\"]<\/p>\n<p>Garan\u021bie de 1 an de la <a href=\"https:\/\/droix.net\/\" target=\"_blank\" rel=\"nofollow noopener\">DROIX Global<\/a> pentru lini\u0219tea dumneavoastr\u0103[\/cg_accordion]\n[cg_accordion title=\"ASIGURAREA CALIT\u0102\u021aII \u0218I TESTAREA \u00ceNAINTE DE EXPEDIERE\"]<\/p>\n<p>Asigurarea satisfac\u021biei clien\u021bilor la cel mai \u00eenalt standard: Fiecare dispozitiv este supus unor teste riguroase \u0219i unei verific\u0103ri de asigurare a calit\u0103\u021bii \u00een mai multe puncte \u00eenainte de a fi expediat. Echipa noastr\u0103 dedicat\u0103 verific\u0103 performan\u021ba, func\u021bionalitatea \u0219i integritatea componentelor pentru a v\u0103 garanta c\u0103 dispozitivul AYANEO este \u00een stare perfect\u0103 de func\u021bionare la sosire, oferindu-v\u0103 \u00eencredere \u0219i lini\u0219te sufleteasc\u0103. [\/cg_accordion]\n[cg_accordion title=\"PRE\u021aURI, TAXE \u0218I TRANSPORT\"]<\/p>\n<p><strong><u>Not\u0103:<\/u><\/strong><\/p>\n<ul>\n<li>Clien\u021bii din Statele Unite ale Americii: Pre\u021bul afi\u0219at NU include TAXE sau taxe vamale. Responsabilitatea de a v\u0103mui \u0219i de a pl\u0103ti orice tax\u0103\/tax\u0103 asociat\u0103 revine clientului. <\/li>\n<li>Clien\u021bii din UE: Pre\u021bul afi\u0219at include TAXA aplicabil\u0103, care poate fi de p\u00e2n\u0103 la 25% \u00een func\u021bie de \u021bara dumneavoastr\u0103.<\/li>\n<li>Clien\u021bii din Canada: Pre\u021bul afi\u0219at include taxele aplicabile, care pot include 5% GST \u0219i taxe de v\u00e2nzare provinciale suplimentare (PST), taxa de v\u00e2nzare armonizat\u0103 (HST) sau taxa de v\u00e2nzare din Quebec (QST), \u00een func\u021bie de provincia dumneavoastr\u0103.<\/li>\n<\/ul>\n<p>Pentru clien\u021bii no\u0219tri din SUA: Comenzile sunt expediate DAP (Delivered At Place). \u00cen timp ce clien\u021bii sunt responsabili pentru plata oric\u0103ror tarife aplicabile, ne baz\u0103m pe vasta noastr\u0103 experien\u021b\u0103 \u00een expedierea din Regatul Unit pentru a ne asigura c\u0103 pl\u0103ti\u021bi cele mai mici taxe posibile. Pe baza \u00eenregistr\u0103rilor noastre, aceste taxe nu dep\u0103\u0219esc de obicei 10% din valoarea articolului.  <\/p>\n<p><strong>Doar pentru clien\u021bii din UE:<\/strong> Express DDP (Delivered Duty Paid). Aceasta \u00eenseamn\u0103 c\u0103: <\/p>\n<ul>\n<li>Toate taxele vamale \u0219i impozitele sunt incluse \u00een pre\u021bul afi\u0219at pe pagina produsului.<\/li>\n<li>Nu va trebui s\u0103 pl\u0103ti\u021bi nicio tax\u0103 suplimentar\u0103 la livrare.<\/li>\n<li>\u00cen cazul rar al unor probleme legate de vam\u0103, echipa noastr\u0103 se va ocupa de procesul de v\u0103muire \u00een numele dvs. pentru a asigura o livrare f\u0103r\u0103 probleme.<\/li>\n<p>Informa\u021bii importante despre retururi:<\/p>\n<li>Dac\u0103 decide\u021bi s\u0103 returna\u021bi comanda sau s\u0103 solicita\u021bi o rambursare, v\u0103 rug\u0103m s\u0103 re\u021bine\u021bi c\u0103 taxele \u0219i impozitele pl\u0103tite \u00een numele dvs. \u00een conformitate cu termenii DDP nu pot fi rambursate.<\/li>\n<p>V\u0103 rug\u0103m s\u0103 consulta\u021bi <a href=\"https:\/\/ayaneo.co\/ro\/termeni-de-serviciu\/\" target=\"_blank\" rel=\"nofollow noopener\">Termenii \u0219i condi\u021biile<\/a> noastre pentru informa\u021bii detaliate.\n<\/ul>\n<p>[\/cg_accordion]\n[cg_accordion title=\"ASISTEN\u021a\u0102 PENTRU CLIEN\u021aI\"]<\/p>\n<p>Ave\u021bi o \u00eentrebare? Suntem la un scurt mesaj distan\u021b\u0103 de rezolvarea problemei tale! [\/cg_accordion]\n[cg_accordion title=\"PACHETUL INCLUDE\"]<\/p>\n<ul>\n<li>1x cablu USB 4.0 tip C<\/li>\n<\/ul>\n<p>[\/cg_accordion]\n","protected":false},"featured_media":45001,"template":"","meta":{"_acf_changed":false},"product_brand":[],"product_cat":[1188],"product_tag":[],"class_list":{"0":"post-47575","1":"product","2":"type-product","3":"status-publish","4":"has-post-thumbnail","6":"product_cat-accesorii","7":"product_shipping_class-low-end","9":"first","10":"instock","11":"sale","12":"taxable","13":"shipping-taxable","14":"purchasable","15":"product-type-variable","16":"has-default-attributes"},"acf":[],"_links":{"self":[{"href":"https:\/\/ayaneo.co\/ro\/wp-json\/wp\/v2\/product\/47575","targetHints":{"allow":["GET"]}}],"collection":[{"href":"https:\/\/ayaneo.co\/ro\/wp-json\/wp\/v2\/product"}],"about":[{"href":"https:\/\/ayaneo.co\/ro\/wp-json\/wp\/v2\/types\/product"}],"wp:featuredmedia":[{"embeddable":true,"href":"https:\/\/ayaneo.co\/ro\/wp-json\/wp\/v2\/media\/45001"}],"wp:attachment":[{"href":"https:\/\/ayaneo.co\/ro\/wp-json\/wp\/v2\/media?parent=47575"}],"wp:term":[{"taxonomy":"product_brand","embeddable":true,"href":"https:\/\/ayaneo.co\/ro\/wp-json\/wp\/v2\/product_brand?post=47575"},{"taxonomy":"product_cat","embeddable":true,"href":"https:\/\/ayaneo.co\/ro\/wp-json\/wp\/v2\/product_cat?post=47575"},{"taxonomy":"product_tag","embeddable":true,"href":"https:\/\/ayaneo.co\/ro\/wp-json\/wp\/v2\/product_tag?post=47575"}],"curies":[{"name":"wp","href":"https:\/\/api.w.org\/{rel}","templated":true}]}}