{"id":16423,"date":"2025-01-23T10:39:56","date_gmt":"2025-01-23T10:39:56","guid":{"rendered":"https:\/\/ayaneo.co\/product\/ayaneo-vreckovy-ochranny-kryt-obrazovky-micro\/"},"modified":"2025-12-04T11:32:15","modified_gmt":"2025-12-04T11:32:15","slug":"ayaneo-vreckovy-ochranny-kryt-obrazovky-micro","status":"publish","type":"product","link":"https:\/\/ayaneo.co\/sk\/product\/ayaneo-vreckovy-ochranny-kryt-obrazovky-micro\/","title":{"rendered":"AYANEO Pocket Micro Screen Protector"},"content":{"rendered":"\n<h2 class=\"wp-block-heading\">Preh\u013ead produktov:<\/h2>\n\n<p><strong>Ochrann\u00fd kryt obrazovky AYANEO Pocket Micro je<\/strong> navrhnut\u00fd tak, aby chr\u00e1nil obrazovku konzoly a z\u00e1rove\u0148 zachoval kri\u0161t\u00e1\u013eovo \u010dist\u00fd obraz. V\u010faka vlastnostiam odoln\u00fdm vo\u010di po\u0161kriabaniu a rozmazaniu zaru\u010duje nepreru\u0161ovan\u00fd hern\u00fd obraz a z\u00e1rove\u0148 chr\u00e1ni obrazovku pred ka\u017edodenn\u00fdm opotrebovan\u00edm. <\/p>\n\n<ol class=\"wp-block-list\">\n<li><strong>Prisp\u00f4soben\u00e9 pre<\/strong> AYANEO Pocket Micro.<\/li>\n\n\n\n<li>Odoln\u00fd <strong>povrch odoln\u00fd proti po\u0161kriabaniu<\/strong>.<\/li>\n\n\n\n<li>Mimoriadne \u010dist\u00fd materi\u00e1l pre <strong>\u017eiv\u00fd hern\u00fd obraz<\/strong>.<\/li>\n\n\n\n<li>Povrchov\u00e1 \u00faprava odoln\u00e1 proti rozmazaniu pre <strong>\u010dist\u00fd a jasn\u00fd displej<\/strong>.<\/li>\n\n\n\n<li>Jednoduch\u00e1 in\u0161tal\u00e1cia bez bubl\u00edn na <strong>bezprobl\u00e9mov\u00fa aplik\u00e1ciu<\/strong>.<\/li>\n<\/ol>\n\n<h2 class=\"wp-block-heading\">Pre\u010do si vybra\u0165 ochrann\u00fd kryt obrazovky AYANEO Pocket Micro?<\/h2>\n\n<p>Chr\u00e1\u0148te obrazovku svojej hernej konzoly ochrann\u00fdm krytom, ktor\u00fd zaru\u010duje \u010distotu a odolnos\u0165. Ochrann\u00fd kryt obrazovky AYANEO Pocket Micro je ide\u00e1lny pre hr\u00e1\u010dov, ktor\u00ed si chc\u00fa vychutna\u0165 \u017eiv\u00fd obraz a z\u00e1rove\u0148 chr\u00e1ni\u0165 svoju konzolu pred po\u0161kriaban\u00edm, \u0161muhami a odtla\u010dkami prstov. <\/p>\n\n<hr class=\"wp-block-separator has-alpha-channel-opacity\"\/>\n\n<h4 class=\"wp-block-heading\">\u0160pecifik\u00e1cie:<\/h4>\n\n<ul class=\"wp-block-list\">\n<li><strong>Materi\u00e1l:<\/strong> Tvrden\u00e9 sklo alebo pr\u00e9miov\u00e1 f\u00f3lia<\/li>\n\n\n\n<li><strong>Kompatibilita:<\/strong> AYANEO Pocket Micro Console<\/li>\n\n\n\n<li><strong>Vlastnosti:<\/strong> Aplik\u00e1cia bez bubliniek, odoln\u00e1 proti po\u0161kriabaniu a rozmazaniu<\/li>\n<\/ul>\n\n<p>Zlep\u0161ite svoj hern\u00fd z\u00e1\u017eitok s ochrann\u00fdm krytom obrazovky AYANEO Pocket Micro - preto\u017ee va\u0161a konzola si zasl\u00fa\u017ei to najlep\u0161ie!<\/p>\n","protected":false},"excerpt":{"rendered":"<ul>\n<li><strong>Prisp\u00f4soben\u00e9 pre<\/strong> AYANEO Pocket Micro.<\/li>\n<li>Odoln\u00fd <strong>povrch odoln\u00fd proti po\u0161kriabaniu<\/strong>.<\/li>\n<li>Mimoriadne \u010dist\u00fd materi\u00e1l pre <strong>\u017eiv\u00fd hern\u00fd obraz<\/strong>.<\/li>\n<li>Povrchov\u00e1 \u00faprava odoln\u00e1 proti rozmazaniu pre <strong>\u010dist\u00fd a jasn\u00fd displej<\/strong>.<\/li>\n<li>Jednoduch\u00e1 in\u0161tal\u00e1cia bez bubl\u00edn na <strong>bezprobl\u00e9mov\u00fa aplik\u00e1ciu<\/strong>.<\/li>\n<\/ul>\n[cg_accordion title=\"INFORM\u00c1CIE O PLATBE\"]<\/p>\n<p>Pou\u017e\u00edvame najnov\u0161iu technol\u00f3giu spracovania platieb, ktor\u00e1 v\u00e1m umo\u017e\u0148uje vykona\u0165 platbu prostredn\u00edctvom Apple Pay, Google Pay, va\u0161ej debetnej\/kreditnej karty, PayPal alebo met\u00f3d BNPL, ako s\u00fa Klarna, Affirm alebo AfterPay, \u010do je r\u00fdchle a bezpe\u010dn\u00e9.[\/cg_accordion]\n[cg_accordion title=\"Z\u00c1RUKA\"]<\/p>\n<p>1 rok z\u00e1ruky od <a href=\"https:\/\/droix.net\/\" target=\"_blank\" rel=\"nofollow noopener\">spolo\u010dnosti DROIX Global pre<\/a> v\u00e1\u0161 pokoj[\/cg_accordion]\n[cg_accordion title=\"ZABEZPE\u010cENIE KVALITY A TESTOVANIE PRED ODOSLAN\u00cdM\"]<\/p>\n<p>Zabezpe\u010denie spokojnosti z\u00e1kazn\u00edkov na najvy\u0161\u0161ej \u00farovni: Pred odoslan\u00edm prech\u00e1dza ka\u017ed\u00e9 zariadenie pr\u00edsnym testovan\u00edm a viacbodovou kontrolou kvality. N\u00e1\u0161 \u0161pecializovan\u00fd t\u00edm overuje v\u00fdkon, funk\u010dnos\u0165 a integritu komponentov, aby sme v\u00e1m zaru\u010dili, \u017ee va\u0161e zariadenie AYANEO bude pri pr\u00edchode v perfektnom stave, \u010do v\u00e1m poskytne istotu a pokoj. [\/cg_accordion]\n[cg_accordion title=\"CENY, DANE A DOPRAVA\"]<\/p>\n<p><strong><u>Pozn\u00e1mka:<\/u><\/strong><\/p>\n<ul>\n<li>Z\u00e1kazn\u00edci zo Spojen\u00fdch \u0161t\u00e1tov: Z\u00e1kazn\u00edci: Zobrazen\u00e1 cena nezah\u0155\u0148a da\u0148 ani clo. Zodpovednos\u0165 za coln\u00e9 konanie a zaplatenie akejko\u013evek s\u00favisiacej dane\/coln\u00e9ho poplatku nesie z\u00e1kazn\u00edk. <\/li>\n<li>Z\u00e1kazn\u00edci z E\u00da: V zobrazenej cene je zahrnut\u00e1 platn\u00e1 DA\u0147, ktor\u00e1 m\u00f4\u017ee by\u0165 a\u017e 25% v z\u00e1vislosti od va\u0161ej krajiny.<\/li>\n<li>Z\u00e1kazn\u00edci z Kanady: V z\u00e1vislosti od va\u0161ej provincie m\u00f4\u017ee zobrazen\u00e1 cena zah\u0155\u0148a\u0165 pr\u00edslu\u0161n\u00e9 dane, ktor\u00e9 m\u00f4\u017eu zah\u0155\u0148a\u0165 5% GST a \u010fal\u0161ie provin\u010dn\u00e9 dane z predaja (PST), harmonizovan\u00fa da\u0148 z predaja (HST) alebo quebeck\u00fa da\u0148 z predaja (QST).<\/li>\n<\/ul>\n<p><strong>Len pre z\u00e1kazn\u00edkov z E\u00da:<\/strong> Expresn\u00e9 DDP (Delivered Duty Paid). To znamen\u00e1: <\/p>\n<ul>\n<li>V\u0161etky cl\u00e1 a dane s\u00fa zahrnut\u00e9 v cene zobrazenej na str\u00e1nke produktu.<\/li>\n<li>Pri doru\u010den\u00ed nemus\u00edte plati\u0165 \u017eiadne \u010fal\u0161ie poplatky.<\/li>\n<li>V zriedkav\u00fdch pr\u00edpadoch probl\u00e9mov s\u00favisiacich s coln\u00fdmi z\u00e1le\u017eitos\u0165ami sa n\u00e1\u0161 t\u00edm postar\u00e1 o coln\u00e9 konanie vo va\u0161om mene, aby sme zabezpe\u010dili bezprobl\u00e9mov\u00e9 doru\u010denie.<\/li>\n<p>D\u00f4le\u017eit\u00e9 inform\u00e1cie o vr\u00e1ten\u00ed tovaru:<\/p>\n<li>Ak sa rozhodnete vr\u00e1ti\u0165 objedn\u00e1vku alebo po\u017eiada\u0165 o vr\u00e1tenie pe\u0148az\u00ed, majte na pam\u00e4ti, \u017ee dane a cl\u00e1 zaplaten\u00e9 vo va\u0161om mene pod\u013ea podmienok DDP nie je mo\u017en\u00e9 vr\u00e1ti\u0165.<\/li>\n<p>Podrobn\u00e9 inform\u00e1cie n\u00e1jdete v na\u0161ich <a href=\"https:\/\/ayaneo.co\/sk\/podmienky-sluzby\/\" target=\"_blank\" rel=\"nofollow noopener\">zmluvn\u00fdch podmienkach<\/a>.\n<\/ul>\n<p>[\/cg_accordion]\n[cg_accordion title=\"Z\u00c1KAZN\u00cdCKA PODPORA\"]<\/p>\n<p>M\u00e1te ot\u00e1zku? Od vyrie\u0161enia v\u00e1\u0161ho probl\u00e9mu n\u00e1s del\u00ed kr\u00e1tka textov\u00e1 spr\u00e1va! [\/cg_accordion]\n[cg_accordion title=\"BALENIE OBSAHUJE\"]<\/p>\n<ul>\n<li>1x AYANEO Pocket Micro Screen Protector<\/li>\n<\/ul>\n<p>[\/cg_accordion]\n","protected":false},"featured_media":16426,"template":"","meta":{"_acf_changed":false},"product_brand":[],"product_cat":[1198],"product_tag":[],"class_list":{"0":"post-16423","1":"product","2":"type-product","3":"status-publish","4":"has-post-thumbnail","6":"product_cat-nezaradene","7":"product_shipping_class-low-end","8":"pa_accessory-type-screen-protector-sk","9":"pa_brand-ayaneo","11":"first","12":"outofstock","13":"sale","14":"taxable","15":"shipping-taxable","16":"purchasable","17":"product-type-variable","18":"has-default-attributes"},"acf":[],"_links":{"self":[{"href":"https:\/\/ayaneo.co\/sk\/wp-json\/wp\/v2\/product\/16423","targetHints":{"allow":["GET"]}}],"collection":[{"href":"https:\/\/ayaneo.co\/sk\/wp-json\/wp\/v2\/product"}],"about":[{"href":"https:\/\/ayaneo.co\/sk\/wp-json\/wp\/v2\/types\/product"}],"wp:featuredmedia":[{"embeddable":true,"href":"https:\/\/ayaneo.co\/sk\/wp-json\/wp\/v2\/media\/16426"}],"wp:attachment":[{"href":"https:\/\/ayaneo.co\/sk\/wp-json\/wp\/v2\/media?parent=16423"}],"wp:term":[{"taxonomy":"product_brand","embeddable":true,"href":"https:\/\/ayaneo.co\/sk\/wp-json\/wp\/v2\/product_brand?post=16423"},{"taxonomy":"product_cat","embeddable":true,"href":"https:\/\/ayaneo.co\/sk\/wp-json\/wp\/v2\/product_cat?post=16423"},{"taxonomy":"product_tag","embeddable":true,"href":"https:\/\/ayaneo.co\/sk\/wp-json\/wp\/v2\/product_tag?post=16423"}],"curies":[{"name":"wp","href":"https:\/\/api.w.org\/{rel}","templated":true}]}}