{"id":16498,"date":"2025-01-23T16:27:44","date_gmt":"2025-01-23T16:27:44","guid":{"rendered":"https:\/\/ayaneo.co\/product\/ayaneo-pocket-s-puzdro-v-tvrdej-vazbe\/"},"modified":"2025-12-09T00:31:08","modified_gmt":"2025-12-09T00:31:08","slug":"ayaneo-pocket-s-puzdro-v-tvrdej-vazbe","status":"publish","type":"product","link":"https:\/\/ayaneo.co\/sk\/product\/ayaneo-pocket-s-puzdro-v-tvrdej-vazbe\/","title":{"rendered":"AYANEO Pocket S Puzdro v tvrdej v\u00e4zbe"},"content":{"rendered":"\n<h2 class=\"wp-block-heading\" id=\"h-product-overview\">Preh\u013ead produktov:<\/h2>\n\n<p> <strong>AYANEO Pocket S Hardcover<\/strong> je dokonal\u00fdm doplnkom na \u0161t\u00fdlov\u00fa ochranu va\u0161ej konzoly. Tento pevn\u00fd obal, navrhnut\u00fd s elegantnou a odolnou povrchovou \u00fapravou, poskytuje vynikaj\u00facu ochranu pred po\u0161kriaban\u00edm, n\u00e1razmi a ka\u017edodenn\u00fdm opotrebovan\u00edm, pri\u010dom si zachov\u00e1va \u013eahk\u00fa a prenosn\u00fa formu. <\/p>\n\n<hr class=\"wp-block-separator has-alpha-channel-opacity\"\/>\n\n<h2 class=\"wp-block-heading\" id=\"h-key-features\">K\u013e\u00fa\u010dov\u00e9 vlastnosti:<\/h2>\n\n<p><strong>Elegantn\u00fd dizajn s tvrd\u00fdmi ob\u00e1lkami<\/strong> pre zv\u00fd\u0161en\u00fa odolnos\u0165.<\/p>\n\n<p><strong>Prisp\u00f4sobenie<\/strong> pre konzolu AYANEO Pocket S .<\/p>\n\n<p>\u013dahk\u00fd a prenosn\u00fd na <strong>hranie na cest\u00e1ch<\/strong>.<\/p>\n\n<p>Kon\u0161trukcia z prvotriedneho materi\u00e1lu na <strong>dlhodob\u00e9 pou\u017e\u00edvanie<\/strong>.<\/p>\n\n<p>Modern\u00e1 estetika, ktor\u00e1 <strong>dopln\u00ed va\u0161u konzolu<\/strong>.<\/p>\n\n<hr class=\"wp-block-separator has-alpha-channel-opacity\"\/>\n\n<h2 class=\"wp-block-heading\" id=\"h-why-choose-the-ayaneo-pocket-micro-case\">Pre\u010do si vybra\u0165 AYANEO Pocket S Hardcover?<\/h2>\n\n<p>Chr\u00e1\u0148te svoju konzolu AYANEO Pocket S tvrd\u00fdm obalom, ktor\u00fd sp\u00e1ja odolnos\u0165 a \u0161t\u00fdl. V\u010faka \u013eahk\u00e9mu a prenosn\u00e9mu dizajnu je ide\u00e1lny na hranie na cest\u00e1ch, zatia\u013e \u010do prvotriedne materi\u00e1ly zaru\u010duj\u00fa dlhotrvaj\u00facu ochranu. Tento pevn\u00fd obal je ide\u00e1lny pre hr\u00e1\u010dov, ktor\u00ed chc\u00fa ma\u0165 svoju konzolu v bezpe\u010d\u00ed bez toho, aby to bolo na \u00fakor estetiky.  <\/p>\n\n<hr class=\"wp-block-separator has-alpha-channel-opacity\"\/>\n\n<h3 class=\"wp-block-heading\" id=\"h-specifications\">\u0160pecifik\u00e1cie:<\/h3>\n\n<ul class=\"wp-block-list\">\n<li><strong>Materi\u00e1l:<\/strong> Odoln\u00fd tvrd\u00fd plast<\/li>\n\n\n\n<li><strong>Kompatibilita:<\/strong> AYANEO Pocket S Konzola<\/li>\n\n\n\n<li><strong>Vlastnosti:<\/strong> \u013dahk\u00fd, odoln\u00fd proti po\u0161kriabaniu a prenosn\u00fd<\/li>\n<\/ul>\n\n<p>Chr\u00e1\u0148te svoju konzolu a udr\u017eujte ju \u0161t\u00fdlov\u00fa s obalom AYANEO Pocket S Hardcover - dokonal\u00fdm pr\u00edslu\u0161enstvom pre hr\u00e1\u010dov, ktor\u00ed sa staraj\u00fa o svoje zariadenie!<\/p>\n\n<p><\/p>\n","protected":false},"excerpt":{"rendered":"<ul>\n<li><strong>Elegantn\u00fd dizajn s tvrd\u00fdmi ob\u00e1lkami<\/strong> pre zv\u00fd\u0161en\u00fa odolnos\u0165.<\/li>\n<li><strong>Prisp\u00f4sobenie<\/strong> pre konzolu AYANEO Pocket S .<\/li>\n<li>\u013dahk\u00fd a prenosn\u00fd na <strong>hranie na cest\u00e1ch<\/strong>.<\/li>\n<li>Kon\u0161trukcia z prvotriedneho materi\u00e1lu na <strong>dlhodob\u00e9 pou\u017e\u00edvanie<\/strong>.<\/li>\n<li>Modern\u00e1 estetika, ktor\u00e1 <strong>dopln\u00ed va\u0161u konzolu<\/strong>.<\/li>\n<\/ul>\n[cg_accordion title=\"INFORM\u00c1CIE O PLATBE\"]<\/p>\n<p>Pou\u017e\u00edvame najnov\u0161iu technol\u00f3giu spracovania platieb, ktor\u00e1 v\u00e1m umo\u017e\u0148uje vykona\u0165 platbu prostredn\u00edctvom Apple Pay, Google Pay, va\u0161ej debetnej\/kreditnej karty, PayPal alebo met\u00f3d BNPL, ako s\u00fa Klarna, Affirm alebo AfterPay, \u010do je r\u00fdchle a bezpe\u010dn\u00e9.[\/cg_accordion]\n[cg_accordion title=\"Z\u00c1RUKA\"]<\/p>\n<p>1 rok z\u00e1ruky od spolo\u010dnosti <a href=\"https:\/\/droix.net\/\" target=\"_blank\" rel=\"nofollow noopener\">DROIX Global<\/a> pre v\u00e1\u0161 pokoj[\/cg_accordion]\n[cg_accordion title=\"CENY, DANE A DOPRAVA\"]<\/p>\n<p><strong><u>Pozn\u00e1mka:<\/u><\/strong><\/p>\n<ul>\n<li>Z\u00e1kazn\u00edci zo Spojen\u00fdch \u0161t\u00e1tov: Z\u00e1kazn\u00edci: Zobrazen\u00e1 cena nezah\u0155\u0148a da\u0148 ani clo. Zodpovednos\u0165 za coln\u00e9 konanie a zaplatenie akejko\u013evek s\u00favisiacej dane\/coln\u00e9ho poplatku nesie z\u00e1kazn\u00edk. <\/li>\n<li>Z\u00e1kazn\u00edci z E\u00da: V zobrazenej cene je zahrnut\u00e1 platn\u00e1 DA\u0147, ktor\u00e1 m\u00f4\u017ee by\u0165 a\u017e 25% v z\u00e1vislosti od va\u0161ej krajiny.<\/li>\n<li>Z\u00e1kazn\u00edci z Kanady: V z\u00e1vislosti od va\u0161ej provincie m\u00f4\u017ee zobrazen\u00e1 cena zah\u0155\u0148a\u0165 pr\u00edslu\u0161n\u00e9 dane, ktor\u00e9 m\u00f4\u017eu zah\u0155\u0148a\u0165 5% GST a \u010fal\u0161ie provin\u010dn\u00e9 dane z predaja (PST), harmonizovan\u00fa da\u0148 z predaja (HST) alebo quebeck\u00fa da\u0148 z predaja (QST).<\/li>\n<\/ul>\n<p><strong>Len pre z\u00e1kazn\u00edkov z E\u00da:<\/strong> Expresn\u00e9 DDP (Delivered Duty Paid). To znamen\u00e1: <\/p>\n<ul>\n<li>V\u0161etky cl\u00e1 a dane s\u00fa zahrnut\u00e9 v cene zobrazenej na str\u00e1nke produktu.<\/li>\n<li>Pri doru\u010den\u00ed nemus\u00edte plati\u0165 \u017eiadne \u010fal\u0161ie poplatky.<\/li>\n<li>V zriedkav\u00fdch pr\u00edpadoch probl\u00e9mov s\u00favisiacich s coln\u00fdmi z\u00e1le\u017eitos\u0165ami sa n\u00e1\u0161 t\u00edm postar\u00e1 o coln\u00e9 konanie vo va\u0161om mene, aby sme zabezpe\u010dili bezprobl\u00e9mov\u00e9 doru\u010denie.<\/li>\n<p>D\u00f4le\u017eit\u00e9 inform\u00e1cie o vr\u00e1ten\u00ed tovaru:<\/p>\n<li>Ak sa rozhodnete vr\u00e1ti\u0165 objedn\u00e1vku alebo po\u017eiada\u0165 o vr\u00e1tenie pe\u0148az\u00ed, majte na pam\u00e4ti, \u017ee dane a cl\u00e1 zaplaten\u00e9 vo va\u0161om mene pod\u013ea podmienok DDP nie je mo\u017en\u00e9 vr\u00e1ti\u0165.<\/li>\n<p>Podrobn\u00e9 inform\u00e1cie n\u00e1jdete v na\u0161ich <a href=\"https:\/\/ayaneo.co\/terms-of-service-2\/\" target=\"_blank\" rel=\"nofollow noopener\">zmluvn\u00fdch podmienkach<\/a>.\n<\/ul>\n<p>[\/cg_accordion]\n[cg_accordion title=\"Z\u00c1KAZN\u00cdCKA PODPORA\"]<\/p>\n<p>M\u00e1te ot\u00e1zku? Od vyrie\u0161enia v\u00e1\u0161ho probl\u00e9mu n\u00e1s del\u00ed kr\u00e1tka textov\u00e1 spr\u00e1va!<br \/>\n[\/cg_accordion]\n[cg_accordion title=\"Balenie obsahuje\"]<\/p>\n<ul>\n<li>1x AYANEO Pocket S Puzdro v tvrdom obale<\/li>\n<\/ul>\n<p>[\/cg_accordion]\n","protected":false},"featured_media":16501,"template":"","meta":{"_acf_changed":false},"product_brand":[],"product_cat":[1196],"product_tag":[],"class_list":{"0":"post-16498","1":"product","2":"type-product","3":"status-publish","4":"has-post-thumbnail","6":"product_cat-prislusenstvo","7":"product_shipping_class-low-end","8":"pa_accessory-type-protective-case-sk","9":"pa_brand-ayaneo","11":"first","12":"instock","13":"sale","14":"taxable","15":"shipping-taxable","16":"purchasable","17":"product-type-simple"},"acf":[],"_links":{"self":[{"href":"https:\/\/ayaneo.co\/sk\/wp-json\/wp\/v2\/product\/16498","targetHints":{"allow":["GET"]}}],"collection":[{"href":"https:\/\/ayaneo.co\/sk\/wp-json\/wp\/v2\/product"}],"about":[{"href":"https:\/\/ayaneo.co\/sk\/wp-json\/wp\/v2\/types\/product"}],"wp:featuredmedia":[{"embeddable":true,"href":"https:\/\/ayaneo.co\/sk\/wp-json\/wp\/v2\/media\/16501"}],"wp:attachment":[{"href":"https:\/\/ayaneo.co\/sk\/wp-json\/wp\/v2\/media?parent=16498"}],"wp:term":[{"taxonomy":"product_brand","embeddable":true,"href":"https:\/\/ayaneo.co\/sk\/wp-json\/wp\/v2\/product_brand?post=16498"},{"taxonomy":"product_cat","embeddable":true,"href":"https:\/\/ayaneo.co\/sk\/wp-json\/wp\/v2\/product_cat?post=16498"},{"taxonomy":"product_tag","embeddable":true,"href":"https:\/\/ayaneo.co\/sk\/wp-json\/wp\/v2\/product_tag?post=16498"}],"curies":[{"name":"wp","href":"https:\/\/api.w.org\/{rel}","templated":true}]}}