{"id":16553,"date":"2025-01-28T11:05:14","date_gmt":"2025-01-28T11:05:14","guid":{"rendered":"https:\/\/ayaneo.co\/product\/prenosny-monitor-droix-pm14-4k\/"},"modified":"2025-05-30T15:56:58","modified_gmt":"2025-05-30T15:56:58","slug":"prenosny-monitor-droix-pm14-4k","status":"publish","type":"product","link":"https:\/\/ayaneo.co\/sk\/product\/prenosny-monitor-droix-pm14-4k\/","title":{"rendered":"Prenosn\u00fd monitor DroiX PM14 4K"},"content":{"rendered":"\n<div class=\"wp-block-columns is-layout-flex wp-container-core-columns-is-layout-28f84493 wp-block-columns-is-layout-flex\">\n<div class=\"wp-block-column is-layout-flow wp-block-column-is-layout-flow\" style=\"flex-basis:33.33%\">\n<figure class=\"wp-block-image size-large\"><a href=\"https:\/\/droix.net\/wp-content\/uploads\/2024\/05\/DROIX-PM14-LISTING-V2-DONE-01-NON-TOUCH.png\" target=\"_blank\" rel=\"noopener\"><img decoding=\"async\" src=\"https:\/\/droix.net\/wp-content\/uploads\/2024\/05\/DROIX-PM14-LISTING-V2-DONE-01-NON-TOUCH-1024x1024.png\" alt=\"Obraz DroiX Prenosn&#xFD; monitor, 14-palcov&#xFD;, 4K, ultratenk&#xFD;&quot;\" class=\"wp-image-179745\"\/><\/a><\/figure>\n<\/div>\n\n\n\n<div class=\"wp-block-column is-layout-flow wp-block-column-is-layout-flow\" style=\"flex-basis:66.66%\">\n<h3 class=\"wp-block-heading\"><strong>DroiX PM14 - 14,0-palcov\u00fd 4K ultratenk\u00fd prenosn\u00fd monitor<\/strong><\/h3>\n\n\n\n<p>Objavte najmodernej\u0161ie pokroky v zobrazovacej technol\u00f3gii s modelom DroiX PM14, 14,0-palcov\u00fdm ultratenk\u00fdm prenosn\u00fdm monitorom, ktor\u00fd je k dispoz\u00edcii vo variantoch s dotykovou aj bezdotykovou obrazovkou. Toto inovat\u00edvne zariadenie stanovuje nov\u00e9 meradlo v oblasti mobiln\u00fdch po\u010d\u00edta\u010dov t\u00fdm, \u017ee kombinuje robustn\u00fd v\u00fdkon s v\u00fdnimo\u010dnou prenosnos\u0165ou a modern\u00fdm dizajnom. \u010ci u\u017e ste profesion\u00e1l alebo nad\u0161enec z\u00e1bavy, prenosn\u00fd monitor DroiX PM14 4K je vytvoren\u00fd tak, aby sa bez probl\u00e9mov integroval do v\u00e1\u0161ho dynamick\u00e9ho \u017eivotn\u00e9ho \u0161t\u00fdlu a poskytoval nevyhnutn\u00fa v\u0161estrannos\u0165, \u010di u\u017e ste doma, v kancel\u00e1rii alebo na cest\u00e1ch.  <\/p>\n<\/div>\n<\/div>\n\n<h3 class=\"wp-block-heading\"><strong>Preh\u013ead produktov<\/strong><\/h3>\n\n<figure class=\"wp-block-image aligncenter size-large\"><a href=\"https:\/\/droix.net\/wp-content\/uploads\/2024\/04\/1080P-FHD.jpg\" target=\"_blank\" rel=\"noopener\"><img decoding=\"async\" src=\"https:\/\/droix.net\/wp-content\/uploads\/2024\/04\/1080P-FHD-1024x420.jpg\" alt=\"Obr&#xE1;zok Prenosn&#xFD; monitor DroiX, 14-palcov&#xFD;, 4K, ultratenk&#xFD;, s ostr&#xFD;m rozl&#xED;&#x161;en&#xED;m UHD 3840 &#xD7; 2160 so &#x17E;iv&#xFD;mi farbami a neuverite&#x13E;n&#xFD;mi detailmi, 100 % farebn&#xFD;m gamutom DCI-P3 a podporou HDR400\" class=\"wp-image-178360\"\/><\/a><\/figure>\n\n<p>Prenosn\u00fd monitor DroiX PM14 je uk\u00e1\u017ekou modern\u00e9ho in\u017einierstva v tej najlep\u0161ej podobe a m\u00f4\u017ee sa pochv\u00e1li\u0165 \u017eiv\u00fdm rozl\u00ed\u0161en\u00edm UHD 3840 \u00d7 2160, ktor\u00e9 o\u017eivuje obsah \u017eiv\u00fdmi farbami a v\u00fdnimo\u010dn\u00fdmi detailmi. V\u010faka 100 % farebn\u00e9mu gamutu DCI-P3 a podpore HDR400 poskytuje ohromuj\u00faci obraz vyzna\u010duj\u00faci sa hlbokou \u010diernou a jasnou bielou. Jeho \u0161t\u00edhly profil a \u013eahk\u00e1 kon\u0161trukcia zaru\u010duj\u00fa maxim\u00e1lnu prenosnos\u0165 bez toho, aby sa zn\u00ed\u017eila kvalita alebo v\u00fdkon.  <\/p>\n\n<figure class=\"wp-block-image aligncenter size-large\"><a href=\"https:\/\/droix.net\/wp-content\/uploads\/2024\/04\/Color.jpg\" target=\"_blank\" rel=\"noopener\"><img decoding=\"async\" src=\"https:\/\/droix.net\/wp-content\/uploads\/2024\/04\/Color-1024x406.jpg\" alt=\"Obr&#xE1;zok Prenosn&#xFD; monitor DroiX, 14-palcov&#xFD;, 4K, ultratenk&#xFD;, so 100 % farebn&#xFD;m gamutom DCI-P3 a podporou HDR400 pre ohromuj&#xFA;ci obraz s hlbokou &#x10D;iernou a jasnou bielou. Tenk&#xFD; profil a &#x13E;ahk&#xE1; kon&#x161;trukcia pre maxim&#xE1;lnu prenosnos&#x165; bez straty kvality alebo v&#xFD;konu. \" class=\"wp-image-178361\"\/><\/a><\/figure>\n\n<p>Zariadenie DroiX PM14, ktor\u00e9 je navrhnut\u00e9 s vynikaj\u00facou ergon\u00f3miou, sa m\u00f4\u017ee pochv\u00e1li\u0165 pou\u017e\u00edvate\u013esky pr\u00edvetiv\u00fdm ovl\u00e1dac\u00edm kolieskom a v\u0161estrann\u00fdmi mo\u017enos\u0165ami pripojenia, ako je Mini HDMI a viacero portov USB-C. V\u010faka tomu sa d\u00e1 prisp\u00f4sobi\u0165 v\u0161etk\u00fdm va\u0161im zariadeniam, \u010di u\u017e hr\u00e1te hry na PlayStation, upravujete vide\u00e1 na Macu alebo prezentujete z notebooku. PM14 sa bez probl\u00e9mov za\u010dlen\u00ed do akejko\u013evek zostavy a pon\u00faka n\u00edzku spotrebu energie a vysoko\u00fa\u010dinn\u00fd v\u00fdkon, tak\u017ee m\u00f4\u017eete pracova\u0165 dlh\u0161ie bez ob\u00e1v z vyb\u00edjania bat\u00e9ri\u00ed svojich zariaden\u00ed.  <\/p>\n\n<figure class=\"wp-block-image aligncenter size-large\"><a href=\"https:\/\/droix.net\/wp-content\/uploads\/2024\/04\/Modes.jpg\" target=\"_blank\" rel=\"noopener\"><img decoding=\"async\" src=\"https:\/\/droix.net\/wp-content\/uploads\/2024\/04\/Modes-1024x419.jpg\" alt=\"Obraz DroiX Prenosn&#xFD; monitor, 14-palcov&#xFD;, 4K, ultratenk&#xFD;, kompatibiln&#xFD; s notebookmi, Mac, smartf&#xF3;nmi, tabletmi, PC, PS3\/4\/5, Xbox a Switchc\" class=\"wp-image-178357\"\/><\/a><\/figure>\n\n<h3 class=\"wp-block-heading\"><strong>Podrobn\u00e9 funkcie<\/strong><\/h3>\n\n<ul class=\"wp-block-list\">\n<li>V\u00fdkonnos\u0165: Prenosn\u00fd monitor DroiX PM14 4K vynik\u00e1 r\u00fdchlou odozvou a pohlcuj\u00facim z\u00e1\u017eitkom zo sledovania v\u010faka obnovovacej frekvencii 60 Hz a r\u00fdchlosti odozvy 2,5 ms, \u010do zaru\u010duje plynul\u00fd pohyb a ostr\u00fd obraz aj pri r\u00fdchlych sc\u00e9nach. Pon\u00faka svietivos\u0165 500 cd\/m\u00b2 a kontrastn\u00fd pomer 1500:1, \u010do zaru\u010duje vynikaj\u00facu vidite\u013enos\u0165 v r\u00f4znych sveteln\u00fdch podmienkach. <\/li>\n\n\n\n<li>Pripojite\u013enos\u0165: Je vybaven\u00fd dvoma portami USB-C na nap\u00e1janie a prenos obrazu, \u010fal\u0161\u00edm portom USB-C pre perif\u00e9rne zariadenia, ako s\u00fa kl\u00e1vesnice a my\u0161i, portom Mini HDMI na be\u017en\u00e9 pripojenie videa a audio konektorom na s\u00fakromn\u00e9 po\u010d\u00favanie.<\/li>\n<\/ul>\n\n<figure class=\"wp-block-image aligncenter size-large\"><a href=\"https:\/\/droix.net\/wp-content\/uploads\/2024\/04\/interface.jpg\" target=\"_blank\" rel=\"noopener\"><img decoding=\"async\" src=\"https:\/\/droix.net\/wp-content\/uploads\/2024\/04\/interface-1024x1024.jpg\" alt=\"Obr&#xE1;zok prenosn&#xE9;ho monitora DroiX PM14, ktor&#xFD; podporuje &#x161;irok&#xFA; &#x161;k&#xE1;lu zariaden&#xED; HDMI a Type-C, &#x10D;&#xED;m zvy&#x161;uje kompatibilitu v digit&#xE1;lnych ekosyst&#xE9;moch. Ide&#xE1;lny pre hr&#xE1;&#x10D;ov, kreat&#xED;vnych profesion&#xE1;lov na po&#x10D;&#xED;ta&#x10D;och Mac a profesion&#xE1;lov z podnikov, ktor&#xED; potrebuj&#xFA; &#x10F;al&#x161;iu obrazovku. Pou&#x17E;&#xED;vate&#x13E;sky pr&#xED;vetiv&#xFD; pre syst&#xE9;m Windows s nastaven&#xED;m plug-and-play pre bezprobl&#xE9;mov&#xE9; pou&#x17E;&#xED;vanie  \" class=\"wp-image-178362\"\/><\/a><\/figure>\n\n<h3 class=\"wp-block-heading\"><strong>Sk\u00fasenosti pou\u017e\u00edvate\u013eov<\/strong><\/h3>\n\n<p>DroiX PM14 podporuje \u0161irok\u00fa \u0161k\u00e1lu zariaden\u00ed HDMI a Type-C, \u010d\u00edm zabezpe\u010duje kompatibilitu v r\u00f4znych digit\u00e1lnych ekosyst\u00e9moch. \u010ci u\u017e ste hr\u00e1\u010d, ktor\u00fd h\u013ead\u00e1 prenosn\u00fd monitor, kreat\u00edvny profesion\u00e1l pou\u017e\u00edvaj\u00faci Mac, alebo obchodn\u00fd mana\u017e\u00e9r, ktor\u00fd potrebuje \u010fal\u0161iu obrazovku na prezent\u00e1cie, PM14 sa bez probl\u00e9mov prisp\u00f4sob\u00ed va\u0161im potreb\u00e1m. Vynik\u00e1 v prostred\u00ed Windows v\u010faka pou\u017e\u00edvate\u013esky pr\u00edvetiv\u00e9mu nastaveniu plug-and-play, ktor\u00e9 v\u00e1m umo\u017en\u00ed plynul\u00fd prechod k pr\u00e1ci alebo z\u00e1bave bez ak\u00fdchko\u013evek probl\u00e9mov.  <\/p>\n\n<figure class=\"wp-block-image aligncenter size-large\"><a href=\"https:\/\/droix.net\/wp-content\/uploads\/2024\/04\/portable1.jpg\" target=\"_blank\" rel=\"noopener\"><img decoding=\"async\" src=\"https:\/\/droix.net\/wp-content\/uploads\/2024\/04\/portable1-1024x483.jpg\" alt=\"Obraz DroiX Prenosn&#xFD; monitor, 14-palcov&#xFD;, 4K, ultra tenk&#xFD;, &#x13E;ahk&#xFD; a prenosn&#xFD;\" class=\"wp-image-178358\"\/><\/a><\/figure>\n\n<h3 class=\"wp-block-heading\"><strong>Z\u00e1ver<\/strong><\/h3>\n\n<p>Prenosn\u00fd monitor DroiX PM14 predstavuje \u0161pi\u010dkov\u00e9 rie\u0161enie, ktor\u00e9 sp\u00e1ja vynikaj\u00facu funk\u010dnos\u0165, v\u00fdnimo\u010dn\u00fd dizajn a slobodu pren\u00e1\u0161ania. Je viac ne\u017e len monitorom; je to br\u00e1na k zv\u00fd\u0161eniu va\u0161ej produktivity a z\u00e1bavy, nech ste kdeko\u013evek. <\/p>\n\n<p>Objavte bud\u00facnos\u0165 prenosn\u00fdch monitorov pre notebooky s monitorom DroiX PM14. Nenechajte si ujs\u0165 - rezervujte si svoj pr\u00edstroj teraz, aby ste si ho zabezpe\u010dili a boli medzi prv\u00fdmi, ktor\u00ed zv\u00fd\u0161ia svoj z\u00e1\u017eitok zo sledovania na cest\u00e1ch! <\/p>\n","protected":false},"excerpt":{"rendered":"<ul>\n<li>14&#8243; displej 4K<strong> HDR400<\/strong> <\/li>\n<li>100 % pokrytie<strong> DCI-P3<\/strong> <\/li>\n<li>Jas 500 <strong>nitov<\/strong> <\/li>\n<li><strong> Zabudovan\u00fd<\/strong> stojan<\/li>\n<li> <strong> Zabudovan\u00e9<\/strong> reproduktory<\/li>\n<\/ul>\n[cg_accordion title=\"INFORM\u00c1CIE O PLATBE\"]<\/p>\n<p>Pou\u017e\u00edvame najnov\u0161iu technol\u00f3giu spracovania platieb, ktor\u00e1 v\u00e1m umo\u017e\u0148uje vykona\u0165 platbu prostredn\u00edctvom Apple Pay, Google Pay, va\u0161ej debetnej\/kreditnej karty, PayPal alebo met\u00f3d BNPL, ako s\u00fa Klarna, Affirm alebo AfterPay, \u010do je r\u00fdchle a bezpe\u010dn\u00e9.[\/cg_accordion]\n[cg_accordion title=\"Z\u00c1RUKA\"]<\/p>\n<p>1 rok z\u00e1ruky od spolo\u010dnosti <a href=\"https:\/\/droix.net\/\" target=\"_blank\" rel=\"nofollow noopener\">DROIX Global<\/a> pre v\u00e1\u0161 pokoj[\/cg_accordion]\n[cg_accordion title=\"CENY, DANE A DOPRAVA\"]<\/p>\n<p><strong><u>Pozn\u00e1mka:<\/u><\/strong><\/p>\n<ul>\n<li>Z\u00e1kazn\u00edci zo Spojen\u00fdch \u0161t\u00e1tov: Z\u00e1kazn\u00edci: Zobrazen\u00e1 cena nezah\u0155\u0148a da\u0148 ani clo. Zodpovednos\u0165 za coln\u00e9 konanie a zaplatenie akejko\u013evek s\u00favisiacej dane\/coln\u00e9ho poplatku nesie z\u00e1kazn\u00edk. <\/li>\n<li>Z\u00e1kazn\u00edci z E\u00da: V zobrazenej cene je zahrnut\u00e1 platn\u00e1 DA\u0147, ktor\u00e1 m\u00f4\u017ee by\u0165 a\u017e 25% v z\u00e1vislosti od va\u0161ej krajiny.<\/li>\n<li>Z\u00e1kazn\u00edci z Kanady: V z\u00e1vislosti od va\u0161ej provincie m\u00f4\u017ee zobrazen\u00e1 cena zah\u0155\u0148a\u0165 pr\u00edslu\u0161n\u00e9 dane, ktor\u00e9 m\u00f4\u017eu zah\u0155\u0148a\u0165 5% GST a \u010fal\u0161ie provin\u010dn\u00e9 dane z predaja (PST), harmonizovan\u00fa da\u0148 z predaja (HST) alebo quebeck\u00fa da\u0148 z predaja (QST).<\/li>\n<\/ul>\n<p><strong>Len pre z\u00e1kazn\u00edkov z E\u00da:<\/strong> Expresn\u00e9 DDP (Delivered Duty Paid). To znamen\u00e1: <\/p>\n<ul>\n<li>V\u0161etky cl\u00e1 a dane s\u00fa zahrnut\u00e9 v cene zobrazenej na str\u00e1nke produktu.<\/li>\n<li>Pri doru\u010den\u00ed nemus\u00edte plati\u0165 \u017eiadne \u010fal\u0161ie poplatky.<\/li>\n<li>V zriedkav\u00fdch pr\u00edpadoch probl\u00e9mov s\u00favisiacich s coln\u00fdmi z\u00e1le\u017eitos\u0165ami sa n\u00e1\u0161 t\u00edm postar\u00e1 o coln\u00e9 konanie vo va\u0161om mene, aby sme zabezpe\u010dili bezprobl\u00e9mov\u00e9 doru\u010denie.<\/li>\n<p>D\u00f4le\u017eit\u00e9 inform\u00e1cie o vr\u00e1ten\u00ed tovaru:<\/p>\n<li>Ak sa rozhodnete vr\u00e1ti\u0165 objedn\u00e1vku alebo po\u017eiada\u0165 o vr\u00e1tenie pe\u0148az\u00ed, majte na pam\u00e4ti, \u017ee dane a cl\u00e1 zaplaten\u00e9 vo va\u0161om mene pod\u013ea podmienok DDP nie je mo\u017en\u00e9 vr\u00e1ti\u0165.<\/li>\n<p>Podrobn\u00e9 inform\u00e1cie n\u00e1jdete v na\u0161ich <a href=\"https:\/\/ayaneo.co\/sk\/podmienky-sluzby\/\" target=\"_blank\" rel=\"nofollow noopener\">zmluvn\u00fdch podmienkach<\/a>.\n<\/ul>\n<p>[\/cg_accordion]\n[cg_accordion title=\"Z\u00c1KAZN\u00cdCKA PODPORA\"]<\/p>\n<p>M\u00e1te ot\u00e1zku? Od vyrie\u0161enia v\u00e1\u0161ho probl\u00e9mu n\u00e1s del\u00ed kr\u00e1tka textov\u00e1 spr\u00e1va!<br \/>\n[\/cg_accordion]\n","protected":false},"featured_media":16554,"template":"","meta":{"_acf_changed":false},"product_brand":[],"product_cat":[1214],"product_tag":[],"class_list":{"0":"post-16553","1":"product","2":"type-product","3":"status-publish","4":"has-post-thumbnail","6":"product_cat-prenosne-monitory-sk","7":"product_shipping_class-standard","8":"pa_brand-droix","10":"first","11":"outofstock","12":"sale","13":"taxable","14":"shipping-taxable","15":"purchasable","16":"product-type-variable","17":"has-default-attributes"},"acf":[],"_links":{"self":[{"href":"https:\/\/ayaneo.co\/sk\/wp-json\/wp\/v2\/product\/16553","targetHints":{"allow":["GET"]}}],"collection":[{"href":"https:\/\/ayaneo.co\/sk\/wp-json\/wp\/v2\/product"}],"about":[{"href":"https:\/\/ayaneo.co\/sk\/wp-json\/wp\/v2\/types\/product"}],"wp:featuredmedia":[{"embeddable":true,"href":"https:\/\/ayaneo.co\/sk\/wp-json\/wp\/v2\/media\/16554"}],"wp:attachment":[{"href":"https:\/\/ayaneo.co\/sk\/wp-json\/wp\/v2\/media?parent=16553"}],"wp:term":[{"taxonomy":"product_brand","embeddable":true,"href":"https:\/\/ayaneo.co\/sk\/wp-json\/wp\/v2\/product_brand?post=16553"},{"taxonomy":"product_cat","embeddable":true,"href":"https:\/\/ayaneo.co\/sk\/wp-json\/wp\/v2\/product_cat?post=16553"},{"taxonomy":"product_tag","embeddable":true,"href":"https:\/\/ayaneo.co\/sk\/wp-json\/wp\/v2\/product_tag?post=16553"}],"curies":[{"name":"wp","href":"https:\/\/api.w.org\/{rel}","templated":true}]}}