{"id":16586,"date":"2025-01-28T11:06:31","date_gmt":"2025-01-28T11:06:31","guid":{"rendered":"https:\/\/ayaneo.co\/product\/156%e2%80%b3-prenosny-monitor-4k-s-technologiou-adobe-rgb\/"},"modified":"2025-05-30T15:57:05","modified_gmt":"2025-05-30T15:57:05","slug":"156%e2%80%b3-prenosny-monitor-4k-s-technologiou-adobe-rgb","status":"publish","type":"product","link":"https:\/\/ayaneo.co\/sk\/product\/156%e2%80%b3-prenosny-monitor-4k-s-technologiou-adobe-rgb\/","title":{"rendered":"15,6\u2033 prenosn\u00fd monitor 4K s technol\u00f3giou Adobe RGB"},"content":{"rendered":"\n<p>Za\u017eite jedine\u010dn\u00fd obraz a v\u00fdkon s <strong>prenosn\u00fdm monitorom S23B-5 4K,<\/strong> \u0161pi\u010dkov\u00fdm rie\u0161en\u00edm ur\u010den\u00fdm pre hr\u00e1\u010dov, kreat\u00edvnych profesion\u00e1lov a nad\u0161encov produktivity na cest\u00e1ch. Tento 15,6-palcov\u00fd prenosn\u00fd displej s ohromuj\u00facou \u010distotou UHD, citlivou dotykovou obrazovkou a v\u0161estrann\u00fdmi mo\u017enos\u0165ami pripojenia je va\u0161\u00edm dokonal\u00fdm spolo\u010dn\u00edkom na pr\u00e1cu a z\u00e1bavu. <\/p>\n\n<hr class=\"wp-block-separator has-alpha-channel-opacity\"\/>\n\n<h4 class=\"wp-block-heading\"><strong>K\u013e\u00fa\u010dov\u00e9 vlastnosti<\/strong><\/h4>\n\n<p><strong>4K UHD pohlcuj\u00faci displej<\/strong><br\/>Ponorte sa do \u00fachvatn\u00e9ho obrazu s 15,6-palcov\u00fdm displejom 4K UHD (rozl\u00ed\u0161enie 3840 x 2160), ktor\u00fd o\u017eiv\u00ed ka\u017ed\u00fd detail. Vychutnajte si \u017eiv\u00e9 farby a ostros\u0165 ako britva, \u010di u\u017e hr\u00e1te hry, upravujete fotografie alebo streamujete svoje ob\u013e\u00faben\u00e9 rel\u00e1cie. <\/p>\n\n<p><strong>Kapacitn\u00e1 10-bodov\u00e1 dotykov\u00e1 obrazovka<\/strong><br\/>Navigujte bez n\u00e1mahy pomocou kapacitnej 10-bodovej dotykovej obrazovky, ktor\u00e1 pon\u00faka plynul\u00e9 a presn\u00e9 ovl\u00e1danie. T\u00e1to funkcia je ide\u00e1lna na zv\u00e4\u010d\u0161ovanie, pos\u00favanie a kreslenie a zvy\u0161uje kreativitu a produktivitu na cest\u00e1ch. <\/p>\n\n<p><strong>Presnos\u0165 farieb na profesion\u00e1lnej \u00farovni<\/strong><br\/>V\u010faka 100 % pokrytiu farebn\u00e9ho priestoru Adobe RGB a 10-bitovej farebnej h\u013abke zaru\u010duje monitor S23B-5 vern\u00e9 farby, tak\u017ee je ide\u00e1lny na \u00fapravu fotografi\u00ed, grafick\u00fd dizajn a produkciu videa.<\/p>\n\n<p><strong>Bezprobl\u00e9mov\u00e9 pripojenie<\/strong><br\/>Bezprobl\u00e9mov\u00e9 pripojenie k notebookom, smartf\u00f3nom, hern\u00fdm konzol\u00e1m a \u010fal\u0161\u00edm zariadeniam pomocou portov HD Mini, Type-C a Micro-USB. Roz\u0161\u00edrte svoj pracovn\u00fd priestor alebo hern\u00fa zostavu kdeko\u013evek s \u013eahkos\u0165ou. <\/p>\n\n<p><strong>Vstavan\u00e1 bat\u00e9ria pre mobilitu<\/strong><br\/>Vstavan\u00e1 bat\u00e9ria s kapacitou 10 000 mAh poskytuje hodiny nepretr\u017eit\u00e9ho pou\u017e\u00edvania, tak\u017ee m\u00f4\u017eete zosta\u0165 produkt\u00edvni alebo sa zab\u00e1va\u0165 bez potreby zdroja nap\u00e1jania.<\/p>\n\n<p><strong>Pr\u00e9miov\u00fd dizajn a prenosnos\u0165<\/strong><br\/>Tento \u013eahk\u00fd a tenk\u00fd monitor (s hr\u00fabkou len 9 mm), vyroben\u00fd z vysokokvalitnej hlin\u00edkovej zliatiny, je odoln\u00fd a prenosn\u00fd. S hmotnos\u0165ou iba 1,3 kg sa dokonale zmest\u00ed do ta\u0161ky na jednoduch\u00e9 cestovanie. <\/p>\n\n<p><strong>Vylep\u0161en\u00fd zvukov\u00fd z\u00e1\u017eitok<\/strong><br\/>Integrovan\u00e9 du\u00e1lne 1,0W reproduktory poskytuj\u00fa \u010dist\u00fd zvuk pre p\u00fatav\u00fd multimedi\u00e1lny z\u00e1\u017eitok, \u010di u\u017e vediete videohovor, hr\u00e1te hry alebo sledujete filmy.<\/p>\n\n<p><strong>\u0160irok\u00e9 pozorovacie uhly<\/strong><br\/>Vychutnajte si konzistentn\u00fd, \u017eiv\u00fd obraz z ak\u00e9hoko\u013evek uhla v\u010faka 85-stup\u0148ov\u00e9mu pozorovaciemu rozsahu, ktor\u00fd je ide\u00e1lny na zdie\u013eanie obsahu alebo spolupr\u00e1cu.<\/p>\n\n<p><strong>Optimalizovan\u00e9 pre hry<\/strong><br\/>Zlep\u0161ite svoje hranie hier v\u010faka r\u00fdchlemu \u010dasu odozvy 25 ms a presnej presnosti farieb. Ponorte sa do realistickej grafiky a z\u00edskajte konkuren\u010dn\u00fa v\u00fdhodu. <\/p>\n\n<hr class=\"wp-block-separator has-alpha-channel-opacity\"\/>\n\n<h4 class=\"wp-block-heading\"><strong>Pre\u010do si vybra\u0165 S23B-5?<\/strong><\/h4>\n\n<ul class=\"wp-block-list\">\n<li><strong>Prenosnos\u0165:<\/strong> Tenk\u00e9 a \u013eahk\u00e9 pre maxim\u00e1lne pohodlie.<\/li>\n\n\n\n<li><strong>V\u0161estrannos\u0165:<\/strong> Pripojte sa k viacer\u00fdm zariadeniam a vychutnajte si bezprobl\u00e9mov\u00fd z\u00e1\u017eitok.<\/li>\n\n\n\n<li><strong>Odolnos\u0165:<\/strong> Pr\u00e9miov\u00e1 hlin\u00edkov\u00e1 kon\u0161trukcia pre dlhodob\u00e9 pou\u017e\u00edvanie.<\/li>\n\n\n\n<li><strong>Produktivita na cest\u00e1ch:<\/strong> Ide\u00e1lny na multitasking a roz\u0161\u00edrenie pracovn\u00e9ho priestoru.<\/li>\n<\/ul>\n\n<hr class=\"wp-block-separator has-alpha-channel-opacity\"\/>\n\n<h4 class=\"wp-block-heading\"><strong>\u0160pecifik\u00e1cie<\/strong><\/h4>\n\n<ul class=\"wp-block-list\">\n<li><strong>Ve\u013ekos\u0165 obrazovky<\/strong>: 15,6 palca<\/li>\n\n\n\n<li><strong>Uznesenie:<\/strong> 4K UHD (3840 x 2160)<\/li>\n\n\n\n<li><strong>Dotykov\u00fd displej:<\/strong> 10-bodov\u00fd kapacitn\u00fd G+G laminovan\u00fd<\/li>\n\n\n\n<li><strong>Bat\u00e9ria:<\/strong> 10 000 mAh polym\u00e9r<\/li>\n\n\n\n<li><strong>Pr\u00edstavy:<\/strong> HD Mini, Type-C (2), 3,5 mm jack pre sl\u00fachadl\u00e1, Micro-USB<\/li>\n\n\n\n<li><strong>Hmotnos\u0165:<\/strong> 1,3 kg<\/li>\n<\/ul>\n\n<hr class=\"wp-block-separator has-alpha-channel-opacity\"\/>\n\n<h4 class=\"wp-block-heading\"><strong>V\u00fdhody a nev\u00fdhody<\/strong><\/h4>\n\n<p><strong>Plusy:<\/strong><br\/>\u2714 Ultra HD obraz pre ohromuj\u00face detaily<br\/>\u2714 Plynul\u00e1 funk\u010dnos\u0165 dotykov\u00e9ho displeja<br\/>\u2714 \u013dahk\u00fd a prenosn\u00fd dizajn<br\/>\u2714 Zabudovan\u00e1 bat\u00e9ria pre pou\u017eitie na cest\u00e1ch<br\/>\u2714 \u0160irok\u00fd farebn\u00fd gamut pre profesion\u00e1lnu pr\u00e1cu<\/p>\n\n<p><strong>Nev\u00fdhody:<\/strong><br\/>\u2796 K dispoz\u00edcii v jedinej 15,6-palcovej ve\u013ekosti<br\/>\u2796 Zabudovan\u00e9 reproduktory m\u00f4\u017eu pre audiofilov postr\u00e1da\u0165 h\u013abku<\/p>\n\n<hr class=\"wp-block-separator has-alpha-channel-opacity\"\/>\n\n<p>Vylep\u0161ite svoje mobiln\u00e9 zobrazenie pomocou <strong>prenosn\u00e9ho monitora S23B-5 4K - va\u0161ej<\/strong>br\u00e1ny k nekompromisnej kvalite a v\u00fdkonu, nech v\u00e1s \u017eivot zavedie kamko\u013evek.<\/p>\n","protected":false},"excerpt":{"rendered":"<ul>\n<li><strong>100 % farebn\u00e9ho<\/strong> gamutu <strong>Adobe<\/strong> <strong>15,6-palcov\u00fd<\/strong> prenosn\u00fd monitor <strong>UHD 4K<\/strong> <\/li>\n<li>10-bodov\u00fd kapacitn\u00fd dotykov\u00fd monitor<\/li>\n<li>Dotykov\u00fd displej Kompatibiln\u00fd so <strong>syst\u00e9mom MacOS<\/strong><\/li>\n<li>Zabudovan\u00e1 bat\u00e9ria s kapacitou 10000 mAh<\/li>\n<li><strong>Nap\u00e1janie cez USB<\/strong>, podpora mini-HDMI, USB Type-C<\/li>\n<\/ul>\n[cg_accordion title=\"INFORM\u00c1CIE O PLATBE\"]<\/p>\n<p>Pou\u017e\u00edvame najnov\u0161iu technol\u00f3giu spracovania platieb, ktor\u00e1 v\u00e1m umo\u017e\u0148uje vykona\u0165 platbu prostredn\u00edctvom Apple Pay, Google Pay, va\u0161ej debetnej\/kreditnej karty, PayPal alebo met\u00f3d BNPL, ako s\u00fa Klarna, Affirm alebo AfterPay, \u010do je r\u00fdchle a bezpe\u010dn\u00e9.[\/cg_accordion]\n[cg_accordion title=\"Z\u00c1RUKA\"]<\/p>\n<p>1 rok z\u00e1ruky od spolo\u010dnosti <a href=\"https:\/\/droix.net\/\" target=\"_blank\" rel=\"nofollow noopener\">DROIX Global<\/a> pre v\u00e1\u0161 pokoj[\/cg_accordion]\n[cg_accordion title=\"CENY, DANE A DOPRAVA\"]<\/p>\n<p><strong><u>Pozn\u00e1mka:<\/u><\/strong><\/p>\n<ul>\n<li>Z\u00e1kazn\u00edci zo Spojen\u00fdch \u0161t\u00e1tov: Z\u00e1kazn\u00edci: Zobrazen\u00e1 cena nezah\u0155\u0148a da\u0148 ani clo. Zodpovednos\u0165 za coln\u00e9 konanie a zaplatenie akejko\u013evek s\u00favisiacej dane\/coln\u00e9ho poplatku nesie z\u00e1kazn\u00edk. <\/li>\n<li>Z\u00e1kazn\u00edci z E\u00da: V zobrazenej cene je zahrnut\u00e1 platn\u00e1 DA\u0147, ktor\u00e1 m\u00f4\u017ee by\u0165 a\u017e 25% v z\u00e1vislosti od va\u0161ej krajiny.<\/li>\n<li>Z\u00e1kazn\u00edci z Kanady: V z\u00e1vislosti od va\u0161ej provincie m\u00f4\u017ee zobrazen\u00e1 cena zah\u0155\u0148a\u0165 pr\u00edslu\u0161n\u00e9 dane, ktor\u00e9 m\u00f4\u017eu zah\u0155\u0148a\u0165 5% GST a \u010fal\u0161ie provin\u010dn\u00e9 dane z predaja (PST), harmonizovan\u00fa da\u0148 z predaja (HST) alebo quebeck\u00fa da\u0148 z predaja (QST).<\/li>\n<\/ul>\n<p><strong>Len pre z\u00e1kazn\u00edkov z E\u00da:<\/strong> Expresn\u00e9 DDP (Delivered Duty Paid). To znamen\u00e1: <\/p>\n<ul>\n<li>V\u0161etky cl\u00e1 a dane s\u00fa zahrnut\u00e9 v cene zobrazenej na str\u00e1nke produktu.<\/li>\n<li>Pri doru\u010den\u00ed nemus\u00edte plati\u0165 \u017eiadne \u010fal\u0161ie poplatky.<\/li>\n<li>V zriedkav\u00fdch pr\u00edpadoch probl\u00e9mov s\u00favisiacich s coln\u00fdmi z\u00e1le\u017eitos\u0165ami sa n\u00e1\u0161 t\u00edm postar\u00e1 o coln\u00e9 konanie vo va\u0161om mene, aby sme zabezpe\u010dili bezprobl\u00e9mov\u00e9 doru\u010denie.<\/li>\n<p>D\u00f4le\u017eit\u00e9 inform\u00e1cie o vr\u00e1ten\u00ed tovaru:<\/p>\n<li>Ak sa rozhodnete vr\u00e1ti\u0165 objedn\u00e1vku alebo po\u017eiada\u0165 o vr\u00e1tenie pe\u0148az\u00ed, majte na pam\u00e4ti, \u017ee dane a cl\u00e1 zaplaten\u00e9 vo va\u0161om mene pod\u013ea podmienok DDP nie je mo\u017en\u00e9 vr\u00e1ti\u0165.<\/li>\n<p>Podrobn\u00e9 inform\u00e1cie n\u00e1jdete v na\u0161ich <a href=\"https:\/\/ayaneo.co\/terms-of-service-2\/\" target=\"_blank\" rel=\"nofollow noopener\">zmluvn\u00fdch podmienkach<\/a>.\n<\/ul>\n<p>[\/cg_accordion]\n[cg_accordion title=\"Z\u00c1KAZN\u00cdCKA PODPORA\"]<\/p>\n<p>M\u00e1te ot\u00e1zku? Od vyrie\u0161enia v\u00e1\u0161ho probl\u00e9mu n\u00e1s del\u00ed kr\u00e1tka textov\u00e1 spr\u00e1va!<br \/>\n[\/cg_accordion]\n","protected":false},"featured_media":16587,"template":"","meta":{"_acf_changed":false},"product_brand":[],"product_cat":[1214],"product_tag":[],"class_list":{"0":"post-16586","1":"product","2":"type-product","3":"status-publish","4":"has-post-thumbnail","6":"product_cat-prenosne-monitory-sk","7":"product_shipping_class-standard","8":"pa_brand-droix","10":"first","11":"outofstock","12":"sale","13":"taxable","14":"shipping-taxable","15":"purchasable","16":"product-type-variable","17":"has-default-attributes"},"acf":[],"_links":{"self":[{"href":"https:\/\/ayaneo.co\/sk\/wp-json\/wp\/v2\/product\/16586","targetHints":{"allow":["GET"]}}],"collection":[{"href":"https:\/\/ayaneo.co\/sk\/wp-json\/wp\/v2\/product"}],"about":[{"href":"https:\/\/ayaneo.co\/sk\/wp-json\/wp\/v2\/types\/product"}],"wp:featuredmedia":[{"embeddable":true,"href":"https:\/\/ayaneo.co\/sk\/wp-json\/wp\/v2\/media\/16587"}],"wp:attachment":[{"href":"https:\/\/ayaneo.co\/sk\/wp-json\/wp\/v2\/media?parent=16586"}],"wp:term":[{"taxonomy":"product_brand","embeddable":true,"href":"https:\/\/ayaneo.co\/sk\/wp-json\/wp\/v2\/product_brand?post=16586"},{"taxonomy":"product_cat","embeddable":true,"href":"https:\/\/ayaneo.co\/sk\/wp-json\/wp\/v2\/product_cat?post=16586"},{"taxonomy":"product_tag","embeddable":true,"href":"https:\/\/ayaneo.co\/sk\/wp-json\/wp\/v2\/product_tag?post=16586"}],"curies":[{"name":"wp","href":"https:\/\/api.w.org\/{rel}","templated":true}]}}