{"id":16636,"date":"2025-01-28T11:49:32","date_gmt":"2025-01-28T11:49:32","guid":{"rendered":"https:\/\/ayaneo.co\/product\/156-prenosny-monitor-4k-s-dotykovou-obrazovkou\/"},"modified":"2025-05-30T15:57:19","modified_gmt":"2025-05-30T15:57:19","slug":"156-prenosny-monitor-4k-s-dotykovou-obrazovkou","status":"publish","type":"product","link":"https:\/\/ayaneo.co\/sk\/product\/156-prenosny-monitor-4k-s-dotykovou-obrazovkou\/","title":{"rendered":"15,6&#8243; prenosn\u00fd monitor 4K s dotykovou obrazovkou"},"content":{"rendered":"\n<p>S <strong>prenosn\u00fdm monitorom S23b-1 4K,<\/strong> elegantn\u00fdm a v\u00fdkonn\u00fdm rie\u0161en\u00edm pre profesion\u00e1lov, hr\u00e1\u010dov a tvorcov, posuniete svoje vizu\u00e1lne z\u00e1\u017eitky na vy\u0161\u0161iu \u00farove\u0148. Tento prenosn\u00fd monitor sa m\u00f4\u017ee pochv\u00e1li\u0165 <strong>15,6-palcov\u00fdm displejom s rozl\u00ed\u0161en\u00edm 4K UHD<\/strong>, ktor\u00fd poskytuje ohromuj\u00facu \u010distotu, \u017eiv\u00e9 farby a presn\u00e9 detaily, v\u010faka \u010domu ka\u017ed\u00fd obraz a video o\u017eije. \u010ci u\u017e upravujete, navrhujete alebo hr\u00e1te hry, <strong>S23b-1<\/strong> je dokonal\u00fdm spolo\u010dn\u00edkom pre produktivitu a z\u00e1bavu na cest\u00e1ch.  <\/p>\n\n<hr class=\"wp-block-separator has-alpha-channel-opacity\"\/>\n\n<h4 class=\"wp-block-heading\"><strong>Pohlcuj\u00faci displej 4K UHD<\/strong><\/h4>\n\n<p>Za\u017eite bezkonkuren\u010dn\u00fd vizu\u00e1lny lesk na <strong>15,6-palcovom paneli TFT IPS LCD <\/strong>, ktor\u00fd pon\u00faka <strong>rozl\u00ed\u0161enie 3840 x 2160<\/strong> a \u0161irok\u00e9 pozorovacie uhly. S23b-1 zaru\u010duje vynikaj\u00facu presnos\u0165 farieb, tak\u017ee je ide\u00e1lny na \u00fapravu fotografi\u00ed vo vysokom rozl\u00ed\u0161en\u00ed, zlo\u017eit\u00fd grafick\u00fd dizajn a pohlcuj\u00face hry. <\/p>\n\n<hr class=\"wp-block-separator has-alpha-channel-opacity\"\/>\n\n<h4 class=\"wp-block-heading\"><strong>Presnos\u0165 dotykovej obrazovky<\/strong><\/h4>\n\n<p>\u013dahko sa pohybujte pomocou <strong>kapacitnej dotykovej obrazovky G+G<\/strong>, ktor\u00e1 poskytuje <strong>citliv\u00e9 a intuit\u00edvne ovl\u00e1danie<\/strong>. Funkcie dotykovej obrazovky zlep\u0161uj\u00fa v\u00e1\u0161 pracovn\u00fd postup, \u010di u\u017e prech\u00e1dzate dokumenty, zv\u00e4\u010d\u0161ujete obr\u00e1zky alebo spravujete aplik\u00e1cie. <\/p>\n\n<hr class=\"wp-block-separator has-alpha-channel-opacity\"\/>\n\n<h4 class=\"wp-block-heading\"><strong>V\u0161estrann\u00e9 pripojenie<\/strong><\/h4>\n\n<p>Bez n\u00e1mahy sa pripojte k viacer\u00fdm zariadeniam pomocou:<\/p>\n\n<ul class=\"wp-block-list\">\n<li><strong>Miniport HDMI na<\/strong> bezprobl\u00e9mov\u00fd vstup videa.<\/li>\n\n\n\n<li><strong>Dva porty typu C na<\/strong> nap\u00e1janie a vysokor\u00fdchlostn\u00fd prenos d\u00e1t.<\/li>\n\n\n\n<li><strong>Port micro-USB pre<\/strong> perif\u00e9rne zariadenia, ako s\u00fa kl\u00e1vesnice a my\u0161i.<\/li>\n\n\n\n<li><strong>3,5 mm port pre sl\u00fachadl\u00e1 na<\/strong> s\u00fakromn\u00e9 po\u010d\u00favanie zvuku.<\/li>\n<\/ul>\n\n<hr class=\"wp-block-separator has-alpha-channel-opacity\"\/>\n\n<h4 class=\"wp-block-heading\"><strong>\u013dahk\u00fd a prenosn\u00fd dizajn<\/strong><\/h4>\n\n<p>Model S23b-1 je vyroben\u00fd z <strong>odolnej hlin\u00edkovej zliatiny<\/strong> a m\u00e1 \u0161t\u00edhly, \u013eahk\u00fd profil, ktor\u00fd sa \u013eahko pren\u00e1\u0161a. Prilo\u017een\u00e9 <strong>skladacie puzdro sl\u00fa\u017ei ako stojan<\/strong> a pon\u00faka stabilitu na akomko\u013evek povrchu, \u010di u\u017e ste doma, v kancel\u00e1rii alebo na cest\u00e1ch. <\/p>\n\n<hr class=\"wp-block-separator has-alpha-channel-opacity\"\/>\n\n<h4 class=\"wp-block-heading\"><strong>K\u013e\u00fa\u010dov\u00e9 vlastnosti<\/strong><\/h4>\n\n<ul class=\"wp-block-list\">\n<li><strong>Zobrazenie:<\/strong> 15,6&#8243; panel 4K UHD (3840 x 2160) IPS <\/li>\n\n\n\n<li><strong>Dotykov\u00fd displej:<\/strong> G+G kapacitn\u00fd pre presn\u00fa interakciu<\/li>\n\n\n\n<li><strong>Pripojite\u013enos\u0165:<\/strong> Mini HDMI, du\u00e1lny Type-C, Micro-USB, 3,5 mm konektor pre sl\u00fachadl\u00e1<\/li>\n\n\n\n<li><strong>Kon\u0161trukcia:<\/strong> Hlin\u00edkov\u00e1 zliatina pre odolnos\u0165 a \u0161t\u00fdl<\/li>\n\n\n\n<li><strong>Prenosnos\u0165:<\/strong> Tenk\u00fd a \u013eahk\u00fd so skladac\u00edm stojanom<\/li>\n<\/ul>\n\n<hr class=\"wp-block-separator has-alpha-channel-opacity\"\/>\n\n<h4 class=\"wp-block-heading\"><strong>Klady<\/strong><\/h4>\n\n<p>\u2714 Ohromuj\u00faci <strong>4K UHD displej<\/strong> pre neuverite\u013en\u00fd obraz.<br\/>\u2714 <strong>V\u0161estrann\u00e9 mo\u017enosti pripojenia<\/strong> s portami HDMI a Type-C.<br\/>\u2714 Odoln\u00fd, <strong>elegantn\u00fd<\/strong> dizajn <strong>z hlin\u00edkovej zliatiny<\/strong>.<br\/>\u2714 <strong>Citliv\u00fd dotykov\u00fd displej<\/strong> pre intuit\u00edvnu interakciu.<\/p>\n\n<hr class=\"wp-block-separator has-alpha-channel-opacity\"\/>\n\n<h4 class=\"wp-block-heading\"><strong>Nev\u00fdhody<\/strong><\/h4>\n\n<p>\u2796 Obmedzenie na <strong>15,6-palcov\u00fa obrazovku<\/strong>.<br\/>\u2796 <strong>Zabudovan\u00e9 reproduktory<\/strong> nemusia uspokoji\u0165 audiofilov.<\/p>\n\n<hr class=\"wp-block-separator has-alpha-channel-opacity\"\/>\n\n<h3 class=\"wp-block-heading\"><strong>Ide\u00e1lne pre ka\u017ed\u00fa potrebu<\/strong><\/h3>\n\n<p>\u010ci u\u017e ste <strong>kreat\u00edvny profesion\u00e1l<\/strong>, <strong>v\u00e1\u0161niv\u00fd hr\u00e1\u010d<\/strong> alebo <strong>nad\u0161enec na cest\u00e1ch<\/strong>, prenosn\u00fd monitor S23b-1 4K poskytuje v\u00fdnimo\u010dn\u00fd v\u00fdkon v kompaktnom a \u0161t\u00fdlovom balen\u00ed. Pozdvihnite svoj vizu\u00e1lny z\u00e1\u017eitok, nech ste kdeko\u013evek, v\u010faka dokonalej kombin\u00e1cii prenosnosti, presnosti a v\u00fdkonu. <\/p>\n","protected":false},"excerpt":{"rendered":"<ul>\n<li><strong>15,6&#8243;<\/strong> prenosn\u00fd monitor <strong>4K<\/strong> s dotykovou obrazovkou pre vysok\u00e9 rozl\u00ed\u0161enie<\/li>\n<li>Kompaktn\u00e9 rozmery 14,17 x 8,4 x 0,43 palca a hmotnos\u0165 <strong>920 g<\/strong><\/li>\n<li>Dotykov\u00fd displej Kompatibiln\u00fd so <strong>syst\u00e9mom MacOS<\/strong><\/li>\n<li>Dotykov\u00fd displej <strong>podporuje dotykov\u00fd vstup na<\/strong> kompatibiln\u00fdch zariadeniach<\/li>\n<li><strong>Nap\u00e1janie cez USB<\/strong>, podpora mini-HDMI, USB Type-C<\/li>\n<\/ul>\n[cg_accordion title=\"INFORM\u00c1CIE O PLATBE\"]<\/p>\n<p>Pou\u017e\u00edvame najnov\u0161iu technol\u00f3giu spracovania platieb, ktor\u00e1 v\u00e1m umo\u017e\u0148uje vykona\u0165 platbu prostredn\u00edctvom Apple Pay, Google Pay, va\u0161ej debetnej\/kreditnej karty, PayPal alebo met\u00f3d BNPL, ako s\u00fa Klarna, Affirm alebo AfterPay, \u010do je r\u00fdchle a bezpe\u010dn\u00e9.[\/cg_accordion]\n[cg_accordion title=\"Z\u00c1RUKA\"]<\/p>\n<p>1 rok z\u00e1ruky od spolo\u010dnosti <a href=\"https:\/\/droix.net\/\" target=\"_blank\" rel=\"nofollow noopener\">DROIX Global<\/a> pre v\u00e1\u0161 pokoj[\/cg_accordion]\n[cg_accordion title=\"CENY, DANE A DOPRAVA\"]<\/p>\n<p><strong><u>Pozn\u00e1mka:<\/u><\/strong><\/p>\n<ul>\n<li>Z\u00e1kazn\u00edci zo Spojen\u00fdch \u0161t\u00e1tov: Z\u00e1kazn\u00edci: Zobrazen\u00e1 cena nezah\u0155\u0148a da\u0148 ani clo. Zodpovednos\u0165 za coln\u00e9 konanie a zaplatenie akejko\u013evek s\u00favisiacej dane\/coln\u00e9ho poplatku nesie z\u00e1kazn\u00edk. <\/li>\n<li>Z\u00e1kazn\u00edci z E\u00da: V zobrazenej cene je zahrnut\u00e1 platn\u00e1 DA\u0147, ktor\u00e1 m\u00f4\u017ee by\u0165 a\u017e 25% v z\u00e1vislosti od va\u0161ej krajiny.<\/li>\n<li>Z\u00e1kazn\u00edci z Kanady: V z\u00e1vislosti od va\u0161ej provincie m\u00f4\u017ee zobrazen\u00e1 cena zah\u0155\u0148a\u0165 pr\u00edslu\u0161n\u00e9 dane, ktor\u00e9 m\u00f4\u017eu zah\u0155\u0148a\u0165 5% GST a \u010fal\u0161ie provin\u010dn\u00e9 dane z predaja (PST), harmonizovan\u00fa da\u0148 z predaja (HST) alebo quebeck\u00fa da\u0148 z predaja (QST).<\/li>\n<\/ul>\n<p><strong>Len pre z\u00e1kazn\u00edkov z E\u00da:<\/strong> Expresn\u00e9 DDP (Delivered Duty Paid). To znamen\u00e1: <\/p>\n<ul>\n<li>V\u0161etky cl\u00e1 a dane s\u00fa zahrnut\u00e9 v cene zobrazenej na str\u00e1nke produktu.<\/li>\n<li>Pri doru\u010den\u00ed nemus\u00edte plati\u0165 \u017eiadne \u010fal\u0161ie poplatky.<\/li>\n<li>V zriedkav\u00fdch pr\u00edpadoch probl\u00e9mov s\u00favisiacich s coln\u00fdmi z\u00e1le\u017eitos\u0165ami sa n\u00e1\u0161 t\u00edm postar\u00e1 o coln\u00e9 konanie vo va\u0161om mene, aby sme zabezpe\u010dili bezprobl\u00e9mov\u00e9 doru\u010denie.<\/li>\n<p>D\u00f4le\u017eit\u00e9 inform\u00e1cie o vr\u00e1ten\u00ed tovaru:<\/p>\n<li>Ak sa rozhodnete vr\u00e1ti\u0165 objedn\u00e1vku alebo po\u017eiada\u0165 o vr\u00e1tenie pe\u0148az\u00ed, majte na pam\u00e4ti, \u017ee dane a cl\u00e1 zaplaten\u00e9 vo va\u0161om mene pod\u013ea podmienok DDP nie je mo\u017en\u00e9 vr\u00e1ti\u0165.<\/li>\n<p>Podrobn\u00e9 inform\u00e1cie n\u00e1jdete v na\u0161ich <a href=\"https:\/\/ayaneo.co\/terms-of-service-2\/\" target=\"_blank\" rel=\"nofollow noopener\">zmluvn\u00fdch podmienkach<\/a>.\n<\/ul>\n<p>[\/cg_accordion]\n[cg_accordion title=\"Z\u00c1KAZN\u00cdCKA PODPORA\"]<\/p>\n<p>M\u00e1te ot\u00e1zku? Od vyrie\u0161enia v\u00e1\u0161ho probl\u00e9mu n\u00e1s del\u00ed kr\u00e1tka textov\u00e1 spr\u00e1va!<br \/>\n[\/cg_accordion]\n","protected":false},"featured_media":16650,"template":"","meta":{"_acf_changed":false},"product_brand":[],"product_cat":[1214],"product_tag":[],"class_list":{"0":"post-16636","1":"product","2":"type-product","3":"status-publish","4":"has-post-thumbnail","6":"product_cat-prenosne-monitory-sk","7":"product_shipping_class-standard","8":"pa_brand-droix","10":"first","11":"outofstock","12":"sale","13":"taxable","14":"shipping-taxable","15":"purchasable","16":"product-type-variable","17":"has-default-attributes"},"acf":[],"_links":{"self":[{"href":"https:\/\/ayaneo.co\/sk\/wp-json\/wp\/v2\/product\/16636","targetHints":{"allow":["GET"]}}],"collection":[{"href":"https:\/\/ayaneo.co\/sk\/wp-json\/wp\/v2\/product"}],"about":[{"href":"https:\/\/ayaneo.co\/sk\/wp-json\/wp\/v2\/types\/product"}],"wp:featuredmedia":[{"embeddable":true,"href":"https:\/\/ayaneo.co\/sk\/wp-json\/wp\/v2\/media\/16650"}],"wp:attachment":[{"href":"https:\/\/ayaneo.co\/sk\/wp-json\/wp\/v2\/media?parent=16636"}],"wp:term":[{"taxonomy":"product_brand","embeddable":true,"href":"https:\/\/ayaneo.co\/sk\/wp-json\/wp\/v2\/product_brand?post=16636"},{"taxonomy":"product_cat","embeddable":true,"href":"https:\/\/ayaneo.co\/sk\/wp-json\/wp\/v2\/product_cat?post=16636"},{"taxonomy":"product_tag","embeddable":true,"href":"https:\/\/ayaneo.co\/sk\/wp-json\/wp\/v2\/product_tag?post=16636"}],"curies":[{"name":"wp","href":"https:\/\/api.w.org\/{rel}","templated":true}]}}