{"id":16683,"date":"2025-01-29T11:19:41","date_gmt":"2025-01-29T11:19:41","guid":{"rendered":"https:\/\/ayaneo.co\/product\/droix-nh8-usb-hub-s-nvme\/"},"modified":"2025-06-16T15:10:29","modified_gmt":"2025-06-16T15:10:29","slug":"droix-nh8-usb-hub-s-nvme","status":"publish","type":"product","link":"https:\/\/ayaneo.co\/sk\/product\/droix-nh8-usb-hub-s-nvme\/","title":{"rendered":"DroiX NH8 USB Hub s NVMe"},"content":{"rendered":"\n<h2 class=\"wp-block-heading\"><strong>Rozbo\u010dova\u010d DroiX NH8 so slotom NVMe - dokonal\u00fd univerz\u00e1lny rozbo\u010dova\u010d na pripojenie!<\/strong><\/h2>\n\n<h4 class=\"wp-block-heading\"><strong>Bleskovo r\u00fdchly gigabitov\u00fd Ethernet<\/strong><\/h4>\n\n<p>Vychutnajte si bezprobl\u00e9mov\u00e9 vysokor\u00fdchlostn\u00e9 pripojenie s <strong>rozbo\u010dova\u010dom DroiX NH8<\/strong>! Jeho <strong>port 10\/100\/1000M Gigabit Ethernet<\/strong> zabezpe\u010duje <strong>stabiln\u00e9 internetov\u00e9 pripojenie bez oneskorenia - ide\u00e1lne na<\/strong>hranie hier, streamovanie a \u00falohy s vysokou \u0161\u00edrkou p\u00e1sma. Rozl\u00fa\u010dte sa s preru\u0161eniami Wi-Fi a za\u017eite <strong>konzistentn\u00fd v\u00fdkon s k\u00e1blovou r\u00fdchlos\u0165ou<\/strong>. <\/p>\n\n<h4 class=\"wp-block-heading\"><strong>Ohromuj\u00faci v\u00fdstup videa 4K<\/strong><\/h4>\n\n<p>Zlep\u0161ite svoj vizu\u00e1lny z\u00e1\u017eitok v\u010faka <strong>podpore HDMI 2.0<\/strong>, ktor\u00e9 poskytuje <strong>rozl\u00ed\u0161enie<\/strong> a\u017e <strong>4096 \u00d7 2160 pri 60 Hz<\/strong>. \u010ci u\u017e <strong>sledujete filmy, prezentujete pr\u00e1cu alebo hr\u00e1te hry vo vysokom rozl\u00ed\u0161en\u00ed<\/strong>, vychutnajte si mimoriadne ostr\u00fd obraz, \u017eiv\u00e9 farby a <strong>maslovo hladk\u00fd pohyb<\/strong>. <\/p>\n\n<h4 class=\"wp-block-heading\"><strong>Jednoduch\u00e9 roz\u0161\u00edrenie \u00falo\u017eiska<\/strong><\/h4>\n\n<p>Doch\u00e1dza v\u00e1m miesto? <strong>Rozbo\u010dova\u010d DroiX NH8<\/strong> je vybaven\u00fd <strong>integrovan\u00fdm slotom PCIe NVMe<\/strong>, ktor\u00fd pon\u00faka bleskov\u00e9 roz\u0161\u00edrenie \u00falo\u017eiska. T\u00e1to funkcia je ide\u00e1lna na <strong>vysokor\u00fdchlostn\u00e9 prenosy d\u00e1t, ve\u013ek\u00e9 s\u00fabory a v\u00fdkonn\u00e9 aplik\u00e1cie<\/strong>, tak\u017ee v\u00e1\u0161 syst\u00e9m bude fungova\u0165 efekt\u00edvne.  <\/p>\n\n<h4 class=\"wp-block-heading\"><strong>Nadupan\u00e9 prenosy \u00fadajov<\/strong><\/h4>\n\n<p>V\u010faka <strong>portu USB typu A 3.0<\/strong> m\u00f4\u017eete bleskovo pren\u00e1\u0161a\u0165 ve\u013ek\u00e9 s\u00fabory. \u010ci u\u017e z\u00e1lohujete d\u00e1ta, synchronizujete zariadenia, alebo <strong>nap\u00e1jate perif\u00e9rne zariadenia<\/strong>, vyu\u017eite <strong>r\u00fdchly prenos d\u00e1t,<\/strong> ktor\u00fd zefekt\u00edvni v\u00e1\u0161 pracovn\u00fd postup. <\/p>\n\n<h4 class=\"wp-block-heading\"><strong>Univerz\u00e1lna kompatibilita USB typu C<\/strong><\/h4>\n\n<p><strong>Rozbo\u010dova\u010d NH8<\/strong> je vybaven\u00fd <strong>univerz\u00e1lnym pripojen\u00edm USB typu C<\/strong> a zaru\u010duje <strong>\u0161irok\u00fa kompatibilitu zariaden\u00ed<\/strong>. Vychutnajte si <strong>r\u00fdchly prenos d\u00e1t, efekt\u00edvne nap\u00e1janie a bezprobl\u00e9mov\u00e9 pripojenie<\/strong> v <strong>notebookoch, minipo\u010d\u00edta\u010doch, hern\u00fdch zariadeniach a \u010fal\u0161\u00edch zariadeniach - to v\u0161etko<\/strong>pomocou jedin\u00e9ho k\u00e1bla. <\/p>\n\n<h4 class=\"wp-block-heading\"><strong>Bezprobl\u00e9mov\u00fd pr\u00edstup k m\u00e9di\u00e1m<\/strong><\/h4>\n\n<p>V\u010faka <strong>zabudovanej \u010d\u00edta\u010dke kariet SD a Micro SD<\/strong> umo\u017e\u0148uje <strong>rozbo\u010dova\u010d DroiX NH8<\/strong> jednoduch\u00fd <strong>pr\u00edstup, prenos a z\u00e1lohovanie s\u00faborov<\/strong>. \u010ci u\u017e ide o fotografie, vide\u00e1 alebo d\u00f4le\u017eit\u00e9 dokumenty, z\u00edskajte r\u00fdchly pr\u00edstup k svojim m\u00e9di\u00e1m bez \u010fal\u0161\u00edch adapt\u00e9rov. <\/p>\n\n<h4 class=\"wp-block-heading\"><strong>Bezkonkuren\u010dn\u00e1 v\u0161estrannos\u0165 a v\u00fdkon<\/strong><\/h4>\n\n<p><strong>Rozbo\u010dova\u010d DroiX NH8<\/strong> je ur\u010den\u00fd pre <strong>po\u010d\u00edta\u010de, notebooky, minipo\u010d\u00edta\u010de a hern\u00e9 vreckov\u00e9 po\u010d\u00edta\u010de<\/strong> a je viac ne\u017e len doplnkom - je to <strong>z\u00e1kladn\u00e9 rie\u0161enie pripojenia<\/strong>. <strong>Kompaktn\u00fd, v\u00fdkonn\u00fd a spo\u013eahliv\u00fd<\/strong>, je to <strong>dokonal\u00fd n\u00e1stroj<\/strong> na pr\u00e1cu, z\u00e1bavu a v\u0161etko medzi t\u00fdm.<\/p>\n\n<h3 class=\"wp-block-heading\"><strong>Vylep\u0161ite svoje pripojenie pomocou rozbo\u010dova\u010da DroiX NH8!<\/strong><\/h3>\n\n<p>Za\u017eite <strong>v\u00fdkon a pohodlie na najvy\u0161\u0161ej \u00farovni<\/strong> s rozbo\u010dova\u010dom, ktor\u00fd je skon\u0161truovan\u00fd pre <strong>r\u00fdchlos\u0165, efektivitu a v\u0161estrannos\u0165<\/strong>. <strong>Zjednodu\u0161te si nastavenie a vylep\u0161ite svoj pracovn\u00fd postup e\u0161te dnes!<\/strong><\/p>\n\n<p>Postupn\u00e9 nastavenie n\u00e1jdete v na\u0161ej <strong>pr\u00edru\u010dke Za\u010d\u00edname s rozbo\u010dova\u010dom USB DroiX NH8<\/strong>.<\/p>\n\n<p><\/p>\n","protected":false},"excerpt":{"rendered":"<ul>\n<li>DroiX<strong> NH8 <\/strong>USB Hub s NVMe<\/li>\n<li><strong>10\/100\/1000M<\/strong> Gigabit Ethernet<\/li>\n<li><strong>Zabudovan\u00fd slot PCIe NVMe na<\/strong> roz\u0161\u00edrenie \u00falo\u017eiska<\/li>\n<li><strong>V\u00fdstup na displej 4K<\/strong> cez HDMI<\/li>\n<li><strong>Slot na kartu MicroSD \/ SD<\/strong> - a\u017e 5 Gb\/s<\/li>\n<\/ul>\n[cg_accordion title=\"INFORM\u00c1CIE O PLATBE\"]<\/p>\n<p>Pou\u017e\u00edvame najnov\u0161iu technol\u00f3giu spracovania platieb, ktor\u00e1 v\u00e1m umo\u017e\u0148uje vykona\u0165 platbu prostredn\u00edctvom Apple Pay, Google Pay, va\u0161ej debetnej\/kreditnej karty, PayPal alebo met\u00f3d BNPL, ako s\u00fa Klarna, Affirm alebo AfterPay, \u010do je r\u00fdchle a bezpe\u010dn\u00e9.[\/cg_accordion]\n[cg_accordion title=\"Z\u00c1RUKA\"]<\/p>\n<p>1 rok z\u00e1ruky od spolo\u010dnosti <a href=\"https:\/\/droix.net\/\" target=\"_blank\" rel=\"nofollow noopener\">DROIX Global<\/a> pre v\u00e1\u0161 pokoj[\/cg_accordion]\n[cg_accordion title=\"CENY, DANE A DOPRAVA\"]<\/p>\n<p><strong><u>Pozn\u00e1mka:<\/u><\/strong><\/p>\n<ul>\n<li>Z\u00e1kazn\u00edci zo Spojen\u00fdch \u0161t\u00e1tov: Z\u00e1kazn\u00edci: Zobrazen\u00e1 cena nezah\u0155\u0148a da\u0148 ani clo. Zodpovednos\u0165 za coln\u00e9 konanie a zaplatenie akejko\u013evek s\u00favisiacej dane\/coln\u00e9ho poplatku nesie z\u00e1kazn\u00edk. <\/li>\n<li>Z\u00e1kazn\u00edci z E\u00da: V zobrazenej cene je zahrnut\u00e1 platn\u00e1 DA\u0147, ktor\u00e1 m\u00f4\u017ee by\u0165 a\u017e 25% v z\u00e1vislosti od va\u0161ej krajiny.<\/li>\n<li>Z\u00e1kazn\u00edci z Kanady: V z\u00e1vislosti od va\u0161ej provincie m\u00f4\u017ee zobrazen\u00e1 cena zah\u0155\u0148a\u0165 pr\u00edslu\u0161n\u00e9 dane, ktor\u00e9 m\u00f4\u017eu zah\u0155\u0148a\u0165 5% GST a \u010fal\u0161ie provin\u010dn\u00e9 dane z predaja (PST), harmonizovan\u00fa da\u0148 z predaja (HST) alebo quebeck\u00fa da\u0148 z predaja (QST).<\/li>\n<\/ul>\n<p><strong>Len pre z\u00e1kazn\u00edkov z E\u00da:<\/strong> Expresn\u00e9 DDP (Delivered Duty Paid). To znamen\u00e1: <\/p>\n<ul>\n<li>V\u0161etky cl\u00e1 a dane s\u00fa zahrnut\u00e9 v cene zobrazenej na str\u00e1nke produktu.<\/li>\n<li>Pri doru\u010den\u00ed nemus\u00edte plati\u0165 \u017eiadne \u010fal\u0161ie poplatky.<\/li>\n<li>V zriedkav\u00fdch pr\u00edpadoch probl\u00e9mov s\u00favisiacich s coln\u00fdmi z\u00e1le\u017eitos\u0165ami sa n\u00e1\u0161 t\u00edm postar\u00e1 o coln\u00e9 konanie vo va\u0161om mene, aby sme zabezpe\u010dili bezprobl\u00e9mov\u00e9 doru\u010denie.<\/li>\n<p>D\u00f4le\u017eit\u00e9 inform\u00e1cie o vr\u00e1ten\u00ed tovaru:<\/p>\n<li>Ak sa rozhodnete vr\u00e1ti\u0165 objedn\u00e1vku alebo po\u017eiada\u0165 o vr\u00e1tenie pe\u0148az\u00ed, majte na pam\u00e4ti, \u017ee dane a cl\u00e1 zaplaten\u00e9 vo va\u0161om mene pod\u013ea podmienok DDP nie je mo\u017en\u00e9 vr\u00e1ti\u0165.<\/li>\n<p>Podrobn\u00e9 inform\u00e1cie n\u00e1jdete v na\u0161ich <a href=\"https:\/\/ayaneo.co\/sk\/podmienky-sluzby\/\" target=\"_blank\" rel=\"nofollow noopener\">zmluvn\u00fdch podmienkach<\/a>.\n<\/ul>\n<p>[\/cg_accordion]\n[cg_accordion title=\"Z\u00c1KAZN\u00cdCKA PODPORA\"]<\/p>\n<p>M\u00e1te ot\u00e1zku? Od vyrie\u0161enia v\u00e1\u0161ho probl\u00e9mu n\u00e1s del\u00ed kr\u00e1tka textov\u00e1 spr\u00e1va!<br \/>\n[\/cg_accordion]\n","protected":false},"featured_media":16699,"template":"","meta":{"_acf_changed":false},"product_brand":[],"product_cat":[1196],"product_tag":[],"class_list":{"0":"post-16683","1":"product","2":"type-product","3":"status-publish","4":"has-post-thumbnail","6":"product_cat-prislusenstvo","7":"product_shipping_class-low-end","8":"pa_brand-droix","10":"first","11":"outofstock","12":"sale","13":"taxable","14":"shipping-taxable","15":"purchasable","16":"product-type-variable","17":"has-default-attributes"},"acf":[],"_links":{"self":[{"href":"https:\/\/ayaneo.co\/sk\/wp-json\/wp\/v2\/product\/16683","targetHints":{"allow":["GET"]}}],"collection":[{"href":"https:\/\/ayaneo.co\/sk\/wp-json\/wp\/v2\/product"}],"about":[{"href":"https:\/\/ayaneo.co\/sk\/wp-json\/wp\/v2\/types\/product"}],"wp:featuredmedia":[{"embeddable":true,"href":"https:\/\/ayaneo.co\/sk\/wp-json\/wp\/v2\/media\/16699"}],"wp:attachment":[{"href":"https:\/\/ayaneo.co\/sk\/wp-json\/wp\/v2\/media?parent=16683"}],"wp:term":[{"taxonomy":"product_brand","embeddable":true,"href":"https:\/\/ayaneo.co\/sk\/wp-json\/wp\/v2\/product_brand?post=16683"},{"taxonomy":"product_cat","embeddable":true,"href":"https:\/\/ayaneo.co\/sk\/wp-json\/wp\/v2\/product_cat?post=16683"},{"taxonomy":"product_tag","embeddable":true,"href":"https:\/\/ayaneo.co\/sk\/wp-json\/wp\/v2\/product_tag?post=16683"}],"curies":[{"name":"wp","href":"https:\/\/api.w.org\/{rel}","templated":true}]}}