{"id":16709,"date":"2025-01-29T11:23:32","date_gmt":"2025-01-29T11:23:32","guid":{"rendered":"https:\/\/ayaneo.co\/product\/dokovacia-stanica-sd1\/"},"modified":"2025-05-30T15:57:33","modified_gmt":"2025-05-30T15:57:33","slug":"dokovacia-stanica-sd1","status":"publish","type":"product","link":"https:\/\/ayaneo.co\/sk\/product\/dokovacia-stanica-sd1\/","title":{"rendered":"Dokovacia stanica SD1"},"content":{"rendered":"\n<h2 class=\"wp-block-heading\"><strong>Dokovacia stanica SD1: Odha\u013ete skuto\u010dn\u00fa silu vreckov\u00e9ho hrania!<\/strong><\/h2>\n\n<h4 class=\"wp-block-heading\"><strong>Va\u0161a br\u00e1na k bezprobl\u00e9mov\u00e9mu hraniu<\/strong><\/h4>\n\n<p>S <strong>dokovacou stanicou SD1<\/strong>- dokonal\u00fdm spolo\u010dn\u00edkom pre vreckov\u00e9 hern\u00e9 po\u010d\u00edta\u010de - premen\u00edte svoje hern\u00e9 z\u00e1\u017eitky. SD1 je navrhnut\u00e1 s oh\u013eadom na hr\u00e1\u010dov a zvy\u0161uje v\u00fdkon, konektivitu a pohodlie, \u010d\u00edm zaru\u010duje, \u017ee ka\u017ed\u00e1 hern\u00e1 rel\u00e1cia bude bezchybn\u00e1. Od <strong>Steam Deck<\/strong><strong>AYA NEO Geek 1S<\/strong>, t\u00e1to dokovacia stanica poskytuje bezkonkuren\u010dn\u00fa v\u0161estrannos\u0165. Sta\u010d\u00ed dokova\u0165, pripoji\u0165 sa cez USB typu C a necha\u0165 SD1 pov\u00fd\u0161i\u0165 va\u0161e hranie na nov\u00fa \u00farove\u0148.   <\/p>\n\n<h4 class=\"wp-block-heading\"><strong>Bleskov\u00fd v\u00fdkon internetu<\/strong><\/h4>\n\n<p>Zosta\u0148te vpredu vka\u017edej bitke v\u010faka <strong>gigabitov\u00e9mu ethernetov\u00e9mu portu RJ45<\/strong> zariadenia SD1, ktor\u00fd poskytuje obrovsk\u00e9 r\u00fdchlosti a\u017e do <strong>1000M<\/strong>. Rozl\u00fa\u010dte sa s oneskoren\u00edm a priv\u00edtajte plynul\u00e9 hranie v re\u00e1lnom \u010dase. \u010ci u\u017e sk\u00famate rozsiahle svety alebo s\u00fa\u0165a\u017e\u00edte v z\u00e1pasoch viacer\u00fdch hr\u00e1\u010dov s vysok\u00fdmi st\u00e1vkami, SD1 zaru\u010duje <strong>stabiln\u00e9 pripojenie bez preru\u0161enia<\/strong>, ke\u010f na tom najviac z\u00e1le\u017e\u00ed.  <\/p>\n\n<h4 class=\"wp-block-heading\"><strong>\u00dachvatn\u00fd obraz v rozl\u00ed\u0161en\u00ed 4K<\/strong><\/h4>\n\n<p>Ponorte sa do \u00fa\u017easn\u00fdch detailov a \u017eiv\u00fdch farieb v\u010faka <strong>v\u00fdstupu HDMI 2.0<\/strong> na SD1. T\u00e1to dokovacia stanica podporuje <strong>rozl\u00ed\u0161enie a\u017e 4096 \u00d7 2160 pri 60 Hz<\/strong> a men\u00ed va\u0161e hry na dychber\u00face vizu\u00e1lne z\u00e1\u017eitky. Ka\u017ed\u00fd sn\u00edmok je ostr\u00fd, plynul\u00fd a prekypuje \u017eivotom, v\u010faka \u010domu bud\u00fa va\u0161e ob\u013e\u00faben\u00e9 tituly e\u0161te podmanivej\u0161ie.  <\/p>\n\n<h4 class=\"wp-block-heading\"><strong>V\u00fdkon, ktor\u00fd v\u00e1s udr\u017e\u00ed pri hre<\/strong><\/h4>\n\n<p>U\u017e \u017eiadne preru\u0161enia uprostred hry! V\u010faka <strong>100W nab\u00edjaniu Power Delivery (PD)<\/strong> SD1 zabezpe\u010d\u00ed, \u017ee va\u0161e zariadenie zostane nap\u00e1jan\u00e9 aj po\u010das hern\u00e9ho marat\u00f3nu. Hrajte bez ob\u00e1v s vedom\u00edm, \u017ee v\u00e1\u0161 prenosn\u00fd hern\u00fd po\u010d\u00edta\u010d je neust\u00e1le nabit\u00fd a pripraven\u00fd na v\u00fdkon.  <\/p>\n\n<h4 class=\"wp-block-heading\"><strong>Roz\u0161\u00edrenie nastavenia pomocou viacer\u00fdch portov<\/strong><\/h4>\n\n<p>Pripojte sa ako profesion\u00e1l! SD1 je vybaven\u00fd <strong>tromi portami USB typu A 3.0,<\/strong> ktor\u00e9 v\u00e1m umo\u017e\u0148uj\u00fa pripoji\u0165 perif\u00e9rne zariadenia, ako s\u00fa ovl\u00e1da\u010de, n\u00e1hlavn\u00e9 s\u00fapravy alebo extern\u00e9 \u00falo\u017eisko. Vychutnajte si <strong>bleskov\u00e9 prenosy d\u00e1t<\/strong> a bezprobl\u00e9mov\u00fd multitasking bez zbyto\u010dn\u00fdch pr\u00eddavn\u00fdch adapt\u00e9rov.  <\/p>\n\n<h4 class=\"wp-block-heading\"><strong>Pripojite\u013enos\u0165 na \u010fal\u0161ej \u00farovni<\/strong><\/h4>\n\n<p>Vychutnajte si stabiln\u00e9 a vysokor\u00fdchlostn\u00e9 pripojenie v\u010faka <strong>rozhraniu USB typu C<\/strong> v SD1, ktor\u00e9 je navrhnut\u00e9 pre univerz\u00e1lnu kompatibilitu a efektivitu. \u010ci u\u017e pren\u00e1\u0161ate d\u00e1ta alebo nap\u00e1jate svoje zariadenie, SD1 pon\u00faka univerz\u00e1lne rie\u0161enie pre najnov\u0161ie prenosn\u00e9 hern\u00e9 zariadenia. <\/p>\n\n<h4 class=\"wp-block-heading\"><strong>Pr\u00e9miov\u00fd dizajn vyroben\u00fd na dlh\u00fa \u017eivotnos\u0165<\/strong><\/h4>\n\n<p>Dokovacia stanica SD1 je vyroben\u00e1 z <strong>odoln\u00e9ho siv\u00e9ho hlin\u00edka<\/strong> a je rovnako \u0161t\u00fdlov\u00e1 ako robustn\u00e1. Jej elegantn\u00fd dizajn dokonale lad\u00ed s akouko\u013evek zostavou, zatia\u013e \u010do <strong>\u010dierne silik\u00f3nov\u00e9 podlo\u017eky<\/strong> poskytuj\u00fa dodato\u010dn\u00fa ochranu, zabra\u0148uj\u00fa po\u0161kriabaniu a zabezpe\u010duj\u00fa, aby va\u0161e zariadenie zostalo bezpe\u010dne na mieste. <\/p>\n\n<h4 class=\"wp-block-heading\"><strong>Univerz\u00e1lna kompatibilita<\/strong><\/h4>\n\n<p>Dokovacia stanica SD1 je skon\u0161truovan\u00e1 tak, aby podporovala \u0161irok\u00fa \u0161k\u00e1lu vreckov\u00fdch hern\u00fdch po\u010d\u00edta\u010dov, \u010do z nej rob\u00ed dokonal\u00e9 pr\u00edslu\u0161enstvo pre ka\u017ed\u00e9ho hr\u00e1\u010da. \u010ci u\u017e hr\u00e1te hry na <strong>Steam Deck<\/strong>, <strong>GPD WIN 4 2023<\/strong> alebo <strong>ONEXPLAYER 2<\/strong>, SD1 zaru\u010duje bezprobl\u00e9mov\u00fa integr\u00e1ciu a vy\u0161\u0161\u00ed v\u00fdkon. Bol d\u00f4kladne testovan\u00fd so \u0161pi\u010dkov\u00fdmi zariadeniami, vr\u00e1tane <strong>ROG Ally<\/strong>, <strong>AYA NEO 2S<\/strong> a \u010fal\u0161\u00edmi.  <\/p>\n\n<hr class=\"wp-block-separator has-alpha-channel-opacity\"\/>\n\n<h3 class=\"wp-block-heading\"><strong>Pre\u010do si vybra\u0165 dokovaciu stanicu SD1?<\/strong><\/h3>\n\n<ul class=\"wp-block-list\">\n<li><strong>Nepreru\u0161ovan\u00fd internet<\/strong>: Vychutnajte si ultrar\u00fdchle a stabiln\u00e9 pripojenie.<\/li>\n\n\n\n<li><strong>Ohromuj\u00faci v\u00fdstup 4K<\/strong>: Ponorte sa do \u017eiv\u00e9ho a plynul\u00e9ho obrazu.<\/li>\n\n\n\n<li><strong>Efekt\u00edvne nab\u00edjanie<\/strong>: Hrajte cel\u00e9 hodiny so spo\u013eahlivou dod\u00e1vkou energie.<\/li>\n\n\n\n<li><strong>Roz\u0161\u00edren\u00e9 mo\u017enosti portu<\/strong>: Jednoduch\u00e9 pripojenie viacer\u00fdch perif\u00e9rnych zariaden\u00ed.<\/li>\n\n\n\n<li><strong>Univerz\u00e1lna kompatibilita<\/strong>: Funguje so v\u0161etk\u00fdmi va\u0161imi ob\u013e\u00faben\u00fdmi vreckov\u00fdmi hern\u00fdmi po\u010d\u00edta\u010dmi.<\/li>\n<\/ul>\n\n<hr class=\"wp-block-separator has-alpha-channel-opacity\"\/>\n\n<h3 class=\"wp-block-heading\"><strong>Posu\u0148te svoje hranie na vy\u0161\u0161iu \u00farove\u0148<\/strong><\/h3>\n\n<p>S <strong>dokovacou stanicou SD1<\/strong> sa ka\u017ed\u00e1 hra stane nezabudnute\u013en\u00fdm z\u00e1\u017eitkom. \u010ci u\u017e s\u00fa\u0165a\u017e\u00edte, sk\u00famate, alebo streamujete, t\u00e1to dokovacia stanica v\u00e1m poskytne n\u00e1stroje na dosiahnutie \u010do najlep\u0161ieho v\u00fdkonu.   <strong>Vylep\u0161ite svoju zostavu e\u0161te dnes a prijmite nov\u00fa \u00e9ru vreckov\u00e9ho hrania.<\/strong><\/p>\n","protected":false},"excerpt":{"rendered":"<ul>\n<li>Dokovacia stanica <strong>SD1 <\/strong><\/li>\n<li>Gigabitov\u00fd Ethernet<\/li>\n<li>100W PD USB-C<\/li>\n<li>V\u00fdstup HDMI<\/li>\n<li><strong>Kompatibilita s<\/strong> AYANEO Handhelds &amp; Many More<\/li>\n<\/ul>\n[cg_accordion title=\"INFORM\u00c1CIE O PLATBE\"]<\/p>\n<p>Pou\u017e\u00edvame najnov\u0161iu technol\u00f3giu spracovania platieb, ktor\u00e1 v\u00e1m umo\u017e\u0148uje vykona\u0165 platbu prostredn\u00edctvom Apple Pay, Google Pay, va\u0161ej debetnej\/kreditnej karty, PayPal alebo met\u00f3d BNPL, ako s\u00fa Klarna, Affirm alebo AfterPay, \u010do je r\u00fdchle a bezpe\u010dn\u00e9.[\/cg_accordion]\n[cg_accordion title=\"Z\u00c1RUKA\"]<\/p>\n<p>1 rok z\u00e1ruky od spolo\u010dnosti <a href=\"https:\/\/droix.net\/\" target=\"_blank\" rel=\"nofollow noopener\">DROIX Global<\/a> pre v\u00e1\u0161 pokoj[\/cg_accordion]\n[cg_accordion title=\"CENY, DANE A DOPRAVA\"]<\/p>\n<p><strong><u>Pozn\u00e1mka:<\/u><\/strong><\/p>\n<ul>\n<li>Z\u00e1kazn\u00edci zo Spojen\u00fdch \u0161t\u00e1tov: Z\u00e1kazn\u00edci: Zobrazen\u00e1 cena nezah\u0155\u0148a da\u0148 ani clo. Zodpovednos\u0165 za coln\u00e9 konanie a zaplatenie akejko\u013evek s\u00favisiacej dane\/coln\u00e9ho poplatku nesie z\u00e1kazn\u00edk. <\/li>\n<li>Z\u00e1kazn\u00edci z E\u00da: V zobrazenej cene je zahrnut\u00e1 platn\u00e1 DA\u0147, ktor\u00e1 m\u00f4\u017ee by\u0165 a\u017e 25% v z\u00e1vislosti od va\u0161ej krajiny.<\/li>\n<li>Z\u00e1kazn\u00edci z Kanady: V z\u00e1vislosti od va\u0161ej provincie m\u00f4\u017ee zobrazen\u00e1 cena zah\u0155\u0148a\u0165 pr\u00edslu\u0161n\u00e9 dane, ktor\u00e9 m\u00f4\u017eu zah\u0155\u0148a\u0165 5% GST a \u010fal\u0161ie provin\u010dn\u00e9 dane z predaja (PST), harmonizovan\u00fa da\u0148 z predaja (HST) alebo quebeck\u00fa da\u0148 z predaja (QST).<\/li>\n<\/ul>\n<p><strong>Len pre z\u00e1kazn\u00edkov z E\u00da:<\/strong> Expresn\u00e9 DDP (Delivered Duty Paid). To znamen\u00e1: <\/p>\n<ul>\n<li>V\u0161etky cl\u00e1 a dane s\u00fa zahrnut\u00e9 v cene zobrazenej na str\u00e1nke produktu.<\/li>\n<li>Pri doru\u010den\u00ed nemus\u00edte plati\u0165 \u017eiadne \u010fal\u0161ie poplatky.<\/li>\n<li>V zriedkav\u00fdch pr\u00edpadoch probl\u00e9mov s\u00favisiacich s coln\u00fdmi z\u00e1le\u017eitos\u0165ami sa n\u00e1\u0161 t\u00edm postar\u00e1 o coln\u00e9 konanie vo va\u0161om mene, aby sme zabezpe\u010dili bezprobl\u00e9mov\u00e9 doru\u010denie.<\/li>\n<p>D\u00f4le\u017eit\u00e9 inform\u00e1cie o vr\u00e1ten\u00ed tovaru:<\/p>\n<li>Ak sa rozhodnete vr\u00e1ti\u0165 objedn\u00e1vku alebo po\u017eiada\u0165 o vr\u00e1tenie pe\u0148az\u00ed, majte na pam\u00e4ti, \u017ee dane a cl\u00e1 zaplaten\u00e9 vo va\u0161om mene pod\u013ea podmienok DDP nie je mo\u017en\u00e9 vr\u00e1ti\u0165.<\/li>\n<p>Podrobn\u00e9 inform\u00e1cie n\u00e1jdete v na\u0161ich <a href=\"https:\/\/ayaneo.co\/terms-of-service-2\/\" target=\"_blank\" rel=\"nofollow noopener\">zmluvn\u00fdch podmienkach<\/a>.\n<\/ul>\n<p>[\/cg_accordion]\n[cg_accordion title=\"Z\u00c1KAZN\u00cdCKA PODPORA\"]<\/p>\n<p>M\u00e1te ot\u00e1zku? Od vyrie\u0161enia v\u00e1\u0161ho probl\u00e9mu n\u00e1s del\u00ed kr\u00e1tka textov\u00e1 spr\u00e1va!<br \/>\n[\/cg_accordion]\n","protected":false},"featured_media":16715,"template":"","meta":{"_acf_changed":false},"product_brand":[],"product_cat":[1196],"product_tag":[],"class_list":{"0":"post-16709","1":"product","2":"type-product","3":"status-publish","4":"has-post-thumbnail","6":"product_cat-prislusenstvo","7":"product_shipping_class-low-end","8":"pa_accessory-type-docking-station-sk","9":"pa_brand-droix","11":"first","12":"outofstock","13":"sale","14":"taxable","15":"shipping-taxable","16":"purchasable","17":"product-type-simple"},"acf":[],"_links":{"self":[{"href":"https:\/\/ayaneo.co\/sk\/wp-json\/wp\/v2\/product\/16709","targetHints":{"allow":["GET"]}}],"collection":[{"href":"https:\/\/ayaneo.co\/sk\/wp-json\/wp\/v2\/product"}],"about":[{"href":"https:\/\/ayaneo.co\/sk\/wp-json\/wp\/v2\/types\/product"}],"wp:featuredmedia":[{"embeddable":true,"href":"https:\/\/ayaneo.co\/sk\/wp-json\/wp\/v2\/media\/16715"}],"wp:attachment":[{"href":"https:\/\/ayaneo.co\/sk\/wp-json\/wp\/v2\/media?parent=16709"}],"wp:term":[{"taxonomy":"product_brand","embeddable":true,"href":"https:\/\/ayaneo.co\/sk\/wp-json\/wp\/v2\/product_brand?post=16709"},{"taxonomy":"product_cat","embeddable":true,"href":"https:\/\/ayaneo.co\/sk\/wp-json\/wp\/v2\/product_cat?post=16709"},{"taxonomy":"product_tag","embeddable":true,"href":"https:\/\/ayaneo.co\/sk\/wp-json\/wp\/v2\/product_tag?post=16709"}],"curies":[{"name":"wp","href":"https:\/\/api.w.org\/{rel}","templated":true}]}}