{"id":16794,"date":"2025-01-29T11:53:38","date_gmt":"2025-01-29T11:53:38","guid":{"rendered":"https:\/\/ayaneo.co\/product\/kabel-usb-4-0-typu-c\/"},"modified":"2025-05-30T15:57:43","modified_gmt":"2025-05-30T15:57:43","slug":"kabel-usb-4-0-typu-c","status":"publish","type":"product","link":"https:\/\/ayaneo.co\/sk\/product\/kabel-usb-4-0-typu-c\/","title":{"rendered":"K\u00e1bel USB 4.0 typu C"},"content":{"rendered":"\n<h3 class=\"wp-block-heading\"><strong>Za\u017eite bezkonkuren\u010dn\u00fa konektivitu s k\u00e1blom USB 4.0 typu C<\/strong><\/h3>\n\n<h4 class=\"wp-block-heading\"><strong>Revolu\u010dn\u00e1 r\u00fdchlos\u0165, v\u00fdkon a presnos\u0165<\/strong><\/h4>\n\n<h4 class=\"wp-block-heading\"><strong>Bleskov\u00fd prenos \u00fadajov 40 Gb\/s<\/strong><\/h4>\n\n<p>Odomknite bezkonkuren\u010dn\u00fd v\u00fdkon s na\u0161\u00edm <strong>k\u00e1blom USB 4.0 typu C,<\/strong> ktor\u00fd dok\u00e1\u017ee <strong>bleskovo pren\u00e1\u0161a\u0165 d\u00e1ta r\u00fdchlos\u0165ou 40 Gb\/s<\/strong>. Rozl\u00fa\u010dte sa s oneskoren\u00edm a priv\u00edtajte r\u00fdchle a bezprobl\u00e9mov\u00e9 zdie\u013eanie s\u00faborov - ide\u00e1lne pre ve\u013ek\u00e9 pracovn\u00e9 za\u0165a\u017eenie, vide\u00e1 v rozl\u00ed\u0161en\u00ed 4K a vysokor\u00fdchlostn\u00e9 z\u00e1lohovanie. <\/p>\n\n<h4 class=\"wp-block-heading\"><strong>Kompatibilita s Thunderbolt 3 a 4<\/strong><\/h4>\n\n<p>Zabezpe\u010dte svoju zostavu do bud\u00facnosti v\u010faka <strong>kompatibilite s technol\u00f3giami Thunderbolt 3 a 4<\/strong>, ktor\u00e1 zaru\u010duje bezprobl\u00e9mov\u00fa integr\u00e1ciu s najmodernej\u0161\u00edmi zariadeniami. \u010ci u\u017e prip\u00e1jate notebooky, monitory alebo \u00falo\u017en\u00e9 rie\u0161enia, n\u00e1\u0161 k\u00e1bel v\u00e1s udr\u017e\u00ed vpredu. <\/p>\n\n<h4 class=\"wp-block-heading\"><strong>V\u00fdkon za hranicami: 240W PD<\/strong><\/h4>\n\n<p>Nab\u00edjajte r\u00fdchlej\u0161ie, pracujte dlh\u0161ie. Tento k\u00e1bel s p\u00f4sobivou kapacitou <strong>240 W Power Delivery<\/strong> zaru\u010duje r\u00fdchle nab\u00edjanie aj t\u00fdch najn\u00e1ro\u010dnej\u0161\u00edch zariaden\u00ed. Od notebookov a\u017e po hern\u00e9 zostavy, za\u017eite nepretr\u017eit\u00fd v\u00fdkon a pred\u013a\u017een\u00fd \u010das prev\u00e1dzky.  <\/p>\n\n<h4 class=\"wp-block-heading\"><strong>Vizu\u00e1lna brilantnos\u0165 8K<\/strong><\/h4>\n\n<p>Ponorte sa do ohromuj\u00facej \u010distoty v\u010faka podpore <strong>rozl\u00ed\u0161enia 8K pri 60 Hz<\/strong>. \u010ci u\u017e hr\u00e1te hry, upravujete obsah vo vysokom rozl\u00ed\u0161en\u00ed, alebo sledujete z\u00e1bavu v ultra HD, ka\u017ed\u00fd z\u00e1ber je pln\u00fd realistick\u00fdch detailov a \u017eiv\u00fdch farieb. <\/p>\n\n<h4 class=\"wp-block-heading\"><strong>Inovat\u00edvne monitorovanie nap\u00e1jania v re\u00e1lnom \u010dase<\/strong><\/h4>\n\n<p>Majte v\u0161etko pod kontrolou v\u010faka <strong>zabudovanej obrazovke spotreby energie<\/strong>. T\u00e1to praktick\u00e1 funkcia poskytuje <strong>\u00fadaje o spotrebe energie v re\u00e1lnom \u010dase<\/strong> a umo\u017e\u0148uje v\u00e1m monitorova\u0165 spotrebu energie v\u00e1\u0161ho zariadenia pre inteligentnej\u0161ie a efekt\u00edvnej\u0161ie nab\u00edjanie. <\/p>\n\n<h4 class=\"wp-block-heading\"><strong>Navrhnut\u00e9 pre va\u0161e nastavenie<\/strong><\/h4>\n\n<p>V\u010faka na\u0161im flexibiln\u00fdm mo\u017enostiam d\u013a\u017eky si m\u00f4\u017eete vybra\u0165 ide\u00e1lny model pod\u013ea svojich potrieb:<\/p>\n\n<ul class=\"wp-block-list\">\n<li><strong>Priamy k\u00e1bel<\/strong>: K dispoz\u00edcii v <strong>d\u013a\u017eke 0,8 m<\/strong> a <strong>1,5 m<\/strong>.<\/li>\n\n\n\n<li><strong>K\u00e1bel v tvare p\u00edsmena L<\/strong>: K dispoz\u00edcii s\u00fa aj <strong>d\u013a\u017eky 0,8 m<\/strong> a <strong>1,5 m<\/strong>.<\/li>\n<\/ul>\n\n<p>\u010ci u\u017e potrebujete vo\u013enos\u0165 pohybu alebo priestorovo \u00fasporn\u00e9 rie\u0161enie, n\u00e1\u0161 k\u00e1bel USB 4.0 typu C sa prisp\u00f4sob\u00ed ka\u017ed\u00e9mu prostrediu.<\/p>\n\n<h4 class=\"wp-block-heading\"><strong>\u0160pi\u010dkov\u00e9 remeseln\u00e9 spracovanie, nekompromisn\u00fd v\u00fdkon<\/strong><\/h4>\n\n<p>Tento k\u00e1bel je vyroben\u00fd s prec\u00edznym in\u017einierstvom a sp\u00e1ja v sebe <strong>odolnos\u0165, flexibilitu a \u0161pi\u010dkov\u00fa technol\u00f3giu<\/strong>. Je to najlep\u0161ia vo\u013eba pre technologick\u00fdch nad\u0161encov, profesion\u00e1lov a hr\u00e1\u010dov, ktor\u00ed vy\u017eaduj\u00fa to najlep\u0161ie pripojenie. <\/p>\n\n<h3 class=\"wp-block-heading\"><strong>Zv\u00fd\u0161te svoju konektivitu e\u0161te dnes<\/strong><\/h3>\n\n<p>S <strong>k\u00e1blom USB 4.0 typu C<\/strong> neprip\u00e1jate len zariadenia - odomyk\u00e1te svet mo\u017enost\u00ed. <strong>Upgradujte na bud\u00facnos\u0165 r\u00fdchlosti, v\u00fdkonu a preh\u013eadnosti e\u0161te dnes!<\/strong><\/p>\n","protected":false},"excerpt":{"rendered":"<ul>\n<li>R\u00fdchlos\u0165 prenosu \u00fadajov <strong>40 Gb\/s<\/strong> <\/li>\n<li>Thunderbolt <strong>3<\/strong> a <strong>4<\/strong><\/li>\n<li>Dod\u00e1vka energie a\u017e do <strong>240 W<\/strong> <\/li>\n<li>Podpora v\u00fdstupu videa a\u017e do <strong>8K pri 60 Hz<\/strong> <\/li>\n<li>Zabudovan\u00fd <strong>displej pr\u00edkonu<\/strong><\/li>\n<\/ul>\n[cg_accordion title=\"INFORM\u00c1CIE O PLATBE\"]<\/p>\n<p>Pou\u017e\u00edvame najnov\u0161iu technol\u00f3giu spracovania platieb, ktor\u00e1 v\u00e1m umo\u017e\u0148uje vykona\u0165 platbu prostredn\u00edctvom Apple Pay, Google Pay, va\u0161ej debetnej\/kreditnej karty, PayPal alebo met\u00f3d BNPL, ako s\u00fa Klarna, Affirm alebo AfterPay, \u010do je r\u00fdchle a bezpe\u010dn\u00e9.[\/cg_accordion]\n[cg_accordion title=\"Z\u00c1RUKA\"]<\/p>\n<p>1 rok z\u00e1ruky od spolo\u010dnosti <a href=\"https:\/\/droix.net\/\" target=\"_blank\" rel=\"nofollow noopener\">DROIX Global<\/a> pre v\u00e1\u0161 pokoj[\/cg_accordion]\n[cg_accordion title=\"CENY, DANE A DOPRAVA\"]<\/p>\n<p><strong><u>Pozn\u00e1mka:<\/u><\/strong><\/p>\n<ul>\n<li>Z\u00e1kazn\u00edci zo Spojen\u00fdch \u0161t\u00e1tov: Z\u00e1kazn\u00edci: Zobrazen\u00e1 cena nezah\u0155\u0148a da\u0148 ani clo. Zodpovednos\u0165 za coln\u00e9 konanie a zaplatenie akejko\u013evek s\u00favisiacej dane\/coln\u00e9ho poplatku nesie z\u00e1kazn\u00edk. <\/li>\n<li>Z\u00e1kazn\u00edci z E\u00da: V zobrazenej cene je zahrnut\u00e1 platn\u00e1 DA\u0147, ktor\u00e1 m\u00f4\u017ee by\u0165 a\u017e 25% v z\u00e1vislosti od va\u0161ej krajiny.<\/li>\n<li>Z\u00e1kazn\u00edci z Kanady: V z\u00e1vislosti od va\u0161ej provincie m\u00f4\u017ee zobrazen\u00e1 cena zah\u0155\u0148a\u0165 pr\u00edslu\u0161n\u00e9 dane, ktor\u00e9 m\u00f4\u017eu zah\u0155\u0148a\u0165 5% GST a \u010fal\u0161ie provin\u010dn\u00e9 dane z predaja (PST), harmonizovan\u00fa da\u0148 z predaja (HST) alebo quebeck\u00fa da\u0148 z predaja (QST).<\/li>\n<\/ul>\n<p><strong>Len pre z\u00e1kazn\u00edkov z E\u00da:<\/strong> Expresn\u00e9 DDP (Delivered Duty Paid). To znamen\u00e1: <\/p>\n<ul>\n<li>V\u0161etky cl\u00e1 a dane s\u00fa zahrnut\u00e9 v cene zobrazenej na str\u00e1nke produktu.<\/li>\n<li>Pri doru\u010den\u00ed nemus\u00edte plati\u0165 \u017eiadne \u010fal\u0161ie poplatky.<\/li>\n<li>V zriedkav\u00fdch pr\u00edpadoch probl\u00e9mov s\u00favisiacich s coln\u00fdmi z\u00e1le\u017eitos\u0165ami sa n\u00e1\u0161 t\u00edm postar\u00e1 o coln\u00e9 konanie vo va\u0161om mene, aby sme zabezpe\u010dili bezprobl\u00e9mov\u00e9 doru\u010denie.<\/li>\n<p>D\u00f4le\u017eit\u00e9 inform\u00e1cie o vr\u00e1ten\u00ed tovaru:<\/p>\n<li>Ak sa rozhodnete vr\u00e1ti\u0165 objedn\u00e1vku alebo po\u017eiada\u0165 o vr\u00e1tenie pe\u0148az\u00ed, majte na pam\u00e4ti, \u017ee dane a cl\u00e1 zaplaten\u00e9 vo va\u0161om mene pod\u013ea podmienok DDP nie je mo\u017en\u00e9 vr\u00e1ti\u0165.<\/li>\n<p>Podrobn\u00e9 inform\u00e1cie n\u00e1jdete v na\u0161ich <a href=\"https:\/\/ayaneo.co\/terms-of-service-2\/\" target=\"_blank\" rel=\"nofollow noopener\">zmluvn\u00fdch podmienkach<\/a>.\n<\/ul>\n<p>[\/cg_accordion]\n[cg_accordion title=\"Z\u00c1KAZN\u00cdCKA PODPORA\"]<\/p>\n<p>M\u00e1te ot\u00e1zku? Od vyrie\u0161enia v\u00e1\u0161ho probl\u00e9mu n\u00e1s del\u00ed kr\u00e1tka textov\u00e1 spr\u00e1va!<br \/>\n[\/cg_accordion]\n","protected":false},"featured_media":16795,"template":"","meta":{"_acf_changed":false},"product_brand":[],"product_cat":[1196],"product_tag":[],"class_list":{"0":"post-16794","1":"product","2":"type-product","3":"status-publish","4":"has-post-thumbnail","6":"product_cat-prislusenstvo","7":"product_shipping_class-low-end","8":"pa_accessory-type-cable-sk","9":"pa_brand-droix","11":"first","12":"outofstock","13":"sale","14":"taxable","15":"shipping-taxable","16":"purchasable","17":"product-type-variable"},"acf":[],"_links":{"self":[{"href":"https:\/\/ayaneo.co\/sk\/wp-json\/wp\/v2\/product\/16794","targetHints":{"allow":["GET"]}}],"collection":[{"href":"https:\/\/ayaneo.co\/sk\/wp-json\/wp\/v2\/product"}],"about":[{"href":"https:\/\/ayaneo.co\/sk\/wp-json\/wp\/v2\/types\/product"}],"wp:featuredmedia":[{"embeddable":true,"href":"https:\/\/ayaneo.co\/sk\/wp-json\/wp\/v2\/media\/16795"}],"wp:attachment":[{"href":"https:\/\/ayaneo.co\/sk\/wp-json\/wp\/v2\/media?parent=16794"}],"wp:term":[{"taxonomy":"product_brand","embeddable":true,"href":"https:\/\/ayaneo.co\/sk\/wp-json\/wp\/v2\/product_brand?post=16794"},{"taxonomy":"product_cat","embeddable":true,"href":"https:\/\/ayaneo.co\/sk\/wp-json\/wp\/v2\/product_cat?post=16794"},{"taxonomy":"product_tag","embeddable":true,"href":"https:\/\/ayaneo.co\/sk\/wp-json\/wp\/v2\/product_tag?post=16794"}],"curies":[{"name":"wp","href":"https:\/\/api.w.org\/{rel}","templated":true}]}}