{"id":17066,"date":"2025-02-27T10:35:12","date_gmt":"2025-02-27T10:35:12","guid":{"rendered":"https:\/\/ayaneo.co\/product\/ayaneo-magicke-moduly\/"},"modified":"2025-12-11T00:10:38","modified_gmt":"2025-12-11T00:10:38","slug":"ayaneo-magicke-moduly","status":"publish","type":"product","link":"https:\/\/ayaneo.co\/sk\/product\/ayaneo-magicke-moduly\/","title":{"rendered":"AYANEO Magick\u00e9 moduly"},"content":{"rendered":"\n<h2 class=\"wp-block-heading\">AYANEO Magick\u00e9 moduly - bud\u00facnos\u0165 modul\u00e1rnych vreckov\u00fdch po\u010d\u00edta\u010dov<\/h2>\n\n<p><strong>ModulyAYANEO Magic Modules<\/strong> nanovo definuj\u00fa vreckov\u00e9 hranie t\u00fdm, \u017ee predstavuj\u00fa <strong>skuto\u010dne modul\u00e1rny ekosyst\u00e9m<\/strong>, ktor\u00fd umo\u017e\u0148uje pou\u017e\u00edvate\u013eom <strong>roz\u0161\u00edri\u0165 a prisp\u00f4sobi\u0165 si z\u00e1\u017eitok z hrania na AYANEO 3<\/strong> pomocou vymenite\u013en\u00e9ho, magneticky pripojen\u00e9ho pr\u00edslu\u0161enstva. Tieto moduly, navrhnut\u00e9 pre flexibilitu, <strong>roz\u0161iruj\u00fa funk\u010dnos\u0165 bez toho, aby bola ohrozen\u00e1 prenosnos\u0165<\/strong>, \u010d\u00edm menia pravidl\u00e1 hry pre technologick\u00fdch nad\u0161encov aj hr\u00e1\u010dov. <\/p>\n\n<h2 class=\"wp-block-heading\"><strong>Bezprobl\u00e9mov\u00e1 magnetick\u00e1 modularita<\/strong><\/h2>\n\n<p>V\u010faka <strong>inovat\u00edvnemu magnetick\u00e9mu rozhraniuAYANEO<\/strong> je v\u00fdmena modulov bezprobl\u00e9mov\u00e1 a umo\u017e\u0148uje <strong>zapoji\u0165 a hra\u0165<\/strong> pod\u013ea va\u0161ich potrieb. Magick\u00e9 moduly prvej gener\u00e1cie pon\u00fakaj\u00fa cel\u00fd rad funkci\u00ed, od <strong>vylep\u0161en\u00fdch vstupn\u00fdch mo\u017enost\u00ed<\/strong> a\u017e po <strong>roz\u0161\u00edren\u00e9 mo\u017enosti pripojenia<\/strong>. <\/p>\n\n<h2 class=\"wp-block-heading\"><strong>Vytvoren\u00e9 pre bud\u00facnos\u0165<\/strong><\/h2>\n\n<p>AYANEO je priekopn\u00edkom <strong>prv\u00e9ho skuto\u010dne modul\u00e1rneho hern\u00e9ho vreckov\u00e9ho po\u010d\u00edta\u010da<\/strong>, ktor\u00fd zaru\u010duje <strong>dlhodob\u00fa v\u0161estrannos\u0165<\/strong> v\u010faka rozv\u00edjaj\u00facemu sa ekosyst\u00e9mu modulov Magic Modules. \u010ci u\u017e ste <strong>n\u00e1ru\u017eiv\u00fd hr\u00e1\u010d<\/strong>, <strong>kreat\u00edvny profesion\u00e1l<\/strong> alebo <strong>technologick\u00fd nad\u0161enec<\/strong>, tieto pr\u00eddavn\u00e9 moduly v\u00e1m umo\u017enia <strong>prisp\u00f4sobi\u0165 zariadenie r\u00f4znym scen\u00e1rom bez toho, aby ste museli zni\u017eova\u0165 v\u00fdkon<\/strong>. <\/p>\n\n<h3 class=\"wp-block-heading\"><strong>Prevezmite kontrolu nad hran\u00edm hier z vreckov\u00e9ho po\u010d\u00edta\u010da pomocou modulov AYANEO Magic Modules!<\/strong><\/h3>\n\n<p><\/p>\n","protected":false},"excerpt":{"rendered":"<ul>\n<li><strong>Modul\u00e1rna kon\u0161trukcia<\/strong> - bez n\u00e1mahy vymie\u0148ajte pr\u00edslu\u0161enstvo.<\/li>\n<li><strong>Magnetick\u00e9 pripevnenie<\/strong> - jednoduch\u00e1 v\u00fdmena typu plug-and-play.<\/li>\n<li><strong>Vylep\u0161en\u00e9 funkcie<\/strong> - Aktualiz\u00e1cia vstupov a pripojenia.<\/li>\n<li><strong>Zabezpe\u010denie do bud\u00facnosti<\/strong> - mo\u017enos\u0165 roz\u0161\u00edrenia o nov\u00e9 moduly.<\/li>\n<li><strong>Prenosn\u00e9 a univerz\u00e1lne<\/strong> - prisp\u00f4sobenie bez v\u00e4\u010d\u0161ieho objemu.<\/li>\n<\/ul>\n[cg_accordion title=\"INFORM\u00c1CIE O PLATBE\"]<\/p>\n<p>Pou\u017e\u00edvame najnov\u0161iu technol\u00f3giu spracovania platieb, ktor\u00e1 v\u00e1m umo\u017e\u0148uje vykona\u0165 platbu prostredn\u00edctvom Apple Pay, Google Pay, va\u0161ej debetnej\/kreditnej karty, PayPal alebo met\u00f3d BNPL, ako s\u00fa Klarna, Affirm alebo AfterPay, \u010do je r\u00fdchle a bezpe\u010dn\u00e9.[\/cg_accordion]\n[cg_accordion title=\"Z\u00c1RUKA\"]<\/p>\n<p>1 rok z\u00e1ruky od <a href=\"https:\/\/droix.net\/\" target=\"_blank\" rel=\"nofollow noopener\">spolo\u010dnosti DROIX Global pre<\/a> v\u00e1\u0161 pokoj[\/cg_accordion]\n[cg_accordion title=\"ZABEZPE\u010cENIE KVALITY A TESTOVANIE PRED ODOSLAN\u00cdM\"]<\/p>\n<p>Zabezpe\u010denie spokojnosti z\u00e1kazn\u00edkov na najvy\u0161\u0161ej \u00farovni: Pred odoslan\u00edm prech\u00e1dza ka\u017ed\u00e9 zariadenie pr\u00edsnym testovan\u00edm a viacbodovou kontrolou kvality. N\u00e1\u0161 \u0161pecializovan\u00fd t\u00edm overuje v\u00fdkon, funk\u010dnos\u0165 a integritu komponentov, aby sme v\u00e1m zaru\u010dili, \u017ee va\u0161e zariadenie AYANEO bude pri pr\u00edchode v perfektnom stave, \u010do v\u00e1m poskytne istotu a pokoj. [\/cg_accordion]\n[cg_accordion title=\"CENY, DANE A DOPRAVA\"]<\/p>\n<p><strong><u>Pozn\u00e1mka:<\/u><\/strong><\/p>\n<ul>\n<li>Z\u00e1kazn\u00edci zo Spojen\u00fdch \u0161t\u00e1tov: Z\u00e1kazn\u00edci: Zobrazen\u00e1 cena nezah\u0155\u0148a da\u0148 ani clo. Zodpovednos\u0165 za coln\u00e9 konanie a zaplatenie akejko\u013evek s\u00favisiacej dane\/coln\u00e9ho poplatku nesie z\u00e1kazn\u00edk. <\/li>\n<li>Z\u00e1kazn\u00edci z E\u00da: V zobrazenej cene je zahrnut\u00e1 platn\u00e1 DA\u0147, ktor\u00e1 m\u00f4\u017ee by\u0165 a\u017e 25% v z\u00e1vislosti od va\u0161ej krajiny.<\/li>\n<li>Z\u00e1kazn\u00edci z Kanady: V z\u00e1vislosti od va\u0161ej provincie m\u00f4\u017ee zobrazen\u00e1 cena zah\u0155\u0148a\u0165 pr\u00edslu\u0161n\u00e9 dane, ktor\u00e9 m\u00f4\u017eu zah\u0155\u0148a\u0165 5% GST a \u010fal\u0161ie provin\u010dn\u00e9 dane z predaja (PST), harmonizovan\u00fa da\u0148 z predaja (HST) alebo quebeck\u00fa da\u0148 z predaja (QST).<\/li>\n<\/ul>\n<p><strong>Len pre z\u00e1kazn\u00edkov z E\u00da:<\/strong> Expresn\u00e9 DDP (Delivered Duty Paid). To znamen\u00e1: <\/p>\n<ul>\n<li>V\u0161etky cl\u00e1 a dane s\u00fa zahrnut\u00e9 v cene zobrazenej na str\u00e1nke produktu.<\/li>\n<li>Pri doru\u010den\u00ed nemus\u00edte plati\u0165 \u017eiadne \u010fal\u0161ie poplatky.<\/li>\n<li>V zriedkav\u00fdch pr\u00edpadoch probl\u00e9mov s\u00favisiacich s coln\u00fdmi z\u00e1le\u017eitos\u0165ami sa n\u00e1\u0161 t\u00edm postar\u00e1 o coln\u00e9 konanie vo va\u0161om mene, aby sme zabezpe\u010dili bezprobl\u00e9mov\u00e9 doru\u010denie.<\/li>\n<p>D\u00f4le\u017eit\u00e9 inform\u00e1cie o vr\u00e1ten\u00ed tovaru:<\/p>\n<li>Ak sa rozhodnete vr\u00e1ti\u0165 objedn\u00e1vku alebo po\u017eiada\u0165 o vr\u00e1tenie pe\u0148az\u00ed, majte na pam\u00e4ti, \u017ee dane a cl\u00e1 zaplaten\u00e9 vo va\u0161om mene pod\u013ea podmienok DDP nie je mo\u017en\u00e9 vr\u00e1ti\u0165.<\/li>\n<p>Podrobn\u00e9 inform\u00e1cie n\u00e1jdete v na\u0161ich <a href=\"https:\/\/ayaneo.co\/sk\/podmienky-sluzby\/\" target=\"_blank\" rel=\"nofollow noopener\">zmluvn\u00fdch podmienkach<\/a>.\n<\/ul>\n<p>[\/cg_accordion]\n[cg_accordion title=\"Z\u00c1KAZN\u00cdCKA PODPORA\"]<\/p>\n<p>M\u00e1te ot\u00e1zku? Od vyrie\u0161enia v\u00e1\u0161ho probl\u00e9mu n\u00e1s del\u00ed kr\u00e1tka textov\u00e1 spr\u00e1va! [\/cg_accordion]\n[cg_accordion title=\"BALENIE OBSAHUJE\"]\n","protected":false},"featured_media":17067,"template":"","meta":{"_acf_changed":false},"product_brand":[],"product_cat":[1196],"product_tag":[],"class_list":{"0":"post-17066","1":"product","2":"type-product","3":"status-publish","4":"has-post-thumbnail","6":"product_cat-prislusenstvo","7":"product_shipping_class-low-end","8":"pa_brand-ayaneo","9":"pa_compatible-with-ayaneo-3-sk","11":"first","12":"instock","13":"sale","14":"taxable","15":"shipping-taxable","16":"purchasable","17":"product-type-variable","18":"has-default-attributes"},"acf":[],"_links":{"self":[{"href":"https:\/\/ayaneo.co\/sk\/wp-json\/wp\/v2\/product\/17066","targetHints":{"allow":["GET"]}}],"collection":[{"href":"https:\/\/ayaneo.co\/sk\/wp-json\/wp\/v2\/product"}],"about":[{"href":"https:\/\/ayaneo.co\/sk\/wp-json\/wp\/v2\/types\/product"}],"wp:featuredmedia":[{"embeddable":true,"href":"https:\/\/ayaneo.co\/sk\/wp-json\/wp\/v2\/media\/17067"}],"wp:attachment":[{"href":"https:\/\/ayaneo.co\/sk\/wp-json\/wp\/v2\/media?parent=17066"}],"wp:term":[{"taxonomy":"product_brand","embeddable":true,"href":"https:\/\/ayaneo.co\/sk\/wp-json\/wp\/v2\/product_brand?post=17066"},{"taxonomy":"product_cat","embeddable":true,"href":"https:\/\/ayaneo.co\/sk\/wp-json\/wp\/v2\/product_cat?post=17066"},{"taxonomy":"product_tag","embeddable":true,"href":"https:\/\/ayaneo.co\/sk\/wp-json\/wp\/v2\/product_tag?post=17066"}],"curies":[{"name":"wp","href":"https:\/\/api.w.org\/{rel}","templated":true}]}}